{"id":8722,"date":"2024-09-29T14:21:26","date_gmt":"2024-09-29T06:21:26","guid":{"rendered":"https:\/\/demo.dillerbottle.com\/products\/camping-stainless-steel-water-bottle"},"modified":"2025-07-09T16:09:26","modified_gmt":"2025-07-09T08:09:26","slug":"bouteille-deau-de-camping-en-acier-inoxydable","status":"publish","type":"product","link":"https:\/\/www.dillerbottle.com\/fr\/products\/camping-stainless-steel-water-bottle","title":{"rendered":"Bouteille d&#039;eau de camping en acier inoxydable"},"content":{"rendered":"<p>1. La bouteille d&#039;eau de camping en acier inoxydable utilise de l&#039;acier inoxydable 316 de haute qualit\u00e9 comme doublure int\u00e9rieure, permettant aux boissons \u00e0 l&#039;int\u00e9rieur d&#039;\u00eatre conserv\u00e9es au chaud ou au froid jusqu&#039;\u00e0 6 \u00e0 12 heures.<\/p>\n<p>2. La conception de l&#039;apparence de ce produit est simple et \u00e0 la mode, et la large ouverture de la tasse est plus facile \u00e0 nettoyer et \u00e0 ajouter des gla\u00e7ons.<\/p>\n<p>3. Cette bouteille d&#039;eau de camping en acier inoxydable est une tasse isotherme de grande capacit\u00e9, \u00e0 la mode, pratique et pratique, adapt\u00e9e \u00e0 une utilisation en camping ou en voyage en plein air.<\/p>\n<p>4. Le couvercle de la tasse est dot\u00e9 d&#039;un orifice de boisson droit et d&#039;un orifice de paille, ce qui vous permet de choisir votre m\u00e9thode de consommation \u00e0 volont\u00e9. La conception de la poign\u00e9e en acier inoxydable et en silicone le rend facile \u00e0 transporter lors de vos sorties.<\/p>\n<p><iframe title=\"Bouteilles d&#039;eau de camping en acier inoxydable avec paille et poign\u00e9e en gros MLH9111\" width=\"800\" height=\"450\" src=\"https:\/\/www.youtube.com\/embed\/-Ua05TFO9yM?feature=oembed\" frameborder=\"0\" allow=\"accelerometer; autoplay; clipboard-write; encrypted-media; gyroscope; picture-in-picture; web-share\" referrerpolicy=\"strict-origin-when-cross-origin\" allowfullscreen><\/iframe><\/p>","protected":false},"excerpt":{"rendered":"<p>Cette bouteille d&#039;eau de camping en acier inoxydable est fabriqu\u00e9e en acier inoxydable 316 durable et en mat\u00e9riaux de qualit\u00e9 alimentaire.<br \/>\nIsol\u00e9e sous vide, cette bouteille d&#039;eau en m\u00e9tal peut garder le contenu chaud ou froid jusqu&#039;\u00e0 6 \u00e0 12 heures.<br \/>\nLe couvercle de la tasse est dot\u00e9 d&#039;un port de boisson droit et d&#039;un port de paille, vous permettant de choisir votre m\u00e9thode de consommation \u00e0 volont\u00e9.<br \/>\nLa conception de la poign\u00e9e en acier inoxydable et en silicone le rend facile \u00e0 transporter lors de vos sorties.<br \/>\nOEM et ODM acceptables.<br \/>\nNous pouvons personnaliser la bouteille isotherme selon vos besoins.<br \/>\nBienvenue \u00e0 l&#039;achat en gros, envoyez une demande maintenant !<\/p>","protected":false},"featured_media":8723,"comment_status":"open","ping_status":"closed","template":"","meta":{"_acf_changed":false},"product_brand":[],"product_cat":[18],"product_tag":[776,32,36,33,781,31,39,38,566,29,37,34,35,747,28,771,782,706,30],"class_list":{"0":"post-8722","1":"product","2":"type-product","3":"status-publish","4":"has-post-thumbnail","6":"product_cat-insulated-water-bottle","7":"product_tag-700ml-stainless-water-bottle","8":"product_tag-best","9":"product_tag-bulk","10":"product_tag-buy","11":"product_tag-camping-stainless-steel-water-bottle","12":"product_tag-custom","13":"product_tag-for-sale","14":"product_tag-good-quality","15":"product_tag-kawaii-water-bottle","16":"product_tag-manufacturers","17":"product_tag-manufacturing","18":"product_tag-price","19":"product_tag-small","20":"product_tag-steel-water-drinking-bottle-with-handgrip","21":"product_tag-suppliers","22":"product_tag-water-bottle-sublimation","23":"product_tag-water-bottle-with-strap","24":"product_tag-water-bottle-with-time-marker","25":"product_tag-wholesale","27":"first","28":"instock","29":"shipping-taxable","30":"product-type-simple"},"acf":[],"yoast_head":"<!-- This site is optimized with the Yoast SEO Premium plugin v27.5 (Yoast SEO v27.5) - https:\/\/yoast.com\/product\/yoast-seo-premium-wordpress\/ -->\n<title>Camping Stainless Steel Water Bottle - Diller Water Bottle Manufacturer<\/title>\n<meta name=\"description\" content=\"As one of the best camping stainless steel water bottle manufacturers and suppliers, we are engaged in manufacturing good quality water bottles. We warmly welcome you to wholesale or buy custom made camping stainless steel water bottle at competitive price from us. Also, small quantity orders are acceptable.\" \/>\n<meta name=\"robots\" content=\"index, follow, max-snippet:-1, max-image-preview:large, max-video-preview:-1\" \/>\n<link rel=\"canonical\" href=\"https:\/\/www.dillerbottle.com\/fr\/produits\/bouteille-deau-de-camping-en-acier-inoxydable\" \/>\n<meta property=\"og:locale\" content=\"fr_FR\" \/>\n<meta property=\"og:type\" content=\"article\" \/>\n<meta property=\"og:title\" content=\"Camping Stainless Steel Water Bottle\" \/>\n<meta property=\"og:description\" content=\"As one of the best camping stainless steel water bottle manufacturers and suppliers, we are engaged in manufacturing good quality water bottles. We warmly welcome you to wholesale or buy custom made camping stainless steel water bottle at competitive price from us. Also, small quantity orders are acceptable.\" \/>\n<meta property=\"og:url\" content=\"https:\/\/www.dillerbottle.com\/fr\/produits\/bouteille-deau-de-camping-en-acier-inoxydable\" \/>\n<meta property=\"og:site_name\" content=\"Diller Water Bottle Manufacturer\" \/>\n<meta property=\"article:modified_time\" content=\"2025-07-09T08:09:26+00:00\" \/>\n<meta property=\"og:image\" content=\"https:\/\/www.dillerbottle.com\/wp-content\/uploads\/2024\/09\/camping-stainless-steel-water-bottle0dfcf6e1-8a5e-4174-a711-af9f64c14b09.jpg\" \/>\n\t<meta property=\"og:image:width\" content=\"730\" \/>\n\t<meta property=\"og:image:height\" content=\"730\" \/>\n\t<meta property=\"og:image:type\" content=\"image\/jpeg\" \/>\n<meta name=\"twitter:card\" content=\"summary_large_image\" \/>\n<meta name=\"twitter:label1\" content=\"Dur\u00e9e de lecture estim\u00e9e\" \/>\n\t<meta name=\"twitter:data1\" content=\"6 minutes\" \/>\n<script type=\"application\/ld+json\" class=\"yoast-schema-graph\">{\"@context\":\"https:\\\/\\\/schema.org\",\"@graph\":[{\"@type\":\"WebPage\",\"@id\":\"https:\\\/\\\/www.dillerbottle.com\\\/ja\\\/%e8%a3%bd%e5%93%81\\\/%e3%82%ad%e3%83%a3%e3%83%b3%e3%83%97%e7%94%a8%e3%82%b9%e3%83%86%e3%83%b3%e3%83%ac%e3%82%b9%e3%82%b9%e3%83%81%e3%83%bc%e3%83%ab%e3%82%a6%e3%82%a9%e3%83%bc%e3%82%bf%e3%83%bc%e3%83%9c%e3%83%88%e3%83%ab\",\"url\":\"https:\\\/\\\/www.dillerbottle.com\\\/ja\\\/%e8%a3%bd%e5%93%81\\\/%e3%82%ad%e3%83%a3%e3%83%b3%e3%83%97%e7%94%a8%e3%82%b9%e3%83%86%e3%83%b3%e3%83%ac%e3%82%b9%e3%82%b9%e3%83%81%e3%83%bc%e3%83%ab%e3%82%a6%e3%82%a9%e3%83%bc%e3%82%bf%e3%83%bc%e3%83%9c%e3%83%88%e3%83%ab\",\"name\":\"Camping Stainless Steel Water Bottle - Diller Water Bottle Manufacturer\",\"isPartOf\":{\"@id\":\"https:\\\/\\\/www.dillerbottle.com\\\/#website\"},\"primaryImageOfPage\":{\"@id\":\"https:\\\/\\\/www.dillerbottle.com\\\/ja\\\/%e8%a3%bd%e5%93%81\\\/%e3%82%ad%e3%83%a3%e3%83%b3%e3%83%97%e7%94%a8%e3%82%b9%e3%83%86%e3%83%b3%e3%83%ac%e3%82%b9%e3%82%b9%e3%83%81%e3%83%bc%e3%83%ab%e3%82%a6%e3%82%a9%e3%83%bc%e3%82%bf%e3%83%bc%e3%83%9c%e3%83%88%e3%83%ab#primaryimage\"},\"image\":{\"@id\":\"https:\\\/\\\/www.dillerbottle.com\\\/ja\\\/%e8%a3%bd%e5%93%81\\\/%e3%82%ad%e3%83%a3%e3%83%b3%e3%83%97%e7%94%a8%e3%82%b9%e3%83%86%e3%83%b3%e3%83%ac%e3%82%b9%e3%82%b9%e3%83%81%e3%83%bc%e3%83%ab%e3%82%a6%e3%82%a9%e3%83%bc%e3%82%bf%e3%83%bc%e3%83%9c%e3%83%88%e3%83%ab#primaryimage\"},\"thumbnailUrl\":\"https:\\\/\\\/www.dillerbottle.com\\\/wp-content\\\/uploads\\\/2024\\\/09\\\/camping-stainless-steel-water-bottle0dfcf6e1-8a5e-4174-a711-af9f64c14b09.jpg\",\"datePublished\":\"2024-09-29T06:21:26+00:00\",\"dateModified\":\"2025-07-09T08:09:26+00:00\",\"description\":\"As one of the best camping stainless steel water bottle manufacturers and suppliers, we are engaged in manufacturing good quality water bottles. We warmly welcome you to wholesale or buy custom made camping stainless steel water bottle at competitive price from us. Also, small quantity orders are acceptable.\",\"breadcrumb\":{\"@id\":\"https:\\\/\\\/www.dillerbottle.com\\\/ja\\\/%e8%a3%bd%e5%93%81\\\/%e3%82%ad%e3%83%a3%e3%83%b3%e3%83%97%e7%94%a8%e3%82%b9%e3%83%86%e3%83%b3%e3%83%ac%e3%82%b9%e3%82%b9%e3%83%81%e3%83%bc%e3%83%ab%e3%82%a6%e3%82%a9%e3%83%bc%e3%82%bf%e3%83%bc%e3%83%9c%e3%83%88%e3%83%ab#breadcrumb\"},\"inLanguage\":\"fr-FR\",\"potentialAction\":[{\"@type\":\"ReadAction\",\"target\":[\"https:\\\/\\\/www.dillerbottle.com\\\/ja\\\/%e8%a3%bd%e5%93%81\\\/%e3%82%ad%e3%83%a3%e3%83%b3%e3%83%97%e7%94%a8%e3%82%b9%e3%83%86%e3%83%b3%e3%83%ac%e3%82%b9%e3%82%b9%e3%83%81%e3%83%bc%e3%83%ab%e3%82%a6%e3%82%a9%e3%83%bc%e3%82%bf%e3%83%bc%e3%83%9c%e3%83%88%e3%83%ab\"]}]},{\"@type\":\"ImageObject\",\"inLanguage\":\"fr-FR\",\"@id\":\"https:\\\/\\\/www.dillerbottle.com\\\/ja\\\/%e8%a3%bd%e5%93%81\\\/%e3%82%ad%e3%83%a3%e3%83%b3%e3%83%97%e7%94%a8%e3%82%b9%e3%83%86%e3%83%b3%e3%83%ac%e3%82%b9%e3%82%b9%e3%83%81%e3%83%bc%e3%83%ab%e3%82%a6%e3%82%a9%e3%83%bc%e3%82%bf%e3%83%bc%e3%83%9c%e3%83%88%e3%83%ab#primaryimage\",\"url\":\"https:\\\/\\\/www.dillerbottle.com\\\/wp-content\\\/uploads\\\/2024\\\/09\\\/camping-stainless-steel-water-bottle0dfcf6e1-8a5e-4174-a711-af9f64c14b09.jpg\",\"contentUrl\":\"https:\\\/\\\/www.dillerbottle.com\\\/wp-content\\\/uploads\\\/2024\\\/09\\\/camping-stainless-steel-water-bottle0dfcf6e1-8a5e-4174-a711-af9f64c14b09.jpg\",\"width\":730,\"height\":730},{\"@type\":\"BreadcrumbList\",\"@id\":\"https:\\\/\\\/www.dillerbottle.com\\\/ja\\\/%e8%a3%bd%e5%93%81\\\/%e3%82%ad%e3%83%a3%e3%83%b3%e3%83%97%e7%94%a8%e3%82%b9%e3%83%86%e3%83%b3%e3%83%ac%e3%82%b9%e3%82%b9%e3%83%81%e3%83%bc%e3%83%ab%e3%82%a6%e3%82%a9%e3%83%bc%e3%82%bf%e3%83%bc%e3%83%9c%e3%83%88%e3%83%ab#breadcrumb\",\"itemListElement\":[{\"@type\":\"ListItem\",\"position\":1,\"name\":\"Home\",\"item\":\"https:\\\/\\\/www.dillerbottle.com\\\/\"},{\"@type\":\"ListItem\",\"position\":2,\"name\":\"Products\",\"item\":\"https:\\\/\\\/www.dillerbottle.com\\\/shop\"},{\"@type\":\"ListItem\",\"position\":3,\"name\":\"Camping Stainless Steel Water Bottle\"}]},{\"@type\":\"WebSite\",\"@id\":\"https:\\\/\\\/www.dillerbottle.com\\\/#website\",\"url\":\"https:\\\/\\\/www.dillerbottle.com\\\/\",\"name\":\"Diller Water Bottle Manufacturer\",\"description\":\"Water Bottle Manufacturer\",\"publisher\":{\"@id\":\"https:\\\/\\\/www.dillerbottle.com\\\/#organization\"},\"potentialAction\":[{\"@type\":\"SearchAction\",\"target\":{\"@type\":\"EntryPoint\",\"urlTemplate\":\"https:\\\/\\\/www.dillerbottle.com\\\/?s={search_term_string}\"},\"query-input\":{\"@type\":\"PropertyValueSpecification\",\"valueRequired\":true,\"valueName\":\"search_term_string\"}}],\"inLanguage\":\"fr-FR\"},{\"@type\":\"Organization\",\"@id\":\"https:\\\/\\\/www.dillerbottle.com\\\/#organization\",\"name\":\"Diller Water Bottle Manufacturer\",\"url\":\"https:\\\/\\\/www.dillerbottle.com\\\/\",\"logo\":{\"@type\":\"ImageObject\",\"inLanguage\":\"fr-FR\",\"@id\":\"https:\\\/\\\/www.dillerbottle.com\\\/#\\\/schema\\\/logo\\\/image\\\/\",\"url\":\"https:\\\/\\\/www.dillerbottle.com\\\/wp-content\\\/uploads\\\/2024\\\/09\\\/49918bfa848dcc1e9f8b509933603ac.png\",\"contentUrl\":\"https:\\\/\\\/www.dillerbottle.com\\\/wp-content\\\/uploads\\\/2024\\\/09\\\/49918bfa848dcc1e9f8b509933603ac.png\",\"width\":988,\"height\":198,\"caption\":\"Diller Water Bottle Manufacturer\"},\"image\":{\"@id\":\"https:\\\/\\\/www.dillerbottle.com\\\/#\\\/schema\\\/logo\\\/image\\\/\"}}]}<\/script>\n<!-- \/ Yoast SEO Premium plugin. -->","yoast_head_json":{"title":"Bouteille d&#039;eau de camping en acier inoxydable - Fabricant de bouteilles d&#039;eau Diller","description":"En tant que l&#039;un des meilleurs fabricants et fournisseurs de bouteilles d&#039;eau en acier inoxydable pour le camping, nous sommes engag\u00e9s dans la fabrication de bouteilles d&#039;eau de bonne qualit\u00e9. Nous vous invitons chaleureusement \u00e0 vendre en gros ou \u00e0 acheter chez nous des bouteilles d&#039;eau en acier inoxydable pour le camping sur mesure \u00e0 un prix comp\u00e9titif. De plus, les commandes en petites quantit\u00e9s sont acceptables.","robots":{"index":"index","follow":"follow","max-snippet":"max-snippet:-1","max-image-preview":"max-image-preview:large","max-video-preview":"max-video-preview:-1"},"canonical":"https:\/\/www.dillerbottle.com\/fr\/produits\/bouteille-deau-de-camping-en-acier-inoxydable","og_locale":"fr_FR","og_type":"article","og_title":"Camping Stainless Steel Water Bottle","og_description":"As one of the best camping stainless steel water bottle manufacturers and suppliers, we are engaged in manufacturing good quality water bottles. We warmly welcome you to wholesale or buy custom made camping stainless steel water bottle at competitive price from us. Also, small quantity orders are acceptable.","og_url":"https:\/\/www.dillerbottle.com\/fr\/produits\/bouteille-deau-de-camping-en-acier-inoxydable","og_site_name":"Diller Water Bottle Manufacturer","article_modified_time":"2025-07-09T08:09:26+00:00","og_image":[{"width":730,"height":730,"url":"https:\/\/www.dillerbottle.com\/wp-content\/uploads\/2024\/09\/camping-stainless-steel-water-bottle0dfcf6e1-8a5e-4174-a711-af9f64c14b09.jpg","type":"image\/jpeg"}],"twitter_card":"summary_large_image","twitter_misc":{"Dur\u00e9e de lecture estim\u00e9e":"6 minutes"},"schema":{"@context":"https:\/\/schema.org","@graph":[{"@type":"WebPage","@id":"https:\/\/www.dillerbottle.com\/ja\/%e8%a3%bd%e5%93%81\/%e3%82%ad%e3%83%a3%e3%83%b3%e3%83%97%e7%94%a8%e3%82%b9%e3%83%86%e3%83%b3%e3%83%ac%e3%82%b9%e3%82%b9%e3%83%81%e3%83%bc%e3%83%ab%e3%82%a6%e3%82%a9%e3%83%bc%e3%82%bf%e3%83%bc%e3%83%9c%e3%83%88%e3%83%ab","url":"https:\/\/www.dillerbottle.com\/ja\/%e8%a3%bd%e5%93%81\/%e3%82%ad%e3%83%a3%e3%83%b3%e3%83%97%e7%94%a8%e3%82%b9%e3%83%86%e3%83%b3%e3%83%ac%e3%82%b9%e3%82%b9%e3%83%81%e3%83%bc%e3%83%ab%e3%82%a6%e3%82%a9%e3%83%bc%e3%82%bf%e3%83%bc%e3%83%9c%e3%83%88%e3%83%ab","name":"Bouteille d&#039;eau de camping en acier inoxydable - Fabricant de bouteilles d&#039;eau Diller","isPartOf":{"@id":"https:\/\/www.dillerbottle.com\/#website"},"primaryImageOfPage":{"@id":"https:\/\/www.dillerbottle.com\/ja\/%e8%a3%bd%e5%93%81\/%e3%82%ad%e3%83%a3%e3%83%b3%e3%83%97%e7%94%a8%e3%82%b9%e3%83%86%e3%83%b3%e3%83%ac%e3%82%b9%e3%82%b9%e3%83%81%e3%83%bc%e3%83%ab%e3%82%a6%e3%82%a9%e3%83%bc%e3%82%bf%e3%83%bc%e3%83%9c%e3%83%88%e3%83%ab#primaryimage"},"image":{"@id":"https:\/\/www.dillerbottle.com\/ja\/%e8%a3%bd%e5%93%81\/%e3%82%ad%e3%83%a3%e3%83%b3%e3%83%97%e7%94%a8%e3%82%b9%e3%83%86%e3%83%b3%e3%83%ac%e3%82%b9%e3%82%b9%e3%83%81%e3%83%bc%e3%83%ab%e3%82%a6%e3%82%a9%e3%83%bc%e3%82%bf%e3%83%bc%e3%83%9c%e3%83%88%e3%83%ab#primaryimage"},"thumbnailUrl":"https:\/\/www.dillerbottle.com\/wp-content\/uploads\/2024\/09\/camping-stainless-steel-water-bottle0dfcf6e1-8a5e-4174-a711-af9f64c14b09.jpg","datePublished":"2024-09-29T06:21:26+00:00","dateModified":"2025-07-09T08:09:26+00:00","description":"En tant que l&#039;un des meilleurs fabricants et fournisseurs de bouteilles d&#039;eau en acier inoxydable pour le camping, nous sommes engag\u00e9s dans la fabrication de bouteilles d&#039;eau de bonne qualit\u00e9. Nous vous invitons chaleureusement \u00e0 vendre en gros ou \u00e0 acheter chez nous des bouteilles d&#039;eau en acier inoxydable pour le camping sur mesure \u00e0 un prix comp\u00e9titif. De plus, les commandes en petites quantit\u00e9s sont acceptables.","breadcrumb":{"@id":"https:\/\/www.dillerbottle.com\/ja\/%e8%a3%bd%e5%93%81\/%e3%82%ad%e3%83%a3%e3%83%b3%e3%83%97%e7%94%a8%e3%82%b9%e3%83%86%e3%83%b3%e3%83%ac%e3%82%b9%e3%82%b9%e3%83%81%e3%83%bc%e3%83%ab%e3%82%a6%e3%82%a9%e3%83%bc%e3%82%bf%e3%83%bc%e3%83%9c%e3%83%88%e3%83%ab#breadcrumb"},"inLanguage":"fr-FR","potentialAction":[{"@type":"ReadAction","target":["https:\/\/www.dillerbottle.com\/ja\/%e8%a3%bd%e5%93%81\/%e3%82%ad%e3%83%a3%e3%83%b3%e3%83%97%e7%94%a8%e3%82%b9%e3%83%86%e3%83%b3%e3%83%ac%e3%82%b9%e3%82%b9%e3%83%81%e3%83%bc%e3%83%ab%e3%82%a6%e3%82%a9%e3%83%bc%e3%82%bf%e3%83%bc%e3%83%9c%e3%83%88%e3%83%ab"]}]},{"@type":"ImageObject","inLanguage":"fr-FR","@id":"https:\/\/www.dillerbottle.com\/ja\/%e8%a3%bd%e5%93%81\/%e3%82%ad%e3%83%a3%e3%83%b3%e3%83%97%e7%94%a8%e3%82%b9%e3%83%86%e3%83%b3%e3%83%ac%e3%82%b9%e3%82%b9%e3%83%81%e3%83%bc%e3%83%ab%e3%82%a6%e3%82%a9%e3%83%bc%e3%82%bf%e3%83%bc%e3%83%9c%e3%83%88%e3%83%ab#primaryimage","url":"https:\/\/www.dillerbottle.com\/wp-content\/uploads\/2024\/09\/camping-stainless-steel-water-bottle0dfcf6e1-8a5e-4174-a711-af9f64c14b09.jpg","contentUrl":"https:\/\/www.dillerbottle.com\/wp-content\/uploads\/2024\/09\/camping-stainless-steel-water-bottle0dfcf6e1-8a5e-4174-a711-af9f64c14b09.jpg","width":730,"height":730},{"@type":"BreadcrumbList","@id":"https:\/\/www.dillerbottle.com\/ja\/%e8%a3%bd%e5%93%81\/%e3%82%ad%e3%83%a3%e3%83%b3%e3%83%97%e7%94%a8%e3%82%b9%e3%83%86%e3%83%b3%e3%83%ac%e3%82%b9%e3%82%b9%e3%83%81%e3%83%bc%e3%83%ab%e3%82%a6%e3%82%a9%e3%83%bc%e3%82%bf%e3%83%bc%e3%83%9c%e3%83%88%e3%83%ab#breadcrumb","itemListElement":[{"@type":"ListItem","position":1,"name":"Home","item":"https:\/\/www.dillerbottle.com\/"},{"@type":"ListItem","position":2,"name":"Products","item":"https:\/\/www.dillerbottle.com\/shop"},{"@type":"ListItem","position":3,"name":"Camping Stainless Steel Water Bottle"}]},{"@type":"WebSite","@id":"https:\/\/www.dillerbottle.com\/#website","url":"https:\/\/www.dillerbottle.com\/","name":"Fabricant de bouteilles d&#039;eau Diller","description":"Fabricant de bouteilles d&#039;eau","publisher":{"@id":"https:\/\/www.dillerbottle.com\/#organization"},"potentialAction":[{"@type":"SearchAction","target":{"@type":"EntryPoint","urlTemplate":"https:\/\/www.dillerbottle.com\/?s={search_term_string}"},"query-input":{"@type":"PropertyValueSpecification","valueRequired":true,"valueName":"search_term_string"}}],"inLanguage":"fr-FR"},{"@type":"Organization","@id":"https:\/\/www.dillerbottle.com\/#organization","name":"Fabricant de bouteilles d&#039;eau Diller","url":"https:\/\/www.dillerbottle.com\/","logo":{"@type":"ImageObject","inLanguage":"fr-FR","@id":"https:\/\/www.dillerbottle.com\/#\/schema\/logo\/image\/","url":"https:\/\/www.dillerbottle.com\/wp-content\/uploads\/2024\/09\/49918bfa848dcc1e9f8b509933603ac.png","contentUrl":"https:\/\/www.dillerbottle.com\/wp-content\/uploads\/2024\/09\/49918bfa848dcc1e9f8b509933603ac.png","width":988,"height":198,"caption":"Diller Water Bottle Manufacturer"},"image":{"@id":"https:\/\/www.dillerbottle.com\/#\/schema\/logo\/image\/"}}]}},"_links":{"self":[{"href":"https:\/\/www.dillerbottle.com\/fr\/wp-json\/wp\/v2\/product\/8722","targetHints":{"allow":["GET"]}}],"collection":[{"href":"https:\/\/www.dillerbottle.com\/fr\/wp-json\/wp\/v2\/product"}],"about":[{"href":"https:\/\/www.dillerbottle.com\/fr\/wp-json\/wp\/v2\/types\/product"}],"replies":[{"embeddable":true,"href":"https:\/\/www.dillerbottle.com\/fr\/wp-json\/wp\/v2\/comments?post=8722"}],"wp:featuredmedia":[{"embeddable":true,"href":"https:\/\/www.dillerbottle.com\/fr\/wp-json\/wp\/v2\/media\/8723"}],"wp:attachment":[{"href":"https:\/\/www.dillerbottle.com\/fr\/wp-json\/wp\/v2\/media?parent=8722"}],"wp:term":[{"taxonomy":"product_brand","embeddable":true,"href":"https:\/\/www.dillerbottle.com\/fr\/wp-json\/wp\/v2\/product_brand?post=8722"},{"taxonomy":"product_cat","embeddable":true,"href":"https:\/\/www.dillerbottle.com\/fr\/wp-json\/wp\/v2\/product_cat?post=8722"},{"taxonomy":"product_tag","embeddable":true,"href":"https:\/\/www.dillerbottle.com\/fr\/wp-json\/wp\/v2\/product_tag?post=8722"}],"curies":[{"name":"wp","href":"https:\/\/api.w.org\/{rel}","templated":true}]}}