{"id":8752,"date":"2024-09-29T14:21:54","date_gmt":"2024-09-29T06:21:54","guid":{"rendered":"https:\/\/demo.dillerbottle.com\/products\/fun-graffiti-insulated-coffee-mug"},"modified":"2025-07-09T16:09:13","modified_gmt":"2025-07-09T08:09:13","slug":"tasse-a-cafe-isotherme-a-motif-graffiti-amusant","status":"publish","type":"product","link":"https:\/\/www.dillerbottle.com\/fr\/products\/fun-graffiti-insulated-coffee-mug","title":{"rendered":"Tasse \u00e0 caf\u00e9 isotherme \u00e0 motif graffiti amusant"},"content":{"rendered":"<p>1. La tasse \u00e0 caf\u00e9 isotherme Fun Graffiti est fabriqu\u00e9e en acier inoxydable l\u00e9ger de qualit\u00e9 alimentaire 304 (18\/8) de haute qualit\u00e9, qui peut efficacement garder au chaud et au froid.<\/p>\n<p>2. La capacit\u00e9 est de 1200 ml, ce qui peut contenir suffisamment d&#039;eau, de caf\u00e9, de th\u00e9, etc.<\/p>\n<p>3. Le couvercle de la tasse est dot\u00e9 d&#039;un joint d&#039;\u00e9tanch\u00e9it\u00e9 en silicone, donc quelle que soit la fa\u00e7on dont vous le manipulez, vous n&#039;aurez pas peur des fuites d&#039;eau. Paille en acier inoxydable gratuite, peut \u00eatre consomm\u00e9e directement ou avec une paille.<\/p>\n<p>4. Le corps de la tasse est dot\u00e9 d&#039;une large poign\u00e9e, ce qui la rend plus pratique \u00e0 transporter lors des sorties. Le corps de la tasse pr\u00e9sente \u00e9galement un design graffiti original et amusant.<\/p>\n<p>OEM et ODM acceptables.<br \/>\nNous pouvons personnaliser le gobelet selon vos besoins.<br \/>\nBienvenue \u00e0 l&#039;achat en gros, envoyez une demande maintenant !<\/p>\n<p><iframe title=\"Bouteille d&#039;eau en acier inoxydable avec motif graffiti amusant, tasse de voyage portable, gobelet de 40 oz avec poign\u00e9e MLH9127\" width=\"800\" height=\"450\" src=\"https:\/\/www.youtube.com\/embed\/CAm04pIXRGk?feature=oembed\" frameborder=\"0\" allow=\"accelerometer; autoplay; clipboard-write; encrypted-media; gyroscope; picture-in-picture; web-share\" referrerpolicy=\"strict-origin-when-cross-origin\" allowfullscreen><\/iframe><\/p>","protected":false},"excerpt":{"rendered":"<p>Cette amusante tasse \u00e0 caf\u00e9 isotherme \u00e0 motif graffiti est fabriqu\u00e9e en acier inoxydable durable et en mat\u00e9riaux de qualit\u00e9 alimentaire.<br \/>\nIsol\u00e9e sous vide, cette bouteille d&#039;eau en m\u00e9tal peut garder le contenu chaud ou froid jusqu&#039;\u00e0 6 \u00e0 12 heures.<br \/>\nLe corps de la tasse est dot\u00e9 d&#039;une large poign\u00e9e, ce qui la rend plus pratique \u00e0 transporter lors des sorties.<br \/>\nLe corps de la tasse pr\u00e9sente \u00e9galement un design graffiti original et amusant.<br \/>\nOEM et ODM acceptables.<br \/>\nNous pouvons personnaliser la bouteille isotherme selon vos besoins.<br \/>\nBienvenue \u00e0 l&#039;achat en gros, envoyez une demande maintenant !<\/p>","protected":false},"featured_media":8753,"comment_status":"open","ping_status":"closed","template":"","meta":{"_acf_changed":false},"product_brand":[],"product_cat":[46,18],"product_tag":[785,32,36,33,31,524,749,39,783,38,29,37,784,34,35,28,692,537,30],"class_list":{"0":"post-8752","1":"product","2":"type-product","3":"status-publish","4":"has-post-thumbnail","6":"product_cat-cup","7":"product_cat-insulated-water-bottle","8":"product_tag-500ml-stainless-steel-water-bottle","9":"product_tag-best","10":"product_tag-bulk","11":"product_tag-buy","12":"product_tag-custom","13":"product_tag-drinking-water-bottles","14":"product_tag-eco-friendly-water-bottle","15":"product_tag-for-sale","16":"product_tag-fun-graffiti-insulated-coffee-mug","17":"product_tag-good-quality","18":"product_tag-manufacturers","19":"product_tag-manufacturing","20":"product_tag-portable-water-bottle","21":"product_tag-price","22":"product_tag-small","23":"product_tag-suppliers","24":"product_tag-vacuum-sports-stainless-steel-sport-water-bottle","25":"product_tag-water-bottle-sleeve","26":"product_tag-wholesale","28":"first","29":"instock","30":"shipping-taxable","31":"product-type-simple"},"acf":[],"yoast_head":"<!-- This site is optimized with the Yoast SEO Premium plugin v27.5 (Yoast SEO v27.5) - https:\/\/yoast.com\/product\/yoast-seo-premium-wordpress\/ -->\n<title>Fun Graffiti Insulated Coffee Mug - Diller Water Bottle Manufacturer<\/title>\n<meta name=\"description\" content=\"As one of the best fun graffiti insulated coffee mug manufacturers and suppliers, we are engaged in manufacturing good quality water bottles. We warmly welcome you to wholesale or buy custom made fun graffiti insulated coffee mug at competitive price from us. Also, small quantity orders are acceptable.\" \/>\n<meta name=\"robots\" content=\"index, follow, max-snippet:-1, max-image-preview:large, max-video-preview:-1\" \/>\n<link rel=\"canonical\" href=\"https:\/\/www.dillerbottle.com\/fr\/produits\/tasse-a-cafe-isotherme-a-motif-graffiti-amusant\" \/>\n<meta property=\"og:locale\" content=\"fr_FR\" \/>\n<meta property=\"og:type\" content=\"article\" \/>\n<meta property=\"og:title\" content=\"Fun Graffiti Insulated Coffee Mug\" \/>\n<meta property=\"og:description\" content=\"As one of the best fun graffiti insulated coffee mug manufacturers and suppliers, we are engaged in manufacturing good quality water bottles. We warmly welcome you to wholesale or buy custom made fun graffiti insulated coffee mug at competitive price from us. Also, small quantity orders are acceptable.\" \/>\n<meta property=\"og:url\" content=\"https:\/\/www.dillerbottle.com\/fr\/produits\/tasse-a-cafe-isotherme-a-motif-graffiti-amusant\" \/>\n<meta property=\"og:site_name\" content=\"Diller Water Bottle Manufacturer\" \/>\n<meta property=\"article:modified_time\" content=\"2025-07-09T08:09:13+00:00\" \/>\n<meta property=\"og:image\" content=\"https:\/\/www.dillerbottle.com\/wp-content\/uploads\/2024\/09\/fun-graffiti-insulated-coffee-mug8df559d6-a6f9-459e-a7a2-f4cf53e235e1.jpg\" \/>\n\t<meta property=\"og:image:width\" content=\"730\" \/>\n\t<meta property=\"og:image:height\" content=\"730\" \/>\n\t<meta property=\"og:image:type\" content=\"image\/jpeg\" \/>\n<meta name=\"twitter:card\" content=\"summary_large_image\" \/>\n<meta name=\"twitter:label1\" content=\"Dur\u00e9e de lecture estim\u00e9e\" \/>\n\t<meta name=\"twitter:data1\" content=\"6 minutes\" \/>\n<script type=\"application\/ld+json\" class=\"yoast-schema-graph\">{\"@context\":\"https:\\\/\\\/schema.org\",\"@graph\":[{\"@type\":\"WebPage\",\"@id\":\"https:\\\/\\\/www.dillerbottle.com\\\/ja\\\/%e8%a3%bd%e5%93%81\\\/%e6%a5%bd%e3%81%97%e3%81%84%e8%90%bd%e6%9b%b8%e3%81%8d%e6%96%ad%e7%86%b1%e3%82%b3%e3%83%bc%e3%83%92%e3%83%bc%e3%83%9e%e3%82%b0\",\"url\":\"https:\\\/\\\/www.dillerbottle.com\\\/ja\\\/%e8%a3%bd%e5%93%81\\\/%e6%a5%bd%e3%81%97%e3%81%84%e8%90%bd%e6%9b%b8%e3%81%8d%e6%96%ad%e7%86%b1%e3%82%b3%e3%83%bc%e3%83%92%e3%83%bc%e3%83%9e%e3%82%b0\",\"name\":\"Fun Graffiti Insulated Coffee Mug - Diller Water Bottle Manufacturer\",\"isPartOf\":{\"@id\":\"https:\\\/\\\/www.dillerbottle.com\\\/#website\"},\"primaryImageOfPage\":{\"@id\":\"https:\\\/\\\/www.dillerbottle.com\\\/ja\\\/%e8%a3%bd%e5%93%81\\\/%e6%a5%bd%e3%81%97%e3%81%84%e8%90%bd%e6%9b%b8%e3%81%8d%e6%96%ad%e7%86%b1%e3%82%b3%e3%83%bc%e3%83%92%e3%83%bc%e3%83%9e%e3%82%b0#primaryimage\"},\"image\":{\"@id\":\"https:\\\/\\\/www.dillerbottle.com\\\/ja\\\/%e8%a3%bd%e5%93%81\\\/%e6%a5%bd%e3%81%97%e3%81%84%e8%90%bd%e6%9b%b8%e3%81%8d%e6%96%ad%e7%86%b1%e3%82%b3%e3%83%bc%e3%83%92%e3%83%bc%e3%83%9e%e3%82%b0#primaryimage\"},\"thumbnailUrl\":\"https:\\\/\\\/www.dillerbottle.com\\\/wp-content\\\/uploads\\\/2024\\\/09\\\/fun-graffiti-insulated-coffee-mug8df559d6-a6f9-459e-a7a2-f4cf53e235e1.jpg\",\"datePublished\":\"2024-09-29T06:21:54+00:00\",\"dateModified\":\"2025-07-09T08:09:13+00:00\",\"description\":\"As one of the best fun graffiti insulated coffee mug manufacturers and suppliers, we are engaged in manufacturing good quality water bottles. We warmly welcome you to wholesale or buy custom made fun graffiti insulated coffee mug at competitive price from us. Also, small quantity orders are acceptable.\",\"breadcrumb\":{\"@id\":\"https:\\\/\\\/www.dillerbottle.com\\\/ja\\\/%e8%a3%bd%e5%93%81\\\/%e6%a5%bd%e3%81%97%e3%81%84%e8%90%bd%e6%9b%b8%e3%81%8d%e6%96%ad%e7%86%b1%e3%82%b3%e3%83%bc%e3%83%92%e3%83%bc%e3%83%9e%e3%82%b0#breadcrumb\"},\"inLanguage\":\"fr-FR\",\"potentialAction\":[{\"@type\":\"ReadAction\",\"target\":[\"https:\\\/\\\/www.dillerbottle.com\\\/ja\\\/%e8%a3%bd%e5%93%81\\\/%e6%a5%bd%e3%81%97%e3%81%84%e8%90%bd%e6%9b%b8%e3%81%8d%e6%96%ad%e7%86%b1%e3%82%b3%e3%83%bc%e3%83%92%e3%83%bc%e3%83%9e%e3%82%b0\"]}]},{\"@type\":\"ImageObject\",\"inLanguage\":\"fr-FR\",\"@id\":\"https:\\\/\\\/www.dillerbottle.com\\\/ja\\\/%e8%a3%bd%e5%93%81\\\/%e6%a5%bd%e3%81%97%e3%81%84%e8%90%bd%e6%9b%b8%e3%81%8d%e6%96%ad%e7%86%b1%e3%82%b3%e3%83%bc%e3%83%92%e3%83%bc%e3%83%9e%e3%82%b0#primaryimage\",\"url\":\"https:\\\/\\\/www.dillerbottle.com\\\/wp-content\\\/uploads\\\/2024\\\/09\\\/fun-graffiti-insulated-coffee-mug8df559d6-a6f9-459e-a7a2-f4cf53e235e1.jpg\",\"contentUrl\":\"https:\\\/\\\/www.dillerbottle.com\\\/wp-content\\\/uploads\\\/2024\\\/09\\\/fun-graffiti-insulated-coffee-mug8df559d6-a6f9-459e-a7a2-f4cf53e235e1.jpg\",\"width\":730,\"height\":730},{\"@type\":\"BreadcrumbList\",\"@id\":\"https:\\\/\\\/www.dillerbottle.com\\\/ja\\\/%e8%a3%bd%e5%93%81\\\/%e6%a5%bd%e3%81%97%e3%81%84%e8%90%bd%e6%9b%b8%e3%81%8d%e6%96%ad%e7%86%b1%e3%82%b3%e3%83%bc%e3%83%92%e3%83%bc%e3%83%9e%e3%82%b0#breadcrumb\",\"itemListElement\":[{\"@type\":\"ListItem\",\"position\":1,\"name\":\"Home\",\"item\":\"https:\\\/\\\/www.dillerbottle.com\\\/\"},{\"@type\":\"ListItem\",\"position\":2,\"name\":\"Products\",\"item\":\"https:\\\/\\\/www.dillerbottle.com\\\/shop\"},{\"@type\":\"ListItem\",\"position\":3,\"name\":\"Fun Graffiti Insulated Coffee Mug\"}]},{\"@type\":\"WebSite\",\"@id\":\"https:\\\/\\\/www.dillerbottle.com\\\/#website\",\"url\":\"https:\\\/\\\/www.dillerbottle.com\\\/\",\"name\":\"Diller Water Bottle Manufacturer\",\"description\":\"Water Bottle Manufacturer\",\"publisher\":{\"@id\":\"https:\\\/\\\/www.dillerbottle.com\\\/#organization\"},\"potentialAction\":[{\"@type\":\"SearchAction\",\"target\":{\"@type\":\"EntryPoint\",\"urlTemplate\":\"https:\\\/\\\/www.dillerbottle.com\\\/?s={search_term_string}\"},\"query-input\":{\"@type\":\"PropertyValueSpecification\",\"valueRequired\":true,\"valueName\":\"search_term_string\"}}],\"inLanguage\":\"fr-FR\"},{\"@type\":\"Organization\",\"@id\":\"https:\\\/\\\/www.dillerbottle.com\\\/#organization\",\"name\":\"Diller Water Bottle Manufacturer\",\"url\":\"https:\\\/\\\/www.dillerbottle.com\\\/\",\"logo\":{\"@type\":\"ImageObject\",\"inLanguage\":\"fr-FR\",\"@id\":\"https:\\\/\\\/www.dillerbottle.com\\\/#\\\/schema\\\/logo\\\/image\\\/\",\"url\":\"https:\\\/\\\/www.dillerbottle.com\\\/wp-content\\\/uploads\\\/2024\\\/09\\\/49918bfa848dcc1e9f8b509933603ac.png\",\"contentUrl\":\"https:\\\/\\\/www.dillerbottle.com\\\/wp-content\\\/uploads\\\/2024\\\/09\\\/49918bfa848dcc1e9f8b509933603ac.png\",\"width\":988,\"height\":198,\"caption\":\"Diller Water Bottle Manufacturer\"},\"image\":{\"@id\":\"https:\\\/\\\/www.dillerbottle.com\\\/#\\\/schema\\\/logo\\\/image\\\/\"}}]}<\/script>\n<!-- \/ Yoast SEO Premium plugin. -->","yoast_head_json":{"title":"Tasse \u00e0 caf\u00e9 isotherme Fun Graffiti - Fabricant de bouteilles d&#039;eau Diller","description":"En tant que l&#039;un des meilleurs fabricants et fournisseurs de tasses \u00e0 caf\u00e9 isothermes amusantes \u00e0 motif graffiti, nous sommes engag\u00e9s dans la fabrication de bouteilles d&#039;eau de bonne qualit\u00e9. Nous vous invitons chaleureusement \u00e0 vendre en gros ou \u00e0 acheter chez nous une tasse \u00e0 caf\u00e9 isotherme amusante \u00e0 motif graffiti sur mesure \u00e0 un prix comp\u00e9titif. De plus, les commandes en petites quantit\u00e9s sont acceptables.","robots":{"index":"index","follow":"follow","max-snippet":"max-snippet:-1","max-image-preview":"max-image-preview:large","max-video-preview":"max-video-preview:-1"},"canonical":"https:\/\/www.dillerbottle.com\/fr\/produits\/tasse-a-cafe-isotherme-a-motif-graffiti-amusant","og_locale":"fr_FR","og_type":"article","og_title":"Fun Graffiti Insulated Coffee Mug","og_description":"As one of the best fun graffiti insulated coffee mug manufacturers and suppliers, we are engaged in manufacturing good quality water bottles. We warmly welcome you to wholesale or buy custom made fun graffiti insulated coffee mug at competitive price from us. Also, small quantity orders are acceptable.","og_url":"https:\/\/www.dillerbottle.com\/fr\/produits\/tasse-a-cafe-isotherme-a-motif-graffiti-amusant","og_site_name":"Diller Water Bottle Manufacturer","article_modified_time":"2025-07-09T08:09:13+00:00","og_image":[{"width":730,"height":730,"url":"https:\/\/www.dillerbottle.com\/wp-content\/uploads\/2024\/09\/fun-graffiti-insulated-coffee-mug8df559d6-a6f9-459e-a7a2-f4cf53e235e1.jpg","type":"image\/jpeg"}],"twitter_card":"summary_large_image","twitter_misc":{"Dur\u00e9e de lecture estim\u00e9e":"6 minutes"},"schema":{"@context":"https:\/\/schema.org","@graph":[{"@type":"WebPage","@id":"https:\/\/www.dillerbottle.com\/ja\/%e8%a3%bd%e5%93%81\/%e6%a5%bd%e3%81%97%e3%81%84%e8%90%bd%e6%9b%b8%e3%81%8d%e6%96%ad%e7%86%b1%e3%82%b3%e3%83%bc%e3%83%92%e3%83%bc%e3%83%9e%e3%82%b0","url":"https:\/\/www.dillerbottle.com\/ja\/%e8%a3%bd%e5%93%81\/%e6%a5%bd%e3%81%97%e3%81%84%e8%90%bd%e6%9b%b8%e3%81%8d%e6%96%ad%e7%86%b1%e3%82%b3%e3%83%bc%e3%83%92%e3%83%bc%e3%83%9e%e3%82%b0","name":"Tasse \u00e0 caf\u00e9 isotherme Fun Graffiti - Fabricant de bouteilles d&#039;eau Diller","isPartOf":{"@id":"https:\/\/www.dillerbottle.com\/#website"},"primaryImageOfPage":{"@id":"https:\/\/www.dillerbottle.com\/ja\/%e8%a3%bd%e5%93%81\/%e6%a5%bd%e3%81%97%e3%81%84%e8%90%bd%e6%9b%b8%e3%81%8d%e6%96%ad%e7%86%b1%e3%82%b3%e3%83%bc%e3%83%92%e3%83%bc%e3%83%9e%e3%82%b0#primaryimage"},"image":{"@id":"https:\/\/www.dillerbottle.com\/ja\/%e8%a3%bd%e5%93%81\/%e6%a5%bd%e3%81%97%e3%81%84%e8%90%bd%e6%9b%b8%e3%81%8d%e6%96%ad%e7%86%b1%e3%82%b3%e3%83%bc%e3%83%92%e3%83%bc%e3%83%9e%e3%82%b0#primaryimage"},"thumbnailUrl":"https:\/\/www.dillerbottle.com\/wp-content\/uploads\/2024\/09\/fun-graffiti-insulated-coffee-mug8df559d6-a6f9-459e-a7a2-f4cf53e235e1.jpg","datePublished":"2024-09-29T06:21:54+00:00","dateModified":"2025-07-09T08:09:13+00:00","description":"En tant que l&#039;un des meilleurs fabricants et fournisseurs de tasses \u00e0 caf\u00e9 isothermes amusantes \u00e0 motif graffiti, nous sommes engag\u00e9s dans la fabrication de bouteilles d&#039;eau de bonne qualit\u00e9. Nous vous invitons chaleureusement \u00e0 vendre en gros ou \u00e0 acheter chez nous une tasse \u00e0 caf\u00e9 isotherme amusante \u00e0 motif graffiti sur mesure \u00e0 un prix comp\u00e9titif. De plus, les commandes en petites quantit\u00e9s sont acceptables.","breadcrumb":{"@id":"https:\/\/www.dillerbottle.com\/ja\/%e8%a3%bd%e5%93%81\/%e6%a5%bd%e3%81%97%e3%81%84%e8%90%bd%e6%9b%b8%e3%81%8d%e6%96%ad%e7%86%b1%e3%82%b3%e3%83%bc%e3%83%92%e3%83%bc%e3%83%9e%e3%82%b0#breadcrumb"},"inLanguage":"fr-FR","potentialAction":[{"@type":"ReadAction","target":["https:\/\/www.dillerbottle.com\/ja\/%e8%a3%bd%e5%93%81\/%e6%a5%bd%e3%81%97%e3%81%84%e8%90%bd%e6%9b%b8%e3%81%8d%e6%96%ad%e7%86%b1%e3%82%b3%e3%83%bc%e3%83%92%e3%83%bc%e3%83%9e%e3%82%b0"]}]},{"@type":"ImageObject","inLanguage":"fr-FR","@id":"https:\/\/www.dillerbottle.com\/ja\/%e8%a3%bd%e5%93%81\/%e6%a5%bd%e3%81%97%e3%81%84%e8%90%bd%e6%9b%b8%e3%81%8d%e6%96%ad%e7%86%b1%e3%82%b3%e3%83%bc%e3%83%92%e3%83%bc%e3%83%9e%e3%82%b0#primaryimage","url":"https:\/\/www.dillerbottle.com\/wp-content\/uploads\/2024\/09\/fun-graffiti-insulated-coffee-mug8df559d6-a6f9-459e-a7a2-f4cf53e235e1.jpg","contentUrl":"https:\/\/www.dillerbottle.com\/wp-content\/uploads\/2024\/09\/fun-graffiti-insulated-coffee-mug8df559d6-a6f9-459e-a7a2-f4cf53e235e1.jpg","width":730,"height":730},{"@type":"BreadcrumbList","@id":"https:\/\/www.dillerbottle.com\/ja\/%e8%a3%bd%e5%93%81\/%e6%a5%bd%e3%81%97%e3%81%84%e8%90%bd%e6%9b%b8%e3%81%8d%e6%96%ad%e7%86%b1%e3%82%b3%e3%83%bc%e3%83%92%e3%83%bc%e3%83%9e%e3%82%b0#breadcrumb","itemListElement":[{"@type":"ListItem","position":1,"name":"Home","item":"https:\/\/www.dillerbottle.com\/"},{"@type":"ListItem","position":2,"name":"Products","item":"https:\/\/www.dillerbottle.com\/shop"},{"@type":"ListItem","position":3,"name":"Fun Graffiti Insulated Coffee Mug"}]},{"@type":"WebSite","@id":"https:\/\/www.dillerbottle.com\/#website","url":"https:\/\/www.dillerbottle.com\/","name":"Fabricant de bouteilles d&#039;eau Diller","description":"Fabricant de bouteilles d&#039;eau","publisher":{"@id":"https:\/\/www.dillerbottle.com\/#organization"},"potentialAction":[{"@type":"SearchAction","target":{"@type":"EntryPoint","urlTemplate":"https:\/\/www.dillerbottle.com\/?s={search_term_string}"},"query-input":{"@type":"PropertyValueSpecification","valueRequired":true,"valueName":"search_term_string"}}],"inLanguage":"fr-FR"},{"@type":"Organization","@id":"https:\/\/www.dillerbottle.com\/#organization","name":"Fabricant de bouteilles d&#039;eau Diller","url":"https:\/\/www.dillerbottle.com\/","logo":{"@type":"ImageObject","inLanguage":"fr-FR","@id":"https:\/\/www.dillerbottle.com\/#\/schema\/logo\/image\/","url":"https:\/\/www.dillerbottle.com\/wp-content\/uploads\/2024\/09\/49918bfa848dcc1e9f8b509933603ac.png","contentUrl":"https:\/\/www.dillerbottle.com\/wp-content\/uploads\/2024\/09\/49918bfa848dcc1e9f8b509933603ac.png","width":988,"height":198,"caption":"Diller Water Bottle Manufacturer"},"image":{"@id":"https:\/\/www.dillerbottle.com\/#\/schema\/logo\/image\/"}}]}},"_links":{"self":[{"href":"https:\/\/www.dillerbottle.com\/fr\/wp-json\/wp\/v2\/product\/8752","targetHints":{"allow":["GET"]}}],"collection":[{"href":"https:\/\/www.dillerbottle.com\/fr\/wp-json\/wp\/v2\/product"}],"about":[{"href":"https:\/\/www.dillerbottle.com\/fr\/wp-json\/wp\/v2\/types\/product"}],"replies":[{"embeddable":true,"href":"https:\/\/www.dillerbottle.com\/fr\/wp-json\/wp\/v2\/comments?post=8752"}],"wp:featuredmedia":[{"embeddable":true,"href":"https:\/\/www.dillerbottle.com\/fr\/wp-json\/wp\/v2\/media\/8753"}],"wp:attachment":[{"href":"https:\/\/www.dillerbottle.com\/fr\/wp-json\/wp\/v2\/media?parent=8752"}],"wp:term":[{"taxonomy":"product_brand","embeddable":true,"href":"https:\/\/www.dillerbottle.com\/fr\/wp-json\/wp\/v2\/product_brand?post=8752"},{"taxonomy":"product_cat","embeddable":true,"href":"https:\/\/www.dillerbottle.com\/fr\/wp-json\/wp\/v2\/product_cat?post=8752"},{"taxonomy":"product_tag","embeddable":true,"href":"https:\/\/www.dillerbottle.com\/fr\/wp-json\/wp\/v2\/product_tag?post=8752"}],"curies":[{"name":"wp","href":"https:\/\/api.w.org\/{rel}","templated":true}]}}