{"id":9011,"date":"2024-09-29T14:26:02","date_gmt":"2024-09-29T06:26:02","guid":{"rendered":"https:\/\/demo.dillerbottle.com\/products\/tulip-pattern-insulated-coffee-mug"},"modified":"2025-07-09T16:04:09","modified_gmt":"2025-07-09T08:04:09","slug":"tasse-a-cafe-isotherme-a-motif-tulipe","status":"publish","type":"product","link":"https:\/\/www.dillerbottle.com\/fr\/products\/tulip-pattern-insulated-coffee-mug","title":{"rendered":"Tasse \u00e0 caf\u00e9 isotherme \u00e0 motif tulipe"},"content":{"rendered":"<p>Caract\u00e9ristiques:<br \/>\n1. La tasse \u00e0 caf\u00e9 isotherme \u00e0 motif tulipe est fabriqu\u00e9e en acier inoxydable l\u00e9ger de qualit\u00e9 alimentaire 304 (18\/8) de haute qualit\u00e9, qui peut efficacement garder au chaud et au froid.<\/p>\n<p>2. La capacit\u00e9 est de 1200 ml, ce qui peut contenir suffisamment d&#039;eau, de caf\u00e9, de th\u00e9, etc.<\/p>\n<p>3. Le couvercle de la tasse est dot\u00e9 d&#039;un joint d&#039;\u00e9tanch\u00e9it\u00e9 en silicone, donc quelle que soit la fa\u00e7on dont vous le manipulez, vous n&#039;aurez pas peur des fuites d&#039;eau. Peut \u00eatre consomm\u00e9 directement ou avec une paille.<\/p>\n<p>4. Le corps de la tasse est dot\u00e9 d&#039;une large poign\u00e9e, ce qui la rend plus pratique \u00e0 transporter lors des sorties. Le corps de la tasse pr\u00e9sente \u00e9galement un design original d&#039;illustration de tulipe.<\/p>","protected":false},"excerpt":{"rendered":"<p>Cette tasse \u00e0 caf\u00e9 isotherme \u00e0 motif tulipe est fabriqu\u00e9e en acier inoxydable durable et en mat\u00e9riaux de qualit\u00e9 alimentaire.<br \/>\nIsol\u00e9e sous vide, cette bouteille d&#039;eau en m\u00e9tal peut garder le contenu chaud ou froid jusqu&#039;\u00e0 6 \u00e0 12 heures.<br \/>\nLe corps de la tasse est dot\u00e9 d&#039;une large poign\u00e9e, ce qui la rend plus pratique \u00e0 transporter lors des sorties.<br \/>\nLe corps de la tasse pr\u00e9sente \u00e9galement un motif d&#039;illustration de tulipe original.<br \/>\nOEM et ODM acceptables.<br \/>\nNous pouvons personnaliser la bouteille isotherme selon vos besoins.<br \/>\nBienvenue \u00e0 l&#039;achat en gros, envoyez une demande maintenant !<\/p>","protected":false},"featured_media":9012,"comment_status":"open","ping_status":"closed","template":"","meta":{"_acf_changed":false},"product_brand":[],"product_cat":[18],"product_tag":[763,32,36,33,31,524,39,38,29,37,34,35,700,780,28,802,685,691,30],"class_list":{"0":"post-9011","1":"product","2":"type-product","3":"status-publish","4":"has-post-thumbnail","6":"product_cat-insulated-water-bottle","7":"product_tag-bear-water-bottle","8":"product_tag-best","9":"product_tag-bulk","10":"product_tag-buy","11":"product_tag-custom","12":"product_tag-drinking-water-bottles","13":"product_tag-for-sale","14":"product_tag-good-quality","15":"product_tag-manufacturers","16":"product_tag-manufacturing","17":"product_tag-price","18":"product_tag-small","19":"product_tag-soft-water-bottle","20":"product_tag-stainless-water-bottle","21":"product_tag-suppliers","22":"product_tag-tulip-pattern-insulated-coffee-mug","23":"product_tag-water-bottle-custom-logo","24":"product_tag-water-bottles-leak-proof-bpa-free-sports-bottle","25":"product_tag-wholesale","27":"first","28":"instock","29":"shipping-taxable","30":"product-type-simple"},"acf":[],"yoast_head":"<!-- This site is optimized with the Yoast SEO Premium plugin v27.5 (Yoast SEO v27.5) - https:\/\/yoast.com\/product\/yoast-seo-premium-wordpress\/ -->\n<title>Tulip Pattern Insulated Coffee Mug - Diller Water Bottle Manufacturer<\/title>\n<meta name=\"description\" content=\"As one of the best tulip pattern insulated coffee mug manufacturers and suppliers, we are engaged in manufacturing good quality water bottles. We warmly welcome you to wholesale or buy custom made tulip pattern insulated coffee mug at competitive price from us. Also, small quantity orders are acceptable.\" \/>\n<meta name=\"robots\" content=\"index, follow, max-snippet:-1, max-image-preview:large, max-video-preview:-1\" \/>\n<link rel=\"canonical\" href=\"https:\/\/www.dillerbottle.com\/fr\/produits\/tasse-a-cafe-isotherme-a-motif-tulipe\" \/>\n<meta property=\"og:locale\" content=\"fr_FR\" \/>\n<meta property=\"og:type\" content=\"article\" \/>\n<meta property=\"og:title\" content=\"Tulip Pattern Insulated Coffee Mug\" \/>\n<meta property=\"og:description\" content=\"As one of the best tulip pattern insulated coffee mug manufacturers and suppliers, we are engaged in manufacturing good quality water bottles. We warmly welcome you to wholesale or buy custom made tulip pattern insulated coffee mug at competitive price from us. Also, small quantity orders are acceptable.\" \/>\n<meta property=\"og:url\" content=\"https:\/\/www.dillerbottle.com\/fr\/produits\/tasse-a-cafe-isotherme-a-motif-tulipe\" \/>\n<meta property=\"og:site_name\" content=\"Diller Water Bottle Manufacturer\" \/>\n<meta property=\"article:modified_time\" content=\"2025-07-09T08:04:09+00:00\" \/>\n<meta property=\"og:image\" content=\"https:\/\/www.dillerbottle.com\/wp-content\/uploads\/2024\/09\/tulip-pattern-insulated-coffee-mug696509b5-d9f9-40d7-94f3-214f5ef86727.jpg\" \/>\n\t<meta property=\"og:image:width\" content=\"730\" \/>\n\t<meta property=\"og:image:height\" content=\"730\" \/>\n\t<meta property=\"og:image:type\" content=\"image\/jpeg\" \/>\n<meta name=\"twitter:card\" content=\"summary_large_image\" \/>\n<meta name=\"twitter:label1\" content=\"Dur\u00e9e de lecture estim\u00e9e\" \/>\n\t<meta name=\"twitter:data1\" content=\"6 minutes\" \/>\n<script type=\"application\/ld+json\" class=\"yoast-schema-graph\">{\"@context\":\"https:\\\/\\\/schema.org\",\"@graph\":[{\"@type\":\"WebPage\",\"@id\":\"https:\\\/\\\/www.dillerbottle.com\\\/th\\\/%e0%b8%aa%e0%b8%b4%e0%b8%99%e0%b8%84%e0%b9%89%e0%b8%b2\\\/%e0%b9%81%e0%b8%81%e0%b9%89%e0%b8%a7%e0%b8%81%e0%b8%b2%e0%b9%81%e0%b8%9f%e0%b9%80%e0%b8%81%e0%b9%87%e0%b8%9a%e0%b8%84%e0%b8%a7%e0%b8%b2%e0%b8%a1%e0%b8%a3%e0%b9%89%e0%b8%ad%e0%b8%99%e0%b8%a5%e0%b8%b2\",\"url\":\"https:\\\/\\\/www.dillerbottle.com\\\/th\\\/%e0%b8%aa%e0%b8%b4%e0%b8%99%e0%b8%84%e0%b9%89%e0%b8%b2\\\/%e0%b9%81%e0%b8%81%e0%b9%89%e0%b8%a7%e0%b8%81%e0%b8%b2%e0%b9%81%e0%b8%9f%e0%b9%80%e0%b8%81%e0%b9%87%e0%b8%9a%e0%b8%84%e0%b8%a7%e0%b8%b2%e0%b8%a1%e0%b8%a3%e0%b9%89%e0%b8%ad%e0%b8%99%e0%b8%a5%e0%b8%b2\",\"name\":\"Tulip Pattern Insulated Coffee Mug - Diller Water Bottle Manufacturer\",\"isPartOf\":{\"@id\":\"https:\\\/\\\/www.dillerbottle.com\\\/#website\"},\"primaryImageOfPage\":{\"@id\":\"https:\\\/\\\/www.dillerbottle.com\\\/th\\\/%e0%b8%aa%e0%b8%b4%e0%b8%99%e0%b8%84%e0%b9%89%e0%b8%b2\\\/%e0%b9%81%e0%b8%81%e0%b9%89%e0%b8%a7%e0%b8%81%e0%b8%b2%e0%b9%81%e0%b8%9f%e0%b9%80%e0%b8%81%e0%b9%87%e0%b8%9a%e0%b8%84%e0%b8%a7%e0%b8%b2%e0%b8%a1%e0%b8%a3%e0%b9%89%e0%b8%ad%e0%b8%99%e0%b8%a5%e0%b8%b2#primaryimage\"},\"image\":{\"@id\":\"https:\\\/\\\/www.dillerbottle.com\\\/th\\\/%e0%b8%aa%e0%b8%b4%e0%b8%99%e0%b8%84%e0%b9%89%e0%b8%b2\\\/%e0%b9%81%e0%b8%81%e0%b9%89%e0%b8%a7%e0%b8%81%e0%b8%b2%e0%b9%81%e0%b8%9f%e0%b9%80%e0%b8%81%e0%b9%87%e0%b8%9a%e0%b8%84%e0%b8%a7%e0%b8%b2%e0%b8%a1%e0%b8%a3%e0%b9%89%e0%b8%ad%e0%b8%99%e0%b8%a5%e0%b8%b2#primaryimage\"},\"thumbnailUrl\":\"https:\\\/\\\/www.dillerbottle.com\\\/wp-content\\\/uploads\\\/2024\\\/09\\\/tulip-pattern-insulated-coffee-mug696509b5-d9f9-40d7-94f3-214f5ef86727.jpg\",\"datePublished\":\"2024-09-29T06:26:02+00:00\",\"dateModified\":\"2025-07-09T08:04:09+00:00\",\"description\":\"As one of the best tulip pattern insulated coffee mug manufacturers and suppliers, we are engaged in manufacturing good quality water bottles. We warmly welcome you to wholesale or buy custom made tulip pattern insulated coffee mug at competitive price from us. Also, small quantity orders are acceptable.\",\"breadcrumb\":{\"@id\":\"https:\\\/\\\/www.dillerbottle.com\\\/th\\\/%e0%b8%aa%e0%b8%b4%e0%b8%99%e0%b8%84%e0%b9%89%e0%b8%b2\\\/%e0%b9%81%e0%b8%81%e0%b9%89%e0%b8%a7%e0%b8%81%e0%b8%b2%e0%b9%81%e0%b8%9f%e0%b9%80%e0%b8%81%e0%b9%87%e0%b8%9a%e0%b8%84%e0%b8%a7%e0%b8%b2%e0%b8%a1%e0%b8%a3%e0%b9%89%e0%b8%ad%e0%b8%99%e0%b8%a5%e0%b8%b2#breadcrumb\"},\"inLanguage\":\"fr-FR\",\"potentialAction\":[{\"@type\":\"ReadAction\",\"target\":[\"https:\\\/\\\/www.dillerbottle.com\\\/th\\\/%e0%b8%aa%e0%b8%b4%e0%b8%99%e0%b8%84%e0%b9%89%e0%b8%b2\\\/%e0%b9%81%e0%b8%81%e0%b9%89%e0%b8%a7%e0%b8%81%e0%b8%b2%e0%b9%81%e0%b8%9f%e0%b9%80%e0%b8%81%e0%b9%87%e0%b8%9a%e0%b8%84%e0%b8%a7%e0%b8%b2%e0%b8%a1%e0%b8%a3%e0%b9%89%e0%b8%ad%e0%b8%99%e0%b8%a5%e0%b8%b2\"]}]},{\"@type\":\"ImageObject\",\"inLanguage\":\"fr-FR\",\"@id\":\"https:\\\/\\\/www.dillerbottle.com\\\/th\\\/%e0%b8%aa%e0%b8%b4%e0%b8%99%e0%b8%84%e0%b9%89%e0%b8%b2\\\/%e0%b9%81%e0%b8%81%e0%b9%89%e0%b8%a7%e0%b8%81%e0%b8%b2%e0%b9%81%e0%b8%9f%e0%b9%80%e0%b8%81%e0%b9%87%e0%b8%9a%e0%b8%84%e0%b8%a7%e0%b8%b2%e0%b8%a1%e0%b8%a3%e0%b9%89%e0%b8%ad%e0%b8%99%e0%b8%a5%e0%b8%b2#primaryimage\",\"url\":\"https:\\\/\\\/www.dillerbottle.com\\\/wp-content\\\/uploads\\\/2024\\\/09\\\/tulip-pattern-insulated-coffee-mug696509b5-d9f9-40d7-94f3-214f5ef86727.jpg\",\"contentUrl\":\"https:\\\/\\\/www.dillerbottle.com\\\/wp-content\\\/uploads\\\/2024\\\/09\\\/tulip-pattern-insulated-coffee-mug696509b5-d9f9-40d7-94f3-214f5ef86727.jpg\",\"width\":730,\"height\":730},{\"@type\":\"BreadcrumbList\",\"@id\":\"https:\\\/\\\/www.dillerbottle.com\\\/th\\\/%e0%b8%aa%e0%b8%b4%e0%b8%99%e0%b8%84%e0%b9%89%e0%b8%b2\\\/%e0%b9%81%e0%b8%81%e0%b9%89%e0%b8%a7%e0%b8%81%e0%b8%b2%e0%b9%81%e0%b8%9f%e0%b9%80%e0%b8%81%e0%b9%87%e0%b8%9a%e0%b8%84%e0%b8%a7%e0%b8%b2%e0%b8%a1%e0%b8%a3%e0%b9%89%e0%b8%ad%e0%b8%99%e0%b8%a5%e0%b8%b2#breadcrumb\",\"itemListElement\":[{\"@type\":\"ListItem\",\"position\":1,\"name\":\"Home\",\"item\":\"https:\\\/\\\/www.dillerbottle.com\\\/\"},{\"@type\":\"ListItem\",\"position\":2,\"name\":\"Products\",\"item\":\"https:\\\/\\\/www.dillerbottle.com\\\/shop\"},{\"@type\":\"ListItem\",\"position\":3,\"name\":\"Tulip Pattern Insulated Coffee Mug\"}]},{\"@type\":\"WebSite\",\"@id\":\"https:\\\/\\\/www.dillerbottle.com\\\/#website\",\"url\":\"https:\\\/\\\/www.dillerbottle.com\\\/\",\"name\":\"Diller Water Bottle Manufacturer\",\"description\":\"Water Bottle Manufacturer\",\"publisher\":{\"@id\":\"https:\\\/\\\/www.dillerbottle.com\\\/#organization\"},\"potentialAction\":[{\"@type\":\"SearchAction\",\"target\":{\"@type\":\"EntryPoint\",\"urlTemplate\":\"https:\\\/\\\/www.dillerbottle.com\\\/?s={search_term_string}\"},\"query-input\":{\"@type\":\"PropertyValueSpecification\",\"valueRequired\":true,\"valueName\":\"search_term_string\"}}],\"inLanguage\":\"fr-FR\"},{\"@type\":\"Organization\",\"@id\":\"https:\\\/\\\/www.dillerbottle.com\\\/#organization\",\"name\":\"Diller Water Bottle Manufacturer\",\"url\":\"https:\\\/\\\/www.dillerbottle.com\\\/\",\"logo\":{\"@type\":\"ImageObject\",\"inLanguage\":\"fr-FR\",\"@id\":\"https:\\\/\\\/www.dillerbottle.com\\\/#\\\/schema\\\/logo\\\/image\\\/\",\"url\":\"https:\\\/\\\/www.dillerbottle.com\\\/wp-content\\\/uploads\\\/2024\\\/09\\\/49918bfa848dcc1e9f8b509933603ac.png\",\"contentUrl\":\"https:\\\/\\\/www.dillerbottle.com\\\/wp-content\\\/uploads\\\/2024\\\/09\\\/49918bfa848dcc1e9f8b509933603ac.png\",\"width\":988,\"height\":198,\"caption\":\"Diller Water Bottle Manufacturer\"},\"image\":{\"@id\":\"https:\\\/\\\/www.dillerbottle.com\\\/#\\\/schema\\\/logo\\\/image\\\/\"}}]}<\/script>\n<!-- \/ Yoast SEO Premium plugin. -->","yoast_head_json":{"title":"Tasse \u00e0 caf\u00e9 isotherme \u00e0 motif tulipe - Fabricant de bouteilles d&#039;eau Diller","description":"En tant que l&#039;un des meilleurs fabricants et fournisseurs de tasses \u00e0 caf\u00e9 isothermes \u00e0 motif tulipe, nous sommes engag\u00e9s dans la fabrication de bouteilles d&#039;eau de bonne qualit\u00e9. Nous vous invitons chaleureusement \u00e0 vendre en gros ou \u00e0 acheter chez nous une tasse \u00e0 caf\u00e9 isotherme \u00e0 motif tulipe sur mesure \u00e0 un prix comp\u00e9titif. De plus, les commandes en petites quantit\u00e9s sont acceptables.","robots":{"index":"index","follow":"follow","max-snippet":"max-snippet:-1","max-image-preview":"max-image-preview:large","max-video-preview":"max-video-preview:-1"},"canonical":"https:\/\/www.dillerbottle.com\/fr\/produits\/tasse-a-cafe-isotherme-a-motif-tulipe","og_locale":"fr_FR","og_type":"article","og_title":"Tulip Pattern Insulated Coffee Mug","og_description":"As one of the best tulip pattern insulated coffee mug manufacturers and suppliers, we are engaged in manufacturing good quality water bottles. We warmly welcome you to wholesale or buy custom made tulip pattern insulated coffee mug at competitive price from us. Also, small quantity orders are acceptable.","og_url":"https:\/\/www.dillerbottle.com\/fr\/produits\/tasse-a-cafe-isotherme-a-motif-tulipe","og_site_name":"Diller Water Bottle Manufacturer","article_modified_time":"2025-07-09T08:04:09+00:00","og_image":[{"width":730,"height":730,"url":"https:\/\/www.dillerbottle.com\/wp-content\/uploads\/2024\/09\/tulip-pattern-insulated-coffee-mug696509b5-d9f9-40d7-94f3-214f5ef86727.jpg","type":"image\/jpeg"}],"twitter_card":"summary_large_image","twitter_misc":{"Dur\u00e9e de lecture estim\u00e9e":"6 minutes"},"schema":{"@context":"https:\/\/schema.org","@graph":[{"@type":"WebPage","@id":"https:\/\/www.dillerbottle.com\/th\/%e0%b8%aa%e0%b8%b4%e0%b8%99%e0%b8%84%e0%b9%89%e0%b8%b2\/%e0%b9%81%e0%b8%81%e0%b9%89%e0%b8%a7%e0%b8%81%e0%b8%b2%e0%b9%81%e0%b8%9f%e0%b9%80%e0%b8%81%e0%b9%87%e0%b8%9a%e0%b8%84%e0%b8%a7%e0%b8%b2%e0%b8%a1%e0%b8%a3%e0%b9%89%e0%b8%ad%e0%b8%99%e0%b8%a5%e0%b8%b2","url":"https:\/\/www.dillerbottle.com\/th\/%e0%b8%aa%e0%b8%b4%e0%b8%99%e0%b8%84%e0%b9%89%e0%b8%b2\/%e0%b9%81%e0%b8%81%e0%b9%89%e0%b8%a7%e0%b8%81%e0%b8%b2%e0%b9%81%e0%b8%9f%e0%b9%80%e0%b8%81%e0%b9%87%e0%b8%9a%e0%b8%84%e0%b8%a7%e0%b8%b2%e0%b8%a1%e0%b8%a3%e0%b9%89%e0%b8%ad%e0%b8%99%e0%b8%a5%e0%b8%b2","name":"Tasse \u00e0 caf\u00e9 isotherme \u00e0 motif tulipe - Fabricant de bouteilles d&#039;eau Diller","isPartOf":{"@id":"https:\/\/www.dillerbottle.com\/#website"},"primaryImageOfPage":{"@id":"https:\/\/www.dillerbottle.com\/th\/%e0%b8%aa%e0%b8%b4%e0%b8%99%e0%b8%84%e0%b9%89%e0%b8%b2\/%e0%b9%81%e0%b8%81%e0%b9%89%e0%b8%a7%e0%b8%81%e0%b8%b2%e0%b9%81%e0%b8%9f%e0%b9%80%e0%b8%81%e0%b9%87%e0%b8%9a%e0%b8%84%e0%b8%a7%e0%b8%b2%e0%b8%a1%e0%b8%a3%e0%b9%89%e0%b8%ad%e0%b8%99%e0%b8%a5%e0%b8%b2#primaryimage"},"image":{"@id":"https:\/\/www.dillerbottle.com\/th\/%e0%b8%aa%e0%b8%b4%e0%b8%99%e0%b8%84%e0%b9%89%e0%b8%b2\/%e0%b9%81%e0%b8%81%e0%b9%89%e0%b8%a7%e0%b8%81%e0%b8%b2%e0%b9%81%e0%b8%9f%e0%b9%80%e0%b8%81%e0%b9%87%e0%b8%9a%e0%b8%84%e0%b8%a7%e0%b8%b2%e0%b8%a1%e0%b8%a3%e0%b9%89%e0%b8%ad%e0%b8%99%e0%b8%a5%e0%b8%b2#primaryimage"},"thumbnailUrl":"https:\/\/www.dillerbottle.com\/wp-content\/uploads\/2024\/09\/tulip-pattern-insulated-coffee-mug696509b5-d9f9-40d7-94f3-214f5ef86727.jpg","datePublished":"2024-09-29T06:26:02+00:00","dateModified":"2025-07-09T08:04:09+00:00","description":"En tant que l&#039;un des meilleurs fabricants et fournisseurs de tasses \u00e0 caf\u00e9 isothermes \u00e0 motif tulipe, nous sommes engag\u00e9s dans la fabrication de bouteilles d&#039;eau de bonne qualit\u00e9. Nous vous invitons chaleureusement \u00e0 vendre en gros ou \u00e0 acheter chez nous une tasse \u00e0 caf\u00e9 isotherme \u00e0 motif tulipe sur mesure \u00e0 un prix comp\u00e9titif. De plus, les commandes en petites quantit\u00e9s sont acceptables.","breadcrumb":{"@id":"https:\/\/www.dillerbottle.com\/th\/%e0%b8%aa%e0%b8%b4%e0%b8%99%e0%b8%84%e0%b9%89%e0%b8%b2\/%e0%b9%81%e0%b8%81%e0%b9%89%e0%b8%a7%e0%b8%81%e0%b8%b2%e0%b9%81%e0%b8%9f%e0%b9%80%e0%b8%81%e0%b9%87%e0%b8%9a%e0%b8%84%e0%b8%a7%e0%b8%b2%e0%b8%a1%e0%b8%a3%e0%b9%89%e0%b8%ad%e0%b8%99%e0%b8%a5%e0%b8%b2#breadcrumb"},"inLanguage":"fr-FR","potentialAction":[{"@type":"ReadAction","target":["https:\/\/www.dillerbottle.com\/th\/%e0%b8%aa%e0%b8%b4%e0%b8%99%e0%b8%84%e0%b9%89%e0%b8%b2\/%e0%b9%81%e0%b8%81%e0%b9%89%e0%b8%a7%e0%b8%81%e0%b8%b2%e0%b9%81%e0%b8%9f%e0%b9%80%e0%b8%81%e0%b9%87%e0%b8%9a%e0%b8%84%e0%b8%a7%e0%b8%b2%e0%b8%a1%e0%b8%a3%e0%b9%89%e0%b8%ad%e0%b8%99%e0%b8%a5%e0%b8%b2"]}]},{"@type":"ImageObject","inLanguage":"fr-FR","@id":"https:\/\/www.dillerbottle.com\/th\/%e0%b8%aa%e0%b8%b4%e0%b8%99%e0%b8%84%e0%b9%89%e0%b8%b2\/%e0%b9%81%e0%b8%81%e0%b9%89%e0%b8%a7%e0%b8%81%e0%b8%b2%e0%b9%81%e0%b8%9f%e0%b9%80%e0%b8%81%e0%b9%87%e0%b8%9a%e0%b8%84%e0%b8%a7%e0%b8%b2%e0%b8%a1%e0%b8%a3%e0%b9%89%e0%b8%ad%e0%b8%99%e0%b8%a5%e0%b8%b2#primaryimage","url":"https:\/\/www.dillerbottle.com\/wp-content\/uploads\/2024\/09\/tulip-pattern-insulated-coffee-mug696509b5-d9f9-40d7-94f3-214f5ef86727.jpg","contentUrl":"https:\/\/www.dillerbottle.com\/wp-content\/uploads\/2024\/09\/tulip-pattern-insulated-coffee-mug696509b5-d9f9-40d7-94f3-214f5ef86727.jpg","width":730,"height":730},{"@type":"BreadcrumbList","@id":"https:\/\/www.dillerbottle.com\/th\/%e0%b8%aa%e0%b8%b4%e0%b8%99%e0%b8%84%e0%b9%89%e0%b8%b2\/%e0%b9%81%e0%b8%81%e0%b9%89%e0%b8%a7%e0%b8%81%e0%b8%b2%e0%b9%81%e0%b8%9f%e0%b9%80%e0%b8%81%e0%b9%87%e0%b8%9a%e0%b8%84%e0%b8%a7%e0%b8%b2%e0%b8%a1%e0%b8%a3%e0%b9%89%e0%b8%ad%e0%b8%99%e0%b8%a5%e0%b8%b2#breadcrumb","itemListElement":[{"@type":"ListItem","position":1,"name":"Home","item":"https:\/\/www.dillerbottle.com\/"},{"@type":"ListItem","position":2,"name":"Products","item":"https:\/\/www.dillerbottle.com\/shop"},{"@type":"ListItem","position":3,"name":"Tulip Pattern Insulated Coffee Mug"}]},{"@type":"WebSite","@id":"https:\/\/www.dillerbottle.com\/#website","url":"https:\/\/www.dillerbottle.com\/","name":"Fabricant de bouteilles d&#039;eau Diller","description":"Fabricant de bouteilles d&#039;eau","publisher":{"@id":"https:\/\/www.dillerbottle.com\/#organization"},"potentialAction":[{"@type":"SearchAction","target":{"@type":"EntryPoint","urlTemplate":"https:\/\/www.dillerbottle.com\/?s={search_term_string}"},"query-input":{"@type":"PropertyValueSpecification","valueRequired":true,"valueName":"search_term_string"}}],"inLanguage":"fr-FR"},{"@type":"Organization","@id":"https:\/\/www.dillerbottle.com\/#organization","name":"Fabricant de bouteilles d&#039;eau Diller","url":"https:\/\/www.dillerbottle.com\/","logo":{"@type":"ImageObject","inLanguage":"fr-FR","@id":"https:\/\/www.dillerbottle.com\/#\/schema\/logo\/image\/","url":"https:\/\/www.dillerbottle.com\/wp-content\/uploads\/2024\/09\/49918bfa848dcc1e9f8b509933603ac.png","contentUrl":"https:\/\/www.dillerbottle.com\/wp-content\/uploads\/2024\/09\/49918bfa848dcc1e9f8b509933603ac.png","width":988,"height":198,"caption":"Diller Water Bottle Manufacturer"},"image":{"@id":"https:\/\/www.dillerbottle.com\/#\/schema\/logo\/image\/"}}]}},"_links":{"self":[{"href":"https:\/\/www.dillerbottle.com\/fr\/wp-json\/wp\/v2\/product\/9011","targetHints":{"allow":["GET"]}}],"collection":[{"href":"https:\/\/www.dillerbottle.com\/fr\/wp-json\/wp\/v2\/product"}],"about":[{"href":"https:\/\/www.dillerbottle.com\/fr\/wp-json\/wp\/v2\/types\/product"}],"replies":[{"embeddable":true,"href":"https:\/\/www.dillerbottle.com\/fr\/wp-json\/wp\/v2\/comments?post=9011"}],"wp:featuredmedia":[{"embeddable":true,"href":"https:\/\/www.dillerbottle.com\/fr\/wp-json\/wp\/v2\/media\/9012"}],"wp:attachment":[{"href":"https:\/\/www.dillerbottle.com\/fr\/wp-json\/wp\/v2\/media?parent=9011"}],"wp:term":[{"taxonomy":"product_brand","embeddable":true,"href":"https:\/\/www.dillerbottle.com\/fr\/wp-json\/wp\/v2\/product_brand?post=9011"},{"taxonomy":"product_cat","embeddable":true,"href":"https:\/\/www.dillerbottle.com\/fr\/wp-json\/wp\/v2\/product_cat?post=9011"},{"taxonomy":"product_tag","embeddable":true,"href":"https:\/\/www.dillerbottle.com\/fr\/wp-json\/wp\/v2\/product_tag?post=9011"}],"curies":[{"name":"wp","href":"https:\/\/api.w.org\/{rel}","templated":true}]}}