{"id":9052,"date":"2024-09-29T14:26:34","date_gmt":"2024-09-29T06:26:34","guid":{"rendered":"https:\/\/demo.dillerbottle.com\/products\/insulated-coffee-cup-with-lid"},"modified":"2025-07-09T16:03:52","modified_gmt":"2025-07-09T08:03:52","slug":"tasse-a-cafe-isotherme-avec-couvercle","status":"publish","type":"product","link":"https:\/\/www.dillerbottle.com\/fr\/products\/insulated-coffee-cup-with-lid","title":{"rendered":"Tasse \u00e0 caf\u00e9 isotherme avec couvercle"},"content":{"rendered":"<p>1. La tasse \u00e0 caf\u00e9 isotherme avec couvercle peut contenir de l&#039;eau, du caf\u00e9, du th\u00e9 et d&#039;autres boissons, et peut rester froide ou chaude jusqu&#039;\u00e0 6 heures.<\/p>\n<p>2. La tasse \u00e0 caf\u00e9 isotherme avec couvercle est fabriqu\u00e9e en acier inoxydable 304 (18\/8) de qualit\u00e9 alimentaire. Cette tasse \u00e0 caf\u00e9 ne transpire jamais gr\u00e2ce \u00e0 sa conception isol\u00e9e sous vide. La tasse a une poign\u00e9e sur le corps, ce qui la rend facile \u00e0 saisir et \u00e9vite les br\u00fblures.<\/p>\n<p>3. La tasse \u00e0 caf\u00e9 isotherme est livr\u00e9e avec un couvercle transparent et une paille en acier inoxydable.<\/p>\n<p>OEM et ODM acceptables.<br \/>\nNous pouvons personnaliser le gobelet selon vos besoins.<br \/>\nBienvenue \u00e0 l&#039;achat en gros, envoyez une demande maintenant !<\/p>\n<p><iframe title=\"Bouteille d&#039;eau en acier inoxydable en gros tasse \u00e0 caf\u00e9 isol\u00e9e tasse de voyage avec paille et couvercle #diller\" width=\"800\" height=\"450\" src=\"https:\/\/www.youtube.com\/embed\/Hgq7zMSyJZE?feature=oembed\" frameborder=\"0\" allow=\"accelerometer; autoplay; clipboard-write; encrypted-media; gyroscope; picture-in-picture; web-share\" referrerpolicy=\"strict-origin-when-cross-origin\" allowfullscreen><\/iframe><\/p>","protected":false},"excerpt":{"rendered":"<p>Cette tasse \u00e0 caf\u00e9 isotherme avec couvercle est fabriqu\u00e9e en acier inoxydable durable et en mat\u00e9riaux de qualit\u00e9 alimentaire.<br \/>\nIsol\u00e9e sous vide, cette bouteille d&#039;eau en m\u00e9tal peut garder le contenu chaud ou froid jusqu&#039;\u00e0 6 \u00e0 12 heures.<br \/>\nLa tasse est dot\u00e9e d&#039;une poign\u00e9e sur le corps, ce qui la rend facile \u00e0 saisir et \u00e9vite les br\u00fblures.<br \/>\nLa tasse \u00e0 caf\u00e9 isotherme est livr\u00e9e avec un couvercle transparent et une paille en acier inoxydable.<br \/>\nOEM et ODM acceptables.<br \/>\nNous pouvons personnaliser la bouteille isotherme selon vos besoins.<br \/>\nBienvenue \u00e0 l&#039;achat en gros, envoyez une demande maintenant !<\/p>","protected":false},"featured_media":9053,"comment_status":"open","ping_status":"closed","template":"","meta":{"_acf_changed":false},"product_brand":[],"product_cat":[46,18],"product_tag":[730,721,32,807,36,33,31,39,38,679,806,728,29,37,523,34,35,28,30],"class_list":{"0":"post-9052","1":"product","2":"type-product","3":"status-publish","4":"has-post-thumbnail","6":"product_cat-cup","7":"product_cat-insulated-water-bottle","8":"product_tag-500ml-water-bottle","9":"product_tag-500ml-water-bottle-with-straw","10":"product_tag-best","11":"product_tag-bottle-of-water","12":"product_tag-bulk","13":"product_tag-buy","14":"product_tag-custom","15":"product_tag-for-sale","16":"product_tag-good-quality","17":"product_tag-gym-oem-double-wall-stainless-steel-water-bottles","18":"product_tag-insulated-coffee-cup-with-lid","19":"product_tag-insulated-sport-water-bottles","20":"product_tag-manufacturers","21":"product_tag-manufacturing","22":"product_tag-outdoor-water-bottle","23":"product_tag-price","24":"product_tag-small","25":"product_tag-suppliers","26":"product_tag-wholesale","28":"first","29":"instock","30":"shipping-taxable","31":"product-type-simple"},"acf":[],"yoast_head":"<!-- This site is optimized with the Yoast SEO Premium plugin v27.5 (Yoast SEO v27.5) - https:\/\/yoast.com\/product\/yoast-seo-premium-wordpress\/ -->\n<title>Insulated Coffee Cup With Lid - Diller Water Bottle Manufacturer<\/title>\n<meta name=\"description\" content=\"As one of the best insulated coffee cup with lid manufacturers and suppliers, we are engaged in manufacturing good quality water bottles. We warmly welcome you to wholesale or buy custom made insulated coffee cup with lid at competitive price from us. Also, small quantity orders are acceptable.\" \/>\n<meta name=\"robots\" content=\"index, follow, max-snippet:-1, max-image-preview:large, max-video-preview:-1\" \/>\n<link rel=\"canonical\" href=\"https:\/\/www.dillerbottle.com\/fr\/produits\/tasse-a-cafe-isotherme-avec-couvercle\" \/>\n<meta property=\"og:locale\" content=\"fr_FR\" \/>\n<meta property=\"og:type\" content=\"article\" \/>\n<meta property=\"og:title\" content=\"Insulated Coffee Cup With Lid\" \/>\n<meta property=\"og:description\" content=\"As one of the best insulated coffee cup with lid manufacturers and suppliers, we are engaged in manufacturing good quality water bottles. We warmly welcome you to wholesale or buy custom made insulated coffee cup with lid at competitive price from us. Also, small quantity orders are acceptable.\" \/>\n<meta property=\"og:url\" content=\"https:\/\/www.dillerbottle.com\/fr\/produits\/tasse-a-cafe-isotherme-avec-couvercle\" \/>\n<meta property=\"og:site_name\" content=\"Diller Water Bottle Manufacturer\" \/>\n<meta property=\"article:modified_time\" content=\"2025-07-09T08:03:52+00:00\" \/>\n<meta property=\"og:image\" content=\"https:\/\/www.dillerbottle.com\/wp-content\/uploads\/2024\/09\/insulated-coffee-cup-with-lida9f89520-bb2e-42ae-b55a-1d5e8a6142b7.jpg\" \/>\n\t<meta property=\"og:image:width\" content=\"730\" \/>\n\t<meta property=\"og:image:height\" content=\"730\" \/>\n\t<meta property=\"og:image:type\" content=\"image\/jpeg\" \/>\n<meta name=\"twitter:card\" content=\"summary_large_image\" \/>\n<meta name=\"twitter:label1\" content=\"Dur\u00e9e de lecture estim\u00e9e\" \/>\n\t<meta name=\"twitter:data1\" content=\"6 minutes\" \/>\n<script type=\"application\/ld+json\" class=\"yoast-schema-graph\">{\"@context\":\"https:\\\/\\\/schema.org\",\"@graph\":[{\"@type\":\"WebPage\",\"@id\":\"https:\\\/\\\/www.dillerbottle.com\\\/ar\\\/%d9%85%d9%86%d8%aa%d8%ac%d8%a7%d8%aa\\\/%d9%83%d9%88%d8%a8-%d9%82%d9%87%d9%88%d8%a9-%d9%85%d8%b9%d8%b2%d9%88%d9%84-%d9%85%d8%b9-%d8%ba%d8%b7%d8%a7%d8%a1\",\"url\":\"https:\\\/\\\/www.dillerbottle.com\\\/ar\\\/%d9%85%d9%86%d8%aa%d8%ac%d8%a7%d8%aa\\\/%d9%83%d9%88%d8%a8-%d9%82%d9%87%d9%88%d8%a9-%d9%85%d8%b9%d8%b2%d9%88%d9%84-%d9%85%d8%b9-%d8%ba%d8%b7%d8%a7%d8%a1\",\"name\":\"Insulated Coffee Cup With Lid - Diller Water Bottle Manufacturer\",\"isPartOf\":{\"@id\":\"https:\\\/\\\/www.dillerbottle.com\\\/#website\"},\"primaryImageOfPage\":{\"@id\":\"https:\\\/\\\/www.dillerbottle.com\\\/ar\\\/%d9%85%d9%86%d8%aa%d8%ac%d8%a7%d8%aa\\\/%d9%83%d9%88%d8%a8-%d9%82%d9%87%d9%88%d8%a9-%d9%85%d8%b9%d8%b2%d9%88%d9%84-%d9%85%d8%b9-%d8%ba%d8%b7%d8%a7%d8%a1#primaryimage\"},\"image\":{\"@id\":\"https:\\\/\\\/www.dillerbottle.com\\\/ar\\\/%d9%85%d9%86%d8%aa%d8%ac%d8%a7%d8%aa\\\/%d9%83%d9%88%d8%a8-%d9%82%d9%87%d9%88%d8%a9-%d9%85%d8%b9%d8%b2%d9%88%d9%84-%d9%85%d8%b9-%d8%ba%d8%b7%d8%a7%d8%a1#primaryimage\"},\"thumbnailUrl\":\"https:\\\/\\\/www.dillerbottle.com\\\/wp-content\\\/uploads\\\/2024\\\/09\\\/insulated-coffee-cup-with-lida9f89520-bb2e-42ae-b55a-1d5e8a6142b7.jpg\",\"datePublished\":\"2024-09-29T06:26:34+00:00\",\"dateModified\":\"2025-07-09T08:03:52+00:00\",\"description\":\"As one of the best insulated coffee cup with lid manufacturers and suppliers, we are engaged in manufacturing good quality water bottles. We warmly welcome you to wholesale or buy custom made insulated coffee cup with lid at competitive price from us. Also, small quantity orders are acceptable.\",\"breadcrumb\":{\"@id\":\"https:\\\/\\\/www.dillerbottle.com\\\/ar\\\/%d9%85%d9%86%d8%aa%d8%ac%d8%a7%d8%aa\\\/%d9%83%d9%88%d8%a8-%d9%82%d9%87%d9%88%d8%a9-%d9%85%d8%b9%d8%b2%d9%88%d9%84-%d9%85%d8%b9-%d8%ba%d8%b7%d8%a7%d8%a1#breadcrumb\"},\"inLanguage\":\"fr-FR\",\"potentialAction\":[{\"@type\":\"ReadAction\",\"target\":[\"https:\\\/\\\/www.dillerbottle.com\\\/ar\\\/%d9%85%d9%86%d8%aa%d8%ac%d8%a7%d8%aa\\\/%d9%83%d9%88%d8%a8-%d9%82%d9%87%d9%88%d8%a9-%d9%85%d8%b9%d8%b2%d9%88%d9%84-%d9%85%d8%b9-%d8%ba%d8%b7%d8%a7%d8%a1\"]}]},{\"@type\":\"ImageObject\",\"inLanguage\":\"fr-FR\",\"@id\":\"https:\\\/\\\/www.dillerbottle.com\\\/ar\\\/%d9%85%d9%86%d8%aa%d8%ac%d8%a7%d8%aa\\\/%d9%83%d9%88%d8%a8-%d9%82%d9%87%d9%88%d8%a9-%d9%85%d8%b9%d8%b2%d9%88%d9%84-%d9%85%d8%b9-%d8%ba%d8%b7%d8%a7%d8%a1#primaryimage\",\"url\":\"https:\\\/\\\/www.dillerbottle.com\\\/wp-content\\\/uploads\\\/2024\\\/09\\\/insulated-coffee-cup-with-lida9f89520-bb2e-42ae-b55a-1d5e8a6142b7.jpg\",\"contentUrl\":\"https:\\\/\\\/www.dillerbottle.com\\\/wp-content\\\/uploads\\\/2024\\\/09\\\/insulated-coffee-cup-with-lida9f89520-bb2e-42ae-b55a-1d5e8a6142b7.jpg\",\"width\":730,\"height\":730},{\"@type\":\"BreadcrumbList\",\"@id\":\"https:\\\/\\\/www.dillerbottle.com\\\/ar\\\/%d9%85%d9%86%d8%aa%d8%ac%d8%a7%d8%aa\\\/%d9%83%d9%88%d8%a8-%d9%82%d9%87%d9%88%d8%a9-%d9%85%d8%b9%d8%b2%d9%88%d9%84-%d9%85%d8%b9-%d8%ba%d8%b7%d8%a7%d8%a1#breadcrumb\",\"itemListElement\":[{\"@type\":\"ListItem\",\"position\":1,\"name\":\"Home\",\"item\":\"https:\\\/\\\/www.dillerbottle.com\\\/\"},{\"@type\":\"ListItem\",\"position\":2,\"name\":\"Products\",\"item\":\"https:\\\/\\\/www.dillerbottle.com\\\/shop\"},{\"@type\":\"ListItem\",\"position\":3,\"name\":\"Insulated Coffee Cup With Lid\"}]},{\"@type\":\"WebSite\",\"@id\":\"https:\\\/\\\/www.dillerbottle.com\\\/#website\",\"url\":\"https:\\\/\\\/www.dillerbottle.com\\\/\",\"name\":\"Diller Water Bottle Manufacturer\",\"description\":\"Water Bottle Manufacturer\",\"publisher\":{\"@id\":\"https:\\\/\\\/www.dillerbottle.com\\\/#organization\"},\"potentialAction\":[{\"@type\":\"SearchAction\",\"target\":{\"@type\":\"EntryPoint\",\"urlTemplate\":\"https:\\\/\\\/www.dillerbottle.com\\\/?s={search_term_string}\"},\"query-input\":{\"@type\":\"PropertyValueSpecification\",\"valueRequired\":true,\"valueName\":\"search_term_string\"}}],\"inLanguage\":\"fr-FR\"},{\"@type\":\"Organization\",\"@id\":\"https:\\\/\\\/www.dillerbottle.com\\\/#organization\",\"name\":\"Diller Water Bottle Manufacturer\",\"url\":\"https:\\\/\\\/www.dillerbottle.com\\\/\",\"logo\":{\"@type\":\"ImageObject\",\"inLanguage\":\"fr-FR\",\"@id\":\"https:\\\/\\\/www.dillerbottle.com\\\/#\\\/schema\\\/logo\\\/image\\\/\",\"url\":\"https:\\\/\\\/www.dillerbottle.com\\\/wp-content\\\/uploads\\\/2024\\\/09\\\/49918bfa848dcc1e9f8b509933603ac.png\",\"contentUrl\":\"https:\\\/\\\/www.dillerbottle.com\\\/wp-content\\\/uploads\\\/2024\\\/09\\\/49918bfa848dcc1e9f8b509933603ac.png\",\"width\":988,\"height\":198,\"caption\":\"Diller Water Bottle Manufacturer\"},\"image\":{\"@id\":\"https:\\\/\\\/www.dillerbottle.com\\\/#\\\/schema\\\/logo\\\/image\\\/\"}}]}<\/script>\n<!-- \/ Yoast SEO Premium plugin. -->","yoast_head_json":{"title":"Tasse \u00e0 caf\u00e9 isotherme avec couvercle - Fabricant de bouteilles d&#039;eau Diller","description":"En tant que l&#039;un des meilleurs fabricants et fournisseurs de tasses \u00e0 caf\u00e9 isothermes avec couvercle, nous sommes engag\u00e9s dans la fabrication de bouteilles d&#039;eau de bonne qualit\u00e9. Nous vous invitons chaleureusement \u00e0 vendre en gros ou \u00e0 acheter chez nous des tasses \u00e0 caf\u00e9 isothermes sur mesure avec couvercle \u00e0 un prix comp\u00e9titif. De plus, les commandes en petites quantit\u00e9s sont acceptables.","robots":{"index":"index","follow":"follow","max-snippet":"max-snippet:-1","max-image-preview":"max-image-preview:large","max-video-preview":"max-video-preview:-1"},"canonical":"https:\/\/www.dillerbottle.com\/fr\/produits\/tasse-a-cafe-isotherme-avec-couvercle","og_locale":"fr_FR","og_type":"article","og_title":"Insulated Coffee Cup With Lid","og_description":"As one of the best insulated coffee cup with lid manufacturers and suppliers, we are engaged in manufacturing good quality water bottles. We warmly welcome you to wholesale or buy custom made insulated coffee cup with lid at competitive price from us. Also, small quantity orders are acceptable.","og_url":"https:\/\/www.dillerbottle.com\/fr\/produits\/tasse-a-cafe-isotherme-avec-couvercle","og_site_name":"Diller Water Bottle Manufacturer","article_modified_time":"2025-07-09T08:03:52+00:00","og_image":[{"width":730,"height":730,"url":"https:\/\/www.dillerbottle.com\/wp-content\/uploads\/2024\/09\/insulated-coffee-cup-with-lida9f89520-bb2e-42ae-b55a-1d5e8a6142b7.jpg","type":"image\/jpeg"}],"twitter_card":"summary_large_image","twitter_misc":{"Dur\u00e9e de lecture estim\u00e9e":"6 minutes"},"schema":{"@context":"https:\/\/schema.org","@graph":[{"@type":"WebPage","@id":"https:\/\/www.dillerbottle.com\/ar\/%d9%85%d9%86%d8%aa%d8%ac%d8%a7%d8%aa\/%d9%83%d9%88%d8%a8-%d9%82%d9%87%d9%88%d8%a9-%d9%85%d8%b9%d8%b2%d9%88%d9%84-%d9%85%d8%b9-%d8%ba%d8%b7%d8%a7%d8%a1","url":"https:\/\/www.dillerbottle.com\/ar\/%d9%85%d9%86%d8%aa%d8%ac%d8%a7%d8%aa\/%d9%83%d9%88%d8%a8-%d9%82%d9%87%d9%88%d8%a9-%d9%85%d8%b9%d8%b2%d9%88%d9%84-%d9%85%d8%b9-%d8%ba%d8%b7%d8%a7%d8%a1","name":"Tasse \u00e0 caf\u00e9 isotherme avec couvercle - Fabricant de bouteilles d&#039;eau Diller","isPartOf":{"@id":"https:\/\/www.dillerbottle.com\/#website"},"primaryImageOfPage":{"@id":"https:\/\/www.dillerbottle.com\/ar\/%d9%85%d9%86%d8%aa%d8%ac%d8%a7%d8%aa\/%d9%83%d9%88%d8%a8-%d9%82%d9%87%d9%88%d8%a9-%d9%85%d8%b9%d8%b2%d9%88%d9%84-%d9%85%d8%b9-%d8%ba%d8%b7%d8%a7%d8%a1#primaryimage"},"image":{"@id":"https:\/\/www.dillerbottle.com\/ar\/%d9%85%d9%86%d8%aa%d8%ac%d8%a7%d8%aa\/%d9%83%d9%88%d8%a8-%d9%82%d9%87%d9%88%d8%a9-%d9%85%d8%b9%d8%b2%d9%88%d9%84-%d9%85%d8%b9-%d8%ba%d8%b7%d8%a7%d8%a1#primaryimage"},"thumbnailUrl":"https:\/\/www.dillerbottle.com\/wp-content\/uploads\/2024\/09\/insulated-coffee-cup-with-lida9f89520-bb2e-42ae-b55a-1d5e8a6142b7.jpg","datePublished":"2024-09-29T06:26:34+00:00","dateModified":"2025-07-09T08:03:52+00:00","description":"En tant que l&#039;un des meilleurs fabricants et fournisseurs de tasses \u00e0 caf\u00e9 isothermes avec couvercle, nous sommes engag\u00e9s dans la fabrication de bouteilles d&#039;eau de bonne qualit\u00e9. Nous vous invitons chaleureusement \u00e0 vendre en gros ou \u00e0 acheter chez nous des tasses \u00e0 caf\u00e9 isothermes sur mesure avec couvercle \u00e0 un prix comp\u00e9titif. De plus, les commandes en petites quantit\u00e9s sont acceptables.","breadcrumb":{"@id":"https:\/\/www.dillerbottle.com\/ar\/%d9%85%d9%86%d8%aa%d8%ac%d8%a7%d8%aa\/%d9%83%d9%88%d8%a8-%d9%82%d9%87%d9%88%d8%a9-%d9%85%d8%b9%d8%b2%d9%88%d9%84-%d9%85%d8%b9-%d8%ba%d8%b7%d8%a7%d8%a1#breadcrumb"},"inLanguage":"fr-FR","potentialAction":[{"@type":"ReadAction","target":["https:\/\/www.dillerbottle.com\/ar\/%d9%85%d9%86%d8%aa%d8%ac%d8%a7%d8%aa\/%d9%83%d9%88%d8%a8-%d9%82%d9%87%d9%88%d8%a9-%d9%85%d8%b9%d8%b2%d9%88%d9%84-%d9%85%d8%b9-%d8%ba%d8%b7%d8%a7%d8%a1"]}]},{"@type":"ImageObject","inLanguage":"fr-FR","@id":"https:\/\/www.dillerbottle.com\/ar\/%d9%85%d9%86%d8%aa%d8%ac%d8%a7%d8%aa\/%d9%83%d9%88%d8%a8-%d9%82%d9%87%d9%88%d8%a9-%d9%85%d8%b9%d8%b2%d9%88%d9%84-%d9%85%d8%b9-%d8%ba%d8%b7%d8%a7%d8%a1#primaryimage","url":"https:\/\/www.dillerbottle.com\/wp-content\/uploads\/2024\/09\/insulated-coffee-cup-with-lida9f89520-bb2e-42ae-b55a-1d5e8a6142b7.jpg","contentUrl":"https:\/\/www.dillerbottle.com\/wp-content\/uploads\/2024\/09\/insulated-coffee-cup-with-lida9f89520-bb2e-42ae-b55a-1d5e8a6142b7.jpg","width":730,"height":730},{"@type":"BreadcrumbList","@id":"https:\/\/www.dillerbottle.com\/ar\/%d9%85%d9%86%d8%aa%d8%ac%d8%a7%d8%aa\/%d9%83%d9%88%d8%a8-%d9%82%d9%87%d9%88%d8%a9-%d9%85%d8%b9%d8%b2%d9%88%d9%84-%d9%85%d8%b9-%d8%ba%d8%b7%d8%a7%d8%a1#breadcrumb","itemListElement":[{"@type":"ListItem","position":1,"name":"Home","item":"https:\/\/www.dillerbottle.com\/"},{"@type":"ListItem","position":2,"name":"Products","item":"https:\/\/www.dillerbottle.com\/shop"},{"@type":"ListItem","position":3,"name":"Insulated Coffee Cup With Lid"}]},{"@type":"WebSite","@id":"https:\/\/www.dillerbottle.com\/#website","url":"https:\/\/www.dillerbottle.com\/","name":"Fabricant de bouteilles d&#039;eau Diller","description":"Fabricant de bouteilles d&#039;eau","publisher":{"@id":"https:\/\/www.dillerbottle.com\/#organization"},"potentialAction":[{"@type":"SearchAction","target":{"@type":"EntryPoint","urlTemplate":"https:\/\/www.dillerbottle.com\/?s={search_term_string}"},"query-input":{"@type":"PropertyValueSpecification","valueRequired":true,"valueName":"search_term_string"}}],"inLanguage":"fr-FR"},{"@type":"Organization","@id":"https:\/\/www.dillerbottle.com\/#organization","name":"Fabricant de bouteilles d&#039;eau Diller","url":"https:\/\/www.dillerbottle.com\/","logo":{"@type":"ImageObject","inLanguage":"fr-FR","@id":"https:\/\/www.dillerbottle.com\/#\/schema\/logo\/image\/","url":"https:\/\/www.dillerbottle.com\/wp-content\/uploads\/2024\/09\/49918bfa848dcc1e9f8b509933603ac.png","contentUrl":"https:\/\/www.dillerbottle.com\/wp-content\/uploads\/2024\/09\/49918bfa848dcc1e9f8b509933603ac.png","width":988,"height":198,"caption":"Diller Water Bottle Manufacturer"},"image":{"@id":"https:\/\/www.dillerbottle.com\/#\/schema\/logo\/image\/"}}]}},"_links":{"self":[{"href":"https:\/\/www.dillerbottle.com\/fr\/wp-json\/wp\/v2\/product\/9052","targetHints":{"allow":["GET"]}}],"collection":[{"href":"https:\/\/www.dillerbottle.com\/fr\/wp-json\/wp\/v2\/product"}],"about":[{"href":"https:\/\/www.dillerbottle.com\/fr\/wp-json\/wp\/v2\/types\/product"}],"replies":[{"embeddable":true,"href":"https:\/\/www.dillerbottle.com\/fr\/wp-json\/wp\/v2\/comments?post=9052"}],"wp:featuredmedia":[{"embeddable":true,"href":"https:\/\/www.dillerbottle.com\/fr\/wp-json\/wp\/v2\/media\/9053"}],"wp:attachment":[{"href":"https:\/\/www.dillerbottle.com\/fr\/wp-json\/wp\/v2\/media?parent=9052"}],"wp:term":[{"taxonomy":"product_brand","embeddable":true,"href":"https:\/\/www.dillerbottle.com\/fr\/wp-json\/wp\/v2\/product_brand?post=9052"},{"taxonomy":"product_cat","embeddable":true,"href":"https:\/\/www.dillerbottle.com\/fr\/wp-json\/wp\/v2\/product_cat?post=9052"},{"taxonomy":"product_tag","embeddable":true,"href":"https:\/\/www.dillerbottle.com\/fr\/wp-json\/wp\/v2\/product_tag?post=9052"}],"curies":[{"name":"wp","href":"https:\/\/api.w.org\/{rel}","templated":true}]}}