{"id":9164,"date":"2024-09-29T14:27:41","date_gmt":"2024-09-29T06:27:41","guid":{"rendered":"https:\/\/demo.dillerbottle.com\/products\/luxury-insulated-water-bottle-with-sleeve"},"modified":"2025-07-09T16:03:31","modified_gmt":"2025-07-09T08:03:31","slug":"bouteille-deau-isotherme-de-luxe-avec-housse","status":"publish","type":"product","link":"https:\/\/www.dillerbottle.com\/fr\/products\/luxury-insulated-water-bottle-with-sleeve","title":{"rendered":"Bouteille d&#039;eau isotherme de luxe avec housse"},"content":{"rendered":"<p>1. La bouteille d&#039;eau isotherme de luxe avec manchon est fabriqu\u00e9e en acier inoxydable 316 durable, avec double paroi sous vide, et peut \u00eatre utilis\u00e9e pour l&#039;isolation des boissons jusqu&#039;\u00e0 6 heures et l&#039;isolation du froid jusqu&#039;\u00e0 12 heures.<\/p>\n<p>2. M\u00e9thode de double boisson avec un couvercle, peut \u00eatre consomm\u00e9e directement ou avec une paille. Couvercle \u00e0 bouton-poussoir, peut \u00eatre utilis\u00e9 d&#039;une seule main, ce qui rend l&#039;eau potable plus pratique.<\/p>\n<p>3. Le couvercle de la tasse est \u00e9quip\u00e9 d&#039;un joint d&#039;\u00e9tanch\u00e9it\u00e9 en silicone, qui ne craint pas les fuites d&#039;eau lorsqu&#039;il est plac\u00e9 \u00e0 l&#039;envers dans le sac.<\/p>\n<p>4. Manchon de tasse de style Chanel et cha\u00eene de perles compl\u00e9mentaires, \u00e0 la mode et portable.<\/p>","protected":false},"excerpt":{"rendered":"<p>Cette bouteille d&#039;eau isotherme de luxe avec manchon est fabriqu\u00e9e en acier inoxydable 316 durable et en mat\u00e9riaux de qualit\u00e9 alimentaire.<br \/>\nIsol\u00e9e sous vide, cette bouteille d&#039;eau thermique en m\u00e9tal peut garder le contenu chaud ou froid jusqu&#039;\u00e0 6 \u00e0 12 heures.<br \/>\nM\u00e9thode de double boisson \u00e0 couverture unique, peut \u00eatre consomm\u00e9e directement ou avec une paille.<br \/>\nManchon de tasse de style Chanel et cha\u00eene de perles compl\u00e9mentaires, \u00e0 la mode et portable.<br \/>\nOEM et ODM acceptables.<br \/>\nNous pouvons personnaliser la bouteille thermos en m\u00e9tal selon vos besoins.<br \/>\nBienvenue \u00e0 l&#039;achat en gros, envoyez une demande maintenant !<\/p>","protected":false},"featured_media":9165,"comment_status":"open","ping_status":"closed","template":"","meta":{"_acf_changed":false},"product_brand":[],"product_cat":[18],"product_tag":[32,36,33,31,813,531,39,38,778,812,29,37,724,34,35,539,718,28,30],"class_list":{"0":"post-9164","1":"product","2":"type-product","3":"status-publish","4":"has-post-thumbnail","6":"product_cat-insulated-water-bottle","7":"product_tag-best","8":"product_tag-bulk","9":"product_tag-buy","10":"product_tag-custom","11":"product_tag-cute-water-bottle","12":"product_tag-double-walled-water-bottle-travel-water-flask","13":"product_tag-for-sale","14":"product_tag-good-quality","15":"product_tag-insulated-water-bottle-thermal-flask-vacuum-bottle","16":"product_tag-luxury-insulated-water-bottle-with-sleeve","17":"product_tag-manufacturers","18":"product_tag-manufacturing","19":"product_tag-personalised-water-bottles","20":"product_tag-price","21":"product_tag-small","22":"product_tag-stainless-steel-water-bottle","23":"product_tag-stanley-water-bottle","24":"product_tag-suppliers","25":"product_tag-wholesale","27":"first","28":"instock","29":"shipping-taxable","30":"product-type-simple"},"acf":[],"yoast_head":"<!-- This site is optimized with the Yoast SEO Premium plugin v27.4 (Yoast SEO v27.4) - https:\/\/yoast.com\/product\/yoast-seo-premium-wordpress\/ -->\n<title>Luxury Insulated Water Bottle With Sleeve - Diller Water Bottle Manufacturer<\/title>\n<meta name=\"description\" content=\"As one of the best luxury insulated water bottle with sleeve manufacturers and suppliers, we are engaged in manufacturing good quality water bottles. We warmly welcome you to wholesale or buy custom made luxury insulated water bottle with sleeve at competitive price from us. Also, small quantity orders are acceptable.\" \/>\n<meta name=\"robots\" content=\"index, follow, max-snippet:-1, max-image-preview:large, max-video-preview:-1\" \/>\n<link rel=\"canonical\" href=\"https:\/\/www.dillerbottle.com\/fr\/produits\/bouteille-deau-isotherme-de-luxe-avec-housse\" \/>\n<meta property=\"og:locale\" content=\"fr_FR\" \/>\n<meta property=\"og:type\" content=\"article\" \/>\n<meta property=\"og:title\" content=\"Luxury Insulated Water Bottle With Sleeve\" \/>\n<meta property=\"og:description\" content=\"As one of the best luxury insulated water bottle with sleeve manufacturers and suppliers, we are engaged in manufacturing good quality water bottles. We warmly welcome you to wholesale or buy custom made luxury insulated water bottle with sleeve at competitive price from us. Also, small quantity orders are acceptable.\" \/>\n<meta property=\"og:url\" content=\"https:\/\/www.dillerbottle.com\/fr\/produits\/bouteille-deau-isotherme-de-luxe-avec-housse\" \/>\n<meta property=\"og:site_name\" content=\"Diller Water Bottle Manufacturer\" \/>\n<meta property=\"article:modified_time\" content=\"2025-07-09T08:03:31+00:00\" \/>\n<meta property=\"og:image\" content=\"https:\/\/www.dillerbottle.com\/wp-content\/uploads\/2024\/09\/luxury-insulated-water-bottle-with-sleeve7103c709-d01c-4c70-8503-663d383a3d7d.jpg\" \/>\n\t<meta property=\"og:image:width\" content=\"730\" \/>\n\t<meta property=\"og:image:height\" content=\"730\" \/>\n\t<meta property=\"og:image:type\" content=\"image\/jpeg\" \/>\n<meta name=\"twitter:card\" content=\"summary_large_image\" \/>\n<meta name=\"twitter:label1\" content=\"Dur\u00e9e de lecture estim\u00e9e\" \/>\n\t<meta name=\"twitter:data1\" content=\"7 minutes\" \/>\n<script type=\"application\/ld+json\" class=\"yoast-schema-graph\">{\"@context\":\"https:\\\/\\\/schema.org\",\"@graph\":[{\"@type\":\"WebPage\",\"@id\":\"https:\\\/\\\/www.dillerbottle.com\\\/products\\\/luxury-insulated-water-bottle-with-sleeve\",\"url\":\"https:\\\/\\\/www.dillerbottle.com\\\/products\\\/luxury-insulated-water-bottle-with-sleeve\",\"name\":\"Luxury Insulated Water Bottle With Sleeve - Diller Water Bottle Manufacturer\",\"isPartOf\":{\"@id\":\"https:\\\/\\\/www.dillerbottle.com\\\/#website\"},\"primaryImageOfPage\":{\"@id\":\"https:\\\/\\\/www.dillerbottle.com\\\/products\\\/luxury-insulated-water-bottle-with-sleeve#primaryimage\"},\"image\":{\"@id\":\"https:\\\/\\\/www.dillerbottle.com\\\/products\\\/luxury-insulated-water-bottle-with-sleeve#primaryimage\"},\"thumbnailUrl\":\"https:\\\/\\\/www.dillerbottle.com\\\/wp-content\\\/uploads\\\/2024\\\/09\\\/luxury-insulated-water-bottle-with-sleeve7103c709-d01c-4c70-8503-663d383a3d7d.jpg\",\"datePublished\":\"2024-09-29T06:27:41+00:00\",\"dateModified\":\"2025-07-09T08:03:31+00:00\",\"description\":\"As one of the best luxury insulated water bottle with sleeve manufacturers and suppliers, we are engaged in manufacturing good quality water bottles. We warmly welcome you to wholesale or buy custom made luxury insulated water bottle with sleeve at competitive price from us. Also, small quantity orders are acceptable.\",\"breadcrumb\":{\"@id\":\"https:\\\/\\\/www.dillerbottle.com\\\/products\\\/luxury-insulated-water-bottle-with-sleeve#breadcrumb\"},\"inLanguage\":\"fr-FR\",\"potentialAction\":[{\"@type\":\"ReadAction\",\"target\":[\"https:\\\/\\\/www.dillerbottle.com\\\/products\\\/luxury-insulated-water-bottle-with-sleeve\"]}]},{\"@type\":\"ImageObject\",\"inLanguage\":\"fr-FR\",\"@id\":\"https:\\\/\\\/www.dillerbottle.com\\\/products\\\/luxury-insulated-water-bottle-with-sleeve#primaryimage\",\"url\":\"https:\\\/\\\/www.dillerbottle.com\\\/wp-content\\\/uploads\\\/2024\\\/09\\\/luxury-insulated-water-bottle-with-sleeve7103c709-d01c-4c70-8503-663d383a3d7d.jpg\",\"contentUrl\":\"https:\\\/\\\/www.dillerbottle.com\\\/wp-content\\\/uploads\\\/2024\\\/09\\\/luxury-insulated-water-bottle-with-sleeve7103c709-d01c-4c70-8503-663d383a3d7d.jpg\",\"width\":730,\"height\":730},{\"@type\":\"BreadcrumbList\",\"@id\":\"https:\\\/\\\/www.dillerbottle.com\\\/products\\\/luxury-insulated-water-bottle-with-sleeve#breadcrumb\",\"itemListElement\":[{\"@type\":\"ListItem\",\"position\":1,\"name\":\"Home\",\"item\":\"https:\\\/\\\/www.dillerbottle.com\\\/\"},{\"@type\":\"ListItem\",\"position\":2,\"name\":\"Products\",\"item\":\"https:\\\/\\\/www.dillerbottle.com\\\/shop\"},{\"@type\":\"ListItem\",\"position\":3,\"name\":\"Luxury Insulated Water Bottle With Sleeve\"}]},{\"@type\":\"WebSite\",\"@id\":\"https:\\\/\\\/www.dillerbottle.com\\\/#website\",\"url\":\"https:\\\/\\\/www.dillerbottle.com\\\/\",\"name\":\"Diller Water Bottle Manufacturer\",\"description\":\"Water Bottle Manufacturer\",\"publisher\":{\"@id\":\"https:\\\/\\\/www.dillerbottle.com\\\/#organization\"},\"potentialAction\":[{\"@type\":\"SearchAction\",\"target\":{\"@type\":\"EntryPoint\",\"urlTemplate\":\"https:\\\/\\\/www.dillerbottle.com\\\/?s={search_term_string}\"},\"query-input\":{\"@type\":\"PropertyValueSpecification\",\"valueRequired\":true,\"valueName\":\"search_term_string\"}}],\"inLanguage\":\"fr-FR\"},{\"@type\":\"Organization\",\"@id\":\"https:\\\/\\\/www.dillerbottle.com\\\/#organization\",\"name\":\"Diller Water Bottle Manufacturer\",\"url\":\"https:\\\/\\\/www.dillerbottle.com\\\/\",\"logo\":{\"@type\":\"ImageObject\",\"inLanguage\":\"fr-FR\",\"@id\":\"https:\\\/\\\/www.dillerbottle.com\\\/#\\\/schema\\\/logo\\\/image\\\/\",\"url\":\"https:\\\/\\\/www.dillerbottle.com\\\/wp-content\\\/uploads\\\/2024\\\/09\\\/49918bfa848dcc1e9f8b509933603ac.png\",\"contentUrl\":\"https:\\\/\\\/www.dillerbottle.com\\\/wp-content\\\/uploads\\\/2024\\\/09\\\/49918bfa848dcc1e9f8b509933603ac.png\",\"width\":988,\"height\":198,\"caption\":\"Diller Water Bottle Manufacturer\"},\"image\":{\"@id\":\"https:\\\/\\\/www.dillerbottle.com\\\/#\\\/schema\\\/logo\\\/image\\\/\"}}]}<\/script>\n<!-- \/ Yoast SEO Premium plugin. -->","yoast_head_json":{"title":"Bouteille d&#039;eau isotherme de luxe avec manchon - Fabricant de bouteilles d&#039;eau Diller","description":"En tant que l&#039;un des meilleurs fabricants et fournisseurs de bouteilles d&#039;eau isothermes de luxe avec manchon, nous sommes engag\u00e9s dans la fabrication de bouteilles d&#039;eau de bonne qualit\u00e9. Nous vous invitons chaleureusement \u00e0 vendre en gros ou \u00e0 acheter chez nous des bouteilles d&#039;eau isothermes de luxe sur mesure avec manchon \u00e0 un prix comp\u00e9titif. De plus, les commandes en petites quantit\u00e9s sont acceptables.","robots":{"index":"index","follow":"follow","max-snippet":"max-snippet:-1","max-image-preview":"max-image-preview:large","max-video-preview":"max-video-preview:-1"},"canonical":"https:\/\/www.dillerbottle.com\/fr\/produits\/bouteille-deau-isotherme-de-luxe-avec-housse","og_locale":"fr_FR","og_type":"article","og_title":"Luxury Insulated Water Bottle With Sleeve","og_description":"As one of the best luxury insulated water bottle with sleeve manufacturers and suppliers, we are engaged in manufacturing good quality water bottles. We warmly welcome you to wholesale or buy custom made luxury insulated water bottle with sleeve at competitive price from us. Also, small quantity orders are acceptable.","og_url":"https:\/\/www.dillerbottle.com\/fr\/produits\/bouteille-deau-isotherme-de-luxe-avec-housse","og_site_name":"Diller Water Bottle Manufacturer","article_modified_time":"2025-07-09T08:03:31+00:00","og_image":[{"width":730,"height":730,"url":"https:\/\/www.dillerbottle.com\/wp-content\/uploads\/2024\/09\/luxury-insulated-water-bottle-with-sleeve7103c709-d01c-4c70-8503-663d383a3d7d.jpg","type":"image\/jpeg"}],"twitter_card":"summary_large_image","twitter_misc":{"Dur\u00e9e de lecture estim\u00e9e":"7 minutes"},"schema":{"@context":"https:\/\/schema.org","@graph":[{"@type":"WebPage","@id":"https:\/\/www.dillerbottle.com\/products\/luxury-insulated-water-bottle-with-sleeve","url":"https:\/\/www.dillerbottle.com\/products\/luxury-insulated-water-bottle-with-sleeve","name":"Bouteille d&#039;eau isotherme de luxe avec manchon - Fabricant de bouteilles d&#039;eau Diller","isPartOf":{"@id":"https:\/\/www.dillerbottle.com\/#website"},"primaryImageOfPage":{"@id":"https:\/\/www.dillerbottle.com\/products\/luxury-insulated-water-bottle-with-sleeve#primaryimage"},"image":{"@id":"https:\/\/www.dillerbottle.com\/products\/luxury-insulated-water-bottle-with-sleeve#primaryimage"},"thumbnailUrl":"https:\/\/www.dillerbottle.com\/wp-content\/uploads\/2024\/09\/luxury-insulated-water-bottle-with-sleeve7103c709-d01c-4c70-8503-663d383a3d7d.jpg","datePublished":"2024-09-29T06:27:41+00:00","dateModified":"2025-07-09T08:03:31+00:00","description":"En tant que l&#039;un des meilleurs fabricants et fournisseurs de bouteilles d&#039;eau isothermes de luxe avec manchon, nous sommes engag\u00e9s dans la fabrication de bouteilles d&#039;eau de bonne qualit\u00e9. Nous vous invitons chaleureusement \u00e0 vendre en gros ou \u00e0 acheter chez nous des bouteilles d&#039;eau isothermes de luxe sur mesure avec manchon \u00e0 un prix comp\u00e9titif. De plus, les commandes en petites quantit\u00e9s sont acceptables.","breadcrumb":{"@id":"https:\/\/www.dillerbottle.com\/products\/luxury-insulated-water-bottle-with-sleeve#breadcrumb"},"inLanguage":"fr-FR","potentialAction":[{"@type":"ReadAction","target":["https:\/\/www.dillerbottle.com\/products\/luxury-insulated-water-bottle-with-sleeve"]}]},{"@type":"ImageObject","inLanguage":"fr-FR","@id":"https:\/\/www.dillerbottle.com\/products\/luxury-insulated-water-bottle-with-sleeve#primaryimage","url":"https:\/\/www.dillerbottle.com\/wp-content\/uploads\/2024\/09\/luxury-insulated-water-bottle-with-sleeve7103c709-d01c-4c70-8503-663d383a3d7d.jpg","contentUrl":"https:\/\/www.dillerbottle.com\/wp-content\/uploads\/2024\/09\/luxury-insulated-water-bottle-with-sleeve7103c709-d01c-4c70-8503-663d383a3d7d.jpg","width":730,"height":730},{"@type":"BreadcrumbList","@id":"https:\/\/www.dillerbottle.com\/products\/luxury-insulated-water-bottle-with-sleeve#breadcrumb","itemListElement":[{"@type":"ListItem","position":1,"name":"Home","item":"https:\/\/www.dillerbottle.com\/"},{"@type":"ListItem","position":2,"name":"Products","item":"https:\/\/www.dillerbottle.com\/shop"},{"@type":"ListItem","position":3,"name":"Luxury Insulated Water Bottle With Sleeve"}]},{"@type":"WebSite","@id":"https:\/\/www.dillerbottle.com\/#website","url":"https:\/\/www.dillerbottle.com\/","name":"Fabricant de bouteilles d&#039;eau Diller","description":"Fabricant de bouteilles d&#039;eau","publisher":{"@id":"https:\/\/www.dillerbottle.com\/#organization"},"potentialAction":[{"@type":"SearchAction","target":{"@type":"EntryPoint","urlTemplate":"https:\/\/www.dillerbottle.com\/?s={search_term_string}"},"query-input":{"@type":"PropertyValueSpecification","valueRequired":true,"valueName":"search_term_string"}}],"inLanguage":"fr-FR"},{"@type":"Organization","@id":"https:\/\/www.dillerbottle.com\/#organization","name":"Fabricant de bouteilles d&#039;eau Diller","url":"https:\/\/www.dillerbottle.com\/","logo":{"@type":"ImageObject","inLanguage":"fr-FR","@id":"https:\/\/www.dillerbottle.com\/#\/schema\/logo\/image\/","url":"https:\/\/www.dillerbottle.com\/wp-content\/uploads\/2024\/09\/49918bfa848dcc1e9f8b509933603ac.png","contentUrl":"https:\/\/www.dillerbottle.com\/wp-content\/uploads\/2024\/09\/49918bfa848dcc1e9f8b509933603ac.png","width":988,"height":198,"caption":"Diller Water Bottle Manufacturer"},"image":{"@id":"https:\/\/www.dillerbottle.com\/#\/schema\/logo\/image\/"}}]}},"_links":{"self":[{"href":"https:\/\/www.dillerbottle.com\/fr\/wp-json\/wp\/v2\/product\/9164","targetHints":{"allow":["GET"]}}],"collection":[{"href":"https:\/\/www.dillerbottle.com\/fr\/wp-json\/wp\/v2\/product"}],"about":[{"href":"https:\/\/www.dillerbottle.com\/fr\/wp-json\/wp\/v2\/types\/product"}],"replies":[{"embeddable":true,"href":"https:\/\/www.dillerbottle.com\/fr\/wp-json\/wp\/v2\/comments?post=9164"}],"wp:featuredmedia":[{"embeddable":true,"href":"https:\/\/www.dillerbottle.com\/fr\/wp-json\/wp\/v2\/media\/9165"}],"wp:attachment":[{"href":"https:\/\/www.dillerbottle.com\/fr\/wp-json\/wp\/v2\/media?parent=9164"}],"wp:term":[{"taxonomy":"product_brand","embeddable":true,"href":"https:\/\/www.dillerbottle.com\/fr\/wp-json\/wp\/v2\/product_brand?post=9164"},{"taxonomy":"product_cat","embeddable":true,"href":"https:\/\/www.dillerbottle.com\/fr\/wp-json\/wp\/v2\/product_cat?post=9164"},{"taxonomy":"product_tag","embeddable":true,"href":"https:\/\/www.dillerbottle.com\/fr\/wp-json\/wp\/v2\/product_tag?post=9164"}],"curies":[{"name":"wp","href":"https:\/\/api.w.org\/{rel}","templated":true}]}}