{"id":9201,"date":"2024-09-29T14:28:11","date_gmt":"2024-09-29T06:28:11","guid":{"rendered":"https:\/\/demo.dillerbottle.com\/products\/large-capacity-insulated-coffee-mug"},"modified":"2025-07-09T16:03:16","modified_gmt":"2025-07-09T08:03:16","slug":"tasse-a-cafe-isotherme-de-grande-capacite","status":"publish","type":"product","link":"https:\/\/www.dillerbottle.com\/fr\/products\/large-capacity-insulated-coffee-mug","title":{"rendered":"Tasse \u00e0 caf\u00e9 isotherme de grande capacit\u00e9"},"content":{"rendered":"<p>Caract\u00e9ristiques:<br \/>\n1. La tasse \u00e0 caf\u00e9 isotherme de grande capacit\u00e9 est fabriqu\u00e9e en acier inoxydable l\u00e9ger 304 (18\/8) de qualit\u00e9 alimentaire de la plus haute qualit\u00e9, qui peut efficacement garder au chaud et au froid.<\/p>\n<p>2. La capacit\u00e9 est de 1200 ml, ce qui peut contenir suffisamment d&#039;eau, de caf\u00e9, de th\u00e9, etc.<\/p>\n<p>3. Le couvercle de la tasse est dot\u00e9 d&#039;un joint d&#039;\u00e9tanch\u00e9it\u00e9 en silicone, donc quelle que soit la fa\u00e7on dont vous le manipulez, vous n&#039;aurez pas peur des fuites d&#039;eau. Peut \u00eatre consomm\u00e9 directement ou avec une paille.<\/p>\n<p>4. Le corps de la tasse est dot\u00e9 d&#039;une large poign\u00e9e, ce qui la rend plus pratique \u00e0 transporter lors des sorties. La conception avec un haut large et un bas \u00e9troit convient \u00e0 la plupart des porte-gobelets de voiture.<\/p>\n<p><iframe title=\"Nouveau produit tasse \u00e0 caf\u00e9 isol\u00e9e bouteille d&#039;eau en acier inoxydable tasse Stanley 40 oz avec poign\u00e9e #diller\" width=\"800\" height=\"450\" src=\"https:\/\/www.youtube.com\/embed\/hSVowlrUs-M?feature=oembed\" frameborder=\"0\" allow=\"accelerometer; autoplay; clipboard-write; encrypted-media; gyroscope; picture-in-picture; web-share\" referrerpolicy=\"strict-origin-when-cross-origin\" allowfullscreen><\/iframe><\/p>","protected":false},"excerpt":{"rendered":"<p>Cette tasse \u00e0 caf\u00e9 isotherme de grande capacit\u00e9 est fabriqu\u00e9e en acier inoxydable 304 durable\u00a0; isol\u00e9e sous vide, notre tasse de voyage peut garder les boissons chaudes ou froides jusqu&#039;\u00e0 8 heures.<br \/>\nLe couvercle rabattable anti-\u00e9claboussures est simple, s\u00fbr et facile \u00e0 utiliser d&#039;une seule main.<br \/>\nPeut \u00eatre consomm\u00e9 directement ou avec une paille.<br \/>\nLe corps de la tasse est dot\u00e9 d&#039;une large poign\u00e9e, ce qui la rend plus pratique \u00e0 transporter lors des sorties.<br \/>\nLa conception avec un haut large et un bas \u00e9troit convient \u00e0 la plupart des porte-gobelets de voiture.<br \/>\nOEM et ODM acceptables.<br \/>\nNous pouvons personnaliser la tasse \u00e0 caf\u00e9 selon vos besoins.<br \/>\nBienvenue \u00e0 l&#039;achat en gros, envoyez une demande maintenant !<\/p>","protected":false},"featured_media":9202,"comment_status":"open","ping_status":"closed","template":"","meta":{"_acf_changed":false},"product_brand":[],"product_cat":[18],"product_tag":[776,32,36,33,31,39,38,814,29,37,518,34,815,725,35,28,678,560,30],"class_list":{"0":"post-9201","1":"product","2":"type-product","3":"status-publish","4":"has-post-thumbnail","6":"product_cat-insulated-water-bottle","7":"product_tag-700ml-stainless-water-bottle","8":"product_tag-best","9":"product_tag-bulk","10":"product_tag-buy","11":"product_tag-custom","12":"product_tag-for-sale","13":"product_tag-good-quality","14":"product_tag-large-capacity-insulated-coffee-mug","15":"product_tag-manufacturers","16":"product_tag-manufacturing","17":"product_tag-portable-insulated-stainless-steel-water-bottle","18":"product_tag-price","19":"product_tag-reusable-water-bottles","20":"product_tag-simple-modern-water-bottle","21":"product_tag-small","22":"product_tag-suppliers","23":"product_tag-water-bottle-metal-stainless-steel","24":"product_tag-water-bottle-with-sleeve","25":"product_tag-wholesale","27":"first","28":"instock","29":"shipping-taxable","30":"product-type-simple"},"acf":[],"yoast_head":"<!-- This site is optimized with the Yoast SEO Premium plugin v27.4 (Yoast SEO v27.4) - https:\/\/yoast.com\/product\/yoast-seo-premium-wordpress\/ -->\n<title>Large Capacity Insulated Coffee Mug - Diller Water Bottle Manufacturer<\/title>\n<meta name=\"description\" content=\"As one of the best large capacity insulated coffee mug manufacturers and suppliers, we are engaged in manufacturing good quality water bottles. We warmly welcome you to wholesale or buy custom made large capacity insulated coffee mug at competitive price from us. Also, small quantity orders are acceptable.\" \/>\n<meta name=\"robots\" content=\"index, follow, max-snippet:-1, max-image-preview:large, max-video-preview:-1\" \/>\n<link rel=\"canonical\" href=\"https:\/\/www.dillerbottle.com\/fr\/produits\/tasse-a-cafe-isotherme-de-grande-capacite\" \/>\n<meta property=\"og:locale\" content=\"fr_FR\" \/>\n<meta property=\"og:type\" content=\"article\" \/>\n<meta property=\"og:title\" content=\"Large Capacity Insulated Coffee Mug\" \/>\n<meta property=\"og:description\" content=\"As one of the best large capacity insulated coffee mug manufacturers and suppliers, we are engaged in manufacturing good quality water bottles. We warmly welcome you to wholesale or buy custom made large capacity insulated coffee mug at competitive price from us. Also, small quantity orders are acceptable.\" \/>\n<meta property=\"og:url\" content=\"https:\/\/www.dillerbottle.com\/fr\/produits\/tasse-a-cafe-isotherme-de-grande-capacite\" \/>\n<meta property=\"og:site_name\" content=\"Diller Water Bottle Manufacturer\" \/>\n<meta property=\"article:modified_time\" content=\"2025-07-09T08:03:16+00:00\" \/>\n<meta property=\"og:image\" content=\"https:\/\/www.dillerbottle.com\/wp-content\/uploads\/2024\/09\/large-capacity-insulated-coffee-muga88beb1a-3f49-4573-93e6-4de4bc39760d.jpg\" \/>\n\t<meta property=\"og:image:width\" content=\"730\" \/>\n\t<meta property=\"og:image:height\" content=\"730\" \/>\n\t<meta property=\"og:image:type\" content=\"image\/jpeg\" \/>\n<meta name=\"twitter:card\" content=\"summary_large_image\" \/>\n<meta name=\"twitter:label1\" content=\"Dur\u00e9e de lecture estim\u00e9e\" \/>\n\t<meta name=\"twitter:data1\" content=\"6 minutes\" \/>\n<script type=\"application\/ld+json\" class=\"yoast-schema-graph\">{\"@context\":\"https:\\\/\\\/schema.org\",\"@graph\":[{\"@type\":\"WebPage\",\"@id\":\"https:\\\/\\\/www.dillerbottle.com\\\/products\\\/large-capacity-insulated-coffee-mug\",\"url\":\"https:\\\/\\\/www.dillerbottle.com\\\/products\\\/large-capacity-insulated-coffee-mug\",\"name\":\"Large Capacity Insulated Coffee Mug - Diller Water Bottle Manufacturer\",\"isPartOf\":{\"@id\":\"https:\\\/\\\/www.dillerbottle.com\\\/#website\"},\"primaryImageOfPage\":{\"@id\":\"https:\\\/\\\/www.dillerbottle.com\\\/products\\\/large-capacity-insulated-coffee-mug#primaryimage\"},\"image\":{\"@id\":\"https:\\\/\\\/www.dillerbottle.com\\\/products\\\/large-capacity-insulated-coffee-mug#primaryimage\"},\"thumbnailUrl\":\"https:\\\/\\\/www.dillerbottle.com\\\/wp-content\\\/uploads\\\/2024\\\/09\\\/large-capacity-insulated-coffee-muga88beb1a-3f49-4573-93e6-4de4bc39760d.jpg\",\"datePublished\":\"2024-09-29T06:28:11+00:00\",\"dateModified\":\"2025-07-09T08:03:16+00:00\",\"description\":\"As one of the best large capacity insulated coffee mug manufacturers and suppliers, we are engaged in manufacturing good quality water bottles. We warmly welcome you to wholesale or buy custom made large capacity insulated coffee mug at competitive price from us. Also, small quantity orders are acceptable.\",\"breadcrumb\":{\"@id\":\"https:\\\/\\\/www.dillerbottle.com\\\/products\\\/large-capacity-insulated-coffee-mug#breadcrumb\"},\"inLanguage\":\"fr-FR\",\"potentialAction\":[{\"@type\":\"ReadAction\",\"target\":[\"https:\\\/\\\/www.dillerbottle.com\\\/products\\\/large-capacity-insulated-coffee-mug\"]}]},{\"@type\":\"ImageObject\",\"inLanguage\":\"fr-FR\",\"@id\":\"https:\\\/\\\/www.dillerbottle.com\\\/products\\\/large-capacity-insulated-coffee-mug#primaryimage\",\"url\":\"https:\\\/\\\/www.dillerbottle.com\\\/wp-content\\\/uploads\\\/2024\\\/09\\\/large-capacity-insulated-coffee-muga88beb1a-3f49-4573-93e6-4de4bc39760d.jpg\",\"contentUrl\":\"https:\\\/\\\/www.dillerbottle.com\\\/wp-content\\\/uploads\\\/2024\\\/09\\\/large-capacity-insulated-coffee-muga88beb1a-3f49-4573-93e6-4de4bc39760d.jpg\",\"width\":730,\"height\":730},{\"@type\":\"BreadcrumbList\",\"@id\":\"https:\\\/\\\/www.dillerbottle.com\\\/products\\\/large-capacity-insulated-coffee-mug#breadcrumb\",\"itemListElement\":[{\"@type\":\"ListItem\",\"position\":1,\"name\":\"Home\",\"item\":\"https:\\\/\\\/www.dillerbottle.com\\\/\"},{\"@type\":\"ListItem\",\"position\":2,\"name\":\"Products\",\"item\":\"https:\\\/\\\/www.dillerbottle.com\\\/shop\"},{\"@type\":\"ListItem\",\"position\":3,\"name\":\"Large Capacity Insulated Coffee Mug\"}]},{\"@type\":\"WebSite\",\"@id\":\"https:\\\/\\\/www.dillerbottle.com\\\/#website\",\"url\":\"https:\\\/\\\/www.dillerbottle.com\\\/\",\"name\":\"Diller Water Bottle Manufacturer\",\"description\":\"Water Bottle Manufacturer\",\"publisher\":{\"@id\":\"https:\\\/\\\/www.dillerbottle.com\\\/#organization\"},\"potentialAction\":[{\"@type\":\"SearchAction\",\"target\":{\"@type\":\"EntryPoint\",\"urlTemplate\":\"https:\\\/\\\/www.dillerbottle.com\\\/?s={search_term_string}\"},\"query-input\":{\"@type\":\"PropertyValueSpecification\",\"valueRequired\":true,\"valueName\":\"search_term_string\"}}],\"inLanguage\":\"fr-FR\"},{\"@type\":\"Organization\",\"@id\":\"https:\\\/\\\/www.dillerbottle.com\\\/#organization\",\"name\":\"Diller Water Bottle Manufacturer\",\"url\":\"https:\\\/\\\/www.dillerbottle.com\\\/\",\"logo\":{\"@type\":\"ImageObject\",\"inLanguage\":\"fr-FR\",\"@id\":\"https:\\\/\\\/www.dillerbottle.com\\\/#\\\/schema\\\/logo\\\/image\\\/\",\"url\":\"https:\\\/\\\/www.dillerbottle.com\\\/wp-content\\\/uploads\\\/2024\\\/09\\\/49918bfa848dcc1e9f8b509933603ac.png\",\"contentUrl\":\"https:\\\/\\\/www.dillerbottle.com\\\/wp-content\\\/uploads\\\/2024\\\/09\\\/49918bfa848dcc1e9f8b509933603ac.png\",\"width\":988,\"height\":198,\"caption\":\"Diller Water Bottle Manufacturer\"},\"image\":{\"@id\":\"https:\\\/\\\/www.dillerbottle.com\\\/#\\\/schema\\\/logo\\\/image\\\/\"}}]}<\/script>\n<!-- \/ Yoast SEO Premium plugin. -->","yoast_head_json":{"title":"Tasse \u00e0 caf\u00e9 isotherme de grande capacit\u00e9 - Fabricant de bouteilles d&#039;eau Diller","description":"En tant que l&#039;un des meilleurs fabricants et fournisseurs de tasses \u00e0 caf\u00e9 isothermes de grande capacit\u00e9, nous sommes engag\u00e9s dans la fabrication de bouteilles d&#039;eau de bonne qualit\u00e9. Nous vous invitons chaleureusement \u00e0 vendre en gros ou \u00e0 acheter chez nous des tasses \u00e0 caf\u00e9 isothermes de grande capacit\u00e9 sur mesure \u00e0 un prix comp\u00e9titif. De plus, les commandes en petites quantit\u00e9s sont acceptables.","robots":{"index":"index","follow":"follow","max-snippet":"max-snippet:-1","max-image-preview":"max-image-preview:large","max-video-preview":"max-video-preview:-1"},"canonical":"https:\/\/www.dillerbottle.com\/fr\/produits\/tasse-a-cafe-isotherme-de-grande-capacite","og_locale":"fr_FR","og_type":"article","og_title":"Large Capacity Insulated Coffee Mug","og_description":"As one of the best large capacity insulated coffee mug manufacturers and suppliers, we are engaged in manufacturing good quality water bottles. We warmly welcome you to wholesale or buy custom made large capacity insulated coffee mug at competitive price from us. Also, small quantity orders are acceptable.","og_url":"https:\/\/www.dillerbottle.com\/fr\/produits\/tasse-a-cafe-isotherme-de-grande-capacite","og_site_name":"Diller Water Bottle Manufacturer","article_modified_time":"2025-07-09T08:03:16+00:00","og_image":[{"width":730,"height":730,"url":"https:\/\/www.dillerbottle.com\/wp-content\/uploads\/2024\/09\/large-capacity-insulated-coffee-muga88beb1a-3f49-4573-93e6-4de4bc39760d.jpg","type":"image\/jpeg"}],"twitter_card":"summary_large_image","twitter_misc":{"Dur\u00e9e de lecture estim\u00e9e":"6 minutes"},"schema":{"@context":"https:\/\/schema.org","@graph":[{"@type":"WebPage","@id":"https:\/\/www.dillerbottle.com\/products\/large-capacity-insulated-coffee-mug","url":"https:\/\/www.dillerbottle.com\/products\/large-capacity-insulated-coffee-mug","name":"Tasse \u00e0 caf\u00e9 isotherme de grande capacit\u00e9 - Fabricant de bouteilles d&#039;eau Diller","isPartOf":{"@id":"https:\/\/www.dillerbottle.com\/#website"},"primaryImageOfPage":{"@id":"https:\/\/www.dillerbottle.com\/products\/large-capacity-insulated-coffee-mug#primaryimage"},"image":{"@id":"https:\/\/www.dillerbottle.com\/products\/large-capacity-insulated-coffee-mug#primaryimage"},"thumbnailUrl":"https:\/\/www.dillerbottle.com\/wp-content\/uploads\/2024\/09\/large-capacity-insulated-coffee-muga88beb1a-3f49-4573-93e6-4de4bc39760d.jpg","datePublished":"2024-09-29T06:28:11+00:00","dateModified":"2025-07-09T08:03:16+00:00","description":"En tant que l&#039;un des meilleurs fabricants et fournisseurs de tasses \u00e0 caf\u00e9 isothermes de grande capacit\u00e9, nous sommes engag\u00e9s dans la fabrication de bouteilles d&#039;eau de bonne qualit\u00e9. Nous vous invitons chaleureusement \u00e0 vendre en gros ou \u00e0 acheter chez nous des tasses \u00e0 caf\u00e9 isothermes de grande capacit\u00e9 sur mesure \u00e0 un prix comp\u00e9titif. De plus, les commandes en petites quantit\u00e9s sont acceptables.","breadcrumb":{"@id":"https:\/\/www.dillerbottle.com\/products\/large-capacity-insulated-coffee-mug#breadcrumb"},"inLanguage":"fr-FR","potentialAction":[{"@type":"ReadAction","target":["https:\/\/www.dillerbottle.com\/products\/large-capacity-insulated-coffee-mug"]}]},{"@type":"ImageObject","inLanguage":"fr-FR","@id":"https:\/\/www.dillerbottle.com\/products\/large-capacity-insulated-coffee-mug#primaryimage","url":"https:\/\/www.dillerbottle.com\/wp-content\/uploads\/2024\/09\/large-capacity-insulated-coffee-muga88beb1a-3f49-4573-93e6-4de4bc39760d.jpg","contentUrl":"https:\/\/www.dillerbottle.com\/wp-content\/uploads\/2024\/09\/large-capacity-insulated-coffee-muga88beb1a-3f49-4573-93e6-4de4bc39760d.jpg","width":730,"height":730},{"@type":"BreadcrumbList","@id":"https:\/\/www.dillerbottle.com\/products\/large-capacity-insulated-coffee-mug#breadcrumb","itemListElement":[{"@type":"ListItem","position":1,"name":"Home","item":"https:\/\/www.dillerbottle.com\/"},{"@type":"ListItem","position":2,"name":"Products","item":"https:\/\/www.dillerbottle.com\/shop"},{"@type":"ListItem","position":3,"name":"Large Capacity Insulated Coffee Mug"}]},{"@type":"WebSite","@id":"https:\/\/www.dillerbottle.com\/#website","url":"https:\/\/www.dillerbottle.com\/","name":"Fabricant de bouteilles d&#039;eau Diller","description":"Fabricant de bouteilles d&#039;eau","publisher":{"@id":"https:\/\/www.dillerbottle.com\/#organization"},"potentialAction":[{"@type":"SearchAction","target":{"@type":"EntryPoint","urlTemplate":"https:\/\/www.dillerbottle.com\/?s={search_term_string}"},"query-input":{"@type":"PropertyValueSpecification","valueRequired":true,"valueName":"search_term_string"}}],"inLanguage":"fr-FR"},{"@type":"Organization","@id":"https:\/\/www.dillerbottle.com\/#organization","name":"Fabricant de bouteilles d&#039;eau Diller","url":"https:\/\/www.dillerbottle.com\/","logo":{"@type":"ImageObject","inLanguage":"fr-FR","@id":"https:\/\/www.dillerbottle.com\/#\/schema\/logo\/image\/","url":"https:\/\/www.dillerbottle.com\/wp-content\/uploads\/2024\/09\/49918bfa848dcc1e9f8b509933603ac.png","contentUrl":"https:\/\/www.dillerbottle.com\/wp-content\/uploads\/2024\/09\/49918bfa848dcc1e9f8b509933603ac.png","width":988,"height":198,"caption":"Diller Water Bottle Manufacturer"},"image":{"@id":"https:\/\/www.dillerbottle.com\/#\/schema\/logo\/image\/"}}]}},"_links":{"self":[{"href":"https:\/\/www.dillerbottle.com\/fr\/wp-json\/wp\/v2\/product\/9201","targetHints":{"allow":["GET"]}}],"collection":[{"href":"https:\/\/www.dillerbottle.com\/fr\/wp-json\/wp\/v2\/product"}],"about":[{"href":"https:\/\/www.dillerbottle.com\/fr\/wp-json\/wp\/v2\/types\/product"}],"replies":[{"embeddable":true,"href":"https:\/\/www.dillerbottle.com\/fr\/wp-json\/wp\/v2\/comments?post=9201"}],"wp:featuredmedia":[{"embeddable":true,"href":"https:\/\/www.dillerbottle.com\/fr\/wp-json\/wp\/v2\/media\/9202"}],"wp:attachment":[{"href":"https:\/\/www.dillerbottle.com\/fr\/wp-json\/wp\/v2\/media?parent=9201"}],"wp:term":[{"taxonomy":"product_brand","embeddable":true,"href":"https:\/\/www.dillerbottle.com\/fr\/wp-json\/wp\/v2\/product_brand?post=9201"},{"taxonomy":"product_cat","embeddable":true,"href":"https:\/\/www.dillerbottle.com\/fr\/wp-json\/wp\/v2\/product_cat?post=9201"},{"taxonomy":"product_tag","embeddable":true,"href":"https:\/\/www.dillerbottle.com\/fr\/wp-json\/wp\/v2\/product_tag?post=9201"}],"curies":[{"name":"wp","href":"https:\/\/api.w.org\/{rel}","templated":true}]}}