{"id":9451,"date":"2024-09-29T14:31:28","date_gmt":"2024-09-29T06:31:28","guid":{"rendered":"https:\/\/demo.dillerbottle.com\/products\/portable-insulated-coffee-mug"},"modified":"2025-07-09T15:56:47","modified_gmt":"2025-07-09T07:56:47","slug":"tasse-a-cafe-isotherme-portable","status":"publish","type":"product","link":"https:\/\/www.dillerbottle.com\/fr\/products\/portable-insulated-coffee-mug","title":{"rendered":"Tasse \u00e0 caf\u00e9 isotherme portable"},"content":{"rendered":"<p>1. Cette tasse \u00e0 caf\u00e9 isotherme portable est fabriqu\u00e9e en acier inoxydable 316 \u00e0 double paroi durable\u00a0; isol\u00e9e sous vide, notre tasse de voyage thermo peut garder les boissons chaudes ou froides jusqu&#039;\u00e0 8 heures.<\/p>\n<p>2. Le couvercle rabattable anti-d\u00e9versement est simple, s\u00fbr et facile \u00e0 utiliser d&#039;une seule main. La conception du corps \u00e9troit le rend facile \u00e0 saisir et \u00e0 emporter, s&#039;adapte \u00e9galement \u00e0 la plupart des porte-gobelets de voiture et des cafeti\u00e8res.<\/p>\n<p>3. Base en silicone qui fournit \u00e0 la tasse \u00e0 caf\u00e9 isotherme en acier inoxydable un fond antid\u00e9rapant pour \u00e9viter tout glissement.<\/p>\n<p>4. Vous souhaitez personnaliser une tasse \u00e0 caf\u00e9 isotherme portable avec votre logo, votre couleur, votre motif ou votre design pour refl\u00e9ter parfaitement votre marque ? Ne cherchez plus ! Notre \u00e9quipe peut travailler avec vous. Nous proposons des \u00e9chantillons gratuits pour vous aider \u00e0 d\u00e9marrer, et nos options d&#039;achat en gros vous permettent d&#039;obtenir facilement la quantit\u00e9 dont vous avez besoin.<\/p>\n<div style=\"width: 640px;\" class=\"wp-video\"><video class=\"wp-video-shortcode\" id=\"video-9451-1\" width=\"640\" height=\"360\" preload=\"metadata\" controls=\"controls\"><source type=\"video\/mp4\" src=\"\/wp-content\/uploads\/2024\/09\/66f8f445f03a5-video202302151637501334461.mp4?_=1\" \/><a href=\"\/wp-content\/uploads\/2024\/09\/66f8f445f03a5-video202302151637501334461.mp4\">\/wp-content\/uploads\/2024\/09\/66f8f445f03a5-video202302151637501334461.mp4<\/a><\/video><\/div>","protected":false},"excerpt":{"rendered":"<p>Cette tasse \u00e0 caf\u00e9 isotherme portable est fabriqu\u00e9e en acier inoxydable 316 \u00e0 double paroi durable et en mat\u00e9riaux de qualit\u00e9 alimentaire.<br \/>\nIsol\u00e9 sous vide, notre mug isotherme peut garder les boissons chaudes ou froides jusqu&#039;\u00e0 8 heures.<br \/>\nLe couvercle rabattable anti-\u00e9claboussures est simple, s\u00fbr et facile \u00e0 utiliser d&#039;une seule main.<br \/>\nSi vous souhaitez personnaliser une tasse de voyage thermos avec votre logo, votre couleur, votre motif ou votre design.<br \/>\nNotre \u00e9quipe peut travailler avec vous pour cr\u00e9er un design ou un motif unique qui refl\u00e9tera parfaitement votre marque.<\/p>","protected":false},"featured_media":9452,"comment_status":"open","ping_status":"closed","template":"","meta":{"_acf_changed":false},"product_brand":[],"product_cat":[18],"product_tag":[721,32,209,36,33,31,39,693,561,38,29,37,826,34,535,35,28,30,827],"class_list":{"0":"post-9451","1":"product","2":"type-product","3":"status-publish","4":"has-post-thumbnail","6":"product_cat-insulated-water-bottle","7":"product_tag-500ml-water-bottle-with-straw","8":"product_tag-best","9":"product_tag-bpa-free-water-bottle-with-customized-printing","10":"product_tag-bulk","11":"product_tag-buy","12":"product_tag-custom","13":"product_tag-for-sale","14":"product_tag-frosted-water-bottle-bpa-free","15":"product_tag-frosted-water-bottles","16":"product_tag-good-quality","17":"product_tag-manufacturers","18":"product_tag-manufacturing","19":"product_tag-portable-insulated-coffee-mug","20":"product_tag-price","21":"product_tag-slim-water-bottle","22":"product_tag-small","23":"product_tag-suppliers","24":"product_tag-wholesale","25":"product_tag-wide-mouth-water-bottle","27":"first","28":"instock","29":"shipping-taxable","30":"product-type-simple"},"acf":[],"yoast_head":"<!-- This site is optimized with the Yoast SEO Premium plugin v27.4 (Yoast SEO v27.4) - https:\/\/yoast.com\/product\/yoast-seo-premium-wordpress\/ -->\n<title>Portable Insulated Coffee Mug - Diller Water Bottle Manufacturer<\/title>\n<meta name=\"description\" content=\"As one of the best portable insulated coffee mug manufacturers and suppliers, we are engaged in manufacturing good quality water bottles. We warmly welcome you to wholesale or buy custom made portable insulated coffee mug at competitive price from us. Also, small quantity orders are acceptable.\" \/>\n<meta name=\"robots\" content=\"index, follow, max-snippet:-1, max-image-preview:large, max-video-preview:-1\" \/>\n<link rel=\"canonical\" href=\"https:\/\/www.dillerbottle.com\/fr\/produits\/tasse-a-cafe-isotherme-portable\" \/>\n<meta property=\"og:locale\" content=\"fr_FR\" \/>\n<meta property=\"og:type\" content=\"article\" \/>\n<meta property=\"og:title\" content=\"Portable Insulated Coffee Mug\" \/>\n<meta property=\"og:description\" content=\"As one of the best portable insulated coffee mug manufacturers and suppliers, we are engaged in manufacturing good quality water bottles. We warmly welcome you to wholesale or buy custom made portable insulated coffee mug at competitive price from us. Also, small quantity orders are acceptable.\" \/>\n<meta property=\"og:url\" content=\"https:\/\/www.dillerbottle.com\/fr\/produits\/tasse-a-cafe-isotherme-portable\" \/>\n<meta property=\"og:site_name\" content=\"Diller Water Bottle Manufacturer\" \/>\n<meta property=\"article:modified_time\" content=\"2025-07-09T07:56:47+00:00\" \/>\n<meta property=\"og:image\" content=\"https:\/\/www.dillerbottle.com\/wp-content\/uploads\/2024\/09\/portable-insulated-coffee-mug88e6cbd0-e5ee-4518-a14b-e4c96473fab9.jpg\" \/>\n\t<meta property=\"og:image:width\" content=\"730\" \/>\n\t<meta property=\"og:image:height\" content=\"730\" \/>\n\t<meta property=\"og:image:type\" content=\"image\/jpeg\" \/>\n<meta name=\"twitter:card\" content=\"summary_large_image\" \/>\n<meta name=\"twitter:label1\" content=\"Dur\u00e9e de lecture estim\u00e9e\" \/>\n\t<meta name=\"twitter:data1\" content=\"7 minutes\" \/>\n<script type=\"application\/ld+json\" class=\"yoast-schema-graph\">{\"@context\":\"https:\\\/\\\/schema.org\",\"@graph\":[{\"@type\":\"WebPage\",\"@id\":\"https:\\\/\\\/www.dillerbottle.com\\\/ru\\\/%d0%bf%d1%80%d0%be%d0%b4%d1%83%d0%ba%d1%82%d1%8b\\\/%d0%bf%d0%b5%d1%80%d0%b5%d0%bd%d0%be%d1%81%d0%bd%d0%b0%d1%8f-%d1%82%d0%b5%d1%80%d0%bc%d0%be%d0%ba%d1%80%d1%83%d0%b6%d0%ba%d0%b0-%d0%b4%d0%bb%d1%8f-%d0%ba%d0%be%d1%84%d0%b5-2\",\"url\":\"https:\\\/\\\/www.dillerbottle.com\\\/ru\\\/%d0%bf%d1%80%d0%be%d0%b4%d1%83%d0%ba%d1%82%d1%8b\\\/%d0%bf%d0%b5%d1%80%d0%b5%d0%bd%d0%be%d1%81%d0%bd%d0%b0%d1%8f-%d1%82%d0%b5%d1%80%d0%bc%d0%be%d0%ba%d1%80%d1%83%d0%b6%d0%ba%d0%b0-%d0%b4%d0%bb%d1%8f-%d0%ba%d0%be%d1%84%d0%b5-2\",\"name\":\"Portable Insulated Coffee Mug - Diller Water Bottle Manufacturer\",\"isPartOf\":{\"@id\":\"https:\\\/\\\/www.dillerbottle.com\\\/#website\"},\"primaryImageOfPage\":{\"@id\":\"https:\\\/\\\/www.dillerbottle.com\\\/ru\\\/%d0%bf%d1%80%d0%be%d0%b4%d1%83%d0%ba%d1%82%d1%8b\\\/%d0%bf%d0%b5%d1%80%d0%b5%d0%bd%d0%be%d1%81%d0%bd%d0%b0%d1%8f-%d1%82%d0%b5%d1%80%d0%bc%d0%be%d0%ba%d1%80%d1%83%d0%b6%d0%ba%d0%b0-%d0%b4%d0%bb%d1%8f-%d0%ba%d0%be%d1%84%d0%b5-2#primaryimage\"},\"image\":{\"@id\":\"https:\\\/\\\/www.dillerbottle.com\\\/ru\\\/%d0%bf%d1%80%d0%be%d0%b4%d1%83%d0%ba%d1%82%d1%8b\\\/%d0%bf%d0%b5%d1%80%d0%b5%d0%bd%d0%be%d1%81%d0%bd%d0%b0%d1%8f-%d1%82%d0%b5%d1%80%d0%bc%d0%be%d0%ba%d1%80%d1%83%d0%b6%d0%ba%d0%b0-%d0%b4%d0%bb%d1%8f-%d0%ba%d0%be%d1%84%d0%b5-2#primaryimage\"},\"thumbnailUrl\":\"https:\\\/\\\/www.dillerbottle.com\\\/wp-content\\\/uploads\\\/2024\\\/09\\\/portable-insulated-coffee-mug88e6cbd0-e5ee-4518-a14b-e4c96473fab9.jpg\",\"datePublished\":\"2024-09-29T06:31:28+00:00\",\"dateModified\":\"2025-07-09T07:56:47+00:00\",\"description\":\"As one of the best portable insulated coffee mug manufacturers and suppliers, we are engaged in manufacturing good quality water bottles. We warmly welcome you to wholesale or buy custom made portable insulated coffee mug at competitive price from us. Also, small quantity orders are acceptable.\",\"breadcrumb\":{\"@id\":\"https:\\\/\\\/www.dillerbottle.com\\\/ru\\\/%d0%bf%d1%80%d0%be%d0%b4%d1%83%d0%ba%d1%82%d1%8b\\\/%d0%bf%d0%b5%d1%80%d0%b5%d0%bd%d0%be%d1%81%d0%bd%d0%b0%d1%8f-%d1%82%d0%b5%d1%80%d0%bc%d0%be%d0%ba%d1%80%d1%83%d0%b6%d0%ba%d0%b0-%d0%b4%d0%bb%d1%8f-%d0%ba%d0%be%d1%84%d0%b5-2#breadcrumb\"},\"inLanguage\":\"fr-FR\",\"potentialAction\":[{\"@type\":\"ReadAction\",\"target\":[\"https:\\\/\\\/www.dillerbottle.com\\\/ru\\\/%d0%bf%d1%80%d0%be%d0%b4%d1%83%d0%ba%d1%82%d1%8b\\\/%d0%bf%d0%b5%d1%80%d0%b5%d0%bd%d0%be%d1%81%d0%bd%d0%b0%d1%8f-%d1%82%d0%b5%d1%80%d0%bc%d0%be%d0%ba%d1%80%d1%83%d0%b6%d0%ba%d0%b0-%d0%b4%d0%bb%d1%8f-%d0%ba%d0%be%d1%84%d0%b5-2\"]}]},{\"@type\":\"ImageObject\",\"inLanguage\":\"fr-FR\",\"@id\":\"https:\\\/\\\/www.dillerbottle.com\\\/ru\\\/%d0%bf%d1%80%d0%be%d0%b4%d1%83%d0%ba%d1%82%d1%8b\\\/%d0%bf%d0%b5%d1%80%d0%b5%d0%bd%d0%be%d1%81%d0%bd%d0%b0%d1%8f-%d1%82%d0%b5%d1%80%d0%bc%d0%be%d0%ba%d1%80%d1%83%d0%b6%d0%ba%d0%b0-%d0%b4%d0%bb%d1%8f-%d0%ba%d0%be%d1%84%d0%b5-2#primaryimage\",\"url\":\"https:\\\/\\\/www.dillerbottle.com\\\/wp-content\\\/uploads\\\/2024\\\/09\\\/portable-insulated-coffee-mug88e6cbd0-e5ee-4518-a14b-e4c96473fab9.jpg\",\"contentUrl\":\"https:\\\/\\\/www.dillerbottle.com\\\/wp-content\\\/uploads\\\/2024\\\/09\\\/portable-insulated-coffee-mug88e6cbd0-e5ee-4518-a14b-e4c96473fab9.jpg\",\"width\":730,\"height\":730},{\"@type\":\"BreadcrumbList\",\"@id\":\"https:\\\/\\\/www.dillerbottle.com\\\/ru\\\/%d0%bf%d1%80%d0%be%d0%b4%d1%83%d0%ba%d1%82%d1%8b\\\/%d0%bf%d0%b5%d1%80%d0%b5%d0%bd%d0%be%d1%81%d0%bd%d0%b0%d1%8f-%d1%82%d0%b5%d1%80%d0%bc%d0%be%d0%ba%d1%80%d1%83%d0%b6%d0%ba%d0%b0-%d0%b4%d0%bb%d1%8f-%d0%ba%d0%be%d1%84%d0%b5-2#breadcrumb\",\"itemListElement\":[{\"@type\":\"ListItem\",\"position\":1,\"name\":\"Home\",\"item\":\"https:\\\/\\\/www.dillerbottle.com\\\/\"},{\"@type\":\"ListItem\",\"position\":2,\"name\":\"Products\",\"item\":\"https:\\\/\\\/www.dillerbottle.com\\\/shop\"},{\"@type\":\"ListItem\",\"position\":3,\"name\":\"Portable Insulated Coffee Mug\"}]},{\"@type\":\"WebSite\",\"@id\":\"https:\\\/\\\/www.dillerbottle.com\\\/#website\",\"url\":\"https:\\\/\\\/www.dillerbottle.com\\\/\",\"name\":\"Diller Water Bottle Manufacturer\",\"description\":\"Water Bottle Manufacturer\",\"publisher\":{\"@id\":\"https:\\\/\\\/www.dillerbottle.com\\\/#organization\"},\"potentialAction\":[{\"@type\":\"SearchAction\",\"target\":{\"@type\":\"EntryPoint\",\"urlTemplate\":\"https:\\\/\\\/www.dillerbottle.com\\\/?s={search_term_string}\"},\"query-input\":{\"@type\":\"PropertyValueSpecification\",\"valueRequired\":true,\"valueName\":\"search_term_string\"}}],\"inLanguage\":\"fr-FR\"},{\"@type\":\"Organization\",\"@id\":\"https:\\\/\\\/www.dillerbottle.com\\\/#organization\",\"name\":\"Diller Water Bottle Manufacturer\",\"url\":\"https:\\\/\\\/www.dillerbottle.com\\\/\",\"logo\":{\"@type\":\"ImageObject\",\"inLanguage\":\"fr-FR\",\"@id\":\"https:\\\/\\\/www.dillerbottle.com\\\/#\\\/schema\\\/logo\\\/image\\\/\",\"url\":\"https:\\\/\\\/www.dillerbottle.com\\\/wp-content\\\/uploads\\\/2024\\\/09\\\/49918bfa848dcc1e9f8b509933603ac.png\",\"contentUrl\":\"https:\\\/\\\/www.dillerbottle.com\\\/wp-content\\\/uploads\\\/2024\\\/09\\\/49918bfa848dcc1e9f8b509933603ac.png\",\"width\":988,\"height\":198,\"caption\":\"Diller Water Bottle Manufacturer\"},\"image\":{\"@id\":\"https:\\\/\\\/www.dillerbottle.com\\\/#\\\/schema\\\/logo\\\/image\\\/\"}}]}<\/script>\n<!-- \/ Yoast SEO Premium plugin. -->","yoast_head_json":{"title":"Tasse \u00e0 caf\u00e9 isotherme portable - Fabricant de bouteilles d&#039;eau Diller","description":"En tant que l&#039;un des meilleurs fabricants et fournisseurs de tasses \u00e0 caf\u00e9 isothermes portables, nous sommes engag\u00e9s dans la fabrication de bouteilles d&#039;eau de bonne qualit\u00e9. Nous vous invitons chaleureusement \u00e0 vendre en gros ou \u00e0 acheter chez nous des tasses \u00e0 caf\u00e9 isothermes portables sur mesure \u00e0 un prix comp\u00e9titif. De plus, les commandes en petites quantit\u00e9s sont acceptables.","robots":{"index":"index","follow":"follow","max-snippet":"max-snippet:-1","max-image-preview":"max-image-preview:large","max-video-preview":"max-video-preview:-1"},"canonical":"https:\/\/www.dillerbottle.com\/fr\/produits\/tasse-a-cafe-isotherme-portable","og_locale":"fr_FR","og_type":"article","og_title":"Portable Insulated Coffee Mug","og_description":"As one of the best portable insulated coffee mug manufacturers and suppliers, we are engaged in manufacturing good quality water bottles. We warmly welcome you to wholesale or buy custom made portable insulated coffee mug at competitive price from us. Also, small quantity orders are acceptable.","og_url":"https:\/\/www.dillerbottle.com\/fr\/produits\/tasse-a-cafe-isotherme-portable","og_site_name":"Diller Water Bottle Manufacturer","article_modified_time":"2025-07-09T07:56:47+00:00","og_image":[{"width":730,"height":730,"url":"https:\/\/www.dillerbottle.com\/wp-content\/uploads\/2024\/09\/portable-insulated-coffee-mug88e6cbd0-e5ee-4518-a14b-e4c96473fab9.jpg","type":"image\/jpeg"}],"twitter_card":"summary_large_image","twitter_misc":{"Dur\u00e9e de lecture estim\u00e9e":"7 minutes"},"schema":{"@context":"https:\/\/schema.org","@graph":[{"@type":"WebPage","@id":"https:\/\/www.dillerbottle.com\/ru\/%d0%bf%d1%80%d0%be%d0%b4%d1%83%d0%ba%d1%82%d1%8b\/%d0%bf%d0%b5%d1%80%d0%b5%d0%bd%d0%be%d1%81%d0%bd%d0%b0%d1%8f-%d1%82%d0%b5%d1%80%d0%bc%d0%be%d0%ba%d1%80%d1%83%d0%b6%d0%ba%d0%b0-%d0%b4%d0%bb%d1%8f-%d0%ba%d0%be%d1%84%d0%b5-2","url":"https:\/\/www.dillerbottle.com\/ru\/%d0%bf%d1%80%d0%be%d0%b4%d1%83%d0%ba%d1%82%d1%8b\/%d0%bf%d0%b5%d1%80%d0%b5%d0%bd%d0%be%d1%81%d0%bd%d0%b0%d1%8f-%d1%82%d0%b5%d1%80%d0%bc%d0%be%d0%ba%d1%80%d1%83%d0%b6%d0%ba%d0%b0-%d0%b4%d0%bb%d1%8f-%d0%ba%d0%be%d1%84%d0%b5-2","name":"Tasse \u00e0 caf\u00e9 isotherme portable - Fabricant de bouteilles d&#039;eau Diller","isPartOf":{"@id":"https:\/\/www.dillerbottle.com\/#website"},"primaryImageOfPage":{"@id":"https:\/\/www.dillerbottle.com\/ru\/%d0%bf%d1%80%d0%be%d0%b4%d1%83%d0%ba%d1%82%d1%8b\/%d0%bf%d0%b5%d1%80%d0%b5%d0%bd%d0%be%d1%81%d0%bd%d0%b0%d1%8f-%d1%82%d0%b5%d1%80%d0%bc%d0%be%d0%ba%d1%80%d1%83%d0%b6%d0%ba%d0%b0-%d0%b4%d0%bb%d1%8f-%d0%ba%d0%be%d1%84%d0%b5-2#primaryimage"},"image":{"@id":"https:\/\/www.dillerbottle.com\/ru\/%d0%bf%d1%80%d0%be%d0%b4%d1%83%d0%ba%d1%82%d1%8b\/%d0%bf%d0%b5%d1%80%d0%b5%d0%bd%d0%be%d1%81%d0%bd%d0%b0%d1%8f-%d1%82%d0%b5%d1%80%d0%bc%d0%be%d0%ba%d1%80%d1%83%d0%b6%d0%ba%d0%b0-%d0%b4%d0%bb%d1%8f-%d0%ba%d0%be%d1%84%d0%b5-2#primaryimage"},"thumbnailUrl":"https:\/\/www.dillerbottle.com\/wp-content\/uploads\/2024\/09\/portable-insulated-coffee-mug88e6cbd0-e5ee-4518-a14b-e4c96473fab9.jpg","datePublished":"2024-09-29T06:31:28+00:00","dateModified":"2025-07-09T07:56:47+00:00","description":"En tant que l&#039;un des meilleurs fabricants et fournisseurs de tasses \u00e0 caf\u00e9 isothermes portables, nous sommes engag\u00e9s dans la fabrication de bouteilles d&#039;eau de bonne qualit\u00e9. Nous vous invitons chaleureusement \u00e0 vendre en gros ou \u00e0 acheter chez nous des tasses \u00e0 caf\u00e9 isothermes portables sur mesure \u00e0 un prix comp\u00e9titif. De plus, les commandes en petites quantit\u00e9s sont acceptables.","breadcrumb":{"@id":"https:\/\/www.dillerbottle.com\/ru\/%d0%bf%d1%80%d0%be%d0%b4%d1%83%d0%ba%d1%82%d1%8b\/%d0%bf%d0%b5%d1%80%d0%b5%d0%bd%d0%be%d1%81%d0%bd%d0%b0%d1%8f-%d1%82%d0%b5%d1%80%d0%bc%d0%be%d0%ba%d1%80%d1%83%d0%b6%d0%ba%d0%b0-%d0%b4%d0%bb%d1%8f-%d0%ba%d0%be%d1%84%d0%b5-2#breadcrumb"},"inLanguage":"fr-FR","potentialAction":[{"@type":"ReadAction","target":["https:\/\/www.dillerbottle.com\/ru\/%d0%bf%d1%80%d0%be%d0%b4%d1%83%d0%ba%d1%82%d1%8b\/%d0%bf%d0%b5%d1%80%d0%b5%d0%bd%d0%be%d1%81%d0%bd%d0%b0%d1%8f-%d1%82%d0%b5%d1%80%d0%bc%d0%be%d0%ba%d1%80%d1%83%d0%b6%d0%ba%d0%b0-%d0%b4%d0%bb%d1%8f-%d0%ba%d0%be%d1%84%d0%b5-2"]}]},{"@type":"ImageObject","inLanguage":"fr-FR","@id":"https:\/\/www.dillerbottle.com\/ru\/%d0%bf%d1%80%d0%be%d0%b4%d1%83%d0%ba%d1%82%d1%8b\/%d0%bf%d0%b5%d1%80%d0%b5%d0%bd%d0%be%d1%81%d0%bd%d0%b0%d1%8f-%d1%82%d0%b5%d1%80%d0%bc%d0%be%d0%ba%d1%80%d1%83%d0%b6%d0%ba%d0%b0-%d0%b4%d0%bb%d1%8f-%d0%ba%d0%be%d1%84%d0%b5-2#primaryimage","url":"https:\/\/www.dillerbottle.com\/wp-content\/uploads\/2024\/09\/portable-insulated-coffee-mug88e6cbd0-e5ee-4518-a14b-e4c96473fab9.jpg","contentUrl":"https:\/\/www.dillerbottle.com\/wp-content\/uploads\/2024\/09\/portable-insulated-coffee-mug88e6cbd0-e5ee-4518-a14b-e4c96473fab9.jpg","width":730,"height":730},{"@type":"BreadcrumbList","@id":"https:\/\/www.dillerbottle.com\/ru\/%d0%bf%d1%80%d0%be%d0%b4%d1%83%d0%ba%d1%82%d1%8b\/%d0%bf%d0%b5%d1%80%d0%b5%d0%bd%d0%be%d1%81%d0%bd%d0%b0%d1%8f-%d1%82%d0%b5%d1%80%d0%bc%d0%be%d0%ba%d1%80%d1%83%d0%b6%d0%ba%d0%b0-%d0%b4%d0%bb%d1%8f-%d0%ba%d0%be%d1%84%d0%b5-2#breadcrumb","itemListElement":[{"@type":"ListItem","position":1,"name":"Home","item":"https:\/\/www.dillerbottle.com\/"},{"@type":"ListItem","position":2,"name":"Products","item":"https:\/\/www.dillerbottle.com\/shop"},{"@type":"ListItem","position":3,"name":"Portable Insulated Coffee Mug"}]},{"@type":"WebSite","@id":"https:\/\/www.dillerbottle.com\/#website","url":"https:\/\/www.dillerbottle.com\/","name":"Fabricant de bouteilles d&#039;eau Diller","description":"Fabricant de bouteilles d&#039;eau","publisher":{"@id":"https:\/\/www.dillerbottle.com\/#organization"},"potentialAction":[{"@type":"SearchAction","target":{"@type":"EntryPoint","urlTemplate":"https:\/\/www.dillerbottle.com\/?s={search_term_string}"},"query-input":{"@type":"PropertyValueSpecification","valueRequired":true,"valueName":"search_term_string"}}],"inLanguage":"fr-FR"},{"@type":"Organization","@id":"https:\/\/www.dillerbottle.com\/#organization","name":"Fabricant de bouteilles d&#039;eau Diller","url":"https:\/\/www.dillerbottle.com\/","logo":{"@type":"ImageObject","inLanguage":"fr-FR","@id":"https:\/\/www.dillerbottle.com\/#\/schema\/logo\/image\/","url":"https:\/\/www.dillerbottle.com\/wp-content\/uploads\/2024\/09\/49918bfa848dcc1e9f8b509933603ac.png","contentUrl":"https:\/\/www.dillerbottle.com\/wp-content\/uploads\/2024\/09\/49918bfa848dcc1e9f8b509933603ac.png","width":988,"height":198,"caption":"Diller Water Bottle Manufacturer"},"image":{"@id":"https:\/\/www.dillerbottle.com\/#\/schema\/logo\/image\/"}}]}},"_links":{"self":[{"href":"https:\/\/www.dillerbottle.com\/fr\/wp-json\/wp\/v2\/product\/9451","targetHints":{"allow":["GET"]}}],"collection":[{"href":"https:\/\/www.dillerbottle.com\/fr\/wp-json\/wp\/v2\/product"}],"about":[{"href":"https:\/\/www.dillerbottle.com\/fr\/wp-json\/wp\/v2\/types\/product"}],"replies":[{"embeddable":true,"href":"https:\/\/www.dillerbottle.com\/fr\/wp-json\/wp\/v2\/comments?post=9451"}],"wp:featuredmedia":[{"embeddable":true,"href":"https:\/\/www.dillerbottle.com\/fr\/wp-json\/wp\/v2\/media\/9452"}],"wp:attachment":[{"href":"https:\/\/www.dillerbottle.com\/fr\/wp-json\/wp\/v2\/media?parent=9451"}],"wp:term":[{"taxonomy":"product_brand","embeddable":true,"href":"https:\/\/www.dillerbottle.com\/fr\/wp-json\/wp\/v2\/product_brand?post=9451"},{"taxonomy":"product_cat","embeddable":true,"href":"https:\/\/www.dillerbottle.com\/fr\/wp-json\/wp\/v2\/product_cat?post=9451"},{"taxonomy":"product_tag","embeddable":true,"href":"https:\/\/www.dillerbottle.com\/fr\/wp-json\/wp\/v2\/product_tag?post=9451"}],"curies":[{"name":"wp","href":"https:\/\/api.w.org\/{rel}","templated":true}]}}