{"id":9485,"date":"2024-09-29T14:31:58","date_gmt":"2024-09-29T06:31:58","guid":{"rendered":"https:\/\/demo.dillerbottle.com\/products\/lovely-rabbit-insulated-bottle"},"modified":"2025-07-09T15:56:40","modified_gmt":"2025-07-09T07:56:40","slug":"jolie-bouteille-isotherme-lapin","status":"publish","type":"product","link":"https:\/\/www.dillerbottle.com\/fr\/products\/lovely-rabbit-insulated-bottle","title":{"rendered":"Bouteille isotherme Lovely Rabbit"},"content":{"rendered":"<p>Caract\u00e9ristiques:<br \/>\n1. La jolie bouteille isotherme en forme de lapin est fabriqu\u00e9e avec un corps \u00e0 double paroi en acier inoxydable 316 de qualit\u00e9 alimentaire r\u00e9sistant \u00e0 la rouille, un mat\u00e9riau appr\u00e9ci\u00e9 pour sa durabilit\u00e9. Le traitement de peinture par rev\u00eatement en poudre rend la bouteille d&#039;eau isotherme pratiquement indestructible, r\u00e9sistante aux rayures et limite le transfert de temp\u00e9rature.<\/p>\n<p>2. Une isolation efficace avec un couvercle \u00e0 vis \u00e9tanche permet de maintenir la temp\u00e9rature jusqu&#039;\u00e0 12 heures pour les boissons froides et 6 heures pour les boissons chaudes. Ces bouteilles d&#039;eau isothermes sous vide de qualit\u00e9 sup\u00e9rieure sont s\u00fbres et faciles \u00e0 nettoyer.<\/p>\n<p>3. Notre bouteille isotherme au design lapin est con\u00e7ue avec une silhouette simple et moderne \u00e0 large ouverture. Sa forme compacte tient dans votre main. Notre produit est sans BPA et conforme \u00e0 la norme FDA.<\/p>\n<div style=\"width: 640px;\" class=\"wp-video\"><video class=\"wp-video-shortcode\" id=\"video-9485-1\" width=\"640\" height=\"360\" preload=\"metadata\" controls=\"controls\"><source type=\"video\/mp4\" src=\"\/wp-content\/uploads\/2024\/09\/66f8f463863a3-video202302141755096683190.mp4?_=1\" \/><a href=\"\/wp-content\/uploads\/2024\/09\/66f8f463863a3-video202302141755096683190.mp4\">\/wp-content\/uploads\/2024\/09\/66f8f463863a3-video202302141755096683190.mp4<\/a><\/video><\/div>","protected":false},"excerpt":{"rendered":"<p>Cette jolie bouteille isotherme en forme de lapin est fabriqu\u00e9e en acier inoxydable 316 durable et en mat\u00e9riau de qualit\u00e9 alimentaire.<br \/>\nCette bouteille d&#039;eau isotherme peut garder le contenu chaud ou froid jusqu&#039;\u00e0 6 \u00e0 12 heures.<br \/>\nConception de corde dissimul\u00e9e, plus pratique \u00e0 transporter.<br \/>\nOEM et ODM acceptables.<br \/>\nNous pouvons personnaliser la bouteille isotherme en m\u00e9tal selon vos besoins.<br \/>\nBienvenue \u00e0 l&#039;achat en gros, envoyez une demande maintenant !<\/p>","protected":false},"featured_media":9486,"comment_status":"open","ping_status":"closed","template":"","meta":{"_acf_changed":false},"product_brand":[],"product_cat":[18],"product_tag":[32,214,690,209,36,33,31,39,38,828,29,37,829,34,35,738,28,767,30],"class_list":{"0":"post-9485","1":"product","2":"type-product","3":"status-publish","4":"has-post-thumbnail","6":"product_cat-insulated-water-bottle","7":"product_tag-best","8":"product_tag-blue-water-bottles","9":"product_tag-bottle-water","10":"product_tag-bpa-free-water-bottle-with-customized-printing","11":"product_tag-bulk","12":"product_tag-buy","13":"product_tag-custom","14":"product_tag-for-sale","15":"product_tag-good-quality","16":"product_tag-lovely-rabbit-insulated-bottle","17":"product_tag-manufacturers","18":"product_tag-manufacturing","19":"product_tag-metal-water-bottle-with-handle","20":"product_tag-price","21":"product_tag-small","22":"product_tag-steel-water-bottles-with-sports-straw-lid","23":"product_tag-suppliers","24":"product_tag-water-bottles-with-custom-logo","25":"product_tag-wholesale","27":"first","28":"instock","29":"shipping-taxable","30":"product-type-simple"},"acf":[],"yoast_head":"<!-- This site is optimized with the Yoast SEO Premium plugin v27.4 (Yoast SEO v27.4) - https:\/\/yoast.com\/product\/yoast-seo-premium-wordpress\/ -->\n<title>Lovely Rabbit Insulated Bottle - Diller Water Bottle Manufacturer<\/title>\n<meta name=\"description\" content=\"As one of the best lovely rabbit insulated bottle manufacturers and suppliers, we are engaged in manufacturing good quality water bottles. We warmly welcome you to wholesale or buy custom made lovely rabbit insulated bottle at competitive price from us. Also, small quantity orders are acceptable.\" \/>\n<meta name=\"robots\" content=\"index, follow, max-snippet:-1, max-image-preview:large, max-video-preview:-1\" \/>\n<link rel=\"canonical\" href=\"https:\/\/www.dillerbottle.com\/fr\/produits\/jolie-bouteille-isotherme-lapin\" \/>\n<meta property=\"og:locale\" content=\"fr_FR\" \/>\n<meta property=\"og:type\" content=\"article\" \/>\n<meta property=\"og:title\" content=\"Lovely Rabbit Insulated Bottle\" \/>\n<meta property=\"og:description\" content=\"As one of the best lovely rabbit insulated bottle manufacturers and suppliers, we are engaged in manufacturing good quality water bottles. We warmly welcome you to wholesale or buy custom made lovely rabbit insulated bottle at competitive price from us. Also, small quantity orders are acceptable.\" \/>\n<meta property=\"og:url\" content=\"https:\/\/www.dillerbottle.com\/fr\/produits\/jolie-bouteille-isotherme-lapin\" \/>\n<meta property=\"og:site_name\" content=\"Diller Water Bottle Manufacturer\" \/>\n<meta property=\"article:modified_time\" content=\"2025-07-09T07:56:40+00:00\" \/>\n<meta property=\"og:image\" content=\"https:\/\/www.dillerbottle.com\/wp-content\/uploads\/2024\/09\/lovely-rabbit-insulated-bottle9e4cd0b3-21ec-4d69-93c8-2aa44953beee.jpg\" \/>\n\t<meta property=\"og:image:width\" content=\"730\" \/>\n\t<meta property=\"og:image:height\" content=\"730\" \/>\n\t<meta property=\"og:image:type\" content=\"image\/jpeg\" \/>\n<meta name=\"twitter:card\" content=\"summary_large_image\" \/>\n<meta name=\"twitter:label1\" content=\"Dur\u00e9e de lecture estim\u00e9e\" \/>\n\t<meta name=\"twitter:data1\" content=\"4 minutes\" \/>\n<script type=\"application\/ld+json\" class=\"yoast-schema-graph\">{\"@context\":\"https:\\\/\\\/schema.org\",\"@graph\":[{\"@type\":\"WebPage\",\"@id\":\"https:\\\/\\\/www.dillerbottle.com\\\/products\\\/lovely-rabbit-insulated-bottle\",\"url\":\"https:\\\/\\\/www.dillerbottle.com\\\/products\\\/lovely-rabbit-insulated-bottle\",\"name\":\"Lovely Rabbit Insulated Bottle - Diller Water Bottle Manufacturer\",\"isPartOf\":{\"@id\":\"https:\\\/\\\/www.dillerbottle.com\\\/#website\"},\"primaryImageOfPage\":{\"@id\":\"https:\\\/\\\/www.dillerbottle.com\\\/products\\\/lovely-rabbit-insulated-bottle#primaryimage\"},\"image\":{\"@id\":\"https:\\\/\\\/www.dillerbottle.com\\\/products\\\/lovely-rabbit-insulated-bottle#primaryimage\"},\"thumbnailUrl\":\"https:\\\/\\\/www.dillerbottle.com\\\/wp-content\\\/uploads\\\/2024\\\/09\\\/lovely-rabbit-insulated-bottle9e4cd0b3-21ec-4d69-93c8-2aa44953beee.jpg\",\"datePublished\":\"2024-09-29T06:31:58+00:00\",\"dateModified\":\"2025-07-09T07:56:40+00:00\",\"description\":\"As one of the best lovely rabbit insulated bottle manufacturers and suppliers, we are engaged in manufacturing good quality water bottles. We warmly welcome you to wholesale or buy custom made lovely rabbit insulated bottle at competitive price from us. Also, small quantity orders are acceptable.\",\"breadcrumb\":{\"@id\":\"https:\\\/\\\/www.dillerbottle.com\\\/products\\\/lovely-rabbit-insulated-bottle#breadcrumb\"},\"inLanguage\":\"fr-FR\",\"potentialAction\":[{\"@type\":\"ReadAction\",\"target\":[\"https:\\\/\\\/www.dillerbottle.com\\\/products\\\/lovely-rabbit-insulated-bottle\"]}]},{\"@type\":\"ImageObject\",\"inLanguage\":\"fr-FR\",\"@id\":\"https:\\\/\\\/www.dillerbottle.com\\\/products\\\/lovely-rabbit-insulated-bottle#primaryimage\",\"url\":\"https:\\\/\\\/www.dillerbottle.com\\\/wp-content\\\/uploads\\\/2024\\\/09\\\/lovely-rabbit-insulated-bottle9e4cd0b3-21ec-4d69-93c8-2aa44953beee.jpg\",\"contentUrl\":\"https:\\\/\\\/www.dillerbottle.com\\\/wp-content\\\/uploads\\\/2024\\\/09\\\/lovely-rabbit-insulated-bottle9e4cd0b3-21ec-4d69-93c8-2aa44953beee.jpg\",\"width\":730,\"height\":730},{\"@type\":\"BreadcrumbList\",\"@id\":\"https:\\\/\\\/www.dillerbottle.com\\\/products\\\/lovely-rabbit-insulated-bottle#breadcrumb\",\"itemListElement\":[{\"@type\":\"ListItem\",\"position\":1,\"name\":\"Home\",\"item\":\"https:\\\/\\\/www.dillerbottle.com\\\/\"},{\"@type\":\"ListItem\",\"position\":2,\"name\":\"Products\",\"item\":\"https:\\\/\\\/www.dillerbottle.com\\\/shop\"},{\"@type\":\"ListItem\",\"position\":3,\"name\":\"Lovely Rabbit Insulated Bottle\"}]},{\"@type\":\"WebSite\",\"@id\":\"https:\\\/\\\/www.dillerbottle.com\\\/#website\",\"url\":\"https:\\\/\\\/www.dillerbottle.com\\\/\",\"name\":\"Diller Water Bottle Manufacturer\",\"description\":\"Water Bottle Manufacturer\",\"publisher\":{\"@id\":\"https:\\\/\\\/www.dillerbottle.com\\\/#organization\"},\"potentialAction\":[{\"@type\":\"SearchAction\",\"target\":{\"@type\":\"EntryPoint\",\"urlTemplate\":\"https:\\\/\\\/www.dillerbottle.com\\\/?s={search_term_string}\"},\"query-input\":{\"@type\":\"PropertyValueSpecification\",\"valueRequired\":true,\"valueName\":\"search_term_string\"}}],\"inLanguage\":\"fr-FR\"},{\"@type\":\"Organization\",\"@id\":\"https:\\\/\\\/www.dillerbottle.com\\\/#organization\",\"name\":\"Diller Water Bottle Manufacturer\",\"url\":\"https:\\\/\\\/www.dillerbottle.com\\\/\",\"logo\":{\"@type\":\"ImageObject\",\"inLanguage\":\"fr-FR\",\"@id\":\"https:\\\/\\\/www.dillerbottle.com\\\/#\\\/schema\\\/logo\\\/image\\\/\",\"url\":\"https:\\\/\\\/www.dillerbottle.com\\\/wp-content\\\/uploads\\\/2024\\\/09\\\/49918bfa848dcc1e9f8b509933603ac.png\",\"contentUrl\":\"https:\\\/\\\/www.dillerbottle.com\\\/wp-content\\\/uploads\\\/2024\\\/09\\\/49918bfa848dcc1e9f8b509933603ac.png\",\"width\":988,\"height\":198,\"caption\":\"Diller Water Bottle Manufacturer\"},\"image\":{\"@id\":\"https:\\\/\\\/www.dillerbottle.com\\\/#\\\/schema\\\/logo\\\/image\\\/\"}}]}<\/script>\n<!-- \/ Yoast SEO Premium plugin. -->","yoast_head_json":{"title":"Bouteille isotherme Lovely Rabbit - Fabricant de bouteilles d&#039;eau Diller","description":"En tant que l&#039;un des meilleurs fabricants et fournisseurs de bouteilles isothermes en forme de lapin, nous sommes engag\u00e9s dans la fabrication de bouteilles d&#039;eau de bonne qualit\u00e9. Nous vous invitons chaleureusement \u00e0 vendre en gros ou \u00e0 acheter chez nous une jolie bouteille isotherme en forme de lapin sur mesure \u00e0 un prix comp\u00e9titif. De plus, les commandes en petites quantit\u00e9s sont acceptables.","robots":{"index":"index","follow":"follow","max-snippet":"max-snippet:-1","max-image-preview":"max-image-preview:large","max-video-preview":"max-video-preview:-1"},"canonical":"https:\/\/www.dillerbottle.com\/fr\/produits\/jolie-bouteille-isotherme-lapin","og_locale":"fr_FR","og_type":"article","og_title":"Lovely Rabbit Insulated Bottle","og_description":"As one of the best lovely rabbit insulated bottle manufacturers and suppliers, we are engaged in manufacturing good quality water bottles. We warmly welcome you to wholesale or buy custom made lovely rabbit insulated bottle at competitive price from us. Also, small quantity orders are acceptable.","og_url":"https:\/\/www.dillerbottle.com\/fr\/produits\/jolie-bouteille-isotherme-lapin","og_site_name":"Diller Water Bottle Manufacturer","article_modified_time":"2025-07-09T07:56:40+00:00","og_image":[{"width":730,"height":730,"url":"https:\/\/www.dillerbottle.com\/wp-content\/uploads\/2024\/09\/lovely-rabbit-insulated-bottle9e4cd0b3-21ec-4d69-93c8-2aa44953beee.jpg","type":"image\/jpeg"}],"twitter_card":"summary_large_image","twitter_misc":{"Dur\u00e9e de lecture estim\u00e9e":"4 minutes"},"schema":{"@context":"https:\/\/schema.org","@graph":[{"@type":"WebPage","@id":"https:\/\/www.dillerbottle.com\/products\/lovely-rabbit-insulated-bottle","url":"https:\/\/www.dillerbottle.com\/products\/lovely-rabbit-insulated-bottle","name":"Bouteille isotherme Lovely Rabbit - Fabricant de bouteilles d&#039;eau Diller","isPartOf":{"@id":"https:\/\/www.dillerbottle.com\/#website"},"primaryImageOfPage":{"@id":"https:\/\/www.dillerbottle.com\/products\/lovely-rabbit-insulated-bottle#primaryimage"},"image":{"@id":"https:\/\/www.dillerbottle.com\/products\/lovely-rabbit-insulated-bottle#primaryimage"},"thumbnailUrl":"https:\/\/www.dillerbottle.com\/wp-content\/uploads\/2024\/09\/lovely-rabbit-insulated-bottle9e4cd0b3-21ec-4d69-93c8-2aa44953beee.jpg","datePublished":"2024-09-29T06:31:58+00:00","dateModified":"2025-07-09T07:56:40+00:00","description":"En tant que l&#039;un des meilleurs fabricants et fournisseurs de bouteilles isothermes en forme de lapin, nous sommes engag\u00e9s dans la fabrication de bouteilles d&#039;eau de bonne qualit\u00e9. Nous vous invitons chaleureusement \u00e0 vendre en gros ou \u00e0 acheter chez nous une jolie bouteille isotherme en forme de lapin sur mesure \u00e0 un prix comp\u00e9titif. De plus, les commandes en petites quantit\u00e9s sont acceptables.","breadcrumb":{"@id":"https:\/\/www.dillerbottle.com\/products\/lovely-rabbit-insulated-bottle#breadcrumb"},"inLanguage":"fr-FR","potentialAction":[{"@type":"ReadAction","target":["https:\/\/www.dillerbottle.com\/products\/lovely-rabbit-insulated-bottle"]}]},{"@type":"ImageObject","inLanguage":"fr-FR","@id":"https:\/\/www.dillerbottle.com\/products\/lovely-rabbit-insulated-bottle#primaryimage","url":"https:\/\/www.dillerbottle.com\/wp-content\/uploads\/2024\/09\/lovely-rabbit-insulated-bottle9e4cd0b3-21ec-4d69-93c8-2aa44953beee.jpg","contentUrl":"https:\/\/www.dillerbottle.com\/wp-content\/uploads\/2024\/09\/lovely-rabbit-insulated-bottle9e4cd0b3-21ec-4d69-93c8-2aa44953beee.jpg","width":730,"height":730},{"@type":"BreadcrumbList","@id":"https:\/\/www.dillerbottle.com\/products\/lovely-rabbit-insulated-bottle#breadcrumb","itemListElement":[{"@type":"ListItem","position":1,"name":"Home","item":"https:\/\/www.dillerbottle.com\/"},{"@type":"ListItem","position":2,"name":"Products","item":"https:\/\/www.dillerbottle.com\/shop"},{"@type":"ListItem","position":3,"name":"Lovely Rabbit Insulated Bottle"}]},{"@type":"WebSite","@id":"https:\/\/www.dillerbottle.com\/#website","url":"https:\/\/www.dillerbottle.com\/","name":"Fabricant de bouteilles d&#039;eau Diller","description":"Fabricant de bouteilles d&#039;eau","publisher":{"@id":"https:\/\/www.dillerbottle.com\/#organization"},"potentialAction":[{"@type":"SearchAction","target":{"@type":"EntryPoint","urlTemplate":"https:\/\/www.dillerbottle.com\/?s={search_term_string}"},"query-input":{"@type":"PropertyValueSpecification","valueRequired":true,"valueName":"search_term_string"}}],"inLanguage":"fr-FR"},{"@type":"Organization","@id":"https:\/\/www.dillerbottle.com\/#organization","name":"Fabricant de bouteilles d&#039;eau Diller","url":"https:\/\/www.dillerbottle.com\/","logo":{"@type":"ImageObject","inLanguage":"fr-FR","@id":"https:\/\/www.dillerbottle.com\/#\/schema\/logo\/image\/","url":"https:\/\/www.dillerbottle.com\/wp-content\/uploads\/2024\/09\/49918bfa848dcc1e9f8b509933603ac.png","contentUrl":"https:\/\/www.dillerbottle.com\/wp-content\/uploads\/2024\/09\/49918bfa848dcc1e9f8b509933603ac.png","width":988,"height":198,"caption":"Diller Water Bottle Manufacturer"},"image":{"@id":"https:\/\/www.dillerbottle.com\/#\/schema\/logo\/image\/"}}]}},"_links":{"self":[{"href":"https:\/\/www.dillerbottle.com\/fr\/wp-json\/wp\/v2\/product\/9485","targetHints":{"allow":["GET"]}}],"collection":[{"href":"https:\/\/www.dillerbottle.com\/fr\/wp-json\/wp\/v2\/product"}],"about":[{"href":"https:\/\/www.dillerbottle.com\/fr\/wp-json\/wp\/v2\/types\/product"}],"replies":[{"embeddable":true,"href":"https:\/\/www.dillerbottle.com\/fr\/wp-json\/wp\/v2\/comments?post=9485"}],"wp:featuredmedia":[{"embeddable":true,"href":"https:\/\/www.dillerbottle.com\/fr\/wp-json\/wp\/v2\/media\/9486"}],"wp:attachment":[{"href":"https:\/\/www.dillerbottle.com\/fr\/wp-json\/wp\/v2\/media?parent=9485"}],"wp:term":[{"taxonomy":"product_brand","embeddable":true,"href":"https:\/\/www.dillerbottle.com\/fr\/wp-json\/wp\/v2\/product_brand?post=9485"},{"taxonomy":"product_cat","embeddable":true,"href":"https:\/\/www.dillerbottle.com\/fr\/wp-json\/wp\/v2\/product_cat?post=9485"},{"taxonomy":"product_tag","embeddable":true,"href":"https:\/\/www.dillerbottle.com\/fr\/wp-json\/wp\/v2\/product_tag?post=9485"}],"curies":[{"name":"wp","href":"https:\/\/api.w.org\/{rel}","templated":true}]}}