{"id":9675,"date":"2024-09-29T14:34:44","date_gmt":"2024-09-29T06:34:44","guid":{"rendered":"https:\/\/demo.dillerbottle.com\/products\/wood-grain-lid-insulated-bottle"},"modified":"2025-07-09T15:48:59","modified_gmt":"2025-07-09T07:48:59","slug":"bouteille-isotherme-avec-couvercle-en-grain-de-bois","status":"publish","type":"product","link":"https:\/\/www.dillerbottle.com\/fr\/products\/wood-grain-lid-insulated-bottle","title":{"rendered":"Bouteille isotherme avec couvercle en grain de bois"},"content":{"rendered":"<p>1. La bouteille isotherme avec couvercle en grain de bois est fabriqu\u00e9e en acier inoxydable 18\/8 (304) durable de qualit\u00e9 alimentaire et en mat\u00e9riaux de conservation des aliments.<\/p>\n<p>2. L&#039;isolation sous vide \u00e0 double paroi garde les boissons glac\u00e9es jusqu&#039;\u00e0 12 heures ou chaudes jusqu&#039;\u00e0 6 heures.<\/p>\n<p>3. Cette bouteille isotherme avec couvercle en grain de bois et passoire en acier inoxydable 304. Vous permet de pr\u00e9parer du caf\u00e9 et du th\u00e9.<\/p>\n<p>4. Taille parfaite. Transportez confortablement cette bouteille isotherme en m\u00e9tal dans votre main ou placez sans effort la bouteille de 500 ml dans le porte-gobelet de votre v\u00e9hicule.<\/p>","protected":false},"excerpt":{"rendered":"<p>Cette bouteille isotherme avec couvercle en grain de bois est fabriqu\u00e9e en acier inoxydable durable et en mat\u00e9riaux de qualit\u00e9 alimentaire.<br \/>\nCette bouteille d&#039;eau peut garder le contenu chaud ou froid jusqu&#039;\u00e0 6 \u00e0 12 heures.<br \/>\nCette bouteille d&#039;eau est dot\u00e9e d&#039;un infuseur \u00e0 th\u00e9, ce qui rend le th\u00e9 plus pratique.<br \/>\nLe design du couvercle en grain de bois semble plus distinctif.<br \/>\nOEM et ODM acceptables.<br \/>\nNous pouvons personnaliser la bouteille thermos en m\u00e9tal selon vos besoins.<br \/>\nBienvenue \u00e0 l&#039;achat en gros, envoyez une demande maintenant !<\/p>","protected":false},"featured_media":9676,"comment_status":"open","ping_status":"closed","template":"","meta":{"_acf_changed":false},"product_brand":[],"product_cat":[18],"product_tag":[32,36,33,31,753,39,38,728,29,37,34,35,805,28,842,796,30,841,506],"class_list":{"0":"post-9675","1":"product","2":"type-product","3":"status-publish","4":"has-post-thumbnail","6":"product_cat-insulated-water-bottle","7":"product_tag-best","8":"product_tag-bulk","9":"product_tag-buy","10":"product_tag-custom","11":"product_tag-double-wall-insulated-stainless-steel-water-bottle","12":"product_tag-for-sale","13":"product_tag-good-quality","14":"product_tag-insulated-sport-water-bottles","15":"product_tag-manufacturers","16":"product_tag-manufacturing","17":"product_tag-price","18":"product_tag-small","19":"product_tag-steel-sports-water-bottles-with-bpa-free-lid","20":"product_tag-suppliers","21":"product_tag-water-bottle-new-design","22":"product_tag-water-bottle-transparent","23":"product_tag-wholesale","24":"product_tag-wood-grain-lid-insulated-bottle","25":"product_tag-wooden-water-bottles","27":"first","28":"instock","29":"shipping-taxable","30":"product-type-simple"},"acf":[],"yoast_head":"<!-- This site is optimized with the Yoast SEO Premium plugin v27.4 (Yoast SEO v27.4) - https:\/\/yoast.com\/product\/yoast-seo-premium-wordpress\/ -->\n<title>Wood Grain Lid Insulated Bottle - Diller Water Bottle Manufacturer<\/title>\n<meta name=\"description\" content=\"As one of the best wood grain lid insulated bottle manufacturers and suppliers, we are engaged in manufacturing good quality water bottles. We warmly welcome you to wholesale or buy custom made wood grain lid insulated bottle at competitive price from us. Also, small quantity orders are acceptable.\" \/>\n<meta name=\"robots\" content=\"index, follow, max-snippet:-1, max-image-preview:large, max-video-preview:-1\" \/>\n<link rel=\"canonical\" href=\"https:\/\/www.dillerbottle.com\/fr\/produits\/bouteille-isotherme-avec-couvercle-en-grain-de-bois\" \/>\n<meta property=\"og:locale\" content=\"fr_FR\" \/>\n<meta property=\"og:type\" content=\"article\" \/>\n<meta property=\"og:title\" content=\"Wood Grain Lid Insulated Bottle\" \/>\n<meta property=\"og:description\" content=\"As one of the best wood grain lid insulated bottle manufacturers and suppliers, we are engaged in manufacturing good quality water bottles. We warmly welcome you to wholesale or buy custom made wood grain lid insulated bottle at competitive price from us. Also, small quantity orders are acceptable.\" \/>\n<meta property=\"og:url\" content=\"https:\/\/www.dillerbottle.com\/fr\/produits\/bouteille-isotherme-avec-couvercle-en-grain-de-bois\" \/>\n<meta property=\"og:site_name\" content=\"Diller Water Bottle Manufacturer\" \/>\n<meta property=\"article:modified_time\" content=\"2025-07-09T07:48:59+00:00\" \/>\n<meta property=\"og:image\" content=\"https:\/\/www.dillerbottle.com\/wp-content\/uploads\/2024\/09\/wood-grain-lid-insulated-bottle9f1f2058-37de-4d19-a5c0-5a295fcf5048.jpg\" \/>\n\t<meta property=\"og:image:width\" content=\"730\" \/>\n\t<meta property=\"og:image:height\" content=\"730\" \/>\n\t<meta property=\"og:image:type\" content=\"image\/jpeg\" \/>\n<meta name=\"twitter:card\" content=\"summary_large_image\" \/>\n<meta name=\"twitter:label1\" content=\"Dur\u00e9e de lecture estim\u00e9e\" \/>\n\t<meta name=\"twitter:data1\" content=\"5 minutes\" \/>\n<script type=\"application\/ld+json\" class=\"yoast-schema-graph\">{\"@context\":\"https:\\\/\\\/schema.org\",\"@graph\":[{\"@type\":\"WebPage\",\"@id\":\"https:\\\/\\\/www.dillerbottle.com\\\/products\\\/wood-grain-lid-insulated-bottle\",\"url\":\"https:\\\/\\\/www.dillerbottle.com\\\/products\\\/wood-grain-lid-insulated-bottle\",\"name\":\"Wood Grain Lid Insulated Bottle - Diller Water Bottle Manufacturer\",\"isPartOf\":{\"@id\":\"https:\\\/\\\/www.dillerbottle.com\\\/#website\"},\"primaryImageOfPage\":{\"@id\":\"https:\\\/\\\/www.dillerbottle.com\\\/products\\\/wood-grain-lid-insulated-bottle#primaryimage\"},\"image\":{\"@id\":\"https:\\\/\\\/www.dillerbottle.com\\\/products\\\/wood-grain-lid-insulated-bottle#primaryimage\"},\"thumbnailUrl\":\"https:\\\/\\\/www.dillerbottle.com\\\/wp-content\\\/uploads\\\/2024\\\/09\\\/wood-grain-lid-insulated-bottle9f1f2058-37de-4d19-a5c0-5a295fcf5048.jpg\",\"datePublished\":\"2024-09-29T06:34:44+00:00\",\"dateModified\":\"2025-07-09T07:48:59+00:00\",\"description\":\"As one of the best wood grain lid insulated bottle manufacturers and suppliers, we are engaged in manufacturing good quality water bottles. We warmly welcome you to wholesale or buy custom made wood grain lid insulated bottle at competitive price from us. Also, small quantity orders are acceptable.\",\"breadcrumb\":{\"@id\":\"https:\\\/\\\/www.dillerbottle.com\\\/products\\\/wood-grain-lid-insulated-bottle#breadcrumb\"},\"inLanguage\":\"fr-FR\",\"potentialAction\":[{\"@type\":\"ReadAction\",\"target\":[\"https:\\\/\\\/www.dillerbottle.com\\\/products\\\/wood-grain-lid-insulated-bottle\"]}]},{\"@type\":\"ImageObject\",\"inLanguage\":\"fr-FR\",\"@id\":\"https:\\\/\\\/www.dillerbottle.com\\\/products\\\/wood-grain-lid-insulated-bottle#primaryimage\",\"url\":\"https:\\\/\\\/www.dillerbottle.com\\\/wp-content\\\/uploads\\\/2024\\\/09\\\/wood-grain-lid-insulated-bottle9f1f2058-37de-4d19-a5c0-5a295fcf5048.jpg\",\"contentUrl\":\"https:\\\/\\\/www.dillerbottle.com\\\/wp-content\\\/uploads\\\/2024\\\/09\\\/wood-grain-lid-insulated-bottle9f1f2058-37de-4d19-a5c0-5a295fcf5048.jpg\",\"width\":730,\"height\":730},{\"@type\":\"BreadcrumbList\",\"@id\":\"https:\\\/\\\/www.dillerbottle.com\\\/products\\\/wood-grain-lid-insulated-bottle#breadcrumb\",\"itemListElement\":[{\"@type\":\"ListItem\",\"position\":1,\"name\":\"Home\",\"item\":\"https:\\\/\\\/www.dillerbottle.com\\\/\"},{\"@type\":\"ListItem\",\"position\":2,\"name\":\"Products\",\"item\":\"https:\\\/\\\/www.dillerbottle.com\\\/shop\"},{\"@type\":\"ListItem\",\"position\":3,\"name\":\"Wood Grain Lid Insulated Bottle\"}]},{\"@type\":\"WebSite\",\"@id\":\"https:\\\/\\\/www.dillerbottle.com\\\/#website\",\"url\":\"https:\\\/\\\/www.dillerbottle.com\\\/\",\"name\":\"Diller Water Bottle Manufacturer\",\"description\":\"Water Bottle Manufacturer\",\"publisher\":{\"@id\":\"https:\\\/\\\/www.dillerbottle.com\\\/#organization\"},\"potentialAction\":[{\"@type\":\"SearchAction\",\"target\":{\"@type\":\"EntryPoint\",\"urlTemplate\":\"https:\\\/\\\/www.dillerbottle.com\\\/?s={search_term_string}\"},\"query-input\":{\"@type\":\"PropertyValueSpecification\",\"valueRequired\":true,\"valueName\":\"search_term_string\"}}],\"inLanguage\":\"fr-FR\"},{\"@type\":\"Organization\",\"@id\":\"https:\\\/\\\/www.dillerbottle.com\\\/#organization\",\"name\":\"Diller Water Bottle Manufacturer\",\"url\":\"https:\\\/\\\/www.dillerbottle.com\\\/\",\"logo\":{\"@type\":\"ImageObject\",\"inLanguage\":\"fr-FR\",\"@id\":\"https:\\\/\\\/www.dillerbottle.com\\\/#\\\/schema\\\/logo\\\/image\\\/\",\"url\":\"https:\\\/\\\/www.dillerbottle.com\\\/wp-content\\\/uploads\\\/2024\\\/09\\\/49918bfa848dcc1e9f8b509933603ac.png\",\"contentUrl\":\"https:\\\/\\\/www.dillerbottle.com\\\/wp-content\\\/uploads\\\/2024\\\/09\\\/49918bfa848dcc1e9f8b509933603ac.png\",\"width\":988,\"height\":198,\"caption\":\"Diller Water Bottle Manufacturer\"},\"image\":{\"@id\":\"https:\\\/\\\/www.dillerbottle.com\\\/#\\\/schema\\\/logo\\\/image\\\/\"}}]}<\/script>\n<!-- \/ Yoast SEO Premium plugin. -->","yoast_head_json":{"title":"Bouteille isotherme avec couvercle en grain de bois - Fabricant de bouteilles d&#039;eau Diller","description":"En tant que l&#039;un des meilleurs fabricants et fournisseurs de bouteilles isothermes \u00e0 couvercle en grain de bois, nous sommes engag\u00e9s dans la fabrication de bouteilles d&#039;eau de bonne qualit\u00e9. Nous vous invitons chaleureusement \u00e0 vendre en gros ou \u00e0 acheter chez nous des bouteilles isothermes \u00e0 couvercle en grain de bois sur mesure \u00e0 un prix comp\u00e9titif. De plus, les commandes en petites quantit\u00e9s sont acceptables.","robots":{"index":"index","follow":"follow","max-snippet":"max-snippet:-1","max-image-preview":"max-image-preview:large","max-video-preview":"max-video-preview:-1"},"canonical":"https:\/\/www.dillerbottle.com\/fr\/produits\/bouteille-isotherme-avec-couvercle-en-grain-de-bois","og_locale":"fr_FR","og_type":"article","og_title":"Wood Grain Lid Insulated Bottle","og_description":"As one of the best wood grain lid insulated bottle manufacturers and suppliers, we are engaged in manufacturing good quality water bottles. We warmly welcome you to wholesale or buy custom made wood grain lid insulated bottle at competitive price from us. Also, small quantity orders are acceptable.","og_url":"https:\/\/www.dillerbottle.com\/fr\/produits\/bouteille-isotherme-avec-couvercle-en-grain-de-bois","og_site_name":"Diller Water Bottle Manufacturer","article_modified_time":"2025-07-09T07:48:59+00:00","og_image":[{"width":730,"height":730,"url":"https:\/\/www.dillerbottle.com\/wp-content\/uploads\/2024\/09\/wood-grain-lid-insulated-bottle9f1f2058-37de-4d19-a5c0-5a295fcf5048.jpg","type":"image\/jpeg"}],"twitter_card":"summary_large_image","twitter_misc":{"Dur\u00e9e de lecture estim\u00e9e":"5 minutes"},"schema":{"@context":"https:\/\/schema.org","@graph":[{"@type":"WebPage","@id":"https:\/\/www.dillerbottle.com\/products\/wood-grain-lid-insulated-bottle","url":"https:\/\/www.dillerbottle.com\/products\/wood-grain-lid-insulated-bottle","name":"Bouteille isotherme avec couvercle en grain de bois - Fabricant de bouteilles d&#039;eau Diller","isPartOf":{"@id":"https:\/\/www.dillerbottle.com\/#website"},"primaryImageOfPage":{"@id":"https:\/\/www.dillerbottle.com\/products\/wood-grain-lid-insulated-bottle#primaryimage"},"image":{"@id":"https:\/\/www.dillerbottle.com\/products\/wood-grain-lid-insulated-bottle#primaryimage"},"thumbnailUrl":"https:\/\/www.dillerbottle.com\/wp-content\/uploads\/2024\/09\/wood-grain-lid-insulated-bottle9f1f2058-37de-4d19-a5c0-5a295fcf5048.jpg","datePublished":"2024-09-29T06:34:44+00:00","dateModified":"2025-07-09T07:48:59+00:00","description":"En tant que l&#039;un des meilleurs fabricants et fournisseurs de bouteilles isothermes \u00e0 couvercle en grain de bois, nous sommes engag\u00e9s dans la fabrication de bouteilles d&#039;eau de bonne qualit\u00e9. Nous vous invitons chaleureusement \u00e0 vendre en gros ou \u00e0 acheter chez nous des bouteilles isothermes \u00e0 couvercle en grain de bois sur mesure \u00e0 un prix comp\u00e9titif. De plus, les commandes en petites quantit\u00e9s sont acceptables.","breadcrumb":{"@id":"https:\/\/www.dillerbottle.com\/products\/wood-grain-lid-insulated-bottle#breadcrumb"},"inLanguage":"fr-FR","potentialAction":[{"@type":"ReadAction","target":["https:\/\/www.dillerbottle.com\/products\/wood-grain-lid-insulated-bottle"]}]},{"@type":"ImageObject","inLanguage":"fr-FR","@id":"https:\/\/www.dillerbottle.com\/products\/wood-grain-lid-insulated-bottle#primaryimage","url":"https:\/\/www.dillerbottle.com\/wp-content\/uploads\/2024\/09\/wood-grain-lid-insulated-bottle9f1f2058-37de-4d19-a5c0-5a295fcf5048.jpg","contentUrl":"https:\/\/www.dillerbottle.com\/wp-content\/uploads\/2024\/09\/wood-grain-lid-insulated-bottle9f1f2058-37de-4d19-a5c0-5a295fcf5048.jpg","width":730,"height":730},{"@type":"BreadcrumbList","@id":"https:\/\/www.dillerbottle.com\/products\/wood-grain-lid-insulated-bottle#breadcrumb","itemListElement":[{"@type":"ListItem","position":1,"name":"Home","item":"https:\/\/www.dillerbottle.com\/"},{"@type":"ListItem","position":2,"name":"Products","item":"https:\/\/www.dillerbottle.com\/shop"},{"@type":"ListItem","position":3,"name":"Wood Grain Lid Insulated Bottle"}]},{"@type":"WebSite","@id":"https:\/\/www.dillerbottle.com\/#website","url":"https:\/\/www.dillerbottle.com\/","name":"Fabricant de bouteilles d&#039;eau Diller","description":"Fabricant de bouteilles d&#039;eau","publisher":{"@id":"https:\/\/www.dillerbottle.com\/#organization"},"potentialAction":[{"@type":"SearchAction","target":{"@type":"EntryPoint","urlTemplate":"https:\/\/www.dillerbottle.com\/?s={search_term_string}"},"query-input":{"@type":"PropertyValueSpecification","valueRequired":true,"valueName":"search_term_string"}}],"inLanguage":"fr-FR"},{"@type":"Organization","@id":"https:\/\/www.dillerbottle.com\/#organization","name":"Fabricant de bouteilles d&#039;eau Diller","url":"https:\/\/www.dillerbottle.com\/","logo":{"@type":"ImageObject","inLanguage":"fr-FR","@id":"https:\/\/www.dillerbottle.com\/#\/schema\/logo\/image\/","url":"https:\/\/www.dillerbottle.com\/wp-content\/uploads\/2024\/09\/49918bfa848dcc1e9f8b509933603ac.png","contentUrl":"https:\/\/www.dillerbottle.com\/wp-content\/uploads\/2024\/09\/49918bfa848dcc1e9f8b509933603ac.png","width":988,"height":198,"caption":"Diller Water Bottle Manufacturer"},"image":{"@id":"https:\/\/www.dillerbottle.com\/#\/schema\/logo\/image\/"}}]}},"_links":{"self":[{"href":"https:\/\/www.dillerbottle.com\/fr\/wp-json\/wp\/v2\/product\/9675","targetHints":{"allow":["GET"]}}],"collection":[{"href":"https:\/\/www.dillerbottle.com\/fr\/wp-json\/wp\/v2\/product"}],"about":[{"href":"https:\/\/www.dillerbottle.com\/fr\/wp-json\/wp\/v2\/types\/product"}],"replies":[{"embeddable":true,"href":"https:\/\/www.dillerbottle.com\/fr\/wp-json\/wp\/v2\/comments?post=9675"}],"wp:featuredmedia":[{"embeddable":true,"href":"https:\/\/www.dillerbottle.com\/fr\/wp-json\/wp\/v2\/media\/9676"}],"wp:attachment":[{"href":"https:\/\/www.dillerbottle.com\/fr\/wp-json\/wp\/v2\/media?parent=9675"}],"wp:term":[{"taxonomy":"product_brand","embeddable":true,"href":"https:\/\/www.dillerbottle.com\/fr\/wp-json\/wp\/v2\/product_brand?post=9675"},{"taxonomy":"product_cat","embeddable":true,"href":"https:\/\/www.dillerbottle.com\/fr\/wp-json\/wp\/v2\/product_cat?post=9675"},{"taxonomy":"product_tag","embeddable":true,"href":"https:\/\/www.dillerbottle.com\/fr\/wp-json\/wp\/v2\/product_tag?post=9675"}],"curies":[{"name":"wp","href":"https:\/\/api.w.org\/{rel}","templated":true}]}}