{"id":10897,"date":"2024-09-29T14:50:47","date_gmt":"2024-09-29T06:50:47","guid":{"rendered":"https:\/\/demo.dillerbottle.com\/products\/vacuum-thermos"},"modified":"2025-07-09T15:02:58","modified_gmt":"2025-07-09T07:02:58","slug":"vacuum-thermoskan","status":"publish","type":"product","link":"https:\/\/www.dillerbottle.com\/nl\/products\/vacuum-thermos","title":{"rendered":"Vacu\u00fcm thermoskan"},"content":{"rendered":"<p>Kenmerken:1.;Deze vacu\u00fcmthermoskan is voorzien van vacu\u00fcm-thermische isolatietechnologie om zowel warme als koude dranken, zoals thee, koffie, water, sap en andere dranken, tot wel 12 uur lang op de optimale temperatuur te houden.<br \/>\n2.;Deze vacu\u00fcm thermos is gemaakt van premium kwaliteit 316 roestvrij staal, dat corrosiebestendig, duurzaam en bestendig is. De thermos is geschikt voor levensmiddelen en veilig te gebruiken met verschillende soorten dranken zonder dat u zich zorgen hoeft te maken over geuroverdracht.<br \/>\n3.;Het slimme LED-display op het deksel geeft de temperatuur in de fles weer, zodat u met \u00e9\u00e9n simpele aanraking de temperatuur van uw dranken kunt controleren.<br \/>\n4.;Wat deze vacu\u00fcmthermosfles werkelijk verbazingwekkend maakt, is het elegante, minimalistische ontwerp met een rubberen matte afwerking. Deze zorgt niet alleen voor een stevige, comfortabele grip, maar geeft de fles ook een nobele, aantrekkelijke uitstraling.<\/p>","protected":false},"excerpt":{"rendered":"<p>In vacu\u00fcmthermosflessen kunt u zowel warme als koude dranken tot wel 12 uur lang op de optimale temperatuur houden.<br \/>\nDe fles is gemaakt van hoogwaardig roestvrij staal (316), dat corrosiebestendig, duurzaam en bestendig is.<br \/>\nHet slimme LED-display op het deksel geeft de temperatuur in de fles weer, zodat u met \u00e9\u00e9n simpele aanraking de temperatuur van uw dranken kunt controleren.<br \/>\nGemaakt met een rubberen matte afwerking voor een stevige, comfortabele grip.<br \/>\nWij kunnen uw eigen merklogo personaliseren.<br \/>\nzeefdruk, lasergravering, reli\u00ebflogo, warmteoverdracht, 3D-print, sublimatietransfer, enz.<\/p>","protected":false},"featured_media":10898,"comment_status":"open","ping_status":"closed","template":"","meta":{"_acf_changed":false},"product_brand":[],"product_cat":[18],"product_tag":[32,36,33,31,749,39,38,769,29,37,34,35,700,804,28,912,797,567,30],"class_list":{"0":"post-10897","1":"product","2":"type-product","3":"status-publish","4":"has-post-thumbnail","6":"product_cat-insulated-water-bottle","7":"product_tag-best","8":"product_tag-bulk","9":"product_tag-buy","10":"product_tag-custom","11":"product_tag-eco-friendly-water-bottle","12":"product_tag-for-sale","13":"product_tag-good-quality","14":"product_tag-lid-double-wall-304-stainless-steel-water-bottle","15":"product_tag-manufacturers","16":"product_tag-manufacturing","17":"product_tag-price","18":"product_tag-small","19":"product_tag-soft-water-bottle","20":"product_tag-stainless-steel-water-bottles-with-straw","21":"product_tag-suppliers","22":"product_tag-vacuum-thermos","23":"product_tag-water-bottle-patent","24":"product_tag-water-bottle-sport","25":"product_tag-wholesale","27":"first","28":"instock","29":"shipping-taxable","30":"product-type-simple"},"acf":[],"yoast_head":"<!-- This site is optimized with the Yoast SEO Premium plugin v27.6 (Yoast SEO v27.6) - https:\/\/yoast.com\/product\/yoast-seo-premium-wordpress\/ -->\n<title>Vacuum Thermos - Diller Water Bottle Manufacturer<\/title>\n<meta name=\"description\" content=\"As one of the best vacuum thermos manufacturers and suppliers, we are engaged in manufacturing good quality water bottles. We warmly welcome you to wholesale or buy custom made vacuum thermos at competitive price from us. Also, small quantity orders are acceptable.\" \/>\n<meta name=\"robots\" content=\"index, follow, max-snippet:-1, max-image-preview:large, max-video-preview:-1\" \/>\n<link rel=\"canonical\" href=\"https:\/\/www.dillerbottle.com\/nl\/producten\/vacuum-thermoskan\" \/>\n<meta property=\"og:locale\" content=\"nl_NL\" \/>\n<meta property=\"og:type\" content=\"article\" \/>\n<meta property=\"og:title\" content=\"Vacuum Thermos\" \/>\n<meta property=\"og:description\" content=\"As one of the best vacuum thermos manufacturers and suppliers, we are engaged in manufacturing good quality water bottles. We warmly welcome you to wholesale or buy custom made vacuum thermos at competitive price from us. Also, small quantity orders are acceptable.\" \/>\n<meta property=\"og:url\" content=\"https:\/\/www.dillerbottle.com\/nl\/producten\/vacuum-thermoskan\" \/>\n<meta property=\"og:site_name\" content=\"Diller Water Bottle Manufacturer\" \/>\n<meta property=\"article:modified_time\" content=\"2025-07-09T07:02:58+00:00\" \/>\n<meta property=\"og:image\" content=\"https:\/\/www.dillerbottle.com\/wp-content\/uploads\/2024\/09\/vacuum-thermos14149190797.jpg\" \/>\n\t<meta property=\"og:image:width\" content=\"730\" \/>\n\t<meta property=\"og:image:height\" content=\"730\" \/>\n\t<meta property=\"og:image:type\" content=\"image\/jpeg\" \/>\n<meta name=\"twitter:card\" content=\"summary_large_image\" \/>\n<meta name=\"twitter:label1\" content=\"Verwachte leestijd\" \/>\n\t<meta name=\"twitter:data1\" content=\"3 minuten\" \/>\n<script type=\"application\/ld+json\" class=\"yoast-schema-graph\">{\"@context\":\"https:\\\/\\\/schema.org\",\"@graph\":[{\"@type\":\"WebPage\",\"@id\":\"https:\\\/\\\/www.dillerbottle.com\\\/ru\\\/%d0%bf%d1%80%d0%be%d0%b4%d1%83%d0%ba%d1%82%d1%8b\\\/%d0%b2%d0%b0%d0%ba%d1%83%d1%83%d0%bc%d0%bd%d1%8b%d0%b9-%d1%82%d0%b5%d1%80%d0%bc%d0%be%d1%81\",\"url\":\"https:\\\/\\\/www.dillerbottle.com\\\/ru\\\/%d0%bf%d1%80%d0%be%d0%b4%d1%83%d0%ba%d1%82%d1%8b\\\/%d0%b2%d0%b0%d0%ba%d1%83%d1%83%d0%bc%d0%bd%d1%8b%d0%b9-%d1%82%d0%b5%d1%80%d0%bc%d0%be%d1%81\",\"name\":\"Vacuum Thermos - Diller Water Bottle Manufacturer\",\"isPartOf\":{\"@id\":\"https:\\\/\\\/www.dillerbottle.com\\\/#website\"},\"primaryImageOfPage\":{\"@id\":\"https:\\\/\\\/www.dillerbottle.com\\\/ru\\\/%d0%bf%d1%80%d0%be%d0%b4%d1%83%d0%ba%d1%82%d1%8b\\\/%d0%b2%d0%b0%d0%ba%d1%83%d1%83%d0%bc%d0%bd%d1%8b%d0%b9-%d1%82%d0%b5%d1%80%d0%bc%d0%be%d1%81#primaryimage\"},\"image\":{\"@id\":\"https:\\\/\\\/www.dillerbottle.com\\\/ru\\\/%d0%bf%d1%80%d0%be%d0%b4%d1%83%d0%ba%d1%82%d1%8b\\\/%d0%b2%d0%b0%d0%ba%d1%83%d1%83%d0%bc%d0%bd%d1%8b%d0%b9-%d1%82%d0%b5%d1%80%d0%bc%d0%be%d1%81#primaryimage\"},\"thumbnailUrl\":\"https:\\\/\\\/www.dillerbottle.com\\\/wp-content\\\/uploads\\\/2024\\\/09\\\/vacuum-thermos14149190797.jpg\",\"datePublished\":\"2024-09-29T06:50:47+00:00\",\"dateModified\":\"2025-07-09T07:02:58+00:00\",\"description\":\"As one of the best vacuum thermos manufacturers and suppliers, we are engaged in manufacturing good quality water bottles. We warmly welcome you to wholesale or buy custom made vacuum thermos at competitive price from us. Also, small quantity orders are acceptable.\",\"breadcrumb\":{\"@id\":\"https:\\\/\\\/www.dillerbottle.com\\\/ru\\\/%d0%bf%d1%80%d0%be%d0%b4%d1%83%d0%ba%d1%82%d1%8b\\\/%d0%b2%d0%b0%d0%ba%d1%83%d1%83%d0%bc%d0%bd%d1%8b%d0%b9-%d1%82%d0%b5%d1%80%d0%bc%d0%be%d1%81#breadcrumb\"},\"inLanguage\":\"nl-NL\",\"potentialAction\":[{\"@type\":\"ReadAction\",\"target\":[\"https:\\\/\\\/www.dillerbottle.com\\\/ru\\\/%d0%bf%d1%80%d0%be%d0%b4%d1%83%d0%ba%d1%82%d1%8b\\\/%d0%b2%d0%b0%d0%ba%d1%83%d1%83%d0%bc%d0%bd%d1%8b%d0%b9-%d1%82%d0%b5%d1%80%d0%bc%d0%be%d1%81\"]}]},{\"@type\":\"ImageObject\",\"inLanguage\":\"nl-NL\",\"@id\":\"https:\\\/\\\/www.dillerbottle.com\\\/ru\\\/%d0%bf%d1%80%d0%be%d0%b4%d1%83%d0%ba%d1%82%d1%8b\\\/%d0%b2%d0%b0%d0%ba%d1%83%d1%83%d0%bc%d0%bd%d1%8b%d0%b9-%d1%82%d0%b5%d1%80%d0%bc%d0%be%d1%81#primaryimage\",\"url\":\"https:\\\/\\\/www.dillerbottle.com\\\/wp-content\\\/uploads\\\/2024\\\/09\\\/vacuum-thermos14149190797.jpg\",\"contentUrl\":\"https:\\\/\\\/www.dillerbottle.com\\\/wp-content\\\/uploads\\\/2024\\\/09\\\/vacuum-thermos14149190797.jpg\",\"width\":730,\"height\":730},{\"@type\":\"BreadcrumbList\",\"@id\":\"https:\\\/\\\/www.dillerbottle.com\\\/ru\\\/%d0%bf%d1%80%d0%be%d0%b4%d1%83%d0%ba%d1%82%d1%8b\\\/%d0%b2%d0%b0%d0%ba%d1%83%d1%83%d0%bc%d0%bd%d1%8b%d0%b9-%d1%82%d0%b5%d1%80%d0%bc%d0%be%d1%81#breadcrumb\",\"itemListElement\":[{\"@type\":\"ListItem\",\"position\":1,\"name\":\"Home\",\"item\":\"https:\\\/\\\/www.dillerbottle.com\\\/\"},{\"@type\":\"ListItem\",\"position\":2,\"name\":\"Products\",\"item\":\"https:\\\/\\\/www.dillerbottle.com\\\/shop\"},{\"@type\":\"ListItem\",\"position\":3,\"name\":\"Vacuum Thermos\"}]},{\"@type\":\"WebSite\",\"@id\":\"https:\\\/\\\/www.dillerbottle.com\\\/#website\",\"url\":\"https:\\\/\\\/www.dillerbottle.com\\\/\",\"name\":\"Diller Water Bottle Manufacturer\",\"description\":\"Water Bottle Manufacturer\",\"publisher\":{\"@id\":\"https:\\\/\\\/www.dillerbottle.com\\\/#organization\"},\"potentialAction\":[{\"@type\":\"SearchAction\",\"target\":{\"@type\":\"EntryPoint\",\"urlTemplate\":\"https:\\\/\\\/www.dillerbottle.com\\\/?s={search_term_string}\"},\"query-input\":{\"@type\":\"PropertyValueSpecification\",\"valueRequired\":true,\"valueName\":\"search_term_string\"}}],\"inLanguage\":\"nl-NL\"},{\"@type\":\"Organization\",\"@id\":\"https:\\\/\\\/www.dillerbottle.com\\\/#organization\",\"name\":\"Diller Water Bottle Manufacturer\",\"url\":\"https:\\\/\\\/www.dillerbottle.com\\\/\",\"logo\":{\"@type\":\"ImageObject\",\"inLanguage\":\"nl-NL\",\"@id\":\"https:\\\/\\\/www.dillerbottle.com\\\/#\\\/schema\\\/logo\\\/image\\\/\",\"url\":\"https:\\\/\\\/www.dillerbottle.com\\\/wp-content\\\/uploads\\\/2024\\\/09\\\/49918bfa848dcc1e9f8b509933603ac.png\",\"contentUrl\":\"https:\\\/\\\/www.dillerbottle.com\\\/wp-content\\\/uploads\\\/2024\\\/09\\\/49918bfa848dcc1e9f8b509933603ac.png\",\"width\":988,\"height\":198,\"caption\":\"Diller Water Bottle Manufacturer\"},\"image\":{\"@id\":\"https:\\\/\\\/www.dillerbottle.com\\\/#\\\/schema\\\/logo\\\/image\\\/\"}}]}<\/script>\n<!-- \/ Yoast SEO Premium plugin. -->","yoast_head_json":{"title":"Vacu\u00fcm thermosfles - Diller Waterfles Fabrikant","description":"Als een van de beste fabrikanten en leveranciers van vacu\u00fcm thermosflessen, zijn wij bezig met het produceren van waterflessen van goede kwaliteit. Wij heten u van harte welkom om vacu\u00fcm thermosflessen in het groot te kopen of op maat gemaakte vacu\u00fcm thermosflessen tegen een concurrerende prijs bij ons te kopen. Ook zijn kleine hoeveelheden toegestaan.","robots":{"index":"index","follow":"follow","max-snippet":"max-snippet:-1","max-image-preview":"max-image-preview:large","max-video-preview":"max-video-preview:-1"},"canonical":"https:\/\/www.dillerbottle.com\/nl\/producten\/vacuum-thermoskan","og_locale":"nl_NL","og_type":"article","og_title":"Vacuum Thermos","og_description":"As one of the best vacuum thermos manufacturers and suppliers, we are engaged in manufacturing good quality water bottles. We warmly welcome you to wholesale or buy custom made vacuum thermos at competitive price from us. Also, small quantity orders are acceptable.","og_url":"https:\/\/www.dillerbottle.com\/nl\/producten\/vacuum-thermoskan","og_site_name":"Diller Water Bottle Manufacturer","article_modified_time":"2025-07-09T07:02:58+00:00","og_image":[{"width":730,"height":730,"url":"https:\/\/www.dillerbottle.com\/wp-content\/uploads\/2024\/09\/vacuum-thermos14149190797.jpg","type":"image\/jpeg"}],"twitter_card":"summary_large_image","twitter_misc":{"Verwachte leestijd":"3 minuten"},"schema":{"@context":"https:\/\/schema.org","@graph":[{"@type":"WebPage","@id":"https:\/\/www.dillerbottle.com\/ru\/%d0%bf%d1%80%d0%be%d0%b4%d1%83%d0%ba%d1%82%d1%8b\/%d0%b2%d0%b0%d0%ba%d1%83%d1%83%d0%bc%d0%bd%d1%8b%d0%b9-%d1%82%d0%b5%d1%80%d0%bc%d0%be%d1%81","url":"https:\/\/www.dillerbottle.com\/ru\/%d0%bf%d1%80%d0%be%d0%b4%d1%83%d0%ba%d1%82%d1%8b\/%d0%b2%d0%b0%d0%ba%d1%83%d1%83%d0%bc%d0%bd%d1%8b%d0%b9-%d1%82%d0%b5%d1%80%d0%bc%d0%be%d1%81","name":"Vacu\u00fcm thermosfles - Diller Waterfles Fabrikant","isPartOf":{"@id":"https:\/\/www.dillerbottle.com\/#website"},"primaryImageOfPage":{"@id":"https:\/\/www.dillerbottle.com\/ru\/%d0%bf%d1%80%d0%be%d0%b4%d1%83%d0%ba%d1%82%d1%8b\/%d0%b2%d0%b0%d0%ba%d1%83%d1%83%d0%bc%d0%bd%d1%8b%d0%b9-%d1%82%d0%b5%d1%80%d0%bc%d0%be%d1%81#primaryimage"},"image":{"@id":"https:\/\/www.dillerbottle.com\/ru\/%d0%bf%d1%80%d0%be%d0%b4%d1%83%d0%ba%d1%82%d1%8b\/%d0%b2%d0%b0%d0%ba%d1%83%d1%83%d0%bc%d0%bd%d1%8b%d0%b9-%d1%82%d0%b5%d1%80%d0%bc%d0%be%d1%81#primaryimage"},"thumbnailUrl":"https:\/\/www.dillerbottle.com\/wp-content\/uploads\/2024\/09\/vacuum-thermos14149190797.jpg","datePublished":"2024-09-29T06:50:47+00:00","dateModified":"2025-07-09T07:02:58+00:00","description":"Als een van de beste fabrikanten en leveranciers van vacu\u00fcm thermosflessen, zijn wij bezig met het produceren van waterflessen van goede kwaliteit. Wij heten u van harte welkom om vacu\u00fcm thermosflessen in het groot te kopen of op maat gemaakte vacu\u00fcm thermosflessen tegen een concurrerende prijs bij ons te kopen. Ook zijn kleine hoeveelheden toegestaan.","breadcrumb":{"@id":"https:\/\/www.dillerbottle.com\/ru\/%d0%bf%d1%80%d0%be%d0%b4%d1%83%d0%ba%d1%82%d1%8b\/%d0%b2%d0%b0%d0%ba%d1%83%d1%83%d0%bc%d0%bd%d1%8b%d0%b9-%d1%82%d0%b5%d1%80%d0%bc%d0%be%d1%81#breadcrumb"},"inLanguage":"nl-NL","potentialAction":[{"@type":"ReadAction","target":["https:\/\/www.dillerbottle.com\/ru\/%d0%bf%d1%80%d0%be%d0%b4%d1%83%d0%ba%d1%82%d1%8b\/%d0%b2%d0%b0%d0%ba%d1%83%d1%83%d0%bc%d0%bd%d1%8b%d0%b9-%d1%82%d0%b5%d1%80%d0%bc%d0%be%d1%81"]}]},{"@type":"ImageObject","inLanguage":"nl-NL","@id":"https:\/\/www.dillerbottle.com\/ru\/%d0%bf%d1%80%d0%be%d0%b4%d1%83%d0%ba%d1%82%d1%8b\/%d0%b2%d0%b0%d0%ba%d1%83%d1%83%d0%bc%d0%bd%d1%8b%d0%b9-%d1%82%d0%b5%d1%80%d0%bc%d0%be%d1%81#primaryimage","url":"https:\/\/www.dillerbottle.com\/wp-content\/uploads\/2024\/09\/vacuum-thermos14149190797.jpg","contentUrl":"https:\/\/www.dillerbottle.com\/wp-content\/uploads\/2024\/09\/vacuum-thermos14149190797.jpg","width":730,"height":730},{"@type":"BreadcrumbList","@id":"https:\/\/www.dillerbottle.com\/ru\/%d0%bf%d1%80%d0%be%d0%b4%d1%83%d0%ba%d1%82%d1%8b\/%d0%b2%d0%b0%d0%ba%d1%83%d1%83%d0%bc%d0%bd%d1%8b%d0%b9-%d1%82%d0%b5%d1%80%d0%bc%d0%be%d1%81#breadcrumb","itemListElement":[{"@type":"ListItem","position":1,"name":"Home","item":"https:\/\/www.dillerbottle.com\/"},{"@type":"ListItem","position":2,"name":"Products","item":"https:\/\/www.dillerbottle.com\/shop"},{"@type":"ListItem","position":3,"name":"Vacuum Thermos"}]},{"@type":"WebSite","@id":"https:\/\/www.dillerbottle.com\/#website","url":"https:\/\/www.dillerbottle.com\/","name":"Diller Waterfles Fabrikant","description":"Fabrikant van waterflessen","publisher":{"@id":"https:\/\/www.dillerbottle.com\/#organization"},"potentialAction":[{"@type":"SearchAction","target":{"@type":"EntryPoint","urlTemplate":"https:\/\/www.dillerbottle.com\/?s={search_term_string}"},"query-input":{"@type":"PropertyValueSpecification","valueRequired":true,"valueName":"search_term_string"}}],"inLanguage":"nl-NL"},{"@type":"Organization","@id":"https:\/\/www.dillerbottle.com\/#organization","name":"Diller Waterfles Fabrikant","url":"https:\/\/www.dillerbottle.com\/","logo":{"@type":"ImageObject","inLanguage":"nl-NL","@id":"https:\/\/www.dillerbottle.com\/#\/schema\/logo\/image\/","url":"https:\/\/www.dillerbottle.com\/wp-content\/uploads\/2024\/09\/49918bfa848dcc1e9f8b509933603ac.png","contentUrl":"https:\/\/www.dillerbottle.com\/wp-content\/uploads\/2024\/09\/49918bfa848dcc1e9f8b509933603ac.png","width":988,"height":198,"caption":"Diller Water Bottle Manufacturer"},"image":{"@id":"https:\/\/www.dillerbottle.com\/#\/schema\/logo\/image\/"}}]}},"_links":{"self":[{"href":"https:\/\/www.dillerbottle.com\/nl\/wp-json\/wp\/v2\/product\/10897","targetHints":{"allow":["GET"]}}],"collection":[{"href":"https:\/\/www.dillerbottle.com\/nl\/wp-json\/wp\/v2\/product"}],"about":[{"href":"https:\/\/www.dillerbottle.com\/nl\/wp-json\/wp\/v2\/types\/product"}],"replies":[{"embeddable":true,"href":"https:\/\/www.dillerbottle.com\/nl\/wp-json\/wp\/v2\/comments?post=10897"}],"wp:featuredmedia":[{"embeddable":true,"href":"https:\/\/www.dillerbottle.com\/nl\/wp-json\/wp\/v2\/media\/10898"}],"wp:attachment":[{"href":"https:\/\/www.dillerbottle.com\/nl\/wp-json\/wp\/v2\/media?parent=10897"}],"wp:term":[{"taxonomy":"product_brand","embeddable":true,"href":"https:\/\/www.dillerbottle.com\/nl\/wp-json\/wp\/v2\/product_brand?post=10897"},{"taxonomy":"product_cat","embeddable":true,"href":"https:\/\/www.dillerbottle.com\/nl\/wp-json\/wp\/v2\/product_cat?post=10897"},{"taxonomy":"product_tag","embeddable":true,"href":"https:\/\/www.dillerbottle.com\/nl\/wp-json\/wp\/v2\/product_tag?post=10897"}],"curies":[{"name":"wp","href":"https:\/\/api.w.org\/{rel}","templated":true}]}}