{"id":11255,"date":"2024-09-29T14:54:51","date_gmt":"2024-09-29T06:54:51","guid":{"rendered":"https:\/\/demo.dillerbottle.com\/products\/double-wall-insulated-vacuum-flask"},"modified":"2025-07-09T14:09:58","modified_gmt":"2025-07-09T06:09:58","slug":"dubbelwandige-geisoleerde-thermosfles","status":"publish","type":"product","link":"https:\/\/www.dillerbottle.com\/nl\/products\/double-wall-insulated-vacuum-flask","title":{"rendered":"Dubbelwandige ge\u00efsoleerde vacu\u00fcmfles"},"content":{"rendered":"<p>Kenmerken van de dubbelwandige ge\u00efsoleerde thermosfles:<br \/>\n1.;Deze dubbelwandige, ge\u00efsoleerde thermosfles is gemaakt van roestvrij staal 304 en BPA-vrij, geschikt voor levensmiddelen. Hij is ontworpen om water, thee, koffie of soep tot 12 uur warm te houden of gekoelde dranken, zoals wijn, bier, sportdranken of koolzuurhoudende dranken, tot 24 uur koel te houden.<\/p>\n<p>2.;Deze dubbelwandige, ge\u00efsoleerde thermosfles wordt geleverd met 2 bekers (binnen- en buitenbeker) en een nylon draagriem, waardoor deze fles de perfecte drinkfles is voor op reis.<\/p>\n<p>Deze dubbelwandige, ge\u00efsoleerde vacu\u00fcmfles is de perfecte reisgenoot en heeft een grote capaciteit van 1,9 l en 1,6 l. De fles heeft een handvat, een eenvoudig te vergrendelen dop, 2 compacte mokken en een nylon schouderband.<\/p>","protected":false},"excerpt":{"rendered":"<p>Kenmerken van de dubbelwandige ge\u00efsoleerde thermosfles: 1.<br \/>\nDeze dubbelwandige, ge\u00efsoleerde thermosfles is gemaakt van roestvrij staal 304 en BPA-vrije materialen van voedingskwaliteit en is ontworpen om water, thee, koffie of soep tot 12 uur warm te houden of om gekoelde dranken, zoals wijn, bier, sportbier of koolzuurhoudende dranken, te bewaren.<\/p>","protected":false},"featured_media":11256,"comment_status":"open","ping_status":"closed","template":"","meta":{"_acf_changed":false},"product_brand":[],"product_cat":[18],"product_tag":[785,721,32,36,33,31,949,555,39,38,29,37,34,35,516,817,738,28,30],"class_list":{"0":"post-11255","1":"product","2":"type-product","3":"status-publish","4":"has-post-thumbnail","6":"product_cat-insulated-water-bottle","7":"product_tag-500ml-stainless-steel-water-bottle","8":"product_tag-500ml-water-bottle-with-straw","9":"product_tag-best","10":"product_tag-bulk","11":"product_tag-buy","12":"product_tag-custom","13":"product_tag-double-wall-insulated-vacuum-flask","14":"product_tag-double-walled-insulated-water-bottle","15":"product_tag-for-sale","16":"product_tag-good-quality","17":"product_tag-manufacturers","18":"product_tag-manufacturing","19":"product_tag-price","20":"product_tag-small","21":"product_tag-stainless-steel-hot-water-bottle-with-custom-color","22":"product_tag-steel-double-walled-water-bottle-travel-bottle","23":"product_tag-steel-water-bottles-with-sports-straw-lid","24":"product_tag-suppliers","25":"product_tag-wholesale","27":"first","28":"instock","29":"shipping-taxable","30":"product-type-simple"},"acf":[],"yoast_head":"<!-- This site is optimized with the Yoast SEO Premium plugin v27.4 (Yoast SEO v27.4) - https:\/\/yoast.com\/product\/yoast-seo-premium-wordpress\/ -->\n<title>Double Wall Insulated Vacuum Flask - Diller Water Bottle Manufacturer<\/title>\n<meta name=\"description\" content=\"As one of the best double wall insulated vacuum flask manufacturers and suppliers, we are engaged in manufacturing good quality water bottles. We warmly welcome you to wholesale or buy custom made double wall insulated vacuum flask at competitive price from us. Also, small quantity orders are acceptable.\" \/>\n<meta name=\"robots\" content=\"index, follow, max-snippet:-1, max-image-preview:large, max-video-preview:-1\" \/>\n<link rel=\"canonical\" href=\"https:\/\/www.dillerbottle.com\/nl\/producten\/dubbelwandige-geisoleerde-thermosfles\" \/>\n<meta property=\"og:locale\" content=\"nl_NL\" \/>\n<meta property=\"og:type\" content=\"article\" \/>\n<meta property=\"og:title\" content=\"Double Wall Insulated Vacuum Flask\" \/>\n<meta property=\"og:description\" content=\"As one of the best double wall insulated vacuum flask manufacturers and suppliers, we are engaged in manufacturing good quality water bottles. We warmly welcome you to wholesale or buy custom made double wall insulated vacuum flask at competitive price from us. Also, small quantity orders are acceptable.\" \/>\n<meta property=\"og:url\" content=\"https:\/\/www.dillerbottle.com\/nl\/producten\/dubbelwandige-geisoleerde-thermosfles\" \/>\n<meta property=\"og:site_name\" content=\"Diller Water Bottle Manufacturer\" \/>\n<meta property=\"article:modified_time\" content=\"2025-07-09T06:09:58+00:00\" \/>\n<meta property=\"og:image\" content=\"https:\/\/www.dillerbottle.com\/wp-content\/uploads\/2024\/09\/double-wall-insulated-vacuum-flask52071421718.jpg\" \/>\n\t<meta property=\"og:image:width\" content=\"730\" \/>\n\t<meta property=\"og:image:height\" content=\"730\" \/>\n\t<meta property=\"og:image:type\" content=\"image\/jpeg\" \/>\n<meta name=\"twitter:card\" content=\"summary_large_image\" \/>\n<meta name=\"twitter:label1\" content=\"Verwachte leestijd\" \/>\n\t<meta name=\"twitter:data1\" content=\"2 minuten\" \/>\n<script type=\"application\/ld+json\" class=\"yoast-schema-graph\">{\"@context\":\"https:\\\/\\\/schema.org\",\"@graph\":[{\"@type\":\"WebPage\",\"@id\":\"https:\\\/\\\/www.dillerbottle.com\\\/ru\\\/%d0%bf%d1%80%d0%be%d0%b4%d1%83%d0%ba%d1%82%d1%8b\\\/%d0%b2%d0%b0%d0%ba%d1%83%d1%83%d0%bc%d0%bd%d0%b0%d1%8f-%d0%ba%d0%be%d0%bb%d0%b1%d0%b0-%d1%81-%d0%b4%d0%b2%d0%be%d0%b9%d0%bd%d0%be%d0%b9-%d0%b8%d0%b7%d0%be%d0%bb%d1%8f%d1%86%d0%b8%d0%b5%d0%b9\",\"url\":\"https:\\\/\\\/www.dillerbottle.com\\\/ru\\\/%d0%bf%d1%80%d0%be%d0%b4%d1%83%d0%ba%d1%82%d1%8b\\\/%d0%b2%d0%b0%d0%ba%d1%83%d1%83%d0%bc%d0%bd%d0%b0%d1%8f-%d0%ba%d0%be%d0%bb%d0%b1%d0%b0-%d1%81-%d0%b4%d0%b2%d0%be%d0%b9%d0%bd%d0%be%d0%b9-%d0%b8%d0%b7%d0%be%d0%bb%d1%8f%d1%86%d0%b8%d0%b5%d0%b9\",\"name\":\"Double Wall Insulated Vacuum Flask - Diller Water Bottle Manufacturer\",\"isPartOf\":{\"@id\":\"https:\\\/\\\/www.dillerbottle.com\\\/#website\"},\"primaryImageOfPage\":{\"@id\":\"https:\\\/\\\/www.dillerbottle.com\\\/ru\\\/%d0%bf%d1%80%d0%be%d0%b4%d1%83%d0%ba%d1%82%d1%8b\\\/%d0%b2%d0%b0%d0%ba%d1%83%d1%83%d0%bc%d0%bd%d0%b0%d1%8f-%d0%ba%d0%be%d0%bb%d0%b1%d0%b0-%d1%81-%d0%b4%d0%b2%d0%be%d0%b9%d0%bd%d0%be%d0%b9-%d0%b8%d0%b7%d0%be%d0%bb%d1%8f%d1%86%d0%b8%d0%b5%d0%b9#primaryimage\"},\"image\":{\"@id\":\"https:\\\/\\\/www.dillerbottle.com\\\/ru\\\/%d0%bf%d1%80%d0%be%d0%b4%d1%83%d0%ba%d1%82%d1%8b\\\/%d0%b2%d0%b0%d0%ba%d1%83%d1%83%d0%bc%d0%bd%d0%b0%d1%8f-%d0%ba%d0%be%d0%bb%d0%b1%d0%b0-%d1%81-%d0%b4%d0%b2%d0%be%d0%b9%d0%bd%d0%be%d0%b9-%d0%b8%d0%b7%d0%be%d0%bb%d1%8f%d1%86%d0%b8%d0%b5%d0%b9#primaryimage\"},\"thumbnailUrl\":\"https:\\\/\\\/www.dillerbottle.com\\\/wp-content\\\/uploads\\\/2024\\\/09\\\/double-wall-insulated-vacuum-flask52071421718.jpg\",\"datePublished\":\"2024-09-29T06:54:51+00:00\",\"dateModified\":\"2025-07-09T06:09:58+00:00\",\"description\":\"As one of the best double wall insulated vacuum flask manufacturers and suppliers, we are engaged in manufacturing good quality water bottles. We warmly welcome you to wholesale or buy custom made double wall insulated vacuum flask at competitive price from us. Also, small quantity orders are acceptable.\",\"breadcrumb\":{\"@id\":\"https:\\\/\\\/www.dillerbottle.com\\\/ru\\\/%d0%bf%d1%80%d0%be%d0%b4%d1%83%d0%ba%d1%82%d1%8b\\\/%d0%b2%d0%b0%d0%ba%d1%83%d1%83%d0%bc%d0%bd%d0%b0%d1%8f-%d0%ba%d0%be%d0%bb%d0%b1%d0%b0-%d1%81-%d0%b4%d0%b2%d0%be%d0%b9%d0%bd%d0%be%d0%b9-%d0%b8%d0%b7%d0%be%d0%bb%d1%8f%d1%86%d0%b8%d0%b5%d0%b9#breadcrumb\"},\"inLanguage\":\"nl-NL\",\"potentialAction\":[{\"@type\":\"ReadAction\",\"target\":[\"https:\\\/\\\/www.dillerbottle.com\\\/ru\\\/%d0%bf%d1%80%d0%be%d0%b4%d1%83%d0%ba%d1%82%d1%8b\\\/%d0%b2%d0%b0%d0%ba%d1%83%d1%83%d0%bc%d0%bd%d0%b0%d1%8f-%d0%ba%d0%be%d0%bb%d0%b1%d0%b0-%d1%81-%d0%b4%d0%b2%d0%be%d0%b9%d0%bd%d0%be%d0%b9-%d0%b8%d0%b7%d0%be%d0%bb%d1%8f%d1%86%d0%b8%d0%b5%d0%b9\"]}]},{\"@type\":\"ImageObject\",\"inLanguage\":\"nl-NL\",\"@id\":\"https:\\\/\\\/www.dillerbottle.com\\\/ru\\\/%d0%bf%d1%80%d0%be%d0%b4%d1%83%d0%ba%d1%82%d1%8b\\\/%d0%b2%d0%b0%d0%ba%d1%83%d1%83%d0%bc%d0%bd%d0%b0%d1%8f-%d0%ba%d0%be%d0%bb%d0%b1%d0%b0-%d1%81-%d0%b4%d0%b2%d0%be%d0%b9%d0%bd%d0%be%d0%b9-%d0%b8%d0%b7%d0%be%d0%bb%d1%8f%d1%86%d0%b8%d0%b5%d0%b9#primaryimage\",\"url\":\"https:\\\/\\\/www.dillerbottle.com\\\/wp-content\\\/uploads\\\/2024\\\/09\\\/double-wall-insulated-vacuum-flask52071421718.jpg\",\"contentUrl\":\"https:\\\/\\\/www.dillerbottle.com\\\/wp-content\\\/uploads\\\/2024\\\/09\\\/double-wall-insulated-vacuum-flask52071421718.jpg\",\"width\":730,\"height\":730},{\"@type\":\"BreadcrumbList\",\"@id\":\"https:\\\/\\\/www.dillerbottle.com\\\/ru\\\/%d0%bf%d1%80%d0%be%d0%b4%d1%83%d0%ba%d1%82%d1%8b\\\/%d0%b2%d0%b0%d0%ba%d1%83%d1%83%d0%bc%d0%bd%d0%b0%d1%8f-%d0%ba%d0%be%d0%bb%d0%b1%d0%b0-%d1%81-%d0%b4%d0%b2%d0%be%d0%b9%d0%bd%d0%be%d0%b9-%d0%b8%d0%b7%d0%be%d0%bb%d1%8f%d1%86%d0%b8%d0%b5%d0%b9#breadcrumb\",\"itemListElement\":[{\"@type\":\"ListItem\",\"position\":1,\"name\":\"Home\",\"item\":\"https:\\\/\\\/www.dillerbottle.com\\\/\"},{\"@type\":\"ListItem\",\"position\":2,\"name\":\"Products\",\"item\":\"https:\\\/\\\/www.dillerbottle.com\\\/shop\"},{\"@type\":\"ListItem\",\"position\":3,\"name\":\"Double Wall Insulated Vacuum Flask\"}]},{\"@type\":\"WebSite\",\"@id\":\"https:\\\/\\\/www.dillerbottle.com\\\/#website\",\"url\":\"https:\\\/\\\/www.dillerbottle.com\\\/\",\"name\":\"Diller Water Bottle Manufacturer\",\"description\":\"Water Bottle Manufacturer\",\"publisher\":{\"@id\":\"https:\\\/\\\/www.dillerbottle.com\\\/#organization\"},\"potentialAction\":[{\"@type\":\"SearchAction\",\"target\":{\"@type\":\"EntryPoint\",\"urlTemplate\":\"https:\\\/\\\/www.dillerbottle.com\\\/?s={search_term_string}\"},\"query-input\":{\"@type\":\"PropertyValueSpecification\",\"valueRequired\":true,\"valueName\":\"search_term_string\"}}],\"inLanguage\":\"nl-NL\"},{\"@type\":\"Organization\",\"@id\":\"https:\\\/\\\/www.dillerbottle.com\\\/#organization\",\"name\":\"Diller Water Bottle Manufacturer\",\"url\":\"https:\\\/\\\/www.dillerbottle.com\\\/\",\"logo\":{\"@type\":\"ImageObject\",\"inLanguage\":\"nl-NL\",\"@id\":\"https:\\\/\\\/www.dillerbottle.com\\\/#\\\/schema\\\/logo\\\/image\\\/\",\"url\":\"https:\\\/\\\/www.dillerbottle.com\\\/wp-content\\\/uploads\\\/2024\\\/09\\\/49918bfa848dcc1e9f8b509933603ac.png\",\"contentUrl\":\"https:\\\/\\\/www.dillerbottle.com\\\/wp-content\\\/uploads\\\/2024\\\/09\\\/49918bfa848dcc1e9f8b509933603ac.png\",\"width\":988,\"height\":198,\"caption\":\"Diller Water Bottle Manufacturer\"},\"image\":{\"@id\":\"https:\\\/\\\/www.dillerbottle.com\\\/#\\\/schema\\\/logo\\\/image\\\/\"}}]}<\/script>\n<!-- \/ Yoast SEO Premium plugin. -->","yoast_head_json":{"title":"Dubbelwandige ge\u00efsoleerde vacu\u00fcmfles - Diller Waterflesfabrikant","description":"Als een van de beste fabrikanten en leveranciers van dubbelwandige ge\u00efsoleerde vacu\u00fcmflessen, zijn wij bezig met het produceren van waterflessen van goede kwaliteit. Wij heten u van harte welkom om bij ons dubbelwandige ge\u00efsoleerde vacu\u00fcmflessen te kopen tegen concurrerende prijzen. Ook zijn kleine hoeveelheden toegestaan.","robots":{"index":"index","follow":"follow","max-snippet":"max-snippet:-1","max-image-preview":"max-image-preview:large","max-video-preview":"max-video-preview:-1"},"canonical":"https:\/\/www.dillerbottle.com\/nl\/producten\/dubbelwandige-geisoleerde-thermosfles","og_locale":"nl_NL","og_type":"article","og_title":"Double Wall Insulated Vacuum Flask","og_description":"As one of the best double wall insulated vacuum flask manufacturers and suppliers, we are engaged in manufacturing good quality water bottles. We warmly welcome you to wholesale or buy custom made double wall insulated vacuum flask at competitive price from us. Also, small quantity orders are acceptable.","og_url":"https:\/\/www.dillerbottle.com\/nl\/producten\/dubbelwandige-geisoleerde-thermosfles","og_site_name":"Diller Water Bottle Manufacturer","article_modified_time":"2025-07-09T06:09:58+00:00","og_image":[{"width":730,"height":730,"url":"https:\/\/www.dillerbottle.com\/wp-content\/uploads\/2024\/09\/double-wall-insulated-vacuum-flask52071421718.jpg","type":"image\/jpeg"}],"twitter_card":"summary_large_image","twitter_misc":{"Verwachte leestijd":"2 minuten"},"schema":{"@context":"https:\/\/schema.org","@graph":[{"@type":"WebPage","@id":"https:\/\/www.dillerbottle.com\/ru\/%d0%bf%d1%80%d0%be%d0%b4%d1%83%d0%ba%d1%82%d1%8b\/%d0%b2%d0%b0%d0%ba%d1%83%d1%83%d0%bc%d0%bd%d0%b0%d1%8f-%d0%ba%d0%be%d0%bb%d0%b1%d0%b0-%d1%81-%d0%b4%d0%b2%d0%be%d0%b9%d0%bd%d0%be%d0%b9-%d0%b8%d0%b7%d0%be%d0%bb%d1%8f%d1%86%d0%b8%d0%b5%d0%b9","url":"https:\/\/www.dillerbottle.com\/ru\/%d0%bf%d1%80%d0%be%d0%b4%d1%83%d0%ba%d1%82%d1%8b\/%d0%b2%d0%b0%d0%ba%d1%83%d1%83%d0%bc%d0%bd%d0%b0%d1%8f-%d0%ba%d0%be%d0%bb%d0%b1%d0%b0-%d1%81-%d0%b4%d0%b2%d0%be%d0%b9%d0%bd%d0%be%d0%b9-%d0%b8%d0%b7%d0%be%d0%bb%d1%8f%d1%86%d0%b8%d0%b5%d0%b9","name":"Dubbelwandige ge\u00efsoleerde vacu\u00fcmfles - Diller Waterflesfabrikant","isPartOf":{"@id":"https:\/\/www.dillerbottle.com\/#website"},"primaryImageOfPage":{"@id":"https:\/\/www.dillerbottle.com\/ru\/%d0%bf%d1%80%d0%be%d0%b4%d1%83%d0%ba%d1%82%d1%8b\/%d0%b2%d0%b0%d0%ba%d1%83%d1%83%d0%bc%d0%bd%d0%b0%d1%8f-%d0%ba%d0%be%d0%bb%d0%b1%d0%b0-%d1%81-%d0%b4%d0%b2%d0%be%d0%b9%d0%bd%d0%be%d0%b9-%d0%b8%d0%b7%d0%be%d0%bb%d1%8f%d1%86%d0%b8%d0%b5%d0%b9#primaryimage"},"image":{"@id":"https:\/\/www.dillerbottle.com\/ru\/%d0%bf%d1%80%d0%be%d0%b4%d1%83%d0%ba%d1%82%d1%8b\/%d0%b2%d0%b0%d0%ba%d1%83%d1%83%d0%bc%d0%bd%d0%b0%d1%8f-%d0%ba%d0%be%d0%bb%d0%b1%d0%b0-%d1%81-%d0%b4%d0%b2%d0%be%d0%b9%d0%bd%d0%be%d0%b9-%d0%b8%d0%b7%d0%be%d0%bb%d1%8f%d1%86%d0%b8%d0%b5%d0%b9#primaryimage"},"thumbnailUrl":"https:\/\/www.dillerbottle.com\/wp-content\/uploads\/2024\/09\/double-wall-insulated-vacuum-flask52071421718.jpg","datePublished":"2024-09-29T06:54:51+00:00","dateModified":"2025-07-09T06:09:58+00:00","description":"Als een van de beste fabrikanten en leveranciers van dubbelwandige ge\u00efsoleerde vacu\u00fcmflessen, zijn wij bezig met het produceren van waterflessen van goede kwaliteit. Wij heten u van harte welkom om bij ons dubbelwandige ge\u00efsoleerde vacu\u00fcmflessen te kopen tegen concurrerende prijzen. Ook zijn kleine hoeveelheden toegestaan.","breadcrumb":{"@id":"https:\/\/www.dillerbottle.com\/ru\/%d0%bf%d1%80%d0%be%d0%b4%d1%83%d0%ba%d1%82%d1%8b\/%d0%b2%d0%b0%d0%ba%d1%83%d1%83%d0%bc%d0%bd%d0%b0%d1%8f-%d0%ba%d0%be%d0%bb%d0%b1%d0%b0-%d1%81-%d0%b4%d0%b2%d0%be%d0%b9%d0%bd%d0%be%d0%b9-%d0%b8%d0%b7%d0%be%d0%bb%d1%8f%d1%86%d0%b8%d0%b5%d0%b9#breadcrumb"},"inLanguage":"nl-NL","potentialAction":[{"@type":"ReadAction","target":["https:\/\/www.dillerbottle.com\/ru\/%d0%bf%d1%80%d0%be%d0%b4%d1%83%d0%ba%d1%82%d1%8b\/%d0%b2%d0%b0%d0%ba%d1%83%d1%83%d0%bc%d0%bd%d0%b0%d1%8f-%d0%ba%d0%be%d0%bb%d0%b1%d0%b0-%d1%81-%d0%b4%d0%b2%d0%be%d0%b9%d0%bd%d0%be%d0%b9-%d0%b8%d0%b7%d0%be%d0%bb%d1%8f%d1%86%d0%b8%d0%b5%d0%b9"]}]},{"@type":"ImageObject","inLanguage":"nl-NL","@id":"https:\/\/www.dillerbottle.com\/ru\/%d0%bf%d1%80%d0%be%d0%b4%d1%83%d0%ba%d1%82%d1%8b\/%d0%b2%d0%b0%d0%ba%d1%83%d1%83%d0%bc%d0%bd%d0%b0%d1%8f-%d0%ba%d0%be%d0%bb%d0%b1%d0%b0-%d1%81-%d0%b4%d0%b2%d0%be%d0%b9%d0%bd%d0%be%d0%b9-%d0%b8%d0%b7%d0%be%d0%bb%d1%8f%d1%86%d0%b8%d0%b5%d0%b9#primaryimage","url":"https:\/\/www.dillerbottle.com\/wp-content\/uploads\/2024\/09\/double-wall-insulated-vacuum-flask52071421718.jpg","contentUrl":"https:\/\/www.dillerbottle.com\/wp-content\/uploads\/2024\/09\/double-wall-insulated-vacuum-flask52071421718.jpg","width":730,"height":730},{"@type":"BreadcrumbList","@id":"https:\/\/www.dillerbottle.com\/ru\/%d0%bf%d1%80%d0%be%d0%b4%d1%83%d0%ba%d1%82%d1%8b\/%d0%b2%d0%b0%d0%ba%d1%83%d1%83%d0%bc%d0%bd%d0%b0%d1%8f-%d0%ba%d0%be%d0%bb%d0%b1%d0%b0-%d1%81-%d0%b4%d0%b2%d0%be%d0%b9%d0%bd%d0%be%d0%b9-%d0%b8%d0%b7%d0%be%d0%bb%d1%8f%d1%86%d0%b8%d0%b5%d0%b9#breadcrumb","itemListElement":[{"@type":"ListItem","position":1,"name":"Home","item":"https:\/\/www.dillerbottle.com\/"},{"@type":"ListItem","position":2,"name":"Products","item":"https:\/\/www.dillerbottle.com\/shop"},{"@type":"ListItem","position":3,"name":"Double Wall Insulated Vacuum Flask"}]},{"@type":"WebSite","@id":"https:\/\/www.dillerbottle.com\/#website","url":"https:\/\/www.dillerbottle.com\/","name":"Diller Waterfles Fabrikant","description":"Fabrikant van waterflessen","publisher":{"@id":"https:\/\/www.dillerbottle.com\/#organization"},"potentialAction":[{"@type":"SearchAction","target":{"@type":"EntryPoint","urlTemplate":"https:\/\/www.dillerbottle.com\/?s={search_term_string}"},"query-input":{"@type":"PropertyValueSpecification","valueRequired":true,"valueName":"search_term_string"}}],"inLanguage":"nl-NL"},{"@type":"Organization","@id":"https:\/\/www.dillerbottle.com\/#organization","name":"Diller Waterfles Fabrikant","url":"https:\/\/www.dillerbottle.com\/","logo":{"@type":"ImageObject","inLanguage":"nl-NL","@id":"https:\/\/www.dillerbottle.com\/#\/schema\/logo\/image\/","url":"https:\/\/www.dillerbottle.com\/wp-content\/uploads\/2024\/09\/49918bfa848dcc1e9f8b509933603ac.png","contentUrl":"https:\/\/www.dillerbottle.com\/wp-content\/uploads\/2024\/09\/49918bfa848dcc1e9f8b509933603ac.png","width":988,"height":198,"caption":"Diller Water Bottle Manufacturer"},"image":{"@id":"https:\/\/www.dillerbottle.com\/#\/schema\/logo\/image\/"}}]}},"_links":{"self":[{"href":"https:\/\/www.dillerbottle.com\/nl\/wp-json\/wp\/v2\/product\/11255","targetHints":{"allow":["GET"]}}],"collection":[{"href":"https:\/\/www.dillerbottle.com\/nl\/wp-json\/wp\/v2\/product"}],"about":[{"href":"https:\/\/www.dillerbottle.com\/nl\/wp-json\/wp\/v2\/types\/product"}],"replies":[{"embeddable":true,"href":"https:\/\/www.dillerbottle.com\/nl\/wp-json\/wp\/v2\/comments?post=11255"}],"wp:featuredmedia":[{"embeddable":true,"href":"https:\/\/www.dillerbottle.com\/nl\/wp-json\/wp\/v2\/media\/11256"}],"wp:attachment":[{"href":"https:\/\/www.dillerbottle.com\/nl\/wp-json\/wp\/v2\/media?parent=11255"}],"wp:term":[{"taxonomy":"product_brand","embeddable":true,"href":"https:\/\/www.dillerbottle.com\/nl\/wp-json\/wp\/v2\/product_brand?post=11255"},{"taxonomy":"product_cat","embeddable":true,"href":"https:\/\/www.dillerbottle.com\/nl\/wp-json\/wp\/v2\/product_cat?post=11255"},{"taxonomy":"product_tag","embeddable":true,"href":"https:\/\/www.dillerbottle.com\/nl\/wp-json\/wp\/v2\/product_tag?post=11255"}],"curies":[{"name":"wp","href":"https:\/\/api.w.org\/{rel}","templated":true}]}}