{"id":12043,"date":"2024-09-29T15:03:52","date_gmt":"2024-09-29T07:03:52","guid":{"rendered":"https:\/\/demo.dillerbottle.com\/products\/stainless-steel-vacuum-insulated-water-bottle"},"modified":"2025-07-08T17:48:53","modified_gmt":"2025-07-08T09:48:53","slug":"roestvrijstalen-vacuum-geisoleerde-waterfles","status":"publish","type":"product","link":"https:\/\/www.dillerbottle.com\/nl\/products\/stainless-steel-vacuum-insulated-water-bottle","title":{"rendered":"Roestvrijstalen vacu\u00fcm ge\u00efsoleerde waterfles"},"content":{"rendered":"<p>1. De roestvrijstalen vacu\u00fcm ge\u00efsoleerde waterfles is gemaakt van voedselveilig 316 roestvrij staal materiaal, dat duurzaam en gemakkelijk schoon te maken is. Tegelijkertijd kan de roestvrijstalen binnenvoering de buitentemperatuur effectief isoleren en de temperatuur in de beker beter behouden.<\/p>\n<p>2. Dubbel drinkontwerp met \u00e9\u00e9n deksel, kan direct of via een rietje worden gedronken.<\/p>\n<p>3. De vacu\u00fcmge\u00efsoleerde waterfles wordt geleverd met een bijpassende PU-leren bekerhoes en schouderband, waardoor hij modieus en gemakkelijk mee te nemen is als u op pad gaat.<\/p>\n<p>4. De schattige, ge\u00efsoleerde cartoonfles met rietje heeft een uitstekende afdichtingsprestatie, waardoor lekken van dranken effectief kan worden voorkomen.<\/p>\n<p>OEM en ODM acceptabel.<br \/>\nWij kunnen de beker aanpassen aan uw wensen.<br \/>\nWelkom bij groothandelsaankopen, stuur nu een aanvraag!<\/p>\n<p><iframe title=\"Schattige Cartoon Roestvrijstalen Kinderen Ge\u00efsoleerde Waterfles Met Rietje D9241\" width=\"800\" height=\"600\" src=\"https:\/\/www.youtube.com\/embed\/B-MWS6Wah0E?feature=oembed\" frameborder=\"0\" allow=\"accelerometer; autoplay; clipboard-write; encrypted-media; gyroscope; picture-in-picture; web-share\" referrerpolicy=\"strict-origin-when-cross-origin\" allowfullscreen><\/iframe><\/p>","protected":false},"excerpt":{"rendered":"<p>De roestvrijstalen vacu\u00fcm ge\u00efsoleerde waterfles is gemaakt van food grade 316 roestvrij staal materiaal, dat duurzaam en gemakkelijk schoon te maken is. Tegelijkertijd kan de roestvrijstalen binnenvoering effectief de buitentemperatuur isoleren en de temperatuur in de beker beter behouden.<br \/>\nDubbel drinkmodel met \u00e9\u00e9n deksel, kan direct of via een rietje gedronken worden.<br \/>\nDe vacu\u00fcm ge\u00efsoleerde waterfles wordt geleverd met een bijpassende PU-leren hoes en schouderband, waardoor u de fles modieus en gemakkelijk mee kunt nemen als u op pad gaat.<br \/>\nDe schattige, ge\u00efsoleerde cartoonfles met rietje heeft een uitstekende afdichting, waardoor lekken van drankjes effectief wordt voorkomen.<br \/>\nOEM en ODM acceptabel.<\/p>","protected":false},"featured_media":15070,"comment_status":"open","ping_status":"closed","template":"","meta":{"_acf_changed":false},"product_brand":[],"product_cat":[18],"product_tag":[32,36,33,31,683,39,38,527,680,689,29,37,34,35,681,28,796,741,30],"class_list":{"0":"post-12043","1":"product","2":"type-product","3":"status-publish","4":"has-post-thumbnail","6":"product_cat-insulated-water-bottle","7":"product_tag-best","8":"product_tag-bulk","9":"product_tag-buy","10":"product_tag-custom","11":"product_tag-custom-water-bottles","12":"product_tag-for-sale","13":"product_tag-good-quality","14":"product_tag-hot-and-cold-water-bottle","15":"product_tag-hot-water-bottle-with-cover","16":"product_tag-infuser-water-bottle-direct-drinking","17":"product_tag-manufacturers","18":"product_tag-manufacturing","19":"product_tag-price","20":"product_tag-small","21":"product_tag-stainless-steel-vacuum-insulated-water-bottle","22":"product_tag-suppliers","23":"product_tag-water-bottle-transparent","24":"product_tag-water-bottles-wholesale","25":"product_tag-wholesale","27":"first","28":"instock","29":"shipping-taxable","30":"product-type-simple"},"acf":[],"yoast_head":"<!-- This site is optimized with the Yoast SEO Premium plugin v27.6 (Yoast SEO v27.6) - https:\/\/yoast.com\/product\/yoast-seo-premium-wordpress\/ -->\n<title>Stainless Steel Vacuum Insulated Water Bottle - Diller Water Bottle Manufacturer<\/title>\n<meta name=\"description\" content=\"As one of the best stainless steel vacuum insulated water bottle manufacturers and suppliers, we are engaged in manufacturing good quality water bottles. We warmly welcome you to wholesale or buy custom made stainless steel vacuum insulated water bottle at competitive price from us. Also, small quantity orders are acceptable.\" \/>\n<meta name=\"robots\" content=\"index, follow, max-snippet:-1, max-image-preview:large, max-video-preview:-1\" \/>\n<link rel=\"canonical\" href=\"https:\/\/www.dillerbottle.com\/nl\/producten\/roestvrijstalen-vacuum-geisoleerde-waterfles\" \/>\n<meta property=\"og:locale\" content=\"nl_NL\" \/>\n<meta property=\"og:type\" content=\"article\" \/>\n<meta property=\"og:title\" content=\"Stainless Steel Vacuum Insulated Water Bottle\" \/>\n<meta property=\"og:description\" content=\"As one of the best stainless steel vacuum insulated water bottle manufacturers and suppliers, we are engaged in manufacturing good quality water bottles. We warmly welcome you to wholesale or buy custom made stainless steel vacuum insulated water bottle at competitive price from us. Also, small quantity orders are acceptable.\" \/>\n<meta property=\"og:url\" content=\"https:\/\/www.dillerbottle.com\/nl\/producten\/roestvrijstalen-vacuum-geisoleerde-waterfles\" \/>\n<meta property=\"og:site_name\" content=\"Diller Water Bottle Manufacturer\" \/>\n<meta property=\"article:modified_time\" content=\"2025-07-08T09:48:53+00:00\" \/>\n<meta property=\"og:image\" content=\"https:\/\/www.dillerbottle.com\/wp-content\/uploads\/2024\/09\/stainless-steel-vacuum-insulated-water-bottle-2.png\" \/>\n\t<meta property=\"og:image:width\" content=\"800\" \/>\n\t<meta property=\"og:image:height\" content=\"800\" \/>\n\t<meta property=\"og:image:type\" content=\"image\/png\" \/>\n<meta name=\"twitter:card\" content=\"summary_large_image\" \/>\n<meta name=\"twitter:label1\" content=\"Verwachte leestijd\" \/>\n\t<meta name=\"twitter:data1\" content=\"3 minuten\" \/>\n<script type=\"application\/ld+json\" class=\"yoast-schema-graph\">{\"@context\":\"https:\\\/\\\/schema.org\",\"@graph\":[{\"@type\":\"WebPage\",\"@id\":\"https:\\\/\\\/www.dillerbottle.com\\\/my\\\/produk\\\/botol-air-terlindung-vakum-keluli-tahan-karat\",\"url\":\"https:\\\/\\\/www.dillerbottle.com\\\/my\\\/produk\\\/botol-air-terlindung-vakum-keluli-tahan-karat\",\"name\":\"Stainless Steel Vacuum Insulated Water Bottle - Diller Water Bottle Manufacturer\",\"isPartOf\":{\"@id\":\"https:\\\/\\\/www.dillerbottle.com\\\/#website\"},\"primaryImageOfPage\":{\"@id\":\"https:\\\/\\\/www.dillerbottle.com\\\/my\\\/produk\\\/botol-air-terlindung-vakum-keluli-tahan-karat#primaryimage\"},\"image\":{\"@id\":\"https:\\\/\\\/www.dillerbottle.com\\\/my\\\/produk\\\/botol-air-terlindung-vakum-keluli-tahan-karat#primaryimage\"},\"thumbnailUrl\":\"https:\\\/\\\/www.dillerbottle.com\\\/wp-content\\\/uploads\\\/2024\\\/09\\\/stainless-steel-vacuum-insulated-water-bottle-2.png\",\"datePublished\":\"2024-09-29T07:03:52+00:00\",\"dateModified\":\"2025-07-08T09:48:53+00:00\",\"description\":\"As one of the best stainless steel vacuum insulated water bottle manufacturers and suppliers, we are engaged in manufacturing good quality water bottles. We warmly welcome you to wholesale or buy custom made stainless steel vacuum insulated water bottle at competitive price from us. Also, small quantity orders are acceptable.\",\"breadcrumb\":{\"@id\":\"https:\\\/\\\/www.dillerbottle.com\\\/my\\\/produk\\\/botol-air-terlindung-vakum-keluli-tahan-karat#breadcrumb\"},\"inLanguage\":\"nl-NL\",\"potentialAction\":[{\"@type\":\"ReadAction\",\"target\":[\"https:\\\/\\\/www.dillerbottle.com\\\/my\\\/produk\\\/botol-air-terlindung-vakum-keluli-tahan-karat\"]}]},{\"@type\":\"ImageObject\",\"inLanguage\":\"nl-NL\",\"@id\":\"https:\\\/\\\/www.dillerbottle.com\\\/my\\\/produk\\\/botol-air-terlindung-vakum-keluli-tahan-karat#primaryimage\",\"url\":\"https:\\\/\\\/www.dillerbottle.com\\\/wp-content\\\/uploads\\\/2024\\\/09\\\/stainless-steel-vacuum-insulated-water-bottle-2.png\",\"contentUrl\":\"https:\\\/\\\/www.dillerbottle.com\\\/wp-content\\\/uploads\\\/2024\\\/09\\\/stainless-steel-vacuum-insulated-water-bottle-2.png\",\"width\":800,\"height\":800},{\"@type\":\"BreadcrumbList\",\"@id\":\"https:\\\/\\\/www.dillerbottle.com\\\/my\\\/produk\\\/botol-air-terlindung-vakum-keluli-tahan-karat#breadcrumb\",\"itemListElement\":[{\"@type\":\"ListItem\",\"position\":1,\"name\":\"Home\",\"item\":\"https:\\\/\\\/www.dillerbottle.com\\\/\"},{\"@type\":\"ListItem\",\"position\":2,\"name\":\"Products\",\"item\":\"https:\\\/\\\/www.dillerbottle.com\\\/shop\"},{\"@type\":\"ListItem\",\"position\":3,\"name\":\"Stainless Steel Vacuum Insulated Water Bottle\"}]},{\"@type\":\"WebSite\",\"@id\":\"https:\\\/\\\/www.dillerbottle.com\\\/#website\",\"url\":\"https:\\\/\\\/www.dillerbottle.com\\\/\",\"name\":\"Diller Water Bottle Manufacturer\",\"description\":\"Water Bottle Manufacturer\",\"publisher\":{\"@id\":\"https:\\\/\\\/www.dillerbottle.com\\\/#organization\"},\"potentialAction\":[{\"@type\":\"SearchAction\",\"target\":{\"@type\":\"EntryPoint\",\"urlTemplate\":\"https:\\\/\\\/www.dillerbottle.com\\\/?s={search_term_string}\"},\"query-input\":{\"@type\":\"PropertyValueSpecification\",\"valueRequired\":true,\"valueName\":\"search_term_string\"}}],\"inLanguage\":\"nl-NL\"},{\"@type\":\"Organization\",\"@id\":\"https:\\\/\\\/www.dillerbottle.com\\\/#organization\",\"name\":\"Diller Water Bottle Manufacturer\",\"url\":\"https:\\\/\\\/www.dillerbottle.com\\\/\",\"logo\":{\"@type\":\"ImageObject\",\"inLanguage\":\"nl-NL\",\"@id\":\"https:\\\/\\\/www.dillerbottle.com\\\/#\\\/schema\\\/logo\\\/image\\\/\",\"url\":\"https:\\\/\\\/www.dillerbottle.com\\\/wp-content\\\/uploads\\\/2024\\\/09\\\/49918bfa848dcc1e9f8b509933603ac.png\",\"contentUrl\":\"https:\\\/\\\/www.dillerbottle.com\\\/wp-content\\\/uploads\\\/2024\\\/09\\\/49918bfa848dcc1e9f8b509933603ac.png\",\"width\":988,\"height\":198,\"caption\":\"Diller Water Bottle Manufacturer\"},\"image\":{\"@id\":\"https:\\\/\\\/www.dillerbottle.com\\\/#\\\/schema\\\/logo\\\/image\\\/\"}}]}<\/script>\n<!-- \/ Yoast SEO Premium plugin. -->","yoast_head_json":{"title":"Roestvrijstalen vacu\u00fcm ge\u00efsoleerde waterfles - Diller Waterfles Fabrikant","description":"Als een van de beste fabrikanten en leveranciers van roestvrijstalen vacu\u00fcm ge\u00efsoleerde waterflessen, zijn wij bezig met het produceren van waterflessen van goede kwaliteit. Wij heten u van harte welkom om roestvrijstalen vacu\u00fcm ge\u00efsoleerde waterflessen te groothandel of op maat gemaakte roestvrijstalen vacu\u00fcm ge\u00efsoleerde waterflessen te kopen tegen een concurrerende prijs bij ons. Ook zijn kleine hoeveelheden toegestaan.","robots":{"index":"index","follow":"follow","max-snippet":"max-snippet:-1","max-image-preview":"max-image-preview:large","max-video-preview":"max-video-preview:-1"},"canonical":"https:\/\/www.dillerbottle.com\/nl\/producten\/roestvrijstalen-vacuum-geisoleerde-waterfles","og_locale":"nl_NL","og_type":"article","og_title":"Stainless Steel Vacuum Insulated Water Bottle","og_description":"As one of the best stainless steel vacuum insulated water bottle manufacturers and suppliers, we are engaged in manufacturing good quality water bottles. We warmly welcome you to wholesale or buy custom made stainless steel vacuum insulated water bottle at competitive price from us. Also, small quantity orders are acceptable.","og_url":"https:\/\/www.dillerbottle.com\/nl\/producten\/roestvrijstalen-vacuum-geisoleerde-waterfles","og_site_name":"Diller Water Bottle Manufacturer","article_modified_time":"2025-07-08T09:48:53+00:00","og_image":[{"width":800,"height":800,"url":"https:\/\/www.dillerbottle.com\/wp-content\/uploads\/2024\/09\/stainless-steel-vacuum-insulated-water-bottle-2.png","type":"image\/png"}],"twitter_card":"summary_large_image","twitter_misc":{"Verwachte leestijd":"3 minuten"},"schema":{"@context":"https:\/\/schema.org","@graph":[{"@type":"WebPage","@id":"https:\/\/www.dillerbottle.com\/my\/produk\/botol-air-terlindung-vakum-keluli-tahan-karat","url":"https:\/\/www.dillerbottle.com\/my\/produk\/botol-air-terlindung-vakum-keluli-tahan-karat","name":"Roestvrijstalen vacu\u00fcm ge\u00efsoleerde waterfles - Diller Waterfles Fabrikant","isPartOf":{"@id":"https:\/\/www.dillerbottle.com\/#website"},"primaryImageOfPage":{"@id":"https:\/\/www.dillerbottle.com\/my\/produk\/botol-air-terlindung-vakum-keluli-tahan-karat#primaryimage"},"image":{"@id":"https:\/\/www.dillerbottle.com\/my\/produk\/botol-air-terlindung-vakum-keluli-tahan-karat#primaryimage"},"thumbnailUrl":"https:\/\/www.dillerbottle.com\/wp-content\/uploads\/2024\/09\/stainless-steel-vacuum-insulated-water-bottle-2.png","datePublished":"2024-09-29T07:03:52+00:00","dateModified":"2025-07-08T09:48:53+00:00","description":"Als een van de beste fabrikanten en leveranciers van roestvrijstalen vacu\u00fcm ge\u00efsoleerde waterflessen, zijn wij bezig met het produceren van waterflessen van goede kwaliteit. Wij heten u van harte welkom om roestvrijstalen vacu\u00fcm ge\u00efsoleerde waterflessen te groothandel of op maat gemaakte roestvrijstalen vacu\u00fcm ge\u00efsoleerde waterflessen te kopen tegen een concurrerende prijs bij ons. Ook zijn kleine hoeveelheden toegestaan.","breadcrumb":{"@id":"https:\/\/www.dillerbottle.com\/my\/produk\/botol-air-terlindung-vakum-keluli-tahan-karat#breadcrumb"},"inLanguage":"nl-NL","potentialAction":[{"@type":"ReadAction","target":["https:\/\/www.dillerbottle.com\/my\/produk\/botol-air-terlindung-vakum-keluli-tahan-karat"]}]},{"@type":"ImageObject","inLanguage":"nl-NL","@id":"https:\/\/www.dillerbottle.com\/my\/produk\/botol-air-terlindung-vakum-keluli-tahan-karat#primaryimage","url":"https:\/\/www.dillerbottle.com\/wp-content\/uploads\/2024\/09\/stainless-steel-vacuum-insulated-water-bottle-2.png","contentUrl":"https:\/\/www.dillerbottle.com\/wp-content\/uploads\/2024\/09\/stainless-steel-vacuum-insulated-water-bottle-2.png","width":800,"height":800},{"@type":"BreadcrumbList","@id":"https:\/\/www.dillerbottle.com\/my\/produk\/botol-air-terlindung-vakum-keluli-tahan-karat#breadcrumb","itemListElement":[{"@type":"ListItem","position":1,"name":"Home","item":"https:\/\/www.dillerbottle.com\/"},{"@type":"ListItem","position":2,"name":"Products","item":"https:\/\/www.dillerbottle.com\/shop"},{"@type":"ListItem","position":3,"name":"Stainless Steel Vacuum Insulated Water Bottle"}]},{"@type":"WebSite","@id":"https:\/\/www.dillerbottle.com\/#website","url":"https:\/\/www.dillerbottle.com\/","name":"Diller Waterfles Fabrikant","description":"Fabrikant van waterflessen","publisher":{"@id":"https:\/\/www.dillerbottle.com\/#organization"},"potentialAction":[{"@type":"SearchAction","target":{"@type":"EntryPoint","urlTemplate":"https:\/\/www.dillerbottle.com\/?s={search_term_string}"},"query-input":{"@type":"PropertyValueSpecification","valueRequired":true,"valueName":"search_term_string"}}],"inLanguage":"nl-NL"},{"@type":"Organization","@id":"https:\/\/www.dillerbottle.com\/#organization","name":"Diller Waterfles Fabrikant","url":"https:\/\/www.dillerbottle.com\/","logo":{"@type":"ImageObject","inLanguage":"nl-NL","@id":"https:\/\/www.dillerbottle.com\/#\/schema\/logo\/image\/","url":"https:\/\/www.dillerbottle.com\/wp-content\/uploads\/2024\/09\/49918bfa848dcc1e9f8b509933603ac.png","contentUrl":"https:\/\/www.dillerbottle.com\/wp-content\/uploads\/2024\/09\/49918bfa848dcc1e9f8b509933603ac.png","width":988,"height":198,"caption":"Diller Water Bottle Manufacturer"},"image":{"@id":"https:\/\/www.dillerbottle.com\/#\/schema\/logo\/image\/"}}]}},"_links":{"self":[{"href":"https:\/\/www.dillerbottle.com\/nl\/wp-json\/wp\/v2\/product\/12043","targetHints":{"allow":["GET"]}}],"collection":[{"href":"https:\/\/www.dillerbottle.com\/nl\/wp-json\/wp\/v2\/product"}],"about":[{"href":"https:\/\/www.dillerbottle.com\/nl\/wp-json\/wp\/v2\/types\/product"}],"replies":[{"embeddable":true,"href":"https:\/\/www.dillerbottle.com\/nl\/wp-json\/wp\/v2\/comments?post=12043"}],"wp:featuredmedia":[{"embeddable":true,"href":"https:\/\/www.dillerbottle.com\/nl\/wp-json\/wp\/v2\/media\/15070"}],"wp:attachment":[{"href":"https:\/\/www.dillerbottle.com\/nl\/wp-json\/wp\/v2\/media?parent=12043"}],"wp:term":[{"taxonomy":"product_brand","embeddable":true,"href":"https:\/\/www.dillerbottle.com\/nl\/wp-json\/wp\/v2\/product_brand?post=12043"},{"taxonomy":"product_cat","embeddable":true,"href":"https:\/\/www.dillerbottle.com\/nl\/wp-json\/wp\/v2\/product_cat?post=12043"},{"taxonomy":"product_tag","embeddable":true,"href":"https:\/\/www.dillerbottle.com\/nl\/wp-json\/wp\/v2\/product_tag?post=12043"}],"curies":[{"name":"wp","href":"https:\/\/api.w.org\/{rel}","templated":true}]}}