{"id":12054,"date":"2024-09-29T15:03:58","date_gmt":"2024-09-29T07:03:58","guid":{"rendered":"https:\/\/demo.dillerbottle.com\/products\/double-wall-vacuum-insulated-water-bottle"},"modified":"2025-07-08T17:48:42","modified_gmt":"2025-07-08T09:48:42","slug":"dubbelwandige-vacuum-geisoleerde-waterfles","status":"publish","type":"product","link":"https:\/\/www.dillerbottle.com\/nl\/products\/double-wall-vacuum-insulated-water-bottle","title":{"rendered":"Dubbelwandige vacu\u00fcm ge\u00efsoleerde waterfles"},"content":{"rendered":"<p>Functies:<br \/>\n1.;E\u00e9nhandig te bedienen deksel. Dubbelwandige vacu\u00fcm ge\u00efsoleerde waterfles wordt geleverd met een stofdichte klepdeksel, het maakt gebruik van one-click openingstechnologie. Met slechts \u00e9\u00e9n hand kan het deksel gemakkelijk worden geopend.<\/p>\n<p>2.;De dubbelwandige vacu\u00fcm ge\u00efsoleerde waterfles is gemaakt van roestvrij staal van voedingskwaliteit 304 (18\/8) dat 100% BPA-vrij, geurvrij en gifvrij is. Het zal nooit een metaalsmaak of roest achterlaten.<\/p>\n<p>3.;Zeg maar dag tegen \"ZWETTE\"! De dubbelwandige isolatie maakt de vacu\u00fcm ge\u00efsoleerde waterflessen zweetvrij. Ze houden je dranken tot 24 uur koud of 12 uur warm.<\/p>\n<p>4.;De poedercoating buitenafwerking is klassiek. Het zorgt ervoor dat de buitenkant van de fles duurzaam is. Hij zal niet afbladderen, ook al gebruik je hem lange tijd.<\/p>","protected":false},"excerpt":{"rendered":"<p>Personaliseer uw dubbelwandige vacu\u00fcm ge\u00efsoleerde waterfles met uw logo, kleur, patroon of uw eigen ontwerp.<br \/>\nGratis monsters beschikbaar.<br \/>\nKoop in bulk dubbelwandige vacu\u00fcm ge\u00efsoleerde waterflessen tegen groothandelsprijzen, 50-60 stuks met een lage MOQ ter ondersteuning van kleine bedrijven.<br \/>\nGemaakt van roestvrij staal van voedingskwaliteit 304 (18\/8), 100%, BPA-vrij, geurvrij en gifvrij.<br \/>\nHet laat nooit een metaalsmaak of roest achter.<br \/>\nDankzij de dubbele wandisolatie zijn de vacu\u00fcmge\u00efsoleerde waterflessen zweetvrij.<br \/>\nHoudt uw dranken tot wel 24 uur koud of 12 uur warm.<\/p>","protected":false},"featured_media":12055,"comment_status":"open","ping_status":"closed","template":"","meta":{"_acf_changed":false},"product_brand":[],"product_cat":[18],"product_tag":[32,36,33,31,1024,39,38,711,29,37,34,35,539,817,28,685,537,691,30],"class_list":{"0":"post-12054","1":"product","2":"type-product","3":"status-publish","4":"has-post-thumbnail","6":"product_cat-insulated-water-bottle","7":"product_tag-best","8":"product_tag-bulk","9":"product_tag-buy","10":"product_tag-custom","11":"product_tag-double-wall-vacuum-insulated-water-bottle","12":"product_tag-for-sale","13":"product_tag-good-quality","14":"product_tag-insulated-stainless-steel-water-bottle","15":"product_tag-manufacturers","16":"product_tag-manufacturing","17":"product_tag-price","18":"product_tag-small","19":"product_tag-stainless-steel-water-bottle","20":"product_tag-steel-double-walled-water-bottle-travel-bottle","21":"product_tag-suppliers","22":"product_tag-water-bottle-custom-logo","23":"product_tag-water-bottle-sleeve","24":"product_tag-water-bottles-leak-proof-bpa-free-sports-bottle","25":"product_tag-wholesale","27":"first","28":"instock","29":"shipping-taxable","30":"product-type-simple"},"acf":[],"yoast_head":"<!-- This site is optimized with the Yoast SEO Premium plugin v27.5 (Yoast SEO v27.5) - https:\/\/yoast.com\/product\/yoast-seo-premium-wordpress\/ -->\n<title>Double Wall Vacuum Insulated Water Bottle - Diller Water Bottle Manufacturer<\/title>\n<meta name=\"description\" content=\"As one of the best double wall vacuum insulated water bottle manufacturers and suppliers, we are engaged in manufacturing good quality water bottles. We warmly welcome you to wholesale or buy custom made double wall vacuum insulated water bottle at competitive price from us. Also, small quantity orders are acceptable.\" \/>\n<meta name=\"robots\" content=\"index, follow, max-snippet:-1, max-image-preview:large, max-video-preview:-1\" \/>\n<link rel=\"canonical\" href=\"https:\/\/www.dillerbottle.com\/nl\/producten\/dubbelwandige-vacuum-geisoleerde-waterfles\" \/>\n<meta property=\"og:locale\" content=\"nl_NL\" \/>\n<meta property=\"og:type\" content=\"article\" \/>\n<meta property=\"og:title\" content=\"Double Wall Vacuum Insulated Water Bottle\" \/>\n<meta property=\"og:description\" content=\"As one of the best double wall vacuum insulated water bottle manufacturers and suppliers, we are engaged in manufacturing good quality water bottles. We warmly welcome you to wholesale or buy custom made double wall vacuum insulated water bottle at competitive price from us. Also, small quantity orders are acceptable.\" \/>\n<meta property=\"og:url\" content=\"https:\/\/www.dillerbottle.com\/nl\/producten\/dubbelwandige-vacuum-geisoleerde-waterfles\" \/>\n<meta property=\"og:site_name\" content=\"Diller Water Bottle Manufacturer\" \/>\n<meta property=\"article:modified_time\" content=\"2025-07-08T09:48:42+00:00\" \/>\n<meta property=\"og:image\" content=\"https:\/\/www.dillerbottle.com\/wp-content\/uploads\/2024\/09\/double-wall-vacuum-insulated-water-bottle14320980887.jpg\" \/>\n\t<meta property=\"og:image:width\" content=\"730\" \/>\n\t<meta property=\"og:image:height\" content=\"730\" \/>\n\t<meta property=\"og:image:type\" content=\"image\/jpeg\" \/>\n<meta name=\"twitter:card\" content=\"summary_large_image\" \/>\n<meta name=\"twitter:label1\" content=\"Verwachte leestijd\" \/>\n\t<meta name=\"twitter:data1\" content=\"2 minuten\" \/>\n<script type=\"application\/ld+json\" class=\"yoast-schema-graph\">{\"@context\":\"https:\\\/\\\/schema.org\",\"@graph\":[{\"@type\":\"WebPage\",\"@id\":\"https:\\\/\\\/www.dillerbottle.com\\\/fr\\\/produits\\\/bouteille-deau-isolee-sous-vide-a-double-paroi\",\"url\":\"https:\\\/\\\/www.dillerbottle.com\\\/fr\\\/produits\\\/bouteille-deau-isolee-sous-vide-a-double-paroi\",\"name\":\"Double Wall Vacuum Insulated Water Bottle - Diller Water Bottle Manufacturer\",\"isPartOf\":{\"@id\":\"https:\\\/\\\/www.dillerbottle.com\\\/#website\"},\"primaryImageOfPage\":{\"@id\":\"https:\\\/\\\/www.dillerbottle.com\\\/fr\\\/produits\\\/bouteille-deau-isolee-sous-vide-a-double-paroi#primaryimage\"},\"image\":{\"@id\":\"https:\\\/\\\/www.dillerbottle.com\\\/fr\\\/produits\\\/bouteille-deau-isolee-sous-vide-a-double-paroi#primaryimage\"},\"thumbnailUrl\":\"https:\\\/\\\/www.dillerbottle.com\\\/wp-content\\\/uploads\\\/2024\\\/09\\\/double-wall-vacuum-insulated-water-bottle14320980887.jpg\",\"datePublished\":\"2024-09-29T07:03:58+00:00\",\"dateModified\":\"2025-07-08T09:48:42+00:00\",\"description\":\"As one of the best double wall vacuum insulated water bottle manufacturers and suppliers, we are engaged in manufacturing good quality water bottles. We warmly welcome you to wholesale or buy custom made double wall vacuum insulated water bottle at competitive price from us. Also, small quantity orders are acceptable.\",\"breadcrumb\":{\"@id\":\"https:\\\/\\\/www.dillerbottle.com\\\/fr\\\/produits\\\/bouteille-deau-isolee-sous-vide-a-double-paroi#breadcrumb\"},\"inLanguage\":\"nl-NL\",\"potentialAction\":[{\"@type\":\"ReadAction\",\"target\":[\"https:\\\/\\\/www.dillerbottle.com\\\/fr\\\/produits\\\/bouteille-deau-isolee-sous-vide-a-double-paroi\"]}]},{\"@type\":\"ImageObject\",\"inLanguage\":\"nl-NL\",\"@id\":\"https:\\\/\\\/www.dillerbottle.com\\\/fr\\\/produits\\\/bouteille-deau-isolee-sous-vide-a-double-paroi#primaryimage\",\"url\":\"https:\\\/\\\/www.dillerbottle.com\\\/wp-content\\\/uploads\\\/2024\\\/09\\\/double-wall-vacuum-insulated-water-bottle14320980887.jpg\",\"contentUrl\":\"https:\\\/\\\/www.dillerbottle.com\\\/wp-content\\\/uploads\\\/2024\\\/09\\\/double-wall-vacuum-insulated-water-bottle14320980887.jpg\",\"width\":730,\"height\":730},{\"@type\":\"BreadcrumbList\",\"@id\":\"https:\\\/\\\/www.dillerbottle.com\\\/fr\\\/produits\\\/bouteille-deau-isolee-sous-vide-a-double-paroi#breadcrumb\",\"itemListElement\":[{\"@type\":\"ListItem\",\"position\":1,\"name\":\"Home\",\"item\":\"https:\\\/\\\/www.dillerbottle.com\\\/\"},{\"@type\":\"ListItem\",\"position\":2,\"name\":\"Products\",\"item\":\"https:\\\/\\\/www.dillerbottle.com\\\/shop\"},{\"@type\":\"ListItem\",\"position\":3,\"name\":\"Double Wall Vacuum Insulated Water Bottle\"}]},{\"@type\":\"WebSite\",\"@id\":\"https:\\\/\\\/www.dillerbottle.com\\\/#website\",\"url\":\"https:\\\/\\\/www.dillerbottle.com\\\/\",\"name\":\"Diller Water Bottle Manufacturer\",\"description\":\"Water Bottle Manufacturer\",\"publisher\":{\"@id\":\"https:\\\/\\\/www.dillerbottle.com\\\/#organization\"},\"potentialAction\":[{\"@type\":\"SearchAction\",\"target\":{\"@type\":\"EntryPoint\",\"urlTemplate\":\"https:\\\/\\\/www.dillerbottle.com\\\/?s={search_term_string}\"},\"query-input\":{\"@type\":\"PropertyValueSpecification\",\"valueRequired\":true,\"valueName\":\"search_term_string\"}}],\"inLanguage\":\"nl-NL\"},{\"@type\":\"Organization\",\"@id\":\"https:\\\/\\\/www.dillerbottle.com\\\/#organization\",\"name\":\"Diller Water Bottle Manufacturer\",\"url\":\"https:\\\/\\\/www.dillerbottle.com\\\/\",\"logo\":{\"@type\":\"ImageObject\",\"inLanguage\":\"nl-NL\",\"@id\":\"https:\\\/\\\/www.dillerbottle.com\\\/#\\\/schema\\\/logo\\\/image\\\/\",\"url\":\"https:\\\/\\\/www.dillerbottle.com\\\/wp-content\\\/uploads\\\/2024\\\/09\\\/49918bfa848dcc1e9f8b509933603ac.png\",\"contentUrl\":\"https:\\\/\\\/www.dillerbottle.com\\\/wp-content\\\/uploads\\\/2024\\\/09\\\/49918bfa848dcc1e9f8b509933603ac.png\",\"width\":988,\"height\":198,\"caption\":\"Diller Water Bottle Manufacturer\"},\"image\":{\"@id\":\"https:\\\/\\\/www.dillerbottle.com\\\/#\\\/schema\\\/logo\\\/image\\\/\"}}]}<\/script>\n<!-- \/ Yoast SEO Premium plugin. -->","yoast_head_json":{"title":"Dubbelwandige vacu\u00fcm ge\u00efsoleerde waterfles - Diller Waterfles Fabrikant","description":"Als een van de beste fabrikanten en leveranciers van dubbelwandige vacu\u00fcm ge\u00efsoleerde waterflessen, zijn wij bezig met het produceren van waterflessen van goede kwaliteit. Wij heten u van harte welkom om dubbelwandige vacu\u00fcm ge\u00efsoleerde waterflessen te kopen tegen een concurrerende prijs bij ons. Ook zijn kleine hoeveelheden toegestaan.","robots":{"index":"index","follow":"follow","max-snippet":"max-snippet:-1","max-image-preview":"max-image-preview:large","max-video-preview":"max-video-preview:-1"},"canonical":"https:\/\/www.dillerbottle.com\/nl\/producten\/dubbelwandige-vacuum-geisoleerde-waterfles","og_locale":"nl_NL","og_type":"article","og_title":"Double Wall Vacuum Insulated Water Bottle","og_description":"As one of the best double wall vacuum insulated water bottle manufacturers and suppliers, we are engaged in manufacturing good quality water bottles. We warmly welcome you to wholesale or buy custom made double wall vacuum insulated water bottle at competitive price from us. Also, small quantity orders are acceptable.","og_url":"https:\/\/www.dillerbottle.com\/nl\/producten\/dubbelwandige-vacuum-geisoleerde-waterfles","og_site_name":"Diller Water Bottle Manufacturer","article_modified_time":"2025-07-08T09:48:42+00:00","og_image":[{"width":730,"height":730,"url":"https:\/\/www.dillerbottle.com\/wp-content\/uploads\/2024\/09\/double-wall-vacuum-insulated-water-bottle14320980887.jpg","type":"image\/jpeg"}],"twitter_card":"summary_large_image","twitter_misc":{"Verwachte leestijd":"2 minuten"},"schema":{"@context":"https:\/\/schema.org","@graph":[{"@type":"WebPage","@id":"https:\/\/www.dillerbottle.com\/fr\/produits\/bouteille-deau-isolee-sous-vide-a-double-paroi","url":"https:\/\/www.dillerbottle.com\/fr\/produits\/bouteille-deau-isolee-sous-vide-a-double-paroi","name":"Dubbelwandige vacu\u00fcm ge\u00efsoleerde waterfles - Diller Waterfles Fabrikant","isPartOf":{"@id":"https:\/\/www.dillerbottle.com\/#website"},"primaryImageOfPage":{"@id":"https:\/\/www.dillerbottle.com\/fr\/produits\/bouteille-deau-isolee-sous-vide-a-double-paroi#primaryimage"},"image":{"@id":"https:\/\/www.dillerbottle.com\/fr\/produits\/bouteille-deau-isolee-sous-vide-a-double-paroi#primaryimage"},"thumbnailUrl":"https:\/\/www.dillerbottle.com\/wp-content\/uploads\/2024\/09\/double-wall-vacuum-insulated-water-bottle14320980887.jpg","datePublished":"2024-09-29T07:03:58+00:00","dateModified":"2025-07-08T09:48:42+00:00","description":"Als een van de beste fabrikanten en leveranciers van dubbelwandige vacu\u00fcm ge\u00efsoleerde waterflessen, zijn wij bezig met het produceren van waterflessen van goede kwaliteit. Wij heten u van harte welkom om dubbelwandige vacu\u00fcm ge\u00efsoleerde waterflessen te kopen tegen een concurrerende prijs bij ons. Ook zijn kleine hoeveelheden toegestaan.","breadcrumb":{"@id":"https:\/\/www.dillerbottle.com\/fr\/produits\/bouteille-deau-isolee-sous-vide-a-double-paroi#breadcrumb"},"inLanguage":"nl-NL","potentialAction":[{"@type":"ReadAction","target":["https:\/\/www.dillerbottle.com\/fr\/produits\/bouteille-deau-isolee-sous-vide-a-double-paroi"]}]},{"@type":"ImageObject","inLanguage":"nl-NL","@id":"https:\/\/www.dillerbottle.com\/fr\/produits\/bouteille-deau-isolee-sous-vide-a-double-paroi#primaryimage","url":"https:\/\/www.dillerbottle.com\/wp-content\/uploads\/2024\/09\/double-wall-vacuum-insulated-water-bottle14320980887.jpg","contentUrl":"https:\/\/www.dillerbottle.com\/wp-content\/uploads\/2024\/09\/double-wall-vacuum-insulated-water-bottle14320980887.jpg","width":730,"height":730},{"@type":"BreadcrumbList","@id":"https:\/\/www.dillerbottle.com\/fr\/produits\/bouteille-deau-isolee-sous-vide-a-double-paroi#breadcrumb","itemListElement":[{"@type":"ListItem","position":1,"name":"Home","item":"https:\/\/www.dillerbottle.com\/"},{"@type":"ListItem","position":2,"name":"Products","item":"https:\/\/www.dillerbottle.com\/shop"},{"@type":"ListItem","position":3,"name":"Double Wall Vacuum Insulated Water Bottle"}]},{"@type":"WebSite","@id":"https:\/\/www.dillerbottle.com\/#website","url":"https:\/\/www.dillerbottle.com\/","name":"Diller Waterfles Fabrikant","description":"Fabrikant van waterflessen","publisher":{"@id":"https:\/\/www.dillerbottle.com\/#organization"},"potentialAction":[{"@type":"SearchAction","target":{"@type":"EntryPoint","urlTemplate":"https:\/\/www.dillerbottle.com\/?s={search_term_string}"},"query-input":{"@type":"PropertyValueSpecification","valueRequired":true,"valueName":"search_term_string"}}],"inLanguage":"nl-NL"},{"@type":"Organization","@id":"https:\/\/www.dillerbottle.com\/#organization","name":"Diller Waterfles Fabrikant","url":"https:\/\/www.dillerbottle.com\/","logo":{"@type":"ImageObject","inLanguage":"nl-NL","@id":"https:\/\/www.dillerbottle.com\/#\/schema\/logo\/image\/","url":"https:\/\/www.dillerbottle.com\/wp-content\/uploads\/2024\/09\/49918bfa848dcc1e9f8b509933603ac.png","contentUrl":"https:\/\/www.dillerbottle.com\/wp-content\/uploads\/2024\/09\/49918bfa848dcc1e9f8b509933603ac.png","width":988,"height":198,"caption":"Diller Water Bottle Manufacturer"},"image":{"@id":"https:\/\/www.dillerbottle.com\/#\/schema\/logo\/image\/"}}]}},"_links":{"self":[{"href":"https:\/\/www.dillerbottle.com\/nl\/wp-json\/wp\/v2\/product\/12054","targetHints":{"allow":["GET"]}}],"collection":[{"href":"https:\/\/www.dillerbottle.com\/nl\/wp-json\/wp\/v2\/product"}],"about":[{"href":"https:\/\/www.dillerbottle.com\/nl\/wp-json\/wp\/v2\/types\/product"}],"replies":[{"embeddable":true,"href":"https:\/\/www.dillerbottle.com\/nl\/wp-json\/wp\/v2\/comments?post=12054"}],"wp:featuredmedia":[{"embeddable":true,"href":"https:\/\/www.dillerbottle.com\/nl\/wp-json\/wp\/v2\/media\/12055"}],"wp:attachment":[{"href":"https:\/\/www.dillerbottle.com\/nl\/wp-json\/wp\/v2\/media?parent=12054"}],"wp:term":[{"taxonomy":"product_brand","embeddable":true,"href":"https:\/\/www.dillerbottle.com\/nl\/wp-json\/wp\/v2\/product_brand?post=12054"},{"taxonomy":"product_cat","embeddable":true,"href":"https:\/\/www.dillerbottle.com\/nl\/wp-json\/wp\/v2\/product_cat?post=12054"},{"taxonomy":"product_tag","embeddable":true,"href":"https:\/\/www.dillerbottle.com\/nl\/wp-json\/wp\/v2\/product_tag?post=12054"}],"curies":[{"name":"wp","href":"https:\/\/api.w.org\/{rel}","templated":true}]}}