{"id":12092,"date":"2024-09-29T15:04:25","date_gmt":"2024-09-29T07:04:25","guid":{"rendered":"https:\/\/demo.dillerbottle.com\/products\/insulated-vacuum-sealed-water-bottle"},"modified":"2024-09-29T15:04:29","modified_gmt":"2024-09-29T07:04:29","slug":"geisoleerde-vacuum-verzegelde-waterfles","status":"publish","type":"product","link":"https:\/\/www.dillerbottle.com\/nl\/products\/insulated-vacuum-sealed-water-bottle","title":{"rendered":"Ge\u00efsoleerde vacu\u00fcm verzegelde waterfles"},"content":{"rendered":"<p>1. Hoogwaardige dubbelwandige vacu\u00fcmge\u00efsoleerde constructie houdt de temperatuur vast.<br \/>\n2. Gemaakt van 100% BPA en niet-giftig, voedselveilig roestvrij staal 304.<br \/>\n3. Lekvrij deksel houdt drank veilig binnen. Dubbelwandig ontwerp zorgt ervoor dat de fles zweetvrij blijft. Gemakkelijk schoon te maken en te gebruiken.<br \/>\n4. Ge\u00efsoleerde vacu\u00fcm verzegelde waterfles geschikt voor sportschool, werk, school, auto, wandelen, kamperen, buiten, yoga, hardlopen, fietsen, tennis, het strand, picknick, cadeaus en reizen. Past in de meeste bekerhouders.<\/p>","protected":false},"excerpt":{"rendered":"<p>Kenmerken: 1. Hoogwaardige dubbelwandige, vacu\u00fcmge\u00efsoleerde constructie houdt de temperatuur vast.<br \/>\n2. Gemaakt van 100% BPA en niet-giftig, voedselveilig roestvrij staal 304.<br \/>\n3. Lekvrij deksel houdt de drank veilig binnen.<br \/>\nDankzij het dubbelwandige ontwerp blijft de fles zweetvrij.<br \/>\nGemakkelijk schoon te maken en te gebruiken\u2026.<\/p>","protected":false},"featured_media":12093,"comment_status":"open","ping_status":"closed","template":"","meta":{"_acf_changed":false},"product_brand":[],"product_cat":[18],"product_tag":[32,36,33,31,737,39,38,508,1028,29,37,34,35,738,28,682,573,552,30],"class_list":{"0":"post-12092","1":"product","2":"type-product","3":"status-publish","4":"has-post-thumbnail","6":"product_cat-insulated-water-bottle","7":"product_tag-best","8":"product_tag-bulk","9":"product_tag-buy","10":"product_tag-custom","11":"product_tag-custom-logo-water-bottle","12":"product_tag-for-sale","13":"product_tag-good-quality","14":"product_tag-infuser-water-bottle","15":"product_tag-insulated-vacuum-sealed-water-bottle","16":"product_tag-manufacturers","17":"product_tag-manufacturing","18":"product_tag-price","19":"product_tag-small","20":"product_tag-steel-water-bottles-with-sports-straw-lid","21":"product_tag-suppliers","22":"product_tag-temperature-water-bottle","23":"product_tag-travel-water-bottle","24":"product_tag-water-bottle-insulated-sports-bottles-with-handle","25":"product_tag-wholesale","27":"first","28":"instock","29":"shipping-taxable","30":"product-type-simple"},"acf":[],"yoast_head":"<!-- This site is optimized with the Yoast SEO Premium plugin v27.5 (Yoast SEO v27.5) - https:\/\/yoast.com\/product\/yoast-seo-premium-wordpress\/ -->\n<title>Insulated Vacuum Sealed Water Bottle - Diller Water Bottle Manufacturer<\/title>\n<meta name=\"description\" content=\"As one of the best insulated vacuum sealed water bottle manufacturers and suppliers, we are engaged in manufacturing good quality water bottles. We warmly welcome you to wholesale or buy custom made insulated vacuum sealed water bottle at competitive price from us. Also, small quantity orders are acceptable.\" \/>\n<meta name=\"robots\" content=\"index, follow, max-snippet:-1, max-image-preview:large, max-video-preview:-1\" \/>\n<link rel=\"canonical\" href=\"https:\/\/www.dillerbottle.com\/nl\/producten\/geisoleerde-vacuum-verzegelde-waterfles\" \/>\n<meta property=\"og:locale\" content=\"nl_NL\" \/>\n<meta property=\"og:type\" content=\"article\" \/>\n<meta property=\"og:title\" content=\"Insulated Vacuum Sealed Water Bottle\" \/>\n<meta property=\"og:description\" content=\"As one of the best insulated vacuum sealed water bottle manufacturers and suppliers, we are engaged in manufacturing good quality water bottles. We warmly welcome you to wholesale or buy custom made insulated vacuum sealed water bottle at competitive price from us. Also, small quantity orders are acceptable.\" \/>\n<meta property=\"og:url\" content=\"https:\/\/www.dillerbottle.com\/nl\/producten\/geisoleerde-vacuum-verzegelde-waterfles\" \/>\n<meta property=\"og:site_name\" content=\"Diller Water Bottle Manufacturer\" \/>\n<meta property=\"article:modified_time\" content=\"2024-09-29T07:04:29+00:00\" \/>\n<meta property=\"og:image\" content=\"https:\/\/www.dillerbottle.com\/wp-content\/uploads\/2024\/09\/insulated-vacuum-sealed-water-bottle25549121328.jpg\" \/>\n\t<meta property=\"og:image:width\" content=\"730\" \/>\n\t<meta property=\"og:image:height\" content=\"730\" \/>\n\t<meta property=\"og:image:type\" content=\"image\/jpeg\" \/>\n<meta name=\"twitter:card\" content=\"summary_large_image\" \/>\n<script type=\"application\/ld+json\" class=\"yoast-schema-graph\">{\"@context\":\"https:\\\/\\\/schema.org\",\"@graph\":[{\"@type\":\"WebPage\",\"@id\":\"https:\\\/\\\/www.dillerbottle.com\\\/products\\\/insulated-vacuum-sealed-water-bottle\",\"url\":\"https:\\\/\\\/www.dillerbottle.com\\\/products\\\/insulated-vacuum-sealed-water-bottle\",\"name\":\"Insulated Vacuum Sealed Water Bottle - Diller Water Bottle Manufacturer\",\"isPartOf\":{\"@id\":\"https:\\\/\\\/www.dillerbottle.com\\\/#website\"},\"primaryImageOfPage\":{\"@id\":\"https:\\\/\\\/www.dillerbottle.com\\\/products\\\/insulated-vacuum-sealed-water-bottle#primaryimage\"},\"image\":{\"@id\":\"https:\\\/\\\/www.dillerbottle.com\\\/products\\\/insulated-vacuum-sealed-water-bottle#primaryimage\"},\"thumbnailUrl\":\"https:\\\/\\\/www.dillerbottle.com\\\/wp-content\\\/uploads\\\/2024\\\/09\\\/insulated-vacuum-sealed-water-bottle25549121328.jpg\",\"datePublished\":\"2024-09-29T07:04:25+00:00\",\"dateModified\":\"2024-09-29T07:04:29+00:00\",\"description\":\"As one of the best insulated vacuum sealed water bottle manufacturers and suppliers, we are engaged in manufacturing good quality water bottles. We warmly welcome you to wholesale or buy custom made insulated vacuum sealed water bottle at competitive price from us. Also, small quantity orders are acceptable.\",\"breadcrumb\":{\"@id\":\"https:\\\/\\\/www.dillerbottle.com\\\/products\\\/insulated-vacuum-sealed-water-bottle#breadcrumb\"},\"inLanguage\":\"nl-NL\",\"potentialAction\":[{\"@type\":\"ReadAction\",\"target\":[\"https:\\\/\\\/www.dillerbottle.com\\\/products\\\/insulated-vacuum-sealed-water-bottle\"]}]},{\"@type\":\"ImageObject\",\"inLanguage\":\"nl-NL\",\"@id\":\"https:\\\/\\\/www.dillerbottle.com\\\/products\\\/insulated-vacuum-sealed-water-bottle#primaryimage\",\"url\":\"https:\\\/\\\/www.dillerbottle.com\\\/wp-content\\\/uploads\\\/2024\\\/09\\\/insulated-vacuum-sealed-water-bottle25549121328.jpg\",\"contentUrl\":\"https:\\\/\\\/www.dillerbottle.com\\\/wp-content\\\/uploads\\\/2024\\\/09\\\/insulated-vacuum-sealed-water-bottle25549121328.jpg\",\"width\":730,\"height\":730},{\"@type\":\"BreadcrumbList\",\"@id\":\"https:\\\/\\\/www.dillerbottle.com\\\/products\\\/insulated-vacuum-sealed-water-bottle#breadcrumb\",\"itemListElement\":[{\"@type\":\"ListItem\",\"position\":1,\"name\":\"Home\",\"item\":\"https:\\\/\\\/www.dillerbottle.com\\\/\"},{\"@type\":\"ListItem\",\"position\":2,\"name\":\"Products\",\"item\":\"https:\\\/\\\/www.dillerbottle.com\\\/shop\"},{\"@type\":\"ListItem\",\"position\":3,\"name\":\"Insulated Vacuum Sealed Water Bottle\"}]},{\"@type\":\"WebSite\",\"@id\":\"https:\\\/\\\/www.dillerbottle.com\\\/#website\",\"url\":\"https:\\\/\\\/www.dillerbottle.com\\\/\",\"name\":\"Diller Water Bottle Manufacturer\",\"description\":\"Water Bottle Manufacturer\",\"publisher\":{\"@id\":\"https:\\\/\\\/www.dillerbottle.com\\\/#organization\"},\"potentialAction\":[{\"@type\":\"SearchAction\",\"target\":{\"@type\":\"EntryPoint\",\"urlTemplate\":\"https:\\\/\\\/www.dillerbottle.com\\\/?s={search_term_string}\"},\"query-input\":{\"@type\":\"PropertyValueSpecification\",\"valueRequired\":true,\"valueName\":\"search_term_string\"}}],\"inLanguage\":\"nl-NL\"},{\"@type\":\"Organization\",\"@id\":\"https:\\\/\\\/www.dillerbottle.com\\\/#organization\",\"name\":\"Diller Water Bottle Manufacturer\",\"url\":\"https:\\\/\\\/www.dillerbottle.com\\\/\",\"logo\":{\"@type\":\"ImageObject\",\"inLanguage\":\"nl-NL\",\"@id\":\"https:\\\/\\\/www.dillerbottle.com\\\/#\\\/schema\\\/logo\\\/image\\\/\",\"url\":\"https:\\\/\\\/www.dillerbottle.com\\\/wp-content\\\/uploads\\\/2024\\\/09\\\/49918bfa848dcc1e9f8b509933603ac.png\",\"contentUrl\":\"https:\\\/\\\/www.dillerbottle.com\\\/wp-content\\\/uploads\\\/2024\\\/09\\\/49918bfa848dcc1e9f8b509933603ac.png\",\"width\":988,\"height\":198,\"caption\":\"Diller Water Bottle Manufacturer\"},\"image\":{\"@id\":\"https:\\\/\\\/www.dillerbottle.com\\\/#\\\/schema\\\/logo\\\/image\\\/\"}}]}<\/script>\n<!-- \/ Yoast SEO Premium plugin. -->","yoast_head_json":{"title":"Ge\u00efsoleerde vacu\u00fcm verzegelde waterfles - Diller Waterfles Fabrikant","description":"Als een van de beste ge\u00efsoleerde vacu\u00fcm verzegelde waterfles fabrikanten en leveranciers, zijn wij bezig met het produceren van goede kwaliteit waterflessen. Wij heten u van harte welkom om groothandel of op maat gemaakte ge\u00efsoleerde vacu\u00fcm verzegelde waterflessen te kopen tegen concurrerende prijzen bij ons. Ook zijn kleine hoeveelheden bestellingen acceptabel.","robots":{"index":"index","follow":"follow","max-snippet":"max-snippet:-1","max-image-preview":"max-image-preview:large","max-video-preview":"max-video-preview:-1"},"canonical":"https:\/\/www.dillerbottle.com\/nl\/producten\/geisoleerde-vacuum-verzegelde-waterfles","og_locale":"nl_NL","og_type":"article","og_title":"Insulated Vacuum Sealed Water Bottle","og_description":"As one of the best insulated vacuum sealed water bottle manufacturers and suppliers, we are engaged in manufacturing good quality water bottles. We warmly welcome you to wholesale or buy custom made insulated vacuum sealed water bottle at competitive price from us. Also, small quantity orders are acceptable.","og_url":"https:\/\/www.dillerbottle.com\/nl\/producten\/geisoleerde-vacuum-verzegelde-waterfles","og_site_name":"Diller Water Bottle Manufacturer","article_modified_time":"2024-09-29T07:04:29+00:00","og_image":[{"width":730,"height":730,"url":"https:\/\/www.dillerbottle.com\/wp-content\/uploads\/2024\/09\/insulated-vacuum-sealed-water-bottle25549121328.jpg","type":"image\/jpeg"}],"twitter_card":"summary_large_image","schema":{"@context":"https:\/\/schema.org","@graph":[{"@type":"WebPage","@id":"https:\/\/www.dillerbottle.com\/products\/insulated-vacuum-sealed-water-bottle","url":"https:\/\/www.dillerbottle.com\/products\/insulated-vacuum-sealed-water-bottle","name":"Ge\u00efsoleerde vacu\u00fcm verzegelde waterfles - Diller Waterfles Fabrikant","isPartOf":{"@id":"https:\/\/www.dillerbottle.com\/#website"},"primaryImageOfPage":{"@id":"https:\/\/www.dillerbottle.com\/products\/insulated-vacuum-sealed-water-bottle#primaryimage"},"image":{"@id":"https:\/\/www.dillerbottle.com\/products\/insulated-vacuum-sealed-water-bottle#primaryimage"},"thumbnailUrl":"https:\/\/www.dillerbottle.com\/wp-content\/uploads\/2024\/09\/insulated-vacuum-sealed-water-bottle25549121328.jpg","datePublished":"2024-09-29T07:04:25+00:00","dateModified":"2024-09-29T07:04:29+00:00","description":"Als een van de beste ge\u00efsoleerde vacu\u00fcm verzegelde waterfles fabrikanten en leveranciers, zijn wij bezig met het produceren van goede kwaliteit waterflessen. Wij heten u van harte welkom om groothandel of op maat gemaakte ge\u00efsoleerde vacu\u00fcm verzegelde waterflessen te kopen tegen concurrerende prijzen bij ons. Ook zijn kleine hoeveelheden bestellingen acceptabel.","breadcrumb":{"@id":"https:\/\/www.dillerbottle.com\/products\/insulated-vacuum-sealed-water-bottle#breadcrumb"},"inLanguage":"nl-NL","potentialAction":[{"@type":"ReadAction","target":["https:\/\/www.dillerbottle.com\/products\/insulated-vacuum-sealed-water-bottle"]}]},{"@type":"ImageObject","inLanguage":"nl-NL","@id":"https:\/\/www.dillerbottle.com\/products\/insulated-vacuum-sealed-water-bottle#primaryimage","url":"https:\/\/www.dillerbottle.com\/wp-content\/uploads\/2024\/09\/insulated-vacuum-sealed-water-bottle25549121328.jpg","contentUrl":"https:\/\/www.dillerbottle.com\/wp-content\/uploads\/2024\/09\/insulated-vacuum-sealed-water-bottle25549121328.jpg","width":730,"height":730},{"@type":"BreadcrumbList","@id":"https:\/\/www.dillerbottle.com\/products\/insulated-vacuum-sealed-water-bottle#breadcrumb","itemListElement":[{"@type":"ListItem","position":1,"name":"Home","item":"https:\/\/www.dillerbottle.com\/"},{"@type":"ListItem","position":2,"name":"Products","item":"https:\/\/www.dillerbottle.com\/shop"},{"@type":"ListItem","position":3,"name":"Insulated Vacuum Sealed Water Bottle"}]},{"@type":"WebSite","@id":"https:\/\/www.dillerbottle.com\/#website","url":"https:\/\/www.dillerbottle.com\/","name":"Diller Waterfles Fabrikant","description":"Fabrikant van waterflessen","publisher":{"@id":"https:\/\/www.dillerbottle.com\/#organization"},"potentialAction":[{"@type":"SearchAction","target":{"@type":"EntryPoint","urlTemplate":"https:\/\/www.dillerbottle.com\/?s={search_term_string}"},"query-input":{"@type":"PropertyValueSpecification","valueRequired":true,"valueName":"search_term_string"}}],"inLanguage":"nl-NL"},{"@type":"Organization","@id":"https:\/\/www.dillerbottle.com\/#organization","name":"Diller Waterfles Fabrikant","url":"https:\/\/www.dillerbottle.com\/","logo":{"@type":"ImageObject","inLanguage":"nl-NL","@id":"https:\/\/www.dillerbottle.com\/#\/schema\/logo\/image\/","url":"https:\/\/www.dillerbottle.com\/wp-content\/uploads\/2024\/09\/49918bfa848dcc1e9f8b509933603ac.png","contentUrl":"https:\/\/www.dillerbottle.com\/wp-content\/uploads\/2024\/09\/49918bfa848dcc1e9f8b509933603ac.png","width":988,"height":198,"caption":"Diller Water Bottle Manufacturer"},"image":{"@id":"https:\/\/www.dillerbottle.com\/#\/schema\/logo\/image\/"}}]}},"_links":{"self":[{"href":"https:\/\/www.dillerbottle.com\/nl\/wp-json\/wp\/v2\/product\/12092","targetHints":{"allow":["GET"]}}],"collection":[{"href":"https:\/\/www.dillerbottle.com\/nl\/wp-json\/wp\/v2\/product"}],"about":[{"href":"https:\/\/www.dillerbottle.com\/nl\/wp-json\/wp\/v2\/types\/product"}],"replies":[{"embeddable":true,"href":"https:\/\/www.dillerbottle.com\/nl\/wp-json\/wp\/v2\/comments?post=12092"}],"wp:featuredmedia":[{"embeddable":true,"href":"https:\/\/www.dillerbottle.com\/nl\/wp-json\/wp\/v2\/media\/12093"}],"wp:attachment":[{"href":"https:\/\/www.dillerbottle.com\/nl\/wp-json\/wp\/v2\/media?parent=12092"}],"wp:term":[{"taxonomy":"product_brand","embeddable":true,"href":"https:\/\/www.dillerbottle.com\/nl\/wp-json\/wp\/v2\/product_brand?post=12092"},{"taxonomy":"product_cat","embeddable":true,"href":"https:\/\/www.dillerbottle.com\/nl\/wp-json\/wp\/v2\/product_cat?post=12092"},{"taxonomy":"product_tag","embeddable":true,"href":"https:\/\/www.dillerbottle.com\/nl\/wp-json\/wp\/v2\/product_tag?post=12092"}],"curies":[{"name":"wp","href":"https:\/\/api.w.org\/{rel}","templated":true}]}}