{"id":17725,"date":"2026-02-12T16:55:46","date_gmt":"2026-02-12T08:55:46","guid":{"rendered":"https:\/\/www.dillerbottle.com\/?post_type=product&#038;p=17725"},"modified":"2026-02-12T17:02:08","modified_gmt":"2026-02-12T09:02:08","slug":"oem-480ml-sus316l-stainless-steel-insulated-bottle-with-dual-drink-lid","status":"publish","type":"product","link":"https:\/\/www.dillerbottle.com\/nl\/products\/oem-480ml-sus316l-stainless-steel-insulated-bottle-with-dual-drink-lid","title":{"rendered":"OEM 480ml SUS316L Roestvrij staal Ge\u00efsoleerde Fles met Dubbel-Drink Deksel"},"content":{"rendered":"<p data-start=\"631\" data-end=\"794\">De DILLER D9317 ge\u00efsoleerde fles is een premium roestvrijstalen thermobeker van 480 ml, ontwikkeld voor merken en distributeurs die op zoek zijn naar OEM-drinkwaren van hoge kwaliteit.<\/p>\n<p data-start=\"796\" data-end=\"1049\">De binnenvoering is gemaakt van SUS316L roestvrij staal, dat een verbeterde corrosiebestendigheid en duurzaamheid biedt in vergelijking met standaard 304 materialen. Dit maakt het product geschikt voor langdurig dagelijks gebruik en duurdere private label markten.<\/p>\n<p data-start=\"1051\" data-end=\"1293\">De dubbelwandige vacu\u00fcmisolatiestructuur houdt de drank effectief op temperatuur voor zowel warme als koude dranken. Het dual-drink dekselontwerp ondersteunt twee drinkmethodes, terwijl het \u00e9\u00e9n-klik dekselopeningsmechanisme het gebruiksgemak verbetert.<\/p>\n<p data-start=\"1295\" data-end=\"1607\">De afgedichte structuur garandeert omgekeerd gebruik zonder lekkage, waardoor hij betrouwbaar is voor woon-werkverkeer, reizen, school en buitentoepassingen. Extra functionele details zijn onder andere een draagkoord om makkelijk mee te nemen, een anti-slip bekerhuls voor betere grip en een siliconen onderlegger voor oppervlaktebescherming en stabiliteit.<\/p>\n<p data-start=\"1609\" data-end=\"1636\">Dit model is geschikt voor:<\/p>\n<ul data-start=\"1638\" data-end=\"1818\">\n<li data-start=\"1638\" data-end=\"1670\">\n<p data-start=\"1640\" data-end=\"1670\">Premium huismerken<\/p>\n<\/li>\n<li data-start=\"1671\" data-end=\"1713\">\n<p data-start=\"1673\" data-end=\"1713\">Verdelers van roestvrij stalen drankgerei<\/p>\n<\/li>\n<li data-start=\"1714\" data-end=\"1752\">\n<p data-start=\"1716\" data-end=\"1752\">Leveranciers van sport- en outdoorproducten<\/p>\n<\/li>\n<li data-start=\"1753\" data-end=\"1783\">\n<p data-start=\"1755\" data-end=\"1783\">Bedrijven voor relatiegeschenken<\/p>\n<\/li>\n<li data-start=\"1784\" data-end=\"1818\">\n<p data-start=\"1786\" data-end=\"1818\">Grensoverschrijdende e-commerce merken<\/p>\n<\/li>\n<\/ul>\n<p data-start=\"1820\" data-end=\"1952\">Volledige OEM- en ODM-services zijn beschikbaar, waaronder logodruk, aanpassing van kleuren, verpakkingsontwerp en structurele ontwikkeling.<\/p>","protected":false},"excerpt":{"rendered":"<p>480 ml vacu\u00fcm ge\u00efsoleerde fles met SUS316L roestvrijstalen binnenvoering, dual-drink deksel, opening met \u00e9\u00e9n klik en lekvrij ontwerp. Ideaal voor OEM en groothandel in roestvrijstalen drinkwaren.<\/p>","protected":false},"featured_media":17729,"comment_status":"open","ping_status":"closed","template":"","meta":{"_acf_changed":false},"product_brand":[],"product_cat":[18],"product_tag":[1029],"class_list":{"0":"post-17725","1":"product","2":"type-product","3":"status-publish","4":"has-post-thumbnail","6":"product_cat-insulated-water-bottle","7":"product_tag-stainless-vacuum-water-bottle","9":"first","10":"instock","11":"shipping-taxable","12":"product-type-simple"},"acf":[],"yoast_head":"<!-- This site is optimized with the Yoast SEO Premium plugin v27.6 (Yoast SEO v27.6) - https:\/\/yoast.com\/product\/yoast-seo-premium-wordpress\/ -->\n<title>OEM 480ml SUS316L Stainless Steel Insulated Bottle with Dual-Drink Lid - Diller Water Bottle Manufacturer<\/title>\n<meta name=\"description\" content=\"OEM 480ml SUS316L insulated bottle with dual-drink lid, one-click leak-proof stainless steel thermo cup for wholesale brands.\" \/>\n<meta name=\"robots\" content=\"index, follow, max-snippet:-1, max-image-preview:large, max-video-preview:-1\" \/>\n<link rel=\"canonical\" href=\"https:\/\/www.dillerbottle.com\/nl\/producten\/oem-480ml-sus316l-stainless-steel-insulated-bottle-with-dual-drink-lid\" \/>\n<meta property=\"og:locale\" content=\"nl_NL\" \/>\n<meta property=\"og:type\" content=\"article\" \/>\n<meta property=\"og:title\" content=\"OEM 480ml SUS316L Stainless Steel Insulated Bottle with Dual-Drink Lid\" \/>\n<meta property=\"og:description\" content=\"OEM 480ml SUS316L insulated bottle with dual-drink lid, one-click leak-proof stainless steel thermo cup for wholesale brands.\" \/>\n<meta property=\"og:url\" content=\"https:\/\/www.dillerbottle.com\/nl\/producten\/oem-480ml-sus316l-stainless-steel-insulated-bottle-with-dual-drink-lid\" \/>\n<meta property=\"og:site_name\" content=\"Diller Water Bottle Manufacturer\" \/>\n<meta property=\"article:modified_time\" content=\"2026-02-12T09:02:08+00:00\" \/>\n<meta property=\"og:image\" content=\"https:\/\/www.dillerbottle.com\/wp-content\/uploads\/2026\/02\/oem-480ml-sus316l-stainless-steel-insulated-bottle-with-dual-drink-lid-9317-1.jpg\" \/>\n\t<meta property=\"og:image:width\" content=\"800\" \/>\n\t<meta property=\"og:image:height\" content=\"800\" \/>\n\t<meta property=\"og:image:type\" content=\"image\/jpeg\" \/>\n<meta name=\"twitter:card\" content=\"summary_large_image\" \/>\n<meta name=\"twitter:label1\" content=\"Verwachte leestijd\" \/>\n\t<meta name=\"twitter:data1\" content=\"4 minuten\" \/>\n<script type=\"application\/ld+json\" class=\"yoast-schema-graph\">{\"@context\":\"https:\\\/\\\/schema.org\",\"@graph\":[{\"@type\":\"WebPage\",\"@id\":\"https:\\\/\\\/www.dillerbottle.com\\\/products\\\/oem-480ml-sus316l-stainless-steel-insulated-bottle-with-dual-drink-lid\",\"url\":\"https:\\\/\\\/www.dillerbottle.com\\\/products\\\/oem-480ml-sus316l-stainless-steel-insulated-bottle-with-dual-drink-lid\",\"name\":\"OEM 480ml SUS316L Stainless Steel Insulated Bottle with Dual-Drink Lid - Diller Water Bottle Manufacturer\",\"isPartOf\":{\"@id\":\"https:\\\/\\\/www.dillerbottle.com\\\/#website\"},\"primaryImageOfPage\":{\"@id\":\"https:\\\/\\\/www.dillerbottle.com\\\/products\\\/oem-480ml-sus316l-stainless-steel-insulated-bottle-with-dual-drink-lid#primaryimage\"},\"image\":{\"@id\":\"https:\\\/\\\/www.dillerbottle.com\\\/products\\\/oem-480ml-sus316l-stainless-steel-insulated-bottle-with-dual-drink-lid#primaryimage\"},\"thumbnailUrl\":\"https:\\\/\\\/www.dillerbottle.com\\\/wp-content\\\/uploads\\\/2026\\\/02\\\/oem-480ml-sus316l-stainless-steel-insulated-bottle-with-dual-drink-lid-9317-1.jpg\",\"datePublished\":\"2026-02-12T08:55:46+00:00\",\"dateModified\":\"2026-02-12T09:02:08+00:00\",\"description\":\"OEM 480ml SUS316L insulated bottle with dual-drink lid, one-click leak-proof stainless steel thermo cup for wholesale brands.\",\"breadcrumb\":{\"@id\":\"https:\\\/\\\/www.dillerbottle.com\\\/products\\\/oem-480ml-sus316l-stainless-steel-insulated-bottle-with-dual-drink-lid#breadcrumb\"},\"inLanguage\":\"nl-NL\",\"potentialAction\":[{\"@type\":\"ReadAction\",\"target\":[\"https:\\\/\\\/www.dillerbottle.com\\\/products\\\/oem-480ml-sus316l-stainless-steel-insulated-bottle-with-dual-drink-lid\"]}]},{\"@type\":\"ImageObject\",\"inLanguage\":\"nl-NL\",\"@id\":\"https:\\\/\\\/www.dillerbottle.com\\\/products\\\/oem-480ml-sus316l-stainless-steel-insulated-bottle-with-dual-drink-lid#primaryimage\",\"url\":\"https:\\\/\\\/www.dillerbottle.com\\\/wp-content\\\/uploads\\\/2026\\\/02\\\/oem-480ml-sus316l-stainless-steel-insulated-bottle-with-dual-drink-lid-9317-1.jpg\",\"contentUrl\":\"https:\\\/\\\/www.dillerbottle.com\\\/wp-content\\\/uploads\\\/2026\\\/02\\\/oem-480ml-sus316l-stainless-steel-insulated-bottle-with-dual-drink-lid-9317-1.jpg\",\"width\":800,\"height\":800},{\"@type\":\"BreadcrumbList\",\"@id\":\"https:\\\/\\\/www.dillerbottle.com\\\/products\\\/oem-480ml-sus316l-stainless-steel-insulated-bottle-with-dual-drink-lid#breadcrumb\",\"itemListElement\":[{\"@type\":\"ListItem\",\"position\":1,\"name\":\"Home\",\"item\":\"https:\\\/\\\/www.dillerbottle.com\\\/\"},{\"@type\":\"ListItem\",\"position\":2,\"name\":\"Products\",\"item\":\"https:\\\/\\\/www.dillerbottle.com\\\/shop\"},{\"@type\":\"ListItem\",\"position\":3,\"name\":\"OEM 480ml SUS316L Stainless Steel Insulated Bottle with Dual-Drink Lid\"}]},{\"@type\":\"WebSite\",\"@id\":\"https:\\\/\\\/www.dillerbottle.com\\\/#website\",\"url\":\"https:\\\/\\\/www.dillerbottle.com\\\/\",\"name\":\"Diller Water Bottle Manufacturer\",\"description\":\"Water Bottle Manufacturer\",\"publisher\":{\"@id\":\"https:\\\/\\\/www.dillerbottle.com\\\/#organization\"},\"potentialAction\":[{\"@type\":\"SearchAction\",\"target\":{\"@type\":\"EntryPoint\",\"urlTemplate\":\"https:\\\/\\\/www.dillerbottle.com\\\/?s={search_term_string}\"},\"query-input\":{\"@type\":\"PropertyValueSpecification\",\"valueRequired\":true,\"valueName\":\"search_term_string\"}}],\"inLanguage\":\"nl-NL\"},{\"@type\":\"Organization\",\"@id\":\"https:\\\/\\\/www.dillerbottle.com\\\/#organization\",\"name\":\"Diller Water Bottle Manufacturer\",\"url\":\"https:\\\/\\\/www.dillerbottle.com\\\/\",\"logo\":{\"@type\":\"ImageObject\",\"inLanguage\":\"nl-NL\",\"@id\":\"https:\\\/\\\/www.dillerbottle.com\\\/#\\\/schema\\\/logo\\\/image\\\/\",\"url\":\"https:\\\/\\\/www.dillerbottle.com\\\/wp-content\\\/uploads\\\/2024\\\/09\\\/49918bfa848dcc1e9f8b509933603ac.png\",\"contentUrl\":\"https:\\\/\\\/www.dillerbottle.com\\\/wp-content\\\/uploads\\\/2024\\\/09\\\/49918bfa848dcc1e9f8b509933603ac.png\",\"width\":988,\"height\":198,\"caption\":\"Diller Water Bottle Manufacturer\"},\"image\":{\"@id\":\"https:\\\/\\\/www.dillerbottle.com\\\/#\\\/schema\\\/logo\\\/image\\\/\"}}]}<\/script>\n<!-- \/ Yoast SEO Premium plugin. -->","yoast_head_json":{"title":"OEM 480ml SUS316L Roestvrij Staal Ge\u00efsoleerde Fles met Dual-Drink Deksel - Diller Waterfles Fabrikant","description":"OEM 480ml SUS316L ge\u00efsoleerde fles met dubbele drinkdop, \u00e9\u00e9nklik lekvrije roestvrijstalen thermobeker voor groothandelmerken.","robots":{"index":"index","follow":"follow","max-snippet":"max-snippet:-1","max-image-preview":"max-image-preview:large","max-video-preview":"max-video-preview:-1"},"canonical":"https:\/\/www.dillerbottle.com\/nl\/producten\/oem-480ml-sus316l-stainless-steel-insulated-bottle-with-dual-drink-lid","og_locale":"nl_NL","og_type":"article","og_title":"OEM 480ml SUS316L Stainless Steel Insulated Bottle with Dual-Drink Lid","og_description":"OEM 480ml SUS316L insulated bottle with dual-drink lid, one-click leak-proof stainless steel thermo cup for wholesale brands.","og_url":"https:\/\/www.dillerbottle.com\/nl\/producten\/oem-480ml-sus316l-stainless-steel-insulated-bottle-with-dual-drink-lid","og_site_name":"Diller Water Bottle Manufacturer","article_modified_time":"2026-02-12T09:02:08+00:00","og_image":[{"width":800,"height":800,"url":"https:\/\/www.dillerbottle.com\/wp-content\/uploads\/2026\/02\/oem-480ml-sus316l-stainless-steel-insulated-bottle-with-dual-drink-lid-9317-1.jpg","type":"image\/jpeg"}],"twitter_card":"summary_large_image","twitter_misc":{"Verwachte leestijd":"4 minuten"},"schema":{"@context":"https:\/\/schema.org","@graph":[{"@type":"WebPage","@id":"https:\/\/www.dillerbottle.com\/products\/oem-480ml-sus316l-stainless-steel-insulated-bottle-with-dual-drink-lid","url":"https:\/\/www.dillerbottle.com\/products\/oem-480ml-sus316l-stainless-steel-insulated-bottle-with-dual-drink-lid","name":"OEM 480ml SUS316L Roestvrij Staal Ge\u00efsoleerde Fles met Dual-Drink Deksel - Diller Waterfles Fabrikant","isPartOf":{"@id":"https:\/\/www.dillerbottle.com\/#website"},"primaryImageOfPage":{"@id":"https:\/\/www.dillerbottle.com\/products\/oem-480ml-sus316l-stainless-steel-insulated-bottle-with-dual-drink-lid#primaryimage"},"image":{"@id":"https:\/\/www.dillerbottle.com\/products\/oem-480ml-sus316l-stainless-steel-insulated-bottle-with-dual-drink-lid#primaryimage"},"thumbnailUrl":"https:\/\/www.dillerbottle.com\/wp-content\/uploads\/2026\/02\/oem-480ml-sus316l-stainless-steel-insulated-bottle-with-dual-drink-lid-9317-1.jpg","datePublished":"2026-02-12T08:55:46+00:00","dateModified":"2026-02-12T09:02:08+00:00","description":"OEM 480ml SUS316L ge\u00efsoleerde fles met dubbele drinkdop, \u00e9\u00e9nklik lekvrije roestvrijstalen thermobeker voor groothandelmerken.","breadcrumb":{"@id":"https:\/\/www.dillerbottle.com\/products\/oem-480ml-sus316l-stainless-steel-insulated-bottle-with-dual-drink-lid#breadcrumb"},"inLanguage":"nl-NL","potentialAction":[{"@type":"ReadAction","target":["https:\/\/www.dillerbottle.com\/products\/oem-480ml-sus316l-stainless-steel-insulated-bottle-with-dual-drink-lid"]}]},{"@type":"ImageObject","inLanguage":"nl-NL","@id":"https:\/\/www.dillerbottle.com\/products\/oem-480ml-sus316l-stainless-steel-insulated-bottle-with-dual-drink-lid#primaryimage","url":"https:\/\/www.dillerbottle.com\/wp-content\/uploads\/2026\/02\/oem-480ml-sus316l-stainless-steel-insulated-bottle-with-dual-drink-lid-9317-1.jpg","contentUrl":"https:\/\/www.dillerbottle.com\/wp-content\/uploads\/2026\/02\/oem-480ml-sus316l-stainless-steel-insulated-bottle-with-dual-drink-lid-9317-1.jpg","width":800,"height":800},{"@type":"BreadcrumbList","@id":"https:\/\/www.dillerbottle.com\/products\/oem-480ml-sus316l-stainless-steel-insulated-bottle-with-dual-drink-lid#breadcrumb","itemListElement":[{"@type":"ListItem","position":1,"name":"Home","item":"https:\/\/www.dillerbottle.com\/"},{"@type":"ListItem","position":2,"name":"Products","item":"https:\/\/www.dillerbottle.com\/shop"},{"@type":"ListItem","position":3,"name":"OEM 480ml SUS316L Stainless Steel Insulated Bottle with Dual-Drink Lid"}]},{"@type":"WebSite","@id":"https:\/\/www.dillerbottle.com\/#website","url":"https:\/\/www.dillerbottle.com\/","name":"Diller Waterfles Fabrikant","description":"Fabrikant van waterflessen","publisher":{"@id":"https:\/\/www.dillerbottle.com\/#organization"},"potentialAction":[{"@type":"SearchAction","target":{"@type":"EntryPoint","urlTemplate":"https:\/\/www.dillerbottle.com\/?s={search_term_string}"},"query-input":{"@type":"PropertyValueSpecification","valueRequired":true,"valueName":"search_term_string"}}],"inLanguage":"nl-NL"},{"@type":"Organization","@id":"https:\/\/www.dillerbottle.com\/#organization","name":"Diller Waterfles Fabrikant","url":"https:\/\/www.dillerbottle.com\/","logo":{"@type":"ImageObject","inLanguage":"nl-NL","@id":"https:\/\/www.dillerbottle.com\/#\/schema\/logo\/image\/","url":"https:\/\/www.dillerbottle.com\/wp-content\/uploads\/2024\/09\/49918bfa848dcc1e9f8b509933603ac.png","contentUrl":"https:\/\/www.dillerbottle.com\/wp-content\/uploads\/2024\/09\/49918bfa848dcc1e9f8b509933603ac.png","width":988,"height":198,"caption":"Diller Water Bottle Manufacturer"},"image":{"@id":"https:\/\/www.dillerbottle.com\/#\/schema\/logo\/image\/"}}]}},"_links":{"self":[{"href":"https:\/\/www.dillerbottle.com\/nl\/wp-json\/wp\/v2\/product\/17725","targetHints":{"allow":["GET"]}}],"collection":[{"href":"https:\/\/www.dillerbottle.com\/nl\/wp-json\/wp\/v2\/product"}],"about":[{"href":"https:\/\/www.dillerbottle.com\/nl\/wp-json\/wp\/v2\/types\/product"}],"replies":[{"embeddable":true,"href":"https:\/\/www.dillerbottle.com\/nl\/wp-json\/wp\/v2\/comments?post=17725"}],"wp:featuredmedia":[{"embeddable":true,"href":"https:\/\/www.dillerbottle.com\/nl\/wp-json\/wp\/v2\/media\/17729"}],"wp:attachment":[{"href":"https:\/\/www.dillerbottle.com\/nl\/wp-json\/wp\/v2\/media?parent=17725"}],"wp:term":[{"taxonomy":"product_brand","embeddable":true,"href":"https:\/\/www.dillerbottle.com\/nl\/wp-json\/wp\/v2\/product_brand?post=17725"},{"taxonomy":"product_cat","embeddable":true,"href":"https:\/\/www.dillerbottle.com\/nl\/wp-json\/wp\/v2\/product_cat?post=17725"},{"taxonomy":"product_tag","embeddable":true,"href":"https:\/\/www.dillerbottle.com\/nl\/wp-json\/wp\/v2\/product_tag?post=17725"}],"curies":[{"name":"wp","href":"https:\/\/api.w.org\/{rel}","templated":true}]}}