{"id":2912,"date":"2024-09-26T09:40:30","date_gmt":"2024-09-26T01:40:30","guid":{"rendered":"https:\/\/demo.dillerbottle.com\/uncategorized\/layered-insulated-food-jar"},"modified":"2025-07-10T15:40:00","modified_gmt":"2025-07-10T07:40:00","slug":"gelaagde-geisoleerde-voedselpot","status":"publish","type":"product","link":"https:\/\/www.dillerbottle.com\/nl\/products\/layered-insulated-food-jar","title":{"rendered":"Gelaagde ge\u00efsoleerde voedselpot"},"content":{"rendered":"<p>1. De gelaagde ge\u00efsoleerde voedselpot is gemaakt van hoogwaardig roestvrij staal en materialen van voedingskwaliteit en heeft een vacu\u00fcmstructuur met dubbele wand, met uitstekende isolatie- en conserveringseffecten.<\/p>\n<p>2. Gelaagd ontwerp, 900ml is een voedselbord, en 1050ml is twee voedselborden, die voedsel en rijst kunnen scheiden, en kunnen worden gebruikt om soep of voedsel in te bewaren. Het brede mondontwerp is ook erg handig voor het schoonmaken.<\/p>\n<p>3. De roestvrijstalen ge\u00efsoleerde voedselpot wordt geleverd met een opvouwbare lepel. U hoeft geen bestek mee te nemen of plastic exemplaren meer te gebruiken op het werk. En de extra brede opening biedt plaats aan stevige voedingsmiddelen die gemakkelijk schoon te maken zijn en geweldig zijn voor werk, school, kantoor, reizen en kamperen.<\/p>\n<div style=\"width: 640px;\" class=\"wp-video\"><video class=\"wp-video-shortcode\" id=\"video-2912-1\" width=\"640\" height=\"360\" preload=\"metadata\" controls=\"controls\"><source type=\"video\/mp4\" src=\"\/wp-content\/uploads\/2024\/09\/66f4bb93769c4-video202302151633401787207.mp4?_=1\" \/><a href=\"\/wp-content\/uploads\/2024\/09\/66f4bb93769c4-video202302151633401787207.mp4\">\/wp-content\/uploads\/2024\/09\/66f4bb93769c4-video202302151633401787207.mp4<\/a><\/video><\/div>","protected":false},"excerpt":{"rendered":"<p>Deze gelaagde, ge\u00efsoleerde voedselpot is gemaakt van duurzaam roestvrij staal (316) en materialen die geschikt zijn voor levensmiddelen.<br \/>\nDeze ge\u00efsoleerde voedselcontainer houdt eten tot wel 6 uur warm en tot wel 12 uur ijskoud.<br \/>\nDeze voedselpot heeft een opvouwbare lepel, wat handig is en geen ruimte inneemt.<br \/>\nAccepteer een aangepast logo en patroon.<br \/>\nOEM en ODM acceptabel.<br \/>\nWij kunnen de voedselpot aanpassen aan uw wensen.<br \/>\nWelkom bij groothandelsaankopen, stuur nu een aanvraag!<\/p>","protected":false},"featured_media":2913,"comment_status":"open","ping_status":"closed","template":"","meta":{"_acf_changed":false},"product_brand":[],"product_cat":[108],"product_tag":[32,36,33,31,156,127,39,38,155,29,37,34,35,28,157,158,160,159,30],"class_list":{"0":"post-2912","1":"product","2":"type-product","3":"status-publish","4":"has-post-thumbnail","6":"product_cat-insulated-food-jar","7":"product_tag-best","8":"product_tag-bulk","9":"product_tag-buy","10":"product_tag-custom","11":"product_tag-food-flask-lunch-box","12":"product_tag-food-thermal-box","13":"product_tag-for-sale","14":"product_tag-good-quality","15":"product_tag-layered-insulated-food-jar","16":"product_tag-manufacturers","17":"product_tag-manufacturing","18":"product_tag-price","19":"product_tag-small","20":"product_tag-suppliers","21":"product_tag-thermal-food-continer-for-kids","22":"product_tag-thermal-food-flasks","23":"product_tag-thermal-food-pot-with-lid","24":"product_tag-thermal-lunch-box-keep-food-warm","25":"product_tag-wholesale","27":"first","28":"instock","29":"shipping-taxable","30":"product-type-simple"},"acf":[],"yoast_head":"<!-- This site is optimized with the Yoast SEO Premium plugin v27.4 (Yoast SEO v27.4) - https:\/\/yoast.com\/product\/yoast-seo-premium-wordpress\/ -->\n<title>Layered Insulated Food Jar - Diller Water Bottle Manufacturer<\/title>\n<meta name=\"description\" content=\"As one of the best layered insulated food jar manufacturers and suppliers, we are engaged in manufacturing good quality water bottles. We warmly welcome you to wholesale or buy custom made layered insulated food jar at competitive price from us. Also, small quantity orders are acceptable.\" \/>\n<meta name=\"robots\" content=\"index, follow, max-snippet:-1, max-image-preview:large, max-video-preview:-1\" \/>\n<link rel=\"canonical\" href=\"https:\/\/www.dillerbottle.com\/nl\/producten\/gelaagde-geisoleerde-voedselpot\" \/>\n<meta property=\"og:locale\" content=\"nl_NL\" \/>\n<meta property=\"og:type\" content=\"article\" \/>\n<meta property=\"og:title\" content=\"Layered Insulated Food Jar\" \/>\n<meta property=\"og:description\" content=\"As one of the best layered insulated food jar manufacturers and suppliers, we are engaged in manufacturing good quality water bottles. We warmly welcome you to wholesale or buy custom made layered insulated food jar at competitive price from us. Also, small quantity orders are acceptable.\" \/>\n<meta property=\"og:url\" content=\"https:\/\/www.dillerbottle.com\/nl\/producten\/gelaagde-geisoleerde-voedselpot\" \/>\n<meta property=\"og:site_name\" content=\"Diller Water Bottle Manufacturer\" \/>\n<meta property=\"article:modified_time\" content=\"2025-07-10T07:40:00+00:00\" \/>\n<meta property=\"og:image\" content=\"https:\/\/www.dillerbottle.com\/wp-content\/uploads\/2024\/09\/layered-insulated-food-jar29ce4cf3-953b-4597-b3f2-f4ca1955d74a.jpg\" \/>\n\t<meta property=\"og:image:width\" content=\"730\" \/>\n\t<meta property=\"og:image:height\" content=\"730\" \/>\n\t<meta property=\"og:image:type\" content=\"image\/jpeg\" \/>\n<meta name=\"twitter:card\" content=\"summary_large_image\" \/>\n<meta name=\"twitter:label1\" content=\"Verwachte leestijd\" \/>\n\t<meta name=\"twitter:data1\" content=\"6 minuten\" \/>\n<script type=\"application\/ld+json\" class=\"yoast-schema-graph\">{\"@context\":\"https:\\\/\\\/schema.org\",\"@graph\":[{\"@type\":\"WebPage\",\"@id\":\"https:\\\/\\\/www.dillerbottle.com\\\/products\\\/layered-insulated-food-jar\",\"url\":\"https:\\\/\\\/www.dillerbottle.com\\\/products\\\/layered-insulated-food-jar\",\"name\":\"Layered Insulated Food Jar - Diller Water Bottle Manufacturer\",\"isPartOf\":{\"@id\":\"https:\\\/\\\/www.dillerbottle.com\\\/#website\"},\"primaryImageOfPage\":{\"@id\":\"https:\\\/\\\/www.dillerbottle.com\\\/products\\\/layered-insulated-food-jar#primaryimage\"},\"image\":{\"@id\":\"https:\\\/\\\/www.dillerbottle.com\\\/products\\\/layered-insulated-food-jar#primaryimage\"},\"thumbnailUrl\":\"https:\\\/\\\/www.dillerbottle.com\\\/wp-content\\\/uploads\\\/2024\\\/09\\\/layered-insulated-food-jar29ce4cf3-953b-4597-b3f2-f4ca1955d74a.jpg\",\"datePublished\":\"2024-09-26T01:40:30+00:00\",\"dateModified\":\"2025-07-10T07:40:00+00:00\",\"description\":\"As one of the best layered insulated food jar manufacturers and suppliers, we are engaged in manufacturing good quality water bottles. We warmly welcome you to wholesale or buy custom made layered insulated food jar at competitive price from us. Also, small quantity orders are acceptable.\",\"breadcrumb\":{\"@id\":\"https:\\\/\\\/www.dillerbottle.com\\\/products\\\/layered-insulated-food-jar#breadcrumb\"},\"inLanguage\":\"nl-NL\",\"potentialAction\":[{\"@type\":\"ReadAction\",\"target\":[\"https:\\\/\\\/www.dillerbottle.com\\\/products\\\/layered-insulated-food-jar\"]}]},{\"@type\":\"ImageObject\",\"inLanguage\":\"nl-NL\",\"@id\":\"https:\\\/\\\/www.dillerbottle.com\\\/products\\\/layered-insulated-food-jar#primaryimage\",\"url\":\"https:\\\/\\\/www.dillerbottle.com\\\/wp-content\\\/uploads\\\/2024\\\/09\\\/layered-insulated-food-jar29ce4cf3-953b-4597-b3f2-f4ca1955d74a.jpg\",\"contentUrl\":\"https:\\\/\\\/www.dillerbottle.com\\\/wp-content\\\/uploads\\\/2024\\\/09\\\/layered-insulated-food-jar29ce4cf3-953b-4597-b3f2-f4ca1955d74a.jpg\",\"width\":730,\"height\":730},{\"@type\":\"BreadcrumbList\",\"@id\":\"https:\\\/\\\/www.dillerbottle.com\\\/products\\\/layered-insulated-food-jar#breadcrumb\",\"itemListElement\":[{\"@type\":\"ListItem\",\"position\":1,\"name\":\"Home\",\"item\":\"https:\\\/\\\/www.dillerbottle.com\\\/\"},{\"@type\":\"ListItem\",\"position\":2,\"name\":\"Products\",\"item\":\"https:\\\/\\\/www.dillerbottle.com\\\/shop\"},{\"@type\":\"ListItem\",\"position\":3,\"name\":\"Layered Insulated Food Jar\"}]},{\"@type\":\"WebSite\",\"@id\":\"https:\\\/\\\/www.dillerbottle.com\\\/#website\",\"url\":\"https:\\\/\\\/www.dillerbottle.com\\\/\",\"name\":\"Diller Water Bottle Manufacturer\",\"description\":\"Water Bottle Manufacturer\",\"publisher\":{\"@id\":\"https:\\\/\\\/www.dillerbottle.com\\\/#organization\"},\"potentialAction\":[{\"@type\":\"SearchAction\",\"target\":{\"@type\":\"EntryPoint\",\"urlTemplate\":\"https:\\\/\\\/www.dillerbottle.com\\\/?s={search_term_string}\"},\"query-input\":{\"@type\":\"PropertyValueSpecification\",\"valueRequired\":true,\"valueName\":\"search_term_string\"}}],\"inLanguage\":\"nl-NL\"},{\"@type\":\"Organization\",\"@id\":\"https:\\\/\\\/www.dillerbottle.com\\\/#organization\",\"name\":\"Diller Water Bottle Manufacturer\",\"url\":\"https:\\\/\\\/www.dillerbottle.com\\\/\",\"logo\":{\"@type\":\"ImageObject\",\"inLanguage\":\"nl-NL\",\"@id\":\"https:\\\/\\\/www.dillerbottle.com\\\/#\\\/schema\\\/logo\\\/image\\\/\",\"url\":\"https:\\\/\\\/www.dillerbottle.com\\\/wp-content\\\/uploads\\\/2024\\\/09\\\/49918bfa848dcc1e9f8b509933603ac.png\",\"contentUrl\":\"https:\\\/\\\/www.dillerbottle.com\\\/wp-content\\\/uploads\\\/2024\\\/09\\\/49918bfa848dcc1e9f8b509933603ac.png\",\"width\":988,\"height\":198,\"caption\":\"Diller Water Bottle Manufacturer\"},\"image\":{\"@id\":\"https:\\\/\\\/www.dillerbottle.com\\\/#\\\/schema\\\/logo\\\/image\\\/\"}}]}<\/script>\n<!-- \/ Yoast SEO Premium plugin. -->","yoast_head_json":{"title":"Gelaagde ge\u00efsoleerde voedselpot - Diller Waterflesfabrikant","description":"Als een van de beste fabrikanten en leveranciers van gelaagde ge\u00efsoleerde voedselpotten, zijn wij bezig met het produceren van waterflessen van goede kwaliteit. Wij heten u van harte welkom om groothandel te kopen of op maat gemaakte gelaagde ge\u00efsoleerde voedselpotten tegen concurrerende prijzen bij ons. Ook zijn kleine hoeveelheden bestellingen acceptabel.","robots":{"index":"index","follow":"follow","max-snippet":"max-snippet:-1","max-image-preview":"max-image-preview:large","max-video-preview":"max-video-preview:-1"},"canonical":"https:\/\/www.dillerbottle.com\/nl\/producten\/gelaagde-geisoleerde-voedselpot","og_locale":"nl_NL","og_type":"article","og_title":"Layered Insulated Food Jar","og_description":"As one of the best layered insulated food jar manufacturers and suppliers, we are engaged in manufacturing good quality water bottles. We warmly welcome you to wholesale or buy custom made layered insulated food jar at competitive price from us. Also, small quantity orders are acceptable.","og_url":"https:\/\/www.dillerbottle.com\/nl\/producten\/gelaagde-geisoleerde-voedselpot","og_site_name":"Diller Water Bottle Manufacturer","article_modified_time":"2025-07-10T07:40:00+00:00","og_image":[{"width":730,"height":730,"url":"https:\/\/www.dillerbottle.com\/wp-content\/uploads\/2024\/09\/layered-insulated-food-jar29ce4cf3-953b-4597-b3f2-f4ca1955d74a.jpg","type":"image\/jpeg"}],"twitter_card":"summary_large_image","twitter_misc":{"Verwachte leestijd":"6 minuten"},"schema":{"@context":"https:\/\/schema.org","@graph":[{"@type":"WebPage","@id":"https:\/\/www.dillerbottle.com\/products\/layered-insulated-food-jar","url":"https:\/\/www.dillerbottle.com\/products\/layered-insulated-food-jar","name":"Gelaagde ge\u00efsoleerde voedselpot - Diller Waterflesfabrikant","isPartOf":{"@id":"https:\/\/www.dillerbottle.com\/#website"},"primaryImageOfPage":{"@id":"https:\/\/www.dillerbottle.com\/products\/layered-insulated-food-jar#primaryimage"},"image":{"@id":"https:\/\/www.dillerbottle.com\/products\/layered-insulated-food-jar#primaryimage"},"thumbnailUrl":"https:\/\/www.dillerbottle.com\/wp-content\/uploads\/2024\/09\/layered-insulated-food-jar29ce4cf3-953b-4597-b3f2-f4ca1955d74a.jpg","datePublished":"2024-09-26T01:40:30+00:00","dateModified":"2025-07-10T07:40:00+00:00","description":"Als een van de beste fabrikanten en leveranciers van gelaagde ge\u00efsoleerde voedselpotten, zijn wij bezig met het produceren van waterflessen van goede kwaliteit. Wij heten u van harte welkom om groothandel te kopen of op maat gemaakte gelaagde ge\u00efsoleerde voedselpotten tegen concurrerende prijzen bij ons. Ook zijn kleine hoeveelheden bestellingen acceptabel.","breadcrumb":{"@id":"https:\/\/www.dillerbottle.com\/products\/layered-insulated-food-jar#breadcrumb"},"inLanguage":"nl-NL","potentialAction":[{"@type":"ReadAction","target":["https:\/\/www.dillerbottle.com\/products\/layered-insulated-food-jar"]}]},{"@type":"ImageObject","inLanguage":"nl-NL","@id":"https:\/\/www.dillerbottle.com\/products\/layered-insulated-food-jar#primaryimage","url":"https:\/\/www.dillerbottle.com\/wp-content\/uploads\/2024\/09\/layered-insulated-food-jar29ce4cf3-953b-4597-b3f2-f4ca1955d74a.jpg","contentUrl":"https:\/\/www.dillerbottle.com\/wp-content\/uploads\/2024\/09\/layered-insulated-food-jar29ce4cf3-953b-4597-b3f2-f4ca1955d74a.jpg","width":730,"height":730},{"@type":"BreadcrumbList","@id":"https:\/\/www.dillerbottle.com\/products\/layered-insulated-food-jar#breadcrumb","itemListElement":[{"@type":"ListItem","position":1,"name":"Home","item":"https:\/\/www.dillerbottle.com\/"},{"@type":"ListItem","position":2,"name":"Products","item":"https:\/\/www.dillerbottle.com\/shop"},{"@type":"ListItem","position":3,"name":"Layered Insulated Food Jar"}]},{"@type":"WebSite","@id":"https:\/\/www.dillerbottle.com\/#website","url":"https:\/\/www.dillerbottle.com\/","name":"Diller Waterfles Fabrikant","description":"Fabrikant van waterflessen","publisher":{"@id":"https:\/\/www.dillerbottle.com\/#organization"},"potentialAction":[{"@type":"SearchAction","target":{"@type":"EntryPoint","urlTemplate":"https:\/\/www.dillerbottle.com\/?s={search_term_string}"},"query-input":{"@type":"PropertyValueSpecification","valueRequired":true,"valueName":"search_term_string"}}],"inLanguage":"nl-NL"},{"@type":"Organization","@id":"https:\/\/www.dillerbottle.com\/#organization","name":"Diller Waterfles Fabrikant","url":"https:\/\/www.dillerbottle.com\/","logo":{"@type":"ImageObject","inLanguage":"nl-NL","@id":"https:\/\/www.dillerbottle.com\/#\/schema\/logo\/image\/","url":"https:\/\/www.dillerbottle.com\/wp-content\/uploads\/2024\/09\/49918bfa848dcc1e9f8b509933603ac.png","contentUrl":"https:\/\/www.dillerbottle.com\/wp-content\/uploads\/2024\/09\/49918bfa848dcc1e9f8b509933603ac.png","width":988,"height":198,"caption":"Diller Water Bottle Manufacturer"},"image":{"@id":"https:\/\/www.dillerbottle.com\/#\/schema\/logo\/image\/"}}]}},"_links":{"self":[{"href":"https:\/\/www.dillerbottle.com\/nl\/wp-json\/wp\/v2\/product\/2912","targetHints":{"allow":["GET"]}}],"collection":[{"href":"https:\/\/www.dillerbottle.com\/nl\/wp-json\/wp\/v2\/product"}],"about":[{"href":"https:\/\/www.dillerbottle.com\/nl\/wp-json\/wp\/v2\/types\/product"}],"replies":[{"embeddable":true,"href":"https:\/\/www.dillerbottle.com\/nl\/wp-json\/wp\/v2\/comments?post=2912"}],"wp:featuredmedia":[{"embeddable":true,"href":"https:\/\/www.dillerbottle.com\/nl\/wp-json\/wp\/v2\/media\/2913"}],"wp:attachment":[{"href":"https:\/\/www.dillerbottle.com\/nl\/wp-json\/wp\/v2\/media?parent=2912"}],"wp:term":[{"taxonomy":"product_brand","embeddable":true,"href":"https:\/\/www.dillerbottle.com\/nl\/wp-json\/wp\/v2\/product_brand?post=2912"},{"taxonomy":"product_cat","embeddable":true,"href":"https:\/\/www.dillerbottle.com\/nl\/wp-json\/wp\/v2\/product_cat?post=2912"},{"taxonomy":"product_tag","embeddable":true,"href":"https:\/\/www.dillerbottle.com\/nl\/wp-json\/wp\/v2\/product_tag?post=2912"}],"curies":[{"name":"wp","href":"https:\/\/api.w.org\/{rel}","templated":true}]}}