{"id":3100,"date":"2024-09-26T09:42:44","date_gmt":"2024-09-26T01:42:44","guid":{"rendered":"https:\/\/demo.dillerbottle.com\/uncategorized\/thermos-vacuum-insulated-food-jar"},"modified":"2025-07-10T15:24:34","modified_gmt":"2025-07-10T07:24:34","slug":"thermos-vacuum-geisoleerde-voedselpot","status":"publish","type":"product","link":"https:\/\/www.dillerbottle.com\/nl\/products\/thermos-vacuum-insulated-food-jar","title":{"rendered":"Thermos vacu\u00fcm ge\u00efsoleerde voedselpot"},"content":{"rendered":"<p>1. Thermos vacu\u00fcm ge\u00efsoleerde voedselpot is goed voor warme maaltijden, soepen, havermout, koude desserts en dranken en meer. Perfect geschikt voor werk, thuis, reizen enzovoort, geweldig voor kantoorpersoneel, studenten en kleuters.<br \/>\n2. Roestvrijstalen voedselfles met een capaciteit van 400 ml en meegeleverde opvouwbare roestvrijstalen lepel.<br \/>\n3. Brede mond is makkelijk te vullen, eten en schoonmaken. Gladde en ronde opening met lekvrije verzegelde ring.<\/p>","protected":false},"excerpt":{"rendered":"<p>Kenmerken: 1. De thermosfles met vacu\u00fcmisolatie is geschikt voor warme maaltijden, soepen, havermout, koude desserts, dranken en meer.<br \/>\nIdeaal voor op het werk, thuis, op reis, etc., ideaal voor kantoorpersoneel, studenten en kleuters.<br \/>\n2. Voedselfles van roestvrij staal met een capaciteit van 400 ml en\u2026<\/p>","protected":false},"featured_media":3101,"comment_status":"open","ping_status":"closed","template":"","meta":{"_acf_changed":false},"product_brand":[],"product_cat":[108],"product_tag":[32,36,33,31,127,39,38,29,37,34,35,137,125,169,28,166,130,187,30],"class_list":{"0":"post-3100","1":"product","2":"type-product","3":"status-publish","4":"has-post-thumbnail","6":"product_cat-insulated-food-jar","7":"product_tag-best","8":"product_tag-bulk","9":"product_tag-buy","10":"product_tag-custom","11":"product_tag-food-thermal-box","12":"product_tag-for-sale","13":"product_tag-good-quality","14":"product_tag-manufacturers","15":"product_tag-manufacturing","16":"product_tag-price","17":"product_tag-small","18":"product_tag-stainless-steel-food-container-thermal","19":"product_tag-stainless-steel-thermal-jar","20":"product_tag-stainless-thermal-food-container","21":"product_tag-suppliers","22":"product_tag-thermal-lunch-box","23":"product_tag-thermal-stainless-steel-food-jar","24":"product_tag-thermos-vacuum-insulated-food-jar","25":"product_tag-wholesale","27":"first","28":"instock","29":"shipping-taxable","30":"product-type-simple"},"acf":[],"yoast_head":"<!-- This site is optimized with the Yoast SEO Premium plugin v27.5 (Yoast SEO v27.5) - https:\/\/yoast.com\/product\/yoast-seo-premium-wordpress\/ -->\n<title>Thermos Vacuum Insulated Food Jar - Diller Water Bottle Manufacturer<\/title>\n<meta name=\"description\" content=\"As one of the best thermos vacuum insulated food jar manufacturers and suppliers, we are engaged in manufacturing good quality water bottles. We warmly welcome you to wholesale or buy custom made thermos vacuum insulated food jar at competitive price from us. Also, small quantity orders are acceptable.\" \/>\n<meta name=\"robots\" content=\"index, follow, max-snippet:-1, max-image-preview:large, max-video-preview:-1\" \/>\n<link rel=\"canonical\" href=\"https:\/\/www.dillerbottle.com\/nl\/producten\/thermos-vacuum-geisoleerde-voedselpot\" \/>\n<meta property=\"og:locale\" content=\"nl_NL\" \/>\n<meta property=\"og:type\" content=\"article\" \/>\n<meta property=\"og:title\" content=\"Thermos Vacuum Insulated Food Jar\" \/>\n<meta property=\"og:description\" content=\"As one of the best thermos vacuum insulated food jar manufacturers and suppliers, we are engaged in manufacturing good quality water bottles. We warmly welcome you to wholesale or buy custom made thermos vacuum insulated food jar at competitive price from us. Also, small quantity orders are acceptable.\" \/>\n<meta property=\"og:url\" content=\"https:\/\/www.dillerbottle.com\/nl\/producten\/thermos-vacuum-geisoleerde-voedselpot\" \/>\n<meta property=\"og:site_name\" content=\"Diller Water Bottle Manufacturer\" \/>\n<meta property=\"article:modified_time\" content=\"2025-07-10T07:24:34+00:00\" \/>\n<meta property=\"og:image\" content=\"https:\/\/www.dillerbottle.com\/wp-content\/uploads\/2024\/09\/thermos-vacuum-insulated-food-jar12566773527.jpg\" \/>\n\t<meta property=\"og:image:width\" content=\"730\" \/>\n\t<meta property=\"og:image:height\" content=\"730\" \/>\n\t<meta property=\"og:image:type\" content=\"image\/jpeg\" \/>\n<meta name=\"twitter:card\" content=\"summary_large_image\" \/>\n<meta name=\"twitter:label1\" content=\"Verwachte leestijd\" \/>\n\t<meta name=\"twitter:data1\" content=\"2 minuten\" \/>\n<script type=\"application\/ld+json\" class=\"yoast-schema-graph\">{\"@context\":\"https:\\\/\\\/schema.org\",\"@graph\":[{\"@type\":\"WebPage\",\"@id\":\"https:\\\/\\\/www.dillerbottle.com\\\/es\\\/productos\\\/tarro-de-comida-con-aislamiento-termico-al-vacio\",\"url\":\"https:\\\/\\\/www.dillerbottle.com\\\/es\\\/productos\\\/tarro-de-comida-con-aislamiento-termico-al-vacio\",\"name\":\"Thermos Vacuum Insulated Food Jar - Diller Water Bottle Manufacturer\",\"isPartOf\":{\"@id\":\"https:\\\/\\\/www.dillerbottle.com\\\/#website\"},\"primaryImageOfPage\":{\"@id\":\"https:\\\/\\\/www.dillerbottle.com\\\/es\\\/productos\\\/tarro-de-comida-con-aislamiento-termico-al-vacio#primaryimage\"},\"image\":{\"@id\":\"https:\\\/\\\/www.dillerbottle.com\\\/es\\\/productos\\\/tarro-de-comida-con-aislamiento-termico-al-vacio#primaryimage\"},\"thumbnailUrl\":\"https:\\\/\\\/www.dillerbottle.com\\\/wp-content\\\/uploads\\\/2024\\\/09\\\/thermos-vacuum-insulated-food-jar12566773527.jpg\",\"datePublished\":\"2024-09-26T01:42:44+00:00\",\"dateModified\":\"2025-07-10T07:24:34+00:00\",\"description\":\"As one of the best thermos vacuum insulated food jar manufacturers and suppliers, we are engaged in manufacturing good quality water bottles. We warmly welcome you to wholesale or buy custom made thermos vacuum insulated food jar at competitive price from us. Also, small quantity orders are acceptable.\",\"breadcrumb\":{\"@id\":\"https:\\\/\\\/www.dillerbottle.com\\\/es\\\/productos\\\/tarro-de-comida-con-aislamiento-termico-al-vacio#breadcrumb\"},\"inLanguage\":\"nl-NL\",\"potentialAction\":[{\"@type\":\"ReadAction\",\"target\":[\"https:\\\/\\\/www.dillerbottle.com\\\/es\\\/productos\\\/tarro-de-comida-con-aislamiento-termico-al-vacio\"]}]},{\"@type\":\"ImageObject\",\"inLanguage\":\"nl-NL\",\"@id\":\"https:\\\/\\\/www.dillerbottle.com\\\/es\\\/productos\\\/tarro-de-comida-con-aislamiento-termico-al-vacio#primaryimage\",\"url\":\"https:\\\/\\\/www.dillerbottle.com\\\/wp-content\\\/uploads\\\/2024\\\/09\\\/thermos-vacuum-insulated-food-jar12566773527.jpg\",\"contentUrl\":\"https:\\\/\\\/www.dillerbottle.com\\\/wp-content\\\/uploads\\\/2024\\\/09\\\/thermos-vacuum-insulated-food-jar12566773527.jpg\",\"width\":730,\"height\":730},{\"@type\":\"BreadcrumbList\",\"@id\":\"https:\\\/\\\/www.dillerbottle.com\\\/es\\\/productos\\\/tarro-de-comida-con-aislamiento-termico-al-vacio#breadcrumb\",\"itemListElement\":[{\"@type\":\"ListItem\",\"position\":1,\"name\":\"Home\",\"item\":\"https:\\\/\\\/www.dillerbottle.com\\\/\"},{\"@type\":\"ListItem\",\"position\":2,\"name\":\"Products\",\"item\":\"https:\\\/\\\/www.dillerbottle.com\\\/shop\"},{\"@type\":\"ListItem\",\"position\":3,\"name\":\"Thermos Vacuum Insulated Food Jar\"}]},{\"@type\":\"WebSite\",\"@id\":\"https:\\\/\\\/www.dillerbottle.com\\\/#website\",\"url\":\"https:\\\/\\\/www.dillerbottle.com\\\/\",\"name\":\"Diller Water Bottle Manufacturer\",\"description\":\"Water Bottle Manufacturer\",\"publisher\":{\"@id\":\"https:\\\/\\\/www.dillerbottle.com\\\/#organization\"},\"potentialAction\":[{\"@type\":\"SearchAction\",\"target\":{\"@type\":\"EntryPoint\",\"urlTemplate\":\"https:\\\/\\\/www.dillerbottle.com\\\/?s={search_term_string}\"},\"query-input\":{\"@type\":\"PropertyValueSpecification\",\"valueRequired\":true,\"valueName\":\"search_term_string\"}}],\"inLanguage\":\"nl-NL\"},{\"@type\":\"Organization\",\"@id\":\"https:\\\/\\\/www.dillerbottle.com\\\/#organization\",\"name\":\"Diller Water Bottle Manufacturer\",\"url\":\"https:\\\/\\\/www.dillerbottle.com\\\/\",\"logo\":{\"@type\":\"ImageObject\",\"inLanguage\":\"nl-NL\",\"@id\":\"https:\\\/\\\/www.dillerbottle.com\\\/#\\\/schema\\\/logo\\\/image\\\/\",\"url\":\"https:\\\/\\\/www.dillerbottle.com\\\/wp-content\\\/uploads\\\/2024\\\/09\\\/49918bfa848dcc1e9f8b509933603ac.png\",\"contentUrl\":\"https:\\\/\\\/www.dillerbottle.com\\\/wp-content\\\/uploads\\\/2024\\\/09\\\/49918bfa848dcc1e9f8b509933603ac.png\",\"width\":988,\"height\":198,\"caption\":\"Diller Water Bottle Manufacturer\"},\"image\":{\"@id\":\"https:\\\/\\\/www.dillerbottle.com\\\/#\\\/schema\\\/logo\\\/image\\\/\"}}]}<\/script>\n<!-- \/ Yoast SEO Premium plugin. -->","yoast_head_json":{"title":"Thermos vacu\u00fcm ge\u00efsoleerde voedselpot - Diller waterflesfabrikant","description":"Als een van de beste fabrikanten en leveranciers van thermos vacu\u00fcm ge\u00efsoleerde voedselpotten, zijn wij bezig met het produceren van goede kwaliteit waterflessen. Wij heten u van harte welkom om bij ons groothandel te kopen of op maat gemaakte thermos vacu\u00fcm ge\u00efsoleerde voedselpotten te kopen tegen een concurrerende prijs. Ook zijn kleine hoeveelheden toegestaan.","robots":{"index":"index","follow":"follow","max-snippet":"max-snippet:-1","max-image-preview":"max-image-preview:large","max-video-preview":"max-video-preview:-1"},"canonical":"https:\/\/www.dillerbottle.com\/nl\/producten\/thermos-vacuum-geisoleerde-voedselpot","og_locale":"nl_NL","og_type":"article","og_title":"Thermos Vacuum Insulated Food Jar","og_description":"As one of the best thermos vacuum insulated food jar manufacturers and suppliers, we are engaged in manufacturing good quality water bottles. We warmly welcome you to wholesale or buy custom made thermos vacuum insulated food jar at competitive price from us. Also, small quantity orders are acceptable.","og_url":"https:\/\/www.dillerbottle.com\/nl\/producten\/thermos-vacuum-geisoleerde-voedselpot","og_site_name":"Diller Water Bottle Manufacturer","article_modified_time":"2025-07-10T07:24:34+00:00","og_image":[{"width":730,"height":730,"url":"https:\/\/www.dillerbottle.com\/wp-content\/uploads\/2024\/09\/thermos-vacuum-insulated-food-jar12566773527.jpg","type":"image\/jpeg"}],"twitter_card":"summary_large_image","twitter_misc":{"Verwachte leestijd":"2 minuten"},"schema":{"@context":"https:\/\/schema.org","@graph":[{"@type":"WebPage","@id":"https:\/\/www.dillerbottle.com\/es\/productos\/tarro-de-comida-con-aislamiento-termico-al-vacio","url":"https:\/\/www.dillerbottle.com\/es\/productos\/tarro-de-comida-con-aislamiento-termico-al-vacio","name":"Thermos vacu\u00fcm ge\u00efsoleerde voedselpot - Diller waterflesfabrikant","isPartOf":{"@id":"https:\/\/www.dillerbottle.com\/#website"},"primaryImageOfPage":{"@id":"https:\/\/www.dillerbottle.com\/es\/productos\/tarro-de-comida-con-aislamiento-termico-al-vacio#primaryimage"},"image":{"@id":"https:\/\/www.dillerbottle.com\/es\/productos\/tarro-de-comida-con-aislamiento-termico-al-vacio#primaryimage"},"thumbnailUrl":"https:\/\/www.dillerbottle.com\/wp-content\/uploads\/2024\/09\/thermos-vacuum-insulated-food-jar12566773527.jpg","datePublished":"2024-09-26T01:42:44+00:00","dateModified":"2025-07-10T07:24:34+00:00","description":"Als een van de beste fabrikanten en leveranciers van thermos vacu\u00fcm ge\u00efsoleerde voedselpotten, zijn wij bezig met het produceren van goede kwaliteit waterflessen. Wij heten u van harte welkom om bij ons groothandel te kopen of op maat gemaakte thermos vacu\u00fcm ge\u00efsoleerde voedselpotten te kopen tegen een concurrerende prijs. Ook zijn kleine hoeveelheden toegestaan.","breadcrumb":{"@id":"https:\/\/www.dillerbottle.com\/es\/productos\/tarro-de-comida-con-aislamiento-termico-al-vacio#breadcrumb"},"inLanguage":"nl-NL","potentialAction":[{"@type":"ReadAction","target":["https:\/\/www.dillerbottle.com\/es\/productos\/tarro-de-comida-con-aislamiento-termico-al-vacio"]}]},{"@type":"ImageObject","inLanguage":"nl-NL","@id":"https:\/\/www.dillerbottle.com\/es\/productos\/tarro-de-comida-con-aislamiento-termico-al-vacio#primaryimage","url":"https:\/\/www.dillerbottle.com\/wp-content\/uploads\/2024\/09\/thermos-vacuum-insulated-food-jar12566773527.jpg","contentUrl":"https:\/\/www.dillerbottle.com\/wp-content\/uploads\/2024\/09\/thermos-vacuum-insulated-food-jar12566773527.jpg","width":730,"height":730},{"@type":"BreadcrumbList","@id":"https:\/\/www.dillerbottle.com\/es\/productos\/tarro-de-comida-con-aislamiento-termico-al-vacio#breadcrumb","itemListElement":[{"@type":"ListItem","position":1,"name":"Home","item":"https:\/\/www.dillerbottle.com\/"},{"@type":"ListItem","position":2,"name":"Products","item":"https:\/\/www.dillerbottle.com\/shop"},{"@type":"ListItem","position":3,"name":"Thermos Vacuum Insulated Food Jar"}]},{"@type":"WebSite","@id":"https:\/\/www.dillerbottle.com\/#website","url":"https:\/\/www.dillerbottle.com\/","name":"Diller Waterfles Fabrikant","description":"Fabrikant van waterflessen","publisher":{"@id":"https:\/\/www.dillerbottle.com\/#organization"},"potentialAction":[{"@type":"SearchAction","target":{"@type":"EntryPoint","urlTemplate":"https:\/\/www.dillerbottle.com\/?s={search_term_string}"},"query-input":{"@type":"PropertyValueSpecification","valueRequired":true,"valueName":"search_term_string"}}],"inLanguage":"nl-NL"},{"@type":"Organization","@id":"https:\/\/www.dillerbottle.com\/#organization","name":"Diller Waterfles Fabrikant","url":"https:\/\/www.dillerbottle.com\/","logo":{"@type":"ImageObject","inLanguage":"nl-NL","@id":"https:\/\/www.dillerbottle.com\/#\/schema\/logo\/image\/","url":"https:\/\/www.dillerbottle.com\/wp-content\/uploads\/2024\/09\/49918bfa848dcc1e9f8b509933603ac.png","contentUrl":"https:\/\/www.dillerbottle.com\/wp-content\/uploads\/2024\/09\/49918bfa848dcc1e9f8b509933603ac.png","width":988,"height":198,"caption":"Diller Water Bottle Manufacturer"},"image":{"@id":"https:\/\/www.dillerbottle.com\/#\/schema\/logo\/image\/"}}]}},"_links":{"self":[{"href":"https:\/\/www.dillerbottle.com\/nl\/wp-json\/wp\/v2\/product\/3100","targetHints":{"allow":["GET"]}}],"collection":[{"href":"https:\/\/www.dillerbottle.com\/nl\/wp-json\/wp\/v2\/product"}],"about":[{"href":"https:\/\/www.dillerbottle.com\/nl\/wp-json\/wp\/v2\/types\/product"}],"replies":[{"embeddable":true,"href":"https:\/\/www.dillerbottle.com\/nl\/wp-json\/wp\/v2\/comments?post=3100"}],"wp:featuredmedia":[{"embeddable":true,"href":"https:\/\/www.dillerbottle.com\/nl\/wp-json\/wp\/v2\/media\/3101"}],"wp:attachment":[{"href":"https:\/\/www.dillerbottle.com\/nl\/wp-json\/wp\/v2\/media?parent=3100"}],"wp:term":[{"taxonomy":"product_brand","embeddable":true,"href":"https:\/\/www.dillerbottle.com\/nl\/wp-json\/wp\/v2\/product_brand?post=3100"},{"taxonomy":"product_cat","embeddable":true,"href":"https:\/\/www.dillerbottle.com\/nl\/wp-json\/wp\/v2\/product_cat?post=3100"},{"taxonomy":"product_tag","embeddable":true,"href":"https:\/\/www.dillerbottle.com\/nl\/wp-json\/wp\/v2\/product_tag?post=3100"}],"curies":[{"name":"wp","href":"https:\/\/api.w.org\/{rel}","templated":true}]}}