{"id":3850,"date":"2024-09-26T16:32:25","date_gmt":"2024-09-26T08:32:25","guid":{"rendered":"https:\/\/demo.dillerbottle.com\/uncategorized\/kids-stainless-steel-water-bottle"},"modified":"2025-07-10T15:10:09","modified_gmt":"2025-07-10T07:10:09","slug":"kinderen-roestvrijstalen-waterfles-2","status":"publish","type":"product","link":"https:\/\/www.dillerbottle.com\/nl\/products\/kids-stainless-steel-water-bottle","title":{"rendered":"Kinderen roestvrijstalen waterfles"},"content":{"rendered":"<p>Productinformatie:<br \/>\n1. Deze dubbelwandige vacu\u00fcm ge\u00efsoleerde roestvrijstalen flessen voorkomen dat de buitentemperatuur de temperatuur van uw drankje binnenin be\u00efnvloedt. Zo blijft uw drankje precies zoals u het wilt \u2013 de hele dag lang.<\/p>\n<p>2. Deze roestvrijstalen waterflessen voor kinderen zijn ideaal voor school of buitenactiviteiten zoals sporten, kamperen, fietsen en meer. Ze zijn voorzien van een handvat of schouderband, waardoor ze heel gemakkelijk te dragen zijn.<\/p>\n<p>3. De roestvrijstalen waterfles voor kinderen is gemaakt van 316 roestvrij staal van voedingskwaliteit. Deze flessen zijn BPA-vrij, gifvrij en roesten niet. Ze zijn vaatwasserbestendig en hebben een brede opening, waardoor ze gemakkelijker schoon te maken zijn en u er ijsblokjes in kunt doen.<\/p>\n<p>4. Ideaal voor dagelijkse avonturen: De roestvrijstalen waterfles voor kinderen is eenvoudig schoon te maken en houdt dranken tot 24 uur koud en tot 12 uur warm. Zo blijft u gehydrateerd tijdens elke training of elk avontuur.<\/p>","protected":false},"excerpt":{"rendered":"<p>Op zoek naar een unieke manier om uw bedrijf te promoten? Waarom zou u de Kids Stainless Steel Water Bottle niet personaliseren met uw logo, kleur, patroon of ontwerp? Ons team kan met u samenwerken om een uniek ontwerp of patroon te cre\u00ebren dat uw merk perfect weerspiegelt.<br \/>\nWij bieden ook gratis monsters aan om u op weg te helpen. En dankzij onze bulkaankoopopties kunt u eenvoudig de hoeveelheid krijgen die u nodig hebt.<br \/>\nDe roestvrijstalen waterfles voor kinderen is gemaakt van 316 roestvrij staal van voedingskwaliteit. Deze flessen zijn BPA-vrij, gifvrij en roesten niet.<br \/>\nIdeaal voor dagelijkse avonturen, gemakkelijk schoon te maken, roestvrijstalen waterfles voor kinderen die dranken tot 24 uur koud en tot 12 uur warm houdt. Zo blijft u gehydrateerd tijdens elke training of elk avontuur.<\/p>","protected":false},"featured_media":3851,"comment_status":"open","ping_status":"closed","template":"","meta":{"_acf_changed":false},"product_brand":[],"product_cat":[200],"product_tag":[258,32,36,33,234,31,39,38,248,237,231,29,37,34,35,28,204,229,30],"class_list":{"0":"post-3850","1":"product","2":"type-product","3":"status-publish","4":"has-post-thumbnail","6":"product_cat-kids-water-bottles","7":"product_tag-5-gallon-water-bottle","8":"product_tag-best","9":"product_tag-bulk","10":"product_tag-buy","11":"product_tag-child-water-bottle","12":"product_tag-custom","13":"product_tag-for-sale","14":"product_tag-good-quality","15":"product_tag-kids-insulated-water-bottle","16":"product_tag-kids-stainless-steel-water-bottle","17":"product_tag-kids-water-bottle-bpa-free","18":"product_tag-manufacturers","19":"product_tag-manufacturing","20":"product_tag-price","21":"product_tag-small","22":"product_tag-suppliers","23":"product_tag-water-bottle-for-kids-cartoon","24":"product_tag-water-bottle-kids","25":"product_tag-wholesale","27":"first","28":"instock","29":"shipping-taxable","30":"product-type-simple"},"acf":[],"yoast_head":"<!-- This site is optimized with the Yoast SEO Premium plugin v27.5 (Yoast SEO v27.5) - https:\/\/yoast.com\/product\/yoast-seo-premium-wordpress\/ -->\n<title>Kids Stainless Steel Water Bottle - Diller Water Bottle Manufacturer<\/title>\n<meta name=\"description\" content=\"As one of the best kids stainless steel water bottle manufacturers and suppliers, we are engaged in manufacturing good quality water bottles. We warmly welcome you to wholesale or buy custom made kids stainless steel water bottle at competitive price from us. Also, small quantity orders are acceptable.\" \/>\n<meta name=\"robots\" content=\"index, follow, max-snippet:-1, max-image-preview:large, max-video-preview:-1\" \/>\n<link rel=\"canonical\" href=\"https:\/\/www.dillerbottle.com\/nl\/producten\/kinderen-roestvrijstalen-waterfles-2\" \/>\n<meta property=\"og:locale\" content=\"nl_NL\" \/>\n<meta property=\"og:type\" content=\"article\" \/>\n<meta property=\"og:title\" content=\"Kids Stainless Steel Water Bottle\" \/>\n<meta property=\"og:description\" content=\"As one of the best kids stainless steel water bottle manufacturers and suppliers, we are engaged in manufacturing good quality water bottles. We warmly welcome you to wholesale or buy custom made kids stainless steel water bottle at competitive price from us. Also, small quantity orders are acceptable.\" \/>\n<meta property=\"og:url\" content=\"https:\/\/www.dillerbottle.com\/nl\/producten\/kinderen-roestvrijstalen-waterfles-2\" \/>\n<meta property=\"og:site_name\" content=\"Diller Water Bottle Manufacturer\" \/>\n<meta property=\"article:modified_time\" content=\"2025-07-10T07:10:09+00:00\" \/>\n<meta property=\"og:image\" content=\"https:\/\/www.dillerbottle.com\/wp-content\/uploads\/2024\/09\/kids-stainless-steel-water-bottle57072955443.jpg\" \/>\n\t<meta property=\"og:image:width\" content=\"730\" \/>\n\t<meta property=\"og:image:height\" content=\"730\" \/>\n\t<meta property=\"og:image:type\" content=\"image\/jpeg\" \/>\n<meta name=\"twitter:card\" content=\"summary_large_image\" \/>\n<meta name=\"twitter:label1\" content=\"Verwachte leestijd\" \/>\n\t<meta name=\"twitter:data1\" content=\"2 minuten\" \/>\n<script type=\"application\/ld+json\" class=\"yoast-schema-graph\">{\"@context\":\"https:\\\/\\\/schema.org\",\"@graph\":[{\"@type\":\"WebPage\",\"@id\":\"https:\\\/\\\/www.dillerbottle.com\\\/de\\\/produkte\\\/edelstahl-trinkflasche-fur-kinder\",\"url\":\"https:\\\/\\\/www.dillerbottle.com\\\/de\\\/produkte\\\/edelstahl-trinkflasche-fur-kinder\",\"name\":\"Kids Stainless Steel Water Bottle - Diller Water Bottle Manufacturer\",\"isPartOf\":{\"@id\":\"https:\\\/\\\/www.dillerbottle.com\\\/#website\"},\"primaryImageOfPage\":{\"@id\":\"https:\\\/\\\/www.dillerbottle.com\\\/de\\\/produkte\\\/edelstahl-trinkflasche-fur-kinder#primaryimage\"},\"image\":{\"@id\":\"https:\\\/\\\/www.dillerbottle.com\\\/de\\\/produkte\\\/edelstahl-trinkflasche-fur-kinder#primaryimage\"},\"thumbnailUrl\":\"https:\\\/\\\/www.dillerbottle.com\\\/wp-content\\\/uploads\\\/2024\\\/09\\\/kids-stainless-steel-water-bottle57072955443.jpg\",\"datePublished\":\"2024-09-26T08:32:25+00:00\",\"dateModified\":\"2025-07-10T07:10:09+00:00\",\"description\":\"As one of the best kids stainless steel water bottle manufacturers and suppliers, we are engaged in manufacturing good quality water bottles. We warmly welcome you to wholesale or buy custom made kids stainless steel water bottle at competitive price from us. Also, small quantity orders are acceptable.\",\"breadcrumb\":{\"@id\":\"https:\\\/\\\/www.dillerbottle.com\\\/de\\\/produkte\\\/edelstahl-trinkflasche-fur-kinder#breadcrumb\"},\"inLanguage\":\"nl-NL\",\"potentialAction\":[{\"@type\":\"ReadAction\",\"target\":[\"https:\\\/\\\/www.dillerbottle.com\\\/de\\\/produkte\\\/edelstahl-trinkflasche-fur-kinder\"]}]},{\"@type\":\"ImageObject\",\"inLanguage\":\"nl-NL\",\"@id\":\"https:\\\/\\\/www.dillerbottle.com\\\/de\\\/produkte\\\/edelstahl-trinkflasche-fur-kinder#primaryimage\",\"url\":\"https:\\\/\\\/www.dillerbottle.com\\\/wp-content\\\/uploads\\\/2024\\\/09\\\/kids-stainless-steel-water-bottle57072955443.jpg\",\"contentUrl\":\"https:\\\/\\\/www.dillerbottle.com\\\/wp-content\\\/uploads\\\/2024\\\/09\\\/kids-stainless-steel-water-bottle57072955443.jpg\",\"width\":730,\"height\":730},{\"@type\":\"BreadcrumbList\",\"@id\":\"https:\\\/\\\/www.dillerbottle.com\\\/de\\\/produkte\\\/edelstahl-trinkflasche-fur-kinder#breadcrumb\",\"itemListElement\":[{\"@type\":\"ListItem\",\"position\":1,\"name\":\"Home\",\"item\":\"https:\\\/\\\/www.dillerbottle.com\\\/\"},{\"@type\":\"ListItem\",\"position\":2,\"name\":\"Products\",\"item\":\"https:\\\/\\\/www.dillerbottle.com\\\/shop\"},{\"@type\":\"ListItem\",\"position\":3,\"name\":\"Kids Stainless Steel Water Bottle\"}]},{\"@type\":\"WebSite\",\"@id\":\"https:\\\/\\\/www.dillerbottle.com\\\/#website\",\"url\":\"https:\\\/\\\/www.dillerbottle.com\\\/\",\"name\":\"Diller Water Bottle Manufacturer\",\"description\":\"Water Bottle Manufacturer\",\"publisher\":{\"@id\":\"https:\\\/\\\/www.dillerbottle.com\\\/#organization\"},\"potentialAction\":[{\"@type\":\"SearchAction\",\"target\":{\"@type\":\"EntryPoint\",\"urlTemplate\":\"https:\\\/\\\/www.dillerbottle.com\\\/?s={search_term_string}\"},\"query-input\":{\"@type\":\"PropertyValueSpecification\",\"valueRequired\":true,\"valueName\":\"search_term_string\"}}],\"inLanguage\":\"nl-NL\"},{\"@type\":\"Organization\",\"@id\":\"https:\\\/\\\/www.dillerbottle.com\\\/#organization\",\"name\":\"Diller Water Bottle Manufacturer\",\"url\":\"https:\\\/\\\/www.dillerbottle.com\\\/\",\"logo\":{\"@type\":\"ImageObject\",\"inLanguage\":\"nl-NL\",\"@id\":\"https:\\\/\\\/www.dillerbottle.com\\\/#\\\/schema\\\/logo\\\/image\\\/\",\"url\":\"https:\\\/\\\/www.dillerbottle.com\\\/wp-content\\\/uploads\\\/2024\\\/09\\\/49918bfa848dcc1e9f8b509933603ac.png\",\"contentUrl\":\"https:\\\/\\\/www.dillerbottle.com\\\/wp-content\\\/uploads\\\/2024\\\/09\\\/49918bfa848dcc1e9f8b509933603ac.png\",\"width\":988,\"height\":198,\"caption\":\"Diller Water Bottle Manufacturer\"},\"image\":{\"@id\":\"https:\\\/\\\/www.dillerbottle.com\\\/#\\\/schema\\\/logo\\\/image\\\/\"}}]}<\/script>\n<!-- \/ Yoast SEO Premium plugin. -->","yoast_head_json":{"title":"Waterfles van roestvrij staal voor kinderen - Diller Waterflesfabrikant","description":"Als een van de beste fabrikanten en leveranciers van roestvrijstalen waterflessen voor kinderen, zijn wij bezig met het produceren van waterflessen van goede kwaliteit. Wij heten u van harte welkom om bij ons groothandels- of op maat gemaakte roestvrijstalen waterflessen voor kinderen te kopen tegen een concurrerende prijs. Ook zijn kleine hoeveelheden toegestaan.","robots":{"index":"index","follow":"follow","max-snippet":"max-snippet:-1","max-image-preview":"max-image-preview:large","max-video-preview":"max-video-preview:-1"},"canonical":"https:\/\/www.dillerbottle.com\/nl\/producten\/kinderen-roestvrijstalen-waterfles-2","og_locale":"nl_NL","og_type":"article","og_title":"Kids Stainless Steel Water Bottle","og_description":"As one of the best kids stainless steel water bottle manufacturers and suppliers, we are engaged in manufacturing good quality water bottles. We warmly welcome you to wholesale or buy custom made kids stainless steel water bottle at competitive price from us. Also, small quantity orders are acceptable.","og_url":"https:\/\/www.dillerbottle.com\/nl\/producten\/kinderen-roestvrijstalen-waterfles-2","og_site_name":"Diller Water Bottle Manufacturer","article_modified_time":"2025-07-10T07:10:09+00:00","og_image":[{"width":730,"height":730,"url":"https:\/\/www.dillerbottle.com\/wp-content\/uploads\/2024\/09\/kids-stainless-steel-water-bottle57072955443.jpg","type":"image\/jpeg"}],"twitter_card":"summary_large_image","twitter_misc":{"Verwachte leestijd":"2 minuten"},"schema":{"@context":"https:\/\/schema.org","@graph":[{"@type":"WebPage","@id":"https:\/\/www.dillerbottle.com\/de\/produkte\/edelstahl-trinkflasche-fur-kinder","url":"https:\/\/www.dillerbottle.com\/de\/produkte\/edelstahl-trinkflasche-fur-kinder","name":"Waterfles van roestvrij staal voor kinderen - Diller Waterflesfabrikant","isPartOf":{"@id":"https:\/\/www.dillerbottle.com\/#website"},"primaryImageOfPage":{"@id":"https:\/\/www.dillerbottle.com\/de\/produkte\/edelstahl-trinkflasche-fur-kinder#primaryimage"},"image":{"@id":"https:\/\/www.dillerbottle.com\/de\/produkte\/edelstahl-trinkflasche-fur-kinder#primaryimage"},"thumbnailUrl":"https:\/\/www.dillerbottle.com\/wp-content\/uploads\/2024\/09\/kids-stainless-steel-water-bottle57072955443.jpg","datePublished":"2024-09-26T08:32:25+00:00","dateModified":"2025-07-10T07:10:09+00:00","description":"Als een van de beste fabrikanten en leveranciers van roestvrijstalen waterflessen voor kinderen, zijn wij bezig met het produceren van waterflessen van goede kwaliteit. Wij heten u van harte welkom om bij ons groothandels- of op maat gemaakte roestvrijstalen waterflessen voor kinderen te kopen tegen een concurrerende prijs. Ook zijn kleine hoeveelheden toegestaan.","breadcrumb":{"@id":"https:\/\/www.dillerbottle.com\/de\/produkte\/edelstahl-trinkflasche-fur-kinder#breadcrumb"},"inLanguage":"nl-NL","potentialAction":[{"@type":"ReadAction","target":["https:\/\/www.dillerbottle.com\/de\/produkte\/edelstahl-trinkflasche-fur-kinder"]}]},{"@type":"ImageObject","inLanguage":"nl-NL","@id":"https:\/\/www.dillerbottle.com\/de\/produkte\/edelstahl-trinkflasche-fur-kinder#primaryimage","url":"https:\/\/www.dillerbottle.com\/wp-content\/uploads\/2024\/09\/kids-stainless-steel-water-bottle57072955443.jpg","contentUrl":"https:\/\/www.dillerbottle.com\/wp-content\/uploads\/2024\/09\/kids-stainless-steel-water-bottle57072955443.jpg","width":730,"height":730},{"@type":"BreadcrumbList","@id":"https:\/\/www.dillerbottle.com\/de\/produkte\/edelstahl-trinkflasche-fur-kinder#breadcrumb","itemListElement":[{"@type":"ListItem","position":1,"name":"Home","item":"https:\/\/www.dillerbottle.com\/"},{"@type":"ListItem","position":2,"name":"Products","item":"https:\/\/www.dillerbottle.com\/shop"},{"@type":"ListItem","position":3,"name":"Kids Stainless Steel Water Bottle"}]},{"@type":"WebSite","@id":"https:\/\/www.dillerbottle.com\/#website","url":"https:\/\/www.dillerbottle.com\/","name":"Diller Waterfles Fabrikant","description":"Fabrikant van waterflessen","publisher":{"@id":"https:\/\/www.dillerbottle.com\/#organization"},"potentialAction":[{"@type":"SearchAction","target":{"@type":"EntryPoint","urlTemplate":"https:\/\/www.dillerbottle.com\/?s={search_term_string}"},"query-input":{"@type":"PropertyValueSpecification","valueRequired":true,"valueName":"search_term_string"}}],"inLanguage":"nl-NL"},{"@type":"Organization","@id":"https:\/\/www.dillerbottle.com\/#organization","name":"Diller Waterfles Fabrikant","url":"https:\/\/www.dillerbottle.com\/","logo":{"@type":"ImageObject","inLanguage":"nl-NL","@id":"https:\/\/www.dillerbottle.com\/#\/schema\/logo\/image\/","url":"https:\/\/www.dillerbottle.com\/wp-content\/uploads\/2024\/09\/49918bfa848dcc1e9f8b509933603ac.png","contentUrl":"https:\/\/www.dillerbottle.com\/wp-content\/uploads\/2024\/09\/49918bfa848dcc1e9f8b509933603ac.png","width":988,"height":198,"caption":"Diller Water Bottle Manufacturer"},"image":{"@id":"https:\/\/www.dillerbottle.com\/#\/schema\/logo\/image\/"}}]}},"_links":{"self":[{"href":"https:\/\/www.dillerbottle.com\/nl\/wp-json\/wp\/v2\/product\/3850","targetHints":{"allow":["GET"]}}],"collection":[{"href":"https:\/\/www.dillerbottle.com\/nl\/wp-json\/wp\/v2\/product"}],"about":[{"href":"https:\/\/www.dillerbottle.com\/nl\/wp-json\/wp\/v2\/types\/product"}],"replies":[{"embeddable":true,"href":"https:\/\/www.dillerbottle.com\/nl\/wp-json\/wp\/v2\/comments?post=3850"}],"wp:featuredmedia":[{"embeddable":true,"href":"https:\/\/www.dillerbottle.com\/nl\/wp-json\/wp\/v2\/media\/3851"}],"wp:attachment":[{"href":"https:\/\/www.dillerbottle.com\/nl\/wp-json\/wp\/v2\/media?parent=3850"}],"wp:term":[{"taxonomy":"product_brand","embeddable":true,"href":"https:\/\/www.dillerbottle.com\/nl\/wp-json\/wp\/v2\/product_brand?post=3850"},{"taxonomy":"product_cat","embeddable":true,"href":"https:\/\/www.dillerbottle.com\/nl\/wp-json\/wp\/v2\/product_cat?post=3850"},{"taxonomy":"product_tag","embeddable":true,"href":"https:\/\/www.dillerbottle.com\/nl\/wp-json\/wp\/v2\/product_tag?post=3850"}],"curies":[{"name":"wp","href":"https:\/\/api.w.org\/{rel}","templated":true}]}}