{"id":3860,"date":"2024-09-26T16:32:32","date_gmt":"2024-09-26T08:32:32","guid":{"rendered":"https:\/\/demo.dillerbottle.com\/uncategorized\/kids-vacuum-bottle"},"modified":"2025-07-10T15:09:59","modified_gmt":"2025-07-10T07:09:59","slug":"kinder-vacuumfles","status":"publish","type":"product","link":"https:\/\/www.dillerbottle.com\/nl\/products\/kids-vacuum-bottle","title":{"rendered":"Kinderen vacu\u00fcmfles"},"content":{"rendered":"<p>Functies:<br \/>\n1. Deze vacu\u00fcmfles voor kinderen is gemaakt van hoogwaardig roestvrij staal 316. De vacu\u00fcmfles voor kinderen zal nooit roesten, buigen of breken bij regelmatig gebruik.<\/p>\n<p>2. Het meest bijzondere ontwerp van deze fles is dat \u00e9\u00e9n deksel twee manieren van drinken bevat: een rietje en een direct drinkgat. U kunt verschillende drinkmethoden kiezen op basis van uw persoonlijke voorkeuren zonder het deksel te veranderen.<\/p>\n<p>3. Diller maakt gebruik van geavanceerde vacu\u00fcmisolatietechnologie, die een langduriger isolatie-effect heeft, dat 9% hoger is dan de gewone vacu\u00fcmtechnologie van de vacu\u00fcmfles. Houd 24 uur koud en 13 uur warm.<\/p>\n<p>4. De Diller kids vacu\u00fcmfles is de perfecte manier om uw kind naar school te sturen met een heerlijk drankje om van te genieten. Wordt geleverd met verstelbare riem voor eenvoudig dragen.<\/p>","protected":false},"excerpt":{"rendered":"<p>Deze vacu\u00fcmfles voor kinderen is gemaakt van hoogwaardig roestvrij staal 316. De vacu\u00fcmfles voor kinderen zal nooit roesten, buigen of breken bij regelmatig gebruik.<br \/>\nE\u00e9n deksel bevat twee manieren om te drinken: via een rietje en via een direct drinkgat.<br \/>\nMaakt gebruik van geavanceerde vacu\u00fcmisolatietechnologie, die een langduriger isolatie-effect heeft, dat 9% hoger is dan de gewone vacu\u00fcmtechnologie van de vacu\u00fcmfles.<br \/>\nHoud het 24 uur koud en 13 uur warm.<br \/>\nGratis monsters beschikbaar.<br \/>\nWij kunnen de vacu\u00fcmfles voor kinderen aanpassen aan uw wensen, zoals logo, patroon, kleur en verpakking.<br \/>\nWelkom bij groothandelsaankopen, stuur nu een aanvraag!<\/p>","protected":false},"featured_media":3861,"comment_status":"open","ping_status":"closed","template":"","meta":{"_acf_changed":false},"product_brand":[],"product_cat":[200],"product_tag":[258,32,36,33,31,39,38,240,236,270,29,37,203,34,35,206,28,217,30],"class_list":{"0":"post-3860","1":"product","2":"type-product","3":"status-publish","4":"has-post-thumbnail","6":"product_cat-kids-water-bottles","7":"product_tag-5-gallon-water-bottle","8":"product_tag-best","9":"product_tag-bulk","10":"product_tag-buy","11":"product_tag-custom","12":"product_tag-for-sale","13":"product_tag-good-quality","14":"product_tag-insulated-water-bottles-for-kids","15":"product_tag-kids-strap-water-bottles","16":"product_tag-kids-vacuum-bottle","17":"product_tag-manufacturers","18":"product_tag-manufacturing","19":"product_tag-oem-stainless-steel-water-bottle-thermal-flask","20":"product_tag-price","21":"product_tag-small","22":"product_tag-steel-water-bottle","23":"product_tag-suppliers","24":"product_tag-water-bottle-plastic","25":"product_tag-wholesale","27":"first","28":"instock","29":"shipping-taxable","30":"product-type-simple"},"acf":[],"yoast_head":"<!-- This site is optimized with the Yoast SEO Premium plugin v27.5 (Yoast SEO v27.5) - https:\/\/yoast.com\/product\/yoast-seo-premium-wordpress\/ -->\n<title>Kids Vacuum Bottle - Diller Water Bottle Manufacturer<\/title>\n<meta name=\"description\" content=\"As one of the best kids vacuum bottle manufacturers and suppliers, we are engaged in manufacturing good quality water bottles. We warmly welcome you to wholesale or buy custom made kids vacuum bottle at competitive price from us. Also, small quantity orders are acceptable.\" \/>\n<meta name=\"robots\" content=\"index, follow, max-snippet:-1, max-image-preview:large, max-video-preview:-1\" \/>\n<link rel=\"canonical\" href=\"https:\/\/www.dillerbottle.com\/nl\/producten\/kinder-vacuumfles\" \/>\n<meta property=\"og:locale\" content=\"nl_NL\" \/>\n<meta property=\"og:type\" content=\"article\" \/>\n<meta property=\"og:title\" content=\"Kids Vacuum Bottle\" \/>\n<meta property=\"og:description\" content=\"As one of the best kids vacuum bottle manufacturers and suppliers, we are engaged in manufacturing good quality water bottles. We warmly welcome you to wholesale or buy custom made kids vacuum bottle at competitive price from us. Also, small quantity orders are acceptable.\" \/>\n<meta property=\"og:url\" content=\"https:\/\/www.dillerbottle.com\/nl\/producten\/kinder-vacuumfles\" \/>\n<meta property=\"og:site_name\" content=\"Diller Water Bottle Manufacturer\" \/>\n<meta property=\"article:modified_time\" content=\"2025-07-10T07:09:59+00:00\" \/>\n<meta property=\"og:image\" content=\"https:\/\/www.dillerbottle.com\/wp-content\/uploads\/2024\/09\/kids-vacuum-bottle40225477673.jpg\" \/>\n\t<meta property=\"og:image:width\" content=\"730\" \/>\n\t<meta property=\"og:image:height\" content=\"730\" \/>\n\t<meta property=\"og:image:type\" content=\"image\/jpeg\" \/>\n<meta name=\"twitter:card\" content=\"summary_large_image\" \/>\n<meta name=\"twitter:label1\" content=\"Verwachte leestijd\" \/>\n\t<meta name=\"twitter:data1\" content=\"2 minuten\" \/>\n<script type=\"application\/ld+json\" class=\"yoast-schema-graph\">{\"@context\":\"https:\\\/\\\/schema.org\",\"@graph\":[{\"@type\":\"WebPage\",\"@id\":\"https:\\\/\\\/www.dillerbottle.com\\\/ko\\\/%ec%a0%9c%ed%92%88\\\/%ec%96%b4%eb%a6%b0%ec%9d%b4%ec%9a%a9-%ec%a7%84%ea%b3%b5%eb%b3%91\",\"url\":\"https:\\\/\\\/www.dillerbottle.com\\\/ko\\\/%ec%a0%9c%ed%92%88\\\/%ec%96%b4%eb%a6%b0%ec%9d%b4%ec%9a%a9-%ec%a7%84%ea%b3%b5%eb%b3%91\",\"name\":\"Kids Vacuum Bottle - Diller Water Bottle Manufacturer\",\"isPartOf\":{\"@id\":\"https:\\\/\\\/www.dillerbottle.com\\\/#website\"},\"primaryImageOfPage\":{\"@id\":\"https:\\\/\\\/www.dillerbottle.com\\\/ko\\\/%ec%a0%9c%ed%92%88\\\/%ec%96%b4%eb%a6%b0%ec%9d%b4%ec%9a%a9-%ec%a7%84%ea%b3%b5%eb%b3%91#primaryimage\"},\"image\":{\"@id\":\"https:\\\/\\\/www.dillerbottle.com\\\/ko\\\/%ec%a0%9c%ed%92%88\\\/%ec%96%b4%eb%a6%b0%ec%9d%b4%ec%9a%a9-%ec%a7%84%ea%b3%b5%eb%b3%91#primaryimage\"},\"thumbnailUrl\":\"https:\\\/\\\/www.dillerbottle.com\\\/wp-content\\\/uploads\\\/2024\\\/09\\\/kids-vacuum-bottle40225477673.jpg\",\"datePublished\":\"2024-09-26T08:32:32+00:00\",\"dateModified\":\"2025-07-10T07:09:59+00:00\",\"description\":\"As one of the best kids vacuum bottle manufacturers and suppliers, we are engaged in manufacturing good quality water bottles. We warmly welcome you to wholesale or buy custom made kids vacuum bottle at competitive price from us. Also, small quantity orders are acceptable.\",\"breadcrumb\":{\"@id\":\"https:\\\/\\\/www.dillerbottle.com\\\/ko\\\/%ec%a0%9c%ed%92%88\\\/%ec%96%b4%eb%a6%b0%ec%9d%b4%ec%9a%a9-%ec%a7%84%ea%b3%b5%eb%b3%91#breadcrumb\"},\"inLanguage\":\"nl-NL\",\"potentialAction\":[{\"@type\":\"ReadAction\",\"target\":[\"https:\\\/\\\/www.dillerbottle.com\\\/ko\\\/%ec%a0%9c%ed%92%88\\\/%ec%96%b4%eb%a6%b0%ec%9d%b4%ec%9a%a9-%ec%a7%84%ea%b3%b5%eb%b3%91\"]}]},{\"@type\":\"ImageObject\",\"inLanguage\":\"nl-NL\",\"@id\":\"https:\\\/\\\/www.dillerbottle.com\\\/ko\\\/%ec%a0%9c%ed%92%88\\\/%ec%96%b4%eb%a6%b0%ec%9d%b4%ec%9a%a9-%ec%a7%84%ea%b3%b5%eb%b3%91#primaryimage\",\"url\":\"https:\\\/\\\/www.dillerbottle.com\\\/wp-content\\\/uploads\\\/2024\\\/09\\\/kids-vacuum-bottle40225477673.jpg\",\"contentUrl\":\"https:\\\/\\\/www.dillerbottle.com\\\/wp-content\\\/uploads\\\/2024\\\/09\\\/kids-vacuum-bottle40225477673.jpg\",\"width\":730,\"height\":730},{\"@type\":\"BreadcrumbList\",\"@id\":\"https:\\\/\\\/www.dillerbottle.com\\\/ko\\\/%ec%a0%9c%ed%92%88\\\/%ec%96%b4%eb%a6%b0%ec%9d%b4%ec%9a%a9-%ec%a7%84%ea%b3%b5%eb%b3%91#breadcrumb\",\"itemListElement\":[{\"@type\":\"ListItem\",\"position\":1,\"name\":\"Home\",\"item\":\"https:\\\/\\\/www.dillerbottle.com\\\/\"},{\"@type\":\"ListItem\",\"position\":2,\"name\":\"Products\",\"item\":\"https:\\\/\\\/www.dillerbottle.com\\\/shop\"},{\"@type\":\"ListItem\",\"position\":3,\"name\":\"Kids Vacuum Bottle\"}]},{\"@type\":\"WebSite\",\"@id\":\"https:\\\/\\\/www.dillerbottle.com\\\/#website\",\"url\":\"https:\\\/\\\/www.dillerbottle.com\\\/\",\"name\":\"Diller Water Bottle Manufacturer\",\"description\":\"Water Bottle Manufacturer\",\"publisher\":{\"@id\":\"https:\\\/\\\/www.dillerbottle.com\\\/#organization\"},\"potentialAction\":[{\"@type\":\"SearchAction\",\"target\":{\"@type\":\"EntryPoint\",\"urlTemplate\":\"https:\\\/\\\/www.dillerbottle.com\\\/?s={search_term_string}\"},\"query-input\":{\"@type\":\"PropertyValueSpecification\",\"valueRequired\":true,\"valueName\":\"search_term_string\"}}],\"inLanguage\":\"nl-NL\"},{\"@type\":\"Organization\",\"@id\":\"https:\\\/\\\/www.dillerbottle.com\\\/#organization\",\"name\":\"Diller Water Bottle Manufacturer\",\"url\":\"https:\\\/\\\/www.dillerbottle.com\\\/\",\"logo\":{\"@type\":\"ImageObject\",\"inLanguage\":\"nl-NL\",\"@id\":\"https:\\\/\\\/www.dillerbottle.com\\\/#\\\/schema\\\/logo\\\/image\\\/\",\"url\":\"https:\\\/\\\/www.dillerbottle.com\\\/wp-content\\\/uploads\\\/2024\\\/09\\\/49918bfa848dcc1e9f8b509933603ac.png\",\"contentUrl\":\"https:\\\/\\\/www.dillerbottle.com\\\/wp-content\\\/uploads\\\/2024\\\/09\\\/49918bfa848dcc1e9f8b509933603ac.png\",\"width\":988,\"height\":198,\"caption\":\"Diller Water Bottle Manufacturer\"},\"image\":{\"@id\":\"https:\\\/\\\/www.dillerbottle.com\\\/#\\\/schema\\\/logo\\\/image\\\/\"}}]}<\/script>\n<!-- \/ Yoast SEO Premium plugin. -->","yoast_head_json":{"title":"Kinder vacu\u00fcmfles - Diller Waterfles Fabrikant","description":"Als een van de beste fabrikanten en leveranciers van vacu\u00fcmflessen voor kinderen, zijn wij bezig met het produceren van waterflessen van goede kwaliteit. Wij heten u van harte welkom om bij ons groothandels- of op maat gemaakte vacu\u00fcmflessen voor kinderen te kopen tegen een concurrerende prijs. Ook zijn kleine hoeveelheden toegestaan.","robots":{"index":"index","follow":"follow","max-snippet":"max-snippet:-1","max-image-preview":"max-image-preview:large","max-video-preview":"max-video-preview:-1"},"canonical":"https:\/\/www.dillerbottle.com\/nl\/producten\/kinder-vacuumfles","og_locale":"nl_NL","og_type":"article","og_title":"Kids Vacuum Bottle","og_description":"As one of the best kids vacuum bottle manufacturers and suppliers, we are engaged in manufacturing good quality water bottles. We warmly welcome you to wholesale or buy custom made kids vacuum bottle at competitive price from us. Also, small quantity orders are acceptable.","og_url":"https:\/\/www.dillerbottle.com\/nl\/producten\/kinder-vacuumfles","og_site_name":"Diller Water Bottle Manufacturer","article_modified_time":"2025-07-10T07:09:59+00:00","og_image":[{"width":730,"height":730,"url":"https:\/\/www.dillerbottle.com\/wp-content\/uploads\/2024\/09\/kids-vacuum-bottle40225477673.jpg","type":"image\/jpeg"}],"twitter_card":"summary_large_image","twitter_misc":{"Verwachte leestijd":"2 minuten"},"schema":{"@context":"https:\/\/schema.org","@graph":[{"@type":"WebPage","@id":"https:\/\/www.dillerbottle.com\/ko\/%ec%a0%9c%ed%92%88\/%ec%96%b4%eb%a6%b0%ec%9d%b4%ec%9a%a9-%ec%a7%84%ea%b3%b5%eb%b3%91","url":"https:\/\/www.dillerbottle.com\/ko\/%ec%a0%9c%ed%92%88\/%ec%96%b4%eb%a6%b0%ec%9d%b4%ec%9a%a9-%ec%a7%84%ea%b3%b5%eb%b3%91","name":"Kinder vacu\u00fcmfles - Diller Waterfles Fabrikant","isPartOf":{"@id":"https:\/\/www.dillerbottle.com\/#website"},"primaryImageOfPage":{"@id":"https:\/\/www.dillerbottle.com\/ko\/%ec%a0%9c%ed%92%88\/%ec%96%b4%eb%a6%b0%ec%9d%b4%ec%9a%a9-%ec%a7%84%ea%b3%b5%eb%b3%91#primaryimage"},"image":{"@id":"https:\/\/www.dillerbottle.com\/ko\/%ec%a0%9c%ed%92%88\/%ec%96%b4%eb%a6%b0%ec%9d%b4%ec%9a%a9-%ec%a7%84%ea%b3%b5%eb%b3%91#primaryimage"},"thumbnailUrl":"https:\/\/www.dillerbottle.com\/wp-content\/uploads\/2024\/09\/kids-vacuum-bottle40225477673.jpg","datePublished":"2024-09-26T08:32:32+00:00","dateModified":"2025-07-10T07:09:59+00:00","description":"Als een van de beste fabrikanten en leveranciers van vacu\u00fcmflessen voor kinderen, zijn wij bezig met het produceren van waterflessen van goede kwaliteit. Wij heten u van harte welkom om bij ons groothandels- of op maat gemaakte vacu\u00fcmflessen voor kinderen te kopen tegen een concurrerende prijs. Ook zijn kleine hoeveelheden toegestaan.","breadcrumb":{"@id":"https:\/\/www.dillerbottle.com\/ko\/%ec%a0%9c%ed%92%88\/%ec%96%b4%eb%a6%b0%ec%9d%b4%ec%9a%a9-%ec%a7%84%ea%b3%b5%eb%b3%91#breadcrumb"},"inLanguage":"nl-NL","potentialAction":[{"@type":"ReadAction","target":["https:\/\/www.dillerbottle.com\/ko\/%ec%a0%9c%ed%92%88\/%ec%96%b4%eb%a6%b0%ec%9d%b4%ec%9a%a9-%ec%a7%84%ea%b3%b5%eb%b3%91"]}]},{"@type":"ImageObject","inLanguage":"nl-NL","@id":"https:\/\/www.dillerbottle.com\/ko\/%ec%a0%9c%ed%92%88\/%ec%96%b4%eb%a6%b0%ec%9d%b4%ec%9a%a9-%ec%a7%84%ea%b3%b5%eb%b3%91#primaryimage","url":"https:\/\/www.dillerbottle.com\/wp-content\/uploads\/2024\/09\/kids-vacuum-bottle40225477673.jpg","contentUrl":"https:\/\/www.dillerbottle.com\/wp-content\/uploads\/2024\/09\/kids-vacuum-bottle40225477673.jpg","width":730,"height":730},{"@type":"BreadcrumbList","@id":"https:\/\/www.dillerbottle.com\/ko\/%ec%a0%9c%ed%92%88\/%ec%96%b4%eb%a6%b0%ec%9d%b4%ec%9a%a9-%ec%a7%84%ea%b3%b5%eb%b3%91#breadcrumb","itemListElement":[{"@type":"ListItem","position":1,"name":"Home","item":"https:\/\/www.dillerbottle.com\/"},{"@type":"ListItem","position":2,"name":"Products","item":"https:\/\/www.dillerbottle.com\/shop"},{"@type":"ListItem","position":3,"name":"Kids Vacuum Bottle"}]},{"@type":"WebSite","@id":"https:\/\/www.dillerbottle.com\/#website","url":"https:\/\/www.dillerbottle.com\/","name":"Diller Waterfles Fabrikant","description":"Fabrikant van waterflessen","publisher":{"@id":"https:\/\/www.dillerbottle.com\/#organization"},"potentialAction":[{"@type":"SearchAction","target":{"@type":"EntryPoint","urlTemplate":"https:\/\/www.dillerbottle.com\/?s={search_term_string}"},"query-input":{"@type":"PropertyValueSpecification","valueRequired":true,"valueName":"search_term_string"}}],"inLanguage":"nl-NL"},{"@type":"Organization","@id":"https:\/\/www.dillerbottle.com\/#organization","name":"Diller Waterfles Fabrikant","url":"https:\/\/www.dillerbottle.com\/","logo":{"@type":"ImageObject","inLanguage":"nl-NL","@id":"https:\/\/www.dillerbottle.com\/#\/schema\/logo\/image\/","url":"https:\/\/www.dillerbottle.com\/wp-content\/uploads\/2024\/09\/49918bfa848dcc1e9f8b509933603ac.png","contentUrl":"https:\/\/www.dillerbottle.com\/wp-content\/uploads\/2024\/09\/49918bfa848dcc1e9f8b509933603ac.png","width":988,"height":198,"caption":"Diller Water Bottle Manufacturer"},"image":{"@id":"https:\/\/www.dillerbottle.com\/#\/schema\/logo\/image\/"}}]}},"_links":{"self":[{"href":"https:\/\/www.dillerbottle.com\/nl\/wp-json\/wp\/v2\/product\/3860","targetHints":{"allow":["GET"]}}],"collection":[{"href":"https:\/\/www.dillerbottle.com\/nl\/wp-json\/wp\/v2\/product"}],"about":[{"href":"https:\/\/www.dillerbottle.com\/nl\/wp-json\/wp\/v2\/types\/product"}],"replies":[{"embeddable":true,"href":"https:\/\/www.dillerbottle.com\/nl\/wp-json\/wp\/v2\/comments?post=3860"}],"wp:featuredmedia":[{"embeddable":true,"href":"https:\/\/www.dillerbottle.com\/nl\/wp-json\/wp\/v2\/media\/3861"}],"wp:attachment":[{"href":"https:\/\/www.dillerbottle.com\/nl\/wp-json\/wp\/v2\/media?parent=3860"}],"wp:term":[{"taxonomy":"product_brand","embeddable":true,"href":"https:\/\/www.dillerbottle.com\/nl\/wp-json\/wp\/v2\/product_brand?post=3860"},{"taxonomy":"product_cat","embeddable":true,"href":"https:\/\/www.dillerbottle.com\/nl\/wp-json\/wp\/v2\/product_cat?post=3860"},{"taxonomy":"product_tag","embeddable":true,"href":"https:\/\/www.dillerbottle.com\/nl\/wp-json\/wp\/v2\/product_tag?post=3860"}],"curies":[{"name":"wp","href":"https:\/\/api.w.org\/{rel}","templated":true}]}}