{"id":3934,"date":"2024-09-26T16:33:22","date_gmt":"2024-09-26T08:33:22","guid":{"rendered":"https:\/\/demo.dillerbottle.com\/uncategorized\/thermos-insulated-water-bottle-for-kids"},"modified":"2025-07-10T15:09:08","modified_gmt":"2025-07-10T07:09:08","slug":"thermos-geisoleerde-waterfles-voor-kinderen","status":"publish","type":"product","link":"https:\/\/www.dillerbottle.com\/nl\/products\/thermos-insulated-water-bottle-for-kids","title":{"rendered":"Thermos ge\u00efsoleerde waterfles voor kinderen"},"content":{"rendered":"<p>Thermos ge\u00efsoleerde waterfles voor kinderen, is gemaakt van hoogwaardig goedgekeurd roestvrij staal van voedingskwaliteit 316. Het zal nooit een metaalsmaak of roest achterlaten, vermijd dat de smaak van de vloeistoffen verandert; gebruik alleen BPA-vrije, recyclebare materialen van voedingskwaliteit voor onze ge\u00efsoleerde waterflessen en accessoires. Dubbelwandig vacu\u00fcm ge\u00efsoleerd, waardoor uw favoriete drankje urenlang koud blijft, ideaal voor reizen, school, kamperen en dagelijkse hydratatie.<br \/>\nFuncties:<br \/>\n1. De thermos ge\u00efsoleerde waterfles voor kinderen is gemaakt van hoogwaardig goedgekeurd roestvrij staal van voedingskwaliteit 316. Deze thermosfles zal nooit roesten, buigen of breken bij regelmatig gebruik. Alleen met de hand afwassen, niet in de vaatwasser doen.<\/p>\n<p>2. De thermos ge\u00efsoleerde waterfles voor kinderen is uitgerust met twee verschillende deksels. E\u00e9n deksel is om direct uit een siliconen rietje te drinken en de andere kan als beker worden gebruikt. De drukknopdeksel is handig en hygi\u00ebnisch, druk er maar \u00e9\u00e9n keer op en het deksel klapt omhoog om het rietje te onthullen.<\/p>\n<p>3. Thermos ge\u00efsoleerde waterfles voor kinderen, heeft een dubbele wand en is vacu\u00fcm ge\u00efsoleerd, waardoor uw favoriete drankje urenlang koud blijft. De kinderthermos is de perfecte manier om uw kinderen met een heerlijk drankje naar school te sturen.<\/p>\n<p>4. De thermos ge\u00efsoleerde waterfles voor kinderen wordt geleverd met een verstelbare band en hoes die uw waterfles beschermen tegen krassen en deuken. Gemakkelijk mee te nemen voor buitenreizen of school.<br \/>\n5. Aanbevolen voor kinderen van 3 tot 15 jaar.<\/p>","protected":false},"excerpt":{"rendered":"<p>Thermos ge\u00efsoleerde waterfles voor kinderen, gemaakt van hoogwaardig, goedgekeurd roestvrij staal (316) voor levensmiddelen.<br \/>\nHet laat nooit een metaalsmaak of roest achter, voorkomt dat de smaak van de vloeistoffen verandert en gebruikt alleen BPA-vrije, recyclebare materialen van voedingskwaliteit voor onze ge\u00efsoleerde waterflessen en accessoires\u2026.<\/p>","protected":false},"featured_media":3935,"comment_status":"open","ping_status":"closed","template":"","meta":{"_acf_changed":false},"product_brand":[],"product_cat":[200],"product_tag":[32,36,33,31,244,39,38,260,29,37,34,35,251,206,28,278,205,229,30],"class_list":{"0":"post-3934","1":"product","2":"type-product","3":"status-publish","4":"has-post-thumbnail","6":"product_cat-kids-water-bottles","7":"product_tag-best","8":"product_tag-bulk","9":"product_tag-buy","10":"product_tag-custom","11":"product_tag-double-wall-stainless-steel-water-bottle-for-kids","12":"product_tag-for-sale","13":"product_tag-good-quality","14":"product_tag-kids-water-bottle","15":"product_tag-manufacturers","16":"product_tag-manufacturing","17":"product_tag-price","18":"product_tag-small","19":"product_tag-stainless-steel-sport-water-bottle-with-handle","20":"product_tag-steel-water-bottle","21":"product_tag-suppliers","22":"product_tag-thermos-insulated-water-bottle-for-kids","23":"product_tag-vacuum-stainless-steel-water-bottles-with-handle","24":"product_tag-water-bottle-kids","25":"product_tag-wholesale","27":"first","28":"instock","29":"shipping-taxable","30":"product-type-simple"},"acf":[],"yoast_head":"<!-- This site is optimized with the Yoast SEO Premium plugin v27.5 (Yoast SEO v27.5) - https:\/\/yoast.com\/product\/yoast-seo-premium-wordpress\/ -->\n<title>Thermos Insulated Water Bottle For Kids - Diller Water Bottle Manufacturer<\/title>\n<meta name=\"description\" content=\"As one of the best thermos insulated water bottle for kids manufacturers and suppliers, we are engaged in manufacturing good quality water bottles. We warmly welcome you to wholesale or buy custom made thermos insulated water bottle for kids at competitive price from us. Also, small quantity orders are acceptable.\" \/>\n<meta name=\"robots\" content=\"index, follow, max-snippet:-1, max-image-preview:large, max-video-preview:-1\" \/>\n<link rel=\"canonical\" href=\"https:\/\/www.dillerbottle.com\/nl\/producten\/thermos-geisoleerde-waterfles-voor-kinderen\" \/>\n<meta property=\"og:locale\" content=\"nl_NL\" \/>\n<meta property=\"og:type\" content=\"article\" \/>\n<meta property=\"og:title\" content=\"Thermos Insulated Water Bottle For Kids\" \/>\n<meta property=\"og:description\" content=\"As one of the best thermos insulated water bottle for kids manufacturers and suppliers, we are engaged in manufacturing good quality water bottles. We warmly welcome you to wholesale or buy custom made thermos insulated water bottle for kids at competitive price from us. Also, small quantity orders are acceptable.\" \/>\n<meta property=\"og:url\" content=\"https:\/\/www.dillerbottle.com\/nl\/producten\/thermos-geisoleerde-waterfles-voor-kinderen\" \/>\n<meta property=\"og:site_name\" content=\"Diller Water Bottle Manufacturer\" \/>\n<meta property=\"article:modified_time\" content=\"2025-07-10T07:09:08+00:00\" \/>\n<meta property=\"og:image\" content=\"https:\/\/www.dillerbottle.com\/wp-content\/uploads\/2024\/09\/thermos-insulated-water-bottle-for-kids45148961853.jpg\" \/>\n\t<meta property=\"og:image:width\" content=\"730\" \/>\n\t<meta property=\"og:image:height\" content=\"730\" \/>\n\t<meta property=\"og:image:type\" content=\"image\/jpeg\" \/>\n<meta name=\"twitter:card\" content=\"summary_large_image\" \/>\n<meta name=\"twitter:label1\" content=\"Verwachte leestijd\" \/>\n\t<meta name=\"twitter:data1\" content=\"3 minuten\" \/>\n<script type=\"application\/ld+json\" class=\"yoast-schema-graph\">{\"@context\":\"https:\\\/\\\/schema.org\",\"@graph\":[{\"@type\":\"WebPage\",\"@id\":\"https:\\\/\\\/www.dillerbottle.com\\\/ru\\\/%d0%bf%d1%80%d0%be%d0%b4%d1%83%d0%ba%d1%82%d1%8b\\\/%d1%82%d0%b5%d1%80%d0%bc%d0%be%d1%81-%d0%b1%d1%83%d1%82%d1%8b%d0%bb%d0%ba%d0%b0-%d0%b4%d0%bb%d1%8f-%d0%b2%d0%be%d0%b4%d1%8b-%d0%b4%d0%bb%d1%8f-%d0%b4%d0%b5%d1%82%d0%b5%d0%b9\",\"url\":\"https:\\\/\\\/www.dillerbottle.com\\\/ru\\\/%d0%bf%d1%80%d0%be%d0%b4%d1%83%d0%ba%d1%82%d1%8b\\\/%d1%82%d0%b5%d1%80%d0%bc%d0%be%d1%81-%d0%b1%d1%83%d1%82%d1%8b%d0%bb%d0%ba%d0%b0-%d0%b4%d0%bb%d1%8f-%d0%b2%d0%be%d0%b4%d1%8b-%d0%b4%d0%bb%d1%8f-%d0%b4%d0%b5%d1%82%d0%b5%d0%b9\",\"name\":\"Thermos Insulated Water Bottle For Kids - Diller Water Bottle Manufacturer\",\"isPartOf\":{\"@id\":\"https:\\\/\\\/www.dillerbottle.com\\\/#website\"},\"primaryImageOfPage\":{\"@id\":\"https:\\\/\\\/www.dillerbottle.com\\\/ru\\\/%d0%bf%d1%80%d0%be%d0%b4%d1%83%d0%ba%d1%82%d1%8b\\\/%d1%82%d0%b5%d1%80%d0%bc%d0%be%d1%81-%d0%b1%d1%83%d1%82%d1%8b%d0%bb%d0%ba%d0%b0-%d0%b4%d0%bb%d1%8f-%d0%b2%d0%be%d0%b4%d1%8b-%d0%b4%d0%bb%d1%8f-%d0%b4%d0%b5%d1%82%d0%b5%d0%b9#primaryimage\"},\"image\":{\"@id\":\"https:\\\/\\\/www.dillerbottle.com\\\/ru\\\/%d0%bf%d1%80%d0%be%d0%b4%d1%83%d0%ba%d1%82%d1%8b\\\/%d1%82%d0%b5%d1%80%d0%bc%d0%be%d1%81-%d0%b1%d1%83%d1%82%d1%8b%d0%bb%d0%ba%d0%b0-%d0%b4%d0%bb%d1%8f-%d0%b2%d0%be%d0%b4%d1%8b-%d0%b4%d0%bb%d1%8f-%d0%b4%d0%b5%d1%82%d0%b5%d0%b9#primaryimage\"},\"thumbnailUrl\":\"https:\\\/\\\/www.dillerbottle.com\\\/wp-content\\\/uploads\\\/2024\\\/09\\\/thermos-insulated-water-bottle-for-kids45148961853.jpg\",\"datePublished\":\"2024-09-26T08:33:22+00:00\",\"dateModified\":\"2025-07-10T07:09:08+00:00\",\"description\":\"As one of the best thermos insulated water bottle for kids manufacturers and suppliers, we are engaged in manufacturing good quality water bottles. We warmly welcome you to wholesale or buy custom made thermos insulated water bottle for kids at competitive price from us. Also, small quantity orders are acceptable.\",\"breadcrumb\":{\"@id\":\"https:\\\/\\\/www.dillerbottle.com\\\/ru\\\/%d0%bf%d1%80%d0%be%d0%b4%d1%83%d0%ba%d1%82%d1%8b\\\/%d1%82%d0%b5%d1%80%d0%bc%d0%be%d1%81-%d0%b1%d1%83%d1%82%d1%8b%d0%bb%d0%ba%d0%b0-%d0%b4%d0%bb%d1%8f-%d0%b2%d0%be%d0%b4%d1%8b-%d0%b4%d0%bb%d1%8f-%d0%b4%d0%b5%d1%82%d0%b5%d0%b9#breadcrumb\"},\"inLanguage\":\"nl-NL\",\"potentialAction\":[{\"@type\":\"ReadAction\",\"target\":[\"https:\\\/\\\/www.dillerbottle.com\\\/ru\\\/%d0%bf%d1%80%d0%be%d0%b4%d1%83%d0%ba%d1%82%d1%8b\\\/%d1%82%d0%b5%d1%80%d0%bc%d0%be%d1%81-%d0%b1%d1%83%d1%82%d1%8b%d0%bb%d0%ba%d0%b0-%d0%b4%d0%bb%d1%8f-%d0%b2%d0%be%d0%b4%d1%8b-%d0%b4%d0%bb%d1%8f-%d0%b4%d0%b5%d1%82%d0%b5%d0%b9\"]}]},{\"@type\":\"ImageObject\",\"inLanguage\":\"nl-NL\",\"@id\":\"https:\\\/\\\/www.dillerbottle.com\\\/ru\\\/%d0%bf%d1%80%d0%be%d0%b4%d1%83%d0%ba%d1%82%d1%8b\\\/%d1%82%d0%b5%d1%80%d0%bc%d0%be%d1%81-%d0%b1%d1%83%d1%82%d1%8b%d0%bb%d0%ba%d0%b0-%d0%b4%d0%bb%d1%8f-%d0%b2%d0%be%d0%b4%d1%8b-%d0%b4%d0%bb%d1%8f-%d0%b4%d0%b5%d1%82%d0%b5%d0%b9#primaryimage\",\"url\":\"https:\\\/\\\/www.dillerbottle.com\\\/wp-content\\\/uploads\\\/2024\\\/09\\\/thermos-insulated-water-bottle-for-kids45148961853.jpg\",\"contentUrl\":\"https:\\\/\\\/www.dillerbottle.com\\\/wp-content\\\/uploads\\\/2024\\\/09\\\/thermos-insulated-water-bottle-for-kids45148961853.jpg\",\"width\":730,\"height\":730},{\"@type\":\"BreadcrumbList\",\"@id\":\"https:\\\/\\\/www.dillerbottle.com\\\/ru\\\/%d0%bf%d1%80%d0%be%d0%b4%d1%83%d0%ba%d1%82%d1%8b\\\/%d1%82%d0%b5%d1%80%d0%bc%d0%be%d1%81-%d0%b1%d1%83%d1%82%d1%8b%d0%bb%d0%ba%d0%b0-%d0%b4%d0%bb%d1%8f-%d0%b2%d0%be%d0%b4%d1%8b-%d0%b4%d0%bb%d1%8f-%d0%b4%d0%b5%d1%82%d0%b5%d0%b9#breadcrumb\",\"itemListElement\":[{\"@type\":\"ListItem\",\"position\":1,\"name\":\"Home\",\"item\":\"https:\\\/\\\/www.dillerbottle.com\\\/\"},{\"@type\":\"ListItem\",\"position\":2,\"name\":\"Products\",\"item\":\"https:\\\/\\\/www.dillerbottle.com\\\/shop\"},{\"@type\":\"ListItem\",\"position\":3,\"name\":\"Thermos Insulated Water Bottle For Kids\"}]},{\"@type\":\"WebSite\",\"@id\":\"https:\\\/\\\/www.dillerbottle.com\\\/#website\",\"url\":\"https:\\\/\\\/www.dillerbottle.com\\\/\",\"name\":\"Diller Water Bottle Manufacturer\",\"description\":\"Water Bottle Manufacturer\",\"publisher\":{\"@id\":\"https:\\\/\\\/www.dillerbottle.com\\\/#organization\"},\"potentialAction\":[{\"@type\":\"SearchAction\",\"target\":{\"@type\":\"EntryPoint\",\"urlTemplate\":\"https:\\\/\\\/www.dillerbottle.com\\\/?s={search_term_string}\"},\"query-input\":{\"@type\":\"PropertyValueSpecification\",\"valueRequired\":true,\"valueName\":\"search_term_string\"}}],\"inLanguage\":\"nl-NL\"},{\"@type\":\"Organization\",\"@id\":\"https:\\\/\\\/www.dillerbottle.com\\\/#organization\",\"name\":\"Diller Water Bottle Manufacturer\",\"url\":\"https:\\\/\\\/www.dillerbottle.com\\\/\",\"logo\":{\"@type\":\"ImageObject\",\"inLanguage\":\"nl-NL\",\"@id\":\"https:\\\/\\\/www.dillerbottle.com\\\/#\\\/schema\\\/logo\\\/image\\\/\",\"url\":\"https:\\\/\\\/www.dillerbottle.com\\\/wp-content\\\/uploads\\\/2024\\\/09\\\/49918bfa848dcc1e9f8b509933603ac.png\",\"contentUrl\":\"https:\\\/\\\/www.dillerbottle.com\\\/wp-content\\\/uploads\\\/2024\\\/09\\\/49918bfa848dcc1e9f8b509933603ac.png\",\"width\":988,\"height\":198,\"caption\":\"Diller Water Bottle Manufacturer\"},\"image\":{\"@id\":\"https:\\\/\\\/www.dillerbottle.com\\\/#\\\/schema\\\/logo\\\/image\\\/\"}}]}<\/script>\n<!-- \/ Yoast SEO Premium plugin. -->","yoast_head_json":{"title":"Thermos ge\u00efsoleerde waterfles voor kinderen - Diller waterflesfabrikant","description":"Als een van de beste fabrikanten en leveranciers van thermos ge\u00efsoleerde waterflessen voor kinderen, zijn wij bezig met het produceren van waterflessen van goede kwaliteit. Wij heten u van harte welkom om bij ons thermos ge\u00efsoleerde waterflessen voor kinderen te kopen tegen een concurrerende prijs. Ook zijn kleine hoeveelheden acceptabel.","robots":{"index":"index","follow":"follow","max-snippet":"max-snippet:-1","max-image-preview":"max-image-preview:large","max-video-preview":"max-video-preview:-1"},"canonical":"https:\/\/www.dillerbottle.com\/nl\/producten\/thermos-geisoleerde-waterfles-voor-kinderen","og_locale":"nl_NL","og_type":"article","og_title":"Thermos Insulated Water Bottle For Kids","og_description":"As one of the best thermos insulated water bottle for kids manufacturers and suppliers, we are engaged in manufacturing good quality water bottles. We warmly welcome you to wholesale or buy custom made thermos insulated water bottle for kids at competitive price from us. Also, small quantity orders are acceptable.","og_url":"https:\/\/www.dillerbottle.com\/nl\/producten\/thermos-geisoleerde-waterfles-voor-kinderen","og_site_name":"Diller Water Bottle Manufacturer","article_modified_time":"2025-07-10T07:09:08+00:00","og_image":[{"width":730,"height":730,"url":"https:\/\/www.dillerbottle.com\/wp-content\/uploads\/2024\/09\/thermos-insulated-water-bottle-for-kids45148961853.jpg","type":"image\/jpeg"}],"twitter_card":"summary_large_image","twitter_misc":{"Verwachte leestijd":"3 minuten"},"schema":{"@context":"https:\/\/schema.org","@graph":[{"@type":"WebPage","@id":"https:\/\/www.dillerbottle.com\/ru\/%d0%bf%d1%80%d0%be%d0%b4%d1%83%d0%ba%d1%82%d1%8b\/%d1%82%d0%b5%d1%80%d0%bc%d0%be%d1%81-%d0%b1%d1%83%d1%82%d1%8b%d0%bb%d0%ba%d0%b0-%d0%b4%d0%bb%d1%8f-%d0%b2%d0%be%d0%b4%d1%8b-%d0%b4%d0%bb%d1%8f-%d0%b4%d0%b5%d1%82%d0%b5%d0%b9","url":"https:\/\/www.dillerbottle.com\/ru\/%d0%bf%d1%80%d0%be%d0%b4%d1%83%d0%ba%d1%82%d1%8b\/%d1%82%d0%b5%d1%80%d0%bc%d0%be%d1%81-%d0%b1%d1%83%d1%82%d1%8b%d0%bb%d0%ba%d0%b0-%d0%b4%d0%bb%d1%8f-%d0%b2%d0%be%d0%b4%d1%8b-%d0%b4%d0%bb%d1%8f-%d0%b4%d0%b5%d1%82%d0%b5%d0%b9","name":"Thermos ge\u00efsoleerde waterfles voor kinderen - Diller waterflesfabrikant","isPartOf":{"@id":"https:\/\/www.dillerbottle.com\/#website"},"primaryImageOfPage":{"@id":"https:\/\/www.dillerbottle.com\/ru\/%d0%bf%d1%80%d0%be%d0%b4%d1%83%d0%ba%d1%82%d1%8b\/%d1%82%d0%b5%d1%80%d0%bc%d0%be%d1%81-%d0%b1%d1%83%d1%82%d1%8b%d0%bb%d0%ba%d0%b0-%d0%b4%d0%bb%d1%8f-%d0%b2%d0%be%d0%b4%d1%8b-%d0%b4%d0%bb%d1%8f-%d0%b4%d0%b5%d1%82%d0%b5%d0%b9#primaryimage"},"image":{"@id":"https:\/\/www.dillerbottle.com\/ru\/%d0%bf%d1%80%d0%be%d0%b4%d1%83%d0%ba%d1%82%d1%8b\/%d1%82%d0%b5%d1%80%d0%bc%d0%be%d1%81-%d0%b1%d1%83%d1%82%d1%8b%d0%bb%d0%ba%d0%b0-%d0%b4%d0%bb%d1%8f-%d0%b2%d0%be%d0%b4%d1%8b-%d0%b4%d0%bb%d1%8f-%d0%b4%d0%b5%d1%82%d0%b5%d0%b9#primaryimage"},"thumbnailUrl":"https:\/\/www.dillerbottle.com\/wp-content\/uploads\/2024\/09\/thermos-insulated-water-bottle-for-kids45148961853.jpg","datePublished":"2024-09-26T08:33:22+00:00","dateModified":"2025-07-10T07:09:08+00:00","description":"Als een van de beste fabrikanten en leveranciers van thermos ge\u00efsoleerde waterflessen voor kinderen, zijn wij bezig met het produceren van waterflessen van goede kwaliteit. Wij heten u van harte welkom om bij ons thermos ge\u00efsoleerde waterflessen voor kinderen te kopen tegen een concurrerende prijs. Ook zijn kleine hoeveelheden acceptabel.","breadcrumb":{"@id":"https:\/\/www.dillerbottle.com\/ru\/%d0%bf%d1%80%d0%be%d0%b4%d1%83%d0%ba%d1%82%d1%8b\/%d1%82%d0%b5%d1%80%d0%bc%d0%be%d1%81-%d0%b1%d1%83%d1%82%d1%8b%d0%bb%d0%ba%d0%b0-%d0%b4%d0%bb%d1%8f-%d0%b2%d0%be%d0%b4%d1%8b-%d0%b4%d0%bb%d1%8f-%d0%b4%d0%b5%d1%82%d0%b5%d0%b9#breadcrumb"},"inLanguage":"nl-NL","potentialAction":[{"@type":"ReadAction","target":["https:\/\/www.dillerbottle.com\/ru\/%d0%bf%d1%80%d0%be%d0%b4%d1%83%d0%ba%d1%82%d1%8b\/%d1%82%d0%b5%d1%80%d0%bc%d0%be%d1%81-%d0%b1%d1%83%d1%82%d1%8b%d0%bb%d0%ba%d0%b0-%d0%b4%d0%bb%d1%8f-%d0%b2%d0%be%d0%b4%d1%8b-%d0%b4%d0%bb%d1%8f-%d0%b4%d0%b5%d1%82%d0%b5%d0%b9"]}]},{"@type":"ImageObject","inLanguage":"nl-NL","@id":"https:\/\/www.dillerbottle.com\/ru\/%d0%bf%d1%80%d0%be%d0%b4%d1%83%d0%ba%d1%82%d1%8b\/%d1%82%d0%b5%d1%80%d0%bc%d0%be%d1%81-%d0%b1%d1%83%d1%82%d1%8b%d0%bb%d0%ba%d0%b0-%d0%b4%d0%bb%d1%8f-%d0%b2%d0%be%d0%b4%d1%8b-%d0%b4%d0%bb%d1%8f-%d0%b4%d0%b5%d1%82%d0%b5%d0%b9#primaryimage","url":"https:\/\/www.dillerbottle.com\/wp-content\/uploads\/2024\/09\/thermos-insulated-water-bottle-for-kids45148961853.jpg","contentUrl":"https:\/\/www.dillerbottle.com\/wp-content\/uploads\/2024\/09\/thermos-insulated-water-bottle-for-kids45148961853.jpg","width":730,"height":730},{"@type":"BreadcrumbList","@id":"https:\/\/www.dillerbottle.com\/ru\/%d0%bf%d1%80%d0%be%d0%b4%d1%83%d0%ba%d1%82%d1%8b\/%d1%82%d0%b5%d1%80%d0%bc%d0%be%d1%81-%d0%b1%d1%83%d1%82%d1%8b%d0%bb%d0%ba%d0%b0-%d0%b4%d0%bb%d1%8f-%d0%b2%d0%be%d0%b4%d1%8b-%d0%b4%d0%bb%d1%8f-%d0%b4%d0%b5%d1%82%d0%b5%d0%b9#breadcrumb","itemListElement":[{"@type":"ListItem","position":1,"name":"Home","item":"https:\/\/www.dillerbottle.com\/"},{"@type":"ListItem","position":2,"name":"Products","item":"https:\/\/www.dillerbottle.com\/shop"},{"@type":"ListItem","position":3,"name":"Thermos Insulated Water Bottle For Kids"}]},{"@type":"WebSite","@id":"https:\/\/www.dillerbottle.com\/#website","url":"https:\/\/www.dillerbottle.com\/","name":"Diller Waterfles Fabrikant","description":"Fabrikant van waterflessen","publisher":{"@id":"https:\/\/www.dillerbottle.com\/#organization"},"potentialAction":[{"@type":"SearchAction","target":{"@type":"EntryPoint","urlTemplate":"https:\/\/www.dillerbottle.com\/?s={search_term_string}"},"query-input":{"@type":"PropertyValueSpecification","valueRequired":true,"valueName":"search_term_string"}}],"inLanguage":"nl-NL"},{"@type":"Organization","@id":"https:\/\/www.dillerbottle.com\/#organization","name":"Diller Waterfles Fabrikant","url":"https:\/\/www.dillerbottle.com\/","logo":{"@type":"ImageObject","inLanguage":"nl-NL","@id":"https:\/\/www.dillerbottle.com\/#\/schema\/logo\/image\/","url":"https:\/\/www.dillerbottle.com\/wp-content\/uploads\/2024\/09\/49918bfa848dcc1e9f8b509933603ac.png","contentUrl":"https:\/\/www.dillerbottle.com\/wp-content\/uploads\/2024\/09\/49918bfa848dcc1e9f8b509933603ac.png","width":988,"height":198,"caption":"Diller Water Bottle Manufacturer"},"image":{"@id":"https:\/\/www.dillerbottle.com\/#\/schema\/logo\/image\/"}}]}},"_links":{"self":[{"href":"https:\/\/www.dillerbottle.com\/nl\/wp-json\/wp\/v2\/product\/3934","targetHints":{"allow":["GET"]}}],"collection":[{"href":"https:\/\/www.dillerbottle.com\/nl\/wp-json\/wp\/v2\/product"}],"about":[{"href":"https:\/\/www.dillerbottle.com\/nl\/wp-json\/wp\/v2\/types\/product"}],"replies":[{"embeddable":true,"href":"https:\/\/www.dillerbottle.com\/nl\/wp-json\/wp\/v2\/comments?post=3934"}],"wp:featuredmedia":[{"embeddable":true,"href":"https:\/\/www.dillerbottle.com\/nl\/wp-json\/wp\/v2\/media\/3935"}],"wp:attachment":[{"href":"https:\/\/www.dillerbottle.com\/nl\/wp-json\/wp\/v2\/media?parent=3934"}],"wp:term":[{"taxonomy":"product_brand","embeddable":true,"href":"https:\/\/www.dillerbottle.com\/nl\/wp-json\/wp\/v2\/product_brand?post=3934"},{"taxonomy":"product_cat","embeddable":true,"href":"https:\/\/www.dillerbottle.com\/nl\/wp-json\/wp\/v2\/product_cat?post=3934"},{"taxonomy":"product_tag","embeddable":true,"href":"https:\/\/www.dillerbottle.com\/nl\/wp-json\/wp\/v2\/product_tag?post=3934"}],"curies":[{"name":"wp","href":"https:\/\/api.w.org\/{rel}","templated":true}]}}