{"id":4491,"date":"2024-09-27T17:45:25","date_gmt":"2024-09-27T09:45:25","guid":{"rendered":"https:\/\/demo.dillerbottle.com\/uncategorized\/gradient-color-plastic-water-bottles"},"modified":"2025-07-10T14:21:37","modified_gmt":"2025-07-10T06:21:37","slug":"plastic-waterflessen-met-kleurverloop","status":"publish","type":"product","link":"https:\/\/www.dillerbottle.com\/nl\/products\/gradient-color-plastic-water-bottles","title":{"rendered":"Plastic waterflessen met kleurverloop"},"content":{"rendered":"<p>1. De plastic waterflessen met kleurverloop zijn gemaakt van Tritan-materiaal. Tritan heeft een hoge hittebestendigheid en slagvastheid. Veilig en onschadelijk, vrij van schadelijke stoffen zoals BPA. De oogverblindende kleurverloopfles is een must-have eye-catching tool als je uitgaat.<\/p>\n<p>2. E\u00e9n deksel dubbele drinkmethode, kan worden geconsumeerd door een rietje of direct. De beker heeft een verzegelde siliconen ring en zal niet lekken, zelfs niet als hij 360 \u00b0 wordt omgedraaid.<\/p>\n<p>3. Zowel het deksel als de body van de beker zijn voorzien van een handvat. Ook zit er een verstelbare riem bij, wat de beker gemakkelijk mee te nemen en te reizen maakt.<\/p>\n<p>OEM en ODM acceptabel.<br \/>\nWij kunnen de waterfles aanpassen aan uw wensen.<br \/>\nWelkom bij groothandelsaankopen, stuur nu een aanvraag!<\/p>\n<p><iframe title=\"Draagbare sport- en fitnesswaterfles Eco-vriendelijke Tritan BPA-vrije plastic waterfles met rietje D2313\" width=\"800\" height=\"600\" src=\"https:\/\/www.youtube.com\/embed\/Z9p9-E-33Ro?feature=oembed\" frameborder=\"0\" allow=\"accelerometer; autoplay; clipboard-write; encrypted-media; gyroscope; picture-in-picture; web-share\" referrerpolicy=\"strict-origin-when-cross-origin\" allowfullscreen><\/iframe><\/p>","protected":false},"excerpt":{"rendered":"<p>Deze plastic waterflessen met kleurverloop zijn gemaakt van duurzaam Tritan en materialen die geschikt zijn voor levensmiddelen.<br \/>\nJe kunt een rietje gebruiken om water te drinken, maar je kunt ook rechtstreeks uit de mond drinken.<br \/>\nHet morsbestendige deksel met \u00e9\u00e9n klik kan eenvoudig worden geopend met \u00e9\u00e9n druk op de knop.<br \/>\nDe fles heeft een handvat, waardoor hij gemakkelijk te dragen is.<br \/>\nOEM en ODM acceptabel.<br \/>\nWij kunnen de plastic sportfles aanpassen aan uw wensen.<br \/>\nWelkom bij groothandelsaankopen, stuur nu een aanvraag!<\/p>","protected":false},"featured_media":4492,"comment_status":"open","ping_status":"closed","template":"","meta":{"_acf_changed":false},"product_brand":[],"product_cat":[309],"product_tag":[32,36,33,31,39,38,341,343,29,37,344,34,35,28,342,346,345,30,323],"class_list":{"0":"post-4491","1":"product","2":"type-product","3":"status-publish","4":"has-post-thumbnail","6":"product_cat-plastic-water-bottle","7":"product_tag-best","8":"product_tag-bulk","9":"product_tag-buy","10":"product_tag-custom","11":"product_tag-for-sale","12":"product_tag-good-quality","13":"product_tag-gradient-color-plastic-water-bottles","14":"product_tag-green-plastic-wide-mouth-water-sports-bottle","15":"product_tag-manufacturers","16":"product_tag-manufacturing","17":"product_tag-motivational-water-bottles-with-straw","18":"product_tag-price","19":"product_tag-small","20":"product_tag-suppliers","21":"product_tag-tritan-plastic-water-bottle","22":"product_tag-tumbler-water-bottle","23":"product_tag-water-bottle-2-litre","24":"product_tag-wholesale","25":"product_tag-wholesale-cute-water-bottles","27":"first","28":"instock","29":"shipping-taxable","30":"product-type-simple"},"acf":[],"yoast_head":"<!-- This site is optimized with the Yoast SEO Premium plugin v27.5 (Yoast SEO v27.5) - https:\/\/yoast.com\/product\/yoast-seo-premium-wordpress\/ -->\n<title>Gradient Color Plastic Water Bottles - Diller Water Bottle Manufacturer<\/title>\n<meta name=\"description\" content=\"As one of the best gradient color plastic water bottles manufacturers and suppliers, we are engaged in manufacturing good quality water bottles. We warmly welcome you to wholesale or buy custom made gradient color plastic water bottles at competitive price from us. Also, small quantity orders are acceptable.\" \/>\n<meta name=\"robots\" content=\"index, follow, max-snippet:-1, max-image-preview:large, max-video-preview:-1\" \/>\n<link rel=\"canonical\" href=\"https:\/\/www.dillerbottle.com\/nl\/producten\/plastic-waterflessen-met-kleurverloop\" \/>\n<meta property=\"og:locale\" content=\"nl_NL\" \/>\n<meta property=\"og:type\" content=\"article\" \/>\n<meta property=\"og:title\" content=\"Gradient Color Plastic Water Bottles\" \/>\n<meta property=\"og:description\" content=\"As one of the best gradient color plastic water bottles manufacturers and suppliers, we are engaged in manufacturing good quality water bottles. We warmly welcome you to wholesale or buy custom made gradient color plastic water bottles at competitive price from us. Also, small quantity orders are acceptable.\" \/>\n<meta property=\"og:url\" content=\"https:\/\/www.dillerbottle.com\/nl\/producten\/plastic-waterflessen-met-kleurverloop\" \/>\n<meta property=\"og:site_name\" content=\"Diller Water Bottle Manufacturer\" \/>\n<meta property=\"article:modified_time\" content=\"2025-07-10T06:21:37+00:00\" \/>\n<meta property=\"og:image\" content=\"https:\/\/www.dillerbottle.com\/wp-content\/uploads\/2024\/09\/gradient-color-plastic-water-bottlese43af043-3560-4bb3-8e52-0392acda6be8.jpg\" \/>\n\t<meta property=\"og:image:width\" content=\"730\" \/>\n\t<meta property=\"og:image:height\" content=\"730\" \/>\n\t<meta property=\"og:image:type\" content=\"image\/jpeg\" \/>\n<meta name=\"twitter:card\" content=\"summary_large_image\" \/>\n<meta name=\"twitter:label1\" content=\"Verwachte leestijd\" \/>\n\t<meta name=\"twitter:data1\" content=\"6 minuten\" \/>\n<script type=\"application\/ld+json\" class=\"yoast-schema-graph\">{\"@context\":\"https:\\\/\\\/schema.org\",\"@graph\":[{\"@type\":\"WebPage\",\"@id\":\"https:\\\/\\\/www.dillerbottle.com\\\/ko\\\/%ec%a0%9c%ed%92%88\\\/%ea%b7%b8%eb%9d%bc%eb%8d%b0%ec%9d%b4%ec%85%98-%ec%bb%ac%eb%9f%ac-%ed%94%8c%eb%9d%bc%ec%8a%a4%ed%8b%b1-%eb%ac%bc%eb%b3%91\",\"url\":\"https:\\\/\\\/www.dillerbottle.com\\\/ko\\\/%ec%a0%9c%ed%92%88\\\/%ea%b7%b8%eb%9d%bc%eb%8d%b0%ec%9d%b4%ec%85%98-%ec%bb%ac%eb%9f%ac-%ed%94%8c%eb%9d%bc%ec%8a%a4%ed%8b%b1-%eb%ac%bc%eb%b3%91\",\"name\":\"Gradient Color Plastic Water Bottles - Diller Water Bottle Manufacturer\",\"isPartOf\":{\"@id\":\"https:\\\/\\\/www.dillerbottle.com\\\/#website\"},\"primaryImageOfPage\":{\"@id\":\"https:\\\/\\\/www.dillerbottle.com\\\/ko\\\/%ec%a0%9c%ed%92%88\\\/%ea%b7%b8%eb%9d%bc%eb%8d%b0%ec%9d%b4%ec%85%98-%ec%bb%ac%eb%9f%ac-%ed%94%8c%eb%9d%bc%ec%8a%a4%ed%8b%b1-%eb%ac%bc%eb%b3%91#primaryimage\"},\"image\":{\"@id\":\"https:\\\/\\\/www.dillerbottle.com\\\/ko\\\/%ec%a0%9c%ed%92%88\\\/%ea%b7%b8%eb%9d%bc%eb%8d%b0%ec%9d%b4%ec%85%98-%ec%bb%ac%eb%9f%ac-%ed%94%8c%eb%9d%bc%ec%8a%a4%ed%8b%b1-%eb%ac%bc%eb%b3%91#primaryimage\"},\"thumbnailUrl\":\"https:\\\/\\\/www.dillerbottle.com\\\/wp-content\\\/uploads\\\/2024\\\/09\\\/gradient-color-plastic-water-bottlese43af043-3560-4bb3-8e52-0392acda6be8.jpg\",\"datePublished\":\"2024-09-27T09:45:25+00:00\",\"dateModified\":\"2025-07-10T06:21:37+00:00\",\"description\":\"As one of the best gradient color plastic water bottles manufacturers and suppliers, we are engaged in manufacturing good quality water bottles. We warmly welcome you to wholesale or buy custom made gradient color plastic water bottles at competitive price from us. Also, small quantity orders are acceptable.\",\"breadcrumb\":{\"@id\":\"https:\\\/\\\/www.dillerbottle.com\\\/ko\\\/%ec%a0%9c%ed%92%88\\\/%ea%b7%b8%eb%9d%bc%eb%8d%b0%ec%9d%b4%ec%85%98-%ec%bb%ac%eb%9f%ac-%ed%94%8c%eb%9d%bc%ec%8a%a4%ed%8b%b1-%eb%ac%bc%eb%b3%91#breadcrumb\"},\"inLanguage\":\"nl-NL\",\"potentialAction\":[{\"@type\":\"ReadAction\",\"target\":[\"https:\\\/\\\/www.dillerbottle.com\\\/ko\\\/%ec%a0%9c%ed%92%88\\\/%ea%b7%b8%eb%9d%bc%eb%8d%b0%ec%9d%b4%ec%85%98-%ec%bb%ac%eb%9f%ac-%ed%94%8c%eb%9d%bc%ec%8a%a4%ed%8b%b1-%eb%ac%bc%eb%b3%91\"]}]},{\"@type\":\"ImageObject\",\"inLanguage\":\"nl-NL\",\"@id\":\"https:\\\/\\\/www.dillerbottle.com\\\/ko\\\/%ec%a0%9c%ed%92%88\\\/%ea%b7%b8%eb%9d%bc%eb%8d%b0%ec%9d%b4%ec%85%98-%ec%bb%ac%eb%9f%ac-%ed%94%8c%eb%9d%bc%ec%8a%a4%ed%8b%b1-%eb%ac%bc%eb%b3%91#primaryimage\",\"url\":\"https:\\\/\\\/www.dillerbottle.com\\\/wp-content\\\/uploads\\\/2024\\\/09\\\/gradient-color-plastic-water-bottlese43af043-3560-4bb3-8e52-0392acda6be8.jpg\",\"contentUrl\":\"https:\\\/\\\/www.dillerbottle.com\\\/wp-content\\\/uploads\\\/2024\\\/09\\\/gradient-color-plastic-water-bottlese43af043-3560-4bb3-8e52-0392acda6be8.jpg\",\"width\":730,\"height\":730},{\"@type\":\"BreadcrumbList\",\"@id\":\"https:\\\/\\\/www.dillerbottle.com\\\/ko\\\/%ec%a0%9c%ed%92%88\\\/%ea%b7%b8%eb%9d%bc%eb%8d%b0%ec%9d%b4%ec%85%98-%ec%bb%ac%eb%9f%ac-%ed%94%8c%eb%9d%bc%ec%8a%a4%ed%8b%b1-%eb%ac%bc%eb%b3%91#breadcrumb\",\"itemListElement\":[{\"@type\":\"ListItem\",\"position\":1,\"name\":\"Home\",\"item\":\"https:\\\/\\\/www.dillerbottle.com\\\/\"},{\"@type\":\"ListItem\",\"position\":2,\"name\":\"Products\",\"item\":\"https:\\\/\\\/www.dillerbottle.com\\\/shop\"},{\"@type\":\"ListItem\",\"position\":3,\"name\":\"Gradient Color Plastic Water Bottles\"}]},{\"@type\":\"WebSite\",\"@id\":\"https:\\\/\\\/www.dillerbottle.com\\\/#website\",\"url\":\"https:\\\/\\\/www.dillerbottle.com\\\/\",\"name\":\"Diller Water Bottle Manufacturer\",\"description\":\"Water Bottle Manufacturer\",\"publisher\":{\"@id\":\"https:\\\/\\\/www.dillerbottle.com\\\/#organization\"},\"potentialAction\":[{\"@type\":\"SearchAction\",\"target\":{\"@type\":\"EntryPoint\",\"urlTemplate\":\"https:\\\/\\\/www.dillerbottle.com\\\/?s={search_term_string}\"},\"query-input\":{\"@type\":\"PropertyValueSpecification\",\"valueRequired\":true,\"valueName\":\"search_term_string\"}}],\"inLanguage\":\"nl-NL\"},{\"@type\":\"Organization\",\"@id\":\"https:\\\/\\\/www.dillerbottle.com\\\/#organization\",\"name\":\"Diller Water Bottle Manufacturer\",\"url\":\"https:\\\/\\\/www.dillerbottle.com\\\/\",\"logo\":{\"@type\":\"ImageObject\",\"inLanguage\":\"nl-NL\",\"@id\":\"https:\\\/\\\/www.dillerbottle.com\\\/#\\\/schema\\\/logo\\\/image\\\/\",\"url\":\"https:\\\/\\\/www.dillerbottle.com\\\/wp-content\\\/uploads\\\/2024\\\/09\\\/49918bfa848dcc1e9f8b509933603ac.png\",\"contentUrl\":\"https:\\\/\\\/www.dillerbottle.com\\\/wp-content\\\/uploads\\\/2024\\\/09\\\/49918bfa848dcc1e9f8b509933603ac.png\",\"width\":988,\"height\":198,\"caption\":\"Diller Water Bottle Manufacturer\"},\"image\":{\"@id\":\"https:\\\/\\\/www.dillerbottle.com\\\/#\\\/schema\\\/logo\\\/image\\\/\"}}]}<\/script>\n<!-- \/ Yoast SEO Premium plugin. -->","yoast_head_json":{"title":"Waterflessen van plastic met kleurverloop - Diller Waterflesfabrikant","description":"Als een van de beste fabrikanten en leveranciers van gradi\u00ebntkleuren plastic waterflessen, zijn wij bezig met het produceren van waterflessen van goede kwaliteit. Wij heten u van harte welkom om groothandel te kopen of op maat gemaakte gradi\u00ebntkleuren plastic waterflessen tegen een concurrerende prijs bij ons te kopen. Ook zijn kleine hoeveelheden toegestaan.","robots":{"index":"index","follow":"follow","max-snippet":"max-snippet:-1","max-image-preview":"max-image-preview:large","max-video-preview":"max-video-preview:-1"},"canonical":"https:\/\/www.dillerbottle.com\/nl\/producten\/plastic-waterflessen-met-kleurverloop","og_locale":"nl_NL","og_type":"article","og_title":"Gradient Color Plastic Water Bottles","og_description":"As one of the best gradient color plastic water bottles manufacturers and suppliers, we are engaged in manufacturing good quality water bottles. We warmly welcome you to wholesale or buy custom made gradient color plastic water bottles at competitive price from us. Also, small quantity orders are acceptable.","og_url":"https:\/\/www.dillerbottle.com\/nl\/producten\/plastic-waterflessen-met-kleurverloop","og_site_name":"Diller Water Bottle Manufacturer","article_modified_time":"2025-07-10T06:21:37+00:00","og_image":[{"width":730,"height":730,"url":"https:\/\/www.dillerbottle.com\/wp-content\/uploads\/2024\/09\/gradient-color-plastic-water-bottlese43af043-3560-4bb3-8e52-0392acda6be8.jpg","type":"image\/jpeg"}],"twitter_card":"summary_large_image","twitter_misc":{"Verwachte leestijd":"6 minuten"},"schema":{"@context":"https:\/\/schema.org","@graph":[{"@type":"WebPage","@id":"https:\/\/www.dillerbottle.com\/ko\/%ec%a0%9c%ed%92%88\/%ea%b7%b8%eb%9d%bc%eb%8d%b0%ec%9d%b4%ec%85%98-%ec%bb%ac%eb%9f%ac-%ed%94%8c%eb%9d%bc%ec%8a%a4%ed%8b%b1-%eb%ac%bc%eb%b3%91","url":"https:\/\/www.dillerbottle.com\/ko\/%ec%a0%9c%ed%92%88\/%ea%b7%b8%eb%9d%bc%eb%8d%b0%ec%9d%b4%ec%85%98-%ec%bb%ac%eb%9f%ac-%ed%94%8c%eb%9d%bc%ec%8a%a4%ed%8b%b1-%eb%ac%bc%eb%b3%91","name":"Waterflessen van plastic met kleurverloop - Diller Waterflesfabrikant","isPartOf":{"@id":"https:\/\/www.dillerbottle.com\/#website"},"primaryImageOfPage":{"@id":"https:\/\/www.dillerbottle.com\/ko\/%ec%a0%9c%ed%92%88\/%ea%b7%b8%eb%9d%bc%eb%8d%b0%ec%9d%b4%ec%85%98-%ec%bb%ac%eb%9f%ac-%ed%94%8c%eb%9d%bc%ec%8a%a4%ed%8b%b1-%eb%ac%bc%eb%b3%91#primaryimage"},"image":{"@id":"https:\/\/www.dillerbottle.com\/ko\/%ec%a0%9c%ed%92%88\/%ea%b7%b8%eb%9d%bc%eb%8d%b0%ec%9d%b4%ec%85%98-%ec%bb%ac%eb%9f%ac-%ed%94%8c%eb%9d%bc%ec%8a%a4%ed%8b%b1-%eb%ac%bc%eb%b3%91#primaryimage"},"thumbnailUrl":"https:\/\/www.dillerbottle.com\/wp-content\/uploads\/2024\/09\/gradient-color-plastic-water-bottlese43af043-3560-4bb3-8e52-0392acda6be8.jpg","datePublished":"2024-09-27T09:45:25+00:00","dateModified":"2025-07-10T06:21:37+00:00","description":"Als een van de beste fabrikanten en leveranciers van gradi\u00ebntkleuren plastic waterflessen, zijn wij bezig met het produceren van waterflessen van goede kwaliteit. Wij heten u van harte welkom om groothandel te kopen of op maat gemaakte gradi\u00ebntkleuren plastic waterflessen tegen een concurrerende prijs bij ons te kopen. Ook zijn kleine hoeveelheden toegestaan.","breadcrumb":{"@id":"https:\/\/www.dillerbottle.com\/ko\/%ec%a0%9c%ed%92%88\/%ea%b7%b8%eb%9d%bc%eb%8d%b0%ec%9d%b4%ec%85%98-%ec%bb%ac%eb%9f%ac-%ed%94%8c%eb%9d%bc%ec%8a%a4%ed%8b%b1-%eb%ac%bc%eb%b3%91#breadcrumb"},"inLanguage":"nl-NL","potentialAction":[{"@type":"ReadAction","target":["https:\/\/www.dillerbottle.com\/ko\/%ec%a0%9c%ed%92%88\/%ea%b7%b8%eb%9d%bc%eb%8d%b0%ec%9d%b4%ec%85%98-%ec%bb%ac%eb%9f%ac-%ed%94%8c%eb%9d%bc%ec%8a%a4%ed%8b%b1-%eb%ac%bc%eb%b3%91"]}]},{"@type":"ImageObject","inLanguage":"nl-NL","@id":"https:\/\/www.dillerbottle.com\/ko\/%ec%a0%9c%ed%92%88\/%ea%b7%b8%eb%9d%bc%eb%8d%b0%ec%9d%b4%ec%85%98-%ec%bb%ac%eb%9f%ac-%ed%94%8c%eb%9d%bc%ec%8a%a4%ed%8b%b1-%eb%ac%bc%eb%b3%91#primaryimage","url":"https:\/\/www.dillerbottle.com\/wp-content\/uploads\/2024\/09\/gradient-color-plastic-water-bottlese43af043-3560-4bb3-8e52-0392acda6be8.jpg","contentUrl":"https:\/\/www.dillerbottle.com\/wp-content\/uploads\/2024\/09\/gradient-color-plastic-water-bottlese43af043-3560-4bb3-8e52-0392acda6be8.jpg","width":730,"height":730},{"@type":"BreadcrumbList","@id":"https:\/\/www.dillerbottle.com\/ko\/%ec%a0%9c%ed%92%88\/%ea%b7%b8%eb%9d%bc%eb%8d%b0%ec%9d%b4%ec%85%98-%ec%bb%ac%eb%9f%ac-%ed%94%8c%eb%9d%bc%ec%8a%a4%ed%8b%b1-%eb%ac%bc%eb%b3%91#breadcrumb","itemListElement":[{"@type":"ListItem","position":1,"name":"Home","item":"https:\/\/www.dillerbottle.com\/"},{"@type":"ListItem","position":2,"name":"Products","item":"https:\/\/www.dillerbottle.com\/shop"},{"@type":"ListItem","position":3,"name":"Gradient Color Plastic Water Bottles"}]},{"@type":"WebSite","@id":"https:\/\/www.dillerbottle.com\/#website","url":"https:\/\/www.dillerbottle.com\/","name":"Diller Waterfles Fabrikant","description":"Fabrikant van waterflessen","publisher":{"@id":"https:\/\/www.dillerbottle.com\/#organization"},"potentialAction":[{"@type":"SearchAction","target":{"@type":"EntryPoint","urlTemplate":"https:\/\/www.dillerbottle.com\/?s={search_term_string}"},"query-input":{"@type":"PropertyValueSpecification","valueRequired":true,"valueName":"search_term_string"}}],"inLanguage":"nl-NL"},{"@type":"Organization","@id":"https:\/\/www.dillerbottle.com\/#organization","name":"Diller Waterfles Fabrikant","url":"https:\/\/www.dillerbottle.com\/","logo":{"@type":"ImageObject","inLanguage":"nl-NL","@id":"https:\/\/www.dillerbottle.com\/#\/schema\/logo\/image\/","url":"https:\/\/www.dillerbottle.com\/wp-content\/uploads\/2024\/09\/49918bfa848dcc1e9f8b509933603ac.png","contentUrl":"https:\/\/www.dillerbottle.com\/wp-content\/uploads\/2024\/09\/49918bfa848dcc1e9f8b509933603ac.png","width":988,"height":198,"caption":"Diller Water Bottle Manufacturer"},"image":{"@id":"https:\/\/www.dillerbottle.com\/#\/schema\/logo\/image\/"}}]}},"_links":{"self":[{"href":"https:\/\/www.dillerbottle.com\/nl\/wp-json\/wp\/v2\/product\/4491","targetHints":{"allow":["GET"]}}],"collection":[{"href":"https:\/\/www.dillerbottle.com\/nl\/wp-json\/wp\/v2\/product"}],"about":[{"href":"https:\/\/www.dillerbottle.com\/nl\/wp-json\/wp\/v2\/types\/product"}],"replies":[{"embeddable":true,"href":"https:\/\/www.dillerbottle.com\/nl\/wp-json\/wp\/v2\/comments?post=4491"}],"wp:featuredmedia":[{"embeddable":true,"href":"https:\/\/www.dillerbottle.com\/nl\/wp-json\/wp\/v2\/media\/4492"}],"wp:attachment":[{"href":"https:\/\/www.dillerbottle.com\/nl\/wp-json\/wp\/v2\/media?parent=4491"}],"wp:term":[{"taxonomy":"product_brand","embeddable":true,"href":"https:\/\/www.dillerbottle.com\/nl\/wp-json\/wp\/v2\/product_brand?post=4491"},{"taxonomy":"product_cat","embeddable":true,"href":"https:\/\/www.dillerbottle.com\/nl\/wp-json\/wp\/v2\/product_cat?post=4491"},{"taxonomy":"product_tag","embeddable":true,"href":"https:\/\/www.dillerbottle.com\/nl\/wp-json\/wp\/v2\/product_tag?post=4491"}],"curies":[{"name":"wp","href":"https:\/\/api.w.org\/{rel}","templated":true}]}}