{"id":5805,"date":"2024-09-27T18:01:43","date_gmt":"2024-09-27T10:01:43","guid":{"rendered":"https:\/\/demo.dillerbottle.com\/uncategorized\/empty-plastic-water-bottles"},"modified":"2025-07-09T18:03:31","modified_gmt":"2025-07-09T10:03:31","slug":"lege-plastic-waterflessen","status":"publish","type":"product","link":"https:\/\/www.dillerbottle.com\/nl\/products\/empty-plastic-water-bottles","title":{"rendered":"Lege plastic waterflessen"},"content":{"rendered":"<p>Functies :<br \/>\n1. Met het flip-top deksel van de Tritan Sportfles kun je snel wat drinken tijdens het hardlopen, trainen of in het midden van de wedstrijd. 100% lekvrije deksel om lekken en morsen te voorkomen. Het is een leuke sport bidon voor de sportschool, yoga, hardlopers, atleten, MMA, Crossfit, reizen, wandelen, fietsen, tennis, kamperen, kantoor of buiten.<\/p>\n<p>2. 100% Niet-toxisch en BPA-vrij \u2013 Gemaakt van hoogwaardig duurzaam Eastman Tritan copolyester toxinevrij food grade plastic dat bestand is tegen zware omstandigheden. Milieuvriendelijk, recyclebaar, herbruikbaar, navulbaar en breukvast.<\/p>\n<p>3. Het morsbestendige deksel met \u00e9\u00e9n klik kan eenvoudig worden geopend met \u00e9\u00e9n druk op de knop.<\/p>\n<p>4. De stijlvolle en ergonomisch gevormde Tritan Sports Bottle past comfortabel in uw hand en past perfect in uw bekerhouder of bidonhouder voor op de fiets. Verkrijgbaar in een grote 850ml-maat of een kleine 550ml-maat, perfect voor het leven onderweg.<br \/>\n;<br \/>\n;<\/p>","protected":false},"excerpt":{"rendered":"<p>Deze lege plastic waterflessen zijn gemaakt van duurzaam Tritan en materialen die geschikt zijn voor levensmiddelen.<br \/>\nHet handvat boven het deksel van de beker is handiger om te dragen.<br \/>\nHet morsbestendige deksel met \u00e9\u00e9n klik kan eenvoudig worden geopend met \u00e9\u00e9n druk op de knop.<br \/>\nOEM en ODM acceptabel.<br \/>\nWij kunnen de plastic sportfles aanpassen aan uw wensen.<br \/>\nWelkom bij groothandelsaankopen, stuur nu een aanvraag!<\/p>","protected":false},"featured_media":5806,"comment_status":"open","ping_status":"closed","template":"","meta":{"_acf_changed":false},"product_brand":[],"product_cat":[309],"product_tag":[434,32,36,33,379,31,483,39,420,38,29,37,358,34,416,373,35,28,30],"class_list":{"0":"post-5805","1":"product","2":"type-product","3":"status-publish","4":"has-post-thumbnail","6":"product_cat-plastic-water-bottle","7":"product_tag-1-litre-water-bottle","8":"product_tag-best","9":"product_tag-bulk","10":"product_tag-buy","11":"product_tag-clear-water-bottle-with-straw","12":"product_tag-custom","13":"product_tag-empty-plastic-water-bottles","14":"product_tag-for-sale","15":"product_tag-frosted-square-water-bottles","16":"product_tag-good-quality","17":"product_tag-manufacturers","18":"product_tag-manufacturing","19":"product_tag-plastic-water-bottles-wholesale","20":"product_tag-price","21":"product_tag-quality-water-bottles","22":"product_tag-slim-water-bottle-with-straw","23":"product_tag-small","24":"product_tag-suppliers","25":"product_tag-wholesale","27":"first","28":"instock","29":"shipping-taxable","30":"product-type-simple"},"acf":[],"yoast_head":"<!-- This site is optimized with the Yoast SEO Premium plugin v27.5 (Yoast SEO v27.5) - https:\/\/yoast.com\/product\/yoast-seo-premium-wordpress\/ -->\n<title>Empty Plastic Water Bottles - Diller Water Bottle Manufacturer<\/title>\n<meta name=\"description\" content=\"As one of the best empty plastic water bottles manufacturers and suppliers, we are engaged in manufacturing good quality water bottles. We warmly welcome you to wholesale or buy custom made empty plastic water bottles at competitive price from us. Also, small quantity orders are acceptable.\" \/>\n<meta name=\"robots\" content=\"index, follow, max-snippet:-1, max-image-preview:large, max-video-preview:-1\" \/>\n<link rel=\"canonical\" href=\"https:\/\/www.dillerbottle.com\/nl\/producten\/lege-plastic-waterflessen\" \/>\n<meta property=\"og:locale\" content=\"nl_NL\" \/>\n<meta property=\"og:type\" content=\"article\" \/>\n<meta property=\"og:title\" content=\"Empty Plastic Water Bottles\" \/>\n<meta property=\"og:description\" content=\"As one of the best empty plastic water bottles manufacturers and suppliers, we are engaged in manufacturing good quality water bottles. We warmly welcome you to wholesale or buy custom made empty plastic water bottles at competitive price from us. Also, small quantity orders are acceptable.\" \/>\n<meta property=\"og:url\" content=\"https:\/\/www.dillerbottle.com\/nl\/producten\/lege-plastic-waterflessen\" \/>\n<meta property=\"og:site_name\" content=\"Diller Water Bottle Manufacturer\" \/>\n<meta property=\"article:modified_time\" content=\"2025-07-09T10:03:31+00:00\" \/>\n<meta property=\"og:image\" content=\"https:\/\/www.dillerbottle.com\/wp-content\/uploads\/2024\/09\/empty-plastic-water-bottles44566.jpg\" \/>\n\t<meta property=\"og:image:width\" content=\"730\" \/>\n\t<meta property=\"og:image:height\" content=\"730\" \/>\n\t<meta property=\"og:image:type\" content=\"image\/jpeg\" \/>\n<meta name=\"twitter:card\" content=\"summary_large_image\" \/>\n<meta name=\"twitter:label1\" content=\"Verwachte leestijd\" \/>\n\t<meta name=\"twitter:data1\" content=\"6 minuten\" \/>\n<script type=\"application\/ld+json\" class=\"yoast-schema-graph\">{\"@context\":\"https:\\\/\\\/schema.org\",\"@graph\":[{\"@type\":\"WebPage\",\"@id\":\"https:\\\/\\\/www.dillerbottle.com\\\/ru\\\/%d0%bf%d1%80%d0%be%d0%b4%d1%83%d0%ba%d1%82%d1%8b\\\/%d0%bf%d1%83%d1%81%d1%82%d1%8b%d0%b5-%d0%bf%d0%bb%d0%b0%d1%81%d1%82%d0%b8%d0%ba%d0%be%d0%b2%d1%8b%d0%b5-%d0%b1%d1%83%d1%82%d1%8b%d0%bb%d0%ba%d0%b8-%d0%b8%d0%b7-%d0%bf%d0%be%d0%b4-%d0%b2%d0%be%d0%b4\",\"url\":\"https:\\\/\\\/www.dillerbottle.com\\\/ru\\\/%d0%bf%d1%80%d0%be%d0%b4%d1%83%d0%ba%d1%82%d1%8b\\\/%d0%bf%d1%83%d1%81%d1%82%d1%8b%d0%b5-%d0%bf%d0%bb%d0%b0%d1%81%d1%82%d0%b8%d0%ba%d0%be%d0%b2%d1%8b%d0%b5-%d0%b1%d1%83%d1%82%d1%8b%d0%bb%d0%ba%d0%b8-%d0%b8%d0%b7-%d0%bf%d0%be%d0%b4-%d0%b2%d0%be%d0%b4\",\"name\":\"Empty Plastic Water Bottles - Diller Water Bottle Manufacturer\",\"isPartOf\":{\"@id\":\"https:\\\/\\\/www.dillerbottle.com\\\/#website\"},\"primaryImageOfPage\":{\"@id\":\"https:\\\/\\\/www.dillerbottle.com\\\/ru\\\/%d0%bf%d1%80%d0%be%d0%b4%d1%83%d0%ba%d1%82%d1%8b\\\/%d0%bf%d1%83%d1%81%d1%82%d1%8b%d0%b5-%d0%bf%d0%bb%d0%b0%d1%81%d1%82%d0%b8%d0%ba%d0%be%d0%b2%d1%8b%d0%b5-%d0%b1%d1%83%d1%82%d1%8b%d0%bb%d0%ba%d0%b8-%d0%b8%d0%b7-%d0%bf%d0%be%d0%b4-%d0%b2%d0%be%d0%b4#primaryimage\"},\"image\":{\"@id\":\"https:\\\/\\\/www.dillerbottle.com\\\/ru\\\/%d0%bf%d1%80%d0%be%d0%b4%d1%83%d0%ba%d1%82%d1%8b\\\/%d0%bf%d1%83%d1%81%d1%82%d1%8b%d0%b5-%d0%bf%d0%bb%d0%b0%d1%81%d1%82%d0%b8%d0%ba%d0%be%d0%b2%d1%8b%d0%b5-%d0%b1%d1%83%d1%82%d1%8b%d0%bb%d0%ba%d0%b8-%d0%b8%d0%b7-%d0%bf%d0%be%d0%b4-%d0%b2%d0%be%d0%b4#primaryimage\"},\"thumbnailUrl\":\"https:\\\/\\\/www.dillerbottle.com\\\/wp-content\\\/uploads\\\/2024\\\/09\\\/empty-plastic-water-bottles44566.jpg\",\"datePublished\":\"2024-09-27T10:01:43+00:00\",\"dateModified\":\"2025-07-09T10:03:31+00:00\",\"description\":\"As one of the best empty plastic water bottles manufacturers and suppliers, we are engaged in manufacturing good quality water bottles. We warmly welcome you to wholesale or buy custom made empty plastic water bottles at competitive price from us. Also, small quantity orders are acceptable.\",\"breadcrumb\":{\"@id\":\"https:\\\/\\\/www.dillerbottle.com\\\/ru\\\/%d0%bf%d1%80%d0%be%d0%b4%d1%83%d0%ba%d1%82%d1%8b\\\/%d0%bf%d1%83%d1%81%d1%82%d1%8b%d0%b5-%d0%bf%d0%bb%d0%b0%d1%81%d1%82%d0%b8%d0%ba%d0%be%d0%b2%d1%8b%d0%b5-%d0%b1%d1%83%d1%82%d1%8b%d0%bb%d0%ba%d0%b8-%d0%b8%d0%b7-%d0%bf%d0%be%d0%b4-%d0%b2%d0%be%d0%b4#breadcrumb\"},\"inLanguage\":\"nl-NL\",\"potentialAction\":[{\"@type\":\"ReadAction\",\"target\":[\"https:\\\/\\\/www.dillerbottle.com\\\/ru\\\/%d0%bf%d1%80%d0%be%d0%b4%d1%83%d0%ba%d1%82%d1%8b\\\/%d0%bf%d1%83%d1%81%d1%82%d1%8b%d0%b5-%d0%bf%d0%bb%d0%b0%d1%81%d1%82%d0%b8%d0%ba%d0%be%d0%b2%d1%8b%d0%b5-%d0%b1%d1%83%d1%82%d1%8b%d0%bb%d0%ba%d0%b8-%d0%b8%d0%b7-%d0%bf%d0%be%d0%b4-%d0%b2%d0%be%d0%b4\"]}]},{\"@type\":\"ImageObject\",\"inLanguage\":\"nl-NL\",\"@id\":\"https:\\\/\\\/www.dillerbottle.com\\\/ru\\\/%d0%bf%d1%80%d0%be%d0%b4%d1%83%d0%ba%d1%82%d1%8b\\\/%d0%bf%d1%83%d1%81%d1%82%d1%8b%d0%b5-%d0%bf%d0%bb%d0%b0%d1%81%d1%82%d0%b8%d0%ba%d0%be%d0%b2%d1%8b%d0%b5-%d0%b1%d1%83%d1%82%d1%8b%d0%bb%d0%ba%d0%b8-%d0%b8%d0%b7-%d0%bf%d0%be%d0%b4-%d0%b2%d0%be%d0%b4#primaryimage\",\"url\":\"https:\\\/\\\/www.dillerbottle.com\\\/wp-content\\\/uploads\\\/2024\\\/09\\\/empty-plastic-water-bottles44566.jpg\",\"contentUrl\":\"https:\\\/\\\/www.dillerbottle.com\\\/wp-content\\\/uploads\\\/2024\\\/09\\\/empty-plastic-water-bottles44566.jpg\",\"width\":730,\"height\":730},{\"@type\":\"BreadcrumbList\",\"@id\":\"https:\\\/\\\/www.dillerbottle.com\\\/ru\\\/%d0%bf%d1%80%d0%be%d0%b4%d1%83%d0%ba%d1%82%d1%8b\\\/%d0%bf%d1%83%d1%81%d1%82%d1%8b%d0%b5-%d0%bf%d0%bb%d0%b0%d1%81%d1%82%d0%b8%d0%ba%d0%be%d0%b2%d1%8b%d0%b5-%d0%b1%d1%83%d1%82%d1%8b%d0%bb%d0%ba%d0%b8-%d0%b8%d0%b7-%d0%bf%d0%be%d0%b4-%d0%b2%d0%be%d0%b4#breadcrumb\",\"itemListElement\":[{\"@type\":\"ListItem\",\"position\":1,\"name\":\"Home\",\"item\":\"https:\\\/\\\/www.dillerbottle.com\\\/\"},{\"@type\":\"ListItem\",\"position\":2,\"name\":\"Products\",\"item\":\"https:\\\/\\\/www.dillerbottle.com\\\/shop\"},{\"@type\":\"ListItem\",\"position\":3,\"name\":\"Empty Plastic Water Bottles\"}]},{\"@type\":\"WebSite\",\"@id\":\"https:\\\/\\\/www.dillerbottle.com\\\/#website\",\"url\":\"https:\\\/\\\/www.dillerbottle.com\\\/\",\"name\":\"Diller Water Bottle Manufacturer\",\"description\":\"Water Bottle Manufacturer\",\"publisher\":{\"@id\":\"https:\\\/\\\/www.dillerbottle.com\\\/#organization\"},\"potentialAction\":[{\"@type\":\"SearchAction\",\"target\":{\"@type\":\"EntryPoint\",\"urlTemplate\":\"https:\\\/\\\/www.dillerbottle.com\\\/?s={search_term_string}\"},\"query-input\":{\"@type\":\"PropertyValueSpecification\",\"valueRequired\":true,\"valueName\":\"search_term_string\"}}],\"inLanguage\":\"nl-NL\"},{\"@type\":\"Organization\",\"@id\":\"https:\\\/\\\/www.dillerbottle.com\\\/#organization\",\"name\":\"Diller Water Bottle Manufacturer\",\"url\":\"https:\\\/\\\/www.dillerbottle.com\\\/\",\"logo\":{\"@type\":\"ImageObject\",\"inLanguage\":\"nl-NL\",\"@id\":\"https:\\\/\\\/www.dillerbottle.com\\\/#\\\/schema\\\/logo\\\/image\\\/\",\"url\":\"https:\\\/\\\/www.dillerbottle.com\\\/wp-content\\\/uploads\\\/2024\\\/09\\\/49918bfa848dcc1e9f8b509933603ac.png\",\"contentUrl\":\"https:\\\/\\\/www.dillerbottle.com\\\/wp-content\\\/uploads\\\/2024\\\/09\\\/49918bfa848dcc1e9f8b509933603ac.png\",\"width\":988,\"height\":198,\"caption\":\"Diller Water Bottle Manufacturer\"},\"image\":{\"@id\":\"https:\\\/\\\/www.dillerbottle.com\\\/#\\\/schema\\\/logo\\\/image\\\/\"}}]}<\/script>\n<!-- \/ Yoast SEO Premium plugin. -->","yoast_head_json":{"title":"Lege plastic waterflessen - Diller Waterflesfabrikant","description":"Als een van de beste fabrikanten en leveranciers van lege plastic waterflessen, zijn wij bezig met het produceren van waterflessen van goede kwaliteit. Wij heten u van harte welkom om lege plastic waterflessen in het groot te kopen of op maat gemaakte lege plastic waterflessen tegen een concurrerende prijs bij ons te kopen. Ook zijn kleine hoeveelheden acceptabel.","robots":{"index":"index","follow":"follow","max-snippet":"max-snippet:-1","max-image-preview":"max-image-preview:large","max-video-preview":"max-video-preview:-1"},"canonical":"https:\/\/www.dillerbottle.com\/nl\/producten\/lege-plastic-waterflessen","og_locale":"nl_NL","og_type":"article","og_title":"Empty Plastic Water Bottles","og_description":"As one of the best empty plastic water bottles manufacturers and suppliers, we are engaged in manufacturing good quality water bottles. We warmly welcome you to wholesale or buy custom made empty plastic water bottles at competitive price from us. Also, small quantity orders are acceptable.","og_url":"https:\/\/www.dillerbottle.com\/nl\/producten\/lege-plastic-waterflessen","og_site_name":"Diller Water Bottle Manufacturer","article_modified_time":"2025-07-09T10:03:31+00:00","og_image":[{"width":730,"height":730,"url":"https:\/\/www.dillerbottle.com\/wp-content\/uploads\/2024\/09\/empty-plastic-water-bottles44566.jpg","type":"image\/jpeg"}],"twitter_card":"summary_large_image","twitter_misc":{"Verwachte leestijd":"6 minuten"},"schema":{"@context":"https:\/\/schema.org","@graph":[{"@type":"WebPage","@id":"https:\/\/www.dillerbottle.com\/ru\/%d0%bf%d1%80%d0%be%d0%b4%d1%83%d0%ba%d1%82%d1%8b\/%d0%bf%d1%83%d1%81%d1%82%d1%8b%d0%b5-%d0%bf%d0%bb%d0%b0%d1%81%d1%82%d0%b8%d0%ba%d0%be%d0%b2%d1%8b%d0%b5-%d0%b1%d1%83%d1%82%d1%8b%d0%bb%d0%ba%d0%b8-%d0%b8%d0%b7-%d0%bf%d0%be%d0%b4-%d0%b2%d0%be%d0%b4","url":"https:\/\/www.dillerbottle.com\/ru\/%d0%bf%d1%80%d0%be%d0%b4%d1%83%d0%ba%d1%82%d1%8b\/%d0%bf%d1%83%d1%81%d1%82%d1%8b%d0%b5-%d0%bf%d0%bb%d0%b0%d1%81%d1%82%d0%b8%d0%ba%d0%be%d0%b2%d1%8b%d0%b5-%d0%b1%d1%83%d1%82%d1%8b%d0%bb%d0%ba%d0%b8-%d0%b8%d0%b7-%d0%bf%d0%be%d0%b4-%d0%b2%d0%be%d0%b4","name":"Lege plastic waterflessen - Diller Waterflesfabrikant","isPartOf":{"@id":"https:\/\/www.dillerbottle.com\/#website"},"primaryImageOfPage":{"@id":"https:\/\/www.dillerbottle.com\/ru\/%d0%bf%d1%80%d0%be%d0%b4%d1%83%d0%ba%d1%82%d1%8b\/%d0%bf%d1%83%d1%81%d1%82%d1%8b%d0%b5-%d0%bf%d0%bb%d0%b0%d1%81%d1%82%d0%b8%d0%ba%d0%be%d0%b2%d1%8b%d0%b5-%d0%b1%d1%83%d1%82%d1%8b%d0%bb%d0%ba%d0%b8-%d0%b8%d0%b7-%d0%bf%d0%be%d0%b4-%d0%b2%d0%be%d0%b4#primaryimage"},"image":{"@id":"https:\/\/www.dillerbottle.com\/ru\/%d0%bf%d1%80%d0%be%d0%b4%d1%83%d0%ba%d1%82%d1%8b\/%d0%bf%d1%83%d1%81%d1%82%d1%8b%d0%b5-%d0%bf%d0%bb%d0%b0%d1%81%d1%82%d0%b8%d0%ba%d0%be%d0%b2%d1%8b%d0%b5-%d0%b1%d1%83%d1%82%d1%8b%d0%bb%d0%ba%d0%b8-%d0%b8%d0%b7-%d0%bf%d0%be%d0%b4-%d0%b2%d0%be%d0%b4#primaryimage"},"thumbnailUrl":"https:\/\/www.dillerbottle.com\/wp-content\/uploads\/2024\/09\/empty-plastic-water-bottles44566.jpg","datePublished":"2024-09-27T10:01:43+00:00","dateModified":"2025-07-09T10:03:31+00:00","description":"Als een van de beste fabrikanten en leveranciers van lege plastic waterflessen, zijn wij bezig met het produceren van waterflessen van goede kwaliteit. Wij heten u van harte welkom om lege plastic waterflessen in het groot te kopen of op maat gemaakte lege plastic waterflessen tegen een concurrerende prijs bij ons te kopen. Ook zijn kleine hoeveelheden acceptabel.","breadcrumb":{"@id":"https:\/\/www.dillerbottle.com\/ru\/%d0%bf%d1%80%d0%be%d0%b4%d1%83%d0%ba%d1%82%d1%8b\/%d0%bf%d1%83%d1%81%d1%82%d1%8b%d0%b5-%d0%bf%d0%bb%d0%b0%d1%81%d1%82%d0%b8%d0%ba%d0%be%d0%b2%d1%8b%d0%b5-%d0%b1%d1%83%d1%82%d1%8b%d0%bb%d0%ba%d0%b8-%d0%b8%d0%b7-%d0%bf%d0%be%d0%b4-%d0%b2%d0%be%d0%b4#breadcrumb"},"inLanguage":"nl-NL","potentialAction":[{"@type":"ReadAction","target":["https:\/\/www.dillerbottle.com\/ru\/%d0%bf%d1%80%d0%be%d0%b4%d1%83%d0%ba%d1%82%d1%8b\/%d0%bf%d1%83%d1%81%d1%82%d1%8b%d0%b5-%d0%bf%d0%bb%d0%b0%d1%81%d1%82%d0%b8%d0%ba%d0%be%d0%b2%d1%8b%d0%b5-%d0%b1%d1%83%d1%82%d1%8b%d0%bb%d0%ba%d0%b8-%d0%b8%d0%b7-%d0%bf%d0%be%d0%b4-%d0%b2%d0%be%d0%b4"]}]},{"@type":"ImageObject","inLanguage":"nl-NL","@id":"https:\/\/www.dillerbottle.com\/ru\/%d0%bf%d1%80%d0%be%d0%b4%d1%83%d0%ba%d1%82%d1%8b\/%d0%bf%d1%83%d1%81%d1%82%d1%8b%d0%b5-%d0%bf%d0%bb%d0%b0%d1%81%d1%82%d0%b8%d0%ba%d0%be%d0%b2%d1%8b%d0%b5-%d0%b1%d1%83%d1%82%d1%8b%d0%bb%d0%ba%d0%b8-%d0%b8%d0%b7-%d0%bf%d0%be%d0%b4-%d0%b2%d0%be%d0%b4#primaryimage","url":"https:\/\/www.dillerbottle.com\/wp-content\/uploads\/2024\/09\/empty-plastic-water-bottles44566.jpg","contentUrl":"https:\/\/www.dillerbottle.com\/wp-content\/uploads\/2024\/09\/empty-plastic-water-bottles44566.jpg","width":730,"height":730},{"@type":"BreadcrumbList","@id":"https:\/\/www.dillerbottle.com\/ru\/%d0%bf%d1%80%d0%be%d0%b4%d1%83%d0%ba%d1%82%d1%8b\/%d0%bf%d1%83%d1%81%d1%82%d1%8b%d0%b5-%d0%bf%d0%bb%d0%b0%d1%81%d1%82%d0%b8%d0%ba%d0%be%d0%b2%d1%8b%d0%b5-%d0%b1%d1%83%d1%82%d1%8b%d0%bb%d0%ba%d0%b8-%d0%b8%d0%b7-%d0%bf%d0%be%d0%b4-%d0%b2%d0%be%d0%b4#breadcrumb","itemListElement":[{"@type":"ListItem","position":1,"name":"Home","item":"https:\/\/www.dillerbottle.com\/"},{"@type":"ListItem","position":2,"name":"Products","item":"https:\/\/www.dillerbottle.com\/shop"},{"@type":"ListItem","position":3,"name":"Empty Plastic Water Bottles"}]},{"@type":"WebSite","@id":"https:\/\/www.dillerbottle.com\/#website","url":"https:\/\/www.dillerbottle.com\/","name":"Diller Waterfles Fabrikant","description":"Fabrikant van waterflessen","publisher":{"@id":"https:\/\/www.dillerbottle.com\/#organization"},"potentialAction":[{"@type":"SearchAction","target":{"@type":"EntryPoint","urlTemplate":"https:\/\/www.dillerbottle.com\/?s={search_term_string}"},"query-input":{"@type":"PropertyValueSpecification","valueRequired":true,"valueName":"search_term_string"}}],"inLanguage":"nl-NL"},{"@type":"Organization","@id":"https:\/\/www.dillerbottle.com\/#organization","name":"Diller Waterfles Fabrikant","url":"https:\/\/www.dillerbottle.com\/","logo":{"@type":"ImageObject","inLanguage":"nl-NL","@id":"https:\/\/www.dillerbottle.com\/#\/schema\/logo\/image\/","url":"https:\/\/www.dillerbottle.com\/wp-content\/uploads\/2024\/09\/49918bfa848dcc1e9f8b509933603ac.png","contentUrl":"https:\/\/www.dillerbottle.com\/wp-content\/uploads\/2024\/09\/49918bfa848dcc1e9f8b509933603ac.png","width":988,"height":198,"caption":"Diller Water Bottle Manufacturer"},"image":{"@id":"https:\/\/www.dillerbottle.com\/#\/schema\/logo\/image\/"}}]}},"_links":{"self":[{"href":"https:\/\/www.dillerbottle.com\/nl\/wp-json\/wp\/v2\/product\/5805","targetHints":{"allow":["GET"]}}],"collection":[{"href":"https:\/\/www.dillerbottle.com\/nl\/wp-json\/wp\/v2\/product"}],"about":[{"href":"https:\/\/www.dillerbottle.com\/nl\/wp-json\/wp\/v2\/types\/product"}],"replies":[{"embeddable":true,"href":"https:\/\/www.dillerbottle.com\/nl\/wp-json\/wp\/v2\/comments?post=5805"}],"wp:featuredmedia":[{"embeddable":true,"href":"https:\/\/www.dillerbottle.com\/nl\/wp-json\/wp\/v2\/media\/5806"}],"wp:attachment":[{"href":"https:\/\/www.dillerbottle.com\/nl\/wp-json\/wp\/v2\/media?parent=5805"}],"wp:term":[{"taxonomy":"product_brand","embeddable":true,"href":"https:\/\/www.dillerbottle.com\/nl\/wp-json\/wp\/v2\/product_brand?post=5805"},{"taxonomy":"product_cat","embeddable":true,"href":"https:\/\/www.dillerbottle.com\/nl\/wp-json\/wp\/v2\/product_cat?post=5805"},{"taxonomy":"product_tag","embeddable":true,"href":"https:\/\/www.dillerbottle.com\/nl\/wp-json\/wp\/v2\/product_tag?post=5805"}],"curies":[{"name":"wp","href":"https:\/\/api.w.org\/{rel}","templated":true}]}}