{"id":8246,"date":"2024-09-29T14:14:43","date_gmt":"2024-09-29T06:14:43","guid":{"rendered":"https:\/\/demo.dillerbottle.com\/products\/ceramic-coating-coffee-mug-with-handle"},"modified":"2025-07-09T16:18:30","modified_gmt":"2025-07-09T08:18:30","slug":"keramische-coating-koffiemok-met-handvat","status":"publish","type":"product","link":"https:\/\/www.dillerbottle.com\/nl\/products\/ceramic-coating-coffee-mug-with-handle","title":{"rendered":"Koffiemok met keramische coating en handvat"},"content":{"rendered":"<p>1. Gemaakt van 316 dubbelwandig vacu\u00fcmge\u00efsoleerd roestvrij staal, Dubbelwandig vacu\u00fcmge\u00efsoleerd houdt tot 6 uur warm en tot 12 uur koud. De binnenvoering is gecoat met keramiek, wat corrosiebestendiger is.<\/p>\n<p>2. Uitgerust met een uitneembare thee-infuser van roestvrij staal, kan gebruikt worden om thee of koffie te zetten.<\/p>\n<p>3. Het handvatontwerp zorgt ervoor dat gebruikers de beker gemakkelijk kunnen vasthouden en het houtnerfontwerp maakt de beker nog opvallender.<\/p>\n<p>4. Dankzij het brede, comfortabele, antislip handvat en de duurzame, matte afwerking met poedercoating is de roestvrijstalen mok gemakkelijk vast te pakken en blijven uw vingers droog en vrij van bevriezing.<\/p>\n<p><iframe title=\"Groothandel Zakelijke Geschenk Ge\u00efsoleerde Waterflessen Keramische Coating Koffiemok Met Handvat MLH9148\" width=\"800\" height=\"450\" src=\"https:\/\/www.youtube.com\/embed\/bMVnp69dyl4?feature=oembed\" frameborder=\"0\" allow=\"accelerometer; autoplay; clipboard-write; encrypted-media; gyroscope; picture-in-picture; web-share\" referrerpolicy=\"strict-origin-when-cross-origin\" allowfullscreen><\/iframe><\/p>","protected":false},"excerpt":{"rendered":"<p>Deze koffiemok met keramische coating en handvat is gemaakt van duurzaam roestvrij staal 316 en materialen die geschikt zijn voor levensmiddelen.<br \/>\nDeze ge\u00efsoleerde waterfles kan de inhoud tot wel 6-12 uur warm of ijskoud houden.<br \/>\nDe binnenvoering is bekleed met keramiek, wat corrosiebestendiger is.<br \/>\nDankzij het handvatontwerp van de beker kunnen gebruikers de beker gemakkelijk vasthouden, en het houtnerfontwerp maakt de beker nog opvallender.<br \/>\nOEM en ODM acceptabel.<br \/>\nWij kunnen de thermosfles aanpassen aan uw wensen.<br \/>\nWelkom bij groothandelsaankopen, stuur nu een aanvraag!<\/p>","protected":false},"featured_media":8247,"comment_status":"open","ping_status":"closed","template":"","meta":{"_acf_changed":false},"product_brand":[],"product_cat":[18],"product_tag":[32,36,33,736,31,737,39,38,29,37,34,35,543,738,28,562,739,30,506],"class_list":{"0":"post-8246","1":"product","2":"type-product","3":"status-publish","4":"has-post-thumbnail","6":"product_cat-insulated-water-bottle","7":"product_tag-best","8":"product_tag-bulk","9":"product_tag-buy","10":"product_tag-ceramic-coating-coffee-mug-with-handle","11":"product_tag-custom","12":"product_tag-custom-logo-water-bottle","13":"product_tag-for-sale","14":"product_tag-good-quality","15":"product_tag-manufacturers","16":"product_tag-manufacturing","17":"product_tag-price","18":"product_tag-small","19":"product_tag-smart-vacuum-insulated-water-bottle","20":"product_tag-steel-water-bottles-with-sports-straw-lid","21":"product_tag-suppliers","22":"product_tag-water-bottle-with-straw","23":"product_tag-water-bottle-wood-lid","24":"product_tag-wholesale","25":"product_tag-wooden-water-bottles","27":"first","28":"instock","29":"shipping-taxable","30":"product-type-simple"},"acf":[],"yoast_head":"<!-- This site is optimized with the Yoast SEO Premium plugin v27.5 (Yoast SEO v27.5) - https:\/\/yoast.com\/product\/yoast-seo-premium-wordpress\/ -->\n<title>Ceramic Coating Coffee Mug With Handle - Diller Water Bottle Manufacturer<\/title>\n<meta name=\"description\" content=\"As one of the best ceramic coating coffee mug with handle manufacturers and suppliers, we are engaged in manufacturing good quality water bottles. We warmly welcome you to wholesale or buy custom made ceramic coating coffee mug with handle at competitive price from us. Also, small quantity orders are acceptable.\" \/>\n<meta name=\"robots\" content=\"index, follow, max-snippet:-1, max-image-preview:large, max-video-preview:-1\" \/>\n<link rel=\"canonical\" href=\"https:\/\/www.dillerbottle.com\/nl\/producten\/keramische-coating-koffiemok-met-handvat\" \/>\n<meta property=\"og:locale\" content=\"nl_NL\" \/>\n<meta property=\"og:type\" content=\"article\" \/>\n<meta property=\"og:title\" content=\"Ceramic Coating Coffee Mug With Handle\" \/>\n<meta property=\"og:description\" content=\"As one of the best ceramic coating coffee mug with handle manufacturers and suppliers, we are engaged in manufacturing good quality water bottles. We warmly welcome you to wholesale or buy custom made ceramic coating coffee mug with handle at competitive price from us. Also, small quantity orders are acceptable.\" \/>\n<meta property=\"og:url\" content=\"https:\/\/www.dillerbottle.com\/nl\/producten\/keramische-coating-koffiemok-met-handvat\" \/>\n<meta property=\"og:site_name\" content=\"Diller Water Bottle Manufacturer\" \/>\n<meta property=\"article:modified_time\" content=\"2025-07-09T08:18:30+00:00\" \/>\n<meta property=\"og:image\" content=\"https:\/\/www.dillerbottle.com\/wp-content\/uploads\/2024\/09\/ceramic-coating-coffee-mug-with-handle130455b6-2425-4741-9cc6-68306c759323.jpg\" \/>\n\t<meta property=\"og:image:width\" content=\"800\" \/>\n\t<meta property=\"og:image:height\" content=\"800\" \/>\n\t<meta property=\"og:image:type\" content=\"image\/jpeg\" \/>\n<meta name=\"twitter:card\" content=\"summary_large_image\" \/>\n<meta name=\"twitter:label1\" content=\"Verwachte leestijd\" \/>\n\t<meta name=\"twitter:data1\" content=\"5 minuten\" \/>\n<script type=\"application\/ld+json\" class=\"yoast-schema-graph\">{\"@context\":\"https:\\\/\\\/schema.org\",\"@graph\":[{\"@type\":\"WebPage\",\"@id\":\"https:\\\/\\\/www.dillerbottle.com\\\/th\\\/%e0%b8%aa%e0%b8%b4%e0%b8%99%e0%b8%84%e0%b9%89%e0%b8%b2\\\/%e0%b9%81%e0%b8%81%e0%b9%89%e0%b8%a7%e0%b8%81%e0%b8%b2%e0%b9%81%e0%b8%9f%e0%b9%80%e0%b8%84%e0%b8%a5%e0%b8%b7%e0%b8%ad%e0%b8%9a%e0%b9%80%e0%b8%8b%e0%b8%a3%e0%b8%b2%e0%b8%a1%e0%b8%b4%e0%b8%81%e0%b8%a1\",\"url\":\"https:\\\/\\\/www.dillerbottle.com\\\/th\\\/%e0%b8%aa%e0%b8%b4%e0%b8%99%e0%b8%84%e0%b9%89%e0%b8%b2\\\/%e0%b9%81%e0%b8%81%e0%b9%89%e0%b8%a7%e0%b8%81%e0%b8%b2%e0%b9%81%e0%b8%9f%e0%b9%80%e0%b8%84%e0%b8%a5%e0%b8%b7%e0%b8%ad%e0%b8%9a%e0%b9%80%e0%b8%8b%e0%b8%a3%e0%b8%b2%e0%b8%a1%e0%b8%b4%e0%b8%81%e0%b8%a1\",\"name\":\"Ceramic Coating Coffee Mug With Handle - Diller Water Bottle Manufacturer\",\"isPartOf\":{\"@id\":\"https:\\\/\\\/www.dillerbottle.com\\\/#website\"},\"primaryImageOfPage\":{\"@id\":\"https:\\\/\\\/www.dillerbottle.com\\\/th\\\/%e0%b8%aa%e0%b8%b4%e0%b8%99%e0%b8%84%e0%b9%89%e0%b8%b2\\\/%e0%b9%81%e0%b8%81%e0%b9%89%e0%b8%a7%e0%b8%81%e0%b8%b2%e0%b9%81%e0%b8%9f%e0%b9%80%e0%b8%84%e0%b8%a5%e0%b8%b7%e0%b8%ad%e0%b8%9a%e0%b9%80%e0%b8%8b%e0%b8%a3%e0%b8%b2%e0%b8%a1%e0%b8%b4%e0%b8%81%e0%b8%a1#primaryimage\"},\"image\":{\"@id\":\"https:\\\/\\\/www.dillerbottle.com\\\/th\\\/%e0%b8%aa%e0%b8%b4%e0%b8%99%e0%b8%84%e0%b9%89%e0%b8%b2\\\/%e0%b9%81%e0%b8%81%e0%b9%89%e0%b8%a7%e0%b8%81%e0%b8%b2%e0%b9%81%e0%b8%9f%e0%b9%80%e0%b8%84%e0%b8%a5%e0%b8%b7%e0%b8%ad%e0%b8%9a%e0%b9%80%e0%b8%8b%e0%b8%a3%e0%b8%b2%e0%b8%a1%e0%b8%b4%e0%b8%81%e0%b8%a1#primaryimage\"},\"thumbnailUrl\":\"https:\\\/\\\/www.dillerbottle.com\\\/wp-content\\\/uploads\\\/2024\\\/09\\\/ceramic-coating-coffee-mug-with-handle130455b6-2425-4741-9cc6-68306c759323.jpg\",\"datePublished\":\"2024-09-29T06:14:43+00:00\",\"dateModified\":\"2025-07-09T08:18:30+00:00\",\"description\":\"As one of the best ceramic coating coffee mug with handle manufacturers and suppliers, we are engaged in manufacturing good quality water bottles. We warmly welcome you to wholesale or buy custom made ceramic coating coffee mug with handle at competitive price from us. Also, small quantity orders are acceptable.\",\"breadcrumb\":{\"@id\":\"https:\\\/\\\/www.dillerbottle.com\\\/th\\\/%e0%b8%aa%e0%b8%b4%e0%b8%99%e0%b8%84%e0%b9%89%e0%b8%b2\\\/%e0%b9%81%e0%b8%81%e0%b9%89%e0%b8%a7%e0%b8%81%e0%b8%b2%e0%b9%81%e0%b8%9f%e0%b9%80%e0%b8%84%e0%b8%a5%e0%b8%b7%e0%b8%ad%e0%b8%9a%e0%b9%80%e0%b8%8b%e0%b8%a3%e0%b8%b2%e0%b8%a1%e0%b8%b4%e0%b8%81%e0%b8%a1#breadcrumb\"},\"inLanguage\":\"nl-NL\",\"potentialAction\":[{\"@type\":\"ReadAction\",\"target\":[\"https:\\\/\\\/www.dillerbottle.com\\\/th\\\/%e0%b8%aa%e0%b8%b4%e0%b8%99%e0%b8%84%e0%b9%89%e0%b8%b2\\\/%e0%b9%81%e0%b8%81%e0%b9%89%e0%b8%a7%e0%b8%81%e0%b8%b2%e0%b9%81%e0%b8%9f%e0%b9%80%e0%b8%84%e0%b8%a5%e0%b8%b7%e0%b8%ad%e0%b8%9a%e0%b9%80%e0%b8%8b%e0%b8%a3%e0%b8%b2%e0%b8%a1%e0%b8%b4%e0%b8%81%e0%b8%a1\"]}]},{\"@type\":\"ImageObject\",\"inLanguage\":\"nl-NL\",\"@id\":\"https:\\\/\\\/www.dillerbottle.com\\\/th\\\/%e0%b8%aa%e0%b8%b4%e0%b8%99%e0%b8%84%e0%b9%89%e0%b8%b2\\\/%e0%b9%81%e0%b8%81%e0%b9%89%e0%b8%a7%e0%b8%81%e0%b8%b2%e0%b9%81%e0%b8%9f%e0%b9%80%e0%b8%84%e0%b8%a5%e0%b8%b7%e0%b8%ad%e0%b8%9a%e0%b9%80%e0%b8%8b%e0%b8%a3%e0%b8%b2%e0%b8%a1%e0%b8%b4%e0%b8%81%e0%b8%a1#primaryimage\",\"url\":\"https:\\\/\\\/www.dillerbottle.com\\\/wp-content\\\/uploads\\\/2024\\\/09\\\/ceramic-coating-coffee-mug-with-handle130455b6-2425-4741-9cc6-68306c759323.jpg\",\"contentUrl\":\"https:\\\/\\\/www.dillerbottle.com\\\/wp-content\\\/uploads\\\/2024\\\/09\\\/ceramic-coating-coffee-mug-with-handle130455b6-2425-4741-9cc6-68306c759323.jpg\",\"width\":800,\"height\":800},{\"@type\":\"BreadcrumbList\",\"@id\":\"https:\\\/\\\/www.dillerbottle.com\\\/th\\\/%e0%b8%aa%e0%b8%b4%e0%b8%99%e0%b8%84%e0%b9%89%e0%b8%b2\\\/%e0%b9%81%e0%b8%81%e0%b9%89%e0%b8%a7%e0%b8%81%e0%b8%b2%e0%b9%81%e0%b8%9f%e0%b9%80%e0%b8%84%e0%b8%a5%e0%b8%b7%e0%b8%ad%e0%b8%9a%e0%b9%80%e0%b8%8b%e0%b8%a3%e0%b8%b2%e0%b8%a1%e0%b8%b4%e0%b8%81%e0%b8%a1#breadcrumb\",\"itemListElement\":[{\"@type\":\"ListItem\",\"position\":1,\"name\":\"Home\",\"item\":\"https:\\\/\\\/www.dillerbottle.com\\\/\"},{\"@type\":\"ListItem\",\"position\":2,\"name\":\"Products\",\"item\":\"https:\\\/\\\/www.dillerbottle.com\\\/shop\"},{\"@type\":\"ListItem\",\"position\":3,\"name\":\"Ceramic Coating Coffee Mug With Handle\"}]},{\"@type\":\"WebSite\",\"@id\":\"https:\\\/\\\/www.dillerbottle.com\\\/#website\",\"url\":\"https:\\\/\\\/www.dillerbottle.com\\\/\",\"name\":\"Diller Water Bottle Manufacturer\",\"description\":\"Water Bottle Manufacturer\",\"publisher\":{\"@id\":\"https:\\\/\\\/www.dillerbottle.com\\\/#organization\"},\"potentialAction\":[{\"@type\":\"SearchAction\",\"target\":{\"@type\":\"EntryPoint\",\"urlTemplate\":\"https:\\\/\\\/www.dillerbottle.com\\\/?s={search_term_string}\"},\"query-input\":{\"@type\":\"PropertyValueSpecification\",\"valueRequired\":true,\"valueName\":\"search_term_string\"}}],\"inLanguage\":\"nl-NL\"},{\"@type\":\"Organization\",\"@id\":\"https:\\\/\\\/www.dillerbottle.com\\\/#organization\",\"name\":\"Diller Water Bottle Manufacturer\",\"url\":\"https:\\\/\\\/www.dillerbottle.com\\\/\",\"logo\":{\"@type\":\"ImageObject\",\"inLanguage\":\"nl-NL\",\"@id\":\"https:\\\/\\\/www.dillerbottle.com\\\/#\\\/schema\\\/logo\\\/image\\\/\",\"url\":\"https:\\\/\\\/www.dillerbottle.com\\\/wp-content\\\/uploads\\\/2024\\\/09\\\/49918bfa848dcc1e9f8b509933603ac.png\",\"contentUrl\":\"https:\\\/\\\/www.dillerbottle.com\\\/wp-content\\\/uploads\\\/2024\\\/09\\\/49918bfa848dcc1e9f8b509933603ac.png\",\"width\":988,\"height\":198,\"caption\":\"Diller Water Bottle Manufacturer\"},\"image\":{\"@id\":\"https:\\\/\\\/www.dillerbottle.com\\\/#\\\/schema\\\/logo\\\/image\\\/\"}}]}<\/script>\n<!-- \/ Yoast SEO Premium plugin. -->","yoast_head_json":{"title":"Keramische coating koffiemok met handvat - Diller Waterflesfabrikant","description":"Als een van de beste fabrikanten en leveranciers van keramische coating koffiemokken met handvat, zijn wij bezig met het produceren van waterflessen van goede kwaliteit. Wij heten u van harte welkom om bij ons groothandel te kopen of op maat gemaakte keramische coating koffiemokken met handvat te kopen tegen een concurrerende prijs. Ook zijn kleine hoeveelheden toegestaan.","robots":{"index":"index","follow":"follow","max-snippet":"max-snippet:-1","max-image-preview":"max-image-preview:large","max-video-preview":"max-video-preview:-1"},"canonical":"https:\/\/www.dillerbottle.com\/nl\/producten\/keramische-coating-koffiemok-met-handvat","og_locale":"nl_NL","og_type":"article","og_title":"Ceramic Coating Coffee Mug With Handle","og_description":"As one of the best ceramic coating coffee mug with handle manufacturers and suppliers, we are engaged in manufacturing good quality water bottles. We warmly welcome you to wholesale or buy custom made ceramic coating coffee mug with handle at competitive price from us. Also, small quantity orders are acceptable.","og_url":"https:\/\/www.dillerbottle.com\/nl\/producten\/keramische-coating-koffiemok-met-handvat","og_site_name":"Diller Water Bottle Manufacturer","article_modified_time":"2025-07-09T08:18:30+00:00","og_image":[{"width":800,"height":800,"url":"https:\/\/www.dillerbottle.com\/wp-content\/uploads\/2024\/09\/ceramic-coating-coffee-mug-with-handle130455b6-2425-4741-9cc6-68306c759323.jpg","type":"image\/jpeg"}],"twitter_card":"summary_large_image","twitter_misc":{"Verwachte leestijd":"5 minuten"},"schema":{"@context":"https:\/\/schema.org","@graph":[{"@type":"WebPage","@id":"https:\/\/www.dillerbottle.com\/th\/%e0%b8%aa%e0%b8%b4%e0%b8%99%e0%b8%84%e0%b9%89%e0%b8%b2\/%e0%b9%81%e0%b8%81%e0%b9%89%e0%b8%a7%e0%b8%81%e0%b8%b2%e0%b9%81%e0%b8%9f%e0%b9%80%e0%b8%84%e0%b8%a5%e0%b8%b7%e0%b8%ad%e0%b8%9a%e0%b9%80%e0%b8%8b%e0%b8%a3%e0%b8%b2%e0%b8%a1%e0%b8%b4%e0%b8%81%e0%b8%a1","url":"https:\/\/www.dillerbottle.com\/th\/%e0%b8%aa%e0%b8%b4%e0%b8%99%e0%b8%84%e0%b9%89%e0%b8%b2\/%e0%b9%81%e0%b8%81%e0%b9%89%e0%b8%a7%e0%b8%81%e0%b8%b2%e0%b9%81%e0%b8%9f%e0%b9%80%e0%b8%84%e0%b8%a5%e0%b8%b7%e0%b8%ad%e0%b8%9a%e0%b9%80%e0%b8%8b%e0%b8%a3%e0%b8%b2%e0%b8%a1%e0%b8%b4%e0%b8%81%e0%b8%a1","name":"Keramische coating koffiemok met handvat - Diller Waterflesfabrikant","isPartOf":{"@id":"https:\/\/www.dillerbottle.com\/#website"},"primaryImageOfPage":{"@id":"https:\/\/www.dillerbottle.com\/th\/%e0%b8%aa%e0%b8%b4%e0%b8%99%e0%b8%84%e0%b9%89%e0%b8%b2\/%e0%b9%81%e0%b8%81%e0%b9%89%e0%b8%a7%e0%b8%81%e0%b8%b2%e0%b9%81%e0%b8%9f%e0%b9%80%e0%b8%84%e0%b8%a5%e0%b8%b7%e0%b8%ad%e0%b8%9a%e0%b9%80%e0%b8%8b%e0%b8%a3%e0%b8%b2%e0%b8%a1%e0%b8%b4%e0%b8%81%e0%b8%a1#primaryimage"},"image":{"@id":"https:\/\/www.dillerbottle.com\/th\/%e0%b8%aa%e0%b8%b4%e0%b8%99%e0%b8%84%e0%b9%89%e0%b8%b2\/%e0%b9%81%e0%b8%81%e0%b9%89%e0%b8%a7%e0%b8%81%e0%b8%b2%e0%b9%81%e0%b8%9f%e0%b9%80%e0%b8%84%e0%b8%a5%e0%b8%b7%e0%b8%ad%e0%b8%9a%e0%b9%80%e0%b8%8b%e0%b8%a3%e0%b8%b2%e0%b8%a1%e0%b8%b4%e0%b8%81%e0%b8%a1#primaryimage"},"thumbnailUrl":"https:\/\/www.dillerbottle.com\/wp-content\/uploads\/2024\/09\/ceramic-coating-coffee-mug-with-handle130455b6-2425-4741-9cc6-68306c759323.jpg","datePublished":"2024-09-29T06:14:43+00:00","dateModified":"2025-07-09T08:18:30+00:00","description":"Als een van de beste fabrikanten en leveranciers van keramische coating koffiemokken met handvat, zijn wij bezig met het produceren van waterflessen van goede kwaliteit. Wij heten u van harte welkom om bij ons groothandel te kopen of op maat gemaakte keramische coating koffiemokken met handvat te kopen tegen een concurrerende prijs. Ook zijn kleine hoeveelheden toegestaan.","breadcrumb":{"@id":"https:\/\/www.dillerbottle.com\/th\/%e0%b8%aa%e0%b8%b4%e0%b8%99%e0%b8%84%e0%b9%89%e0%b8%b2\/%e0%b9%81%e0%b8%81%e0%b9%89%e0%b8%a7%e0%b8%81%e0%b8%b2%e0%b9%81%e0%b8%9f%e0%b9%80%e0%b8%84%e0%b8%a5%e0%b8%b7%e0%b8%ad%e0%b8%9a%e0%b9%80%e0%b8%8b%e0%b8%a3%e0%b8%b2%e0%b8%a1%e0%b8%b4%e0%b8%81%e0%b8%a1#breadcrumb"},"inLanguage":"nl-NL","potentialAction":[{"@type":"ReadAction","target":["https:\/\/www.dillerbottle.com\/th\/%e0%b8%aa%e0%b8%b4%e0%b8%99%e0%b8%84%e0%b9%89%e0%b8%b2\/%e0%b9%81%e0%b8%81%e0%b9%89%e0%b8%a7%e0%b8%81%e0%b8%b2%e0%b9%81%e0%b8%9f%e0%b9%80%e0%b8%84%e0%b8%a5%e0%b8%b7%e0%b8%ad%e0%b8%9a%e0%b9%80%e0%b8%8b%e0%b8%a3%e0%b8%b2%e0%b8%a1%e0%b8%b4%e0%b8%81%e0%b8%a1"]}]},{"@type":"ImageObject","inLanguage":"nl-NL","@id":"https:\/\/www.dillerbottle.com\/th\/%e0%b8%aa%e0%b8%b4%e0%b8%99%e0%b8%84%e0%b9%89%e0%b8%b2\/%e0%b9%81%e0%b8%81%e0%b9%89%e0%b8%a7%e0%b8%81%e0%b8%b2%e0%b9%81%e0%b8%9f%e0%b9%80%e0%b8%84%e0%b8%a5%e0%b8%b7%e0%b8%ad%e0%b8%9a%e0%b9%80%e0%b8%8b%e0%b8%a3%e0%b8%b2%e0%b8%a1%e0%b8%b4%e0%b8%81%e0%b8%a1#primaryimage","url":"https:\/\/www.dillerbottle.com\/wp-content\/uploads\/2024\/09\/ceramic-coating-coffee-mug-with-handle130455b6-2425-4741-9cc6-68306c759323.jpg","contentUrl":"https:\/\/www.dillerbottle.com\/wp-content\/uploads\/2024\/09\/ceramic-coating-coffee-mug-with-handle130455b6-2425-4741-9cc6-68306c759323.jpg","width":800,"height":800},{"@type":"BreadcrumbList","@id":"https:\/\/www.dillerbottle.com\/th\/%e0%b8%aa%e0%b8%b4%e0%b8%99%e0%b8%84%e0%b9%89%e0%b8%b2\/%e0%b9%81%e0%b8%81%e0%b9%89%e0%b8%a7%e0%b8%81%e0%b8%b2%e0%b9%81%e0%b8%9f%e0%b9%80%e0%b8%84%e0%b8%a5%e0%b8%b7%e0%b8%ad%e0%b8%9a%e0%b9%80%e0%b8%8b%e0%b8%a3%e0%b8%b2%e0%b8%a1%e0%b8%b4%e0%b8%81%e0%b8%a1#breadcrumb","itemListElement":[{"@type":"ListItem","position":1,"name":"Home","item":"https:\/\/www.dillerbottle.com\/"},{"@type":"ListItem","position":2,"name":"Products","item":"https:\/\/www.dillerbottle.com\/shop"},{"@type":"ListItem","position":3,"name":"Ceramic Coating Coffee Mug With Handle"}]},{"@type":"WebSite","@id":"https:\/\/www.dillerbottle.com\/#website","url":"https:\/\/www.dillerbottle.com\/","name":"Diller Waterfles Fabrikant","description":"Fabrikant van waterflessen","publisher":{"@id":"https:\/\/www.dillerbottle.com\/#organization"},"potentialAction":[{"@type":"SearchAction","target":{"@type":"EntryPoint","urlTemplate":"https:\/\/www.dillerbottle.com\/?s={search_term_string}"},"query-input":{"@type":"PropertyValueSpecification","valueRequired":true,"valueName":"search_term_string"}}],"inLanguage":"nl-NL"},{"@type":"Organization","@id":"https:\/\/www.dillerbottle.com\/#organization","name":"Diller Waterfles Fabrikant","url":"https:\/\/www.dillerbottle.com\/","logo":{"@type":"ImageObject","inLanguage":"nl-NL","@id":"https:\/\/www.dillerbottle.com\/#\/schema\/logo\/image\/","url":"https:\/\/www.dillerbottle.com\/wp-content\/uploads\/2024\/09\/49918bfa848dcc1e9f8b509933603ac.png","contentUrl":"https:\/\/www.dillerbottle.com\/wp-content\/uploads\/2024\/09\/49918bfa848dcc1e9f8b509933603ac.png","width":988,"height":198,"caption":"Diller Water Bottle Manufacturer"},"image":{"@id":"https:\/\/www.dillerbottle.com\/#\/schema\/logo\/image\/"}}]}},"_links":{"self":[{"href":"https:\/\/www.dillerbottle.com\/nl\/wp-json\/wp\/v2\/product\/8246","targetHints":{"allow":["GET"]}}],"collection":[{"href":"https:\/\/www.dillerbottle.com\/nl\/wp-json\/wp\/v2\/product"}],"about":[{"href":"https:\/\/www.dillerbottle.com\/nl\/wp-json\/wp\/v2\/types\/product"}],"replies":[{"embeddable":true,"href":"https:\/\/www.dillerbottle.com\/nl\/wp-json\/wp\/v2\/comments?post=8246"}],"wp:featuredmedia":[{"embeddable":true,"href":"https:\/\/www.dillerbottle.com\/nl\/wp-json\/wp\/v2\/media\/8247"}],"wp:attachment":[{"href":"https:\/\/www.dillerbottle.com\/nl\/wp-json\/wp\/v2\/media?parent=8246"}],"wp:term":[{"taxonomy":"product_brand","embeddable":true,"href":"https:\/\/www.dillerbottle.com\/nl\/wp-json\/wp\/v2\/product_brand?post=8246"},{"taxonomy":"product_cat","embeddable":true,"href":"https:\/\/www.dillerbottle.com\/nl\/wp-json\/wp\/v2\/product_cat?post=8246"},{"taxonomy":"product_tag","embeddable":true,"href":"https:\/\/www.dillerbottle.com\/nl\/wp-json\/wp\/v2\/product_tag?post=8246"}],"curies":[{"name":"wp","href":"https:\/\/api.w.org\/{rel}","templated":true}]}}