{"id":9642,"date":"2024-09-29T14:34:15","date_gmt":"2024-09-29T06:34:15","guid":{"rendered":"https:\/\/demo.dillerbottle.com\/products\/portable-insulated-bottle"},"modified":"2025-07-09T15:55:53","modified_gmt":"2025-07-09T07:55:53","slug":"draagbare-geisoleerde-fles","status":"publish","type":"product","link":"https:\/\/www.dillerbottle.com\/nl\/products\/portable-insulated-bottle","title":{"rendered":"Draagbare ge\u00efsoleerde fles"},"content":{"rendered":"<p>1. De draagbare ge\u00efsoleerde fles is gemaakt van duurzaam roestvrij staal 316 en materialen van voedingskwaliteit, heeft een dubbele vacu\u00fcmwand en kan tot 6 uur lang worden gebruikt voor drankisolatie en tot 12 uur voor koude-isolatie.<\/p>\n<p>2. Het deksel kan gebruikt worden als een klein kopje om water te drinken. Je kunt het door een rietje drinken of in een deksel gieten.<\/p>\n<p>3. De draagbare ge\u00efsoleerde fles is ontworpen met een schroefdop en de binnendop is voorzien van een siliconen afsluitring, waardoor er geen water kan lekken wanneer de fles ondersteboven in de zak wordt gezet.<\/p>\n<p>4.;Deze draagbare ge\u00efsoleerde fles is voorzien van een PU-bekerhoes en een afneembare en verstelbare band, waardoor u hem modieus en draagbaar kunt meenemen als u op pad gaat.<\/p>\n<div style=\"width: 640px;\" class=\"wp-video\"><video class=\"wp-video-shortcode\" id=\"video-9642-1\" width=\"640\" height=\"360\" preload=\"metadata\" controls=\"controls\"><source type=\"video\/mp4\" src=\"\/wp-content\/uploads\/2024\/09\/66f8f4ed3c31c-video202302151632355220518.mp4?_=1\" \/><a href=\"\/wp-content\/uploads\/2024\/09\/66f8f4ed3c31c-video202302151632355220518.mp4\">\/wp-content\/uploads\/2024\/09\/66f8f4ed3c31c-video202302151632355220518.mp4<\/a><\/video><\/div>","protected":false},"excerpt":{"rendered":"<p>Deze draagbare isolatiefles is gemaakt van duurzaam roestvrij staal 316 en materialen die geschikt zijn voor levensmiddelen.<br \/>\nDeze waterfles is vacu\u00fcm ge\u00efsoleerd en kan de inhoud tot wel 6 tot 12 uur warm of ijskoud houden.<br \/>\nHet deksel kan gebruikt worden als een klein kopje om water uit te drinken.<br \/>\nJe kunt het door een rietje drinken of in een deksel gieten.<br \/>\nEr is een PU-hoes met een riem, wat handiger is om te dragen.<br \/>\nOEM en ODM acceptabel.<br \/>\nWij kunnen de metalen thermosfles aanpassen aan uw wensen.<br \/>\nWelkom bij groothandelsaankopen, stuur nu een aanvraag!<\/p>","protected":false},"featured_media":9643,"comment_status":"open","ping_status":"closed","template":"","meta":{"_acf_changed":false},"product_brand":[],"product_cat":[18],"product_tag":[32,809,36,33,507,31,529,39,38,29,37,838,34,35,563,28,840,839,30],"class_list":{"0":"post-9642","1":"product","2":"type-product","3":"status-publish","4":"has-post-thumbnail","6":"product_cat-insulated-water-bottle","7":"product_tag-best","8":"product_tag-bling-water-bottle","9":"product_tag-bulk","10":"product_tag-buy","11":"product_tag-cartoon-water-bottles","12":"product_tag-custom","13":"product_tag-cute-water-bottles-for-girls","14":"product_tag-for-sale","15":"product_tag-good-quality","16":"product_tag-manufacturers","17":"product_tag-manufacturing","18":"product_tag-portable-insulated-bottle","19":"product_tag-price","20":"product_tag-small","21":"product_tag-stainless-steel-sports-water-bottles-with-straw","22":"product_tag-suppliers","23":"product_tag-water-bottle-filter","24":"product_tag-water-bottles-bamboo","25":"product_tag-wholesale","27":"first","28":"instock","29":"shipping-taxable","30":"product-type-simple"},"acf":[],"yoast_head":"<!-- This site is optimized with the Yoast SEO Premium plugin v27.5 (Yoast SEO v27.5) - https:\/\/yoast.com\/product\/yoast-seo-premium-wordpress\/ -->\n<title>Portable Insulated Bottle - Diller Water Bottle Manufacturer<\/title>\n<meta name=\"description\" content=\"As one of the best portable insulated bottle manufacturers and suppliers, we are engaged in manufacturing good quality water bottles. We warmly welcome you to wholesale or buy custom made portable insulated bottle at competitive price from us. Also, small quantity orders are acceptable.\" \/>\n<meta name=\"robots\" content=\"index, follow, max-snippet:-1, max-image-preview:large, max-video-preview:-1\" \/>\n<link rel=\"canonical\" href=\"https:\/\/www.dillerbottle.com\/nl\/producten\/draagbare-geisoleerde-fles\" \/>\n<meta property=\"og:locale\" content=\"nl_NL\" \/>\n<meta property=\"og:type\" content=\"article\" \/>\n<meta property=\"og:title\" content=\"Portable Insulated Bottle\" \/>\n<meta property=\"og:description\" content=\"As one of the best portable insulated bottle manufacturers and suppliers, we are engaged in manufacturing good quality water bottles. We warmly welcome you to wholesale or buy custom made portable insulated bottle at competitive price from us. Also, small quantity orders are acceptable.\" \/>\n<meta property=\"og:url\" content=\"https:\/\/www.dillerbottle.com\/nl\/producten\/draagbare-geisoleerde-fles\" \/>\n<meta property=\"og:site_name\" content=\"Diller Water Bottle Manufacturer\" \/>\n<meta property=\"article:modified_time\" content=\"2025-07-09T07:55:53+00:00\" \/>\n<meta property=\"og:image\" content=\"https:\/\/www.dillerbottle.com\/wp-content\/uploads\/2024\/09\/insulated-bottlee1561375-ec46-4284-ab4d-89486c01ef93.jpg\" \/>\n\t<meta property=\"og:image:width\" content=\"730\" \/>\n\t<meta property=\"og:image:height\" content=\"730\" \/>\n\t<meta property=\"og:image:type\" content=\"image\/jpeg\" \/>\n<meta name=\"twitter:card\" content=\"summary_large_image\" \/>\n<meta name=\"twitter:label1\" content=\"Verwachte leestijd\" \/>\n\t<meta name=\"twitter:data1\" content=\"6 minuten\" \/>\n<script type=\"application\/ld+json\" class=\"yoast-schema-graph\">{\"@context\":\"https:\\\/\\\/schema.org\",\"@graph\":[{\"@type\":\"WebPage\",\"@id\":\"https:\\\/\\\/www.dillerbottle.com\\\/ru\\\/%d0%bf%d1%80%d0%be%d0%b4%d1%83%d0%ba%d1%82%d1%8b\\\/%d0%bf%d0%b5%d1%80%d0%b5%d0%bd%d0%be%d1%81%d0%bd%d0%b0%d1%8f-%d1%82%d0%b5%d1%80%d0%bc%d0%be%d1%81-%d0%b1%d1%83%d1%82%d1%8b%d0%bb%d0%ba%d0%b0\",\"url\":\"https:\\\/\\\/www.dillerbottle.com\\\/ru\\\/%d0%bf%d1%80%d0%be%d0%b4%d1%83%d0%ba%d1%82%d1%8b\\\/%d0%bf%d0%b5%d1%80%d0%b5%d0%bd%d0%be%d1%81%d0%bd%d0%b0%d1%8f-%d1%82%d0%b5%d1%80%d0%bc%d0%be%d1%81-%d0%b1%d1%83%d1%82%d1%8b%d0%bb%d0%ba%d0%b0\",\"name\":\"Portable Insulated Bottle - Diller Water Bottle Manufacturer\",\"isPartOf\":{\"@id\":\"https:\\\/\\\/www.dillerbottle.com\\\/#website\"},\"primaryImageOfPage\":{\"@id\":\"https:\\\/\\\/www.dillerbottle.com\\\/ru\\\/%d0%bf%d1%80%d0%be%d0%b4%d1%83%d0%ba%d1%82%d1%8b\\\/%d0%bf%d0%b5%d1%80%d0%b5%d0%bd%d0%be%d1%81%d0%bd%d0%b0%d1%8f-%d1%82%d0%b5%d1%80%d0%bc%d0%be%d1%81-%d0%b1%d1%83%d1%82%d1%8b%d0%bb%d0%ba%d0%b0#primaryimage\"},\"image\":{\"@id\":\"https:\\\/\\\/www.dillerbottle.com\\\/ru\\\/%d0%bf%d1%80%d0%be%d0%b4%d1%83%d0%ba%d1%82%d1%8b\\\/%d0%bf%d0%b5%d1%80%d0%b5%d0%bd%d0%be%d1%81%d0%bd%d0%b0%d1%8f-%d1%82%d0%b5%d1%80%d0%bc%d0%be%d1%81-%d0%b1%d1%83%d1%82%d1%8b%d0%bb%d0%ba%d0%b0#primaryimage\"},\"thumbnailUrl\":\"https:\\\/\\\/www.dillerbottle.com\\\/wp-content\\\/uploads\\\/2024\\\/09\\\/insulated-bottlee1561375-ec46-4284-ab4d-89486c01ef93.jpg\",\"datePublished\":\"2024-09-29T06:34:15+00:00\",\"dateModified\":\"2025-07-09T07:55:53+00:00\",\"description\":\"As one of the best portable insulated bottle manufacturers and suppliers, we are engaged in manufacturing good quality water bottles. We warmly welcome you to wholesale or buy custom made portable insulated bottle at competitive price from us. Also, small quantity orders are acceptable.\",\"breadcrumb\":{\"@id\":\"https:\\\/\\\/www.dillerbottle.com\\\/ru\\\/%d0%bf%d1%80%d0%be%d0%b4%d1%83%d0%ba%d1%82%d1%8b\\\/%d0%bf%d0%b5%d1%80%d0%b5%d0%bd%d0%be%d1%81%d0%bd%d0%b0%d1%8f-%d1%82%d0%b5%d1%80%d0%bc%d0%be%d1%81-%d0%b1%d1%83%d1%82%d1%8b%d0%bb%d0%ba%d0%b0#breadcrumb\"},\"inLanguage\":\"nl-NL\",\"potentialAction\":[{\"@type\":\"ReadAction\",\"target\":[\"https:\\\/\\\/www.dillerbottle.com\\\/ru\\\/%d0%bf%d1%80%d0%be%d0%b4%d1%83%d0%ba%d1%82%d1%8b\\\/%d0%bf%d0%b5%d1%80%d0%b5%d0%bd%d0%be%d1%81%d0%bd%d0%b0%d1%8f-%d1%82%d0%b5%d1%80%d0%bc%d0%be%d1%81-%d0%b1%d1%83%d1%82%d1%8b%d0%bb%d0%ba%d0%b0\"]}]},{\"@type\":\"ImageObject\",\"inLanguage\":\"nl-NL\",\"@id\":\"https:\\\/\\\/www.dillerbottle.com\\\/ru\\\/%d0%bf%d1%80%d0%be%d0%b4%d1%83%d0%ba%d1%82%d1%8b\\\/%d0%bf%d0%b5%d1%80%d0%b5%d0%bd%d0%be%d1%81%d0%bd%d0%b0%d1%8f-%d1%82%d0%b5%d1%80%d0%bc%d0%be%d1%81-%d0%b1%d1%83%d1%82%d1%8b%d0%bb%d0%ba%d0%b0#primaryimage\",\"url\":\"https:\\\/\\\/www.dillerbottle.com\\\/wp-content\\\/uploads\\\/2024\\\/09\\\/insulated-bottlee1561375-ec46-4284-ab4d-89486c01ef93.jpg\",\"contentUrl\":\"https:\\\/\\\/www.dillerbottle.com\\\/wp-content\\\/uploads\\\/2024\\\/09\\\/insulated-bottlee1561375-ec46-4284-ab4d-89486c01ef93.jpg\",\"width\":730,\"height\":730},{\"@type\":\"BreadcrumbList\",\"@id\":\"https:\\\/\\\/www.dillerbottle.com\\\/ru\\\/%d0%bf%d1%80%d0%be%d0%b4%d1%83%d0%ba%d1%82%d1%8b\\\/%d0%bf%d0%b5%d1%80%d0%b5%d0%bd%d0%be%d1%81%d0%bd%d0%b0%d1%8f-%d1%82%d0%b5%d1%80%d0%bc%d0%be%d1%81-%d0%b1%d1%83%d1%82%d1%8b%d0%bb%d0%ba%d0%b0#breadcrumb\",\"itemListElement\":[{\"@type\":\"ListItem\",\"position\":1,\"name\":\"Home\",\"item\":\"https:\\\/\\\/www.dillerbottle.com\\\/\"},{\"@type\":\"ListItem\",\"position\":2,\"name\":\"Products\",\"item\":\"https:\\\/\\\/www.dillerbottle.com\\\/shop\"},{\"@type\":\"ListItem\",\"position\":3,\"name\":\"Portable Insulated Bottle\"}]},{\"@type\":\"WebSite\",\"@id\":\"https:\\\/\\\/www.dillerbottle.com\\\/#website\",\"url\":\"https:\\\/\\\/www.dillerbottle.com\\\/\",\"name\":\"Diller Water Bottle Manufacturer\",\"description\":\"Water Bottle Manufacturer\",\"publisher\":{\"@id\":\"https:\\\/\\\/www.dillerbottle.com\\\/#organization\"},\"potentialAction\":[{\"@type\":\"SearchAction\",\"target\":{\"@type\":\"EntryPoint\",\"urlTemplate\":\"https:\\\/\\\/www.dillerbottle.com\\\/?s={search_term_string}\"},\"query-input\":{\"@type\":\"PropertyValueSpecification\",\"valueRequired\":true,\"valueName\":\"search_term_string\"}}],\"inLanguage\":\"nl-NL\"},{\"@type\":\"Organization\",\"@id\":\"https:\\\/\\\/www.dillerbottle.com\\\/#organization\",\"name\":\"Diller Water Bottle Manufacturer\",\"url\":\"https:\\\/\\\/www.dillerbottle.com\\\/\",\"logo\":{\"@type\":\"ImageObject\",\"inLanguage\":\"nl-NL\",\"@id\":\"https:\\\/\\\/www.dillerbottle.com\\\/#\\\/schema\\\/logo\\\/image\\\/\",\"url\":\"https:\\\/\\\/www.dillerbottle.com\\\/wp-content\\\/uploads\\\/2024\\\/09\\\/49918bfa848dcc1e9f8b509933603ac.png\",\"contentUrl\":\"https:\\\/\\\/www.dillerbottle.com\\\/wp-content\\\/uploads\\\/2024\\\/09\\\/49918bfa848dcc1e9f8b509933603ac.png\",\"width\":988,\"height\":198,\"caption\":\"Diller Water Bottle Manufacturer\"},\"image\":{\"@id\":\"https:\\\/\\\/www.dillerbottle.com\\\/#\\\/schema\\\/logo\\\/image\\\/\"}}]}<\/script>\n<!-- \/ Yoast SEO Premium plugin. -->","yoast_head_json":{"title":"Draagbare ge\u00efsoleerde fles - Diller Waterflesfabrikant","description":"Als een van de beste fabrikanten en leveranciers van draagbare ge\u00efsoleerde flessen, zijn wij bezig met het produceren van waterflessen van goede kwaliteit. Wij heten u van harte welkom om bij ons groothandel te kopen of op maat gemaakte draagbare ge\u00efsoleerde flessen tegen een concurrerende prijs. Ook zijn kleine hoeveelheden toegestaan.","robots":{"index":"index","follow":"follow","max-snippet":"max-snippet:-1","max-image-preview":"max-image-preview:large","max-video-preview":"max-video-preview:-1"},"canonical":"https:\/\/www.dillerbottle.com\/nl\/producten\/draagbare-geisoleerde-fles","og_locale":"nl_NL","og_type":"article","og_title":"Portable Insulated Bottle","og_description":"As one of the best portable insulated bottle manufacturers and suppliers, we are engaged in manufacturing good quality water bottles. We warmly welcome you to wholesale or buy custom made portable insulated bottle at competitive price from us. Also, small quantity orders are acceptable.","og_url":"https:\/\/www.dillerbottle.com\/nl\/producten\/draagbare-geisoleerde-fles","og_site_name":"Diller Water Bottle Manufacturer","article_modified_time":"2025-07-09T07:55:53+00:00","og_image":[{"width":730,"height":730,"url":"https:\/\/www.dillerbottle.com\/wp-content\/uploads\/2024\/09\/insulated-bottlee1561375-ec46-4284-ab4d-89486c01ef93.jpg","type":"image\/jpeg"}],"twitter_card":"summary_large_image","twitter_misc":{"Verwachte leestijd":"6 minuten"},"schema":{"@context":"https:\/\/schema.org","@graph":[{"@type":"WebPage","@id":"https:\/\/www.dillerbottle.com\/ru\/%d0%bf%d1%80%d0%be%d0%b4%d1%83%d0%ba%d1%82%d1%8b\/%d0%bf%d0%b5%d1%80%d0%b5%d0%bd%d0%be%d1%81%d0%bd%d0%b0%d1%8f-%d1%82%d0%b5%d1%80%d0%bc%d0%be%d1%81-%d0%b1%d1%83%d1%82%d1%8b%d0%bb%d0%ba%d0%b0","url":"https:\/\/www.dillerbottle.com\/ru\/%d0%bf%d1%80%d0%be%d0%b4%d1%83%d0%ba%d1%82%d1%8b\/%d0%bf%d0%b5%d1%80%d0%b5%d0%bd%d0%be%d1%81%d0%bd%d0%b0%d1%8f-%d1%82%d0%b5%d1%80%d0%bc%d0%be%d1%81-%d0%b1%d1%83%d1%82%d1%8b%d0%bb%d0%ba%d0%b0","name":"Draagbare ge\u00efsoleerde fles - Diller Waterflesfabrikant","isPartOf":{"@id":"https:\/\/www.dillerbottle.com\/#website"},"primaryImageOfPage":{"@id":"https:\/\/www.dillerbottle.com\/ru\/%d0%bf%d1%80%d0%be%d0%b4%d1%83%d0%ba%d1%82%d1%8b\/%d0%bf%d0%b5%d1%80%d0%b5%d0%bd%d0%be%d1%81%d0%bd%d0%b0%d1%8f-%d1%82%d0%b5%d1%80%d0%bc%d0%be%d1%81-%d0%b1%d1%83%d1%82%d1%8b%d0%bb%d0%ba%d0%b0#primaryimage"},"image":{"@id":"https:\/\/www.dillerbottle.com\/ru\/%d0%bf%d1%80%d0%be%d0%b4%d1%83%d0%ba%d1%82%d1%8b\/%d0%bf%d0%b5%d1%80%d0%b5%d0%bd%d0%be%d1%81%d0%bd%d0%b0%d1%8f-%d1%82%d0%b5%d1%80%d0%bc%d0%be%d1%81-%d0%b1%d1%83%d1%82%d1%8b%d0%bb%d0%ba%d0%b0#primaryimage"},"thumbnailUrl":"https:\/\/www.dillerbottle.com\/wp-content\/uploads\/2024\/09\/insulated-bottlee1561375-ec46-4284-ab4d-89486c01ef93.jpg","datePublished":"2024-09-29T06:34:15+00:00","dateModified":"2025-07-09T07:55:53+00:00","description":"Als een van de beste fabrikanten en leveranciers van draagbare ge\u00efsoleerde flessen, zijn wij bezig met het produceren van waterflessen van goede kwaliteit. Wij heten u van harte welkom om bij ons groothandel te kopen of op maat gemaakte draagbare ge\u00efsoleerde flessen tegen een concurrerende prijs. Ook zijn kleine hoeveelheden toegestaan.","breadcrumb":{"@id":"https:\/\/www.dillerbottle.com\/ru\/%d0%bf%d1%80%d0%be%d0%b4%d1%83%d0%ba%d1%82%d1%8b\/%d0%bf%d0%b5%d1%80%d0%b5%d0%bd%d0%be%d1%81%d0%bd%d0%b0%d1%8f-%d1%82%d0%b5%d1%80%d0%bc%d0%be%d1%81-%d0%b1%d1%83%d1%82%d1%8b%d0%bb%d0%ba%d0%b0#breadcrumb"},"inLanguage":"nl-NL","potentialAction":[{"@type":"ReadAction","target":["https:\/\/www.dillerbottle.com\/ru\/%d0%bf%d1%80%d0%be%d0%b4%d1%83%d0%ba%d1%82%d1%8b\/%d0%bf%d0%b5%d1%80%d0%b5%d0%bd%d0%be%d1%81%d0%bd%d0%b0%d1%8f-%d1%82%d0%b5%d1%80%d0%bc%d0%be%d1%81-%d0%b1%d1%83%d1%82%d1%8b%d0%bb%d0%ba%d0%b0"]}]},{"@type":"ImageObject","inLanguage":"nl-NL","@id":"https:\/\/www.dillerbottle.com\/ru\/%d0%bf%d1%80%d0%be%d0%b4%d1%83%d0%ba%d1%82%d1%8b\/%d0%bf%d0%b5%d1%80%d0%b5%d0%bd%d0%be%d1%81%d0%bd%d0%b0%d1%8f-%d1%82%d0%b5%d1%80%d0%bc%d0%be%d1%81-%d0%b1%d1%83%d1%82%d1%8b%d0%bb%d0%ba%d0%b0#primaryimage","url":"https:\/\/www.dillerbottle.com\/wp-content\/uploads\/2024\/09\/insulated-bottlee1561375-ec46-4284-ab4d-89486c01ef93.jpg","contentUrl":"https:\/\/www.dillerbottle.com\/wp-content\/uploads\/2024\/09\/insulated-bottlee1561375-ec46-4284-ab4d-89486c01ef93.jpg","width":730,"height":730},{"@type":"BreadcrumbList","@id":"https:\/\/www.dillerbottle.com\/ru\/%d0%bf%d1%80%d0%be%d0%b4%d1%83%d0%ba%d1%82%d1%8b\/%d0%bf%d0%b5%d1%80%d0%b5%d0%bd%d0%be%d1%81%d0%bd%d0%b0%d1%8f-%d1%82%d0%b5%d1%80%d0%bc%d0%be%d1%81-%d0%b1%d1%83%d1%82%d1%8b%d0%bb%d0%ba%d0%b0#breadcrumb","itemListElement":[{"@type":"ListItem","position":1,"name":"Home","item":"https:\/\/www.dillerbottle.com\/"},{"@type":"ListItem","position":2,"name":"Products","item":"https:\/\/www.dillerbottle.com\/shop"},{"@type":"ListItem","position":3,"name":"Portable Insulated Bottle"}]},{"@type":"WebSite","@id":"https:\/\/www.dillerbottle.com\/#website","url":"https:\/\/www.dillerbottle.com\/","name":"Diller Waterfles Fabrikant","description":"Fabrikant van waterflessen","publisher":{"@id":"https:\/\/www.dillerbottle.com\/#organization"},"potentialAction":[{"@type":"SearchAction","target":{"@type":"EntryPoint","urlTemplate":"https:\/\/www.dillerbottle.com\/?s={search_term_string}"},"query-input":{"@type":"PropertyValueSpecification","valueRequired":true,"valueName":"search_term_string"}}],"inLanguage":"nl-NL"},{"@type":"Organization","@id":"https:\/\/www.dillerbottle.com\/#organization","name":"Diller Waterfles Fabrikant","url":"https:\/\/www.dillerbottle.com\/","logo":{"@type":"ImageObject","inLanguage":"nl-NL","@id":"https:\/\/www.dillerbottle.com\/#\/schema\/logo\/image\/","url":"https:\/\/www.dillerbottle.com\/wp-content\/uploads\/2024\/09\/49918bfa848dcc1e9f8b509933603ac.png","contentUrl":"https:\/\/www.dillerbottle.com\/wp-content\/uploads\/2024\/09\/49918bfa848dcc1e9f8b509933603ac.png","width":988,"height":198,"caption":"Diller Water Bottle Manufacturer"},"image":{"@id":"https:\/\/www.dillerbottle.com\/#\/schema\/logo\/image\/"}}]}},"_links":{"self":[{"href":"https:\/\/www.dillerbottle.com\/nl\/wp-json\/wp\/v2\/product\/9642","targetHints":{"allow":["GET"]}}],"collection":[{"href":"https:\/\/www.dillerbottle.com\/nl\/wp-json\/wp\/v2\/product"}],"about":[{"href":"https:\/\/www.dillerbottle.com\/nl\/wp-json\/wp\/v2\/types\/product"}],"replies":[{"embeddable":true,"href":"https:\/\/www.dillerbottle.com\/nl\/wp-json\/wp\/v2\/comments?post=9642"}],"wp:featuredmedia":[{"embeddable":true,"href":"https:\/\/www.dillerbottle.com\/nl\/wp-json\/wp\/v2\/media\/9643"}],"wp:attachment":[{"href":"https:\/\/www.dillerbottle.com\/nl\/wp-json\/wp\/v2\/media?parent=9642"}],"wp:term":[{"taxonomy":"product_brand","embeddable":true,"href":"https:\/\/www.dillerbottle.com\/nl\/wp-json\/wp\/v2\/product_brand?post=9642"},{"taxonomy":"product_cat","embeddable":true,"href":"https:\/\/www.dillerbottle.com\/nl\/wp-json\/wp\/v2\/product_cat?post=9642"},{"taxonomy":"product_tag","embeddable":true,"href":"https:\/\/www.dillerbottle.com\/nl\/wp-json\/wp\/v2\/product_tag?post=9642"}],"curies":[{"name":"wp","href":"https:\/\/api.w.org\/{rel}","templated":true}]}}