{"id":9855,"date":"2024-09-29T14:37:14","date_gmt":"2024-09-29T06:37:14","guid":{"rendered":"https:\/\/demo.dillerbottle.com\/products\/stainless-steel-insulated-straw-bottle"},"modified":"2025-07-09T15:48:14","modified_gmt":"2025-07-09T07:48:14","slug":"roestvrijstalen-geisoleerde-rietjefles","status":"publish","type":"product","link":"https:\/\/www.dillerbottle.com\/nl\/products\/stainless-steel-insulated-straw-bottle","title":{"rendered":"Ge\u00efsoleerde rietjefles van roestvrij staal"},"content":{"rendered":"<p>1. Deze roestvrijstalen ge\u00efsoleerde rietfles houdt vloeistoffen 12 uur koud en 6 uur warm. De 316 roestvrijstalen voering en dubbelwandige vacu\u00fcmisolatie behouden de temperatuur. Perfect voor koffie, sap, smoothies en meer.<\/p>\n<p>2. 100% BPA-vrije 316 + 304 roestvrijstalen lekvrije vacu\u00fcmwaterfles. We hebben deze ge\u00efsoleerde waterfles duurzaam en vrij van schadelijke stoffen gemaakt. Gematteerde matte poedercoating.<\/p>\n<p>3. Je kunt het door een rietje drinken of in een bekerdeksel gieten. Het bekerdeksel kan worden gebruikt als een klein kopje, en water kan op het deksel worden gegoten om te drinken.<\/p>\n<p>4.;Deze ge\u00efsoleerde rietjefles van roestvrij staal is voorzien van een riem, waardoor hij modieus en gemakkelijk mee te nemen is als u op pad gaat.<\/p>","protected":false},"excerpt":{"rendered":"<p>Deze ge\u00efsoleerde rietjefles van roestvrij staal is gemaakt van duurzaam 316 roestvrij staal en is geschikt voor levensmiddelen.<br \/>\nDeze waterfles kan de inhoud tot wel 6-12 uur warm of ijskoud houden.<br \/>\nHet deksel van de beker kan gebruikt worden als klein kopje om water uit te drinken.<br \/>\nOEM en ODM acceptabel.<br \/>\nWij kunnen de metalen thermosfles aanpassen aan uw wensen.<br \/>\nWelkom bij groothandelsaankopen, stuur nu een aanvraag!<\/p>","protected":false},"featured_media":9856,"comment_status":"open","ping_status":"closed","template":"","meta":{"_acf_changed":false},"product_brand":[],"product_cat":[18],"product_tag":[550,776,32,36,33,849,31,39,38,29,37,34,35,848,694,28,692,796,30],"class_list":{"0":"post-9855","1":"product","2":"type-product","3":"status-publish","4":"has-post-thumbnail","6":"product_cat-insulated-water-bottle","7":"product_tag-32-oz-water-bottle","8":"product_tag-700ml-stainless-water-bottle","9":"product_tag-best","10":"product_tag-bulk","11":"product_tag-buy","12":"product_tag-ceramic-water-bottles","13":"product_tag-custom","14":"product_tag-for-sale","15":"product_tag-good-quality","16":"product_tag-manufacturers","17":"product_tag-manufacturing","18":"product_tag-price","19":"product_tag-small","20":"product_tag-stainless-steel-insulated-straw-bottle","21":"product_tag-steel-insulated-water-bottle-outdoor-water-bottle","22":"product_tag-suppliers","23":"product_tag-vacuum-sports-stainless-steel-sport-water-bottle","24":"product_tag-water-bottle-transparent","25":"product_tag-wholesale","27":"first","28":"instock","29":"shipping-taxable","30":"product-type-simple"},"acf":[],"yoast_head":"<!-- This site is optimized with the Yoast SEO Premium plugin v27.5 (Yoast SEO v27.5) - https:\/\/yoast.com\/product\/yoast-seo-premium-wordpress\/ -->\n<title>Stainless Steel Insulated Straw Bottle - Diller Water Bottle Manufacturer<\/title>\n<meta name=\"description\" content=\"As one of the best stainless steel insulated straw bottle manufacturers and suppliers, we are engaged in manufacturing good quality water bottles. We warmly welcome you to wholesale or buy custom made stainless steel insulated straw bottle at competitive price from us. Also, small quantity orders are acceptable.\" \/>\n<meta name=\"robots\" content=\"index, follow, max-snippet:-1, max-image-preview:large, max-video-preview:-1\" \/>\n<link rel=\"canonical\" href=\"https:\/\/www.dillerbottle.com\/nl\/producten\/roestvrijstalen-geisoleerde-rietjefles\" \/>\n<meta property=\"og:locale\" content=\"nl_NL\" \/>\n<meta property=\"og:type\" content=\"article\" \/>\n<meta property=\"og:title\" content=\"Stainless Steel Insulated Straw Bottle\" \/>\n<meta property=\"og:description\" content=\"As one of the best stainless steel insulated straw bottle manufacturers and suppliers, we are engaged in manufacturing good quality water bottles. We warmly welcome you to wholesale or buy custom made stainless steel insulated straw bottle at competitive price from us. Also, small quantity orders are acceptable.\" \/>\n<meta property=\"og:url\" content=\"https:\/\/www.dillerbottle.com\/nl\/producten\/roestvrijstalen-geisoleerde-rietjefles\" \/>\n<meta property=\"og:site_name\" content=\"Diller Water Bottle Manufacturer\" \/>\n<meta property=\"article:modified_time\" content=\"2025-07-09T07:48:14+00:00\" \/>\n<meta property=\"og:image\" content=\"https:\/\/www.dillerbottle.com\/wp-content\/uploads\/2024\/09\/stainless-steel-insulated-straw-bottle6ce2ea7a-f147-4584-b87d-212371a00001.jpg\" \/>\n\t<meta property=\"og:image:width\" content=\"730\" \/>\n\t<meta property=\"og:image:height\" content=\"730\" \/>\n\t<meta property=\"og:image:type\" content=\"image\/jpeg\" \/>\n<meta name=\"twitter:card\" content=\"summary_large_image\" \/>\n<meta name=\"twitter:label1\" content=\"Verwachte leestijd\" \/>\n\t<meta name=\"twitter:data1\" content=\"6 minuten\" \/>\n<script type=\"application\/ld+json\" class=\"yoast-schema-graph\">{\"@context\":\"https:\\\/\\\/schema.org\",\"@graph\":[{\"@type\":\"WebPage\",\"@id\":\"https:\\\/\\\/www.dillerbottle.com\\\/de\\\/produkte\\\/isolierflasche-aus-edelstahl-mit-strohhalm\",\"url\":\"https:\\\/\\\/www.dillerbottle.com\\\/de\\\/produkte\\\/isolierflasche-aus-edelstahl-mit-strohhalm\",\"name\":\"Stainless Steel Insulated Straw Bottle - Diller Water Bottle Manufacturer\",\"isPartOf\":{\"@id\":\"https:\\\/\\\/www.dillerbottle.com\\\/#website\"},\"primaryImageOfPage\":{\"@id\":\"https:\\\/\\\/www.dillerbottle.com\\\/de\\\/produkte\\\/isolierflasche-aus-edelstahl-mit-strohhalm#primaryimage\"},\"image\":{\"@id\":\"https:\\\/\\\/www.dillerbottle.com\\\/de\\\/produkte\\\/isolierflasche-aus-edelstahl-mit-strohhalm#primaryimage\"},\"thumbnailUrl\":\"https:\\\/\\\/www.dillerbottle.com\\\/wp-content\\\/uploads\\\/2024\\\/09\\\/stainless-steel-insulated-straw-bottle6ce2ea7a-f147-4584-b87d-212371a00001.jpg\",\"datePublished\":\"2024-09-29T06:37:14+00:00\",\"dateModified\":\"2025-07-09T07:48:14+00:00\",\"description\":\"As one of the best stainless steel insulated straw bottle manufacturers and suppliers, we are engaged in manufacturing good quality water bottles. We warmly welcome you to wholesale or buy custom made stainless steel insulated straw bottle at competitive price from us. Also, small quantity orders are acceptable.\",\"breadcrumb\":{\"@id\":\"https:\\\/\\\/www.dillerbottle.com\\\/de\\\/produkte\\\/isolierflasche-aus-edelstahl-mit-strohhalm#breadcrumb\"},\"inLanguage\":\"nl-NL\",\"potentialAction\":[{\"@type\":\"ReadAction\",\"target\":[\"https:\\\/\\\/www.dillerbottle.com\\\/de\\\/produkte\\\/isolierflasche-aus-edelstahl-mit-strohhalm\"]}]},{\"@type\":\"ImageObject\",\"inLanguage\":\"nl-NL\",\"@id\":\"https:\\\/\\\/www.dillerbottle.com\\\/de\\\/produkte\\\/isolierflasche-aus-edelstahl-mit-strohhalm#primaryimage\",\"url\":\"https:\\\/\\\/www.dillerbottle.com\\\/wp-content\\\/uploads\\\/2024\\\/09\\\/stainless-steel-insulated-straw-bottle6ce2ea7a-f147-4584-b87d-212371a00001.jpg\",\"contentUrl\":\"https:\\\/\\\/www.dillerbottle.com\\\/wp-content\\\/uploads\\\/2024\\\/09\\\/stainless-steel-insulated-straw-bottle6ce2ea7a-f147-4584-b87d-212371a00001.jpg\",\"width\":730,\"height\":730},{\"@type\":\"BreadcrumbList\",\"@id\":\"https:\\\/\\\/www.dillerbottle.com\\\/de\\\/produkte\\\/isolierflasche-aus-edelstahl-mit-strohhalm#breadcrumb\",\"itemListElement\":[{\"@type\":\"ListItem\",\"position\":1,\"name\":\"Home\",\"item\":\"https:\\\/\\\/www.dillerbottle.com\\\/\"},{\"@type\":\"ListItem\",\"position\":2,\"name\":\"Products\",\"item\":\"https:\\\/\\\/www.dillerbottle.com\\\/shop\"},{\"@type\":\"ListItem\",\"position\":3,\"name\":\"Stainless Steel Insulated Straw Bottle\"}]},{\"@type\":\"WebSite\",\"@id\":\"https:\\\/\\\/www.dillerbottle.com\\\/#website\",\"url\":\"https:\\\/\\\/www.dillerbottle.com\\\/\",\"name\":\"Diller Water Bottle Manufacturer\",\"description\":\"Water Bottle Manufacturer\",\"publisher\":{\"@id\":\"https:\\\/\\\/www.dillerbottle.com\\\/#organization\"},\"potentialAction\":[{\"@type\":\"SearchAction\",\"target\":{\"@type\":\"EntryPoint\",\"urlTemplate\":\"https:\\\/\\\/www.dillerbottle.com\\\/?s={search_term_string}\"},\"query-input\":{\"@type\":\"PropertyValueSpecification\",\"valueRequired\":true,\"valueName\":\"search_term_string\"}}],\"inLanguage\":\"nl-NL\"},{\"@type\":\"Organization\",\"@id\":\"https:\\\/\\\/www.dillerbottle.com\\\/#organization\",\"name\":\"Diller Water Bottle Manufacturer\",\"url\":\"https:\\\/\\\/www.dillerbottle.com\\\/\",\"logo\":{\"@type\":\"ImageObject\",\"inLanguage\":\"nl-NL\",\"@id\":\"https:\\\/\\\/www.dillerbottle.com\\\/#\\\/schema\\\/logo\\\/image\\\/\",\"url\":\"https:\\\/\\\/www.dillerbottle.com\\\/wp-content\\\/uploads\\\/2024\\\/09\\\/49918bfa848dcc1e9f8b509933603ac.png\",\"contentUrl\":\"https:\\\/\\\/www.dillerbottle.com\\\/wp-content\\\/uploads\\\/2024\\\/09\\\/49918bfa848dcc1e9f8b509933603ac.png\",\"width\":988,\"height\":198,\"caption\":\"Diller Water Bottle Manufacturer\"},\"image\":{\"@id\":\"https:\\\/\\\/www.dillerbottle.com\\\/#\\\/schema\\\/logo\\\/image\\\/\"}}]}<\/script>\n<!-- \/ Yoast SEO Premium plugin. -->","yoast_head_json":{"title":"Ge\u00efsoleerde rietjefles van roestvrij staal - Diller Waterflesfabrikant","description":"Als een van de beste fabrikanten en leveranciers van roestvrijstalen ge\u00efsoleerde rietjesflessen, zijn wij bezig met het produceren van waterflessen van goede kwaliteit. Wij heten u van harte welkom om roestvrijstalen ge\u00efsoleerde rietjesflessen tegen concurrerende prijzen bij ons te kopen of groothandel te kopen. Ook zijn kleine hoeveelheden toegestaan.","robots":{"index":"index","follow":"follow","max-snippet":"max-snippet:-1","max-image-preview":"max-image-preview:large","max-video-preview":"max-video-preview:-1"},"canonical":"https:\/\/www.dillerbottle.com\/nl\/producten\/roestvrijstalen-geisoleerde-rietjefles","og_locale":"nl_NL","og_type":"article","og_title":"Stainless Steel Insulated Straw Bottle","og_description":"As one of the best stainless steel insulated straw bottle manufacturers and suppliers, we are engaged in manufacturing good quality water bottles. We warmly welcome you to wholesale or buy custom made stainless steel insulated straw bottle at competitive price from us. Also, small quantity orders are acceptable.","og_url":"https:\/\/www.dillerbottle.com\/nl\/producten\/roestvrijstalen-geisoleerde-rietjefles","og_site_name":"Diller Water Bottle Manufacturer","article_modified_time":"2025-07-09T07:48:14+00:00","og_image":[{"width":730,"height":730,"url":"https:\/\/www.dillerbottle.com\/wp-content\/uploads\/2024\/09\/stainless-steel-insulated-straw-bottle6ce2ea7a-f147-4584-b87d-212371a00001.jpg","type":"image\/jpeg"}],"twitter_card":"summary_large_image","twitter_misc":{"Verwachte leestijd":"6 minuten"},"schema":{"@context":"https:\/\/schema.org","@graph":[{"@type":"WebPage","@id":"https:\/\/www.dillerbottle.com\/de\/produkte\/isolierflasche-aus-edelstahl-mit-strohhalm","url":"https:\/\/www.dillerbottle.com\/de\/produkte\/isolierflasche-aus-edelstahl-mit-strohhalm","name":"Ge\u00efsoleerde rietjefles van roestvrij staal - Diller Waterflesfabrikant","isPartOf":{"@id":"https:\/\/www.dillerbottle.com\/#website"},"primaryImageOfPage":{"@id":"https:\/\/www.dillerbottle.com\/de\/produkte\/isolierflasche-aus-edelstahl-mit-strohhalm#primaryimage"},"image":{"@id":"https:\/\/www.dillerbottle.com\/de\/produkte\/isolierflasche-aus-edelstahl-mit-strohhalm#primaryimage"},"thumbnailUrl":"https:\/\/www.dillerbottle.com\/wp-content\/uploads\/2024\/09\/stainless-steel-insulated-straw-bottle6ce2ea7a-f147-4584-b87d-212371a00001.jpg","datePublished":"2024-09-29T06:37:14+00:00","dateModified":"2025-07-09T07:48:14+00:00","description":"Als een van de beste fabrikanten en leveranciers van roestvrijstalen ge\u00efsoleerde rietjesflessen, zijn wij bezig met het produceren van waterflessen van goede kwaliteit. Wij heten u van harte welkom om roestvrijstalen ge\u00efsoleerde rietjesflessen tegen concurrerende prijzen bij ons te kopen of groothandel te kopen. Ook zijn kleine hoeveelheden toegestaan.","breadcrumb":{"@id":"https:\/\/www.dillerbottle.com\/de\/produkte\/isolierflasche-aus-edelstahl-mit-strohhalm#breadcrumb"},"inLanguage":"nl-NL","potentialAction":[{"@type":"ReadAction","target":["https:\/\/www.dillerbottle.com\/de\/produkte\/isolierflasche-aus-edelstahl-mit-strohhalm"]}]},{"@type":"ImageObject","inLanguage":"nl-NL","@id":"https:\/\/www.dillerbottle.com\/de\/produkte\/isolierflasche-aus-edelstahl-mit-strohhalm#primaryimage","url":"https:\/\/www.dillerbottle.com\/wp-content\/uploads\/2024\/09\/stainless-steel-insulated-straw-bottle6ce2ea7a-f147-4584-b87d-212371a00001.jpg","contentUrl":"https:\/\/www.dillerbottle.com\/wp-content\/uploads\/2024\/09\/stainless-steel-insulated-straw-bottle6ce2ea7a-f147-4584-b87d-212371a00001.jpg","width":730,"height":730},{"@type":"BreadcrumbList","@id":"https:\/\/www.dillerbottle.com\/de\/produkte\/isolierflasche-aus-edelstahl-mit-strohhalm#breadcrumb","itemListElement":[{"@type":"ListItem","position":1,"name":"Home","item":"https:\/\/www.dillerbottle.com\/"},{"@type":"ListItem","position":2,"name":"Products","item":"https:\/\/www.dillerbottle.com\/shop"},{"@type":"ListItem","position":3,"name":"Stainless Steel Insulated Straw Bottle"}]},{"@type":"WebSite","@id":"https:\/\/www.dillerbottle.com\/#website","url":"https:\/\/www.dillerbottle.com\/","name":"Diller Waterfles Fabrikant","description":"Fabrikant van waterflessen","publisher":{"@id":"https:\/\/www.dillerbottle.com\/#organization"},"potentialAction":[{"@type":"SearchAction","target":{"@type":"EntryPoint","urlTemplate":"https:\/\/www.dillerbottle.com\/?s={search_term_string}"},"query-input":{"@type":"PropertyValueSpecification","valueRequired":true,"valueName":"search_term_string"}}],"inLanguage":"nl-NL"},{"@type":"Organization","@id":"https:\/\/www.dillerbottle.com\/#organization","name":"Diller Waterfles Fabrikant","url":"https:\/\/www.dillerbottle.com\/","logo":{"@type":"ImageObject","inLanguage":"nl-NL","@id":"https:\/\/www.dillerbottle.com\/#\/schema\/logo\/image\/","url":"https:\/\/www.dillerbottle.com\/wp-content\/uploads\/2024\/09\/49918bfa848dcc1e9f8b509933603ac.png","contentUrl":"https:\/\/www.dillerbottle.com\/wp-content\/uploads\/2024\/09\/49918bfa848dcc1e9f8b509933603ac.png","width":988,"height":198,"caption":"Diller Water Bottle Manufacturer"},"image":{"@id":"https:\/\/www.dillerbottle.com\/#\/schema\/logo\/image\/"}}]}},"_links":{"self":[{"href":"https:\/\/www.dillerbottle.com\/nl\/wp-json\/wp\/v2\/product\/9855","targetHints":{"allow":["GET"]}}],"collection":[{"href":"https:\/\/www.dillerbottle.com\/nl\/wp-json\/wp\/v2\/product"}],"about":[{"href":"https:\/\/www.dillerbottle.com\/nl\/wp-json\/wp\/v2\/types\/product"}],"replies":[{"embeddable":true,"href":"https:\/\/www.dillerbottle.com\/nl\/wp-json\/wp\/v2\/comments?post=9855"}],"wp:featuredmedia":[{"embeddable":true,"href":"https:\/\/www.dillerbottle.com\/nl\/wp-json\/wp\/v2\/media\/9856"}],"wp:attachment":[{"href":"https:\/\/www.dillerbottle.com\/nl\/wp-json\/wp\/v2\/media?parent=9855"}],"wp:term":[{"taxonomy":"product_brand","embeddable":true,"href":"https:\/\/www.dillerbottle.com\/nl\/wp-json\/wp\/v2\/product_brand?post=9855"},{"taxonomy":"product_cat","embeddable":true,"href":"https:\/\/www.dillerbottle.com\/nl\/wp-json\/wp\/v2\/product_cat?post=9855"},{"taxonomy":"product_tag","embeddable":true,"href":"https:\/\/www.dillerbottle.com\/nl\/wp-json\/wp\/v2\/product_tag?post=9855"}],"curies":[{"name":"wp","href":"https:\/\/api.w.org\/{rel}","templated":true}]}}