{"id":15478,"date":"2024-12-13T16:41:35","date_gmt":"2024-12-13T08:41:35","guid":{"rendered":"https:\/\/www.dillerbottle.com\/?page_id=15478"},"modified":"2024-12-13T17:15:35","modified_gmt":"2024-12-13T09:15:35","slug":"obrigado","status":"publish","type":"page","link":"https:\/\/www.dillerbottle.com\/pt\/thanks","title":{"rendered":"obrigado"},"content":{"rendered":"<div data-elementor-type=\"wp-page\" data-elementor-id=\"15478\" class=\"elementor elementor-15478\" data-elementor-post-type=\"page\">\n\t\t\t\t<div class=\"elementor-element elementor-element-0569f61 e-flex e-con-boxed e-con e-parent\" data-id=\"0569f61\" data-element_type=\"container\" data-e-type=\"container\">\n\t\t\t\t\t<div class=\"e-con-inner\">\n\t\t\t\t<div class=\"elementor-element elementor-element-17f8b8f elementor-widget elementor-widget-heading\" data-id=\"17f8b8f\" data-element_type=\"widget\" data-e-type=\"widget\" data-widget_type=\"heading.default\">\n\t\t\t\t\t<h2 class=\"elementor-heading-title elementor-size-default\">Obrigado pela sua consulta<\/h2>\t\t\t\t<\/div>\n\t\t\t\t<div class=\"elementor-element elementor-element-3eec71f elementor-widget elementor-widget-text-editor\" data-id=\"3eec71f\" data-element_type=\"widget\" data-e-type=\"widget\" data-widget_type=\"text-editor.default\">\n\t\t\t\t\t\t\t\t\t<p>Responderemos suas informa\u00e7\u00f5es de contato dentro de 24 horas sobre nossos produtos a seguir. Esperamos encontrar seus produtos favoritos.<\/p>\t\t\t\t\t\t\t\t<\/div>\n\t\t\t\t\t<\/div>\n\t\t\t\t<\/div>\n\t\t<div class=\"elementor-element elementor-element-6fe610e e-flex e-con-boxed e-con e-parent\" data-id=\"6fe610e\" data-element_type=\"container\" data-e-type=\"container\">\n\t\t\t\t\t<div class=\"e-con-inner\">\n\t\t\t\t<div class=\"elementor-element elementor-element-7eebec7 elementor-mobile-align-center elementor-widget elementor-widget-button\" data-id=\"7eebec7\" data-element_type=\"widget\" data-e-type=\"widget\" data-widget_type=\"button.default\">\n\t\t\t\t\t\t\t\t\t\t<a class=\"elementor-button elementor-button-link elementor-size-sm\" href=\"https:\/\/www.dillerbottle.com\/pt\">\n\t\t\t\t\t\t<span class=\"elementor-button-content-wrapper\">\n\t\t\t\t\t\t\t\t\t<span class=\"elementor-button-text\">In\u00edcio<\/span>\n\t\t\t\t\t<\/span>\n\t\t\t\t\t<\/a>\n\t\t\t\t\t\t\t\t<\/div>\n\t\t\t\t<div class=\"elementor-element elementor-element-36f5090 elementor-mobile-align-center elementor-widget elementor-widget-button\" data-id=\"36f5090\" data-element_type=\"widget\" data-e-type=\"widget\" data-widget_type=\"button.default\">\n\t\t\t\t\t\t\t\t\t\t<a class=\"elementor-button elementor-button-link elementor-size-sm\" href=\"https:\/\/www.dillerbottle.com\/pt\/garrafa-de-agua-isolada\">\n\t\t\t\t\t\t<span class=\"elementor-button-content-wrapper\">\n\t\t\t\t\t\t\t\t\t<span class=\"elementor-button-text\">Garrafa de \u00e1gua isolada<\/span>\n\t\t\t\t\t<\/span>\n\t\t\t\t\t<\/a>\n\t\t\t\t\t\t\t\t<\/div>\n\t\t\t\t<div class=\"elementor-element elementor-element-a7b1752 elementor-mobile-align-center elementor-widget elementor-widget-button\" data-id=\"a7b1752\" data-element_type=\"widget\" data-e-type=\"widget\" data-widget_type=\"button.default\">\n\t\t\t\t\t\t\t\t\t\t<a class=\"elementor-button elementor-button-link elementor-size-sm\" href=\"\/pt\/garrafa-de-agua-de-vidro\">\n\t\t\t\t\t\t<span class=\"elementor-button-content-wrapper\">\n\t\t\t\t\t\t\t\t\t<span class=\"elementor-button-text\">Garrafa de \u00e1gua de vidro<\/span>\n\t\t\t\t\t<\/span>\n\t\t\t\t\t<\/a>\n\t\t\t\t\t\t\t\t<\/div>\n\t\t\t\t<div class=\"elementor-element elementor-element-0addf8f elementor-mobile-align-center elementor-widget elementor-widget-button\" data-id=\"0addf8f\" data-element_type=\"widget\" data-e-type=\"widget\" data-widget_type=\"button.default\">\n\t\t\t\t\t\t\t\t\t\t<a class=\"elementor-button elementor-button-link elementor-size-sm\" href=\"\/pt\/garrafa-de-agua-de-plastico\">\n\t\t\t\t\t\t<span class=\"elementor-button-content-wrapper\">\n\t\t\t\t\t\t\t\t\t<span class=\"elementor-button-text\">Garrafa de \u00e1gua de pl\u00e1stico<\/span>\n\t\t\t\t\t<\/span>\n\t\t\t\t\t<\/a>\n\t\t\t\t\t\t\t\t<\/div>\n\t\t\t\t\t<\/div>\n\t\t\t\t<\/div>\n\t\t\t\t<\/div>","protected":false},"excerpt":{"rendered":"<p>Obrigado por sua consulta Responderemos suas informa\u00e7\u00f5es de contato dentro de 24 horas de nossos produtos a seguir, esperamos encontrar seus produtos favoritos. Garrafa de \u00e1gua isolada para casa Garrafa de \u00e1gua de vidro Garrafa de \u00e1gua de pl\u00e1stico<\/p>","protected":false},"author":1,"featured_media":0,"parent":0,"menu_order":0,"comment_status":"closed","ping_status":"closed","template":"","meta":{"_acf_changed":false,"footnotes":""},"class_list":["post-15478","page","type-page","status-publish","hentry"],"acf":[],"yoast_head":"<!-- This site is optimized with the Yoast SEO Premium plugin v27.5 (Yoast SEO v27.5) - https:\/\/yoast.com\/product\/yoast-seo-premium-wordpress\/ -->\n<title>thanks - Diller Water Bottle Manufacturer<\/title>\n<meta name=\"robots\" content=\"index, follow, max-snippet:-1, max-image-preview:large, max-video-preview:-1\" \/>\n<link rel=\"canonical\" href=\"https:\/\/www.dillerbottle.com\/pt\/obrigado\" \/>\n<meta property=\"og:locale\" content=\"pt_PT\" \/>\n<meta property=\"og:type\" content=\"article\" \/>\n<meta property=\"og:title\" content=\"thanks\" \/>\n<meta property=\"og:description\" content=\"Thank you for your inquiry We will reply your contact information within 24 hours of our following products, hope to find your favorite products. Home Insulated Water Bottle Glass Water Bottle Plastic Water Bottle\" \/>\n<meta property=\"og:url\" content=\"https:\/\/www.dillerbottle.com\/pt\/obrigado\" \/>\n<meta property=\"og:site_name\" content=\"Diller Water Bottle Manufacturer\" \/>\n<meta property=\"article:modified_time\" content=\"2024-12-13T09:15:35+00:00\" \/>\n<meta name=\"twitter:card\" content=\"summary_large_image\" \/>\n<meta name=\"twitter:label1\" content=\"Tempo estimado de leitura\" \/>\n\t<meta name=\"twitter:data1\" content=\"1 minuto\" \/>\n<script type=\"application\/ld+json\" class=\"yoast-schema-graph\">{\"@context\":\"https:\\\/\\\/schema.org\",\"@graph\":[{\"@type\":\"Article\",\"@id\":\"https:\\\/\\\/www.dillerbottle.com\\\/thanks#article\",\"isPartOf\":{\"@id\":\"https:\\\/\\\/www.dillerbottle.com\\\/thanks\"},\"author\":{\"name\":\"Chief Product Officer of Diller\",\"@id\":\"https:\\\/\\\/www.dillerbottle.com\\\/#\\\/schema\\\/person\\\/6e4e3f367a0e12fd1bd059570c54c9af\"},\"headline\":\"thanks\",\"datePublished\":\"2024-12-13T08:41:35+00:00\",\"dateModified\":\"2024-12-13T09:15:35+00:00\",\"mainEntityOfPage\":{\"@id\":\"https:\\\/\\\/www.dillerbottle.com\\\/thanks\"},\"wordCount\":34,\"publisher\":{\"@id\":\"https:\\\/\\\/www.dillerbottle.com\\\/#organization\"},\"inLanguage\":\"pt-PT\"},{\"@type\":\"WebPage\",\"@id\":\"https:\\\/\\\/www.dillerbottle.com\\\/thanks\",\"url\":\"https:\\\/\\\/www.dillerbottle.com\\\/thanks\",\"name\":\"thanks - Diller Water Bottle Manufacturer\",\"isPartOf\":{\"@id\":\"https:\\\/\\\/www.dillerbottle.com\\\/#website\"},\"datePublished\":\"2024-12-13T08:41:35+00:00\",\"dateModified\":\"2024-12-13T09:15:35+00:00\",\"breadcrumb\":{\"@id\":\"https:\\\/\\\/www.dillerbottle.com\\\/thanks#breadcrumb\"},\"inLanguage\":\"pt-PT\",\"potentialAction\":[{\"@type\":\"ReadAction\",\"target\":[\"https:\\\/\\\/www.dillerbottle.com\\\/thanks\"]}]},{\"@type\":\"BreadcrumbList\",\"@id\":\"https:\\\/\\\/www.dillerbottle.com\\\/thanks#breadcrumb\",\"itemListElement\":[{\"@type\":\"ListItem\",\"position\":1,\"name\":\"Home\",\"item\":\"https:\\\/\\\/www.dillerbottle.com\\\/\"},{\"@type\":\"ListItem\",\"position\":2,\"name\":\"thanks\"}]},{\"@type\":\"WebSite\",\"@id\":\"https:\\\/\\\/www.dillerbottle.com\\\/#website\",\"url\":\"https:\\\/\\\/www.dillerbottle.com\\\/\",\"name\":\"Diller Water Bottle Manufacturer\",\"description\":\"Water Bottle Manufacturer\",\"publisher\":{\"@id\":\"https:\\\/\\\/www.dillerbottle.com\\\/#organization\"},\"potentialAction\":[{\"@type\":\"SearchAction\",\"target\":{\"@type\":\"EntryPoint\",\"urlTemplate\":\"https:\\\/\\\/www.dillerbottle.com\\\/?s={search_term_string}\"},\"query-input\":{\"@type\":\"PropertyValueSpecification\",\"valueRequired\":true,\"valueName\":\"search_term_string\"}}],\"inLanguage\":\"pt-PT\"},{\"@type\":\"Organization\",\"@id\":\"https:\\\/\\\/www.dillerbottle.com\\\/#organization\",\"name\":\"Diller Water Bottle Manufacturer\",\"url\":\"https:\\\/\\\/www.dillerbottle.com\\\/\",\"logo\":{\"@type\":\"ImageObject\",\"inLanguage\":\"pt-PT\",\"@id\":\"https:\\\/\\\/www.dillerbottle.com\\\/#\\\/schema\\\/logo\\\/image\\\/\",\"url\":\"https:\\\/\\\/www.dillerbottle.com\\\/wp-content\\\/uploads\\\/2024\\\/09\\\/49918bfa848dcc1e9f8b509933603ac.png\",\"contentUrl\":\"https:\\\/\\\/www.dillerbottle.com\\\/wp-content\\\/uploads\\\/2024\\\/09\\\/49918bfa848dcc1e9f8b509933603ac.png\",\"width\":988,\"height\":198,\"caption\":\"Diller Water Bottle Manufacturer\"},\"image\":{\"@id\":\"https:\\\/\\\/www.dillerbottle.com\\\/#\\\/schema\\\/logo\\\/image\\\/\"}},{\"@type\":\"Person\",\"@id\":\"https:\\\/\\\/www.dillerbottle.com\\\/#\\\/schema\\\/person\\\/6e4e3f367a0e12fd1bd059570c54c9af\",\"name\":\"Chief Product Officer of Diller\",\"image\":{\"@type\":\"ImageObject\",\"inLanguage\":\"pt-PT\",\"@id\":\"https:\\\/\\\/secure.gravatar.com\\\/avatar\\\/948a7094970fcd6f83ebecba16db8a0cd9e0d9a5526ec2aad2f199a3553f6eb5?s=96&d=mm&r=g\",\"url\":\"https:\\\/\\\/secure.gravatar.com\\\/avatar\\\/948a7094970fcd6f83ebecba16db8a0cd9e0d9a5526ec2aad2f199a3553f6eb5?s=96&d=mm&r=g\",\"contentUrl\":\"https:\\\/\\\/secure.gravatar.com\\\/avatar\\\/948a7094970fcd6f83ebecba16db8a0cd9e0d9a5526ec2aad2f199a3553f6eb5?s=96&d=mm&r=g\",\"caption\":\"Chief Product Officer of Diller\"},\"sameAs\":[\"https:\\\/\\\/www.dillerbottle.com\"],\"jobTitle\":\"Chief Product Officer of Diller\",\"url\":\"https:\\\/\\\/www.dillerbottle.com\\\/pt\\\/author\\\/diller\"}]}<\/script>\n<!-- \/ Yoast SEO Premium plugin. -->","yoast_head_json":{"title":"obrigado - Fabricante de garrafas de \u00e1gua Diller","robots":{"index":"index","follow":"follow","max-snippet":"max-snippet:-1","max-image-preview":"max-image-preview:large","max-video-preview":"max-video-preview:-1"},"canonical":"https:\/\/www.dillerbottle.com\/pt\/obrigado","og_locale":"pt_PT","og_type":"article","og_title":"thanks","og_description":"Thank you for your inquiry We will reply your contact information within 24 hours of our following products, hope to find your favorite products. Home Insulated Water Bottle Glass Water Bottle Plastic Water Bottle","og_url":"https:\/\/www.dillerbottle.com\/pt\/obrigado","og_site_name":"Diller Water Bottle Manufacturer","article_modified_time":"2024-12-13T09:15:35+00:00","twitter_card":"summary_large_image","twitter_misc":{"Tempo estimado de leitura":"1 minuto"},"schema":{"@context":"https:\/\/schema.org","@graph":[{"@type":"Article","@id":"https:\/\/www.dillerbottle.com\/thanks#article","isPartOf":{"@id":"https:\/\/www.dillerbottle.com\/thanks"},"author":{"name":"Chief Product Officer of Diller","@id":"https:\/\/www.dillerbottle.com\/#\/schema\/person\/6e4e3f367a0e12fd1bd059570c54c9af"},"headline":"thanks","datePublished":"2024-12-13T08:41:35+00:00","dateModified":"2024-12-13T09:15:35+00:00","mainEntityOfPage":{"@id":"https:\/\/www.dillerbottle.com\/thanks"},"wordCount":34,"publisher":{"@id":"https:\/\/www.dillerbottle.com\/#organization"},"inLanguage":"pt-PT"},{"@type":"WebPage","@id":"https:\/\/www.dillerbottle.com\/thanks","url":"https:\/\/www.dillerbottle.com\/thanks","name":"obrigado - Fabricante de garrafas de \u00e1gua Diller","isPartOf":{"@id":"https:\/\/www.dillerbottle.com\/#website"},"datePublished":"2024-12-13T08:41:35+00:00","dateModified":"2024-12-13T09:15:35+00:00","breadcrumb":{"@id":"https:\/\/www.dillerbottle.com\/thanks#breadcrumb"},"inLanguage":"pt-PT","potentialAction":[{"@type":"ReadAction","target":["https:\/\/www.dillerbottle.com\/thanks"]}]},{"@type":"BreadcrumbList","@id":"https:\/\/www.dillerbottle.com\/thanks#breadcrumb","itemListElement":[{"@type":"ListItem","position":1,"name":"Home","item":"https:\/\/www.dillerbottle.com\/"},{"@type":"ListItem","position":2,"name":"thanks"}]},{"@type":"WebSite","@id":"https:\/\/www.dillerbottle.com\/#website","url":"https:\/\/www.dillerbottle.com\/","name":"Garrafa de \u00e1gua Diller Fabricante","description":"Garrafa de \u00e1gua Fabricante","publisher":{"@id":"https:\/\/www.dillerbottle.com\/#organization"},"potentialAction":[{"@type":"SearchAction","target":{"@type":"EntryPoint","urlTemplate":"https:\/\/www.dillerbottle.com\/?s={search_term_string}"},"query-input":{"@type":"PropertyValueSpecification","valueRequired":true,"valueName":"search_term_string"}}],"inLanguage":"pt-PT"},{"@type":"Organization","@id":"https:\/\/www.dillerbottle.com\/#organization","name":"Garrafa de \u00e1gua Diller Fabricante","url":"https:\/\/www.dillerbottle.com\/","logo":{"@type":"ImageObject","inLanguage":"pt-PT","@id":"https:\/\/www.dillerbottle.com\/#\/schema\/logo\/image\/","url":"https:\/\/www.dillerbottle.com\/wp-content\/uploads\/2024\/09\/49918bfa848dcc1e9f8b509933603ac.png","contentUrl":"https:\/\/www.dillerbottle.com\/wp-content\/uploads\/2024\/09\/49918bfa848dcc1e9f8b509933603ac.png","width":988,"height":198,"caption":"Diller Water Bottle Manufacturer"},"image":{"@id":"https:\/\/www.dillerbottle.com\/#\/schema\/logo\/image\/"}},{"@type":"Person","@id":"https:\/\/www.dillerbottle.com\/#\/schema\/person\/6e4e3f367a0e12fd1bd059570c54c9af","name":"Diretor de Produtos do Diller","image":{"@type":"ImageObject","inLanguage":"pt-PT","@id":"https:\/\/secure.gravatar.com\/avatar\/948a7094970fcd6f83ebecba16db8a0cd9e0d9a5526ec2aad2f199a3553f6eb5?s=96&d=mm&r=g","url":"https:\/\/secure.gravatar.com\/avatar\/948a7094970fcd6f83ebecba16db8a0cd9e0d9a5526ec2aad2f199a3553f6eb5?s=96&d=mm&r=g","contentUrl":"https:\/\/secure.gravatar.com\/avatar\/948a7094970fcd6f83ebecba16db8a0cd9e0d9a5526ec2aad2f199a3553f6eb5?s=96&d=mm&r=g","caption":"Chief Product Officer of Diller"},"sameAs":["https:\/\/www.dillerbottle.com"],"jobTitle":"Chief Product Officer of Diller","url":"https:\/\/www.dillerbottle.com\/pt\/author\/diller"}]}},"_links":{"self":[{"href":"https:\/\/www.dillerbottle.com\/pt\/wp-json\/wp\/v2\/pages\/15478","targetHints":{"allow":["GET"]}}],"collection":[{"href":"https:\/\/www.dillerbottle.com\/pt\/wp-json\/wp\/v2\/pages"}],"about":[{"href":"https:\/\/www.dillerbottle.com\/pt\/wp-json\/wp\/v2\/types\/page"}],"author":[{"embeddable":true,"href":"https:\/\/www.dillerbottle.com\/pt\/wp-json\/wp\/v2\/users\/1"}],"replies":[{"embeddable":true,"href":"https:\/\/www.dillerbottle.com\/pt\/wp-json\/wp\/v2\/comments?post=15478"}],"version-history":[{"count":0,"href":"https:\/\/www.dillerbottle.com\/pt\/wp-json\/wp\/v2\/pages\/15478\/revisions"}],"wp:attachment":[{"href":"https:\/\/www.dillerbottle.com\/pt\/wp-json\/wp\/v2\/media?parent=15478"}],"curies":[{"name":"wp","href":"https:\/\/api.w.org\/{rel}","templated":true}]}}