{"id":3,"date":"2024-09-23T09:55:12","date_gmt":"2024-09-23T01:55:12","guid":{"rendered":"https:\/\/demo.dillerbottle.com\/?page_id=3"},"modified":"2024-10-26T17:48:30","modified_gmt":"2024-10-26T09:48:30","slug":"politica-de-privacidade","status":"publish","type":"page","link":"https:\/\/www.dillerbottle.com\/pt\/privacy-policy","title":{"rendered":"pol\u00edtica de Privacidade"},"content":{"rendered":"<p>Quem somos<br \/>O endere\u00e7o do nosso site \u00e9: https:\/\/www.dillerbottle.com.<\/p>\r\n<p>Coment\u00e1rios<br \/>Quando um visitante deixa um coment\u00e1rio em nosso site, coletamos dados do formul\u00e1rio de coment\u00e1rios, do endere\u00e7o IP do visitante e da sequ\u00eancia de caracteres do agente do usu\u00e1rio do navegador, o que ajuda a detectar coment\u00e1rios de spam.<\/p>\r\n<p>Al\u00e9m disso, podemos gerar strings de anonimiza\u00e7\u00e3o (hashes) com base no seu endere\u00e7o de e-mail e fornec\u00ea-las ao servi\u00e7o Gravatar para confirmar que voc\u00ea est\u00e1 usando o servi\u00e7o. A pol\u00edtica de privacidade do servi\u00e7o Gravatar pode ser acessada pelo seguinte link: https:\/\/automattic.com\/privacy\/. Assim que seu coment\u00e1rio for aprovado, seu avatar ser\u00e1 exibido publicamente junto com seu coment\u00e1rio.<\/p>\r\n<p>M\u00eddia<br \/>Se voc\u00ea carregar imagens em nosso site, evite carregar imagens que contenham informa\u00e7\u00f5es de geolocaliza\u00e7\u00e3o incorporadas (dados EXIF GPS). Os visitantes do site podem baixar e extrair as informa\u00e7\u00f5es de localiza\u00e7\u00e3o das imagens.<\/p>\r\n<p>Biscoitos<br \/>Se voc\u00ea deixar um coment\u00e1rio em nosso site, voc\u00ea pode escolher usar cookies para salvar seu nome, endere\u00e7o de e-mail e endere\u00e7o do site. Esses cookies lhe dar\u00e3o a conveni\u00eancia de n\u00e3o ter que preencher as informa\u00e7\u00f5es novamente quando voc\u00ea deixar um coment\u00e1rio subsequente. Esses cookies ser\u00e3o armazenados por um ano.<\/p>\r\n<p>Se voc\u00ea visitar nossa p\u00e1gina de login, definiremos um cookie tempor\u00e1rio para confirmar que seu navegador aceita cookies; esse cookie n\u00e3o cont\u00e9m dados pessoais e ser\u00e1 exclu\u00eddo quando voc\u00ea fechar seu navegador.<\/p>\r\n<p>Quando voc\u00ea faz login, configuramos v\u00e1rios cookies para armazenar suas informa\u00e7\u00f5es de login e op\u00e7\u00f5es de exibi\u00e7\u00e3o de tela. Os cookies de login s\u00e3o v\u00e1lidos por dois dias e os cookies para op\u00e7\u00f5es de exibi\u00e7\u00e3o de tela s\u00e3o v\u00e1lidos por um ano. Se voc\u00ea selecionar &quot;Lembrar de mim&quot;, suas informa\u00e7\u00f5es de login ser\u00e3o armazenadas por quinze dias. Quando voc\u00ea sai da sua conta, os cookies de login ser\u00e3o removidos.<\/p>\r\n<p>Se voc\u00ea editar ou publicar um artigo, definiremos um cookie adicional no seu navegador que n\u00e3o cont\u00e9m dados pessoais, mas apenas o ID do artigo que voc\u00ea est\u00e1 editando; esse cookie ser\u00e1 armazenado por um dia.<\/p>\r\n<p>Conte\u00fado incorporado de outros sites<br \/>Os artigos neste site podem conter conte\u00fado incorporado (por exemplo, v\u00eddeos, imagens, artigos, etc.). Esses conte\u00fados incorporados se comportam de uma forma que n\u00e3o \u00e9 diferente da forma como se comportam quando voc\u00ea visita esses sites externos diretamente.<\/p>\r\n<p>Esses sites externos podem coletar dados sobre voc\u00ea, usar cookies, incorporar ferramentas de rastreamento adicionais de terceiros e at\u00e9 mesmo monitorar suas intera\u00e7\u00f5es com o conte\u00fado incorporado, especialmente se voc\u00ea tiver uma conta nesses sites externos e estiver conectado.<\/p>\r\n<p>Com quem compartilhamos suas informa\u00e7\u00f5es<br \/>Se voc\u00ea solicitar uma redefini\u00e7\u00e3o de senha, seu endere\u00e7o IP ser\u00e1 inclu\u00eddo no e-mail de redefini\u00e7\u00e3o de senha.<\/p>\r\n<p>Por quanto tempo retemos suas informa\u00e7\u00f5es<br \/>Se voc\u00ea deixar um coment\u00e1rio, o coment\u00e1rio e seus dados associados ser\u00e3o armazenados indefinidamente. Isso \u00e9 para facilitar a identifica\u00e7\u00e3o autom\u00e1tica e aprova\u00e7\u00e3o de quaisquer coment\u00e1rios subsequentes sem a necessidade de coloc\u00e1-los em uma fila de modera\u00e7\u00e3o.<\/p>\r\n<p>Para usu\u00e1rios que se registram em nosso site, tamb\u00e9m armazenamos as informa\u00e7\u00f5es pessoais que eles fornecem em seus perfis. Todos os usu\u00e1rios podem visualizar, editar ou excluir suas informa\u00e7\u00f5es pessoais a qualquer momento (com exce\u00e7\u00e3o de nomes de usu\u00e1rios), e os administradores do site tamb\u00e9m podem visualizar e editar essas informa\u00e7\u00f5es.<\/p>\r\n<p>Quais s\u00e3o os seus direitos sobre os seus dados<br \/>Se voc\u00ea tem uma conta em nosso site, ou j\u00e1 deixou uma avalia\u00e7\u00e3o, voc\u00ea pode solicitar receber um arquivo exportado dos dados pessoais que temos sobre voc\u00ea, que inclui todos os dados que voc\u00ea nos forneceu. Voc\u00ea tamb\u00e9m pode solicitar que excluamos todos os dados pessoais que temos sobre voc\u00ea. Isso n\u00e3o inclui dados que precisamos reter para fins administrativos, legais ou de seguran\u00e7a.<\/p>\r\n<p>Para onde seus dados s\u00e3o enviados<br \/>Os coment\u00e1rios dos convidados podem ser verificados por um servi\u00e7o automatizado de detec\u00e7\u00e3o de coment\u00e1rios de spam.<\/p>","protected":false},"excerpt":{"rendered":"<p>Who we areOur website address is: https:\/\/www.dillerbottle.com. CommentsWhen a visitor leaves a comment on our website, we collect data from the comment form, the visitor&#8217;s IP address and browser User-Agent string, which helps detect spam comments. In addition, we may generate anonymisation strings (hashes) based on your email address and provide them to the Gravatar [&hellip;]<\/p>\n","protected":false},"author":1,"featured_media":0,"parent":0,"menu_order":0,"comment_status":"closed","ping_status":"open","template":"","meta":{"_acf_changed":false,"footnotes":""},"class_list":["post-3","page","type-page","status-publish","hentry"],"acf":[],"yoast_head":"<!-- This site is optimized with the Yoast SEO Premium plugin v27.5 (Yoast SEO v27.5) - https:\/\/yoast.com\/product\/yoast-seo-premium-wordpress\/ -->\n<title>Privacy Policy - Diller Water Bottle Manufacturer<\/title>\n<meta name=\"description\" content=\"Learn about our website&#039;s privacy policy and how we collect data from comments and media uploads. Find out how we protect your personal information.\" \/>\n<meta name=\"robots\" content=\"index, follow, max-snippet:-1, max-image-preview:large, max-video-preview:-1\" \/>\n<link rel=\"canonical\" href=\"https:\/\/www.dillerbottle.com\/pt\/politica-de-privacidade\" \/>\n<meta property=\"og:locale\" content=\"pt_PT\" \/>\n<meta property=\"og:type\" content=\"article\" \/>\n<meta property=\"og:title\" content=\"Privacy Policy\" \/>\n<meta property=\"og:description\" content=\"Learn about our website&#039;s privacy policy and how we collect data from comments and media uploads. Find out how we protect your personal information.\" \/>\n<meta property=\"og:url\" content=\"https:\/\/www.dillerbottle.com\/pt\/politica-de-privacidade\" \/>\n<meta property=\"og:site_name\" content=\"Diller Water Bottle Manufacturer\" \/>\n<meta property=\"article:modified_time\" content=\"2024-10-26T09:48:30+00:00\" \/>\n<meta name=\"twitter:card\" content=\"summary_large_image\" \/>\n<meta name=\"twitter:label1\" content=\"Tempo estimado de leitura\" \/>\n\t<meta name=\"twitter:data1\" content=\"3 minutos\" \/>\n<script type=\"application\/ld+json\" class=\"yoast-schema-graph\">{\"@context\":\"https:\\\/\\\/schema.org\",\"@graph\":[{\"@type\":\"Article\",\"@id\":\"https:\\\/\\\/www.dillerbottle.com\\\/privacy-policy#article\",\"isPartOf\":{\"@id\":\"https:\\\/\\\/www.dillerbottle.com\\\/privacy-policy\"},\"author\":{\"name\":\"Chief Product Officer of Diller\",\"@id\":\"https:\\\/\\\/www.dillerbottle.com\\\/#\\\/schema\\\/person\\\/6e4e3f367a0e12fd1bd059570c54c9af\"},\"headline\":\"Privacy Policy\",\"datePublished\":\"2024-09-23T01:55:12+00:00\",\"dateModified\":\"2024-10-26T09:48:30+00:00\",\"mainEntityOfPage\":{\"@id\":\"https:\\\/\\\/www.dillerbottle.com\\\/privacy-policy\"},\"wordCount\":607,\"publisher\":{\"@id\":\"https:\\\/\\\/www.dillerbottle.com\\\/#organization\"},\"inLanguage\":\"pt-PT\"},{\"@type\":\"WebPage\",\"@id\":\"https:\\\/\\\/www.dillerbottle.com\\\/privacy-policy\",\"url\":\"https:\\\/\\\/www.dillerbottle.com\\\/privacy-policy\",\"name\":\"Privacy Policy - Diller Water Bottle Manufacturer\",\"isPartOf\":{\"@id\":\"https:\\\/\\\/www.dillerbottle.com\\\/#website\"},\"datePublished\":\"2024-09-23T01:55:12+00:00\",\"dateModified\":\"2024-10-26T09:48:30+00:00\",\"description\":\"Learn about our website's privacy policy and how we collect data from comments and media uploads. Find out how we protect your personal information.\",\"breadcrumb\":{\"@id\":\"https:\\\/\\\/www.dillerbottle.com\\\/privacy-policy#breadcrumb\"},\"inLanguage\":\"pt-PT\",\"potentialAction\":[{\"@type\":\"ReadAction\",\"target\":[\"https:\\\/\\\/www.dillerbottle.com\\\/privacy-policy\"]}]},{\"@type\":\"BreadcrumbList\",\"@id\":\"https:\\\/\\\/www.dillerbottle.com\\\/privacy-policy#breadcrumb\",\"itemListElement\":[{\"@type\":\"ListItem\",\"position\":1,\"name\":\"Home\",\"item\":\"https:\\\/\\\/www.dillerbottle.com\\\/\"},{\"@type\":\"ListItem\",\"position\":2,\"name\":\"Privacy Policy\"}]},{\"@type\":\"WebSite\",\"@id\":\"https:\\\/\\\/www.dillerbottle.com\\\/#website\",\"url\":\"https:\\\/\\\/www.dillerbottle.com\\\/\",\"name\":\"Diller Water Bottle Manufacturer\",\"description\":\"Water Bottle Manufacturer\",\"publisher\":{\"@id\":\"https:\\\/\\\/www.dillerbottle.com\\\/#organization\"},\"potentialAction\":[{\"@type\":\"SearchAction\",\"target\":{\"@type\":\"EntryPoint\",\"urlTemplate\":\"https:\\\/\\\/www.dillerbottle.com\\\/?s={search_term_string}\"},\"query-input\":{\"@type\":\"PropertyValueSpecification\",\"valueRequired\":true,\"valueName\":\"search_term_string\"}}],\"inLanguage\":\"pt-PT\"},{\"@type\":\"Organization\",\"@id\":\"https:\\\/\\\/www.dillerbottle.com\\\/#organization\",\"name\":\"Diller Water Bottle Manufacturer\",\"url\":\"https:\\\/\\\/www.dillerbottle.com\\\/\",\"logo\":{\"@type\":\"ImageObject\",\"inLanguage\":\"pt-PT\",\"@id\":\"https:\\\/\\\/www.dillerbottle.com\\\/#\\\/schema\\\/logo\\\/image\\\/\",\"url\":\"https:\\\/\\\/www.dillerbottle.com\\\/wp-content\\\/uploads\\\/2024\\\/09\\\/49918bfa848dcc1e9f8b509933603ac.png\",\"contentUrl\":\"https:\\\/\\\/www.dillerbottle.com\\\/wp-content\\\/uploads\\\/2024\\\/09\\\/49918bfa848dcc1e9f8b509933603ac.png\",\"width\":988,\"height\":198,\"caption\":\"Diller Water Bottle Manufacturer\"},\"image\":{\"@id\":\"https:\\\/\\\/www.dillerbottle.com\\\/#\\\/schema\\\/logo\\\/image\\\/\"}},{\"@type\":\"Person\",\"@id\":\"https:\\\/\\\/www.dillerbottle.com\\\/#\\\/schema\\\/person\\\/6e4e3f367a0e12fd1bd059570c54c9af\",\"name\":\"Chief Product Officer of Diller\",\"image\":{\"@type\":\"ImageObject\",\"inLanguage\":\"pt-PT\",\"@id\":\"https:\\\/\\\/secure.gravatar.com\\\/avatar\\\/948a7094970fcd6f83ebecba16db8a0cd9e0d9a5526ec2aad2f199a3553f6eb5?s=96&d=mm&r=g\",\"url\":\"https:\\\/\\\/secure.gravatar.com\\\/avatar\\\/948a7094970fcd6f83ebecba16db8a0cd9e0d9a5526ec2aad2f199a3553f6eb5?s=96&d=mm&r=g\",\"contentUrl\":\"https:\\\/\\\/secure.gravatar.com\\\/avatar\\\/948a7094970fcd6f83ebecba16db8a0cd9e0d9a5526ec2aad2f199a3553f6eb5?s=96&d=mm&r=g\",\"caption\":\"Chief Product Officer of Diller\"},\"sameAs\":[\"https:\\\/\\\/www.dillerbottle.com\"],\"jobTitle\":\"Chief Product Officer of Diller\",\"url\":\"https:\\\/\\\/www.dillerbottle.com\\\/pt\\\/author\\\/diller\"}]}<\/script>\n<!-- \/ Yoast SEO Premium plugin. -->","yoast_head_json":{"title":"Pol\u00edtica de Privacidade - Fabricante de Garrafas de \u00c1gua Diller","description":"Saiba mais sobre a pol\u00edtica de privacidade do nosso site e como coletamos dados de coment\u00e1rios e uploads de m\u00eddia. Descubra como protegemos suas informa\u00e7\u00f5es pessoais.","robots":{"index":"index","follow":"follow","max-snippet":"max-snippet:-1","max-image-preview":"max-image-preview:large","max-video-preview":"max-video-preview:-1"},"canonical":"https:\/\/www.dillerbottle.com\/pt\/politica-de-privacidade","og_locale":"pt_PT","og_type":"article","og_title":"Privacy Policy","og_description":"Learn about our website's privacy policy and how we collect data from comments and media uploads. Find out how we protect your personal information.","og_url":"https:\/\/www.dillerbottle.com\/pt\/politica-de-privacidade","og_site_name":"Diller Water Bottle Manufacturer","article_modified_time":"2024-10-26T09:48:30+00:00","twitter_card":"summary_large_image","twitter_misc":{"Tempo estimado de leitura":"3 minutos"},"schema":{"@context":"https:\/\/schema.org","@graph":[{"@type":"Article","@id":"https:\/\/www.dillerbottle.com\/privacy-policy#article","isPartOf":{"@id":"https:\/\/www.dillerbottle.com\/privacy-policy"},"author":{"name":"Chief Product Officer of Diller","@id":"https:\/\/www.dillerbottle.com\/#\/schema\/person\/6e4e3f367a0e12fd1bd059570c54c9af"},"headline":"Privacy Policy","datePublished":"2024-09-23T01:55:12+00:00","dateModified":"2024-10-26T09:48:30+00:00","mainEntityOfPage":{"@id":"https:\/\/www.dillerbottle.com\/privacy-policy"},"wordCount":607,"publisher":{"@id":"https:\/\/www.dillerbottle.com\/#organization"},"inLanguage":"pt-PT"},{"@type":"WebPage","@id":"https:\/\/www.dillerbottle.com\/privacy-policy","url":"https:\/\/www.dillerbottle.com\/privacy-policy","name":"Pol\u00edtica de Privacidade - Fabricante de Garrafas de \u00c1gua Diller","isPartOf":{"@id":"https:\/\/www.dillerbottle.com\/#website"},"datePublished":"2024-09-23T01:55:12+00:00","dateModified":"2024-10-26T09:48:30+00:00","description":"Saiba mais sobre a pol\u00edtica de privacidade do nosso site e como coletamos dados de coment\u00e1rios e uploads de m\u00eddia. Descubra como protegemos suas informa\u00e7\u00f5es pessoais.","breadcrumb":{"@id":"https:\/\/www.dillerbottle.com\/privacy-policy#breadcrumb"},"inLanguage":"pt-PT","potentialAction":[{"@type":"ReadAction","target":["https:\/\/www.dillerbottle.com\/privacy-policy"]}]},{"@type":"BreadcrumbList","@id":"https:\/\/www.dillerbottle.com\/privacy-policy#breadcrumb","itemListElement":[{"@type":"ListItem","position":1,"name":"Home","item":"https:\/\/www.dillerbottle.com\/"},{"@type":"ListItem","position":2,"name":"Privacy Policy"}]},{"@type":"WebSite","@id":"https:\/\/www.dillerbottle.com\/#website","url":"https:\/\/www.dillerbottle.com\/","name":"Garrafa de \u00e1gua Diller Fabricante","description":"Garrafa de \u00e1gua Fabricante","publisher":{"@id":"https:\/\/www.dillerbottle.com\/#organization"},"potentialAction":[{"@type":"SearchAction","target":{"@type":"EntryPoint","urlTemplate":"https:\/\/www.dillerbottle.com\/?s={search_term_string}"},"query-input":{"@type":"PropertyValueSpecification","valueRequired":true,"valueName":"search_term_string"}}],"inLanguage":"pt-PT"},{"@type":"Organization","@id":"https:\/\/www.dillerbottle.com\/#organization","name":"Garrafa de \u00e1gua Diller Fabricante","url":"https:\/\/www.dillerbottle.com\/","logo":{"@type":"ImageObject","inLanguage":"pt-PT","@id":"https:\/\/www.dillerbottle.com\/#\/schema\/logo\/image\/","url":"https:\/\/www.dillerbottle.com\/wp-content\/uploads\/2024\/09\/49918bfa848dcc1e9f8b509933603ac.png","contentUrl":"https:\/\/www.dillerbottle.com\/wp-content\/uploads\/2024\/09\/49918bfa848dcc1e9f8b509933603ac.png","width":988,"height":198,"caption":"Diller Water Bottle Manufacturer"},"image":{"@id":"https:\/\/www.dillerbottle.com\/#\/schema\/logo\/image\/"}},{"@type":"Person","@id":"https:\/\/www.dillerbottle.com\/#\/schema\/person\/6e4e3f367a0e12fd1bd059570c54c9af","name":"Diretor de Produtos do Diller","image":{"@type":"ImageObject","inLanguage":"pt-PT","@id":"https:\/\/secure.gravatar.com\/avatar\/948a7094970fcd6f83ebecba16db8a0cd9e0d9a5526ec2aad2f199a3553f6eb5?s=96&d=mm&r=g","url":"https:\/\/secure.gravatar.com\/avatar\/948a7094970fcd6f83ebecba16db8a0cd9e0d9a5526ec2aad2f199a3553f6eb5?s=96&d=mm&r=g","contentUrl":"https:\/\/secure.gravatar.com\/avatar\/948a7094970fcd6f83ebecba16db8a0cd9e0d9a5526ec2aad2f199a3553f6eb5?s=96&d=mm&r=g","caption":"Chief Product Officer of Diller"},"sameAs":["https:\/\/www.dillerbottle.com"],"jobTitle":"Chief Product Officer of Diller","url":"https:\/\/www.dillerbottle.com\/pt\/author\/diller"}]}},"_links":{"self":[{"href":"https:\/\/www.dillerbottle.com\/pt\/wp-json\/wp\/v2\/pages\/3","targetHints":{"allow":["GET"]}}],"collection":[{"href":"https:\/\/www.dillerbottle.com\/pt\/wp-json\/wp\/v2\/pages"}],"about":[{"href":"https:\/\/www.dillerbottle.com\/pt\/wp-json\/wp\/v2\/types\/page"}],"author":[{"embeddable":true,"href":"https:\/\/www.dillerbottle.com\/pt\/wp-json\/wp\/v2\/users\/1"}],"replies":[{"embeddable":true,"href":"https:\/\/www.dillerbottle.com\/pt\/wp-json\/wp\/v2\/comments?post=3"}],"version-history":[{"count":0,"href":"https:\/\/www.dillerbottle.com\/pt\/wp-json\/wp\/v2\/pages\/3\/revisions"}],"wp:attachment":[{"href":"https:\/\/www.dillerbottle.com\/pt\/wp-json\/wp\/v2\/media?parent=3"}],"curies":[{"name":"wp","href":"https:\/\/api.w.org\/{rel}","templated":true}]}}