{"id":10012,"date":"2024-09-29T14:39:26","date_gmt":"2024-09-29T06:39:26","guid":{"rendered":"https:\/\/demo.dillerbottle.com\/products\/insulated-water-bottle"},"modified":"2025-07-09T15:39:20","modified_gmt":"2025-07-09T07:39:20","slug":"garrafa-de-agua-isolada","status":"publish","type":"product","link":"https:\/\/www.dillerbottle.com\/pt\/products\/insulated-water-bottle","title":{"rendered":"Garrafa de \u00e1gua isolada"},"content":{"rendered":"<p>1. A garrafa de bebida a v\u00e1cuo de 16 oz \u00e9 feita de a\u00e7o inoxid\u00e1vel 316 e PP de grau aliment\u00edcio. Resistente \u00e0 corros\u00e3o, segura e saud\u00e1vel. Tamb\u00e9m com uma camada de isolamento a v\u00e1cuo para manter o l\u00edquido quente e frio.;<\/p>\n<p>2. Fa\u00e7a ch\u00e1 solto, de ervas ou de frutas, ou use saquinhos de ch\u00e1 para encher esta garrafa de bebida a v\u00e1cuo de 16OZ com ch\u00e1 delicioso usando o infusor de metal de qualidade. Esta garrafa de \u00e1gua \u00e9 a favorita daqueles que gostam de suco, leite, caf\u00e9, n\u00e3o precisam mais se preocupar com a eros\u00e3o.<\/p>\n<p>3. A garrafa t\u00e9rmica fina para bebidas \u00e9 feita para levar em viagens e cabe em porta-copos comuns de carros, para que voc\u00ea nunca mais sinta sede durante o transporte. Al\u00e9m disso, seu design sem al\u00e7a facilita a organiza\u00e7\u00e3o em espa\u00e7os pequenos.<\/p>\n<p>4. Design de infusor de ch\u00e1 de a\u00e7o inoxid\u00e1vel de camada dupla, maior capacidade, f\u00e1cil de limpar.<\/p>\n<div style=\"width: 640px;\" class=\"wp-video\"><video class=\"wp-video-shortcode\" id=\"video-10012-1\" width=\"640\" height=\"360\" preload=\"metadata\" controls=\"controls\"><source type=\"video\/mp4\" src=\"\/wp-content\/uploads\/2024\/09\/66f8f6234736b-video202302151626079570754.mp4?_=1\" \/><a href=\"\/wp-content\/uploads\/2024\/09\/66f8f6234736b-video202302151626079570754.mp4\">\/wp-content\/uploads\/2024\/09\/66f8f6234736b-video202302151626079570754.mp4<\/a><\/video><\/div>","protected":false},"excerpt":{"rendered":"<p>Esta garrafa de \u00e1gua isolada \u00e9 feita de a\u00e7o inoxid\u00e1vel 316 dur\u00e1vel.<br \/>\nEste frasco de \u00e1gua pode manter o conte\u00fado quente ou gelado por at\u00e9 6 a 12 horas.<br \/>\nInfusor de ch\u00e1 em a\u00e7o inoxid\u00e1vel com dupla camada, maior capacidade e f\u00e1cil de limpar.<br \/>\nOEM e ODM aceit\u00e1veis.<br \/>\nPodemos personalizar a garrafa t\u00e9rmica de metal de acordo com suas necessidades.<br \/>\nBem-vindo \u00e0 compra por atacado, envie sua consulta agora!<\/p>","protected":false},"featured_media":10013,"comment_status":"open","ping_status":"closed","template":"","meta":{"_acf_changed":false},"product_brand":[],"product_cat":[18],"product_tag":[32,36,33,31,39,38,855,774,29,37,523,34,35,563,715,694,28,703,30],"class_list":{"0":"post-10012","1":"product","2":"type-product","3":"status-publish","4":"has-post-thumbnail","6":"product_cat-insulated-water-bottle","7":"product_tag-best","8":"product_tag-bulk","9":"product_tag-buy","10":"product_tag-custom","11":"product_tag-for-sale","12":"product_tag-good-quality","13":"product_tag-insulated-water-bottle","14":"product_tag-insulated-water-bottle-with-straw","15":"product_tag-manufacturers","16":"product_tag-manufacturing","17":"product_tag-outdoor-water-bottle","18":"product_tag-price","19":"product_tag-small","20":"product_tag-stainless-steel-sports-water-bottles-with-straw","21":"product_tag-stainless-steel-water-bottle-1000-ml","22":"product_tag-steel-insulated-water-bottle-outdoor-water-bottle","23":"product_tag-suppliers","24":"product_tag-water-bottle-bamboo-lid","25":"product_tag-wholesale","27":"first","28":"instock","29":"shipping-taxable","30":"product-type-simple"},"acf":[],"yoast_head":"<!-- This site is optimized with the Yoast SEO Premium plugin v27.5 (Yoast SEO v27.5) - https:\/\/yoast.com\/product\/yoast-seo-premium-wordpress\/ -->\n<title>Insulated Water Bottle - Diller Water Bottle Manufacturer<\/title>\n<meta name=\"description\" content=\"As one of the best insulated water bottle manufacturers and suppliers, we are engaged in manufacturing good quality water bottles. We warmly welcome you to wholesale or buy custom made insulated water bottle at competitive price from us. Also, small quantity orders are acceptable.\" \/>\n<meta name=\"robots\" content=\"index, follow, max-snippet:-1, max-image-preview:large, max-video-preview:-1\" \/>\n<link rel=\"canonical\" href=\"https:\/\/www.dillerbottle.com\/pt\/produtos\/garrafa-de-agua-isolada\" \/>\n<meta property=\"og:locale\" content=\"pt_PT\" \/>\n<meta property=\"og:type\" content=\"article\" \/>\n<meta property=\"og:title\" content=\"Insulated Water Bottle\" \/>\n<meta property=\"og:description\" content=\"As one of the best insulated water bottle manufacturers and suppliers, we are engaged in manufacturing good quality water bottles. We warmly welcome you to wholesale or buy custom made insulated water bottle at competitive price from us. Also, small quantity orders are acceptable.\" \/>\n<meta property=\"og:url\" content=\"https:\/\/www.dillerbottle.com\/pt\/produtos\/garrafa-de-agua-isolada\" \/>\n<meta property=\"og:site_name\" content=\"Diller Water Bottle Manufacturer\" \/>\n<meta property=\"article:modified_time\" content=\"2025-07-09T07:39:20+00:00\" \/>\n<meta property=\"og:image\" content=\"https:\/\/www.dillerbottle.com\/wp-content\/uploads\/2024\/09\/insulated-water-bottle6aa7c3f7-8045-4fe2-bef0-df0131a28720.jpg\" \/>\n\t<meta property=\"og:image:width\" content=\"730\" \/>\n\t<meta property=\"og:image:height\" content=\"730\" \/>\n\t<meta property=\"og:image:type\" content=\"image\/jpeg\" \/>\n<meta name=\"twitter:card\" content=\"summary_large_image\" \/>\n<meta name=\"twitter:label1\" content=\"Tempo estimado de leitura\" \/>\n\t<meta name=\"twitter:data1\" content=\"6 minutos\" \/>\n<script type=\"application\/ld+json\" class=\"yoast-schema-graph\">{\"@context\":\"https:\\\/\\\/schema.org\",\"@graph\":[{\"@type\":\"WebPage\",\"@id\":\"https:\\\/\\\/www.dillerbottle.com\\\/pt\\\/produtos\\\/garrafa-de-agua-isolada\",\"url\":\"https:\\\/\\\/www.dillerbottle.com\\\/pt\\\/produtos\\\/garrafa-de-agua-isolada\",\"name\":\"Insulated Water Bottle - Diller Water Bottle Manufacturer\",\"isPartOf\":{\"@id\":\"https:\\\/\\\/www.dillerbottle.com\\\/#website\"},\"primaryImageOfPage\":{\"@id\":\"https:\\\/\\\/www.dillerbottle.com\\\/pt\\\/produtos\\\/garrafa-de-agua-isolada#primaryimage\"},\"image\":{\"@id\":\"https:\\\/\\\/www.dillerbottle.com\\\/pt\\\/produtos\\\/garrafa-de-agua-isolada#primaryimage\"},\"thumbnailUrl\":\"https:\\\/\\\/www.dillerbottle.com\\\/wp-content\\\/uploads\\\/2024\\\/09\\\/insulated-water-bottle6aa7c3f7-8045-4fe2-bef0-df0131a28720.jpg\",\"datePublished\":\"2024-09-29T06:39:26+00:00\",\"dateModified\":\"2025-07-09T07:39:20+00:00\",\"description\":\"As one of the best insulated water bottle manufacturers and suppliers, we are engaged in manufacturing good quality water bottles. We warmly welcome you to wholesale or buy custom made insulated water bottle at competitive price from us. Also, small quantity orders are acceptable.\",\"breadcrumb\":{\"@id\":\"https:\\\/\\\/www.dillerbottle.com\\\/pt\\\/produtos\\\/garrafa-de-agua-isolada#breadcrumb\"},\"inLanguage\":\"pt-PT\",\"potentialAction\":[{\"@type\":\"ReadAction\",\"target\":[\"https:\\\/\\\/www.dillerbottle.com\\\/pt\\\/produtos\\\/garrafa-de-agua-isolada\"]}]},{\"@type\":\"ImageObject\",\"inLanguage\":\"pt-PT\",\"@id\":\"https:\\\/\\\/www.dillerbottle.com\\\/pt\\\/produtos\\\/garrafa-de-agua-isolada#primaryimage\",\"url\":\"https:\\\/\\\/www.dillerbottle.com\\\/wp-content\\\/uploads\\\/2024\\\/09\\\/insulated-water-bottle6aa7c3f7-8045-4fe2-bef0-df0131a28720.jpg\",\"contentUrl\":\"https:\\\/\\\/www.dillerbottle.com\\\/wp-content\\\/uploads\\\/2024\\\/09\\\/insulated-water-bottle6aa7c3f7-8045-4fe2-bef0-df0131a28720.jpg\",\"width\":730,\"height\":730},{\"@type\":\"BreadcrumbList\",\"@id\":\"https:\\\/\\\/www.dillerbottle.com\\\/pt\\\/produtos\\\/garrafa-de-agua-isolada#breadcrumb\",\"itemListElement\":[{\"@type\":\"ListItem\",\"position\":1,\"name\":\"Home\",\"item\":\"https:\\\/\\\/www.dillerbottle.com\\\/\"},{\"@type\":\"ListItem\",\"position\":2,\"name\":\"Products\",\"item\":\"https:\\\/\\\/www.dillerbottle.com\\\/shop\"},{\"@type\":\"ListItem\",\"position\":3,\"name\":\"Insulated Water Bottle\"}]},{\"@type\":\"WebSite\",\"@id\":\"https:\\\/\\\/www.dillerbottle.com\\\/#website\",\"url\":\"https:\\\/\\\/www.dillerbottle.com\\\/\",\"name\":\"Diller Water Bottle Manufacturer\",\"description\":\"Water Bottle Manufacturer\",\"publisher\":{\"@id\":\"https:\\\/\\\/www.dillerbottle.com\\\/#organization\"},\"potentialAction\":[{\"@type\":\"SearchAction\",\"target\":{\"@type\":\"EntryPoint\",\"urlTemplate\":\"https:\\\/\\\/www.dillerbottle.com\\\/?s={search_term_string}\"},\"query-input\":{\"@type\":\"PropertyValueSpecification\",\"valueRequired\":true,\"valueName\":\"search_term_string\"}}],\"inLanguage\":\"pt-PT\"},{\"@type\":\"Organization\",\"@id\":\"https:\\\/\\\/www.dillerbottle.com\\\/#organization\",\"name\":\"Diller Water Bottle Manufacturer\",\"url\":\"https:\\\/\\\/www.dillerbottle.com\\\/\",\"logo\":{\"@type\":\"ImageObject\",\"inLanguage\":\"pt-PT\",\"@id\":\"https:\\\/\\\/www.dillerbottle.com\\\/#\\\/schema\\\/logo\\\/image\\\/\",\"url\":\"https:\\\/\\\/www.dillerbottle.com\\\/wp-content\\\/uploads\\\/2024\\\/09\\\/49918bfa848dcc1e9f8b509933603ac.png\",\"contentUrl\":\"https:\\\/\\\/www.dillerbottle.com\\\/wp-content\\\/uploads\\\/2024\\\/09\\\/49918bfa848dcc1e9f8b509933603ac.png\",\"width\":988,\"height\":198,\"caption\":\"Diller Water Bottle Manufacturer\"},\"image\":{\"@id\":\"https:\\\/\\\/www.dillerbottle.com\\\/#\\\/schema\\\/logo\\\/image\\\/\"}}]}<\/script>\n<!-- \/ Yoast SEO Premium plugin. -->","yoast_head_json":{"title":"Garrafa de \u00e1gua isolada - Fabricante de garrafas de \u00e1gua Diller","description":"Como um dos melhores fabricantes e fornecedores de garrafas de \u00e1gua isoladas, estamos engajados na fabrica\u00e7\u00e3o de garrafas de \u00e1gua de boa qualidade. N\u00f3s calorosamente convidamos voc\u00ea a vender no atacado ou comprar garrafas de \u00e1gua isoladas personalizadas a pre\u00e7os competitivos conosco. Al\u00e9m disso, pedidos de pequenas quantidades s\u00e3o aceit\u00e1veis.","robots":{"index":"index","follow":"follow","max-snippet":"max-snippet:-1","max-image-preview":"max-image-preview:large","max-video-preview":"max-video-preview:-1"},"canonical":"https:\/\/www.dillerbottle.com\/pt\/produtos\/garrafa-de-agua-isolada","og_locale":"pt_PT","og_type":"article","og_title":"Insulated Water Bottle","og_description":"As one of the best insulated water bottle manufacturers and suppliers, we are engaged in manufacturing good quality water bottles. We warmly welcome you to wholesale or buy custom made insulated water bottle at competitive price from us. Also, small quantity orders are acceptable.","og_url":"https:\/\/www.dillerbottle.com\/pt\/produtos\/garrafa-de-agua-isolada","og_site_name":"Diller Water Bottle Manufacturer","article_modified_time":"2025-07-09T07:39:20+00:00","og_image":[{"width":730,"height":730,"url":"https:\/\/www.dillerbottle.com\/wp-content\/uploads\/2024\/09\/insulated-water-bottle6aa7c3f7-8045-4fe2-bef0-df0131a28720.jpg","type":"image\/jpeg"}],"twitter_card":"summary_large_image","twitter_misc":{"Tempo estimado de leitura":"6 minutos"},"schema":{"@context":"https:\/\/schema.org","@graph":[{"@type":"WebPage","@id":"https:\/\/www.dillerbottle.com\/pt\/produtos\/garrafa-de-agua-isolada","url":"https:\/\/www.dillerbottle.com\/pt\/produtos\/garrafa-de-agua-isolada","name":"Garrafa de \u00e1gua isolada - Fabricante de garrafas de \u00e1gua Diller","isPartOf":{"@id":"https:\/\/www.dillerbottle.com\/#website"},"primaryImageOfPage":{"@id":"https:\/\/www.dillerbottle.com\/pt\/produtos\/garrafa-de-agua-isolada#primaryimage"},"image":{"@id":"https:\/\/www.dillerbottle.com\/pt\/produtos\/garrafa-de-agua-isolada#primaryimage"},"thumbnailUrl":"https:\/\/www.dillerbottle.com\/wp-content\/uploads\/2024\/09\/insulated-water-bottle6aa7c3f7-8045-4fe2-bef0-df0131a28720.jpg","datePublished":"2024-09-29T06:39:26+00:00","dateModified":"2025-07-09T07:39:20+00:00","description":"Como um dos melhores fabricantes e fornecedores de garrafas de \u00e1gua isoladas, estamos engajados na fabrica\u00e7\u00e3o de garrafas de \u00e1gua de boa qualidade. N\u00f3s calorosamente convidamos voc\u00ea a vender no atacado ou comprar garrafas de \u00e1gua isoladas personalizadas a pre\u00e7os competitivos conosco. Al\u00e9m disso, pedidos de pequenas quantidades s\u00e3o aceit\u00e1veis.","breadcrumb":{"@id":"https:\/\/www.dillerbottle.com\/pt\/produtos\/garrafa-de-agua-isolada#breadcrumb"},"inLanguage":"pt-PT","potentialAction":[{"@type":"ReadAction","target":["https:\/\/www.dillerbottle.com\/pt\/produtos\/garrafa-de-agua-isolada"]}]},{"@type":"ImageObject","inLanguage":"pt-PT","@id":"https:\/\/www.dillerbottle.com\/pt\/produtos\/garrafa-de-agua-isolada#primaryimage","url":"https:\/\/www.dillerbottle.com\/wp-content\/uploads\/2024\/09\/insulated-water-bottle6aa7c3f7-8045-4fe2-bef0-df0131a28720.jpg","contentUrl":"https:\/\/www.dillerbottle.com\/wp-content\/uploads\/2024\/09\/insulated-water-bottle6aa7c3f7-8045-4fe2-bef0-df0131a28720.jpg","width":730,"height":730},{"@type":"BreadcrumbList","@id":"https:\/\/www.dillerbottle.com\/pt\/produtos\/garrafa-de-agua-isolada#breadcrumb","itemListElement":[{"@type":"ListItem","position":1,"name":"Home","item":"https:\/\/www.dillerbottle.com\/"},{"@type":"ListItem","position":2,"name":"Products","item":"https:\/\/www.dillerbottle.com\/shop"},{"@type":"ListItem","position":3,"name":"Insulated Water Bottle"}]},{"@type":"WebSite","@id":"https:\/\/www.dillerbottle.com\/#website","url":"https:\/\/www.dillerbottle.com\/","name":"Garrafa de \u00e1gua Diller Fabricante","description":"Garrafa de \u00e1gua Fabricante","publisher":{"@id":"https:\/\/www.dillerbottle.com\/#organization"},"potentialAction":[{"@type":"SearchAction","target":{"@type":"EntryPoint","urlTemplate":"https:\/\/www.dillerbottle.com\/?s={search_term_string}"},"query-input":{"@type":"PropertyValueSpecification","valueRequired":true,"valueName":"search_term_string"}}],"inLanguage":"pt-PT"},{"@type":"Organization","@id":"https:\/\/www.dillerbottle.com\/#organization","name":"Garrafa de \u00e1gua Diller Fabricante","url":"https:\/\/www.dillerbottle.com\/","logo":{"@type":"ImageObject","inLanguage":"pt-PT","@id":"https:\/\/www.dillerbottle.com\/#\/schema\/logo\/image\/","url":"https:\/\/www.dillerbottle.com\/wp-content\/uploads\/2024\/09\/49918bfa848dcc1e9f8b509933603ac.png","contentUrl":"https:\/\/www.dillerbottle.com\/wp-content\/uploads\/2024\/09\/49918bfa848dcc1e9f8b509933603ac.png","width":988,"height":198,"caption":"Diller Water Bottle Manufacturer"},"image":{"@id":"https:\/\/www.dillerbottle.com\/#\/schema\/logo\/image\/"}}]}},"_links":{"self":[{"href":"https:\/\/www.dillerbottle.com\/pt\/wp-json\/wp\/v2\/product\/10012","targetHints":{"allow":["GET"]}}],"collection":[{"href":"https:\/\/www.dillerbottle.com\/pt\/wp-json\/wp\/v2\/product"}],"about":[{"href":"https:\/\/www.dillerbottle.com\/pt\/wp-json\/wp\/v2\/types\/product"}],"replies":[{"embeddable":true,"href":"https:\/\/www.dillerbottle.com\/pt\/wp-json\/wp\/v2\/comments?post=10012"}],"wp:featuredmedia":[{"embeddable":true,"href":"https:\/\/www.dillerbottle.com\/pt\/wp-json\/wp\/v2\/media\/10013"}],"wp:attachment":[{"href":"https:\/\/www.dillerbottle.com\/pt\/wp-json\/wp\/v2\/media?parent=10012"}],"wp:term":[{"taxonomy":"product_brand","embeddable":true,"href":"https:\/\/www.dillerbottle.com\/pt\/wp-json\/wp\/v2\/product_brand?post=10012"},{"taxonomy":"product_cat","embeddable":true,"href":"https:\/\/www.dillerbottle.com\/pt\/wp-json\/wp\/v2\/product_cat?post=10012"},{"taxonomy":"product_tag","embeddable":true,"href":"https:\/\/www.dillerbottle.com\/pt\/wp-json\/wp\/v2\/product_tag?post=10012"}],"curies":[{"name":"wp","href":"https:\/\/api.w.org\/{rel}","templated":true}]}}