{"id":10703,"date":"2024-09-29T14:48:34","date_gmt":"2024-09-29T06:48:34","guid":{"rendered":"https:\/\/demo.dillerbottle.com\/products\/thermos-double-wall-water-bottle"},"modified":"2025-07-09T15:13:01","modified_gmt":"2025-07-09T07:13:01","slug":"garrafa-termica-de-parede-dupla","status":"publish","type":"product","link":"https:\/\/www.dillerbottle.com\/pt\/products\/thermos-double-wall-water-bottle","title":{"rendered":"Garrafa t\u00e9rmica de parede dupla para \u00e1gua"},"content":{"rendered":"<p>Caracter\u00edsticas:<br \/>\n1. A garrafa t\u00e9rmica de parede dupla \u00e9 feita de a\u00e7o inoxid\u00e1vel 316 de alta qualidade premium, aprovado no teste da FDA, que \u00e9 totalmente resistente \u00e0 oxida\u00e7\u00e3o e corros\u00e3o. Mais dur\u00e1vel.<\/p>\n<p>2. Com tecnologia avan\u00e7ada de isolamento a v\u00e1cuo, esta garrafa t\u00e9rmica mant\u00e9m as bebidas frias por at\u00e9 24 horas e quentes por at\u00e9 12 horas.<\/p>\n<p>3. Grande capacidade. A grande garrafa t\u00e9rmica de \u00e1gua com parede dupla de 50 oz da Diller armazena l\u00edquido suficiente para ajudar voc\u00ea a se manter hidratado durante todo o seu dia ativo.<\/p>\n<p>4. A al\u00e7a larga e confort\u00e1vel pode segurar a palma inteira, tornando-a muito f\u00e1cil de transportar<\/p>\n<p>5. O bico para beber da tampa de canudo abre e fecha facilmente para manter voc\u00ea hidratado quando estiver em movimento.<\/p>\n<div style=\"width: 640px;\" class=\"wp-video\"><video class=\"wp-video-shortcode\" id=\"video-10703-1\" width=\"640\" height=\"360\" preload=\"metadata\" controls=\"controls\"><source type=\"video\/mp4\" src=\"\/wp-content\/uploads\/2024\/09\/66f8f846d8947-video202211041553184108124.mp4?_=1\" \/><a href=\"\/wp-content\/uploads\/2024\/09\/66f8f846d8947-video202211041553184108124.mp4\">\/wp-content\/uploads\/2024\/09\/66f8f846d8947-video202211041553184108124.mp4<\/a><\/video><\/div>","protected":false},"excerpt":{"rendered":"<p>A garrafa t\u00e9rmica de parede dupla \u00e9 feita de a\u00e7o inoxid\u00e1vel 316 de alta qualidade, aprovado no teste da FDA, sendo totalmente resistente \u00e0 oxida\u00e7\u00e3o e corros\u00e3o.<br \/>\nMais dur\u00e1vel.<br \/>\nCom tecnologia avan\u00e7ada de isolamento a v\u00e1cuo, esta garrafa t\u00e9rmica de parede dupla mant\u00e9m as bebidas frias por at\u00e9 24 horas e quentes por at\u00e9 12 horas.<br \/>\nAmostras gr\u00e1tis dispon\u00edveis.<br \/>\nPodemos personalizar a garrafa t\u00e9rmica de parede dupla de acordo com suas necessidades, como logotipo, padr\u00e3o, cor e embalagem.<br \/>\nBem-vindo \u00e0 compra por atacado, envie sua consulta agora!<\/p>","protected":false},"featured_media":10704,"comment_status":"open","ping_status":"closed","template":"","meta":{"_acf_changed":false},"product_brand":[],"product_cat":[18],"product_tag":[32,36,33,31,733,39,693,38,680,29,37,34,35,516,28,895,313,839,30],"class_list":{"0":"post-10703","1":"product","2":"type-product","3":"status-publish","4":"has-post-thumbnail","6":"product_cat-insulated-water-bottle","7":"product_tag-best","8":"product_tag-bulk","9":"product_tag-buy","10":"product_tag-custom","11":"product_tag-custom-water-bottle-logo","12":"product_tag-for-sale","13":"product_tag-frosted-water-bottle-bpa-free","14":"product_tag-good-quality","15":"product_tag-hot-water-bottle-with-cover","16":"product_tag-manufacturers","17":"product_tag-manufacturing","18":"product_tag-price","19":"product_tag-small","20":"product_tag-stainless-steel-hot-water-bottle-with-custom-color","21":"product_tag-suppliers","22":"product_tag-thermos-double-wall-water-bottle","23":"product_tag-water-bottle-for-women","24":"product_tag-water-bottles-bamboo","25":"product_tag-wholesale","27":"first","28":"instock","29":"shipping-taxable","30":"product-type-simple"},"acf":[],"yoast_head":"<!-- This site is optimized with the Yoast SEO Premium plugin v27.4 (Yoast SEO v27.4) - https:\/\/yoast.com\/product\/yoast-seo-premium-wordpress\/ -->\n<title>Thermos Double Wall Water Bottle - Diller Water Bottle Manufacturer<\/title>\n<meta name=\"description\" content=\"As one of the best thermos double wall water bottle manufacturers and suppliers, we are engaged in manufacturing good quality water bottles. We warmly welcome you to wholesale or buy custom made thermos double wall water bottle at competitive price from us. Also, small quantity orders are acceptable.\" \/>\n<meta name=\"robots\" content=\"index, follow, max-snippet:-1, max-image-preview:large, max-video-preview:-1\" \/>\n<link rel=\"canonical\" href=\"https:\/\/www.dillerbottle.com\/pt\/produtos\/garrafa-termica-de-parede-dupla\" \/>\n<meta property=\"og:locale\" content=\"pt_PT\" \/>\n<meta property=\"og:type\" content=\"article\" \/>\n<meta property=\"og:title\" content=\"Thermos Double Wall Water Bottle\" \/>\n<meta property=\"og:description\" content=\"As one of the best thermos double wall water bottle manufacturers and suppliers, we are engaged in manufacturing good quality water bottles. We warmly welcome you to wholesale or buy custom made thermos double wall water bottle at competitive price from us. Also, small quantity orders are acceptable.\" \/>\n<meta property=\"og:url\" content=\"https:\/\/www.dillerbottle.com\/pt\/produtos\/garrafa-termica-de-parede-dupla\" \/>\n<meta property=\"og:site_name\" content=\"Diller Water Bottle Manufacturer\" \/>\n<meta property=\"article:modified_time\" content=\"2025-07-09T07:13:01+00:00\" \/>\n<meta property=\"og:image\" content=\"https:\/\/www.dillerbottle.com\/wp-content\/uploads\/2024\/09\/thermos-double-wall-water-bottle35300406330.jpg\" \/>\n\t<meta property=\"og:image:width\" content=\"730\" \/>\n\t<meta property=\"og:image:height\" content=\"730\" \/>\n\t<meta property=\"og:image:type\" content=\"image\/jpeg\" \/>\n<meta name=\"twitter:card\" content=\"summary_large_image\" \/>\n<meta name=\"twitter:label1\" content=\"Tempo estimado de leitura\" \/>\n\t<meta name=\"twitter:data1\" content=\"2 minutos\" \/>\n<script type=\"application\/ld+json\" class=\"yoast-schema-graph\">{\"@context\":\"https:\\\/\\\/schema.org\",\"@graph\":[{\"@type\":\"WebPage\",\"@id\":\"https:\\\/\\\/www.dillerbottle.com\\\/tr\\\/urunler\\\/termos-cift-duvarli-su-sisesi\",\"url\":\"https:\\\/\\\/www.dillerbottle.com\\\/tr\\\/urunler\\\/termos-cift-duvarli-su-sisesi\",\"name\":\"Thermos Double Wall Water Bottle - Diller Water Bottle Manufacturer\",\"isPartOf\":{\"@id\":\"https:\\\/\\\/www.dillerbottle.com\\\/#website\"},\"primaryImageOfPage\":{\"@id\":\"https:\\\/\\\/www.dillerbottle.com\\\/tr\\\/urunler\\\/termos-cift-duvarli-su-sisesi#primaryimage\"},\"image\":{\"@id\":\"https:\\\/\\\/www.dillerbottle.com\\\/tr\\\/urunler\\\/termos-cift-duvarli-su-sisesi#primaryimage\"},\"thumbnailUrl\":\"https:\\\/\\\/www.dillerbottle.com\\\/wp-content\\\/uploads\\\/2024\\\/09\\\/thermos-double-wall-water-bottle35300406330.jpg\",\"datePublished\":\"2024-09-29T06:48:34+00:00\",\"dateModified\":\"2025-07-09T07:13:01+00:00\",\"description\":\"As one of the best thermos double wall water bottle manufacturers and suppliers, we are engaged in manufacturing good quality water bottles. We warmly welcome you to wholesale or buy custom made thermos double wall water bottle at competitive price from us. Also, small quantity orders are acceptable.\",\"breadcrumb\":{\"@id\":\"https:\\\/\\\/www.dillerbottle.com\\\/tr\\\/urunler\\\/termos-cift-duvarli-su-sisesi#breadcrumb\"},\"inLanguage\":\"pt-PT\",\"potentialAction\":[{\"@type\":\"ReadAction\",\"target\":[\"https:\\\/\\\/www.dillerbottle.com\\\/tr\\\/urunler\\\/termos-cift-duvarli-su-sisesi\"]}]},{\"@type\":\"ImageObject\",\"inLanguage\":\"pt-PT\",\"@id\":\"https:\\\/\\\/www.dillerbottle.com\\\/tr\\\/urunler\\\/termos-cift-duvarli-su-sisesi#primaryimage\",\"url\":\"https:\\\/\\\/www.dillerbottle.com\\\/wp-content\\\/uploads\\\/2024\\\/09\\\/thermos-double-wall-water-bottle35300406330.jpg\",\"contentUrl\":\"https:\\\/\\\/www.dillerbottle.com\\\/wp-content\\\/uploads\\\/2024\\\/09\\\/thermos-double-wall-water-bottle35300406330.jpg\",\"width\":730,\"height\":730},{\"@type\":\"BreadcrumbList\",\"@id\":\"https:\\\/\\\/www.dillerbottle.com\\\/tr\\\/urunler\\\/termos-cift-duvarli-su-sisesi#breadcrumb\",\"itemListElement\":[{\"@type\":\"ListItem\",\"position\":1,\"name\":\"Home\",\"item\":\"https:\\\/\\\/www.dillerbottle.com\\\/\"},{\"@type\":\"ListItem\",\"position\":2,\"name\":\"Products\",\"item\":\"https:\\\/\\\/www.dillerbottle.com\\\/shop\"},{\"@type\":\"ListItem\",\"position\":3,\"name\":\"Thermos Double Wall Water Bottle\"}]},{\"@type\":\"WebSite\",\"@id\":\"https:\\\/\\\/www.dillerbottle.com\\\/#website\",\"url\":\"https:\\\/\\\/www.dillerbottle.com\\\/\",\"name\":\"Diller Water Bottle Manufacturer\",\"description\":\"Water Bottle Manufacturer\",\"publisher\":{\"@id\":\"https:\\\/\\\/www.dillerbottle.com\\\/#organization\"},\"potentialAction\":[{\"@type\":\"SearchAction\",\"target\":{\"@type\":\"EntryPoint\",\"urlTemplate\":\"https:\\\/\\\/www.dillerbottle.com\\\/?s={search_term_string}\"},\"query-input\":{\"@type\":\"PropertyValueSpecification\",\"valueRequired\":true,\"valueName\":\"search_term_string\"}}],\"inLanguage\":\"pt-PT\"},{\"@type\":\"Organization\",\"@id\":\"https:\\\/\\\/www.dillerbottle.com\\\/#organization\",\"name\":\"Diller Water Bottle Manufacturer\",\"url\":\"https:\\\/\\\/www.dillerbottle.com\\\/\",\"logo\":{\"@type\":\"ImageObject\",\"inLanguage\":\"pt-PT\",\"@id\":\"https:\\\/\\\/www.dillerbottle.com\\\/#\\\/schema\\\/logo\\\/image\\\/\",\"url\":\"https:\\\/\\\/www.dillerbottle.com\\\/wp-content\\\/uploads\\\/2024\\\/09\\\/49918bfa848dcc1e9f8b509933603ac.png\",\"contentUrl\":\"https:\\\/\\\/www.dillerbottle.com\\\/wp-content\\\/uploads\\\/2024\\\/09\\\/49918bfa848dcc1e9f8b509933603ac.png\",\"width\":988,\"height\":198,\"caption\":\"Diller Water Bottle Manufacturer\"},\"image\":{\"@id\":\"https:\\\/\\\/www.dillerbottle.com\\\/#\\\/schema\\\/logo\\\/image\\\/\"}}]}<\/script>\n<!-- \/ Yoast SEO Premium plugin. -->","yoast_head_json":{"title":"Garrafa t\u00e9rmica de parede dupla para \u00e1gua - Fabricante de garrafas de \u00e1gua Diller","description":"Como um dos melhores fabricantes e fornecedores de garrafas t\u00e9rmicas de parede dupla, estamos engajados na fabrica\u00e7\u00e3o de garrafas de \u00e1gua de boa qualidade. N\u00f3s calorosamente convidamos voc\u00ea a vender no atacado ou comprar garrafas t\u00e9rmicas de parede dupla personalizadas a pre\u00e7os competitivos conosco. Al\u00e9m disso, pedidos de pequenas quantidades s\u00e3o aceit\u00e1veis.","robots":{"index":"index","follow":"follow","max-snippet":"max-snippet:-1","max-image-preview":"max-image-preview:large","max-video-preview":"max-video-preview:-1"},"canonical":"https:\/\/www.dillerbottle.com\/pt\/produtos\/garrafa-termica-de-parede-dupla","og_locale":"pt_PT","og_type":"article","og_title":"Thermos Double Wall Water Bottle","og_description":"As one of the best thermos double wall water bottle manufacturers and suppliers, we are engaged in manufacturing good quality water bottles. We warmly welcome you to wholesale or buy custom made thermos double wall water bottle at competitive price from us. Also, small quantity orders are acceptable.","og_url":"https:\/\/www.dillerbottle.com\/pt\/produtos\/garrafa-termica-de-parede-dupla","og_site_name":"Diller Water Bottle Manufacturer","article_modified_time":"2025-07-09T07:13:01+00:00","og_image":[{"width":730,"height":730,"url":"https:\/\/www.dillerbottle.com\/wp-content\/uploads\/2024\/09\/thermos-double-wall-water-bottle35300406330.jpg","type":"image\/jpeg"}],"twitter_card":"summary_large_image","twitter_misc":{"Tempo estimado de leitura":"2 minutos"},"schema":{"@context":"https:\/\/schema.org","@graph":[{"@type":"WebPage","@id":"https:\/\/www.dillerbottle.com\/tr\/urunler\/termos-cift-duvarli-su-sisesi","url":"https:\/\/www.dillerbottle.com\/tr\/urunler\/termos-cift-duvarli-su-sisesi","name":"Garrafa t\u00e9rmica de parede dupla para \u00e1gua - Fabricante de garrafas de \u00e1gua Diller","isPartOf":{"@id":"https:\/\/www.dillerbottle.com\/#website"},"primaryImageOfPage":{"@id":"https:\/\/www.dillerbottle.com\/tr\/urunler\/termos-cift-duvarli-su-sisesi#primaryimage"},"image":{"@id":"https:\/\/www.dillerbottle.com\/tr\/urunler\/termos-cift-duvarli-su-sisesi#primaryimage"},"thumbnailUrl":"https:\/\/www.dillerbottle.com\/wp-content\/uploads\/2024\/09\/thermos-double-wall-water-bottle35300406330.jpg","datePublished":"2024-09-29T06:48:34+00:00","dateModified":"2025-07-09T07:13:01+00:00","description":"Como um dos melhores fabricantes e fornecedores de garrafas t\u00e9rmicas de parede dupla, estamos engajados na fabrica\u00e7\u00e3o de garrafas de \u00e1gua de boa qualidade. N\u00f3s calorosamente convidamos voc\u00ea a vender no atacado ou comprar garrafas t\u00e9rmicas de parede dupla personalizadas a pre\u00e7os competitivos conosco. Al\u00e9m disso, pedidos de pequenas quantidades s\u00e3o aceit\u00e1veis.","breadcrumb":{"@id":"https:\/\/www.dillerbottle.com\/tr\/urunler\/termos-cift-duvarli-su-sisesi#breadcrumb"},"inLanguage":"pt-PT","potentialAction":[{"@type":"ReadAction","target":["https:\/\/www.dillerbottle.com\/tr\/urunler\/termos-cift-duvarli-su-sisesi"]}]},{"@type":"ImageObject","inLanguage":"pt-PT","@id":"https:\/\/www.dillerbottle.com\/tr\/urunler\/termos-cift-duvarli-su-sisesi#primaryimage","url":"https:\/\/www.dillerbottle.com\/wp-content\/uploads\/2024\/09\/thermos-double-wall-water-bottle35300406330.jpg","contentUrl":"https:\/\/www.dillerbottle.com\/wp-content\/uploads\/2024\/09\/thermos-double-wall-water-bottle35300406330.jpg","width":730,"height":730},{"@type":"BreadcrumbList","@id":"https:\/\/www.dillerbottle.com\/tr\/urunler\/termos-cift-duvarli-su-sisesi#breadcrumb","itemListElement":[{"@type":"ListItem","position":1,"name":"Home","item":"https:\/\/www.dillerbottle.com\/"},{"@type":"ListItem","position":2,"name":"Products","item":"https:\/\/www.dillerbottle.com\/shop"},{"@type":"ListItem","position":3,"name":"Thermos Double Wall Water Bottle"}]},{"@type":"WebSite","@id":"https:\/\/www.dillerbottle.com\/#website","url":"https:\/\/www.dillerbottle.com\/","name":"Garrafa de \u00e1gua Diller Fabricante","description":"Garrafa de \u00e1gua Fabricante","publisher":{"@id":"https:\/\/www.dillerbottle.com\/#organization"},"potentialAction":[{"@type":"SearchAction","target":{"@type":"EntryPoint","urlTemplate":"https:\/\/www.dillerbottle.com\/?s={search_term_string}"},"query-input":{"@type":"PropertyValueSpecification","valueRequired":true,"valueName":"search_term_string"}}],"inLanguage":"pt-PT"},{"@type":"Organization","@id":"https:\/\/www.dillerbottle.com\/#organization","name":"Garrafa de \u00e1gua Diller Fabricante","url":"https:\/\/www.dillerbottle.com\/","logo":{"@type":"ImageObject","inLanguage":"pt-PT","@id":"https:\/\/www.dillerbottle.com\/#\/schema\/logo\/image\/","url":"https:\/\/www.dillerbottle.com\/wp-content\/uploads\/2024\/09\/49918bfa848dcc1e9f8b509933603ac.png","contentUrl":"https:\/\/www.dillerbottle.com\/wp-content\/uploads\/2024\/09\/49918bfa848dcc1e9f8b509933603ac.png","width":988,"height":198,"caption":"Diller Water Bottle Manufacturer"},"image":{"@id":"https:\/\/www.dillerbottle.com\/#\/schema\/logo\/image\/"}}]}},"_links":{"self":[{"href":"https:\/\/www.dillerbottle.com\/pt\/wp-json\/wp\/v2\/product\/10703","targetHints":{"allow":["GET"]}}],"collection":[{"href":"https:\/\/www.dillerbottle.com\/pt\/wp-json\/wp\/v2\/product"}],"about":[{"href":"https:\/\/www.dillerbottle.com\/pt\/wp-json\/wp\/v2\/types\/product"}],"replies":[{"embeddable":true,"href":"https:\/\/www.dillerbottle.com\/pt\/wp-json\/wp\/v2\/comments?post=10703"}],"wp:featuredmedia":[{"embeddable":true,"href":"https:\/\/www.dillerbottle.com\/pt\/wp-json\/wp\/v2\/media\/10704"}],"wp:attachment":[{"href":"https:\/\/www.dillerbottle.com\/pt\/wp-json\/wp\/v2\/media?parent=10703"}],"wp:term":[{"taxonomy":"product_brand","embeddable":true,"href":"https:\/\/www.dillerbottle.com\/pt\/wp-json\/wp\/v2\/product_brand?post=10703"},{"taxonomy":"product_cat","embeddable":true,"href":"https:\/\/www.dillerbottle.com\/pt\/wp-json\/wp\/v2\/product_cat?post=10703"},{"taxonomy":"product_tag","embeddable":true,"href":"https:\/\/www.dillerbottle.com\/pt\/wp-json\/wp\/v2\/product_tag?post=10703"}],"curies":[{"name":"wp","href":"https:\/\/api.w.org\/{rel}","templated":true}]}}