{"id":11079,"date":"2024-09-29T14:52:47","date_gmt":"2024-09-29T06:52:47","guid":{"rendered":"https:\/\/demo.dillerbottle.com\/products\/thermos-vacuum-insulated-water-bottle"},"modified":"2025-07-09T14:22:39","modified_gmt":"2025-07-09T06:22:39","slug":"garrafa-termica-com-isolamento-a-vacuo","status":"publish","type":"product","link":"https:\/\/www.dillerbottle.com\/pt\/products\/thermos-vacuum-insulated-water-bottle","title":{"rendered":"Garrafa t\u00e9rmica com isolamento a v\u00e1cuo"},"content":{"rendered":"<p>1. QUALIDADE PREMIUM A garrafa t\u00e9rmica isolada a v\u00e1cuo \u00e9 constru\u00edda com corpo de parede dupla de a\u00e7o inoxid\u00e1vel 316 de grau aliment\u00edcio resistente \u00e0 ferrugem, um material elogiado por sua durabilidade. O tratamento de pintura com revestimento em p\u00f3 torna a garrafa t\u00e9rmica praticamente indestrut\u00edvel, resistente a arranh\u00f5es e restringe a transfer\u00eancia de temperatura.<\/p>\n<p>2. ISOLAMENTO SUPERIOR O isolamento eficaz com uma tampa de rosca \u00e0 prova de vazamento ajuda a manter a temperatura por at\u00e9 24 horas para bebidas frias e 12 horas para bebidas quentes. Essas garrafas t\u00e9rmicas de \u00e1gua com isolamento a v\u00e1cuo de qualidade premium s\u00e3o seguras e f\u00e1ceis de limpar.<br \/>\n3. COMPAT\u00cdVEL E F\u00c1CIL DE USAR<br \/>\nNossa garrafa t\u00e9rmica com isolamento a v\u00e1cuo \u00e9 projetada com uma silhueta moderna simples de boca larga. Seu formato compacto se encaixa na sua m\u00e3o. Nosso produto \u00e9 livre de BPA e est\u00e1 em conformidade com o padr\u00e3o FDA.<br \/>\n4. Garrafa t\u00e9rmica t\u00e9rmica personalizada com isolamento a v\u00e1cuoQuer personalizar garrafas t\u00e9rmicas t\u00e9rmicas com isolamento a v\u00e1cuo com seu pr\u00f3prio logotipo ou comprar garrafa t\u00e9rmica t\u00e9rmica por atacado? N\u00e3o procure mais! Entre em contato conosco agora!<\/p>\n<div style=\"width: 640px;\" class=\"wp-video\"><video class=\"wp-video-shortcode\" id=\"video-11079-1\" width=\"640\" height=\"360\" preload=\"metadata\" controls=\"controls\"><source type=\"video\/mp4\" src=\"\/wp-content\/uploads\/2024\/09\/66f8f943d70e6-video202211031804269449791.mp4?_=1\" \/><a href=\"\/wp-content\/uploads\/2024\/09\/66f8f943d70e6-video202211031804269449791.mp4\">\/wp-content\/uploads\/2024\/09\/66f8f943d70e6-video202211031804269449791.mp4<\/a><\/video><\/div>","protected":false},"excerpt":{"rendered":"<p>Procurando por uma garrafa t\u00e9rmica de \u00e1gua isolada a v\u00e1cuo exclusiva e personalizada? N\u00e3o procure mais! Nossa equipe pode trabalhar com voc\u00ea para criar um design ou padr\u00e3o \u00fanico que reflita perfeitamente sua marca.<br \/>\nCom uma variedade de cores e padr\u00f5es para escolher, bem como a op\u00e7\u00e3o de adicionar seu pr\u00f3prio logotipo ou design, facilitamos a cria\u00e7\u00e3o de uma garrafa t\u00e9rmica com isolamento a v\u00e1cuo perfeita para voc\u00ea.<br \/>\nE se voc\u00ea precisar de um pedido grande, oferecemos pre\u00e7os de atacado para torn\u00e1-lo mais acess\u00edvel.<br \/>\nTamb\u00e9m oferecemos amostras gr\u00e1tis para ajudar voc\u00ea a tomar sua decis\u00e3o.<\/p>","protected":false},"featured_media":11080,"comment_status":"open","ping_status":"closed","template":"","meta":{"_acf_changed":false},"product_brand":[],"product_cat":[18],"product_tag":[32,540,36,33,31,750,39,38,29,37,34,35,28,930,771,560,787,706,30],"class_list":{"0":"post-11079","1":"product","2":"type-product","3":"status-publish","4":"has-post-thumbnail","6":"product_cat-insulated-water-bottle","7":"product_tag-best","8":"product_tag-black-water-bottle","9":"product_tag-bulk","10":"product_tag-buy","11":"product_tag-custom","12":"product_tag-ecofriendly-water-bottle","13":"product_tag-for-sale","14":"product_tag-good-quality","15":"product_tag-manufacturers","16":"product_tag-manufacturing","17":"product_tag-price","18":"product_tag-small","19":"product_tag-suppliers","20":"product_tag-thermos-vacuum-insulated-water-bottle","21":"product_tag-water-bottle-sublimation","22":"product_tag-water-bottle-with-sleeve","23":"product_tag-water-bottle-with-temperature-display","24":"product_tag-water-bottle-with-time-marker","25":"product_tag-wholesale","27":"first","28":"instock","29":"shipping-taxable","30":"product-type-simple"},"acf":[],"yoast_head":"<!-- This site is optimized with the Yoast SEO Premium plugin v27.5 (Yoast SEO v27.5) - https:\/\/yoast.com\/product\/yoast-seo-premium-wordpress\/ -->\n<title>Thermos Vacuum Insulated Water Bottle - Diller Water Bottle Manufacturer<\/title>\n<meta name=\"description\" content=\"As one of the best thermos vacuum insulated water bottle manufacturers and suppliers, we are engaged in manufacturing good quality water bottles. We warmly welcome you to wholesale or buy custom made thermos vacuum insulated water bottle at competitive price from us. Also, small quantity orders are acceptable.\" \/>\n<meta name=\"robots\" content=\"index, follow, max-snippet:-1, max-image-preview:large, max-video-preview:-1\" \/>\n<link rel=\"canonical\" href=\"https:\/\/www.dillerbottle.com\/pt\/produtos\/garrafa-termica-com-isolamento-a-vacuo\" \/>\n<meta property=\"og:locale\" content=\"pt_PT\" \/>\n<meta property=\"og:type\" content=\"article\" \/>\n<meta property=\"og:title\" content=\"Thermos Vacuum Insulated Water Bottle\" \/>\n<meta property=\"og:description\" content=\"As one of the best thermos vacuum insulated water bottle manufacturers and suppliers, we are engaged in manufacturing good quality water bottles. We warmly welcome you to wholesale or buy custom made thermos vacuum insulated water bottle at competitive price from us. Also, small quantity orders are acceptable.\" \/>\n<meta property=\"og:url\" content=\"https:\/\/www.dillerbottle.com\/pt\/produtos\/garrafa-termica-com-isolamento-a-vacuo\" \/>\n<meta property=\"og:site_name\" content=\"Diller Water Bottle Manufacturer\" \/>\n<meta property=\"article:modified_time\" content=\"2025-07-09T06:22:39+00:00\" \/>\n<meta property=\"og:image\" content=\"https:\/\/www.dillerbottle.com\/wp-content\/uploads\/2024\/09\/thermos-vacuum-insulated-water-bottle42044238515.jpg\" \/>\n\t<meta property=\"og:image:width\" content=\"730\" \/>\n\t<meta property=\"og:image:height\" content=\"730\" \/>\n\t<meta property=\"og:image:type\" content=\"image\/jpeg\" \/>\n<meta name=\"twitter:card\" content=\"summary_large_image\" \/>\n<meta name=\"twitter:label1\" content=\"Tempo estimado de leitura\" \/>\n\t<meta name=\"twitter:data1\" content=\"2 minutos\" \/>\n<script type=\"application\/ld+json\" class=\"yoast-schema-graph\">{\"@context\":\"https:\\\/\\\/schema.org\",\"@graph\":[{\"@type\":\"WebPage\",\"@id\":\"https:\\\/\\\/www.dillerbottle.com\\\/th\\\/%e0%b8%aa%e0%b8%b4%e0%b8%99%e0%b8%84%e0%b9%89%e0%b8%b2\\\/%e0%b8%81%e0%b8%a3%e0%b8%b0%e0%b8%95%e0%b8%b4%e0%b8%81%e0%b8%99%e0%b9%89%e0%b8%b3%e0%b8%aa%e0%b8%b9%e0%b8%8d%e0%b8%8d%e0%b8%b2%e0%b8%81%e0%b8%b2%e0%b8%a8%e0%b9%80%e0%b8%81%e0%b9%87%e0%b8%9a%e0%b8%84\",\"url\":\"https:\\\/\\\/www.dillerbottle.com\\\/th\\\/%e0%b8%aa%e0%b8%b4%e0%b8%99%e0%b8%84%e0%b9%89%e0%b8%b2\\\/%e0%b8%81%e0%b8%a3%e0%b8%b0%e0%b8%95%e0%b8%b4%e0%b8%81%e0%b8%99%e0%b9%89%e0%b8%b3%e0%b8%aa%e0%b8%b9%e0%b8%8d%e0%b8%8d%e0%b8%b2%e0%b8%81%e0%b8%b2%e0%b8%a8%e0%b9%80%e0%b8%81%e0%b9%87%e0%b8%9a%e0%b8%84\",\"name\":\"Thermos Vacuum Insulated Water Bottle - Diller Water Bottle Manufacturer\",\"isPartOf\":{\"@id\":\"https:\\\/\\\/www.dillerbottle.com\\\/#website\"},\"primaryImageOfPage\":{\"@id\":\"https:\\\/\\\/www.dillerbottle.com\\\/th\\\/%e0%b8%aa%e0%b8%b4%e0%b8%99%e0%b8%84%e0%b9%89%e0%b8%b2\\\/%e0%b8%81%e0%b8%a3%e0%b8%b0%e0%b8%95%e0%b8%b4%e0%b8%81%e0%b8%99%e0%b9%89%e0%b8%b3%e0%b8%aa%e0%b8%b9%e0%b8%8d%e0%b8%8d%e0%b8%b2%e0%b8%81%e0%b8%b2%e0%b8%a8%e0%b9%80%e0%b8%81%e0%b9%87%e0%b8%9a%e0%b8%84#primaryimage\"},\"image\":{\"@id\":\"https:\\\/\\\/www.dillerbottle.com\\\/th\\\/%e0%b8%aa%e0%b8%b4%e0%b8%99%e0%b8%84%e0%b9%89%e0%b8%b2\\\/%e0%b8%81%e0%b8%a3%e0%b8%b0%e0%b8%95%e0%b8%b4%e0%b8%81%e0%b8%99%e0%b9%89%e0%b8%b3%e0%b8%aa%e0%b8%b9%e0%b8%8d%e0%b8%8d%e0%b8%b2%e0%b8%81%e0%b8%b2%e0%b8%a8%e0%b9%80%e0%b8%81%e0%b9%87%e0%b8%9a%e0%b8%84#primaryimage\"},\"thumbnailUrl\":\"https:\\\/\\\/www.dillerbottle.com\\\/wp-content\\\/uploads\\\/2024\\\/09\\\/thermos-vacuum-insulated-water-bottle42044238515.jpg\",\"datePublished\":\"2024-09-29T06:52:47+00:00\",\"dateModified\":\"2025-07-09T06:22:39+00:00\",\"description\":\"As one of the best thermos vacuum insulated water bottle manufacturers and suppliers, we are engaged in manufacturing good quality water bottles. We warmly welcome you to wholesale or buy custom made thermos vacuum insulated water bottle at competitive price from us. Also, small quantity orders are acceptable.\",\"breadcrumb\":{\"@id\":\"https:\\\/\\\/www.dillerbottle.com\\\/th\\\/%e0%b8%aa%e0%b8%b4%e0%b8%99%e0%b8%84%e0%b9%89%e0%b8%b2\\\/%e0%b8%81%e0%b8%a3%e0%b8%b0%e0%b8%95%e0%b8%b4%e0%b8%81%e0%b8%99%e0%b9%89%e0%b8%b3%e0%b8%aa%e0%b8%b9%e0%b8%8d%e0%b8%8d%e0%b8%b2%e0%b8%81%e0%b8%b2%e0%b8%a8%e0%b9%80%e0%b8%81%e0%b9%87%e0%b8%9a%e0%b8%84#breadcrumb\"},\"inLanguage\":\"pt-PT\",\"potentialAction\":[{\"@type\":\"ReadAction\",\"target\":[\"https:\\\/\\\/www.dillerbottle.com\\\/th\\\/%e0%b8%aa%e0%b8%b4%e0%b8%99%e0%b8%84%e0%b9%89%e0%b8%b2\\\/%e0%b8%81%e0%b8%a3%e0%b8%b0%e0%b8%95%e0%b8%b4%e0%b8%81%e0%b8%99%e0%b9%89%e0%b8%b3%e0%b8%aa%e0%b8%b9%e0%b8%8d%e0%b8%8d%e0%b8%b2%e0%b8%81%e0%b8%b2%e0%b8%a8%e0%b9%80%e0%b8%81%e0%b9%87%e0%b8%9a%e0%b8%84\"]}]},{\"@type\":\"ImageObject\",\"inLanguage\":\"pt-PT\",\"@id\":\"https:\\\/\\\/www.dillerbottle.com\\\/th\\\/%e0%b8%aa%e0%b8%b4%e0%b8%99%e0%b8%84%e0%b9%89%e0%b8%b2\\\/%e0%b8%81%e0%b8%a3%e0%b8%b0%e0%b8%95%e0%b8%b4%e0%b8%81%e0%b8%99%e0%b9%89%e0%b8%b3%e0%b8%aa%e0%b8%b9%e0%b8%8d%e0%b8%8d%e0%b8%b2%e0%b8%81%e0%b8%b2%e0%b8%a8%e0%b9%80%e0%b8%81%e0%b9%87%e0%b8%9a%e0%b8%84#primaryimage\",\"url\":\"https:\\\/\\\/www.dillerbottle.com\\\/wp-content\\\/uploads\\\/2024\\\/09\\\/thermos-vacuum-insulated-water-bottle42044238515.jpg\",\"contentUrl\":\"https:\\\/\\\/www.dillerbottle.com\\\/wp-content\\\/uploads\\\/2024\\\/09\\\/thermos-vacuum-insulated-water-bottle42044238515.jpg\",\"width\":730,\"height\":730},{\"@type\":\"BreadcrumbList\",\"@id\":\"https:\\\/\\\/www.dillerbottle.com\\\/th\\\/%e0%b8%aa%e0%b8%b4%e0%b8%99%e0%b8%84%e0%b9%89%e0%b8%b2\\\/%e0%b8%81%e0%b8%a3%e0%b8%b0%e0%b8%95%e0%b8%b4%e0%b8%81%e0%b8%99%e0%b9%89%e0%b8%b3%e0%b8%aa%e0%b8%b9%e0%b8%8d%e0%b8%8d%e0%b8%b2%e0%b8%81%e0%b8%b2%e0%b8%a8%e0%b9%80%e0%b8%81%e0%b9%87%e0%b8%9a%e0%b8%84#breadcrumb\",\"itemListElement\":[{\"@type\":\"ListItem\",\"position\":1,\"name\":\"Home\",\"item\":\"https:\\\/\\\/www.dillerbottle.com\\\/\"},{\"@type\":\"ListItem\",\"position\":2,\"name\":\"Products\",\"item\":\"https:\\\/\\\/www.dillerbottle.com\\\/shop\"},{\"@type\":\"ListItem\",\"position\":3,\"name\":\"Thermos Vacuum Insulated Water Bottle\"}]},{\"@type\":\"WebSite\",\"@id\":\"https:\\\/\\\/www.dillerbottle.com\\\/#website\",\"url\":\"https:\\\/\\\/www.dillerbottle.com\\\/\",\"name\":\"Diller Water Bottle Manufacturer\",\"description\":\"Water Bottle Manufacturer\",\"publisher\":{\"@id\":\"https:\\\/\\\/www.dillerbottle.com\\\/#organization\"},\"potentialAction\":[{\"@type\":\"SearchAction\",\"target\":{\"@type\":\"EntryPoint\",\"urlTemplate\":\"https:\\\/\\\/www.dillerbottle.com\\\/?s={search_term_string}\"},\"query-input\":{\"@type\":\"PropertyValueSpecification\",\"valueRequired\":true,\"valueName\":\"search_term_string\"}}],\"inLanguage\":\"pt-PT\"},{\"@type\":\"Organization\",\"@id\":\"https:\\\/\\\/www.dillerbottle.com\\\/#organization\",\"name\":\"Diller Water Bottle Manufacturer\",\"url\":\"https:\\\/\\\/www.dillerbottle.com\\\/\",\"logo\":{\"@type\":\"ImageObject\",\"inLanguage\":\"pt-PT\",\"@id\":\"https:\\\/\\\/www.dillerbottle.com\\\/#\\\/schema\\\/logo\\\/image\\\/\",\"url\":\"https:\\\/\\\/www.dillerbottle.com\\\/wp-content\\\/uploads\\\/2024\\\/09\\\/49918bfa848dcc1e9f8b509933603ac.png\",\"contentUrl\":\"https:\\\/\\\/www.dillerbottle.com\\\/wp-content\\\/uploads\\\/2024\\\/09\\\/49918bfa848dcc1e9f8b509933603ac.png\",\"width\":988,\"height\":198,\"caption\":\"Diller Water Bottle Manufacturer\"},\"image\":{\"@id\":\"https:\\\/\\\/www.dillerbottle.com\\\/#\\\/schema\\\/logo\\\/image\\\/\"}}]}<\/script>\n<!-- \/ Yoast SEO Premium plugin. -->","yoast_head_json":{"title":"Garrafa t\u00e9rmica com isolamento a v\u00e1cuo - Fabricante de garrafas t\u00e9rmicas Diller","description":"Como um dos melhores fabricantes e fornecedores de garrafas t\u00e9rmicas isoladas a v\u00e1cuo, estamos engajados na fabrica\u00e7\u00e3o de garrafas t\u00e9rmicas de boa qualidade. N\u00f3s calorosamente convidamos voc\u00ea a vender no atacado ou comprar garrafas t\u00e9rmicas isoladas a v\u00e1cuo personalizadas a pre\u00e7os competitivos conosco. Al\u00e9m disso, pedidos de pequenas quantidades s\u00e3o aceit\u00e1veis.","robots":{"index":"index","follow":"follow","max-snippet":"max-snippet:-1","max-image-preview":"max-image-preview:large","max-video-preview":"max-video-preview:-1"},"canonical":"https:\/\/www.dillerbottle.com\/pt\/produtos\/garrafa-termica-com-isolamento-a-vacuo","og_locale":"pt_PT","og_type":"article","og_title":"Thermos Vacuum Insulated Water Bottle","og_description":"As one of the best thermos vacuum insulated water bottle manufacturers and suppliers, we are engaged in manufacturing good quality water bottles. We warmly welcome you to wholesale or buy custom made thermos vacuum insulated water bottle at competitive price from us. Also, small quantity orders are acceptable.","og_url":"https:\/\/www.dillerbottle.com\/pt\/produtos\/garrafa-termica-com-isolamento-a-vacuo","og_site_name":"Diller Water Bottle Manufacturer","article_modified_time":"2025-07-09T06:22:39+00:00","og_image":[{"width":730,"height":730,"url":"https:\/\/www.dillerbottle.com\/wp-content\/uploads\/2024\/09\/thermos-vacuum-insulated-water-bottle42044238515.jpg","type":"image\/jpeg"}],"twitter_card":"summary_large_image","twitter_misc":{"Tempo estimado de leitura":"2 minutos"},"schema":{"@context":"https:\/\/schema.org","@graph":[{"@type":"WebPage","@id":"https:\/\/www.dillerbottle.com\/th\/%e0%b8%aa%e0%b8%b4%e0%b8%99%e0%b8%84%e0%b9%89%e0%b8%b2\/%e0%b8%81%e0%b8%a3%e0%b8%b0%e0%b8%95%e0%b8%b4%e0%b8%81%e0%b8%99%e0%b9%89%e0%b8%b3%e0%b8%aa%e0%b8%b9%e0%b8%8d%e0%b8%8d%e0%b8%b2%e0%b8%81%e0%b8%b2%e0%b8%a8%e0%b9%80%e0%b8%81%e0%b9%87%e0%b8%9a%e0%b8%84","url":"https:\/\/www.dillerbottle.com\/th\/%e0%b8%aa%e0%b8%b4%e0%b8%99%e0%b8%84%e0%b9%89%e0%b8%b2\/%e0%b8%81%e0%b8%a3%e0%b8%b0%e0%b8%95%e0%b8%b4%e0%b8%81%e0%b8%99%e0%b9%89%e0%b8%b3%e0%b8%aa%e0%b8%b9%e0%b8%8d%e0%b8%8d%e0%b8%b2%e0%b8%81%e0%b8%b2%e0%b8%a8%e0%b9%80%e0%b8%81%e0%b9%87%e0%b8%9a%e0%b8%84","name":"Garrafa t\u00e9rmica com isolamento a v\u00e1cuo - Fabricante de garrafas t\u00e9rmicas Diller","isPartOf":{"@id":"https:\/\/www.dillerbottle.com\/#website"},"primaryImageOfPage":{"@id":"https:\/\/www.dillerbottle.com\/th\/%e0%b8%aa%e0%b8%b4%e0%b8%99%e0%b8%84%e0%b9%89%e0%b8%b2\/%e0%b8%81%e0%b8%a3%e0%b8%b0%e0%b8%95%e0%b8%b4%e0%b8%81%e0%b8%99%e0%b9%89%e0%b8%b3%e0%b8%aa%e0%b8%b9%e0%b8%8d%e0%b8%8d%e0%b8%b2%e0%b8%81%e0%b8%b2%e0%b8%a8%e0%b9%80%e0%b8%81%e0%b9%87%e0%b8%9a%e0%b8%84#primaryimage"},"image":{"@id":"https:\/\/www.dillerbottle.com\/th\/%e0%b8%aa%e0%b8%b4%e0%b8%99%e0%b8%84%e0%b9%89%e0%b8%b2\/%e0%b8%81%e0%b8%a3%e0%b8%b0%e0%b8%95%e0%b8%b4%e0%b8%81%e0%b8%99%e0%b9%89%e0%b8%b3%e0%b8%aa%e0%b8%b9%e0%b8%8d%e0%b8%8d%e0%b8%b2%e0%b8%81%e0%b8%b2%e0%b8%a8%e0%b9%80%e0%b8%81%e0%b9%87%e0%b8%9a%e0%b8%84#primaryimage"},"thumbnailUrl":"https:\/\/www.dillerbottle.com\/wp-content\/uploads\/2024\/09\/thermos-vacuum-insulated-water-bottle42044238515.jpg","datePublished":"2024-09-29T06:52:47+00:00","dateModified":"2025-07-09T06:22:39+00:00","description":"Como um dos melhores fabricantes e fornecedores de garrafas t\u00e9rmicas isoladas a v\u00e1cuo, estamos engajados na fabrica\u00e7\u00e3o de garrafas t\u00e9rmicas de boa qualidade. N\u00f3s calorosamente convidamos voc\u00ea a vender no atacado ou comprar garrafas t\u00e9rmicas isoladas a v\u00e1cuo personalizadas a pre\u00e7os competitivos conosco. Al\u00e9m disso, pedidos de pequenas quantidades s\u00e3o aceit\u00e1veis.","breadcrumb":{"@id":"https:\/\/www.dillerbottle.com\/th\/%e0%b8%aa%e0%b8%b4%e0%b8%99%e0%b8%84%e0%b9%89%e0%b8%b2\/%e0%b8%81%e0%b8%a3%e0%b8%b0%e0%b8%95%e0%b8%b4%e0%b8%81%e0%b8%99%e0%b9%89%e0%b8%b3%e0%b8%aa%e0%b8%b9%e0%b8%8d%e0%b8%8d%e0%b8%b2%e0%b8%81%e0%b8%b2%e0%b8%a8%e0%b9%80%e0%b8%81%e0%b9%87%e0%b8%9a%e0%b8%84#breadcrumb"},"inLanguage":"pt-PT","potentialAction":[{"@type":"ReadAction","target":["https:\/\/www.dillerbottle.com\/th\/%e0%b8%aa%e0%b8%b4%e0%b8%99%e0%b8%84%e0%b9%89%e0%b8%b2\/%e0%b8%81%e0%b8%a3%e0%b8%b0%e0%b8%95%e0%b8%b4%e0%b8%81%e0%b8%99%e0%b9%89%e0%b8%b3%e0%b8%aa%e0%b8%b9%e0%b8%8d%e0%b8%8d%e0%b8%b2%e0%b8%81%e0%b8%b2%e0%b8%a8%e0%b9%80%e0%b8%81%e0%b9%87%e0%b8%9a%e0%b8%84"]}]},{"@type":"ImageObject","inLanguage":"pt-PT","@id":"https:\/\/www.dillerbottle.com\/th\/%e0%b8%aa%e0%b8%b4%e0%b8%99%e0%b8%84%e0%b9%89%e0%b8%b2\/%e0%b8%81%e0%b8%a3%e0%b8%b0%e0%b8%95%e0%b8%b4%e0%b8%81%e0%b8%99%e0%b9%89%e0%b8%b3%e0%b8%aa%e0%b8%b9%e0%b8%8d%e0%b8%8d%e0%b8%b2%e0%b8%81%e0%b8%b2%e0%b8%a8%e0%b9%80%e0%b8%81%e0%b9%87%e0%b8%9a%e0%b8%84#primaryimage","url":"https:\/\/www.dillerbottle.com\/wp-content\/uploads\/2024\/09\/thermos-vacuum-insulated-water-bottle42044238515.jpg","contentUrl":"https:\/\/www.dillerbottle.com\/wp-content\/uploads\/2024\/09\/thermos-vacuum-insulated-water-bottle42044238515.jpg","width":730,"height":730},{"@type":"BreadcrumbList","@id":"https:\/\/www.dillerbottle.com\/th\/%e0%b8%aa%e0%b8%b4%e0%b8%99%e0%b8%84%e0%b9%89%e0%b8%b2\/%e0%b8%81%e0%b8%a3%e0%b8%b0%e0%b8%95%e0%b8%b4%e0%b8%81%e0%b8%99%e0%b9%89%e0%b8%b3%e0%b8%aa%e0%b8%b9%e0%b8%8d%e0%b8%8d%e0%b8%b2%e0%b8%81%e0%b8%b2%e0%b8%a8%e0%b9%80%e0%b8%81%e0%b9%87%e0%b8%9a%e0%b8%84#breadcrumb","itemListElement":[{"@type":"ListItem","position":1,"name":"Home","item":"https:\/\/www.dillerbottle.com\/"},{"@type":"ListItem","position":2,"name":"Products","item":"https:\/\/www.dillerbottle.com\/shop"},{"@type":"ListItem","position":3,"name":"Thermos Vacuum Insulated Water Bottle"}]},{"@type":"WebSite","@id":"https:\/\/www.dillerbottle.com\/#website","url":"https:\/\/www.dillerbottle.com\/","name":"Garrafa de \u00e1gua Diller Fabricante","description":"Garrafa de \u00e1gua Fabricante","publisher":{"@id":"https:\/\/www.dillerbottle.com\/#organization"},"potentialAction":[{"@type":"SearchAction","target":{"@type":"EntryPoint","urlTemplate":"https:\/\/www.dillerbottle.com\/?s={search_term_string}"},"query-input":{"@type":"PropertyValueSpecification","valueRequired":true,"valueName":"search_term_string"}}],"inLanguage":"pt-PT"},{"@type":"Organization","@id":"https:\/\/www.dillerbottle.com\/#organization","name":"Garrafa de \u00e1gua Diller Fabricante","url":"https:\/\/www.dillerbottle.com\/","logo":{"@type":"ImageObject","inLanguage":"pt-PT","@id":"https:\/\/www.dillerbottle.com\/#\/schema\/logo\/image\/","url":"https:\/\/www.dillerbottle.com\/wp-content\/uploads\/2024\/09\/49918bfa848dcc1e9f8b509933603ac.png","contentUrl":"https:\/\/www.dillerbottle.com\/wp-content\/uploads\/2024\/09\/49918bfa848dcc1e9f8b509933603ac.png","width":988,"height":198,"caption":"Diller Water Bottle Manufacturer"},"image":{"@id":"https:\/\/www.dillerbottle.com\/#\/schema\/logo\/image\/"}}]}},"_links":{"self":[{"href":"https:\/\/www.dillerbottle.com\/pt\/wp-json\/wp\/v2\/product\/11079","targetHints":{"allow":["GET"]}}],"collection":[{"href":"https:\/\/www.dillerbottle.com\/pt\/wp-json\/wp\/v2\/product"}],"about":[{"href":"https:\/\/www.dillerbottle.com\/pt\/wp-json\/wp\/v2\/types\/product"}],"replies":[{"embeddable":true,"href":"https:\/\/www.dillerbottle.com\/pt\/wp-json\/wp\/v2\/comments?post=11079"}],"wp:featuredmedia":[{"embeddable":true,"href":"https:\/\/www.dillerbottle.com\/pt\/wp-json\/wp\/v2\/media\/11080"}],"wp:attachment":[{"href":"https:\/\/www.dillerbottle.com\/pt\/wp-json\/wp\/v2\/media?parent=11079"}],"wp:term":[{"taxonomy":"product_brand","embeddable":true,"href":"https:\/\/www.dillerbottle.com\/pt\/wp-json\/wp\/v2\/product_brand?post=11079"},{"taxonomy":"product_cat","embeddable":true,"href":"https:\/\/www.dillerbottle.com\/pt\/wp-json\/wp\/v2\/product_cat?post=11079"},{"taxonomy":"product_tag","embeddable":true,"href":"https:\/\/www.dillerbottle.com\/pt\/wp-json\/wp\/v2\/product_tag?post=11079"}],"curies":[{"name":"wp","href":"https:\/\/api.w.org\/{rel}","templated":true}]}}