{"id":11325,"date":"2024-09-29T14:55:47","date_gmt":"2024-09-29T06:55:47","guid":{"rendered":"https:\/\/demo.dillerbottle.com\/products\/lightweight-insulated-water-bottle"},"modified":"2025-07-09T14:05:23","modified_gmt":"2025-07-09T06:05:23","slug":"garrafa-de-agua-leve-e-isolada","status":"publish","type":"product","link":"https:\/\/www.dillerbottle.com\/pt\/products\/lightweight-insulated-water-bottle","title":{"rendered":"Garrafa de \u00e1gua leve e isolada"},"content":{"rendered":"<p>Caracter\u00edsticas:<\/p>\n<p>1. Esta garrafa de \u00e1gua leve e isolada \u00e9 feita de a\u00e7o inoxid\u00e1vel dur\u00e1vel, com isolamento de parede dupla, para manter a \u00e1gua fria ou quente at\u00e9 6-12 horas.<\/p>\n<p>2. A tampa com bot\u00e3o de press\u00e3o est\u00e1 equipada com um fecho de seguran\u00e7a para evitar a abertura acidental da tampa.<\/p>\n<p>3. Esta garrafa de \u00e1gua leve e isolada \u00e9 100% sem BPA e \u00e0 prova de fugas, que pode fornecer \u00e1gua pura e evita fugas ou derrames.<\/p>\n<p>4. Existem duas capacidades de 350 e 480 ml, que podem ser escolhidas de acordo com as suas necessidades de \u00e1gua pot\u00e1vel.<\/p>\n<p>5. O corpo do copo tem um padr\u00e3o original de dachshund, vivo e giro, e mais distinto.<\/p>\n<p>OEM e ODM aceit\u00e1veis.<br \/>\nPodemos personalizar o copo de acordo com suas necessidades.<br \/>\nBem-vindo \u00e0 compra por atacado, envie sua consulta agora!<\/p>","protected":false},"excerpt":{"rendered":"<p>Esta garrafa de \u00e1gua leve e isolada \u00e9 fabricada em a\u00e7o inoxid\u00e1vel dur\u00e1vel, com isolamento de parede dupla, para manter a \u00e1gua fria ou quente at\u00e9 6-12 horas.<br \/>\nA tampa com bot\u00e3o de press\u00e3o vem com uma trava de seguran\u00e7a para evitar a abertura acidental da tampa.<br \/>\nEsta garrafa de \u00e1gua leve e isolada \u00e9 100% sem BPA e \u00e0 prova de fugas, que pode fornecer \u00e1gua pura e evita fugas ou derrames.<br \/>\nExistem duas capacidades de 350 e 480 ml, que podem ser escolhidas de acordo com as suas necessidades de \u00e1gua pot\u00e1vel.<br \/>\nO corpo do copo tem um padr\u00e3o original de dachshund, vivo e bonito, e mais distinto.<br \/>\nOEM e ODM aceit\u00e1veis.<\/p>","protected":false},"featured_media":16273,"comment_status":"open","ping_status":"closed","template":"","meta":{"_acf_changed":false},"product_brand":[],"product_cat":[18],"product_tag":[785,32,36,33,31,39,38,794,956,29,37,523,34,535,35,28,552,691,30],"class_list":{"0":"post-11325","1":"product","2":"type-product","3":"status-publish","4":"has-post-thumbnail","6":"product_cat-insulated-water-bottle","7":"product_tag-500ml-stainless-steel-water-bottle","8":"product_tag-best","9":"product_tag-bulk","10":"product_tag-buy","11":"product_tag-custom","12":"product_tag-for-sale","13":"product_tag-good-quality","14":"product_tag-hydro-flask-water-bottles","15":"product_tag-lightweight-insulated-water-bottle","16":"product_tag-manufacturers","17":"product_tag-manufacturing","18":"product_tag-outdoor-water-bottle","19":"product_tag-price","20":"product_tag-slim-water-bottle","21":"product_tag-small","22":"product_tag-suppliers","23":"product_tag-water-bottle-insulated-sports-bottles-with-handle","24":"product_tag-water-bottles-leak-proof-bpa-free-sports-bottle","25":"product_tag-wholesale","27":"first","28":"instock","29":"shipping-taxable","30":"product-type-simple"},"acf":[],"yoast_head":"<!-- This site is optimized with the Yoast SEO Premium plugin v27.5 (Yoast SEO v27.5) - https:\/\/yoast.com\/product\/yoast-seo-premium-wordpress\/ -->\n<title>Lightweight Insulated Water Bottle - Diller Water Bottle Manufacturer<\/title>\n<meta name=\"description\" content=\"As one of the best lightweight insulated water bottle manufacturers and suppliers, we are engaged in manufacturing good quality water bottles. We warmly welcome you to wholesale or buy custom made lightweight insulated water bottle at competitive price from us. Also, small quantity orders are acceptable.\" \/>\n<meta name=\"robots\" content=\"index, follow, max-snippet:-1, max-image-preview:large, max-video-preview:-1\" \/>\n<link rel=\"canonical\" href=\"https:\/\/www.dillerbottle.com\/pt\/produtos\/garrafa-de-agua-leve-e-isolada\" \/>\n<meta property=\"og:locale\" content=\"pt_PT\" \/>\n<meta property=\"og:type\" content=\"article\" \/>\n<meta property=\"og:title\" content=\"Lightweight Insulated Water Bottle\" \/>\n<meta property=\"og:description\" content=\"As one of the best lightweight insulated water bottle manufacturers and suppliers, we are engaged in manufacturing good quality water bottles. We warmly welcome you to wholesale or buy custom made lightweight insulated water bottle at competitive price from us. Also, small quantity orders are acceptable.\" \/>\n<meta property=\"og:url\" content=\"https:\/\/www.dillerbottle.com\/pt\/produtos\/garrafa-de-agua-leve-e-isolada\" \/>\n<meta property=\"og:site_name\" content=\"Diller Water Bottle Manufacturer\" \/>\n<meta property=\"article:modified_time\" content=\"2025-07-09T06:05:23+00:00\" \/>\n<meta property=\"og:image\" content=\"https:\/\/www.dillerbottle.com\/wp-content\/uploads\/2024\/09\/lightweight-insulated-water-bottle-1.jpg\" \/>\n\t<meta property=\"og:image:width\" content=\"800\" \/>\n\t<meta property=\"og:image:height\" content=\"800\" \/>\n\t<meta property=\"og:image:type\" content=\"image\/jpeg\" \/>\n<meta name=\"twitter:card\" content=\"summary_large_image\" \/>\n<meta name=\"twitter:label1\" content=\"Tempo estimado de leitura\" \/>\n\t<meta name=\"twitter:data1\" content=\"3 minutos\" \/>\n<script type=\"application\/ld+json\" class=\"yoast-schema-graph\">{\"@context\":\"https:\\\/\\\/schema.org\",\"@graph\":[{\"@type\":\"WebPage\",\"@id\":\"https:\\\/\\\/www.dillerbottle.com\\\/ja\\\/%e8%a3%bd%e5%93%81\\\/%e8%bb%bd%e9%87%8f%e6%96%ad%e7%86%b1%e3%82%a6%e3%82%a9%e3%83%bc%e3%82%bf%e3%83%bc%e3%83%9c%e3%83%88%e3%83%ab\",\"url\":\"https:\\\/\\\/www.dillerbottle.com\\\/ja\\\/%e8%a3%bd%e5%93%81\\\/%e8%bb%bd%e9%87%8f%e6%96%ad%e7%86%b1%e3%82%a6%e3%82%a9%e3%83%bc%e3%82%bf%e3%83%bc%e3%83%9c%e3%83%88%e3%83%ab\",\"name\":\"Lightweight Insulated Water Bottle - Diller Water Bottle Manufacturer\",\"isPartOf\":{\"@id\":\"https:\\\/\\\/www.dillerbottle.com\\\/#website\"},\"primaryImageOfPage\":{\"@id\":\"https:\\\/\\\/www.dillerbottle.com\\\/ja\\\/%e8%a3%bd%e5%93%81\\\/%e8%bb%bd%e9%87%8f%e6%96%ad%e7%86%b1%e3%82%a6%e3%82%a9%e3%83%bc%e3%82%bf%e3%83%bc%e3%83%9c%e3%83%88%e3%83%ab#primaryimage\"},\"image\":{\"@id\":\"https:\\\/\\\/www.dillerbottle.com\\\/ja\\\/%e8%a3%bd%e5%93%81\\\/%e8%bb%bd%e9%87%8f%e6%96%ad%e7%86%b1%e3%82%a6%e3%82%a9%e3%83%bc%e3%82%bf%e3%83%bc%e3%83%9c%e3%83%88%e3%83%ab#primaryimage\"},\"thumbnailUrl\":\"https:\\\/\\\/www.dillerbottle.com\\\/wp-content\\\/uploads\\\/2024\\\/09\\\/lightweight-insulated-water-bottle-1.jpg\",\"datePublished\":\"2024-09-29T06:55:47+00:00\",\"dateModified\":\"2025-07-09T06:05:23+00:00\",\"description\":\"As one of the best lightweight insulated water bottle manufacturers and suppliers, we are engaged in manufacturing good quality water bottles. We warmly welcome you to wholesale or buy custom made lightweight insulated water bottle at competitive price from us. Also, small quantity orders are acceptable.\",\"breadcrumb\":{\"@id\":\"https:\\\/\\\/www.dillerbottle.com\\\/ja\\\/%e8%a3%bd%e5%93%81\\\/%e8%bb%bd%e9%87%8f%e6%96%ad%e7%86%b1%e3%82%a6%e3%82%a9%e3%83%bc%e3%82%bf%e3%83%bc%e3%83%9c%e3%83%88%e3%83%ab#breadcrumb\"},\"inLanguage\":\"pt-PT\",\"potentialAction\":[{\"@type\":\"ReadAction\",\"target\":[\"https:\\\/\\\/www.dillerbottle.com\\\/ja\\\/%e8%a3%bd%e5%93%81\\\/%e8%bb%bd%e9%87%8f%e6%96%ad%e7%86%b1%e3%82%a6%e3%82%a9%e3%83%bc%e3%82%bf%e3%83%bc%e3%83%9c%e3%83%88%e3%83%ab\"]}]},{\"@type\":\"ImageObject\",\"inLanguage\":\"pt-PT\",\"@id\":\"https:\\\/\\\/www.dillerbottle.com\\\/ja\\\/%e8%a3%bd%e5%93%81\\\/%e8%bb%bd%e9%87%8f%e6%96%ad%e7%86%b1%e3%82%a6%e3%82%a9%e3%83%bc%e3%82%bf%e3%83%bc%e3%83%9c%e3%83%88%e3%83%ab#primaryimage\",\"url\":\"https:\\\/\\\/www.dillerbottle.com\\\/wp-content\\\/uploads\\\/2024\\\/09\\\/lightweight-insulated-water-bottle-1.jpg\",\"contentUrl\":\"https:\\\/\\\/www.dillerbottle.com\\\/wp-content\\\/uploads\\\/2024\\\/09\\\/lightweight-insulated-water-bottle-1.jpg\",\"width\":800,\"height\":800},{\"@type\":\"BreadcrumbList\",\"@id\":\"https:\\\/\\\/www.dillerbottle.com\\\/ja\\\/%e8%a3%bd%e5%93%81\\\/%e8%bb%bd%e9%87%8f%e6%96%ad%e7%86%b1%e3%82%a6%e3%82%a9%e3%83%bc%e3%82%bf%e3%83%bc%e3%83%9c%e3%83%88%e3%83%ab#breadcrumb\",\"itemListElement\":[{\"@type\":\"ListItem\",\"position\":1,\"name\":\"Home\",\"item\":\"https:\\\/\\\/www.dillerbottle.com\\\/\"},{\"@type\":\"ListItem\",\"position\":2,\"name\":\"Products\",\"item\":\"https:\\\/\\\/www.dillerbottle.com\\\/shop\"},{\"@type\":\"ListItem\",\"position\":3,\"name\":\"Lightweight Insulated Water Bottle\"}]},{\"@type\":\"WebSite\",\"@id\":\"https:\\\/\\\/www.dillerbottle.com\\\/#website\",\"url\":\"https:\\\/\\\/www.dillerbottle.com\\\/\",\"name\":\"Diller Water Bottle Manufacturer\",\"description\":\"Water Bottle Manufacturer\",\"publisher\":{\"@id\":\"https:\\\/\\\/www.dillerbottle.com\\\/#organization\"},\"potentialAction\":[{\"@type\":\"SearchAction\",\"target\":{\"@type\":\"EntryPoint\",\"urlTemplate\":\"https:\\\/\\\/www.dillerbottle.com\\\/?s={search_term_string}\"},\"query-input\":{\"@type\":\"PropertyValueSpecification\",\"valueRequired\":true,\"valueName\":\"search_term_string\"}}],\"inLanguage\":\"pt-PT\"},{\"@type\":\"Organization\",\"@id\":\"https:\\\/\\\/www.dillerbottle.com\\\/#organization\",\"name\":\"Diller Water Bottle Manufacturer\",\"url\":\"https:\\\/\\\/www.dillerbottle.com\\\/\",\"logo\":{\"@type\":\"ImageObject\",\"inLanguage\":\"pt-PT\",\"@id\":\"https:\\\/\\\/www.dillerbottle.com\\\/#\\\/schema\\\/logo\\\/image\\\/\",\"url\":\"https:\\\/\\\/www.dillerbottle.com\\\/wp-content\\\/uploads\\\/2024\\\/09\\\/49918bfa848dcc1e9f8b509933603ac.png\",\"contentUrl\":\"https:\\\/\\\/www.dillerbottle.com\\\/wp-content\\\/uploads\\\/2024\\\/09\\\/49918bfa848dcc1e9f8b509933603ac.png\",\"width\":988,\"height\":198,\"caption\":\"Diller Water Bottle Manufacturer\"},\"image\":{\"@id\":\"https:\\\/\\\/www.dillerbottle.com\\\/#\\\/schema\\\/logo\\\/image\\\/\"}}]}<\/script>\n<!-- \/ Yoast SEO Premium plugin. -->","yoast_head_json":{"title":"Garrafa de \u00e1gua leve e isolada - Fabricante de garrafas de \u00e1gua Diller","description":"Como um dos melhores fabricantes e fornecedores de garrafas de \u00e1gua leves isoladas, estamos engajados na fabrica\u00e7\u00e3o de garrafas de \u00e1gua de boa qualidade. N\u00f3s calorosamente convidamos voc\u00ea a vender no atacado ou comprar garrafas de \u00e1gua leves isoladas personalizadas a pre\u00e7os competitivos conosco. Al\u00e9m disso, pedidos de pequenas quantidades s\u00e3o aceit\u00e1veis.","robots":{"index":"index","follow":"follow","max-snippet":"max-snippet:-1","max-image-preview":"max-image-preview:large","max-video-preview":"max-video-preview:-1"},"canonical":"https:\/\/www.dillerbottle.com\/pt\/produtos\/garrafa-de-agua-leve-e-isolada","og_locale":"pt_PT","og_type":"article","og_title":"Lightweight Insulated Water Bottle","og_description":"As one of the best lightweight insulated water bottle manufacturers and suppliers, we are engaged in manufacturing good quality water bottles. We warmly welcome you to wholesale or buy custom made lightweight insulated water bottle at competitive price from us. Also, small quantity orders are acceptable.","og_url":"https:\/\/www.dillerbottle.com\/pt\/produtos\/garrafa-de-agua-leve-e-isolada","og_site_name":"Diller Water Bottle Manufacturer","article_modified_time":"2025-07-09T06:05:23+00:00","og_image":[{"width":800,"height":800,"url":"https:\/\/www.dillerbottle.com\/wp-content\/uploads\/2024\/09\/lightweight-insulated-water-bottle-1.jpg","type":"image\/jpeg"}],"twitter_card":"summary_large_image","twitter_misc":{"Tempo estimado de leitura":"3 minutos"},"schema":{"@context":"https:\/\/schema.org","@graph":[{"@type":"WebPage","@id":"https:\/\/www.dillerbottle.com\/ja\/%e8%a3%bd%e5%93%81\/%e8%bb%bd%e9%87%8f%e6%96%ad%e7%86%b1%e3%82%a6%e3%82%a9%e3%83%bc%e3%82%bf%e3%83%bc%e3%83%9c%e3%83%88%e3%83%ab","url":"https:\/\/www.dillerbottle.com\/ja\/%e8%a3%bd%e5%93%81\/%e8%bb%bd%e9%87%8f%e6%96%ad%e7%86%b1%e3%82%a6%e3%82%a9%e3%83%bc%e3%82%bf%e3%83%bc%e3%83%9c%e3%83%88%e3%83%ab","name":"Garrafa de \u00e1gua leve e isolada - Fabricante de garrafas de \u00e1gua Diller","isPartOf":{"@id":"https:\/\/www.dillerbottle.com\/#website"},"primaryImageOfPage":{"@id":"https:\/\/www.dillerbottle.com\/ja\/%e8%a3%bd%e5%93%81\/%e8%bb%bd%e9%87%8f%e6%96%ad%e7%86%b1%e3%82%a6%e3%82%a9%e3%83%bc%e3%82%bf%e3%83%bc%e3%83%9c%e3%83%88%e3%83%ab#primaryimage"},"image":{"@id":"https:\/\/www.dillerbottle.com\/ja\/%e8%a3%bd%e5%93%81\/%e8%bb%bd%e9%87%8f%e6%96%ad%e7%86%b1%e3%82%a6%e3%82%a9%e3%83%bc%e3%82%bf%e3%83%bc%e3%83%9c%e3%83%88%e3%83%ab#primaryimage"},"thumbnailUrl":"https:\/\/www.dillerbottle.com\/wp-content\/uploads\/2024\/09\/lightweight-insulated-water-bottle-1.jpg","datePublished":"2024-09-29T06:55:47+00:00","dateModified":"2025-07-09T06:05:23+00:00","description":"Como um dos melhores fabricantes e fornecedores de garrafas de \u00e1gua leves isoladas, estamos engajados na fabrica\u00e7\u00e3o de garrafas de \u00e1gua de boa qualidade. N\u00f3s calorosamente convidamos voc\u00ea a vender no atacado ou comprar garrafas de \u00e1gua leves isoladas personalizadas a pre\u00e7os competitivos conosco. Al\u00e9m disso, pedidos de pequenas quantidades s\u00e3o aceit\u00e1veis.","breadcrumb":{"@id":"https:\/\/www.dillerbottle.com\/ja\/%e8%a3%bd%e5%93%81\/%e8%bb%bd%e9%87%8f%e6%96%ad%e7%86%b1%e3%82%a6%e3%82%a9%e3%83%bc%e3%82%bf%e3%83%bc%e3%83%9c%e3%83%88%e3%83%ab#breadcrumb"},"inLanguage":"pt-PT","potentialAction":[{"@type":"ReadAction","target":["https:\/\/www.dillerbottle.com\/ja\/%e8%a3%bd%e5%93%81\/%e8%bb%bd%e9%87%8f%e6%96%ad%e7%86%b1%e3%82%a6%e3%82%a9%e3%83%bc%e3%82%bf%e3%83%bc%e3%83%9c%e3%83%88%e3%83%ab"]}]},{"@type":"ImageObject","inLanguage":"pt-PT","@id":"https:\/\/www.dillerbottle.com\/ja\/%e8%a3%bd%e5%93%81\/%e8%bb%bd%e9%87%8f%e6%96%ad%e7%86%b1%e3%82%a6%e3%82%a9%e3%83%bc%e3%82%bf%e3%83%bc%e3%83%9c%e3%83%88%e3%83%ab#primaryimage","url":"https:\/\/www.dillerbottle.com\/wp-content\/uploads\/2024\/09\/lightweight-insulated-water-bottle-1.jpg","contentUrl":"https:\/\/www.dillerbottle.com\/wp-content\/uploads\/2024\/09\/lightweight-insulated-water-bottle-1.jpg","width":800,"height":800},{"@type":"BreadcrumbList","@id":"https:\/\/www.dillerbottle.com\/ja\/%e8%a3%bd%e5%93%81\/%e8%bb%bd%e9%87%8f%e6%96%ad%e7%86%b1%e3%82%a6%e3%82%a9%e3%83%bc%e3%82%bf%e3%83%bc%e3%83%9c%e3%83%88%e3%83%ab#breadcrumb","itemListElement":[{"@type":"ListItem","position":1,"name":"Home","item":"https:\/\/www.dillerbottle.com\/"},{"@type":"ListItem","position":2,"name":"Products","item":"https:\/\/www.dillerbottle.com\/shop"},{"@type":"ListItem","position":3,"name":"Lightweight Insulated Water Bottle"}]},{"@type":"WebSite","@id":"https:\/\/www.dillerbottle.com\/#website","url":"https:\/\/www.dillerbottle.com\/","name":"Garrafa de \u00e1gua Diller Fabricante","description":"Garrafa de \u00e1gua Fabricante","publisher":{"@id":"https:\/\/www.dillerbottle.com\/#organization"},"potentialAction":[{"@type":"SearchAction","target":{"@type":"EntryPoint","urlTemplate":"https:\/\/www.dillerbottle.com\/?s={search_term_string}"},"query-input":{"@type":"PropertyValueSpecification","valueRequired":true,"valueName":"search_term_string"}}],"inLanguage":"pt-PT"},{"@type":"Organization","@id":"https:\/\/www.dillerbottle.com\/#organization","name":"Garrafa de \u00e1gua Diller Fabricante","url":"https:\/\/www.dillerbottle.com\/","logo":{"@type":"ImageObject","inLanguage":"pt-PT","@id":"https:\/\/www.dillerbottle.com\/#\/schema\/logo\/image\/","url":"https:\/\/www.dillerbottle.com\/wp-content\/uploads\/2024\/09\/49918bfa848dcc1e9f8b509933603ac.png","contentUrl":"https:\/\/www.dillerbottle.com\/wp-content\/uploads\/2024\/09\/49918bfa848dcc1e9f8b509933603ac.png","width":988,"height":198,"caption":"Diller Water Bottle Manufacturer"},"image":{"@id":"https:\/\/www.dillerbottle.com\/#\/schema\/logo\/image\/"}}]}},"_links":{"self":[{"href":"https:\/\/www.dillerbottle.com\/pt\/wp-json\/wp\/v2\/product\/11325","targetHints":{"allow":["GET"]}}],"collection":[{"href":"https:\/\/www.dillerbottle.com\/pt\/wp-json\/wp\/v2\/product"}],"about":[{"href":"https:\/\/www.dillerbottle.com\/pt\/wp-json\/wp\/v2\/types\/product"}],"replies":[{"embeddable":true,"href":"https:\/\/www.dillerbottle.com\/pt\/wp-json\/wp\/v2\/comments?post=11325"}],"wp:featuredmedia":[{"embeddable":true,"href":"https:\/\/www.dillerbottle.com\/pt\/wp-json\/wp\/v2\/media\/16273"}],"wp:attachment":[{"href":"https:\/\/www.dillerbottle.com\/pt\/wp-json\/wp\/v2\/media?parent=11325"}],"wp:term":[{"taxonomy":"product_brand","embeddable":true,"href":"https:\/\/www.dillerbottle.com\/pt\/wp-json\/wp\/v2\/product_brand?post=11325"},{"taxonomy":"product_cat","embeddable":true,"href":"https:\/\/www.dillerbottle.com\/pt\/wp-json\/wp\/v2\/product_cat?post=11325"},{"taxonomy":"product_tag","embeddable":true,"href":"https:\/\/www.dillerbottle.com\/pt\/wp-json\/wp\/v2\/product_tag?post=11325"}],"curies":[{"name":"wp","href":"https:\/\/api.w.org\/{rel}","templated":true}]}}