{"id":11479,"date":"2024-09-29T14:57:37","date_gmt":"2024-09-29T06:57:37","guid":{"rendered":"https:\/\/demo.dillerbottle.com\/products\/hot-thermos"},"modified":"2025-07-09T13:57:06","modified_gmt":"2025-07-09T05:57:06","slug":"garrafa-termica-quente","status":"publish","type":"product","link":"https:\/\/www.dillerbottle.com\/pt\/products\/hot-thermos","title":{"rendered":"Garrafa t\u00e9rmica quente"},"content":{"rendered":"<p>Esta garrafa t\u00e9rmica quente \u00e9 feita de a\u00e7o inoxid\u00e1vel 316 de grau m\u00e9dico, com maior resist\u00eancia \u00e0 corros\u00e3o e \u00e0 ferrugem, tornando o copo mais dur\u00e1vel. O tamanho geral do corpo do copo \u00e9 adequado, o material \u00e9 leve e fino e o peso \u00e9 leve. O tempo de preserva\u00e7\u00e3o do calor pode ser superior a 12 horas. A tampa do copo adota um design de bot\u00e3o de press\u00e3o, que \u00e9 conveniente de usar.1.;O isolamento de parede dupla torna a garrafa t\u00e9rmica quente livre de suor. Mant\u00e9m sua bebida fria por at\u00e9 24 horas e quente por at\u00e9 12 horas.<br \/>\n2.;A capacidade de 480ml \u00e9 suficiente para atender \u00e0 demanda di\u00e1ria de \u00e1gua pot\u00e1vel. O copo de tamanho m\u00e9dio \u00e9 muito leve e pode ser colocado em bolsas de v\u00e1rias especifica\u00e7\u00f5es sem ocupar espa\u00e7o.<br \/>\n3.;O revestimento interno da garrafa t\u00e9rmica quente \u00e9 feito de a\u00e7o inoxid\u00e1vel 316 de grau m\u00e9dico, e o inv\u00f3lucro \u00e9 feito de a\u00e7o inoxid\u00e1vel 304 de grau aliment\u00edcio, que \u00e9 mais dur\u00e1vel.<br \/>\n4. Bot\u00e3o de press\u00e3o com; anel de trava de seguran\u00e7a. \u00c9 conveniente de usar e pode evitar vazamento de \u00e1gua devido \u00e0 abertura acidental da tampa do copo.<\/p>","protected":false},"excerpt":{"rendered":"<p>Esta garrafa t\u00e9rmica quente \u00e9 feita de a\u00e7o inoxid\u00e1vel 316 de grau m\u00e9dico, com maior resist\u00eancia \u00e0 corros\u00e3o e \u00e0 ferrugem, tornando o copo mais dur\u00e1vel.<br \/>\nO tamanho geral do corpo do copo \u00e9 adequado, o material \u00e9 leve e fino e o peso \u00e9 leve.<br \/>\nO tempo de preserva\u00e7\u00e3o do calor pode ser maior que\u2026<\/p>","protected":false},"featured_media":11480,"comment_status":"open","ping_status":"closed","template":"","meta":{"_acf_changed":false},"product_brand":[],"product_cat":[18],"product_tag":[32,36,33,31,39,38,971,29,37,829,762,34,686,35,704,28,870,767,30],"class_list":{"0":"post-11479","1":"product","2":"type-product","3":"status-publish","4":"has-post-thumbnail","6":"product_cat-insulated-water-bottle","7":"product_tag-best","8":"product_tag-bulk","9":"product_tag-buy","10":"product_tag-custom","11":"product_tag-for-sale","12":"product_tag-good-quality","13":"product_tag-hot-thermos","14":"product_tag-manufacturers","15":"product_tag-manufacturing","16":"product_tag-metal-water-bottle-with-handle","17":"product_tag-nice-water-bottle","18":"product_tag-price","19":"product_tag-school-water-bottle","20":"product_tag-small","21":"product_tag-steel-vacuum-insulated-water-bottle-outdoor","22":"product_tag-suppliers","23":"product_tag-water-bottle-gift-set","24":"product_tag-water-bottles-with-custom-logo","25":"product_tag-wholesale","27":"first","28":"instock","29":"shipping-taxable","30":"product-type-simple"},"acf":[],"yoast_head":"<!-- This site is optimized with the Yoast SEO Premium plugin v27.5 (Yoast SEO v27.5) - https:\/\/yoast.com\/product\/yoast-seo-premium-wordpress\/ -->\n<title>Hot Thermos - Diller Water Bottle Manufacturer<\/title>\n<meta name=\"description\" content=\"As one of the best hot thermos manufacturers and suppliers, we are engaged in manufacturing good quality water bottles. We warmly welcome you to wholesale or buy custom made hot thermos at competitive price from us. Also, small quantity orders are acceptable.\" \/>\n<meta name=\"robots\" content=\"index, follow, max-snippet:-1, max-image-preview:large, max-video-preview:-1\" \/>\n<link rel=\"canonical\" href=\"https:\/\/www.dillerbottle.com\/pt\/produtos\/garrafa-termica-quente\" \/>\n<meta property=\"og:locale\" content=\"pt_PT\" \/>\n<meta property=\"og:type\" content=\"article\" \/>\n<meta property=\"og:title\" content=\"Hot Thermos\" \/>\n<meta property=\"og:description\" content=\"As one of the best hot thermos manufacturers and suppliers, we are engaged in manufacturing good quality water bottles. We warmly welcome you to wholesale or buy custom made hot thermos at competitive price from us. Also, small quantity orders are acceptable.\" \/>\n<meta property=\"og:url\" content=\"https:\/\/www.dillerbottle.com\/pt\/produtos\/garrafa-termica-quente\" \/>\n<meta property=\"og:site_name\" content=\"Diller Water Bottle Manufacturer\" \/>\n<meta property=\"article:modified_time\" content=\"2025-07-09T05:57:06+00:00\" \/>\n<meta property=\"og:image\" content=\"https:\/\/www.dillerbottle.com\/wp-content\/uploads\/2024\/09\/hot-thermos44368460294.jpg\" \/>\n\t<meta property=\"og:image:width\" content=\"730\" \/>\n\t<meta property=\"og:image:height\" content=\"730\" \/>\n\t<meta property=\"og:image:type\" content=\"image\/jpeg\" \/>\n<meta name=\"twitter:card\" content=\"summary_large_image\" \/>\n<meta name=\"twitter:label1\" content=\"Tempo estimado de leitura\" \/>\n\t<meta name=\"twitter:data1\" content=\"3 minutos\" \/>\n<script type=\"application\/ld+json\" class=\"yoast-schema-graph\">{\"@context\":\"https:\\\/\\\/schema.org\",\"@graph\":[{\"@type\":\"WebPage\",\"@id\":\"https:\\\/\\\/www.dillerbottle.com\\\/tr\\\/urunler\\\/sicak-termos\",\"url\":\"https:\\\/\\\/www.dillerbottle.com\\\/tr\\\/urunler\\\/sicak-termos\",\"name\":\"Hot Thermos - Diller Water Bottle Manufacturer\",\"isPartOf\":{\"@id\":\"https:\\\/\\\/www.dillerbottle.com\\\/#website\"},\"primaryImageOfPage\":{\"@id\":\"https:\\\/\\\/www.dillerbottle.com\\\/tr\\\/urunler\\\/sicak-termos#primaryimage\"},\"image\":{\"@id\":\"https:\\\/\\\/www.dillerbottle.com\\\/tr\\\/urunler\\\/sicak-termos#primaryimage\"},\"thumbnailUrl\":\"https:\\\/\\\/www.dillerbottle.com\\\/wp-content\\\/uploads\\\/2024\\\/09\\\/hot-thermos44368460294.jpg\",\"datePublished\":\"2024-09-29T06:57:37+00:00\",\"dateModified\":\"2025-07-09T05:57:06+00:00\",\"description\":\"As one of the best hot thermos manufacturers and suppliers, we are engaged in manufacturing good quality water bottles. We warmly welcome you to wholesale or buy custom made hot thermos at competitive price from us. Also, small quantity orders are acceptable.\",\"breadcrumb\":{\"@id\":\"https:\\\/\\\/www.dillerbottle.com\\\/tr\\\/urunler\\\/sicak-termos#breadcrumb\"},\"inLanguage\":\"pt-PT\",\"potentialAction\":[{\"@type\":\"ReadAction\",\"target\":[\"https:\\\/\\\/www.dillerbottle.com\\\/tr\\\/urunler\\\/sicak-termos\"]}]},{\"@type\":\"ImageObject\",\"inLanguage\":\"pt-PT\",\"@id\":\"https:\\\/\\\/www.dillerbottle.com\\\/tr\\\/urunler\\\/sicak-termos#primaryimage\",\"url\":\"https:\\\/\\\/www.dillerbottle.com\\\/wp-content\\\/uploads\\\/2024\\\/09\\\/hot-thermos44368460294.jpg\",\"contentUrl\":\"https:\\\/\\\/www.dillerbottle.com\\\/wp-content\\\/uploads\\\/2024\\\/09\\\/hot-thermos44368460294.jpg\",\"width\":730,\"height\":730},{\"@type\":\"BreadcrumbList\",\"@id\":\"https:\\\/\\\/www.dillerbottle.com\\\/tr\\\/urunler\\\/sicak-termos#breadcrumb\",\"itemListElement\":[{\"@type\":\"ListItem\",\"position\":1,\"name\":\"Home\",\"item\":\"https:\\\/\\\/www.dillerbottle.com\\\/\"},{\"@type\":\"ListItem\",\"position\":2,\"name\":\"Products\",\"item\":\"https:\\\/\\\/www.dillerbottle.com\\\/shop\"},{\"@type\":\"ListItem\",\"position\":3,\"name\":\"Hot Thermos\"}]},{\"@type\":\"WebSite\",\"@id\":\"https:\\\/\\\/www.dillerbottle.com\\\/#website\",\"url\":\"https:\\\/\\\/www.dillerbottle.com\\\/\",\"name\":\"Diller Water Bottle Manufacturer\",\"description\":\"Water Bottle Manufacturer\",\"publisher\":{\"@id\":\"https:\\\/\\\/www.dillerbottle.com\\\/#organization\"},\"potentialAction\":[{\"@type\":\"SearchAction\",\"target\":{\"@type\":\"EntryPoint\",\"urlTemplate\":\"https:\\\/\\\/www.dillerbottle.com\\\/?s={search_term_string}\"},\"query-input\":{\"@type\":\"PropertyValueSpecification\",\"valueRequired\":true,\"valueName\":\"search_term_string\"}}],\"inLanguage\":\"pt-PT\"},{\"@type\":\"Organization\",\"@id\":\"https:\\\/\\\/www.dillerbottle.com\\\/#organization\",\"name\":\"Diller Water Bottle Manufacturer\",\"url\":\"https:\\\/\\\/www.dillerbottle.com\\\/\",\"logo\":{\"@type\":\"ImageObject\",\"inLanguage\":\"pt-PT\",\"@id\":\"https:\\\/\\\/www.dillerbottle.com\\\/#\\\/schema\\\/logo\\\/image\\\/\",\"url\":\"https:\\\/\\\/www.dillerbottle.com\\\/wp-content\\\/uploads\\\/2024\\\/09\\\/49918bfa848dcc1e9f8b509933603ac.png\",\"contentUrl\":\"https:\\\/\\\/www.dillerbottle.com\\\/wp-content\\\/uploads\\\/2024\\\/09\\\/49918bfa848dcc1e9f8b509933603ac.png\",\"width\":988,\"height\":198,\"caption\":\"Diller Water Bottle Manufacturer\"},\"image\":{\"@id\":\"https:\\\/\\\/www.dillerbottle.com\\\/#\\\/schema\\\/logo\\\/image\\\/\"}}]}<\/script>\n<!-- \/ Yoast SEO Premium plugin. -->","yoast_head_json":{"title":"Hot Thermos - Fabricante de garrafas de \u00e1gua Diller","description":"Como um dos melhores fabricantes e fornecedores de garrafas t\u00e9rmicas quentes, estamos engajados na fabrica\u00e7\u00e3o de garrafas de \u00e1gua de boa qualidade. N\u00f3s calorosamente convidamos voc\u00ea a vender no atacado ou comprar garrafas t\u00e9rmicas quentes personalizadas a pre\u00e7os competitivos conosco. Al\u00e9m disso, pedidos de pequenas quantidades s\u00e3o aceit\u00e1veis.","robots":{"index":"index","follow":"follow","max-snippet":"max-snippet:-1","max-image-preview":"max-image-preview:large","max-video-preview":"max-video-preview:-1"},"canonical":"https:\/\/www.dillerbottle.com\/pt\/produtos\/garrafa-termica-quente","og_locale":"pt_PT","og_type":"article","og_title":"Hot Thermos","og_description":"As one of the best hot thermos manufacturers and suppliers, we are engaged in manufacturing good quality water bottles. We warmly welcome you to wholesale or buy custom made hot thermos at competitive price from us. Also, small quantity orders are acceptable.","og_url":"https:\/\/www.dillerbottle.com\/pt\/produtos\/garrafa-termica-quente","og_site_name":"Diller Water Bottle Manufacturer","article_modified_time":"2025-07-09T05:57:06+00:00","og_image":[{"width":730,"height":730,"url":"https:\/\/www.dillerbottle.com\/wp-content\/uploads\/2024\/09\/hot-thermos44368460294.jpg","type":"image\/jpeg"}],"twitter_card":"summary_large_image","twitter_misc":{"Tempo estimado de leitura":"3 minutos"},"schema":{"@context":"https:\/\/schema.org","@graph":[{"@type":"WebPage","@id":"https:\/\/www.dillerbottle.com\/tr\/urunler\/sicak-termos","url":"https:\/\/www.dillerbottle.com\/tr\/urunler\/sicak-termos","name":"Hot Thermos - Fabricante de garrafas de \u00e1gua Diller","isPartOf":{"@id":"https:\/\/www.dillerbottle.com\/#website"},"primaryImageOfPage":{"@id":"https:\/\/www.dillerbottle.com\/tr\/urunler\/sicak-termos#primaryimage"},"image":{"@id":"https:\/\/www.dillerbottle.com\/tr\/urunler\/sicak-termos#primaryimage"},"thumbnailUrl":"https:\/\/www.dillerbottle.com\/wp-content\/uploads\/2024\/09\/hot-thermos44368460294.jpg","datePublished":"2024-09-29T06:57:37+00:00","dateModified":"2025-07-09T05:57:06+00:00","description":"Como um dos melhores fabricantes e fornecedores de garrafas t\u00e9rmicas quentes, estamos engajados na fabrica\u00e7\u00e3o de garrafas de \u00e1gua de boa qualidade. N\u00f3s calorosamente convidamos voc\u00ea a vender no atacado ou comprar garrafas t\u00e9rmicas quentes personalizadas a pre\u00e7os competitivos conosco. Al\u00e9m disso, pedidos de pequenas quantidades s\u00e3o aceit\u00e1veis.","breadcrumb":{"@id":"https:\/\/www.dillerbottle.com\/tr\/urunler\/sicak-termos#breadcrumb"},"inLanguage":"pt-PT","potentialAction":[{"@type":"ReadAction","target":["https:\/\/www.dillerbottle.com\/tr\/urunler\/sicak-termos"]}]},{"@type":"ImageObject","inLanguage":"pt-PT","@id":"https:\/\/www.dillerbottle.com\/tr\/urunler\/sicak-termos#primaryimage","url":"https:\/\/www.dillerbottle.com\/wp-content\/uploads\/2024\/09\/hot-thermos44368460294.jpg","contentUrl":"https:\/\/www.dillerbottle.com\/wp-content\/uploads\/2024\/09\/hot-thermos44368460294.jpg","width":730,"height":730},{"@type":"BreadcrumbList","@id":"https:\/\/www.dillerbottle.com\/tr\/urunler\/sicak-termos#breadcrumb","itemListElement":[{"@type":"ListItem","position":1,"name":"Home","item":"https:\/\/www.dillerbottle.com\/"},{"@type":"ListItem","position":2,"name":"Products","item":"https:\/\/www.dillerbottle.com\/shop"},{"@type":"ListItem","position":3,"name":"Hot Thermos"}]},{"@type":"WebSite","@id":"https:\/\/www.dillerbottle.com\/#website","url":"https:\/\/www.dillerbottle.com\/","name":"Garrafa de \u00e1gua Diller Fabricante","description":"Garrafa de \u00e1gua Fabricante","publisher":{"@id":"https:\/\/www.dillerbottle.com\/#organization"},"potentialAction":[{"@type":"SearchAction","target":{"@type":"EntryPoint","urlTemplate":"https:\/\/www.dillerbottle.com\/?s={search_term_string}"},"query-input":{"@type":"PropertyValueSpecification","valueRequired":true,"valueName":"search_term_string"}}],"inLanguage":"pt-PT"},{"@type":"Organization","@id":"https:\/\/www.dillerbottle.com\/#organization","name":"Garrafa de \u00e1gua Diller Fabricante","url":"https:\/\/www.dillerbottle.com\/","logo":{"@type":"ImageObject","inLanguage":"pt-PT","@id":"https:\/\/www.dillerbottle.com\/#\/schema\/logo\/image\/","url":"https:\/\/www.dillerbottle.com\/wp-content\/uploads\/2024\/09\/49918bfa848dcc1e9f8b509933603ac.png","contentUrl":"https:\/\/www.dillerbottle.com\/wp-content\/uploads\/2024\/09\/49918bfa848dcc1e9f8b509933603ac.png","width":988,"height":198,"caption":"Diller Water Bottle Manufacturer"},"image":{"@id":"https:\/\/www.dillerbottle.com\/#\/schema\/logo\/image\/"}}]}},"_links":{"self":[{"href":"https:\/\/www.dillerbottle.com\/pt\/wp-json\/wp\/v2\/product\/11479","targetHints":{"allow":["GET"]}}],"collection":[{"href":"https:\/\/www.dillerbottle.com\/pt\/wp-json\/wp\/v2\/product"}],"about":[{"href":"https:\/\/www.dillerbottle.com\/pt\/wp-json\/wp\/v2\/types\/product"}],"replies":[{"embeddable":true,"href":"https:\/\/www.dillerbottle.com\/pt\/wp-json\/wp\/v2\/comments?post=11479"}],"wp:featuredmedia":[{"embeddable":true,"href":"https:\/\/www.dillerbottle.com\/pt\/wp-json\/wp\/v2\/media\/11480"}],"wp:attachment":[{"href":"https:\/\/www.dillerbottle.com\/pt\/wp-json\/wp\/v2\/media?parent=11479"}],"wp:term":[{"taxonomy":"product_brand","embeddable":true,"href":"https:\/\/www.dillerbottle.com\/pt\/wp-json\/wp\/v2\/product_brand?post=11479"},{"taxonomy":"product_cat","embeddable":true,"href":"https:\/\/www.dillerbottle.com\/pt\/wp-json\/wp\/v2\/product_cat?post=11479"},{"taxonomy":"product_tag","embeddable":true,"href":"https:\/\/www.dillerbottle.com\/pt\/wp-json\/wp\/v2\/product_tag?post=11479"}],"curies":[{"name":"wp","href":"https:\/\/api.w.org\/{rel}","templated":true}]}}