{"id":11678,"date":"2024-09-29T14:59:49","date_gmt":"2024-09-29T06:59:49","guid":{"rendered":"https:\/\/demo.dillerbottle.com\/products\/insulated-vacuum-water-bottle"},"modified":"2025-07-09T11:13:14","modified_gmt":"2025-07-09T03:13:14","slug":"garrafa-de-agua-a-vacuo-isolada","status":"publish","type":"product","link":"https:\/\/www.dillerbottle.com\/pt\/products\/insulated-vacuum-water-bottle","title":{"rendered":"Garrafa de \u00e1gua a v\u00e1cuo isolada"},"content":{"rendered":"<p>1. garrafa de \u00e1gua de a\u00e7o inoxid\u00e1vel premium com isolamento a v\u00e1cuo de parede dupla. N\u00e3o \"SUATE\"! Mant\u00e9m as bebidas FRIAS at\u00e9 24 horas e QUENTES at\u00e9 12 horas. O a\u00e7o inoxid\u00e1vel 18\/8 de qualidade alimentar sem BPA mant\u00e9m a sua bebida livre de odores e sabores indesejados.<br \/>\n2.;A garrafa de abertura m\u00e9dia da boca fornece f\u00e1cil enchimento de gelo, bebida e transporte. Perfeito para a academia, escrit\u00f3rio e atividades ao ar livre, ou seja, caminhadas, montanhismo, corrida, ciclismo, acampamento, etc. Serve na maioria dos porta-copos!<br \/>\n3. Revestimento em p\u00f3 superior \u00e9 estiloso e resistente! Prote\u00e7\u00e3o extra contra arranh\u00f5es e batidas.<\/p>","protected":false},"excerpt":{"rendered":"<p>Caracter\u00edsticas: 1. Garrafa de \u00e1gua de a\u00e7o inoxid\u00e1vel com isolamento a v\u00e1cuo de parede dupla premium.<br \/>\nN\u00e3o \u201cSUA\u201d! Mant\u00e9m as bebidas FRIAS por at\u00e9 24 horas e QUENTES por at\u00e9 12 horas.<br \/>\nA\u00e7o inoxid\u00e1vel 18\/8 de grau aliment\u00edcio, sem BPA, mantendo sua bebida livre de odores e sabores indesejados.<br \/>\n2.<br \/>\nGarrafa com abertura de boca m\u00e9dia que permite encher com gelo, beber e transportar com facilidade.<br \/>\nPerfeito para academia, escrit\u00f3rio e atividades ao ar livre, ou seja<br \/>\nCaminhadas, montanhismo, corrida, ciclismo, acampamento, etc.<br \/>\nServe na maioria dos porta-copos! 3. Revestimento em p\u00f3 superior \u00e9 estiloso e resistente! Prote\u00e7\u00e3o extra contra arranh\u00f5es e batidas\u2026<\/p>","protected":false},"featured_media":11679,"comment_status":"open","ping_status":"closed","template":"","meta":{"_acf_changed":false},"product_brand":[],"product_cat":[18],"product_tag":[32,36,33,31,800,39,38,988,29,37,34,35,780,28,552,530,839,741,30],"class_list":{"0":"post-11678","1":"product","2":"type-product","3":"status-publish","4":"has-post-thumbnail","6":"product_cat-insulated-water-bottle","7":"product_tag-best","8":"product_tag-bulk","9":"product_tag-buy","10":"product_tag-custom","11":"product_tag-cycle-water-bottle","12":"product_tag-for-sale","13":"product_tag-good-quality","14":"product_tag-insulated-vacuum-water-bottle","15":"product_tag-manufacturers","16":"product_tag-manufacturing","17":"product_tag-price","18":"product_tag-small","19":"product_tag-stainless-water-bottle","20":"product_tag-suppliers","21":"product_tag-water-bottle-insulated-sports-bottles-with-handle","22":"product_tag-water-bottle-with-sleeve-and-strap","23":"product_tag-water-bottles-bamboo","24":"product_tag-water-bottles-wholesale","25":"product_tag-wholesale","27":"first","28":"instock","29":"shipping-taxable","30":"product-type-simple"},"acf":[],"yoast_head":"<!-- This site is optimized with the Yoast SEO Premium plugin v27.6 (Yoast SEO v27.6) - https:\/\/yoast.com\/product\/yoast-seo-premium-wordpress\/ -->\n<title>Insulated Vacuum Water Bottle - Diller Water Bottle Manufacturer<\/title>\n<meta name=\"description\" content=\"As one of the best insulated vacuum water bottle manufacturers and suppliers, we are engaged in manufacturing good quality water bottles. We warmly welcome you to wholesale or buy custom made insulated vacuum water bottle at competitive price from us. Also, small quantity orders are acceptable.\" \/>\n<meta name=\"robots\" content=\"index, follow, max-snippet:-1, max-image-preview:large, max-video-preview:-1\" \/>\n<link rel=\"canonical\" href=\"https:\/\/www.dillerbottle.com\/pt\/produtos\/garrafa-de-agua-a-vacuo-isolada\" \/>\n<meta property=\"og:locale\" content=\"pt_PT\" \/>\n<meta property=\"og:type\" content=\"article\" \/>\n<meta property=\"og:title\" content=\"Insulated Vacuum Water Bottle\" \/>\n<meta property=\"og:description\" content=\"As one of the best insulated vacuum water bottle manufacturers and suppliers, we are engaged in manufacturing good quality water bottles. We warmly welcome you to wholesale or buy custom made insulated vacuum water bottle at competitive price from us. Also, small quantity orders are acceptable.\" \/>\n<meta property=\"og:url\" content=\"https:\/\/www.dillerbottle.com\/pt\/produtos\/garrafa-de-agua-a-vacuo-isolada\" \/>\n<meta property=\"og:site_name\" content=\"Diller Water Bottle Manufacturer\" \/>\n<meta property=\"article:modified_time\" content=\"2025-07-09T03:13:14+00:00\" \/>\n<meta property=\"og:image\" content=\"https:\/\/www.dillerbottle.com\/wp-content\/uploads\/2024\/09\/insulated-vacuum-water-bottle38402589915.jpg\" \/>\n\t<meta property=\"og:image:width\" content=\"730\" \/>\n\t<meta property=\"og:image:height\" content=\"730\" \/>\n\t<meta property=\"og:image:type\" content=\"image\/jpeg\" \/>\n<meta name=\"twitter:card\" content=\"summary_large_image\" \/>\n<meta name=\"twitter:label1\" content=\"Tempo estimado de leitura\" \/>\n\t<meta name=\"twitter:data1\" content=\"3 minutos\" \/>\n<script type=\"application\/ld+json\" class=\"yoast-schema-graph\">{\"@context\":\"https:\\\/\\\/schema.org\",\"@graph\":[{\"@type\":\"WebPage\",\"@id\":\"https:\\\/\\\/www.dillerbottle.com\\\/ar\\\/%d9%85%d9%86%d8%aa%d8%ac%d8%a7%d8%aa\\\/%d8%b2%d8%ac%d8%a7%d8%ac%d8%a9-%d9%85%d8%a7%d8%a1-%d9%85%d8%b9%d8%b2%d9%88%d9%84%d8%a9-%d9%85%d9%81%d8%b1%d8%ba%d8%a9-%d9%85%d9%86-%d8%a7%d9%84%d9%87%d9%88%d8%a7%d8%a1\",\"url\":\"https:\\\/\\\/www.dillerbottle.com\\\/ar\\\/%d9%85%d9%86%d8%aa%d8%ac%d8%a7%d8%aa\\\/%d8%b2%d8%ac%d8%a7%d8%ac%d8%a9-%d9%85%d8%a7%d8%a1-%d9%85%d8%b9%d8%b2%d9%88%d9%84%d8%a9-%d9%85%d9%81%d8%b1%d8%ba%d8%a9-%d9%85%d9%86-%d8%a7%d9%84%d9%87%d9%88%d8%a7%d8%a1\",\"name\":\"Insulated Vacuum Water Bottle - Diller Water Bottle Manufacturer\",\"isPartOf\":{\"@id\":\"https:\\\/\\\/www.dillerbottle.com\\\/#website\"},\"primaryImageOfPage\":{\"@id\":\"https:\\\/\\\/www.dillerbottle.com\\\/ar\\\/%d9%85%d9%86%d8%aa%d8%ac%d8%a7%d8%aa\\\/%d8%b2%d8%ac%d8%a7%d8%ac%d8%a9-%d9%85%d8%a7%d8%a1-%d9%85%d8%b9%d8%b2%d9%88%d9%84%d8%a9-%d9%85%d9%81%d8%b1%d8%ba%d8%a9-%d9%85%d9%86-%d8%a7%d9%84%d9%87%d9%88%d8%a7%d8%a1#primaryimage\"},\"image\":{\"@id\":\"https:\\\/\\\/www.dillerbottle.com\\\/ar\\\/%d9%85%d9%86%d8%aa%d8%ac%d8%a7%d8%aa\\\/%d8%b2%d8%ac%d8%a7%d8%ac%d8%a9-%d9%85%d8%a7%d8%a1-%d9%85%d8%b9%d8%b2%d9%88%d9%84%d8%a9-%d9%85%d9%81%d8%b1%d8%ba%d8%a9-%d9%85%d9%86-%d8%a7%d9%84%d9%87%d9%88%d8%a7%d8%a1#primaryimage\"},\"thumbnailUrl\":\"https:\\\/\\\/www.dillerbottle.com\\\/wp-content\\\/uploads\\\/2024\\\/09\\\/insulated-vacuum-water-bottle38402589915.jpg\",\"datePublished\":\"2024-09-29T06:59:49+00:00\",\"dateModified\":\"2025-07-09T03:13:14+00:00\",\"description\":\"As one of the best insulated vacuum water bottle manufacturers and suppliers, we are engaged in manufacturing good quality water bottles. We warmly welcome you to wholesale or buy custom made insulated vacuum water bottle at competitive price from us. Also, small quantity orders are acceptable.\",\"breadcrumb\":{\"@id\":\"https:\\\/\\\/www.dillerbottle.com\\\/ar\\\/%d9%85%d9%86%d8%aa%d8%ac%d8%a7%d8%aa\\\/%d8%b2%d8%ac%d8%a7%d8%ac%d8%a9-%d9%85%d8%a7%d8%a1-%d9%85%d8%b9%d8%b2%d9%88%d9%84%d8%a9-%d9%85%d9%81%d8%b1%d8%ba%d8%a9-%d9%85%d9%86-%d8%a7%d9%84%d9%87%d9%88%d8%a7%d8%a1#breadcrumb\"},\"inLanguage\":\"pt-PT\",\"potentialAction\":[{\"@type\":\"ReadAction\",\"target\":[\"https:\\\/\\\/www.dillerbottle.com\\\/ar\\\/%d9%85%d9%86%d8%aa%d8%ac%d8%a7%d8%aa\\\/%d8%b2%d8%ac%d8%a7%d8%ac%d8%a9-%d9%85%d8%a7%d8%a1-%d9%85%d8%b9%d8%b2%d9%88%d9%84%d8%a9-%d9%85%d9%81%d8%b1%d8%ba%d8%a9-%d9%85%d9%86-%d8%a7%d9%84%d9%87%d9%88%d8%a7%d8%a1\"]}]},{\"@type\":\"ImageObject\",\"inLanguage\":\"pt-PT\",\"@id\":\"https:\\\/\\\/www.dillerbottle.com\\\/ar\\\/%d9%85%d9%86%d8%aa%d8%ac%d8%a7%d8%aa\\\/%d8%b2%d8%ac%d8%a7%d8%ac%d8%a9-%d9%85%d8%a7%d8%a1-%d9%85%d8%b9%d8%b2%d9%88%d9%84%d8%a9-%d9%85%d9%81%d8%b1%d8%ba%d8%a9-%d9%85%d9%86-%d8%a7%d9%84%d9%87%d9%88%d8%a7%d8%a1#primaryimage\",\"url\":\"https:\\\/\\\/www.dillerbottle.com\\\/wp-content\\\/uploads\\\/2024\\\/09\\\/insulated-vacuum-water-bottle38402589915.jpg\",\"contentUrl\":\"https:\\\/\\\/www.dillerbottle.com\\\/wp-content\\\/uploads\\\/2024\\\/09\\\/insulated-vacuum-water-bottle38402589915.jpg\",\"width\":730,\"height\":730},{\"@type\":\"BreadcrumbList\",\"@id\":\"https:\\\/\\\/www.dillerbottle.com\\\/ar\\\/%d9%85%d9%86%d8%aa%d8%ac%d8%a7%d8%aa\\\/%d8%b2%d8%ac%d8%a7%d8%ac%d8%a9-%d9%85%d8%a7%d8%a1-%d9%85%d8%b9%d8%b2%d9%88%d9%84%d8%a9-%d9%85%d9%81%d8%b1%d8%ba%d8%a9-%d9%85%d9%86-%d8%a7%d9%84%d9%87%d9%88%d8%a7%d8%a1#breadcrumb\",\"itemListElement\":[{\"@type\":\"ListItem\",\"position\":1,\"name\":\"Home\",\"item\":\"https:\\\/\\\/www.dillerbottle.com\\\/\"},{\"@type\":\"ListItem\",\"position\":2,\"name\":\"Products\",\"item\":\"https:\\\/\\\/www.dillerbottle.com\\\/shop\"},{\"@type\":\"ListItem\",\"position\":3,\"name\":\"Insulated Vacuum Water Bottle\"}]},{\"@type\":\"WebSite\",\"@id\":\"https:\\\/\\\/www.dillerbottle.com\\\/#website\",\"url\":\"https:\\\/\\\/www.dillerbottle.com\\\/\",\"name\":\"Diller Water Bottle Manufacturer\",\"description\":\"Water Bottle Manufacturer\",\"publisher\":{\"@id\":\"https:\\\/\\\/www.dillerbottle.com\\\/#organization\"},\"potentialAction\":[{\"@type\":\"SearchAction\",\"target\":{\"@type\":\"EntryPoint\",\"urlTemplate\":\"https:\\\/\\\/www.dillerbottle.com\\\/?s={search_term_string}\"},\"query-input\":{\"@type\":\"PropertyValueSpecification\",\"valueRequired\":true,\"valueName\":\"search_term_string\"}}],\"inLanguage\":\"pt-PT\"},{\"@type\":\"Organization\",\"@id\":\"https:\\\/\\\/www.dillerbottle.com\\\/#organization\",\"name\":\"Diller Water Bottle Manufacturer\",\"url\":\"https:\\\/\\\/www.dillerbottle.com\\\/\",\"logo\":{\"@type\":\"ImageObject\",\"inLanguage\":\"pt-PT\",\"@id\":\"https:\\\/\\\/www.dillerbottle.com\\\/#\\\/schema\\\/logo\\\/image\\\/\",\"url\":\"https:\\\/\\\/www.dillerbottle.com\\\/wp-content\\\/uploads\\\/2024\\\/09\\\/49918bfa848dcc1e9f8b509933603ac.png\",\"contentUrl\":\"https:\\\/\\\/www.dillerbottle.com\\\/wp-content\\\/uploads\\\/2024\\\/09\\\/49918bfa848dcc1e9f8b509933603ac.png\",\"width\":988,\"height\":198,\"caption\":\"Diller Water Bottle Manufacturer\"},\"image\":{\"@id\":\"https:\\\/\\\/www.dillerbottle.com\\\/#\\\/schema\\\/logo\\\/image\\\/\"}}]}<\/script>\n<!-- \/ Yoast SEO Premium plugin. -->","yoast_head_json":{"title":"Garrafa de \u00e1gua a v\u00e1cuo isolada - Fabricante de garrafas de \u00e1gua Diller","description":"Como um dos melhores fabricantes e fornecedores de garrafas de \u00e1gua a v\u00e1cuo isoladas, estamos engajados na fabrica\u00e7\u00e3o de garrafas de \u00e1gua de boa qualidade. N\u00f3s calorosamente convidamos voc\u00ea a vender no atacado ou comprar garrafas de \u00e1gua a v\u00e1cuo isoladas personalizadas a pre\u00e7os competitivos conosco. Al\u00e9m disso, pedidos de pequenas quantidades s\u00e3o aceit\u00e1veis.","robots":{"index":"index","follow":"follow","max-snippet":"max-snippet:-1","max-image-preview":"max-image-preview:large","max-video-preview":"max-video-preview:-1"},"canonical":"https:\/\/www.dillerbottle.com\/pt\/produtos\/garrafa-de-agua-a-vacuo-isolada","og_locale":"pt_PT","og_type":"article","og_title":"Insulated Vacuum Water Bottle","og_description":"As one of the best insulated vacuum water bottle manufacturers and suppliers, we are engaged in manufacturing good quality water bottles. We warmly welcome you to wholesale or buy custom made insulated vacuum water bottle at competitive price from us. Also, small quantity orders are acceptable.","og_url":"https:\/\/www.dillerbottle.com\/pt\/produtos\/garrafa-de-agua-a-vacuo-isolada","og_site_name":"Diller Water Bottle Manufacturer","article_modified_time":"2025-07-09T03:13:14+00:00","og_image":[{"width":730,"height":730,"url":"https:\/\/www.dillerbottle.com\/wp-content\/uploads\/2024\/09\/insulated-vacuum-water-bottle38402589915.jpg","type":"image\/jpeg"}],"twitter_card":"summary_large_image","twitter_misc":{"Tempo estimado de leitura":"3 minutos"},"schema":{"@context":"https:\/\/schema.org","@graph":[{"@type":"WebPage","@id":"https:\/\/www.dillerbottle.com\/ar\/%d9%85%d9%86%d8%aa%d8%ac%d8%a7%d8%aa\/%d8%b2%d8%ac%d8%a7%d8%ac%d8%a9-%d9%85%d8%a7%d8%a1-%d9%85%d8%b9%d8%b2%d9%88%d9%84%d8%a9-%d9%85%d9%81%d8%b1%d8%ba%d8%a9-%d9%85%d9%86-%d8%a7%d9%84%d9%87%d9%88%d8%a7%d8%a1","url":"https:\/\/www.dillerbottle.com\/ar\/%d9%85%d9%86%d8%aa%d8%ac%d8%a7%d8%aa\/%d8%b2%d8%ac%d8%a7%d8%ac%d8%a9-%d9%85%d8%a7%d8%a1-%d9%85%d8%b9%d8%b2%d9%88%d9%84%d8%a9-%d9%85%d9%81%d8%b1%d8%ba%d8%a9-%d9%85%d9%86-%d8%a7%d9%84%d9%87%d9%88%d8%a7%d8%a1","name":"Garrafa de \u00e1gua a v\u00e1cuo isolada - Fabricante de garrafas de \u00e1gua Diller","isPartOf":{"@id":"https:\/\/www.dillerbottle.com\/#website"},"primaryImageOfPage":{"@id":"https:\/\/www.dillerbottle.com\/ar\/%d9%85%d9%86%d8%aa%d8%ac%d8%a7%d8%aa\/%d8%b2%d8%ac%d8%a7%d8%ac%d8%a9-%d9%85%d8%a7%d8%a1-%d9%85%d8%b9%d8%b2%d9%88%d9%84%d8%a9-%d9%85%d9%81%d8%b1%d8%ba%d8%a9-%d9%85%d9%86-%d8%a7%d9%84%d9%87%d9%88%d8%a7%d8%a1#primaryimage"},"image":{"@id":"https:\/\/www.dillerbottle.com\/ar\/%d9%85%d9%86%d8%aa%d8%ac%d8%a7%d8%aa\/%d8%b2%d8%ac%d8%a7%d8%ac%d8%a9-%d9%85%d8%a7%d8%a1-%d9%85%d8%b9%d8%b2%d9%88%d9%84%d8%a9-%d9%85%d9%81%d8%b1%d8%ba%d8%a9-%d9%85%d9%86-%d8%a7%d9%84%d9%87%d9%88%d8%a7%d8%a1#primaryimage"},"thumbnailUrl":"https:\/\/www.dillerbottle.com\/wp-content\/uploads\/2024\/09\/insulated-vacuum-water-bottle38402589915.jpg","datePublished":"2024-09-29T06:59:49+00:00","dateModified":"2025-07-09T03:13:14+00:00","description":"Como um dos melhores fabricantes e fornecedores de garrafas de \u00e1gua a v\u00e1cuo isoladas, estamos engajados na fabrica\u00e7\u00e3o de garrafas de \u00e1gua de boa qualidade. N\u00f3s calorosamente convidamos voc\u00ea a vender no atacado ou comprar garrafas de \u00e1gua a v\u00e1cuo isoladas personalizadas a pre\u00e7os competitivos conosco. Al\u00e9m disso, pedidos de pequenas quantidades s\u00e3o aceit\u00e1veis.","breadcrumb":{"@id":"https:\/\/www.dillerbottle.com\/ar\/%d9%85%d9%86%d8%aa%d8%ac%d8%a7%d8%aa\/%d8%b2%d8%ac%d8%a7%d8%ac%d8%a9-%d9%85%d8%a7%d8%a1-%d9%85%d8%b9%d8%b2%d9%88%d9%84%d8%a9-%d9%85%d9%81%d8%b1%d8%ba%d8%a9-%d9%85%d9%86-%d8%a7%d9%84%d9%87%d9%88%d8%a7%d8%a1#breadcrumb"},"inLanguage":"pt-PT","potentialAction":[{"@type":"ReadAction","target":["https:\/\/www.dillerbottle.com\/ar\/%d9%85%d9%86%d8%aa%d8%ac%d8%a7%d8%aa\/%d8%b2%d8%ac%d8%a7%d8%ac%d8%a9-%d9%85%d8%a7%d8%a1-%d9%85%d8%b9%d8%b2%d9%88%d9%84%d8%a9-%d9%85%d9%81%d8%b1%d8%ba%d8%a9-%d9%85%d9%86-%d8%a7%d9%84%d9%87%d9%88%d8%a7%d8%a1"]}]},{"@type":"ImageObject","inLanguage":"pt-PT","@id":"https:\/\/www.dillerbottle.com\/ar\/%d9%85%d9%86%d8%aa%d8%ac%d8%a7%d8%aa\/%d8%b2%d8%ac%d8%a7%d8%ac%d8%a9-%d9%85%d8%a7%d8%a1-%d9%85%d8%b9%d8%b2%d9%88%d9%84%d8%a9-%d9%85%d9%81%d8%b1%d8%ba%d8%a9-%d9%85%d9%86-%d8%a7%d9%84%d9%87%d9%88%d8%a7%d8%a1#primaryimage","url":"https:\/\/www.dillerbottle.com\/wp-content\/uploads\/2024\/09\/insulated-vacuum-water-bottle38402589915.jpg","contentUrl":"https:\/\/www.dillerbottle.com\/wp-content\/uploads\/2024\/09\/insulated-vacuum-water-bottle38402589915.jpg","width":730,"height":730},{"@type":"BreadcrumbList","@id":"https:\/\/www.dillerbottle.com\/ar\/%d9%85%d9%86%d8%aa%d8%ac%d8%a7%d8%aa\/%d8%b2%d8%ac%d8%a7%d8%ac%d8%a9-%d9%85%d8%a7%d8%a1-%d9%85%d8%b9%d8%b2%d9%88%d9%84%d8%a9-%d9%85%d9%81%d8%b1%d8%ba%d8%a9-%d9%85%d9%86-%d8%a7%d9%84%d9%87%d9%88%d8%a7%d8%a1#breadcrumb","itemListElement":[{"@type":"ListItem","position":1,"name":"Home","item":"https:\/\/www.dillerbottle.com\/"},{"@type":"ListItem","position":2,"name":"Products","item":"https:\/\/www.dillerbottle.com\/shop"},{"@type":"ListItem","position":3,"name":"Insulated Vacuum Water Bottle"}]},{"@type":"WebSite","@id":"https:\/\/www.dillerbottle.com\/#website","url":"https:\/\/www.dillerbottle.com\/","name":"Garrafa de \u00e1gua Diller Fabricante","description":"Garrafa de \u00e1gua Fabricante","publisher":{"@id":"https:\/\/www.dillerbottle.com\/#organization"},"potentialAction":[{"@type":"SearchAction","target":{"@type":"EntryPoint","urlTemplate":"https:\/\/www.dillerbottle.com\/?s={search_term_string}"},"query-input":{"@type":"PropertyValueSpecification","valueRequired":true,"valueName":"search_term_string"}}],"inLanguage":"pt-PT"},{"@type":"Organization","@id":"https:\/\/www.dillerbottle.com\/#organization","name":"Garrafa de \u00e1gua Diller Fabricante","url":"https:\/\/www.dillerbottle.com\/","logo":{"@type":"ImageObject","inLanguage":"pt-PT","@id":"https:\/\/www.dillerbottle.com\/#\/schema\/logo\/image\/","url":"https:\/\/www.dillerbottle.com\/wp-content\/uploads\/2024\/09\/49918bfa848dcc1e9f8b509933603ac.png","contentUrl":"https:\/\/www.dillerbottle.com\/wp-content\/uploads\/2024\/09\/49918bfa848dcc1e9f8b509933603ac.png","width":988,"height":198,"caption":"Diller Water Bottle Manufacturer"},"image":{"@id":"https:\/\/www.dillerbottle.com\/#\/schema\/logo\/image\/"}}]}},"_links":{"self":[{"href":"https:\/\/www.dillerbottle.com\/pt\/wp-json\/wp\/v2\/product\/11678","targetHints":{"allow":["GET"]}}],"collection":[{"href":"https:\/\/www.dillerbottle.com\/pt\/wp-json\/wp\/v2\/product"}],"about":[{"href":"https:\/\/www.dillerbottle.com\/pt\/wp-json\/wp\/v2\/types\/product"}],"replies":[{"embeddable":true,"href":"https:\/\/www.dillerbottle.com\/pt\/wp-json\/wp\/v2\/comments?post=11678"}],"wp:featuredmedia":[{"embeddable":true,"href":"https:\/\/www.dillerbottle.com\/pt\/wp-json\/wp\/v2\/media\/11679"}],"wp:attachment":[{"href":"https:\/\/www.dillerbottle.com\/pt\/wp-json\/wp\/v2\/media?parent=11678"}],"wp:term":[{"taxonomy":"product_brand","embeddable":true,"href":"https:\/\/www.dillerbottle.com\/pt\/wp-json\/wp\/v2\/product_brand?post=11678"},{"taxonomy":"product_cat","embeddable":true,"href":"https:\/\/www.dillerbottle.com\/pt\/wp-json\/wp\/v2\/product_cat?post=11678"},{"taxonomy":"product_tag","embeddable":true,"href":"https:\/\/www.dillerbottle.com\/pt\/wp-json\/wp\/v2\/product_tag?post=11678"}],"curies":[{"name":"wp","href":"https:\/\/api.w.org\/{rel}","templated":true}]}}