{"id":11995,"date":"2024-09-29T15:03:19","date_gmt":"2024-09-29T07:03:19","guid":{"rendered":"https:\/\/demo.dillerbottle.com\/products\/thermos-bottle-for-baby"},"modified":"2025-09-12T16:23:56","modified_gmt":"2025-09-12T08:23:56","slug":"sus316-copo-pequeno-isolado-no-vacuo-em-aco-inoxidavel","status":"publish","type":"product","link":"https:\/\/www.dillerbottle.com\/pt\/products\/sus316-stainless-steel-small-vacuum-insulated-cup","title":{"rendered":"Copo pequeno isolado em v\u00e1cuo em a\u00e7o inoxid\u00e1vel SUS316"},"content":{"rendered":"<p data-start=\"1121\" data-end=\"1140\"><strong data-start=\"1121\" data-end=\"1137\">Carater\u00edsticas principais<\/strong>:<\/p>\n<ul data-start=\"1141\" data-end=\"1641\">\n<li data-start=\"1141\" data-end=\"1226\">\n<p data-start=\"1143\" data-end=\"1226\"><strong data-start=\"1143\" data-end=\"1169\">A\u00e7o inoxid\u00e1vel SUS316<\/strong>: Material de qualidade m\u00e9dica, seguro e resistente \u00e0 corros\u00e3o.<\/p>\n<\/li>\n<li data-start=\"1227\" data-end=\"1329\">\n<p data-start=\"1229\" data-end=\"1329\"><strong data-start=\"1229\" data-end=\"1271\">Isolamento t\u00e9rmico e preserva\u00e7\u00e3o do frio<\/strong>: O v\u00e1cuo de parede dupla mant\u00e9m as bebidas quentes ou frias durante horas.<\/p>\n<\/li>\n<li data-start=\"1330\" data-end=\"1409\">\n<p data-start=\"1332\" data-end=\"1409\"><strong data-start=\"1332\" data-end=\"1359\">Esquema de cores minimalista<\/strong>: Elegante e vers\u00e1til para diferentes ocasi\u00f5es.<\/p>\n<\/li>\n<li data-start=\"1410\" data-end=\"1483\">\n<p data-start=\"1412\" data-end=\"1483\"><strong data-start=\"1412\" data-end=\"1435\">Selado e \u00e0 prova de fugas<\/strong>: A tampa de rosca garante uma portabilidade sem preocupa\u00e7\u00f5es.<\/p>\n<\/li>\n<li data-start=\"1484\" data-end=\"1561\">\n<p data-start=\"1486\" data-end=\"1561\"><strong data-start=\"1486\" data-end=\"1512\">Superf\u00edcie de pintura texturada<\/strong>: Toque suave, resistente a riscos e duradouro.<\/p>\n<\/li>\n<li data-start=\"1562\" data-end=\"1641\">\n<p data-start=\"1564\" data-end=\"1641\"><strong data-start=\"1564\" data-end=\"1588\">Corpo da ch\u00e1vena leve<\/strong>: Compacto e f\u00e1cil de transportar, perfeito para utiliza\u00e7\u00e3o di\u00e1ria.<\/p>\n<\/li>\n<\/ul>\n<p data-start=\"1643\" data-end=\"1793\"><strong data-start=\"1643\" data-end=\"1659\">Utilizadores-alvo<\/strong>: Estudantes, trabalhadores de escrit\u00f3rio, viajantes e compradores de presentes<br data-start=\"1713\" data-end=\"1716\" \/><strong data-start=\"1716\" data-end=\"1732\">Aplica\u00e7\u00f5es<\/strong>: Personaliza\u00e7\u00e3o de desloca\u00e7\u00f5es di\u00e1rias, escrit\u00f3rio, viagens, desporto e presentes<\/p>","protected":false},"excerpt":{"rendered":"<p>Este mini copo isolado leve \u00e9 fabricado em a\u00e7o inoxid\u00e1vel de qualidade m\u00e9dica SUS316, oferecendo uma excelente resist\u00eancia \u00e0 corros\u00e3o e seguran\u00e7a para a sa\u00fade. Com um design compacto e port\u00e1til, mant\u00e9m as bebidas quentes ou frias, enquanto o seu esquema de cores minimalista e o acabamento em pintura texturada proporcionam praticidade e estilo<\/p>","protected":false},"featured_media":16775,"comment_status":"open","ping_status":"closed","template":"","meta":{"_acf_changed":false},"product_brand":[],"product_cat":[18],"product_tag":[29,732],"class_list":{"0":"post-11995","1":"product","2":"type-product","3":"status-publish","4":"has-post-thumbnail","6":"product_cat-insulated-water-bottle","7":"product_tag-manufacturers","8":"product_tag-portable-travel-water-bottle","10":"first","11":"instock","12":"shipping-taxable","13":"product-type-simple"},"acf":[],"yoast_head":"<!-- This site is optimized with the Yoast SEO Premium plugin v27.5 (Yoast SEO v27.5) - https:\/\/yoast.com\/product\/yoast-seo-premium-wordpress\/ -->\n<title>Diller Water Bottle Manufacturer - Diller Water Bottle Manufacturer<\/title>\n<meta name=\"description\" content=\"Experience the elegance of the SUS316 Stainless Steel Small Vacuum Insulated Cup. Enjoy your drinks at the perfect temperature for hours!\" \/>\n<meta name=\"robots\" content=\"index, follow, max-snippet:-1, max-image-preview:large, max-video-preview:-1\" \/>\n<link rel=\"canonical\" href=\"https:\/\/www.dillerbottle.com\/pt\/produtos\/sus316-copo-pequeno-isolado-no-vacuo-em-aco-inoxidavel\" \/>\n<meta property=\"og:locale\" content=\"pt_PT\" \/>\n<meta property=\"og:type\" content=\"article\" \/>\n<meta property=\"og:title\" content=\"SUS316 Stainless Steel Small Vacuum Insulated Cup\" \/>\n<meta property=\"og:description\" content=\"Experience the elegance of the SUS316 Stainless Steel Small Vacuum Insulated Cup. Enjoy your drinks at the perfect temperature for hours!\" \/>\n<meta property=\"og:url\" content=\"https:\/\/www.dillerbottle.com\/pt\/produtos\/sus316-copo-pequeno-isolado-no-vacuo-em-aco-inoxidavel\" \/>\n<meta property=\"og:site_name\" content=\"Diller Water Bottle Manufacturer\" \/>\n<meta property=\"article:modified_time\" content=\"2025-09-12T08:23:56+00:00\" \/>\n<meta property=\"og:image\" content=\"https:\/\/www.dillerbottle.com\/wp-content\/uploads\/2024\/09\/thermos-bottle-for-baby-9188-1.jpg\" \/>\n\t<meta property=\"og:image:width\" content=\"800\" \/>\n\t<meta property=\"og:image:height\" content=\"800\" \/>\n\t<meta property=\"og:image:type\" content=\"image\/jpeg\" \/>\n<meta name=\"twitter:card\" content=\"summary_large_image\" \/>\n<meta name=\"twitter:label1\" content=\"Tempo estimado de leitura\" \/>\n\t<meta name=\"twitter:data1\" content=\"1 minuto\" \/>\n<script type=\"application\/ld+json\" class=\"yoast-schema-graph\">{\"@context\":\"https:\\\/\\\/schema.org\",\"@graph\":[{\"@type\":\"WebPage\",\"@id\":\"https:\\\/\\\/www.dillerbottle.com\\\/products\\\/sus316-stainless-steel-small-vacuum-insulated-cup\",\"url\":\"https:\\\/\\\/www.dillerbottle.com\\\/products\\\/sus316-stainless-steel-small-vacuum-insulated-cup\",\"name\":\"Diller Water Bottle Manufacturer - Diller Water Bottle Manufacturer\",\"isPartOf\":{\"@id\":\"https:\\\/\\\/www.dillerbottle.com\\\/#website\"},\"primaryImageOfPage\":{\"@id\":\"https:\\\/\\\/www.dillerbottle.com\\\/products\\\/sus316-stainless-steel-small-vacuum-insulated-cup#primaryimage\"},\"image\":{\"@id\":\"https:\\\/\\\/www.dillerbottle.com\\\/products\\\/sus316-stainless-steel-small-vacuum-insulated-cup#primaryimage\"},\"thumbnailUrl\":\"https:\\\/\\\/www.dillerbottle.com\\\/wp-content\\\/uploads\\\/2024\\\/09\\\/thermos-bottle-for-baby-9188-1.jpg\",\"datePublished\":\"2024-09-29T07:03:19+00:00\",\"dateModified\":\"2025-09-12T08:23:56+00:00\",\"description\":\"Experience the elegance of the SUS316 Stainless Steel Small Vacuum Insulated Cup. Enjoy your drinks at the perfect temperature for hours!\",\"breadcrumb\":{\"@id\":\"https:\\\/\\\/www.dillerbottle.com\\\/products\\\/sus316-stainless-steel-small-vacuum-insulated-cup#breadcrumb\"},\"inLanguage\":\"pt-PT\",\"potentialAction\":[{\"@type\":\"ReadAction\",\"target\":[\"https:\\\/\\\/www.dillerbottle.com\\\/products\\\/sus316-stainless-steel-small-vacuum-insulated-cup\"]}]},{\"@type\":\"ImageObject\",\"inLanguage\":\"pt-PT\",\"@id\":\"https:\\\/\\\/www.dillerbottle.com\\\/products\\\/sus316-stainless-steel-small-vacuum-insulated-cup#primaryimage\",\"url\":\"https:\\\/\\\/www.dillerbottle.com\\\/wp-content\\\/uploads\\\/2024\\\/09\\\/thermos-bottle-for-baby-9188-1.jpg\",\"contentUrl\":\"https:\\\/\\\/www.dillerbottle.com\\\/wp-content\\\/uploads\\\/2024\\\/09\\\/thermos-bottle-for-baby-9188-1.jpg\",\"width\":800,\"height\":800},{\"@type\":\"BreadcrumbList\",\"@id\":\"https:\\\/\\\/www.dillerbottle.com\\\/products\\\/sus316-stainless-steel-small-vacuum-insulated-cup#breadcrumb\",\"itemListElement\":[{\"@type\":\"ListItem\",\"position\":1,\"name\":\"Home\",\"item\":\"https:\\\/\\\/www.dillerbottle.com\\\/\"},{\"@type\":\"ListItem\",\"position\":2,\"name\":\"Products\",\"item\":\"https:\\\/\\\/www.dillerbottle.com\\\/shop\"},{\"@type\":\"ListItem\",\"position\":3,\"name\":\"SUS316 Stainless Steel Small Vacuum Insulated Cup\"}]},{\"@type\":\"WebSite\",\"@id\":\"https:\\\/\\\/www.dillerbottle.com\\\/#website\",\"url\":\"https:\\\/\\\/www.dillerbottle.com\\\/\",\"name\":\"Diller Water Bottle Manufacturer\",\"description\":\"Water Bottle Manufacturer\",\"publisher\":{\"@id\":\"https:\\\/\\\/www.dillerbottle.com\\\/#organization\"},\"potentialAction\":[{\"@type\":\"SearchAction\",\"target\":{\"@type\":\"EntryPoint\",\"urlTemplate\":\"https:\\\/\\\/www.dillerbottle.com\\\/?s={search_term_string}\"},\"query-input\":{\"@type\":\"PropertyValueSpecification\",\"valueRequired\":true,\"valueName\":\"search_term_string\"}}],\"inLanguage\":\"pt-PT\"},{\"@type\":\"Organization\",\"@id\":\"https:\\\/\\\/www.dillerbottle.com\\\/#organization\",\"name\":\"Diller Water Bottle Manufacturer\",\"url\":\"https:\\\/\\\/www.dillerbottle.com\\\/\",\"logo\":{\"@type\":\"ImageObject\",\"inLanguage\":\"pt-PT\",\"@id\":\"https:\\\/\\\/www.dillerbottle.com\\\/#\\\/schema\\\/logo\\\/image\\\/\",\"url\":\"https:\\\/\\\/www.dillerbottle.com\\\/wp-content\\\/uploads\\\/2024\\\/09\\\/49918bfa848dcc1e9f8b509933603ac.png\",\"contentUrl\":\"https:\\\/\\\/www.dillerbottle.com\\\/wp-content\\\/uploads\\\/2024\\\/09\\\/49918bfa848dcc1e9f8b509933603ac.png\",\"width\":988,\"height\":198,\"caption\":\"Diller Water Bottle Manufacturer\"},\"image\":{\"@id\":\"https:\\\/\\\/www.dillerbottle.com\\\/#\\\/schema\\\/logo\\\/image\\\/\"}}]}<\/script>\n<!-- \/ Yoast SEO Premium plugin. -->","yoast_head_json":{"title":"Garrafa de \u00e1gua Diller Fabricante - Garrafa de \u00e1gua Diller Fabricante","description":"Experimente a eleg\u00e2ncia do copo pequeno isolado a v\u00e1cuo em a\u00e7o inoxid\u00e1vel SUS316. Desfrute das suas bebidas \u00e0 temperatura perfeita durante horas!","robots":{"index":"index","follow":"follow","max-snippet":"max-snippet:-1","max-image-preview":"max-image-preview:large","max-video-preview":"max-video-preview:-1"},"canonical":"https:\/\/www.dillerbottle.com\/pt\/produtos\/sus316-copo-pequeno-isolado-no-vacuo-em-aco-inoxidavel","og_locale":"pt_PT","og_type":"article","og_title":"SUS316 Stainless Steel Small Vacuum Insulated Cup","og_description":"Experience the elegance of the SUS316 Stainless Steel Small Vacuum Insulated Cup. Enjoy your drinks at the perfect temperature for hours!","og_url":"https:\/\/www.dillerbottle.com\/pt\/produtos\/sus316-copo-pequeno-isolado-no-vacuo-em-aco-inoxidavel","og_site_name":"Diller Water Bottle Manufacturer","article_modified_time":"2025-09-12T08:23:56+00:00","og_image":[{"width":800,"height":800,"url":"https:\/\/www.dillerbottle.com\/wp-content\/uploads\/2024\/09\/thermos-bottle-for-baby-9188-1.jpg","type":"image\/jpeg"}],"twitter_card":"summary_large_image","twitter_misc":{"Tempo estimado de leitura":"1 minuto"},"schema":{"@context":"https:\/\/schema.org","@graph":[{"@type":"WebPage","@id":"https:\/\/www.dillerbottle.com\/products\/sus316-stainless-steel-small-vacuum-insulated-cup","url":"https:\/\/www.dillerbottle.com\/products\/sus316-stainless-steel-small-vacuum-insulated-cup","name":"Garrafa de \u00e1gua Diller Fabricante - Garrafa de \u00e1gua Diller Fabricante","isPartOf":{"@id":"https:\/\/www.dillerbottle.com\/#website"},"primaryImageOfPage":{"@id":"https:\/\/www.dillerbottle.com\/products\/sus316-stainless-steel-small-vacuum-insulated-cup#primaryimage"},"image":{"@id":"https:\/\/www.dillerbottle.com\/products\/sus316-stainless-steel-small-vacuum-insulated-cup#primaryimage"},"thumbnailUrl":"https:\/\/www.dillerbottle.com\/wp-content\/uploads\/2024\/09\/thermos-bottle-for-baby-9188-1.jpg","datePublished":"2024-09-29T07:03:19+00:00","dateModified":"2025-09-12T08:23:56+00:00","description":"Experimente a eleg\u00e2ncia do copo pequeno isolado a v\u00e1cuo em a\u00e7o inoxid\u00e1vel SUS316. Desfrute das suas bebidas \u00e0 temperatura perfeita durante horas!","breadcrumb":{"@id":"https:\/\/www.dillerbottle.com\/products\/sus316-stainless-steel-small-vacuum-insulated-cup#breadcrumb"},"inLanguage":"pt-PT","potentialAction":[{"@type":"ReadAction","target":["https:\/\/www.dillerbottle.com\/products\/sus316-stainless-steel-small-vacuum-insulated-cup"]}]},{"@type":"ImageObject","inLanguage":"pt-PT","@id":"https:\/\/www.dillerbottle.com\/products\/sus316-stainless-steel-small-vacuum-insulated-cup#primaryimage","url":"https:\/\/www.dillerbottle.com\/wp-content\/uploads\/2024\/09\/thermos-bottle-for-baby-9188-1.jpg","contentUrl":"https:\/\/www.dillerbottle.com\/wp-content\/uploads\/2024\/09\/thermos-bottle-for-baby-9188-1.jpg","width":800,"height":800},{"@type":"BreadcrumbList","@id":"https:\/\/www.dillerbottle.com\/products\/sus316-stainless-steel-small-vacuum-insulated-cup#breadcrumb","itemListElement":[{"@type":"ListItem","position":1,"name":"Home","item":"https:\/\/www.dillerbottle.com\/"},{"@type":"ListItem","position":2,"name":"Products","item":"https:\/\/www.dillerbottle.com\/shop"},{"@type":"ListItem","position":3,"name":"SUS316 Stainless Steel Small Vacuum Insulated Cup"}]},{"@type":"WebSite","@id":"https:\/\/www.dillerbottle.com\/#website","url":"https:\/\/www.dillerbottle.com\/","name":"Garrafa de \u00e1gua Diller Fabricante","description":"Garrafa de \u00e1gua Fabricante","publisher":{"@id":"https:\/\/www.dillerbottle.com\/#organization"},"potentialAction":[{"@type":"SearchAction","target":{"@type":"EntryPoint","urlTemplate":"https:\/\/www.dillerbottle.com\/?s={search_term_string}"},"query-input":{"@type":"PropertyValueSpecification","valueRequired":true,"valueName":"search_term_string"}}],"inLanguage":"pt-PT"},{"@type":"Organization","@id":"https:\/\/www.dillerbottle.com\/#organization","name":"Garrafa de \u00e1gua Diller Fabricante","url":"https:\/\/www.dillerbottle.com\/","logo":{"@type":"ImageObject","inLanguage":"pt-PT","@id":"https:\/\/www.dillerbottle.com\/#\/schema\/logo\/image\/","url":"https:\/\/www.dillerbottle.com\/wp-content\/uploads\/2024\/09\/49918bfa848dcc1e9f8b509933603ac.png","contentUrl":"https:\/\/www.dillerbottle.com\/wp-content\/uploads\/2024\/09\/49918bfa848dcc1e9f8b509933603ac.png","width":988,"height":198,"caption":"Diller Water Bottle Manufacturer"},"image":{"@id":"https:\/\/www.dillerbottle.com\/#\/schema\/logo\/image\/"}}]}},"_links":{"self":[{"href":"https:\/\/www.dillerbottle.com\/pt\/wp-json\/wp\/v2\/product\/11995","targetHints":{"allow":["GET"]}}],"collection":[{"href":"https:\/\/www.dillerbottle.com\/pt\/wp-json\/wp\/v2\/product"}],"about":[{"href":"https:\/\/www.dillerbottle.com\/pt\/wp-json\/wp\/v2\/types\/product"}],"replies":[{"embeddable":true,"href":"https:\/\/www.dillerbottle.com\/pt\/wp-json\/wp\/v2\/comments?post=11995"}],"wp:featuredmedia":[{"embeddable":true,"href":"https:\/\/www.dillerbottle.com\/pt\/wp-json\/wp\/v2\/media\/16775"}],"wp:attachment":[{"href":"https:\/\/www.dillerbottle.com\/pt\/wp-json\/wp\/v2\/media?parent=11995"}],"wp:term":[{"taxonomy":"product_brand","embeddable":true,"href":"https:\/\/www.dillerbottle.com\/pt\/wp-json\/wp\/v2\/product_brand?post=11995"},{"taxonomy":"product_cat","embeddable":true,"href":"https:\/\/www.dillerbottle.com\/pt\/wp-json\/wp\/v2\/product_cat?post=11995"},{"taxonomy":"product_tag","embeddable":true,"href":"https:\/\/www.dillerbottle.com\/pt\/wp-json\/wp\/v2\/product_tag?post=11995"}],"curies":[{"name":"wp","href":"https:\/\/api.w.org\/{rel}","templated":true}]}}