{"id":1750,"date":"2024-09-24T17:41:49","date_gmt":"2024-09-24T09:41:49","guid":{"rendered":"https:\/\/demo.dillerbottle.com\/product\/stainless-steel-coffee-mug-with-handle"},"modified":"2025-07-10T16:11:32","modified_gmt":"2025-07-10T08:11:32","slug":"caneca-de-cafe-de-aco-inoxidavel-com-alca","status":"publish","type":"product","link":"https:\/\/www.dillerbottle.com\/pt\/products\/stainless-steel-coffee-mug-with-handle","title":{"rendered":"Caneca de caf\u00e9 de a\u00e7o inoxid\u00e1vel com al\u00e7a"},"content":{"rendered":"<p>1. A caneca de a\u00e7o inoxid\u00e1vel com isolamento de parede dupla mant\u00e9m \u00e1gua, caf\u00e9 ou coquetel gelados ou quentes por mais de 6 horas.<br \/>\n2. A caneca de caf\u00e9 de a\u00e7o inoxid\u00e1vel com al\u00e7a \u00e9 feita de a\u00e7o inoxid\u00e1vel de grau aliment\u00edcio 304 (18\/8). Esta caneca de caf\u00e9 de a\u00e7o inoxid\u00e1vel com al\u00e7a nunca transpira devido ao design isolado a v\u00e1cuo. O revestimento em p\u00f3 na parte externa se encaixa mais confortavelmente nas m\u00e3os e \u00e9 antiderrapante.<br \/>\n3. A caneca de caf\u00e9 de a\u00e7o inoxid\u00e1vel vem com uma tampa inquebr\u00e1vel e cristalina. A tampa sip-through tem um controle deslizante integrado para garantir que a bebida permane\u00e7a dentro entre os goles.<\/p>","protected":false},"excerpt":{"rendered":"<p>Esta caneca de caf\u00e9 de a\u00e7o inoxid\u00e1vel com al\u00e7a \u00e9 feita de a\u00e7o inoxid\u00e1vel dur\u00e1vel e materiais de qualidade alimentar. Esta caneca pode manter o conte\u00fado quente ou gelado por at\u00e9 6 horas. A al\u00e7a do corpo do copo torna a caneca mais conveniente para transportar. A boca grande do copo \u00e9 mais f\u00e1cil de limpar. OEM e ODM aceit\u00e1veis. Podemos personalizar a caneca de caf\u00e9 de acordo com suas necessidades. Bem-vindo \u00e0 compra por atacado, envie uma consulta agora!<\/p>","protected":false},"featured_media":1751,"comment_status":"open","ping_status":"closed","template":"","meta":{"_acf_changed":false},"product_brand":[],"product_cat":[46],"product_tag":[32,36,33,31,39,38,29,37,34,35,49,28,30],"class_list":{"0":"post-1750","1":"product","2":"type-product","3":"status-publish","4":"has-post-thumbnail","6":"product_cat-cup","7":"product_tag-best","8":"product_tag-bulk","9":"product_tag-buy","10":"product_tag-custom","11":"product_tag-for-sale","12":"product_tag-good-quality","13":"product_tag-manufacturers","14":"product_tag-manufacturing","15":"product_tag-price","16":"product_tag-small","17":"product_tag-stainless-steel-coffee-mug-with-handle","18":"product_tag-suppliers","19":"product_tag-wholesale","21":"first","22":"instock","23":"shipping-taxable","24":"product-type-simple"},"acf":[],"yoast_head":"<!-- This site is optimized with the Yoast SEO Premium plugin v27.5 (Yoast SEO v27.5) - https:\/\/yoast.com\/product\/yoast-seo-premium-wordpress\/ -->\n<title>Stainless Steel Coffee Mug With Handle - Diller Water Bottle Manufacturer<\/title>\n<meta name=\"description\" content=\"As one of the best stainless steel coffee mug with handle manufacturers and suppliers, we are engaged in manufacturing good quality water bottles. We warmly welcome you to wholesale or buy custom made stainless steel coffee mug with handle at competitive price from us. Also, small quantity orders are acceptable.\" \/>\n<meta name=\"robots\" content=\"index, follow, max-snippet:-1, max-image-preview:large, max-video-preview:-1\" \/>\n<link rel=\"canonical\" href=\"https:\/\/www.dillerbottle.com\/pt\/produtos\/caneca-de-cafe-de-aco-inoxidavel-com-alca\" \/>\n<meta property=\"og:locale\" content=\"pt_PT\" \/>\n<meta property=\"og:type\" content=\"article\" \/>\n<meta property=\"og:title\" content=\"Stainless Steel Coffee Mug With Handle\" \/>\n<meta property=\"og:description\" content=\"As one of the best stainless steel coffee mug with handle manufacturers and suppliers, we are engaged in manufacturing good quality water bottles. We warmly welcome you to wholesale or buy custom made stainless steel coffee mug with handle at competitive price from us. Also, small quantity orders are acceptable.\" \/>\n<meta property=\"og:url\" content=\"https:\/\/www.dillerbottle.com\/pt\/produtos\/caneca-de-cafe-de-aco-inoxidavel-com-alca\" \/>\n<meta property=\"og:site_name\" content=\"Diller Water Bottle Manufacturer\" \/>\n<meta property=\"article:modified_time\" content=\"2025-07-10T08:11:32+00:00\" \/>\n<meta property=\"og:image\" content=\"https:\/\/www.dillerbottle.com\/wp-content\/uploads\/2024\/09\/stainless-steel-coffee-mug-with-handle493d5c2f-41e2-4400-8973-c27d33d28313.jpg\" \/>\n\t<meta property=\"og:image:width\" content=\"730\" \/>\n\t<meta property=\"og:image:height\" content=\"730\" \/>\n\t<meta property=\"og:image:type\" content=\"image\/jpeg\" \/>\n<meta name=\"twitter:card\" content=\"summary_large_image\" \/>\n<meta name=\"twitter:label1\" content=\"Tempo estimado de leitura\" \/>\n\t<meta name=\"twitter:data1\" content=\"5 minutos\" \/>\n<script type=\"application\/ld+json\" class=\"yoast-schema-graph\">{\"@context\":\"https:\\\/\\\/schema.org\",\"@graph\":[{\"@type\":\"WebPage\",\"@id\":\"https:\\\/\\\/www.dillerbottle.com\\\/products\\\/stainless-steel-coffee-mug-with-handle\",\"url\":\"https:\\\/\\\/www.dillerbottle.com\\\/products\\\/stainless-steel-coffee-mug-with-handle\",\"name\":\"Stainless Steel Coffee Mug With Handle - Diller Water Bottle Manufacturer\",\"isPartOf\":{\"@id\":\"https:\\\/\\\/www.dillerbottle.com\\\/#website\"},\"primaryImageOfPage\":{\"@id\":\"https:\\\/\\\/www.dillerbottle.com\\\/products\\\/stainless-steel-coffee-mug-with-handle#primaryimage\"},\"image\":{\"@id\":\"https:\\\/\\\/www.dillerbottle.com\\\/products\\\/stainless-steel-coffee-mug-with-handle#primaryimage\"},\"thumbnailUrl\":\"https:\\\/\\\/www.dillerbottle.com\\\/wp-content\\\/uploads\\\/2024\\\/09\\\/stainless-steel-coffee-mug-with-handle493d5c2f-41e2-4400-8973-c27d33d28313.jpg\",\"datePublished\":\"2024-09-24T09:41:49+00:00\",\"dateModified\":\"2025-07-10T08:11:32+00:00\",\"description\":\"As one of the best stainless steel coffee mug with handle manufacturers and suppliers, we are engaged in manufacturing good quality water bottles. We warmly welcome you to wholesale or buy custom made stainless steel coffee mug with handle at competitive price from us. Also, small quantity orders are acceptable.\",\"breadcrumb\":{\"@id\":\"https:\\\/\\\/www.dillerbottle.com\\\/products\\\/stainless-steel-coffee-mug-with-handle#breadcrumb\"},\"inLanguage\":\"pt-PT\",\"potentialAction\":[{\"@type\":\"ReadAction\",\"target\":[\"https:\\\/\\\/www.dillerbottle.com\\\/products\\\/stainless-steel-coffee-mug-with-handle\"]}]},{\"@type\":\"ImageObject\",\"inLanguage\":\"pt-PT\",\"@id\":\"https:\\\/\\\/www.dillerbottle.com\\\/products\\\/stainless-steel-coffee-mug-with-handle#primaryimage\",\"url\":\"https:\\\/\\\/www.dillerbottle.com\\\/wp-content\\\/uploads\\\/2024\\\/09\\\/stainless-steel-coffee-mug-with-handle493d5c2f-41e2-4400-8973-c27d33d28313.jpg\",\"contentUrl\":\"https:\\\/\\\/www.dillerbottle.com\\\/wp-content\\\/uploads\\\/2024\\\/09\\\/stainless-steel-coffee-mug-with-handle493d5c2f-41e2-4400-8973-c27d33d28313.jpg\",\"width\":730,\"height\":730},{\"@type\":\"BreadcrumbList\",\"@id\":\"https:\\\/\\\/www.dillerbottle.com\\\/products\\\/stainless-steel-coffee-mug-with-handle#breadcrumb\",\"itemListElement\":[{\"@type\":\"ListItem\",\"position\":1,\"name\":\"Home\",\"item\":\"https:\\\/\\\/www.dillerbottle.com\\\/\"},{\"@type\":\"ListItem\",\"position\":2,\"name\":\"Products\",\"item\":\"https:\\\/\\\/www.dillerbottle.com\\\/shop\"},{\"@type\":\"ListItem\",\"position\":3,\"name\":\"Stainless Steel Coffee Mug With Handle\"}]},{\"@type\":\"WebSite\",\"@id\":\"https:\\\/\\\/www.dillerbottle.com\\\/#website\",\"url\":\"https:\\\/\\\/www.dillerbottle.com\\\/\",\"name\":\"Diller Water Bottle Manufacturer\",\"description\":\"Water Bottle Manufacturer\",\"publisher\":{\"@id\":\"https:\\\/\\\/www.dillerbottle.com\\\/#organization\"},\"potentialAction\":[{\"@type\":\"SearchAction\",\"target\":{\"@type\":\"EntryPoint\",\"urlTemplate\":\"https:\\\/\\\/www.dillerbottle.com\\\/?s={search_term_string}\"},\"query-input\":{\"@type\":\"PropertyValueSpecification\",\"valueRequired\":true,\"valueName\":\"search_term_string\"}}],\"inLanguage\":\"pt-PT\"},{\"@type\":\"Organization\",\"@id\":\"https:\\\/\\\/www.dillerbottle.com\\\/#organization\",\"name\":\"Diller Water Bottle Manufacturer\",\"url\":\"https:\\\/\\\/www.dillerbottle.com\\\/\",\"logo\":{\"@type\":\"ImageObject\",\"inLanguage\":\"pt-PT\",\"@id\":\"https:\\\/\\\/www.dillerbottle.com\\\/#\\\/schema\\\/logo\\\/image\\\/\",\"url\":\"https:\\\/\\\/www.dillerbottle.com\\\/wp-content\\\/uploads\\\/2024\\\/09\\\/49918bfa848dcc1e9f8b509933603ac.png\",\"contentUrl\":\"https:\\\/\\\/www.dillerbottle.com\\\/wp-content\\\/uploads\\\/2024\\\/09\\\/49918bfa848dcc1e9f8b509933603ac.png\",\"width\":988,\"height\":198,\"caption\":\"Diller Water Bottle Manufacturer\"},\"image\":{\"@id\":\"https:\\\/\\\/www.dillerbottle.com\\\/#\\\/schema\\\/logo\\\/image\\\/\"}}]}<\/script>\n<!-- \/ Yoast SEO Premium plugin. -->","yoast_head_json":{"title":"Caneca de caf\u00e9 de a\u00e7o inoxid\u00e1vel com al\u00e7a - Fabricante de garrafas de \u00e1gua Diller","description":"Como um dos melhores fabricantes e fornecedores de canecas de caf\u00e9 de a\u00e7o inoxid\u00e1vel com al\u00e7a, estamos envolvidos na fabrica\u00e7\u00e3o de garrafas de \u00e1gua de boa qualidade. N\u00f3s calorosamente convidamos voc\u00ea a vender no atacado ou comprar canecas de caf\u00e9 de a\u00e7o inoxid\u00e1vel personalizadas com al\u00e7a a um pre\u00e7o competitivo conosco. Al\u00e9m disso, pedidos de pequenas quantidades s\u00e3o aceit\u00e1veis.","robots":{"index":"index","follow":"follow","max-snippet":"max-snippet:-1","max-image-preview":"max-image-preview:large","max-video-preview":"max-video-preview:-1"},"canonical":"https:\/\/www.dillerbottle.com\/pt\/produtos\/caneca-de-cafe-de-aco-inoxidavel-com-alca","og_locale":"pt_PT","og_type":"article","og_title":"Stainless Steel Coffee Mug With Handle","og_description":"As one of the best stainless steel coffee mug with handle manufacturers and suppliers, we are engaged in manufacturing good quality water bottles. We warmly welcome you to wholesale or buy custom made stainless steel coffee mug with handle at competitive price from us. Also, small quantity orders are acceptable.","og_url":"https:\/\/www.dillerbottle.com\/pt\/produtos\/caneca-de-cafe-de-aco-inoxidavel-com-alca","og_site_name":"Diller Water Bottle Manufacturer","article_modified_time":"2025-07-10T08:11:32+00:00","og_image":[{"width":730,"height":730,"url":"https:\/\/www.dillerbottle.com\/wp-content\/uploads\/2024\/09\/stainless-steel-coffee-mug-with-handle493d5c2f-41e2-4400-8973-c27d33d28313.jpg","type":"image\/jpeg"}],"twitter_card":"summary_large_image","twitter_misc":{"Tempo estimado de leitura":"5 minutos"},"schema":{"@context":"https:\/\/schema.org","@graph":[{"@type":"WebPage","@id":"https:\/\/www.dillerbottle.com\/products\/stainless-steel-coffee-mug-with-handle","url":"https:\/\/www.dillerbottle.com\/products\/stainless-steel-coffee-mug-with-handle","name":"Caneca de caf\u00e9 de a\u00e7o inoxid\u00e1vel com al\u00e7a - Fabricante de garrafas de \u00e1gua Diller","isPartOf":{"@id":"https:\/\/www.dillerbottle.com\/#website"},"primaryImageOfPage":{"@id":"https:\/\/www.dillerbottle.com\/products\/stainless-steel-coffee-mug-with-handle#primaryimage"},"image":{"@id":"https:\/\/www.dillerbottle.com\/products\/stainless-steel-coffee-mug-with-handle#primaryimage"},"thumbnailUrl":"https:\/\/www.dillerbottle.com\/wp-content\/uploads\/2024\/09\/stainless-steel-coffee-mug-with-handle493d5c2f-41e2-4400-8973-c27d33d28313.jpg","datePublished":"2024-09-24T09:41:49+00:00","dateModified":"2025-07-10T08:11:32+00:00","description":"Como um dos melhores fabricantes e fornecedores de canecas de caf\u00e9 de a\u00e7o inoxid\u00e1vel com al\u00e7a, estamos envolvidos na fabrica\u00e7\u00e3o de garrafas de \u00e1gua de boa qualidade. N\u00f3s calorosamente convidamos voc\u00ea a vender no atacado ou comprar canecas de caf\u00e9 de a\u00e7o inoxid\u00e1vel personalizadas com al\u00e7a a um pre\u00e7o competitivo conosco. Al\u00e9m disso, pedidos de pequenas quantidades s\u00e3o aceit\u00e1veis.","breadcrumb":{"@id":"https:\/\/www.dillerbottle.com\/products\/stainless-steel-coffee-mug-with-handle#breadcrumb"},"inLanguage":"pt-PT","potentialAction":[{"@type":"ReadAction","target":["https:\/\/www.dillerbottle.com\/products\/stainless-steel-coffee-mug-with-handle"]}]},{"@type":"ImageObject","inLanguage":"pt-PT","@id":"https:\/\/www.dillerbottle.com\/products\/stainless-steel-coffee-mug-with-handle#primaryimage","url":"https:\/\/www.dillerbottle.com\/wp-content\/uploads\/2024\/09\/stainless-steel-coffee-mug-with-handle493d5c2f-41e2-4400-8973-c27d33d28313.jpg","contentUrl":"https:\/\/www.dillerbottle.com\/wp-content\/uploads\/2024\/09\/stainless-steel-coffee-mug-with-handle493d5c2f-41e2-4400-8973-c27d33d28313.jpg","width":730,"height":730},{"@type":"BreadcrumbList","@id":"https:\/\/www.dillerbottle.com\/products\/stainless-steel-coffee-mug-with-handle#breadcrumb","itemListElement":[{"@type":"ListItem","position":1,"name":"Home","item":"https:\/\/www.dillerbottle.com\/"},{"@type":"ListItem","position":2,"name":"Products","item":"https:\/\/www.dillerbottle.com\/shop"},{"@type":"ListItem","position":3,"name":"Stainless Steel Coffee Mug With Handle"}]},{"@type":"WebSite","@id":"https:\/\/www.dillerbottle.com\/#website","url":"https:\/\/www.dillerbottle.com\/","name":"Garrafa de \u00e1gua Diller Fabricante","description":"Garrafa de \u00e1gua Fabricante","publisher":{"@id":"https:\/\/www.dillerbottle.com\/#organization"},"potentialAction":[{"@type":"SearchAction","target":{"@type":"EntryPoint","urlTemplate":"https:\/\/www.dillerbottle.com\/?s={search_term_string}"},"query-input":{"@type":"PropertyValueSpecification","valueRequired":true,"valueName":"search_term_string"}}],"inLanguage":"pt-PT"},{"@type":"Organization","@id":"https:\/\/www.dillerbottle.com\/#organization","name":"Garrafa de \u00e1gua Diller Fabricante","url":"https:\/\/www.dillerbottle.com\/","logo":{"@type":"ImageObject","inLanguage":"pt-PT","@id":"https:\/\/www.dillerbottle.com\/#\/schema\/logo\/image\/","url":"https:\/\/www.dillerbottle.com\/wp-content\/uploads\/2024\/09\/49918bfa848dcc1e9f8b509933603ac.png","contentUrl":"https:\/\/www.dillerbottle.com\/wp-content\/uploads\/2024\/09\/49918bfa848dcc1e9f8b509933603ac.png","width":988,"height":198,"caption":"Diller Water Bottle Manufacturer"},"image":{"@id":"https:\/\/www.dillerbottle.com\/#\/schema\/logo\/image\/"}}]}},"_links":{"self":[{"href":"https:\/\/www.dillerbottle.com\/pt\/wp-json\/wp\/v2\/product\/1750","targetHints":{"allow":["GET"]}}],"collection":[{"href":"https:\/\/www.dillerbottle.com\/pt\/wp-json\/wp\/v2\/product"}],"about":[{"href":"https:\/\/www.dillerbottle.com\/pt\/wp-json\/wp\/v2\/types\/product"}],"replies":[{"embeddable":true,"href":"https:\/\/www.dillerbottle.com\/pt\/wp-json\/wp\/v2\/comments?post=1750"}],"wp:featuredmedia":[{"embeddable":true,"href":"https:\/\/www.dillerbottle.com\/pt\/wp-json\/wp\/v2\/media\/1751"}],"wp:attachment":[{"href":"https:\/\/www.dillerbottle.com\/pt\/wp-json\/wp\/v2\/media?parent=1750"}],"wp:term":[{"taxonomy":"product_brand","embeddable":true,"href":"https:\/\/www.dillerbottle.com\/pt\/wp-json\/wp\/v2\/product_brand?post=1750"},{"taxonomy":"product_cat","embeddable":true,"href":"https:\/\/www.dillerbottle.com\/pt\/wp-json\/wp\/v2\/product_cat?post=1750"},{"taxonomy":"product_tag","embeddable":true,"href":"https:\/\/www.dillerbottle.com\/pt\/wp-json\/wp\/v2\/product_tag?post=1750"}],"curies":[{"name":"wp","href":"https:\/\/api.w.org\/{rel}","templated":true}]}}