{"id":17628,"date":"2026-02-11T16:33:08","date_gmt":"2026-02-11T08:33:08","guid":{"rendered":"https:\/\/www.dillerbottle.com\/?post_type=product&#038;p=17628"},"modified":"2026-02-11T16:59:19","modified_gmt":"2026-02-11T08:59:19","slug":"chavena-de-cha-em-vidro-de-borosilicato-oem-com-tampa-de-silicone","status":"publish","type":"product","link":"https:\/\/www.dillerbottle.com\/pt\/products\/oem-borosilicate-glass-tea-cup-with-silicone-lid","title":{"rendered":"X\u00edcara de ch\u00e1 de vidro de borosilicato OEM com tampa de silicone"},"content":{"rendered":"<p data-start=\"528\" data-end=\"682\">Esta criativa ch\u00e1vena de ch\u00e1 em vidro borossilicato foi concebida para marcas de presentes, retalhistas de estilo de vida e distribuidores de bebidas que procuram produtos OEM diferenciados.<\/p>\n<p data-start=\"684\" data-end=\"926\">Fabricado em vidro com alto teor de borossilicato, o copo \u00e9 resistente ao calor e adequado para bebidas quentes e frias. O corpo transparente real\u00e7a visualmente o ch\u00e1, as infus\u00f5es de fruta ou o caf\u00e9, tornando-o ideal para apresenta\u00e7\u00f5es em estilo de caf\u00e9 e mercados de presentes.<\/p>\n<p data-start=\"928\" data-end=\"1174\">O produto possui uma tampa de silicone de qualidade alimentar e um elemento decorativo na pega, combinando o car\u00e1cter pr\u00e1tico com um design est\u00e9tico distinto. A estrutura de boca larga permite um enchimento e uma limpeza f\u00e1ceis, enquanto a base est\u00e1vel garante uma utiliza\u00e7\u00e3o quotidiana.<\/p>\n<p data-start=\"1176\" data-end=\"1277\">Com um forte apelo visual e op\u00e7\u00f5es de impress\u00e3o personaliz\u00e1veis, este modelo \u00e9 particularmente adequado para..:<\/p>\n<ul data-start=\"1279\" data-end=\"1427\">\n<li data-start=\"1279\" data-end=\"1298\">\n<p data-start=\"1281\" data-end=\"1298\">Marcas de artigos para prendas<\/p>\n<\/li>\n<li data-start=\"1299\" data-end=\"1332\">\n<p data-start=\"1301\" data-end=\"1332\">Empresas de produtos promocionais<\/p>\n<\/li>\n<li data-start=\"1333\" data-end=\"1364\">\n<p data-start=\"1335\" data-end=\"1364\">Distribuidores de casa e cozinha<\/p>\n<\/li>\n<li data-start=\"1365\" data-end=\"1392\">\n<p data-start=\"1367\" data-end=\"1392\">Fornecedores de acess\u00f3rios para ch\u00e1<\/p>\n<\/li>\n<li data-start=\"1393\" data-end=\"1427\">\n<p data-start=\"1395\" data-end=\"1427\">Marcas pr\u00f3prias de estilo de vida<\/p>\n<\/li>\n<\/ul>\n<p data-start=\"1429\" data-end=\"1562\">Est\u00e3o dispon\u00edveis servi\u00e7os OEM e ODM, incluindo impress\u00e3o de log\u00f3tipos, personaliza\u00e7\u00e3o de embalagens, modifica\u00e7\u00e3o estrutural e desenvolvimento de cores.<\/p>","protected":false},"excerpt":{"rendered":"<p>Ch\u00e1vena de ch\u00e1 criativa em vidro de borosilicato com tampa de silicone e design decorativo. Ideal para projectos OEM\/ODM, artigos de oferta de marca pr\u00f3pria e distribuidores de bebidas por grosso.<\/p>","protected":false},"featured_media":17631,"comment_status":"open","ping_status":"closed","template":"","meta":{"_acf_changed":false},"product_brand":[],"product_cat":[310],"product_tag":[1172],"class_list":{"0":"post-17628","1":"product","2":"type-product","3":"status-publish","4":"has-post-thumbnail","6":"product_cat-glass-water-bottle","7":"product_tag-borosilicate-glass-tea-cup","9":"first","10":"instock","11":"shipping-taxable","12":"product-type-simple"},"acf":[],"yoast_head":"<!-- This site is optimized with the Yoast SEO Premium plugin v27.6 (Yoast SEO v27.6) - https:\/\/yoast.com\/product\/yoast-seo-premium-wordpress\/ -->\n<title>OEM Borosilicate Glass Tea Cup with Silicone Lid - Diller Water Bottle Manufacturer<\/title>\n<meta name=\"description\" content=\"OEM borosilicate glass tea cup with silicone lid, creative design for wholesale giftware and private label drinkware brands.\" \/>\n<meta name=\"robots\" content=\"index, follow, max-snippet:-1, max-image-preview:large, max-video-preview:-1\" \/>\n<link rel=\"canonical\" href=\"https:\/\/www.dillerbottle.com\/pt\/produtos\/chavena-de-cha-em-vidro-de-borosilicato-oem-com-tampa-de-silicone\" \/>\n<meta property=\"og:locale\" content=\"pt_PT\" \/>\n<meta property=\"og:type\" content=\"article\" \/>\n<meta property=\"og:title\" content=\"OEM Borosilicate Glass Tea Cup with Silicone Lid\" \/>\n<meta property=\"og:description\" content=\"OEM borosilicate glass tea cup with silicone lid, creative design for wholesale giftware and private label drinkware brands.\" \/>\n<meta property=\"og:url\" content=\"https:\/\/www.dillerbottle.com\/pt\/produtos\/chavena-de-cha-em-vidro-de-borosilicato-oem-com-tampa-de-silicone\" \/>\n<meta property=\"og:site_name\" content=\"Diller Water Bottle Manufacturer\" \/>\n<meta property=\"article:modified_time\" content=\"2026-02-11T08:59:19+00:00\" \/>\n<meta property=\"og:image\" content=\"https:\/\/www.dillerbottle.com\/wp-content\/uploads\/2026\/02\/oem-borosilicate-glass-tea-cup-with-silicone-lid-9203-1.jpg\" \/>\n\t<meta property=\"og:image:width\" content=\"800\" \/>\n\t<meta property=\"og:image:height\" content=\"800\" \/>\n\t<meta property=\"og:image:type\" content=\"image\/jpeg\" \/>\n<meta name=\"twitter:card\" content=\"summary_large_image\" \/>\n<meta name=\"twitter:label1\" content=\"Tempo estimado de leitura\" \/>\n\t<meta name=\"twitter:data1\" content=\"1 minuto\" \/>\n<script type=\"application\/ld+json\" class=\"yoast-schema-graph\">{\"@context\":\"https:\\\/\\\/schema.org\",\"@graph\":[{\"@type\":\"WebPage\",\"@id\":\"https:\\\/\\\/www.dillerbottle.com\\\/products\\\/oem-borosilicate-glass-tea-cup-with-silicone-lid\",\"url\":\"https:\\\/\\\/www.dillerbottle.com\\\/products\\\/oem-borosilicate-glass-tea-cup-with-silicone-lid\",\"name\":\"OEM Borosilicate Glass Tea Cup with Silicone Lid - Diller Water Bottle Manufacturer\",\"isPartOf\":{\"@id\":\"https:\\\/\\\/www.dillerbottle.com\\\/#website\"},\"primaryImageOfPage\":{\"@id\":\"https:\\\/\\\/www.dillerbottle.com\\\/products\\\/oem-borosilicate-glass-tea-cup-with-silicone-lid#primaryimage\"},\"image\":{\"@id\":\"https:\\\/\\\/www.dillerbottle.com\\\/products\\\/oem-borosilicate-glass-tea-cup-with-silicone-lid#primaryimage\"},\"thumbnailUrl\":\"https:\\\/\\\/www.dillerbottle.com\\\/wp-content\\\/uploads\\\/2026\\\/02\\\/oem-borosilicate-glass-tea-cup-with-silicone-lid-9203-1.jpg\",\"datePublished\":\"2026-02-11T08:33:08+00:00\",\"dateModified\":\"2026-02-11T08:59:19+00:00\",\"description\":\"OEM borosilicate glass tea cup with silicone lid, creative design for wholesale giftware and private label drinkware brands.\",\"breadcrumb\":{\"@id\":\"https:\\\/\\\/www.dillerbottle.com\\\/products\\\/oem-borosilicate-glass-tea-cup-with-silicone-lid#breadcrumb\"},\"inLanguage\":\"pt-PT\",\"potentialAction\":[{\"@type\":\"ReadAction\",\"target\":[\"https:\\\/\\\/www.dillerbottle.com\\\/products\\\/oem-borosilicate-glass-tea-cup-with-silicone-lid\"]}]},{\"@type\":\"ImageObject\",\"inLanguage\":\"pt-PT\",\"@id\":\"https:\\\/\\\/www.dillerbottle.com\\\/products\\\/oem-borosilicate-glass-tea-cup-with-silicone-lid#primaryimage\",\"url\":\"https:\\\/\\\/www.dillerbottle.com\\\/wp-content\\\/uploads\\\/2026\\\/02\\\/oem-borosilicate-glass-tea-cup-with-silicone-lid-9203-1.jpg\",\"contentUrl\":\"https:\\\/\\\/www.dillerbottle.com\\\/wp-content\\\/uploads\\\/2026\\\/02\\\/oem-borosilicate-glass-tea-cup-with-silicone-lid-9203-1.jpg\",\"width\":800,\"height\":800},{\"@type\":\"BreadcrumbList\",\"@id\":\"https:\\\/\\\/www.dillerbottle.com\\\/products\\\/oem-borosilicate-glass-tea-cup-with-silicone-lid#breadcrumb\",\"itemListElement\":[{\"@type\":\"ListItem\",\"position\":1,\"name\":\"Home\",\"item\":\"https:\\\/\\\/www.dillerbottle.com\\\/\"},{\"@type\":\"ListItem\",\"position\":2,\"name\":\"Products\",\"item\":\"https:\\\/\\\/www.dillerbottle.com\\\/shop\"},{\"@type\":\"ListItem\",\"position\":3,\"name\":\"OEM Borosilicate Glass Tea Cup with Silicone Lid\"}]},{\"@type\":\"WebSite\",\"@id\":\"https:\\\/\\\/www.dillerbottle.com\\\/#website\",\"url\":\"https:\\\/\\\/www.dillerbottle.com\\\/\",\"name\":\"Diller Water Bottle Manufacturer\",\"description\":\"Water Bottle Manufacturer\",\"publisher\":{\"@id\":\"https:\\\/\\\/www.dillerbottle.com\\\/#organization\"},\"potentialAction\":[{\"@type\":\"SearchAction\",\"target\":{\"@type\":\"EntryPoint\",\"urlTemplate\":\"https:\\\/\\\/www.dillerbottle.com\\\/?s={search_term_string}\"},\"query-input\":{\"@type\":\"PropertyValueSpecification\",\"valueRequired\":true,\"valueName\":\"search_term_string\"}}],\"inLanguage\":\"pt-PT\"},{\"@type\":\"Organization\",\"@id\":\"https:\\\/\\\/www.dillerbottle.com\\\/#organization\",\"name\":\"Diller Water Bottle Manufacturer\",\"url\":\"https:\\\/\\\/www.dillerbottle.com\\\/\",\"logo\":{\"@type\":\"ImageObject\",\"inLanguage\":\"pt-PT\",\"@id\":\"https:\\\/\\\/www.dillerbottle.com\\\/#\\\/schema\\\/logo\\\/image\\\/\",\"url\":\"https:\\\/\\\/www.dillerbottle.com\\\/wp-content\\\/uploads\\\/2024\\\/09\\\/49918bfa848dcc1e9f8b509933603ac.png\",\"contentUrl\":\"https:\\\/\\\/www.dillerbottle.com\\\/wp-content\\\/uploads\\\/2024\\\/09\\\/49918bfa848dcc1e9f8b509933603ac.png\",\"width\":988,\"height\":198,\"caption\":\"Diller Water Bottle Manufacturer\"},\"image\":{\"@id\":\"https:\\\/\\\/www.dillerbottle.com\\\/#\\\/schema\\\/logo\\\/image\\\/\"}}]}<\/script>\n<!-- \/ Yoast SEO Premium plugin. -->","yoast_head_json":{"title":"X\u00edcara de ch\u00e1 de vidro de borosilicato OEM com tampa de silicone - Garrafa de \u00e1gua Diller Fabricante","description":"Ch\u00e1vena de ch\u00e1 em vidro de borosilicato OEM com tampa de silicone, design criativo para marcas de artigos para brindes por atacado e marcas privadas de artigos para bebidas.","robots":{"index":"index","follow":"follow","max-snippet":"max-snippet:-1","max-image-preview":"max-image-preview:large","max-video-preview":"max-video-preview:-1"},"canonical":"https:\/\/www.dillerbottle.com\/pt\/produtos\/chavena-de-cha-em-vidro-de-borosilicato-oem-com-tampa-de-silicone","og_locale":"pt_PT","og_type":"article","og_title":"OEM Borosilicate Glass Tea Cup with Silicone Lid","og_description":"OEM borosilicate glass tea cup with silicone lid, creative design for wholesale giftware and private label drinkware brands.","og_url":"https:\/\/www.dillerbottle.com\/pt\/produtos\/chavena-de-cha-em-vidro-de-borosilicato-oem-com-tampa-de-silicone","og_site_name":"Diller Water Bottle Manufacturer","article_modified_time":"2026-02-11T08:59:19+00:00","og_image":[{"width":800,"height":800,"url":"https:\/\/www.dillerbottle.com\/wp-content\/uploads\/2026\/02\/oem-borosilicate-glass-tea-cup-with-silicone-lid-9203-1.jpg","type":"image\/jpeg"}],"twitter_card":"summary_large_image","twitter_misc":{"Tempo estimado de leitura":"1 minuto"},"schema":{"@context":"https:\/\/schema.org","@graph":[{"@type":"WebPage","@id":"https:\/\/www.dillerbottle.com\/products\/oem-borosilicate-glass-tea-cup-with-silicone-lid","url":"https:\/\/www.dillerbottle.com\/products\/oem-borosilicate-glass-tea-cup-with-silicone-lid","name":"X\u00edcara de ch\u00e1 de vidro de borosilicato OEM com tampa de silicone - Garrafa de \u00e1gua Diller Fabricante","isPartOf":{"@id":"https:\/\/www.dillerbottle.com\/#website"},"primaryImageOfPage":{"@id":"https:\/\/www.dillerbottle.com\/products\/oem-borosilicate-glass-tea-cup-with-silicone-lid#primaryimage"},"image":{"@id":"https:\/\/www.dillerbottle.com\/products\/oem-borosilicate-glass-tea-cup-with-silicone-lid#primaryimage"},"thumbnailUrl":"https:\/\/www.dillerbottle.com\/wp-content\/uploads\/2026\/02\/oem-borosilicate-glass-tea-cup-with-silicone-lid-9203-1.jpg","datePublished":"2026-02-11T08:33:08+00:00","dateModified":"2026-02-11T08:59:19+00:00","description":"Ch\u00e1vena de ch\u00e1 em vidro de borosilicato OEM com tampa de silicone, design criativo para marcas de artigos para brindes por atacado e marcas privadas de artigos para bebidas.","breadcrumb":{"@id":"https:\/\/www.dillerbottle.com\/products\/oem-borosilicate-glass-tea-cup-with-silicone-lid#breadcrumb"},"inLanguage":"pt-PT","potentialAction":[{"@type":"ReadAction","target":["https:\/\/www.dillerbottle.com\/products\/oem-borosilicate-glass-tea-cup-with-silicone-lid"]}]},{"@type":"ImageObject","inLanguage":"pt-PT","@id":"https:\/\/www.dillerbottle.com\/products\/oem-borosilicate-glass-tea-cup-with-silicone-lid#primaryimage","url":"https:\/\/www.dillerbottle.com\/wp-content\/uploads\/2026\/02\/oem-borosilicate-glass-tea-cup-with-silicone-lid-9203-1.jpg","contentUrl":"https:\/\/www.dillerbottle.com\/wp-content\/uploads\/2026\/02\/oem-borosilicate-glass-tea-cup-with-silicone-lid-9203-1.jpg","width":800,"height":800},{"@type":"BreadcrumbList","@id":"https:\/\/www.dillerbottle.com\/products\/oem-borosilicate-glass-tea-cup-with-silicone-lid#breadcrumb","itemListElement":[{"@type":"ListItem","position":1,"name":"Home","item":"https:\/\/www.dillerbottle.com\/"},{"@type":"ListItem","position":2,"name":"Products","item":"https:\/\/www.dillerbottle.com\/shop"},{"@type":"ListItem","position":3,"name":"OEM Borosilicate Glass Tea Cup with Silicone Lid"}]},{"@type":"WebSite","@id":"https:\/\/www.dillerbottle.com\/#website","url":"https:\/\/www.dillerbottle.com\/","name":"Garrafa de \u00e1gua Diller Fabricante","description":"Garrafa de \u00e1gua Fabricante","publisher":{"@id":"https:\/\/www.dillerbottle.com\/#organization"},"potentialAction":[{"@type":"SearchAction","target":{"@type":"EntryPoint","urlTemplate":"https:\/\/www.dillerbottle.com\/?s={search_term_string}"},"query-input":{"@type":"PropertyValueSpecification","valueRequired":true,"valueName":"search_term_string"}}],"inLanguage":"pt-PT"},{"@type":"Organization","@id":"https:\/\/www.dillerbottle.com\/#organization","name":"Garrafa de \u00e1gua Diller Fabricante","url":"https:\/\/www.dillerbottle.com\/","logo":{"@type":"ImageObject","inLanguage":"pt-PT","@id":"https:\/\/www.dillerbottle.com\/#\/schema\/logo\/image\/","url":"https:\/\/www.dillerbottle.com\/wp-content\/uploads\/2024\/09\/49918bfa848dcc1e9f8b509933603ac.png","contentUrl":"https:\/\/www.dillerbottle.com\/wp-content\/uploads\/2024\/09\/49918bfa848dcc1e9f8b509933603ac.png","width":988,"height":198,"caption":"Diller Water Bottle Manufacturer"},"image":{"@id":"https:\/\/www.dillerbottle.com\/#\/schema\/logo\/image\/"}}]}},"_links":{"self":[{"href":"https:\/\/www.dillerbottle.com\/pt\/wp-json\/wp\/v2\/product\/17628","targetHints":{"allow":["GET"]}}],"collection":[{"href":"https:\/\/www.dillerbottle.com\/pt\/wp-json\/wp\/v2\/product"}],"about":[{"href":"https:\/\/www.dillerbottle.com\/pt\/wp-json\/wp\/v2\/types\/product"}],"replies":[{"embeddable":true,"href":"https:\/\/www.dillerbottle.com\/pt\/wp-json\/wp\/v2\/comments?post=17628"}],"wp:featuredmedia":[{"embeddable":true,"href":"https:\/\/www.dillerbottle.com\/pt\/wp-json\/wp\/v2\/media\/17631"}],"wp:attachment":[{"href":"https:\/\/www.dillerbottle.com\/pt\/wp-json\/wp\/v2\/media?parent=17628"}],"wp:term":[{"taxonomy":"product_brand","embeddable":true,"href":"https:\/\/www.dillerbottle.com\/pt\/wp-json\/wp\/v2\/product_brand?post=17628"},{"taxonomy":"product_cat","embeddable":true,"href":"https:\/\/www.dillerbottle.com\/pt\/wp-json\/wp\/v2\/product_cat?post=17628"},{"taxonomy":"product_tag","embeddable":true,"href":"https:\/\/www.dillerbottle.com\/pt\/wp-json\/wp\/v2\/product_tag?post=17628"}],"curies":[{"name":"wp","href":"https:\/\/api.w.org\/{rel}","templated":true}]}}