{"id":17676,"date":"2026-02-12T13:48:27","date_gmt":"2026-02-12T05:48:27","guid":{"rendered":"https:\/\/www.dillerbottle.com\/?post_type=product&#038;p=17676"},"modified":"2026-02-12T14:04:44","modified_gmt":"2026-02-12T06:04:44","slug":"garrafa-infusora-de-cha-em-aco-inoxidavel-oem-sus316","status":"publish","type":"product","link":"https:\/\/www.dillerbottle.com\/pt\/products\/oem-sus316-stainless-steel-tea-infuser-bottle","title":{"rendered":"Garrafa de infus\u00e3o de ch\u00e1 em a\u00e7o inoxid\u00e1vel OEM SUS316 200ml \/ 280ml"},"content":{"rendered":"<p data-start=\"574\" data-end=\"754\">A garrafa isolada DILLER D9310 Sakura Panda foi concebida para marcas, distribuidores e importadores que procuram artigos para beber em a\u00e7o inoxid\u00e1vel de alta qualidade com capacidade de personaliza\u00e7\u00e3o OEM.<\/p>\n<p data-start=\"756\" data-end=\"989\">Constru\u00eddo com um revestimento interior em a\u00e7o inoxid\u00e1vel SUS316, este modelo garante uma resist\u00eancia superior \u00e0 corros\u00e3o e seguran\u00e7a em contacto com os alimentos. A estrutura de isolamento a v\u00e1cuo de parede dupla mant\u00e9m a temperatura da bebida tanto para bebidas quentes como frias.<\/p>\n<p data-start=\"991\" data-end=\"1272\">Equipada com um infusor de ch\u00e1 amov\u00edvel, a garrafa \u00e9 adequada para ch\u00e1 de folhas soltas, misturas de ervas e bebidas com infus\u00e3o. A estrutura da tampa selada e \u00e0 prova de fugas proporciona uma portabilidade segura, enquanto o anel de eleva\u00e7\u00e3o oculto aumenta a comodidade sem afetar o aspeto geral.<\/p>\n<p data-start=\"1274\" data-end=\"1445\">Com capacidades compactas de 200 ml e 280 ml, este modelo \u00e9 ideal para artigos de viagem para bebidas, conjuntos de brindes promocionais, colec\u00e7\u00f5es de acess\u00f3rios para ch\u00e1 e canais de retalho de estilo de vida.<\/p>\n<p data-start=\"1447\" data-end=\"1581\">Est\u00e3o dispon\u00edveis servi\u00e7os OEM e ODM, incluindo impress\u00e3o de log\u00f3tipos, personaliza\u00e7\u00e3o de embalagens, desenvolvimento de cores e modifica\u00e7\u00f5es estruturais.<\/p>\n<p data-start=\"1583\" data-end=\"1625\">Este produto \u00e9 particularmente adequado para:<\/p>\n<ul data-start=\"1627\" data-end=\"1803\">\n<li data-start=\"1627\" data-end=\"1651\">\n<p data-start=\"1629\" data-end=\"1651\">Marcas de acess\u00f3rios de ch\u00e1<\/p>\n<\/li>\n<li data-start=\"1652\" data-end=\"1682\">\n<p data-start=\"1654\" data-end=\"1682\">Fornecedores de brindes promocionais<\/p>\n<\/li>\n<li data-start=\"1683\" data-end=\"1725\">\n<p data-start=\"1685\" data-end=\"1725\">Distribuidores de artigos para bebidas em a\u00e7o inoxid\u00e1vel<\/p>\n<\/li>\n<li data-start=\"1726\" data-end=\"1765\">\n<p data-start=\"1728\" data-end=\"1765\">Marcas pr\u00f3prias para casa e cozinha<\/p>\n<\/li>\n<li data-start=\"1766\" data-end=\"1803\">\n<p data-start=\"1768\" data-end=\"1803\">Importadores transfronteiri\u00e7os de com\u00e9rcio eletr\u00f3nico<\/p>\n<\/li>\n<\/ul>","protected":false},"excerpt":{"rendered":"<p>Garrafa de ch\u00e1 compacta e isolada com revestimento em a\u00e7o inoxid\u00e1vel SUS316, infusor de ch\u00e1 incorporado, design \u00e0 prova de fugas e anel de eleva\u00e7\u00e3o oculto. Ideal para projectos OEM, de marca pr\u00f3pria e grossistas.<\/p>","protected":false},"featured_media":17678,"comment_status":"open","ping_status":"closed","template":"","meta":{"_acf_changed":false},"product_brand":[],"product_cat":[18],"product_tag":[1029],"class_list":{"0":"post-17676","1":"product","2":"type-product","3":"status-publish","4":"has-post-thumbnail","6":"product_cat-insulated-water-bottle","7":"product_tag-stainless-vacuum-water-bottle","9":"first","10":"instock","11":"shipping-taxable","12":"product-type-simple"},"acf":[],"yoast_head":"<!-- This site is optimized with the Yoast SEO Premium plugin v27.6 (Yoast SEO v27.6) - https:\/\/yoast.com\/product\/yoast-seo-premium-wordpress\/ -->\n<title>OEM SUS316 Stainless Steel Tea Infuser Bottle 200ml \/ 280ml - Diller Water Bottle Manufacturer<\/title>\n<meta name=\"description\" content=\"OEM SUS316 insulated tea bottle with infuser, 200\/280ml leak-proof stainless steel thermo cup for wholesale and private label brands.\" \/>\n<meta name=\"robots\" content=\"index, follow, max-snippet:-1, max-image-preview:large, max-video-preview:-1\" \/>\n<link rel=\"canonical\" href=\"https:\/\/www.dillerbottle.com\/pt\/produtos\/garrafa-infusora-de-cha-em-aco-inoxidavel-oem-sus316\" \/>\n<meta property=\"og:locale\" content=\"pt_PT\" \/>\n<meta property=\"og:type\" content=\"article\" \/>\n<meta property=\"og:title\" content=\"OEM SUS316 Stainless Steel Tea Infuser Bottle 200ml \/ 280ml\" \/>\n<meta property=\"og:description\" content=\"OEM SUS316 insulated tea bottle with infuser, 200\/280ml leak-proof stainless steel thermo cup for wholesale and private label brands.\" \/>\n<meta property=\"og:url\" content=\"https:\/\/www.dillerbottle.com\/pt\/produtos\/garrafa-infusora-de-cha-em-aco-inoxidavel-oem-sus316\" \/>\n<meta property=\"og:site_name\" content=\"Diller Water Bottle Manufacturer\" \/>\n<meta property=\"article:modified_time\" content=\"2026-02-12T06:04:44+00:00\" \/>\n<meta property=\"og:image\" content=\"https:\/\/www.dillerbottle.com\/wp-content\/uploads\/2026\/02\/oemodm-520ml-insulated-food-jar-9310-3.jpg\" \/>\n\t<meta property=\"og:image:width\" content=\"800\" \/>\n\t<meta property=\"og:image:height\" content=\"800\" \/>\n\t<meta property=\"og:image:type\" content=\"image\/jpeg\" \/>\n<meta name=\"twitter:card\" content=\"summary_large_image\" \/>\n<meta name=\"twitter:label1\" content=\"Tempo estimado de leitura\" \/>\n\t<meta name=\"twitter:data1\" content=\"4 minutos\" \/>\n<script type=\"application\/ld+json\" class=\"yoast-schema-graph\">{\"@context\":\"https:\\\/\\\/schema.org\",\"@graph\":[{\"@type\":\"WebPage\",\"@id\":\"https:\\\/\\\/www.dillerbottle.com\\\/products\\\/oem-sus316-stainless-steel-tea-infuser-bottle\",\"url\":\"https:\\\/\\\/www.dillerbottle.com\\\/products\\\/oem-sus316-stainless-steel-tea-infuser-bottle\",\"name\":\"OEM SUS316 Stainless Steel Tea Infuser Bottle 200ml \\\/ 280ml - Diller Water Bottle Manufacturer\",\"isPartOf\":{\"@id\":\"https:\\\/\\\/www.dillerbottle.com\\\/#website\"},\"primaryImageOfPage\":{\"@id\":\"https:\\\/\\\/www.dillerbottle.com\\\/products\\\/oem-sus316-stainless-steel-tea-infuser-bottle#primaryimage\"},\"image\":{\"@id\":\"https:\\\/\\\/www.dillerbottle.com\\\/products\\\/oem-sus316-stainless-steel-tea-infuser-bottle#primaryimage\"},\"thumbnailUrl\":\"https:\\\/\\\/www.dillerbottle.com\\\/wp-content\\\/uploads\\\/2026\\\/02\\\/oemodm-520ml-insulated-food-jar-9310-3.jpg\",\"datePublished\":\"2026-02-12T05:48:27+00:00\",\"dateModified\":\"2026-02-12T06:04:44+00:00\",\"description\":\"OEM SUS316 insulated tea bottle with infuser, 200\\\/280ml leak-proof stainless steel thermo cup for wholesale and private label brands.\",\"breadcrumb\":{\"@id\":\"https:\\\/\\\/www.dillerbottle.com\\\/products\\\/oem-sus316-stainless-steel-tea-infuser-bottle#breadcrumb\"},\"inLanguage\":\"pt-PT\",\"potentialAction\":[{\"@type\":\"ReadAction\",\"target\":[\"https:\\\/\\\/www.dillerbottle.com\\\/products\\\/oem-sus316-stainless-steel-tea-infuser-bottle\"]}]},{\"@type\":\"ImageObject\",\"inLanguage\":\"pt-PT\",\"@id\":\"https:\\\/\\\/www.dillerbottle.com\\\/products\\\/oem-sus316-stainless-steel-tea-infuser-bottle#primaryimage\",\"url\":\"https:\\\/\\\/www.dillerbottle.com\\\/wp-content\\\/uploads\\\/2026\\\/02\\\/oemodm-520ml-insulated-food-jar-9310-3.jpg\",\"contentUrl\":\"https:\\\/\\\/www.dillerbottle.com\\\/wp-content\\\/uploads\\\/2026\\\/02\\\/oemodm-520ml-insulated-food-jar-9310-3.jpg\",\"width\":800,\"height\":800},{\"@type\":\"BreadcrumbList\",\"@id\":\"https:\\\/\\\/www.dillerbottle.com\\\/products\\\/oem-sus316-stainless-steel-tea-infuser-bottle#breadcrumb\",\"itemListElement\":[{\"@type\":\"ListItem\",\"position\":1,\"name\":\"Home\",\"item\":\"https:\\\/\\\/www.dillerbottle.com\\\/\"},{\"@type\":\"ListItem\",\"position\":2,\"name\":\"Products\",\"item\":\"https:\\\/\\\/www.dillerbottle.com\\\/shop\"},{\"@type\":\"ListItem\",\"position\":3,\"name\":\"OEM SUS316 Stainless Steel Tea Infuser Bottle 200ml \\\/ 280ml\"}]},{\"@type\":\"WebSite\",\"@id\":\"https:\\\/\\\/www.dillerbottle.com\\\/#website\",\"url\":\"https:\\\/\\\/www.dillerbottle.com\\\/\",\"name\":\"Diller Water Bottle Manufacturer\",\"description\":\"Water Bottle Manufacturer\",\"publisher\":{\"@id\":\"https:\\\/\\\/www.dillerbottle.com\\\/#organization\"},\"potentialAction\":[{\"@type\":\"SearchAction\",\"target\":{\"@type\":\"EntryPoint\",\"urlTemplate\":\"https:\\\/\\\/www.dillerbottle.com\\\/?s={search_term_string}\"},\"query-input\":{\"@type\":\"PropertyValueSpecification\",\"valueRequired\":true,\"valueName\":\"search_term_string\"}}],\"inLanguage\":\"pt-PT\"},{\"@type\":\"Organization\",\"@id\":\"https:\\\/\\\/www.dillerbottle.com\\\/#organization\",\"name\":\"Diller Water Bottle Manufacturer\",\"url\":\"https:\\\/\\\/www.dillerbottle.com\\\/\",\"logo\":{\"@type\":\"ImageObject\",\"inLanguage\":\"pt-PT\",\"@id\":\"https:\\\/\\\/www.dillerbottle.com\\\/#\\\/schema\\\/logo\\\/image\\\/\",\"url\":\"https:\\\/\\\/www.dillerbottle.com\\\/wp-content\\\/uploads\\\/2024\\\/09\\\/49918bfa848dcc1e9f8b509933603ac.png\",\"contentUrl\":\"https:\\\/\\\/www.dillerbottle.com\\\/wp-content\\\/uploads\\\/2024\\\/09\\\/49918bfa848dcc1e9f8b509933603ac.png\",\"width\":988,\"height\":198,\"caption\":\"Diller Water Bottle Manufacturer\"},\"image\":{\"@id\":\"https:\\\/\\\/www.dillerbottle.com\\\/#\\\/schema\\\/logo\\\/image\\\/\"}}]}<\/script>\n<!-- \/ Yoast SEO Premium plugin. -->","yoast_head_json":{"title":"Garrafa de infus\u00e3o de ch\u00e1 em a\u00e7o inoxid\u00e1vel OEM SUS316 200ml \/ 280ml - Garrafa de \u00e1gua Diller Fabricante","description":"Garrafa de ch\u00e1 isolada OEM SUS316 com infusor, copo t\u00e9rmico de a\u00e7o inoxid\u00e1vel \u00e0 prova de vazamento de 200\/280ml para marcas de atacado e de marca pr\u00f3pria.","robots":{"index":"index","follow":"follow","max-snippet":"max-snippet:-1","max-image-preview":"max-image-preview:large","max-video-preview":"max-video-preview:-1"},"canonical":"https:\/\/www.dillerbottle.com\/pt\/produtos\/garrafa-infusora-de-cha-em-aco-inoxidavel-oem-sus316","og_locale":"pt_PT","og_type":"article","og_title":"OEM SUS316 Stainless Steel Tea Infuser Bottle 200ml \/ 280ml","og_description":"OEM SUS316 insulated tea bottle with infuser, 200\/280ml leak-proof stainless steel thermo cup for wholesale and private label brands.","og_url":"https:\/\/www.dillerbottle.com\/pt\/produtos\/garrafa-infusora-de-cha-em-aco-inoxidavel-oem-sus316","og_site_name":"Diller Water Bottle Manufacturer","article_modified_time":"2026-02-12T06:04:44+00:00","og_image":[{"width":800,"height":800,"url":"https:\/\/www.dillerbottle.com\/wp-content\/uploads\/2026\/02\/oemodm-520ml-insulated-food-jar-9310-3.jpg","type":"image\/jpeg"}],"twitter_card":"summary_large_image","twitter_misc":{"Tempo estimado de leitura":"4 minutos"},"schema":{"@context":"https:\/\/schema.org","@graph":[{"@type":"WebPage","@id":"https:\/\/www.dillerbottle.com\/products\/oem-sus316-stainless-steel-tea-infuser-bottle","url":"https:\/\/www.dillerbottle.com\/products\/oem-sus316-stainless-steel-tea-infuser-bottle","name":"Garrafa de infus\u00e3o de ch\u00e1 em a\u00e7o inoxid\u00e1vel OEM SUS316 200ml \/ 280ml - Garrafa de \u00e1gua Diller Fabricante","isPartOf":{"@id":"https:\/\/www.dillerbottle.com\/#website"},"primaryImageOfPage":{"@id":"https:\/\/www.dillerbottle.com\/products\/oem-sus316-stainless-steel-tea-infuser-bottle#primaryimage"},"image":{"@id":"https:\/\/www.dillerbottle.com\/products\/oem-sus316-stainless-steel-tea-infuser-bottle#primaryimage"},"thumbnailUrl":"https:\/\/www.dillerbottle.com\/wp-content\/uploads\/2026\/02\/oemodm-520ml-insulated-food-jar-9310-3.jpg","datePublished":"2026-02-12T05:48:27+00:00","dateModified":"2026-02-12T06:04:44+00:00","description":"Garrafa de ch\u00e1 isolada OEM SUS316 com infusor, copo t\u00e9rmico de a\u00e7o inoxid\u00e1vel \u00e0 prova de vazamento de 200\/280ml para marcas de atacado e de marca pr\u00f3pria.","breadcrumb":{"@id":"https:\/\/www.dillerbottle.com\/products\/oem-sus316-stainless-steel-tea-infuser-bottle#breadcrumb"},"inLanguage":"pt-PT","potentialAction":[{"@type":"ReadAction","target":["https:\/\/www.dillerbottle.com\/products\/oem-sus316-stainless-steel-tea-infuser-bottle"]}]},{"@type":"ImageObject","inLanguage":"pt-PT","@id":"https:\/\/www.dillerbottle.com\/products\/oem-sus316-stainless-steel-tea-infuser-bottle#primaryimage","url":"https:\/\/www.dillerbottle.com\/wp-content\/uploads\/2026\/02\/oemodm-520ml-insulated-food-jar-9310-3.jpg","contentUrl":"https:\/\/www.dillerbottle.com\/wp-content\/uploads\/2026\/02\/oemodm-520ml-insulated-food-jar-9310-3.jpg","width":800,"height":800},{"@type":"BreadcrumbList","@id":"https:\/\/www.dillerbottle.com\/products\/oem-sus316-stainless-steel-tea-infuser-bottle#breadcrumb","itemListElement":[{"@type":"ListItem","position":1,"name":"Home","item":"https:\/\/www.dillerbottle.com\/"},{"@type":"ListItem","position":2,"name":"Products","item":"https:\/\/www.dillerbottle.com\/shop"},{"@type":"ListItem","position":3,"name":"OEM SUS316 Stainless Steel Tea Infuser Bottle 200ml \/ 280ml"}]},{"@type":"WebSite","@id":"https:\/\/www.dillerbottle.com\/#website","url":"https:\/\/www.dillerbottle.com\/","name":"Garrafa de \u00e1gua Diller Fabricante","description":"Garrafa de \u00e1gua Fabricante","publisher":{"@id":"https:\/\/www.dillerbottle.com\/#organization"},"potentialAction":[{"@type":"SearchAction","target":{"@type":"EntryPoint","urlTemplate":"https:\/\/www.dillerbottle.com\/?s={search_term_string}"},"query-input":{"@type":"PropertyValueSpecification","valueRequired":true,"valueName":"search_term_string"}}],"inLanguage":"pt-PT"},{"@type":"Organization","@id":"https:\/\/www.dillerbottle.com\/#organization","name":"Garrafa de \u00e1gua Diller Fabricante","url":"https:\/\/www.dillerbottle.com\/","logo":{"@type":"ImageObject","inLanguage":"pt-PT","@id":"https:\/\/www.dillerbottle.com\/#\/schema\/logo\/image\/","url":"https:\/\/www.dillerbottle.com\/wp-content\/uploads\/2024\/09\/49918bfa848dcc1e9f8b509933603ac.png","contentUrl":"https:\/\/www.dillerbottle.com\/wp-content\/uploads\/2024\/09\/49918bfa848dcc1e9f8b509933603ac.png","width":988,"height":198,"caption":"Diller Water Bottle Manufacturer"},"image":{"@id":"https:\/\/www.dillerbottle.com\/#\/schema\/logo\/image\/"}}]}},"_links":{"self":[{"href":"https:\/\/www.dillerbottle.com\/pt\/wp-json\/wp\/v2\/product\/17676","targetHints":{"allow":["GET"]}}],"collection":[{"href":"https:\/\/www.dillerbottle.com\/pt\/wp-json\/wp\/v2\/product"}],"about":[{"href":"https:\/\/www.dillerbottle.com\/pt\/wp-json\/wp\/v2\/types\/product"}],"replies":[{"embeddable":true,"href":"https:\/\/www.dillerbottle.com\/pt\/wp-json\/wp\/v2\/comments?post=17676"}],"wp:featuredmedia":[{"embeddable":true,"href":"https:\/\/www.dillerbottle.com\/pt\/wp-json\/wp\/v2\/media\/17678"}],"wp:attachment":[{"href":"https:\/\/www.dillerbottle.com\/pt\/wp-json\/wp\/v2\/media?parent=17676"}],"wp:term":[{"taxonomy":"product_brand","embeddable":true,"href":"https:\/\/www.dillerbottle.com\/pt\/wp-json\/wp\/v2\/product_brand?post=17676"},{"taxonomy":"product_cat","embeddable":true,"href":"https:\/\/www.dillerbottle.com\/pt\/wp-json\/wp\/v2\/product_cat?post=17676"},{"taxonomy":"product_tag","embeddable":true,"href":"https:\/\/www.dillerbottle.com\/pt\/wp-json\/wp\/v2\/product_tag?post=17676"}],"curies":[{"name":"wp","href":"https:\/\/api.w.org\/{rel}","templated":true}]}}