{"id":17725,"date":"2026-02-12T16:55:46","date_gmt":"2026-02-12T08:55:46","guid":{"rendered":"https:\/\/www.dillerbottle.com\/?post_type=product&#038;p=17725"},"modified":"2026-02-12T17:02:08","modified_gmt":"2026-02-12T09:02:08","slug":"garrafa-isolada-em-aco-inoxidavel-oem-480ml-sus316l-com-tampa-dupla-para-bebidas","status":"publish","type":"product","link":"https:\/\/www.dillerbottle.com\/pt\/products\/oem-480ml-sus316l-stainless-steel-insulated-bottle-with-dual-drink-lid","title":{"rendered":"Garrafa isolada de a\u00e7o inoxid\u00e1vel OEM 480ml SUS316L com tampa para duas bebidas"},"content":{"rendered":"<p data-start=\"631\" data-end=\"794\">A garrafa isolada DILLER D9317 \u00e9 um copo t\u00e9rmico de 480 ml em a\u00e7o inoxid\u00e1vel de qualidade superior, desenvolvido para marcas e distribuidores que procuram solu\u00e7\u00f5es de bebidas OEM de alta qualidade.<\/p>\n<p data-start=\"796\" data-end=\"1049\">O revestimento interior \u00e9 constru\u00eddo em a\u00e7o inoxid\u00e1vel SUS316L, oferecendo uma maior resist\u00eancia \u00e0 corros\u00e3o e uma maior durabilidade em compara\u00e7\u00e3o com os materiais 304 normais. Isto torna o produto adequado para uma utiliza\u00e7\u00e3o quotidiana a longo prazo e para mercados de marca pr\u00f3pria de gama alta.<\/p>\n<p data-start=\"1051\" data-end=\"1293\">A estrutura de isolamento a v\u00e1cuo de parede dupla mant\u00e9m eficazmente a temperatura da bebida, tanto para bebidas quentes como frias. O design da tampa para duas bebidas permite dois m\u00e9todos de consumo, enquanto o mecanismo de abertura da tampa com um clique melhora a comodidade do utilizador.<\/p>\n<p data-start=\"1295\" data-end=\"1607\">A estrutura selada garante uma utiliza\u00e7\u00e3o invertida sem fugas, tornando-a fi\u00e1vel para desloca\u00e7\u00f5es di\u00e1rias, viagens, escola e aplica\u00e7\u00f5es ao ar livre. Os detalhes funcionais adicionais incluem uma corda port\u00e1til para facilitar o transporte, uma manga de copo antiderrapante para uma melhor ader\u00eancia e uma almofada inferior de silicone para prote\u00e7\u00e3o e estabilidade da superf\u00edcie.<\/p>\n<p data-start=\"1609\" data-end=\"1636\">Este modelo \u00e9 adequado para:<\/p>\n<ul data-start=\"1638\" data-end=\"1818\">\n<li data-start=\"1638\" data-end=\"1670\">\n<p data-start=\"1640\" data-end=\"1670\">Marcas pr\u00f3prias de qualidade superior<\/p>\n<\/li>\n<li data-start=\"1671\" data-end=\"1713\">\n<p data-start=\"1673\" data-end=\"1713\">Distribuidores de artigos para bebidas em a\u00e7o inoxid\u00e1vel<\/p>\n<\/li>\n<li data-start=\"1714\" data-end=\"1752\">\n<p data-start=\"1716\" data-end=\"1752\">Fornecedores de produtos desportivos e de exterior<\/p>\n<\/li>\n<li data-start=\"1753\" data-end=\"1783\">\n<p data-start=\"1755\" data-end=\"1783\">Empresas de brindes promocionais<\/p>\n<\/li>\n<li data-start=\"1784\" data-end=\"1818\">\n<p data-start=\"1786\" data-end=\"1818\">Marcas transfronteiri\u00e7as de com\u00e9rcio eletr\u00f3nico<\/p>\n<\/li>\n<\/ul>\n<p data-start=\"1820\" data-end=\"1952\">Est\u00e3o dispon\u00edveis servi\u00e7os completos de OEM e ODM, incluindo impress\u00e3o de log\u00f3tipos, personaliza\u00e7\u00e3o de cores, design de embalagens e desenvolvimento estrutural.<\/p>","protected":false},"excerpt":{"rendered":"<p>Garrafa isolada a v\u00e1cuo de 480 ml com revestimento interior em a\u00e7o inoxid\u00e1vel SUS316L, tampa para duas bebidas, abertura com um clique e design \u00e0 prova de fugas. Ideal para projectos OEM e grossistas de artigos para bebidas em a\u00e7o inoxid\u00e1vel.<\/p>","protected":false},"featured_media":17729,"comment_status":"open","ping_status":"closed","template":"","meta":{"_acf_changed":false},"product_brand":[],"product_cat":[18],"product_tag":[1029],"class_list":{"0":"post-17725","1":"product","2":"type-product","3":"status-publish","4":"has-post-thumbnail","6":"product_cat-insulated-water-bottle","7":"product_tag-stainless-vacuum-water-bottle","9":"first","10":"instock","11":"shipping-taxable","12":"product-type-simple"},"acf":[],"yoast_head":"<!-- This site is optimized with the Yoast SEO Premium plugin v27.4 (Yoast SEO v27.4) - https:\/\/yoast.com\/product\/yoast-seo-premium-wordpress\/ -->\n<title>OEM 480ml SUS316L Stainless Steel Insulated Bottle with Dual-Drink Lid - Diller Water Bottle Manufacturer<\/title>\n<meta name=\"description\" content=\"OEM 480ml SUS316L insulated bottle with dual-drink lid, one-click leak-proof stainless steel thermo cup for wholesale brands.\" \/>\n<meta name=\"robots\" content=\"index, follow, max-snippet:-1, max-image-preview:large, max-video-preview:-1\" \/>\n<link rel=\"canonical\" href=\"https:\/\/www.dillerbottle.com\/pt\/produtos\/garrafa-isolada-em-aco-inoxidavel-oem-480ml-sus316l-com-tampa-dupla-para-bebidas\" \/>\n<meta property=\"og:locale\" content=\"pt_PT\" \/>\n<meta property=\"og:type\" content=\"article\" \/>\n<meta property=\"og:title\" content=\"OEM 480ml SUS316L Stainless Steel Insulated Bottle with Dual-Drink Lid\" \/>\n<meta property=\"og:description\" content=\"OEM 480ml SUS316L insulated bottle with dual-drink lid, one-click leak-proof stainless steel thermo cup for wholesale brands.\" \/>\n<meta property=\"og:url\" content=\"https:\/\/www.dillerbottle.com\/pt\/produtos\/garrafa-isolada-em-aco-inoxidavel-oem-480ml-sus316l-com-tampa-dupla-para-bebidas\" \/>\n<meta property=\"og:site_name\" content=\"Diller Water Bottle Manufacturer\" \/>\n<meta property=\"article:modified_time\" content=\"2026-02-12T09:02:08+00:00\" \/>\n<meta property=\"og:image\" content=\"https:\/\/www.dillerbottle.com\/wp-content\/uploads\/2026\/02\/oem-480ml-sus316l-stainless-steel-insulated-bottle-with-dual-drink-lid-9317-1.jpg\" \/>\n\t<meta property=\"og:image:width\" content=\"800\" \/>\n\t<meta property=\"og:image:height\" content=\"800\" \/>\n\t<meta property=\"og:image:type\" content=\"image\/jpeg\" \/>\n<meta name=\"twitter:card\" content=\"summary_large_image\" \/>\n<meta name=\"twitter:label1\" content=\"Tempo estimado de leitura\" \/>\n\t<meta name=\"twitter:data1\" content=\"4 minutos\" \/>\n<script type=\"application\/ld+json\" class=\"yoast-schema-graph\">{\"@context\":\"https:\\\/\\\/schema.org\",\"@graph\":[{\"@type\":\"WebPage\",\"@id\":\"https:\\\/\\\/www.dillerbottle.com\\\/products\\\/oem-480ml-sus316l-stainless-steel-insulated-bottle-with-dual-drink-lid\",\"url\":\"https:\\\/\\\/www.dillerbottle.com\\\/products\\\/oem-480ml-sus316l-stainless-steel-insulated-bottle-with-dual-drink-lid\",\"name\":\"OEM 480ml SUS316L Stainless Steel Insulated Bottle with Dual-Drink Lid - Diller Water Bottle Manufacturer\",\"isPartOf\":{\"@id\":\"https:\\\/\\\/www.dillerbottle.com\\\/#website\"},\"primaryImageOfPage\":{\"@id\":\"https:\\\/\\\/www.dillerbottle.com\\\/products\\\/oem-480ml-sus316l-stainless-steel-insulated-bottle-with-dual-drink-lid#primaryimage\"},\"image\":{\"@id\":\"https:\\\/\\\/www.dillerbottle.com\\\/products\\\/oem-480ml-sus316l-stainless-steel-insulated-bottle-with-dual-drink-lid#primaryimage\"},\"thumbnailUrl\":\"https:\\\/\\\/www.dillerbottle.com\\\/wp-content\\\/uploads\\\/2026\\\/02\\\/oem-480ml-sus316l-stainless-steel-insulated-bottle-with-dual-drink-lid-9317-1.jpg\",\"datePublished\":\"2026-02-12T08:55:46+00:00\",\"dateModified\":\"2026-02-12T09:02:08+00:00\",\"description\":\"OEM 480ml SUS316L insulated bottle with dual-drink lid, one-click leak-proof stainless steel thermo cup for wholesale brands.\",\"breadcrumb\":{\"@id\":\"https:\\\/\\\/www.dillerbottle.com\\\/products\\\/oem-480ml-sus316l-stainless-steel-insulated-bottle-with-dual-drink-lid#breadcrumb\"},\"inLanguage\":\"pt-PT\",\"potentialAction\":[{\"@type\":\"ReadAction\",\"target\":[\"https:\\\/\\\/www.dillerbottle.com\\\/products\\\/oem-480ml-sus316l-stainless-steel-insulated-bottle-with-dual-drink-lid\"]}]},{\"@type\":\"ImageObject\",\"inLanguage\":\"pt-PT\",\"@id\":\"https:\\\/\\\/www.dillerbottle.com\\\/products\\\/oem-480ml-sus316l-stainless-steel-insulated-bottle-with-dual-drink-lid#primaryimage\",\"url\":\"https:\\\/\\\/www.dillerbottle.com\\\/wp-content\\\/uploads\\\/2026\\\/02\\\/oem-480ml-sus316l-stainless-steel-insulated-bottle-with-dual-drink-lid-9317-1.jpg\",\"contentUrl\":\"https:\\\/\\\/www.dillerbottle.com\\\/wp-content\\\/uploads\\\/2026\\\/02\\\/oem-480ml-sus316l-stainless-steel-insulated-bottle-with-dual-drink-lid-9317-1.jpg\",\"width\":800,\"height\":800},{\"@type\":\"BreadcrumbList\",\"@id\":\"https:\\\/\\\/www.dillerbottle.com\\\/products\\\/oem-480ml-sus316l-stainless-steel-insulated-bottle-with-dual-drink-lid#breadcrumb\",\"itemListElement\":[{\"@type\":\"ListItem\",\"position\":1,\"name\":\"Home\",\"item\":\"https:\\\/\\\/www.dillerbottle.com\\\/\"},{\"@type\":\"ListItem\",\"position\":2,\"name\":\"Products\",\"item\":\"https:\\\/\\\/www.dillerbottle.com\\\/shop\"},{\"@type\":\"ListItem\",\"position\":3,\"name\":\"OEM 480ml SUS316L Stainless Steel Insulated Bottle with Dual-Drink Lid\"}]},{\"@type\":\"WebSite\",\"@id\":\"https:\\\/\\\/www.dillerbottle.com\\\/#website\",\"url\":\"https:\\\/\\\/www.dillerbottle.com\\\/\",\"name\":\"Diller Water Bottle Manufacturer\",\"description\":\"Water Bottle Manufacturer\",\"publisher\":{\"@id\":\"https:\\\/\\\/www.dillerbottle.com\\\/#organization\"},\"potentialAction\":[{\"@type\":\"SearchAction\",\"target\":{\"@type\":\"EntryPoint\",\"urlTemplate\":\"https:\\\/\\\/www.dillerbottle.com\\\/?s={search_term_string}\"},\"query-input\":{\"@type\":\"PropertyValueSpecification\",\"valueRequired\":true,\"valueName\":\"search_term_string\"}}],\"inLanguage\":\"pt-PT\"},{\"@type\":\"Organization\",\"@id\":\"https:\\\/\\\/www.dillerbottle.com\\\/#organization\",\"name\":\"Diller Water Bottle Manufacturer\",\"url\":\"https:\\\/\\\/www.dillerbottle.com\\\/\",\"logo\":{\"@type\":\"ImageObject\",\"inLanguage\":\"pt-PT\",\"@id\":\"https:\\\/\\\/www.dillerbottle.com\\\/#\\\/schema\\\/logo\\\/image\\\/\",\"url\":\"https:\\\/\\\/www.dillerbottle.com\\\/wp-content\\\/uploads\\\/2024\\\/09\\\/49918bfa848dcc1e9f8b509933603ac.png\",\"contentUrl\":\"https:\\\/\\\/www.dillerbottle.com\\\/wp-content\\\/uploads\\\/2024\\\/09\\\/49918bfa848dcc1e9f8b509933603ac.png\",\"width\":988,\"height\":198,\"caption\":\"Diller Water Bottle Manufacturer\"},\"image\":{\"@id\":\"https:\\\/\\\/www.dillerbottle.com\\\/#\\\/schema\\\/logo\\\/image\\\/\"}}]}<\/script>\n<!-- \/ Yoast SEO Premium plugin. -->","yoast_head_json":{"title":"Garrafa isolada de a\u00e7o inoxid\u00e1vel OEM 480ml SUS316L com tampa para duas bebidas - Garrafa de \u00e1gua Diller Fabricante","description":"Garrafa isolada OEM 480ml SUS316L com tampa para duas bebidas, copo t\u00e9rmico de a\u00e7o inoxid\u00e1vel \u00e0 prova de fugas com um clique para marcas grossistas.","robots":{"index":"index","follow":"follow","max-snippet":"max-snippet:-1","max-image-preview":"max-image-preview:large","max-video-preview":"max-video-preview:-1"},"canonical":"https:\/\/www.dillerbottle.com\/pt\/produtos\/garrafa-isolada-em-aco-inoxidavel-oem-480ml-sus316l-com-tampa-dupla-para-bebidas","og_locale":"pt_PT","og_type":"article","og_title":"OEM 480ml SUS316L Stainless Steel Insulated Bottle with Dual-Drink Lid","og_description":"OEM 480ml SUS316L insulated bottle with dual-drink lid, one-click leak-proof stainless steel thermo cup for wholesale brands.","og_url":"https:\/\/www.dillerbottle.com\/pt\/produtos\/garrafa-isolada-em-aco-inoxidavel-oem-480ml-sus316l-com-tampa-dupla-para-bebidas","og_site_name":"Diller Water Bottle Manufacturer","article_modified_time":"2026-02-12T09:02:08+00:00","og_image":[{"width":800,"height":800,"url":"https:\/\/www.dillerbottle.com\/wp-content\/uploads\/2026\/02\/oem-480ml-sus316l-stainless-steel-insulated-bottle-with-dual-drink-lid-9317-1.jpg","type":"image\/jpeg"}],"twitter_card":"summary_large_image","twitter_misc":{"Tempo estimado de leitura":"4 minutos"},"schema":{"@context":"https:\/\/schema.org","@graph":[{"@type":"WebPage","@id":"https:\/\/www.dillerbottle.com\/products\/oem-480ml-sus316l-stainless-steel-insulated-bottle-with-dual-drink-lid","url":"https:\/\/www.dillerbottle.com\/products\/oem-480ml-sus316l-stainless-steel-insulated-bottle-with-dual-drink-lid","name":"Garrafa isolada de a\u00e7o inoxid\u00e1vel OEM 480ml SUS316L com tampa para duas bebidas - Garrafa de \u00e1gua Diller Fabricante","isPartOf":{"@id":"https:\/\/www.dillerbottle.com\/#website"},"primaryImageOfPage":{"@id":"https:\/\/www.dillerbottle.com\/products\/oem-480ml-sus316l-stainless-steel-insulated-bottle-with-dual-drink-lid#primaryimage"},"image":{"@id":"https:\/\/www.dillerbottle.com\/products\/oem-480ml-sus316l-stainless-steel-insulated-bottle-with-dual-drink-lid#primaryimage"},"thumbnailUrl":"https:\/\/www.dillerbottle.com\/wp-content\/uploads\/2026\/02\/oem-480ml-sus316l-stainless-steel-insulated-bottle-with-dual-drink-lid-9317-1.jpg","datePublished":"2026-02-12T08:55:46+00:00","dateModified":"2026-02-12T09:02:08+00:00","description":"Garrafa isolada OEM 480ml SUS316L com tampa para duas bebidas, copo t\u00e9rmico de a\u00e7o inoxid\u00e1vel \u00e0 prova de fugas com um clique para marcas grossistas.","breadcrumb":{"@id":"https:\/\/www.dillerbottle.com\/products\/oem-480ml-sus316l-stainless-steel-insulated-bottle-with-dual-drink-lid#breadcrumb"},"inLanguage":"pt-PT","potentialAction":[{"@type":"ReadAction","target":["https:\/\/www.dillerbottle.com\/products\/oem-480ml-sus316l-stainless-steel-insulated-bottle-with-dual-drink-lid"]}]},{"@type":"ImageObject","inLanguage":"pt-PT","@id":"https:\/\/www.dillerbottle.com\/products\/oem-480ml-sus316l-stainless-steel-insulated-bottle-with-dual-drink-lid#primaryimage","url":"https:\/\/www.dillerbottle.com\/wp-content\/uploads\/2026\/02\/oem-480ml-sus316l-stainless-steel-insulated-bottle-with-dual-drink-lid-9317-1.jpg","contentUrl":"https:\/\/www.dillerbottle.com\/wp-content\/uploads\/2026\/02\/oem-480ml-sus316l-stainless-steel-insulated-bottle-with-dual-drink-lid-9317-1.jpg","width":800,"height":800},{"@type":"BreadcrumbList","@id":"https:\/\/www.dillerbottle.com\/products\/oem-480ml-sus316l-stainless-steel-insulated-bottle-with-dual-drink-lid#breadcrumb","itemListElement":[{"@type":"ListItem","position":1,"name":"Home","item":"https:\/\/www.dillerbottle.com\/"},{"@type":"ListItem","position":2,"name":"Products","item":"https:\/\/www.dillerbottle.com\/shop"},{"@type":"ListItem","position":3,"name":"OEM 480ml SUS316L Stainless Steel Insulated Bottle with Dual-Drink Lid"}]},{"@type":"WebSite","@id":"https:\/\/www.dillerbottle.com\/#website","url":"https:\/\/www.dillerbottle.com\/","name":"Garrafa de \u00e1gua Diller Fabricante","description":"Garrafa de \u00e1gua Fabricante","publisher":{"@id":"https:\/\/www.dillerbottle.com\/#organization"},"potentialAction":[{"@type":"SearchAction","target":{"@type":"EntryPoint","urlTemplate":"https:\/\/www.dillerbottle.com\/?s={search_term_string}"},"query-input":{"@type":"PropertyValueSpecification","valueRequired":true,"valueName":"search_term_string"}}],"inLanguage":"pt-PT"},{"@type":"Organization","@id":"https:\/\/www.dillerbottle.com\/#organization","name":"Garrafa de \u00e1gua Diller Fabricante","url":"https:\/\/www.dillerbottle.com\/","logo":{"@type":"ImageObject","inLanguage":"pt-PT","@id":"https:\/\/www.dillerbottle.com\/#\/schema\/logo\/image\/","url":"https:\/\/www.dillerbottle.com\/wp-content\/uploads\/2024\/09\/49918bfa848dcc1e9f8b509933603ac.png","contentUrl":"https:\/\/www.dillerbottle.com\/wp-content\/uploads\/2024\/09\/49918bfa848dcc1e9f8b509933603ac.png","width":988,"height":198,"caption":"Diller Water Bottle Manufacturer"},"image":{"@id":"https:\/\/www.dillerbottle.com\/#\/schema\/logo\/image\/"}}]}},"_links":{"self":[{"href":"https:\/\/www.dillerbottle.com\/pt\/wp-json\/wp\/v2\/product\/17725","targetHints":{"allow":["GET"]}}],"collection":[{"href":"https:\/\/www.dillerbottle.com\/pt\/wp-json\/wp\/v2\/product"}],"about":[{"href":"https:\/\/www.dillerbottle.com\/pt\/wp-json\/wp\/v2\/types\/product"}],"replies":[{"embeddable":true,"href":"https:\/\/www.dillerbottle.com\/pt\/wp-json\/wp\/v2\/comments?post=17725"}],"wp:featuredmedia":[{"embeddable":true,"href":"https:\/\/www.dillerbottle.com\/pt\/wp-json\/wp\/v2\/media\/17729"}],"wp:attachment":[{"href":"https:\/\/www.dillerbottle.com\/pt\/wp-json\/wp\/v2\/media?parent=17725"}],"wp:term":[{"taxonomy":"product_brand","embeddable":true,"href":"https:\/\/www.dillerbottle.com\/pt\/wp-json\/wp\/v2\/product_brand?post=17725"},{"taxonomy":"product_cat","embeddable":true,"href":"https:\/\/www.dillerbottle.com\/pt\/wp-json\/wp\/v2\/product_cat?post=17725"},{"taxonomy":"product_tag","embeddable":true,"href":"https:\/\/www.dillerbottle.com\/pt\/wp-json\/wp\/v2\/product_tag?post=17725"}],"curies":[{"name":"wp","href":"https:\/\/api.w.org\/{rel}","templated":true}]}}