{"id":17757,"date":"2026-02-13T14:25:28","date_gmt":"2026-02-13T06:25:28","guid":{"rendered":"https:\/\/www.dillerbottle.com\/?post_type=product&#038;p=17757"},"modified":"2026-02-13T14:40:57","modified_gmt":"2026-02-13T06:40:57","slug":"diller-garrafa-de-agua-dupla-em-tritan-de-600-ml-com-logotipo-personalizado","status":"publish","type":"product","link":"https:\/\/www.dillerbottle.com\/pt\/products\/diller-600ml-tritan-double-water-bottle-with-customized-logo","title":{"rendered":"Diller Garrafa de \u00e1gua dupla Tritan de 600 ml com log\u00f3tipo personalizado"},"content":{"rendered":"<h2 data-start=\"598\" data-end=\"661\">Garrafa de \u00e1gua Tritan Dual-Drink 600ML - Fornecimento direto da f\u00e1brica<\/h2>\n<p data-start=\"663\" data-end=\"838\">A garrafa de \u00e1gua DILLER D2517 Tritan foi desenvolvida para distribuidores globais, propriet\u00e1rios de marcas e compradores de compras a granel que procuram solu\u00e7\u00f5es de bebidas seguras, duradouras e personaliz\u00e1veis.<\/p>\n<p data-start=\"840\" data-end=\"1077\">Fabricada com material Tritan de alta qualidade, silicone de qualidade alimentar e componentes PP de qualidade alimentar, esta garrafa cumpre as normas de seguran\u00e7a internacionais e \u00e9 adequada para distribui\u00e7\u00e3o a retalho, campanhas promocionais e projectos de marca pr\u00f3pria.<\/p>\n<p data-start=\"1079\" data-end=\"1256\">O design do corpo, totalmente amov\u00edvel, permite uma limpeza e manuten\u00e7\u00e3o f\u00e1ceis, enquanto a tampa para dois copos oferece os modos de consumo direto e de palhinha para satisfazer as diversas prefer\u00eancias do mercado.<\/p>\n<p data-start=\"1258\" data-end=\"1404\">A sua estrutura estanque \u00e0 prova de fugas garante que n\u00e3o h\u00e1 fugas de \u00e1gua mesmo quando invertida, tornando-a adequada para os mercados escolar, exterior, de viagens e de utiliza\u00e7\u00e3o di\u00e1ria.<\/p>\n<p data-start=\"1406\" data-end=\"1521\">O atrativo design da ilustra\u00e7\u00e3o do Sakura Panda tamb\u00e9m o torna ideal para linhas de produtos orientadas para a juventude e o estilo de vida.<\/p>","protected":false},"excerpt":{"rendered":"<p>A DILLER D2517 \u00e9 uma garrafa de \u00e1gua de dois copos em Tritan sem BPA de 600 ml concebida para compradores grossistas, distribuidores e projectos OEM. Com uma abertura da tampa com um clique, estrutura \u00e0 prova de fugas e corpo amov\u00edvel, \u00e9 ideal para encomendas a granel, marcas privadas e mercados promocionais.<\/p>","protected":false},"featured_media":17763,"comment_status":"open","ping_status":"closed","template":"","meta":{"_acf_changed":false},"product_brand":[],"product_cat":[309],"product_tag":[1170],"class_list":{"0":"post-17757","1":"product","2":"type-product","3":"status-publish","4":"has-post-thumbnail","6":"product_cat-plastic-water-bottle","7":"product_tag-plastic-water-bottle","9":"first","10":"instock","11":"shipping-taxable","12":"product-type-simple"},"acf":[],"yoast_head":"<!-- This site is optimized with the Yoast SEO Premium plugin v27.4 (Yoast SEO v27.4) - https:\/\/yoast.com\/product\/yoast-seo-premium-wordpress\/ -->\n<title>Diller 600ml Tritan double water bottle with customized logo - Diller Water Bottle Manufacturer<\/title>\n<meta name=\"description\" content=\"600ML Tritan dual-drink water bottle manufacturer and wholesale supplier. DILLER offers BPA-free custom logo water bottles for distributors, OEM, private label and bulk orders worldwide.\" \/>\n<meta name=\"robots\" content=\"index, follow, max-snippet:-1, max-image-preview:large, max-video-preview:-1\" \/>\n<link rel=\"canonical\" href=\"https:\/\/www.dillerbottle.com\/pt\/produtos\/diller-garrafa-de-agua-dupla-em-tritan-de-600-ml-com-logotipo-personalizado\" \/>\n<meta property=\"og:locale\" content=\"pt_PT\" \/>\n<meta property=\"og:type\" content=\"article\" \/>\n<meta property=\"og:title\" content=\"Diller 600ml Tritan double water bottle with customized logo\" \/>\n<meta property=\"og:description\" content=\"600ML Tritan dual-drink water bottle manufacturer and wholesale supplier. DILLER offers BPA-free custom logo water bottles for distributors, OEM, private label and bulk orders worldwide.\" \/>\n<meta property=\"og:url\" content=\"https:\/\/www.dillerbottle.com\/pt\/produtos\/diller-garrafa-de-agua-dupla-em-tritan-de-600-ml-com-logotipo-personalizado\" \/>\n<meta property=\"og:site_name\" content=\"Diller Water Bottle Manufacturer\" \/>\n<meta property=\"article:modified_time\" content=\"2026-02-13T06:40:57+00:00\" \/>\n<meta property=\"og:image\" content=\"https:\/\/www.dillerbottle.com\/wp-content\/uploads\/2026\/02\/diller-600ml-tritan-double-water-bottle-with-customized-logo-d2517-4.jpg\" \/>\n\t<meta property=\"og:image:width\" content=\"800\" \/>\n\t<meta property=\"og:image:height\" content=\"800\" \/>\n\t<meta property=\"og:image:type\" content=\"image\/jpeg\" \/>\n<meta name=\"twitter:card\" content=\"summary_large_image\" \/>\n<meta name=\"twitter:label1\" content=\"Tempo estimado de leitura\" \/>\n\t<meta name=\"twitter:data1\" content=\"4 minutos\" \/>\n<script type=\"application\/ld+json\" class=\"yoast-schema-graph\">{\"@context\":\"https:\\\/\\\/schema.org\",\"@graph\":[{\"@type\":\"WebPage\",\"@id\":\"https:\\\/\\\/www.dillerbottle.com\\\/products\\\/diller-600ml-tritan-double-water-bottle-with-customized-logo\",\"url\":\"https:\\\/\\\/www.dillerbottle.com\\\/products\\\/diller-600ml-tritan-double-water-bottle-with-customized-logo\",\"name\":\"Diller 600ml Tritan double water bottle with customized logo - Diller Water Bottle Manufacturer\",\"isPartOf\":{\"@id\":\"https:\\\/\\\/www.dillerbottle.com\\\/#website\"},\"primaryImageOfPage\":{\"@id\":\"https:\\\/\\\/www.dillerbottle.com\\\/products\\\/diller-600ml-tritan-double-water-bottle-with-customized-logo#primaryimage\"},\"image\":{\"@id\":\"https:\\\/\\\/www.dillerbottle.com\\\/products\\\/diller-600ml-tritan-double-water-bottle-with-customized-logo#primaryimage\"},\"thumbnailUrl\":\"https:\\\/\\\/www.dillerbottle.com\\\/wp-content\\\/uploads\\\/2026\\\/02\\\/diller-600ml-tritan-double-water-bottle-with-customized-logo-d2517-4.jpg\",\"datePublished\":\"2026-02-13T06:25:28+00:00\",\"dateModified\":\"2026-02-13T06:40:57+00:00\",\"description\":\"600ML Tritan dual-drink water bottle manufacturer and wholesale supplier. DILLER offers BPA-free custom logo water bottles for distributors, OEM, private label and bulk orders worldwide.\",\"breadcrumb\":{\"@id\":\"https:\\\/\\\/www.dillerbottle.com\\\/products\\\/diller-600ml-tritan-double-water-bottle-with-customized-logo#breadcrumb\"},\"inLanguage\":\"pt-PT\",\"potentialAction\":[{\"@type\":\"ReadAction\",\"target\":[\"https:\\\/\\\/www.dillerbottle.com\\\/products\\\/diller-600ml-tritan-double-water-bottle-with-customized-logo\"]}]},{\"@type\":\"ImageObject\",\"inLanguage\":\"pt-PT\",\"@id\":\"https:\\\/\\\/www.dillerbottle.com\\\/products\\\/diller-600ml-tritan-double-water-bottle-with-customized-logo#primaryimage\",\"url\":\"https:\\\/\\\/www.dillerbottle.com\\\/wp-content\\\/uploads\\\/2026\\\/02\\\/diller-600ml-tritan-double-water-bottle-with-customized-logo-d2517-4.jpg\",\"contentUrl\":\"https:\\\/\\\/www.dillerbottle.com\\\/wp-content\\\/uploads\\\/2026\\\/02\\\/diller-600ml-tritan-double-water-bottle-with-customized-logo-d2517-4.jpg\",\"width\":800,\"height\":800},{\"@type\":\"BreadcrumbList\",\"@id\":\"https:\\\/\\\/www.dillerbottle.com\\\/products\\\/diller-600ml-tritan-double-water-bottle-with-customized-logo#breadcrumb\",\"itemListElement\":[{\"@type\":\"ListItem\",\"position\":1,\"name\":\"Home\",\"item\":\"https:\\\/\\\/www.dillerbottle.com\\\/\"},{\"@type\":\"ListItem\",\"position\":2,\"name\":\"Products\",\"item\":\"https:\\\/\\\/www.dillerbottle.com\\\/shop\"},{\"@type\":\"ListItem\",\"position\":3,\"name\":\"Diller 600ml Tritan double water bottle with customized logo\"}]},{\"@type\":\"WebSite\",\"@id\":\"https:\\\/\\\/www.dillerbottle.com\\\/#website\",\"url\":\"https:\\\/\\\/www.dillerbottle.com\\\/\",\"name\":\"Diller Water Bottle Manufacturer\",\"description\":\"Water Bottle Manufacturer\",\"publisher\":{\"@id\":\"https:\\\/\\\/www.dillerbottle.com\\\/#organization\"},\"potentialAction\":[{\"@type\":\"SearchAction\",\"target\":{\"@type\":\"EntryPoint\",\"urlTemplate\":\"https:\\\/\\\/www.dillerbottle.com\\\/?s={search_term_string}\"},\"query-input\":{\"@type\":\"PropertyValueSpecification\",\"valueRequired\":true,\"valueName\":\"search_term_string\"}}],\"inLanguage\":\"pt-PT\"},{\"@type\":\"Organization\",\"@id\":\"https:\\\/\\\/www.dillerbottle.com\\\/#organization\",\"name\":\"Diller Water Bottle Manufacturer\",\"url\":\"https:\\\/\\\/www.dillerbottle.com\\\/\",\"logo\":{\"@type\":\"ImageObject\",\"inLanguage\":\"pt-PT\",\"@id\":\"https:\\\/\\\/www.dillerbottle.com\\\/#\\\/schema\\\/logo\\\/image\\\/\",\"url\":\"https:\\\/\\\/www.dillerbottle.com\\\/wp-content\\\/uploads\\\/2024\\\/09\\\/49918bfa848dcc1e9f8b509933603ac.png\",\"contentUrl\":\"https:\\\/\\\/www.dillerbottle.com\\\/wp-content\\\/uploads\\\/2024\\\/09\\\/49918bfa848dcc1e9f8b509933603ac.png\",\"width\":988,\"height\":198,\"caption\":\"Diller Water Bottle Manufacturer\"},\"image\":{\"@id\":\"https:\\\/\\\/www.dillerbottle.com\\\/#\\\/schema\\\/logo\\\/image\\\/\"}}]}<\/script>\n<!-- \/ Yoast SEO Premium plugin. -->","yoast_head_json":{"title":"Garrafa de \u00e1gua dupla Tritan Diller 600ml com log\u00f3tipo personalizado - Garrafa de \u00e1gua Diller Fabricante","description":"Fabricante e fornecedor grossista de garrafas de \u00e1gua de 600ML Tritan para duas bebidas. A DILLER oferece garrafas de \u00e1gua com log\u00f3tipo personalizado sem BPA para distribuidores, OEM, marca pr\u00f3pria e encomendas a granel em todo o mundo.","robots":{"index":"index","follow":"follow","max-snippet":"max-snippet:-1","max-image-preview":"max-image-preview:large","max-video-preview":"max-video-preview:-1"},"canonical":"https:\/\/www.dillerbottle.com\/pt\/produtos\/diller-garrafa-de-agua-dupla-em-tritan-de-600-ml-com-logotipo-personalizado","og_locale":"pt_PT","og_type":"article","og_title":"Diller 600ml Tritan double water bottle with customized logo","og_description":"600ML Tritan dual-drink water bottle manufacturer and wholesale supplier. DILLER offers BPA-free custom logo water bottles for distributors, OEM, private label and bulk orders worldwide.","og_url":"https:\/\/www.dillerbottle.com\/pt\/produtos\/diller-garrafa-de-agua-dupla-em-tritan-de-600-ml-com-logotipo-personalizado","og_site_name":"Diller Water Bottle Manufacturer","article_modified_time":"2026-02-13T06:40:57+00:00","og_image":[{"width":800,"height":800,"url":"https:\/\/www.dillerbottle.com\/wp-content\/uploads\/2026\/02\/diller-600ml-tritan-double-water-bottle-with-customized-logo-d2517-4.jpg","type":"image\/jpeg"}],"twitter_card":"summary_large_image","twitter_misc":{"Tempo estimado de leitura":"4 minutos"},"schema":{"@context":"https:\/\/schema.org","@graph":[{"@type":"WebPage","@id":"https:\/\/www.dillerbottle.com\/products\/diller-600ml-tritan-double-water-bottle-with-customized-logo","url":"https:\/\/www.dillerbottle.com\/products\/diller-600ml-tritan-double-water-bottle-with-customized-logo","name":"Garrafa de \u00e1gua dupla Tritan Diller 600ml com log\u00f3tipo personalizado - Garrafa de \u00e1gua Diller Fabricante","isPartOf":{"@id":"https:\/\/www.dillerbottle.com\/#website"},"primaryImageOfPage":{"@id":"https:\/\/www.dillerbottle.com\/products\/diller-600ml-tritan-double-water-bottle-with-customized-logo#primaryimage"},"image":{"@id":"https:\/\/www.dillerbottle.com\/products\/diller-600ml-tritan-double-water-bottle-with-customized-logo#primaryimage"},"thumbnailUrl":"https:\/\/www.dillerbottle.com\/wp-content\/uploads\/2026\/02\/diller-600ml-tritan-double-water-bottle-with-customized-logo-d2517-4.jpg","datePublished":"2026-02-13T06:25:28+00:00","dateModified":"2026-02-13T06:40:57+00:00","description":"Fabricante e fornecedor grossista de garrafas de \u00e1gua de 600ML Tritan para duas bebidas. A DILLER oferece garrafas de \u00e1gua com log\u00f3tipo personalizado sem BPA para distribuidores, OEM, marca pr\u00f3pria e encomendas a granel em todo o mundo.","breadcrumb":{"@id":"https:\/\/www.dillerbottle.com\/products\/diller-600ml-tritan-double-water-bottle-with-customized-logo#breadcrumb"},"inLanguage":"pt-PT","potentialAction":[{"@type":"ReadAction","target":["https:\/\/www.dillerbottle.com\/products\/diller-600ml-tritan-double-water-bottle-with-customized-logo"]}]},{"@type":"ImageObject","inLanguage":"pt-PT","@id":"https:\/\/www.dillerbottle.com\/products\/diller-600ml-tritan-double-water-bottle-with-customized-logo#primaryimage","url":"https:\/\/www.dillerbottle.com\/wp-content\/uploads\/2026\/02\/diller-600ml-tritan-double-water-bottle-with-customized-logo-d2517-4.jpg","contentUrl":"https:\/\/www.dillerbottle.com\/wp-content\/uploads\/2026\/02\/diller-600ml-tritan-double-water-bottle-with-customized-logo-d2517-4.jpg","width":800,"height":800},{"@type":"BreadcrumbList","@id":"https:\/\/www.dillerbottle.com\/products\/diller-600ml-tritan-double-water-bottle-with-customized-logo#breadcrumb","itemListElement":[{"@type":"ListItem","position":1,"name":"Home","item":"https:\/\/www.dillerbottle.com\/"},{"@type":"ListItem","position":2,"name":"Products","item":"https:\/\/www.dillerbottle.com\/shop"},{"@type":"ListItem","position":3,"name":"Diller 600ml Tritan double water bottle with customized logo"}]},{"@type":"WebSite","@id":"https:\/\/www.dillerbottle.com\/#website","url":"https:\/\/www.dillerbottle.com\/","name":"Garrafa de \u00e1gua Diller Fabricante","description":"Garrafa de \u00e1gua Fabricante","publisher":{"@id":"https:\/\/www.dillerbottle.com\/#organization"},"potentialAction":[{"@type":"SearchAction","target":{"@type":"EntryPoint","urlTemplate":"https:\/\/www.dillerbottle.com\/?s={search_term_string}"},"query-input":{"@type":"PropertyValueSpecification","valueRequired":true,"valueName":"search_term_string"}}],"inLanguage":"pt-PT"},{"@type":"Organization","@id":"https:\/\/www.dillerbottle.com\/#organization","name":"Garrafa de \u00e1gua Diller Fabricante","url":"https:\/\/www.dillerbottle.com\/","logo":{"@type":"ImageObject","inLanguage":"pt-PT","@id":"https:\/\/www.dillerbottle.com\/#\/schema\/logo\/image\/","url":"https:\/\/www.dillerbottle.com\/wp-content\/uploads\/2024\/09\/49918bfa848dcc1e9f8b509933603ac.png","contentUrl":"https:\/\/www.dillerbottle.com\/wp-content\/uploads\/2024\/09\/49918bfa848dcc1e9f8b509933603ac.png","width":988,"height":198,"caption":"Diller Water Bottle Manufacturer"},"image":{"@id":"https:\/\/www.dillerbottle.com\/#\/schema\/logo\/image\/"}}]}},"_links":{"self":[{"href":"https:\/\/www.dillerbottle.com\/pt\/wp-json\/wp\/v2\/product\/17757","targetHints":{"allow":["GET"]}}],"collection":[{"href":"https:\/\/www.dillerbottle.com\/pt\/wp-json\/wp\/v2\/product"}],"about":[{"href":"https:\/\/www.dillerbottle.com\/pt\/wp-json\/wp\/v2\/types\/product"}],"replies":[{"embeddable":true,"href":"https:\/\/www.dillerbottle.com\/pt\/wp-json\/wp\/v2\/comments?post=17757"}],"wp:featuredmedia":[{"embeddable":true,"href":"https:\/\/www.dillerbottle.com\/pt\/wp-json\/wp\/v2\/media\/17763"}],"wp:attachment":[{"href":"https:\/\/www.dillerbottle.com\/pt\/wp-json\/wp\/v2\/media?parent=17757"}],"wp:term":[{"taxonomy":"product_brand","embeddable":true,"href":"https:\/\/www.dillerbottle.com\/pt\/wp-json\/wp\/v2\/product_brand?post=17757"},{"taxonomy":"product_cat","embeddable":true,"href":"https:\/\/www.dillerbottle.com\/pt\/wp-json\/wp\/v2\/product_cat?post=17757"},{"taxonomy":"product_tag","embeddable":true,"href":"https:\/\/www.dillerbottle.com\/pt\/wp-json\/wp\/v2\/product_tag?post=17757"}],"curies":[{"name":"wp","href":"https:\/\/api.w.org\/{rel}","templated":true}]}}