{"id":17787,"date":"2026-02-24T14:23:48","date_gmt":"2026-02-24T06:23:48","guid":{"rendered":"https:\/\/www.dillerbottle.com\/?post_type=product&#038;p=17787"},"modified":"2026-02-24T14:50:12","modified_gmt":"2026-02-24T06:50:12","slug":"520ml-insulated-food-jar","status":"publish","type":"product","link":"https:\/\/www.dillerbottle.com\/pt\/products\/520ml-insulated-food-jar","title":{"rendered":"Frasco para alimentos isolado 520ML"},"content":{"rendered":"<h2 data-start=\"644\" data-end=\"695\">Frasco de comida isolado 520ML - OEM e pronto para venda por atacado<\/h2>\n<p data-start=\"697\" data-end=\"858\">O frasco de comida isolado DILLER D9215 foi especialmente desenvolvido para distribuidores globais, retalhistas e propriet\u00e1rios de marcas que procuram recipientes t\u00e9rmicos de alta qualidade para almo\u00e7os.<\/p>\n<p data-start=\"860\" data-end=\"1146\">Constru\u00eddo com revestimento interior em a\u00e7o inoxid\u00e1vel SUS316 e materiais de qualidade alimentar, este frasco para alimentos garante um contacto seguro com os alimentos e uma durabilidade duradoura. O seu forte desempenho de isolamento mant\u00e9m os alimentos quentes ou frios durante longas horas, tornando-o adequado para utiliza\u00e7\u00e3o no escrit\u00f3rio, na escola, no exterior e em viagens.<\/p>\n<p data-start=\"1148\" data-end=\"1276\">O sistema de veda\u00e7\u00e3o de 360 graus \u00e0 prova de fugas evita derrames mesmo quando o frasco est\u00e1 invertido, garantindo fiabilidade para o transporte di\u00e1rio.<\/p>\n<hr data-start=\"1278\" data-end=\"1281\" \/>\n<h2 data-start=\"1283\" data-end=\"1312\">Concebido para uma utiliza\u00e7\u00e3o pr\u00e1tica<\/h2>\n<p data-start=\"1314\" data-end=\"1553\">A tampa PP de dupla finalidade pode ser utilizada como uma pequena tigela, proporcionando comodidade para comer em viagem. Uma colher de a\u00e7o inoxid\u00e1vel dobr\u00e1vel escondida est\u00e1 integrada na tampa interior, facilitando o transporte de utens\u00edlios sem acess\u00f3rios extra.<\/p>\n<p data-start=\"1555\" data-end=\"1665\">O design da abertura de boca larga permite encher, comer e limpar facilmente, evitando a acumula\u00e7\u00e3o de res\u00edduos alimentares.<\/p>\n<hr data-start=\"1667\" data-end=\"1670\" \/>\n<h2 data-start=\"1672\" data-end=\"1702\">Principais carater\u00edsticas para compradores B2B<\/h2>\n<p data-start=\"1704\" data-end=\"2155\">- Revestimento interior em a\u00e7o inoxid\u00e1vel SUS316 (seguro para alimentos)<br data-start=\"1758\" data-end=\"1761\" \/>- Forte isolamento para alimentos quentes e frios<br data-start=\"1802\" data-end=\"1805\" \/>- Sistema de veda\u00e7\u00e3o de 360 graus \u00e0 prova de fugas<br data-start=\"1843\" data-end=\"1846\" \/>- Tampa de dupla utiliza\u00e7\u00e3o (a tampa do copo pode ser utilizada como ta\u00e7a)<br data-start=\"1894\" data-end=\"1897\" \/>- Colher dobr\u00e1vel em a\u00e7o inoxid\u00e1vel SUS304 incorporada<br data-start=\"1944\" data-end=\"1947\" \/>- Design de boca larga para facilitar a limpeza e o enchimento<br data-start=\"1996\" data-end=\"1999\" \/>- Port\u00e1til e compacto Capacidade de 520ML<br data-start=\"2036\" data-end=\"2039\" \/>- PP de qualidade alimentar, anel de veda\u00e7\u00e3o de silicone<br data-start=\"2077\" data-end=\"2080\" \/>- Revestimento exterior em a\u00e7o inoxid\u00e1vel dur\u00e1vel<br data-start=\"2117\" data-end=\"2120\" \/>- OEM e marca personalizada dispon\u00edveis<\/p>\n<hr data-start=\"2157\" data-end=\"2160\" \/>\n<h2 data-start=\"2162\" data-end=\"2192\">Suporte OEM e personaliza\u00e7\u00e3o<\/h2>\n<p data-start=\"2194\" data-end=\"2271\">Como fabricante profissional de recipientes para bebidas e alimentos, a DILLER fornece:<\/p>\n<p data-start=\"2273\" data-end=\"2440\">- Impress\u00e3o de log\u00f3tipo personalizado<br data-start=\"2295\" data-end=\"2298\" \/>- Personaliza\u00e7\u00e3o da cor<br data-start=\"2319\" data-end=\"2322\" \/>- Conce\u00e7\u00e3o de embalagens<br data-start=\"2340\" data-end=\"2343\" \/>- Desenvolvimento de produtos OEM \/ ODM<br data-start=\"2374\" data-end=\"2377\" \/>- Fornecimento grossista a granel<br data-start=\"2400\" data-end=\"2403\" \/>- Coopera\u00e7\u00e3o entre distribuidores e agentes<\/p>\n<p data-start=\"2442\" data-end=\"2490\">Damos as boas-vindas a parceiros globais para cooperarem connosco.<\/p>","protected":false},"excerpt":{"rendered":"<p>O DILLER D9215 \u00e9 um frasco para alimentos com isolamento t\u00e9rmico de 520ML feito de a\u00e7o inoxid\u00e1vel SUS316, concebido para compradores grossistas, distribuidores e projectos OEM. Com um forte isolamento, design \u00e0 prova de fugas, tampa de dupla finalidade e colher dobr\u00e1vel incorporada, \u00e9 ideal para almo\u00e7os, viagens e mercados promocionais.<\/p>","protected":false},"featured_media":17795,"comment_status":"open","ping_status":"closed","template":"","meta":{"_acf_changed":false},"product_brand":[],"product_cat":[108,18],"product_tag":[752],"class_list":{"0":"post-17787","1":"product","2":"type-product","3":"status-publish","4":"has-post-thumbnail","6":"product_cat-insulated-food-jar","7":"product_cat-insulated-water-bottle","8":"product_tag-eco-friendly-water-bottle-stainless-steel","10":"first","11":"instock","12":"shipping-taxable","13":"product-type-simple"},"acf":[],"yoast_head":"<!-- This site is optimized with the Yoast SEO Premium plugin v27.4 (Yoast SEO v27.4) - https:\/\/yoast.com\/product\/yoast-seo-premium-wordpress\/ -->\n<title>520ML Insulated Food Jar - Diller Water Bottle Manufacturer<\/title>\n<meta name=\"description\" content=\"520ML insulated food jar manufacturer and wholesale supplier. DILLER offers 316 stainless steel thermal lunch containers with custom logo, OEM service and bulk supply for distributors.\" \/>\n<meta name=\"robots\" content=\"index, follow, max-snippet:-1, max-image-preview:large, max-video-preview:-1\" \/>\n<link rel=\"canonical\" href=\"https:\/\/www.dillerbottle.com\/pt\/produtos\/520ml-insulated-food-jar\" \/>\n<meta property=\"og:locale\" content=\"pt_PT\" \/>\n<meta property=\"og:type\" content=\"article\" \/>\n<meta property=\"og:title\" content=\"520ML Insulated Food Jar\" \/>\n<meta property=\"og:description\" content=\"520ML insulated food jar manufacturer and wholesale supplier. DILLER offers 316 stainless steel thermal lunch containers with custom logo, OEM service and bulk supply for distributors.\" \/>\n<meta property=\"og:url\" content=\"https:\/\/www.dillerbottle.com\/pt\/produtos\/520ml-insulated-food-jar\" \/>\n<meta property=\"og:site_name\" content=\"Diller Water Bottle Manufacturer\" \/>\n<meta property=\"article:modified_time\" content=\"2026-02-24T06:50:12+00:00\" \/>\n<meta property=\"og:image\" content=\"https:\/\/www.dillerbottle.com\/wp-content\/uploads\/2026\/02\/520ml-insulated-food-jar-9215-1.jpg\" \/>\n\t<meta property=\"og:image:width\" content=\"800\" \/>\n\t<meta property=\"og:image:height\" content=\"800\" \/>\n\t<meta property=\"og:image:type\" content=\"image\/jpeg\" \/>\n<meta name=\"twitter:card\" content=\"summary_large_image\" \/>\n<meta name=\"twitter:label1\" content=\"Tempo estimado de leitura\" \/>\n\t<meta name=\"twitter:data1\" content=\"3 minutos\" \/>\n<script type=\"application\/ld+json\" class=\"yoast-schema-graph\">{\"@context\":\"https:\\\/\\\/schema.org\",\"@graph\":[{\"@type\":\"WebPage\",\"@id\":\"https:\\\/\\\/www.dillerbottle.com\\\/products\\\/520ml-insulated-food-jar\",\"url\":\"https:\\\/\\\/www.dillerbottle.com\\\/products\\\/520ml-insulated-food-jar\",\"name\":\"520ML Insulated Food Jar - Diller Water Bottle Manufacturer\",\"isPartOf\":{\"@id\":\"https:\\\/\\\/www.dillerbottle.com\\\/#website\"},\"primaryImageOfPage\":{\"@id\":\"https:\\\/\\\/www.dillerbottle.com\\\/products\\\/520ml-insulated-food-jar#primaryimage\"},\"image\":{\"@id\":\"https:\\\/\\\/www.dillerbottle.com\\\/products\\\/520ml-insulated-food-jar#primaryimage\"},\"thumbnailUrl\":\"https:\\\/\\\/www.dillerbottle.com\\\/wp-content\\\/uploads\\\/2026\\\/02\\\/520ml-insulated-food-jar-9215-1.jpg\",\"datePublished\":\"2026-02-24T06:23:48+00:00\",\"dateModified\":\"2026-02-24T06:50:12+00:00\",\"description\":\"520ML insulated food jar manufacturer and wholesale supplier. DILLER offers 316 stainless steel thermal lunch containers with custom logo, OEM service and bulk supply for distributors.\",\"breadcrumb\":{\"@id\":\"https:\\\/\\\/www.dillerbottle.com\\\/products\\\/520ml-insulated-food-jar#breadcrumb\"},\"inLanguage\":\"pt-PT\",\"potentialAction\":[{\"@type\":\"ReadAction\",\"target\":[\"https:\\\/\\\/www.dillerbottle.com\\\/products\\\/520ml-insulated-food-jar\"]}]},{\"@type\":\"ImageObject\",\"inLanguage\":\"pt-PT\",\"@id\":\"https:\\\/\\\/www.dillerbottle.com\\\/products\\\/520ml-insulated-food-jar#primaryimage\",\"url\":\"https:\\\/\\\/www.dillerbottle.com\\\/wp-content\\\/uploads\\\/2026\\\/02\\\/520ml-insulated-food-jar-9215-1.jpg\",\"contentUrl\":\"https:\\\/\\\/www.dillerbottle.com\\\/wp-content\\\/uploads\\\/2026\\\/02\\\/520ml-insulated-food-jar-9215-1.jpg\",\"width\":800,\"height\":800},{\"@type\":\"BreadcrumbList\",\"@id\":\"https:\\\/\\\/www.dillerbottle.com\\\/products\\\/520ml-insulated-food-jar#breadcrumb\",\"itemListElement\":[{\"@type\":\"ListItem\",\"position\":1,\"name\":\"Home\",\"item\":\"https:\\\/\\\/www.dillerbottle.com\\\/\"},{\"@type\":\"ListItem\",\"position\":2,\"name\":\"Products\",\"item\":\"https:\\\/\\\/www.dillerbottle.com\\\/shop\"},{\"@type\":\"ListItem\",\"position\":3,\"name\":\"520ML Insulated Food Jar\"}]},{\"@type\":\"WebSite\",\"@id\":\"https:\\\/\\\/www.dillerbottle.com\\\/#website\",\"url\":\"https:\\\/\\\/www.dillerbottle.com\\\/\",\"name\":\"Diller Water Bottle Manufacturer\",\"description\":\"Water Bottle Manufacturer\",\"publisher\":{\"@id\":\"https:\\\/\\\/www.dillerbottle.com\\\/#organization\"},\"potentialAction\":[{\"@type\":\"SearchAction\",\"target\":{\"@type\":\"EntryPoint\",\"urlTemplate\":\"https:\\\/\\\/www.dillerbottle.com\\\/?s={search_term_string}\"},\"query-input\":{\"@type\":\"PropertyValueSpecification\",\"valueRequired\":true,\"valueName\":\"search_term_string\"}}],\"inLanguage\":\"pt-PT\"},{\"@type\":\"Organization\",\"@id\":\"https:\\\/\\\/www.dillerbottle.com\\\/#organization\",\"name\":\"Diller Water Bottle Manufacturer\",\"url\":\"https:\\\/\\\/www.dillerbottle.com\\\/\",\"logo\":{\"@type\":\"ImageObject\",\"inLanguage\":\"pt-PT\",\"@id\":\"https:\\\/\\\/www.dillerbottle.com\\\/#\\\/schema\\\/logo\\\/image\\\/\",\"url\":\"https:\\\/\\\/www.dillerbottle.com\\\/wp-content\\\/uploads\\\/2024\\\/09\\\/49918bfa848dcc1e9f8b509933603ac.png\",\"contentUrl\":\"https:\\\/\\\/www.dillerbottle.com\\\/wp-content\\\/uploads\\\/2024\\\/09\\\/49918bfa848dcc1e9f8b509933603ac.png\",\"width\":988,\"height\":198,\"caption\":\"Diller Water Bottle Manufacturer\"},\"image\":{\"@id\":\"https:\\\/\\\/www.dillerbottle.com\\\/#\\\/schema\\\/logo\\\/image\\\/\"}}]}<\/script>\n<!-- \/ Yoast SEO Premium plugin. -->","yoast_head_json":{"title":"520ml jarro de comida isolado","description":"Fabricante e fornecedor por atacado de frascos de comida isolados de 520ML. A DILLER oferece recipientes t\u00e9rmicos para almo\u00e7o em a\u00e7o inoxid\u00e1vel 316 com log\u00f3tipo personalizado, servi\u00e7o OEM e fornecimento em massa para distribuidores.","robots":{"index":"index","follow":"follow","max-snippet":"max-snippet:-1","max-image-preview":"max-image-preview:large","max-video-preview":"max-video-preview:-1"},"canonical":"https:\/\/www.dillerbottle.com\/pt\/produtos\/520ml-insulated-food-jar","og_locale":"pt_PT","og_type":"article","og_title":"520ML Insulated Food Jar","og_description":"520ML insulated food jar manufacturer and wholesale supplier. DILLER offers 316 stainless steel thermal lunch containers with custom logo, OEM service and bulk supply for distributors.","og_url":"https:\/\/www.dillerbottle.com\/pt\/produtos\/520ml-insulated-food-jar","og_site_name":"Diller Water Bottle Manufacturer","article_modified_time":"2026-02-24T06:50:12+00:00","og_image":[{"width":800,"height":800,"url":"https:\/\/www.dillerbottle.com\/wp-content\/uploads\/2026\/02\/520ml-insulated-food-jar-9215-1.jpg","type":"image\/jpeg"}],"twitter_card":"summary_large_image","twitter_misc":{"Tempo estimado de leitura":"3 minutos"},"schema":{"@context":"https:\/\/schema.org","@graph":[{"@type":"WebPage","@id":"https:\/\/www.dillerbottle.com\/products\/520ml-insulated-food-jar","url":"https:\/\/www.dillerbottle.com\/products\/520ml-insulated-food-jar","name":"520ml jarro de comida isolado","isPartOf":{"@id":"https:\/\/www.dillerbottle.com\/#website"},"primaryImageOfPage":{"@id":"https:\/\/www.dillerbottle.com\/products\/520ml-insulated-food-jar#primaryimage"},"image":{"@id":"https:\/\/www.dillerbottle.com\/products\/520ml-insulated-food-jar#primaryimage"},"thumbnailUrl":"https:\/\/www.dillerbottle.com\/wp-content\/uploads\/2026\/02\/520ml-insulated-food-jar-9215-1.jpg","datePublished":"2026-02-24T06:23:48+00:00","dateModified":"2026-02-24T06:50:12+00:00","description":"Fabricante e fornecedor por atacado de frascos de comida isolados de 520ML. A DILLER oferece recipientes t\u00e9rmicos para almo\u00e7o em a\u00e7o inoxid\u00e1vel 316 com log\u00f3tipo personalizado, servi\u00e7o OEM e fornecimento em massa para distribuidores.","breadcrumb":{"@id":"https:\/\/www.dillerbottle.com\/products\/520ml-insulated-food-jar#breadcrumb"},"inLanguage":"pt-PT","potentialAction":[{"@type":"ReadAction","target":["https:\/\/www.dillerbottle.com\/products\/520ml-insulated-food-jar"]}]},{"@type":"ImageObject","inLanguage":"pt-PT","@id":"https:\/\/www.dillerbottle.com\/products\/520ml-insulated-food-jar#primaryimage","url":"https:\/\/www.dillerbottle.com\/wp-content\/uploads\/2026\/02\/520ml-insulated-food-jar-9215-1.jpg","contentUrl":"https:\/\/www.dillerbottle.com\/wp-content\/uploads\/2026\/02\/520ml-insulated-food-jar-9215-1.jpg","width":800,"height":800},{"@type":"BreadcrumbList","@id":"https:\/\/www.dillerbottle.com\/products\/520ml-insulated-food-jar#breadcrumb","itemListElement":[{"@type":"ListItem","position":1,"name":"Home","item":"https:\/\/www.dillerbottle.com\/"},{"@type":"ListItem","position":2,"name":"Products","item":"https:\/\/www.dillerbottle.com\/shop"},{"@type":"ListItem","position":3,"name":"520ML Insulated Food Jar"}]},{"@type":"WebSite","@id":"https:\/\/www.dillerbottle.com\/#website","url":"https:\/\/www.dillerbottle.com\/","name":"Garrafa de \u00e1gua Diller Fabricante","description":"Garrafa de \u00e1gua Fabricante","publisher":{"@id":"https:\/\/www.dillerbottle.com\/#organization"},"potentialAction":[{"@type":"SearchAction","target":{"@type":"EntryPoint","urlTemplate":"https:\/\/www.dillerbottle.com\/?s={search_term_string}"},"query-input":{"@type":"PropertyValueSpecification","valueRequired":true,"valueName":"search_term_string"}}],"inLanguage":"pt-PT"},{"@type":"Organization","@id":"https:\/\/www.dillerbottle.com\/#organization","name":"Garrafa de \u00e1gua Diller Fabricante","url":"https:\/\/www.dillerbottle.com\/","logo":{"@type":"ImageObject","inLanguage":"pt-PT","@id":"https:\/\/www.dillerbottle.com\/#\/schema\/logo\/image\/","url":"https:\/\/www.dillerbottle.com\/wp-content\/uploads\/2024\/09\/49918bfa848dcc1e9f8b509933603ac.png","contentUrl":"https:\/\/www.dillerbottle.com\/wp-content\/uploads\/2024\/09\/49918bfa848dcc1e9f8b509933603ac.png","width":988,"height":198,"caption":"Diller Water Bottle Manufacturer"},"image":{"@id":"https:\/\/www.dillerbottle.com\/#\/schema\/logo\/image\/"}}]}},"_links":{"self":[{"href":"https:\/\/www.dillerbottle.com\/pt\/wp-json\/wp\/v2\/product\/17787","targetHints":{"allow":["GET"]}}],"collection":[{"href":"https:\/\/www.dillerbottle.com\/pt\/wp-json\/wp\/v2\/product"}],"about":[{"href":"https:\/\/www.dillerbottle.com\/pt\/wp-json\/wp\/v2\/types\/product"}],"replies":[{"embeddable":true,"href":"https:\/\/www.dillerbottle.com\/pt\/wp-json\/wp\/v2\/comments?post=17787"}],"wp:featuredmedia":[{"embeddable":true,"href":"https:\/\/www.dillerbottle.com\/pt\/wp-json\/wp\/v2\/media\/17795"}],"wp:attachment":[{"href":"https:\/\/www.dillerbottle.com\/pt\/wp-json\/wp\/v2\/media?parent=17787"}],"wp:term":[{"taxonomy":"product_brand","embeddable":true,"href":"https:\/\/www.dillerbottle.com\/pt\/wp-json\/wp\/v2\/product_brand?post=17787"},{"taxonomy":"product_cat","embeddable":true,"href":"https:\/\/www.dillerbottle.com\/pt\/wp-json\/wp\/v2\/product_cat?post=17787"},{"taxonomy":"product_tag","embeddable":true,"href":"https:\/\/www.dillerbottle.com\/pt\/wp-json\/wp\/v2\/product_tag?post=17787"}],"curies":[{"name":"wp","href":"https:\/\/api.w.org\/{rel}","templated":true}]}}