{"id":1795,"date":"2024-09-24T17:42:24","date_gmt":"2024-09-24T09:42:24","guid":{"rendered":"https:\/\/demo.dillerbottle.com\/product\/thermal-coffee-mug-with-handle"},"modified":"2025-07-10T16:11:22","modified_gmt":"2025-07-10T08:11:22","slug":"caneca-de-cafe-termica-com-pega","status":"publish","type":"product","link":"https:\/\/www.dillerbottle.com\/pt\/products\/thermal-coffee-mug-with-handle","title":{"rendered":"Caneca t\u00e9rmica de caf\u00e9 com al\u00e7a"},"content":{"rendered":"<p>1. A caneca t\u00e9rmica para caf\u00e9 \u00e9 feita de a\u00e7o inoxid\u00e1vel 316, leve e resistente \u00e0 corros\u00e3o.<\/p>\n<p>2. Pega de design ergon\u00f3mico para uma ader\u00eancia mais confort\u00e1vel.<\/p>\n<p>3. O isolamento a v\u00e1cuo de parede dupla mant\u00e9m as bebidas geladas frias e quentes. A caneca t\u00e9rmica de caf\u00e9 tem uma boca de canudo e uma boca reta para beber.<\/p>\n<p>4. Design de boca larga, conveniente para preparar e limpar. Equipada com uma tampa com um anel de veda\u00e7\u00e3o, \u00e9 \u00e0 prova de fugas e mais isolada.<\/p>\n<p>OEM e ODM aceit\u00e1veis.<br \/>\nPodemos personalizar o copo de acordo com suas necessidades.<br \/>\nBem-vindo \u00e0 compra por atacado, envie sua consulta agora!<\/p>","protected":false},"excerpt":{"rendered":"<p>A caneca t\u00e9rmica para caf\u00e9 \u00e9 feita de a\u00e7o inoxid\u00e1vel 316, leve e resistente \u00e0 corros\u00e3o.<br \/>\nPega de design ergon\u00f3mico para uma ader\u00eancia mais confort\u00e1vel.<br \/>\nO isolamento a v\u00e1cuo de parede dupla mant\u00e9m as bebidas geladas frias e quentes. A caneca t\u00e9rmica para caf\u00e9 tem boca de canudo e boca reta para beber.<br \/>\nDesign de boca larga, conveniente para preparar e limpar. Equipada com uma tampa com um anel de veda\u00e7\u00e3o, \u00e9 \u00e0 prova de fugas e mais isolada.<br \/>\nOEM e ODM aceit\u00e1veis.<\/p>","protected":false},"featured_media":15364,"comment_status":"open","ping_status":"closed","template":"","meta":{"_acf_changed":false},"product_brand":[],"product_cat":[46,18],"product_tag":[32,36,33,31,39,38,29,37,34,35,28,51,30],"class_list":{"0":"post-1795","1":"product","2":"type-product","3":"status-publish","4":"has-post-thumbnail","6":"product_cat-cup","7":"product_cat-insulated-water-bottle","8":"product_tag-best","9":"product_tag-bulk","10":"product_tag-buy","11":"product_tag-custom","12":"product_tag-for-sale","13":"product_tag-good-quality","14":"product_tag-manufacturers","15":"product_tag-manufacturing","16":"product_tag-price","17":"product_tag-small","18":"product_tag-suppliers","19":"product_tag-thermal-coffee-mug-with-handle","20":"product_tag-wholesale","22":"first","23":"instock","24":"shipping-taxable","25":"product-type-simple"},"acf":[],"yoast_head":"<!-- This site is optimized with the Yoast SEO Premium plugin v27.4 (Yoast SEO v27.4) - https:\/\/yoast.com\/product\/yoast-seo-premium-wordpress\/ -->\n<title>Thermal Coffee Mug With Handle - Diller Water Bottle Manufacturer<\/title>\n<meta name=\"description\" content=\"As one of the best thermal coffee mug with handle manufacturers and suppliers, we are engaged in manufacturing good quality water bottles. We warmly welcome you to wholesale or buy custom made thermal coffee mug with handle at competitive price from us. Also, small quantity orders are acceptable.\" \/>\n<meta name=\"robots\" content=\"index, follow, max-snippet:-1, max-image-preview:large, max-video-preview:-1\" \/>\n<link rel=\"canonical\" href=\"https:\/\/www.dillerbottle.com\/pt\/produtos\/caneca-de-cafe-termica-com-pega\" \/>\n<meta property=\"og:locale\" content=\"pt_PT\" \/>\n<meta property=\"og:type\" content=\"article\" \/>\n<meta property=\"og:title\" content=\"Thermal Coffee Mug With Handle\" \/>\n<meta property=\"og:description\" content=\"As one of the best thermal coffee mug with handle manufacturers and suppliers, we are engaged in manufacturing good quality water bottles. We warmly welcome you to wholesale or buy custom made thermal coffee mug with handle at competitive price from us. Also, small quantity orders are acceptable.\" \/>\n<meta property=\"og:url\" content=\"https:\/\/www.dillerbottle.com\/pt\/produtos\/caneca-de-cafe-termica-com-pega\" \/>\n<meta property=\"og:site_name\" content=\"Diller Water Bottle Manufacturer\" \/>\n<meta property=\"article:modified_time\" content=\"2025-07-10T08:11:22+00:00\" \/>\n<meta property=\"og:image\" content=\"https:\/\/www.dillerbottle.com\/wp-content\/uploads\/2024\/09\/thermal-coffee-mug-with-handle-2.jpg\" \/>\n\t<meta property=\"og:image:width\" content=\"800\" \/>\n\t<meta property=\"og:image:height\" content=\"800\" \/>\n\t<meta property=\"og:image:type\" content=\"image\/jpeg\" \/>\n<meta name=\"twitter:card\" content=\"summary_large_image\" \/>\n<meta name=\"twitter:label1\" content=\"Tempo estimado de leitura\" \/>\n\t<meta name=\"twitter:data1\" content=\"2 minutos\" \/>\n<script type=\"application\/ld+json\" class=\"yoast-schema-graph\">{\"@context\":\"https:\\\/\\\/schema.org\",\"@graph\":[{\"@type\":\"WebPage\",\"@id\":\"https:\\\/\\\/www.dillerbottle.com\\\/products\\\/thermal-coffee-mug-with-handle\",\"url\":\"https:\\\/\\\/www.dillerbottle.com\\\/products\\\/thermal-coffee-mug-with-handle\",\"name\":\"Thermal Coffee Mug With Handle - Diller Water Bottle Manufacturer\",\"isPartOf\":{\"@id\":\"https:\\\/\\\/www.dillerbottle.com\\\/#website\"},\"primaryImageOfPage\":{\"@id\":\"https:\\\/\\\/www.dillerbottle.com\\\/products\\\/thermal-coffee-mug-with-handle#primaryimage\"},\"image\":{\"@id\":\"https:\\\/\\\/www.dillerbottle.com\\\/products\\\/thermal-coffee-mug-with-handle#primaryimage\"},\"thumbnailUrl\":\"https:\\\/\\\/www.dillerbottle.com\\\/wp-content\\\/uploads\\\/2024\\\/09\\\/thermal-coffee-mug-with-handle-2.jpg\",\"datePublished\":\"2024-09-24T09:42:24+00:00\",\"dateModified\":\"2025-07-10T08:11:22+00:00\",\"description\":\"As one of the best thermal coffee mug with handle manufacturers and suppliers, we are engaged in manufacturing good quality water bottles. We warmly welcome you to wholesale or buy custom made thermal coffee mug with handle at competitive price from us. Also, small quantity orders are acceptable.\",\"breadcrumb\":{\"@id\":\"https:\\\/\\\/www.dillerbottle.com\\\/products\\\/thermal-coffee-mug-with-handle#breadcrumb\"},\"inLanguage\":\"pt-PT\",\"potentialAction\":[{\"@type\":\"ReadAction\",\"target\":[\"https:\\\/\\\/www.dillerbottle.com\\\/products\\\/thermal-coffee-mug-with-handle\"]}]},{\"@type\":\"ImageObject\",\"inLanguage\":\"pt-PT\",\"@id\":\"https:\\\/\\\/www.dillerbottle.com\\\/products\\\/thermal-coffee-mug-with-handle#primaryimage\",\"url\":\"https:\\\/\\\/www.dillerbottle.com\\\/wp-content\\\/uploads\\\/2024\\\/09\\\/thermal-coffee-mug-with-handle-2.jpg\",\"contentUrl\":\"https:\\\/\\\/www.dillerbottle.com\\\/wp-content\\\/uploads\\\/2024\\\/09\\\/thermal-coffee-mug-with-handle-2.jpg\",\"width\":800,\"height\":800},{\"@type\":\"BreadcrumbList\",\"@id\":\"https:\\\/\\\/www.dillerbottle.com\\\/products\\\/thermal-coffee-mug-with-handle#breadcrumb\",\"itemListElement\":[{\"@type\":\"ListItem\",\"position\":1,\"name\":\"Home\",\"item\":\"https:\\\/\\\/www.dillerbottle.com\\\/\"},{\"@type\":\"ListItem\",\"position\":2,\"name\":\"Products\",\"item\":\"https:\\\/\\\/www.dillerbottle.com\\\/shop\"},{\"@type\":\"ListItem\",\"position\":3,\"name\":\"Thermal Coffee Mug With Handle\"}]},{\"@type\":\"WebSite\",\"@id\":\"https:\\\/\\\/www.dillerbottle.com\\\/#website\",\"url\":\"https:\\\/\\\/www.dillerbottle.com\\\/\",\"name\":\"Diller Water Bottle Manufacturer\",\"description\":\"Water Bottle Manufacturer\",\"publisher\":{\"@id\":\"https:\\\/\\\/www.dillerbottle.com\\\/#organization\"},\"potentialAction\":[{\"@type\":\"SearchAction\",\"target\":{\"@type\":\"EntryPoint\",\"urlTemplate\":\"https:\\\/\\\/www.dillerbottle.com\\\/?s={search_term_string}\"},\"query-input\":{\"@type\":\"PropertyValueSpecification\",\"valueRequired\":true,\"valueName\":\"search_term_string\"}}],\"inLanguage\":\"pt-PT\"},{\"@type\":\"Organization\",\"@id\":\"https:\\\/\\\/www.dillerbottle.com\\\/#organization\",\"name\":\"Diller Water Bottle Manufacturer\",\"url\":\"https:\\\/\\\/www.dillerbottle.com\\\/\",\"logo\":{\"@type\":\"ImageObject\",\"inLanguage\":\"pt-PT\",\"@id\":\"https:\\\/\\\/www.dillerbottle.com\\\/#\\\/schema\\\/logo\\\/image\\\/\",\"url\":\"https:\\\/\\\/www.dillerbottle.com\\\/wp-content\\\/uploads\\\/2024\\\/09\\\/49918bfa848dcc1e9f8b509933603ac.png\",\"contentUrl\":\"https:\\\/\\\/www.dillerbottle.com\\\/wp-content\\\/uploads\\\/2024\\\/09\\\/49918bfa848dcc1e9f8b509933603ac.png\",\"width\":988,\"height\":198,\"caption\":\"Diller Water Bottle Manufacturer\"},\"image\":{\"@id\":\"https:\\\/\\\/www.dillerbottle.com\\\/#\\\/schema\\\/logo\\\/image\\\/\"}}]}<\/script>\n<!-- \/ Yoast SEO Premium plugin. -->","yoast_head_json":{"title":"Caneca t\u00e9rmica de caf\u00e9 com pega - Garrafa de \u00e1gua Diller Fabricante","description":"Como um dos melhores fabricantes e fornecedores de caneca t\u00e9rmica de caf\u00e9 com pega, estamos empenhados no fabrico de garrafas de \u00e1gua de boa qualidade. Damos-lhe as boas-vindas por atacado ou comprar uma caneca t\u00e9rmica de caf\u00e9 com pega personalizada a um pre\u00e7o competitivo. Tamb\u00e9m aceitamos encomendas de pequenas quantidades.","robots":{"index":"index","follow":"follow","max-snippet":"max-snippet:-1","max-image-preview":"max-image-preview:large","max-video-preview":"max-video-preview:-1"},"canonical":"https:\/\/www.dillerbottle.com\/pt\/produtos\/caneca-de-cafe-termica-com-pega","og_locale":"pt_PT","og_type":"article","og_title":"Thermal Coffee Mug With Handle","og_description":"As one of the best thermal coffee mug with handle manufacturers and suppliers, we are engaged in manufacturing good quality water bottles. We warmly welcome you to wholesale or buy custom made thermal coffee mug with handle at competitive price from us. Also, small quantity orders are acceptable.","og_url":"https:\/\/www.dillerbottle.com\/pt\/produtos\/caneca-de-cafe-termica-com-pega","og_site_name":"Diller Water Bottle Manufacturer","article_modified_time":"2025-07-10T08:11:22+00:00","og_image":[{"width":800,"height":800,"url":"https:\/\/www.dillerbottle.com\/wp-content\/uploads\/2024\/09\/thermal-coffee-mug-with-handle-2.jpg","type":"image\/jpeg"}],"twitter_card":"summary_large_image","twitter_misc":{"Tempo estimado de leitura":"2 minutos"},"schema":{"@context":"https:\/\/schema.org","@graph":[{"@type":"WebPage","@id":"https:\/\/www.dillerbottle.com\/products\/thermal-coffee-mug-with-handle","url":"https:\/\/www.dillerbottle.com\/products\/thermal-coffee-mug-with-handle","name":"Caneca t\u00e9rmica de caf\u00e9 com pega - Garrafa de \u00e1gua Diller Fabricante","isPartOf":{"@id":"https:\/\/www.dillerbottle.com\/#website"},"primaryImageOfPage":{"@id":"https:\/\/www.dillerbottle.com\/products\/thermal-coffee-mug-with-handle#primaryimage"},"image":{"@id":"https:\/\/www.dillerbottle.com\/products\/thermal-coffee-mug-with-handle#primaryimage"},"thumbnailUrl":"https:\/\/www.dillerbottle.com\/wp-content\/uploads\/2024\/09\/thermal-coffee-mug-with-handle-2.jpg","datePublished":"2024-09-24T09:42:24+00:00","dateModified":"2025-07-10T08:11:22+00:00","description":"Como um dos melhores fabricantes e fornecedores de caneca t\u00e9rmica de caf\u00e9 com pega, estamos empenhados no fabrico de garrafas de \u00e1gua de boa qualidade. Damos-lhe as boas-vindas por atacado ou comprar uma caneca t\u00e9rmica de caf\u00e9 com pega personalizada a um pre\u00e7o competitivo. Tamb\u00e9m aceitamos encomendas de pequenas quantidades.","breadcrumb":{"@id":"https:\/\/www.dillerbottle.com\/products\/thermal-coffee-mug-with-handle#breadcrumb"},"inLanguage":"pt-PT","potentialAction":[{"@type":"ReadAction","target":["https:\/\/www.dillerbottle.com\/products\/thermal-coffee-mug-with-handle"]}]},{"@type":"ImageObject","inLanguage":"pt-PT","@id":"https:\/\/www.dillerbottle.com\/products\/thermal-coffee-mug-with-handle#primaryimage","url":"https:\/\/www.dillerbottle.com\/wp-content\/uploads\/2024\/09\/thermal-coffee-mug-with-handle-2.jpg","contentUrl":"https:\/\/www.dillerbottle.com\/wp-content\/uploads\/2024\/09\/thermal-coffee-mug-with-handle-2.jpg","width":800,"height":800},{"@type":"BreadcrumbList","@id":"https:\/\/www.dillerbottle.com\/products\/thermal-coffee-mug-with-handle#breadcrumb","itemListElement":[{"@type":"ListItem","position":1,"name":"Home","item":"https:\/\/www.dillerbottle.com\/"},{"@type":"ListItem","position":2,"name":"Products","item":"https:\/\/www.dillerbottle.com\/shop"},{"@type":"ListItem","position":3,"name":"Thermal Coffee Mug With Handle"}]},{"@type":"WebSite","@id":"https:\/\/www.dillerbottle.com\/#website","url":"https:\/\/www.dillerbottle.com\/","name":"Garrafa de \u00e1gua Diller Fabricante","description":"Garrafa de \u00e1gua Fabricante","publisher":{"@id":"https:\/\/www.dillerbottle.com\/#organization"},"potentialAction":[{"@type":"SearchAction","target":{"@type":"EntryPoint","urlTemplate":"https:\/\/www.dillerbottle.com\/?s={search_term_string}"},"query-input":{"@type":"PropertyValueSpecification","valueRequired":true,"valueName":"search_term_string"}}],"inLanguage":"pt-PT"},{"@type":"Organization","@id":"https:\/\/www.dillerbottle.com\/#organization","name":"Garrafa de \u00e1gua Diller Fabricante","url":"https:\/\/www.dillerbottle.com\/","logo":{"@type":"ImageObject","inLanguage":"pt-PT","@id":"https:\/\/www.dillerbottle.com\/#\/schema\/logo\/image\/","url":"https:\/\/www.dillerbottle.com\/wp-content\/uploads\/2024\/09\/49918bfa848dcc1e9f8b509933603ac.png","contentUrl":"https:\/\/www.dillerbottle.com\/wp-content\/uploads\/2024\/09\/49918bfa848dcc1e9f8b509933603ac.png","width":988,"height":198,"caption":"Diller Water Bottle Manufacturer"},"image":{"@id":"https:\/\/www.dillerbottle.com\/#\/schema\/logo\/image\/"}}]}},"_links":{"self":[{"href":"https:\/\/www.dillerbottle.com\/pt\/wp-json\/wp\/v2\/product\/1795","targetHints":{"allow":["GET"]}}],"collection":[{"href":"https:\/\/www.dillerbottle.com\/pt\/wp-json\/wp\/v2\/product"}],"about":[{"href":"https:\/\/www.dillerbottle.com\/pt\/wp-json\/wp\/v2\/types\/product"}],"replies":[{"embeddable":true,"href":"https:\/\/www.dillerbottle.com\/pt\/wp-json\/wp\/v2\/comments?post=1795"}],"wp:featuredmedia":[{"embeddable":true,"href":"https:\/\/www.dillerbottle.com\/pt\/wp-json\/wp\/v2\/media\/15364"}],"wp:attachment":[{"href":"https:\/\/www.dillerbottle.com\/pt\/wp-json\/wp\/v2\/media?parent=1795"}],"wp:term":[{"taxonomy":"product_brand","embeddable":true,"href":"https:\/\/www.dillerbottle.com\/pt\/wp-json\/wp\/v2\/product_brand?post=1795"},{"taxonomy":"product_cat","embeddable":true,"href":"https:\/\/www.dillerbottle.com\/pt\/wp-json\/wp\/v2\/product_cat?post=1795"},{"taxonomy":"product_tag","embeddable":true,"href":"https:\/\/www.dillerbottle.com\/pt\/wp-json\/wp\/v2\/product_tag?post=1795"}],"curies":[{"name":"wp","href":"https:\/\/api.w.org\/{rel}","templated":true}]}}