{"id":1818,"date":"2024-09-24T17:42:42","date_gmt":"2024-09-24T09:42:42","guid":{"rendered":"https:\/\/demo.dillerbottle.com\/product\/stainless-steel-coffee-mug"},"modified":"2026-02-27T17:01:04","modified_gmt":"2026-02-27T09:01:04","slug":"caneca-de-cafe-de-aco-inoxidavel","status":"publish","type":"product","link":"https:\/\/www.dillerbottle.com\/pt\/products\/stainless-steel-coffee-mug","title":{"rendered":"Caneca de caf\u00e9 de a\u00e7o inoxid\u00e1vel"},"content":{"rendered":"<p>1. A caneca de caf\u00e9 de a\u00e7o inoxid\u00e1vel \u00e9 feita de a\u00e7o inoxid\u00e1vel leve 304 (18\/8) de qualidade alimentar de alt\u00edssima qualidade.<\/p>\n<p>2. Isolamento a v\u00e1cuo de parede dupla. O copo a v\u00e1cuo bem selado fornece um exterior de copo \u00e0 prova de suor e sem condensa\u00e7\u00e3o, ret\u00e9m o sabor da sua bebida fria por 12 horas e das bebidas quentes por 6 horas.<\/p>\n<p>3. Tampa resistente a derramamento vem com uma junta de silicone para evitar derramamento. Design de boca larga e furo para beber na parte superior para facilitar a lavagem e o gole.<\/p>\n<p>4. A ilustra\u00e7\u00e3o original e fofa de um cachorrinho combinada com um enfeite de osso deixa a garrafa de \u00e1gua mais interessante.<\/p>\n<p>5. O design com parte superior larga e parte inferior estreita \u00e9 adequado para a maioria dos porta-copos de carro.<\/p>\n<p>OEM e ODM aceit\u00e1veis.<br \/>\nPodemos personalizar a caneca de caf\u00e9 de a\u00e7o inoxid\u00e1vel de acordo com suas necessidades.<br \/>\nBem-vindo \u00e0 compra por atacado, envie sua consulta agora!<\/p>","protected":false},"excerpt":{"rendered":"<p>A caneca de caf\u00e9 de a\u00e7o inoxid\u00e1vel \u00e9 feita de a\u00e7o inoxid\u00e1vel leve 304 (18\/8) de qualidade alimentar de alt\u00edssima qualidade.<br \/>\nIsolamento a V\u00e1cuo de Parede Dupla. O copo a v\u00e1cuo bem selado fornece um exterior de copo \u00e0 prova de suor e sem condensa\u00e7\u00e3o, ret\u00e9m o sabor da sua bebida fria por 12 horas e das bebidas quentes por 6 horas.<br \/>\nA tampa resistente a derramamento vem com uma junta de silicone que evita derramamento. Design de boca larga e furo para beber na parte superior para facilitar a lavagem e o gole.<br \/>\nA ilustra\u00e7\u00e3o original de um cachorrinho giro em conjunto com um ornamento de osso torna a garrafa de \u00e1gua mais interessante.<br \/>\nO design com parte superior larga e base estreita \u00e9 adequado para a maioria dos porta-copos de carro.<br \/>\nOEM e ODM aceit\u00e1veis.<\/p>","protected":false},"featured_media":15111,"comment_status":"open","ping_status":"closed","template":"","meta":{"_acf_changed":false},"product_brand":[],"product_cat":[46,18],"product_tag":[52],"class_list":{"0":"post-1818","1":"product","2":"type-product","3":"status-publish","4":"has-post-thumbnail","6":"product_cat-cup","7":"product_cat-insulated-water-bottle","8":"product_tag-stainless-steel-coffee-mug","10":"first","11":"instock","12":"shipping-taxable","13":"product-type-simple"},"acf":[],"yoast_head":"<!-- This site is optimized with the Yoast SEO Premium plugin v27.5 (Yoast SEO v27.5) - https:\/\/yoast.com\/product\/yoast-seo-premium-wordpress\/ -->\n<title>Stainless Steel Coffee Mug - Diller Water Bottle Manufacturer<\/title>\n<meta name=\"description\" content=\"As one of the best stainless steel coffee mug manufacturers and suppliers, we are engaged in manufacturing good quality water bottles. We warmly welcome you to wholesale or buy custom made stainless steel coffee mug at competitive price from us. Also, small quantity orders are acceptable.\" \/>\n<meta name=\"robots\" content=\"index, follow, max-snippet:-1, max-image-preview:large, max-video-preview:-1\" \/>\n<link rel=\"canonical\" href=\"https:\/\/www.dillerbottle.com\/pt\/produtos\/caneca-de-cafe-de-aco-inoxidavel\" \/>\n<meta property=\"og:locale\" content=\"pt_PT\" \/>\n<meta property=\"og:type\" content=\"article\" \/>\n<meta property=\"og:title\" content=\"Stainless Steel Coffee Mug\" \/>\n<meta property=\"og:description\" content=\"As one of the best stainless steel coffee mug manufacturers and suppliers, we are engaged in manufacturing good quality water bottles. We warmly welcome you to wholesale or buy custom made stainless steel coffee mug at competitive price from us. Also, small quantity orders are acceptable.\" \/>\n<meta property=\"og:url\" content=\"https:\/\/www.dillerbottle.com\/pt\/produtos\/caneca-de-cafe-de-aco-inoxidavel\" \/>\n<meta property=\"og:site_name\" content=\"Diller Water Bottle Manufacturer\" \/>\n<meta property=\"article:modified_time\" content=\"2026-02-27T09:01:04+00:00\" \/>\n<meta property=\"og:image\" content=\"https:\/\/www.dillerbottle.com\/wp-content\/uploads\/2024\/09\/stainless-steel-coffee-mug.jpg\" \/>\n\t<meta property=\"og:image:width\" content=\"800\" \/>\n\t<meta property=\"og:image:height\" content=\"800\" \/>\n\t<meta property=\"og:image:type\" content=\"image\/jpeg\" \/>\n<meta name=\"twitter:card\" content=\"summary_large_image\" \/>\n<meta name=\"twitter:label1\" content=\"Tempo estimado de leitura\" \/>\n\t<meta name=\"twitter:data1\" content=\"3 minutos\" \/>\n<script type=\"application\/ld+json\" class=\"yoast-schema-graph\">{\"@context\":\"https:\\\/\\\/schema.org\",\"@graph\":[{\"@type\":\"WebPage\",\"@id\":\"https:\\\/\\\/www.dillerbottle.com\\\/products\\\/stainless-steel-coffee-mug\",\"url\":\"https:\\\/\\\/www.dillerbottle.com\\\/products\\\/stainless-steel-coffee-mug\",\"name\":\"Stainless Steel Coffee Mug - Diller Water Bottle Manufacturer\",\"isPartOf\":{\"@id\":\"https:\\\/\\\/www.dillerbottle.com\\\/#website\"},\"primaryImageOfPage\":{\"@id\":\"https:\\\/\\\/www.dillerbottle.com\\\/products\\\/stainless-steel-coffee-mug#primaryimage\"},\"image\":{\"@id\":\"https:\\\/\\\/www.dillerbottle.com\\\/products\\\/stainless-steel-coffee-mug#primaryimage\"},\"thumbnailUrl\":\"https:\\\/\\\/www.dillerbottle.com\\\/wp-content\\\/uploads\\\/2024\\\/09\\\/stainless-steel-coffee-mug.jpg\",\"datePublished\":\"2024-09-24T09:42:42+00:00\",\"dateModified\":\"2026-02-27T09:01:04+00:00\",\"description\":\"As one of the best stainless steel coffee mug manufacturers and suppliers, we are engaged in manufacturing good quality water bottles. We warmly welcome you to wholesale or buy custom made stainless steel coffee mug at competitive price from us. Also, small quantity orders are acceptable.\",\"breadcrumb\":{\"@id\":\"https:\\\/\\\/www.dillerbottle.com\\\/products\\\/stainless-steel-coffee-mug#breadcrumb\"},\"inLanguage\":\"pt-PT\",\"potentialAction\":[{\"@type\":\"ReadAction\",\"target\":[\"https:\\\/\\\/www.dillerbottle.com\\\/products\\\/stainless-steel-coffee-mug\"]}]},{\"@type\":\"ImageObject\",\"inLanguage\":\"pt-PT\",\"@id\":\"https:\\\/\\\/www.dillerbottle.com\\\/products\\\/stainless-steel-coffee-mug#primaryimage\",\"url\":\"https:\\\/\\\/www.dillerbottle.com\\\/wp-content\\\/uploads\\\/2024\\\/09\\\/stainless-steel-coffee-mug.jpg\",\"contentUrl\":\"https:\\\/\\\/www.dillerbottle.com\\\/wp-content\\\/uploads\\\/2024\\\/09\\\/stainless-steel-coffee-mug.jpg\",\"width\":800,\"height\":800},{\"@type\":\"BreadcrumbList\",\"@id\":\"https:\\\/\\\/www.dillerbottle.com\\\/products\\\/stainless-steel-coffee-mug#breadcrumb\",\"itemListElement\":[{\"@type\":\"ListItem\",\"position\":1,\"name\":\"Home\",\"item\":\"https:\\\/\\\/www.dillerbottle.com\\\/\"},{\"@type\":\"ListItem\",\"position\":2,\"name\":\"Products\",\"item\":\"https:\\\/\\\/www.dillerbottle.com\\\/shop\"},{\"@type\":\"ListItem\",\"position\":3,\"name\":\"Stainless Steel Coffee Mug\"}]},{\"@type\":\"WebSite\",\"@id\":\"https:\\\/\\\/www.dillerbottle.com\\\/#website\",\"url\":\"https:\\\/\\\/www.dillerbottle.com\\\/\",\"name\":\"Diller Water Bottle Manufacturer\",\"description\":\"Water Bottle Manufacturer\",\"publisher\":{\"@id\":\"https:\\\/\\\/www.dillerbottle.com\\\/#organization\"},\"potentialAction\":[{\"@type\":\"SearchAction\",\"target\":{\"@type\":\"EntryPoint\",\"urlTemplate\":\"https:\\\/\\\/www.dillerbottle.com\\\/?s={search_term_string}\"},\"query-input\":{\"@type\":\"PropertyValueSpecification\",\"valueRequired\":true,\"valueName\":\"search_term_string\"}}],\"inLanguage\":\"pt-PT\"},{\"@type\":\"Organization\",\"@id\":\"https:\\\/\\\/www.dillerbottle.com\\\/#organization\",\"name\":\"Diller Water Bottle Manufacturer\",\"url\":\"https:\\\/\\\/www.dillerbottle.com\\\/\",\"logo\":{\"@type\":\"ImageObject\",\"inLanguage\":\"pt-PT\",\"@id\":\"https:\\\/\\\/www.dillerbottle.com\\\/#\\\/schema\\\/logo\\\/image\\\/\",\"url\":\"https:\\\/\\\/www.dillerbottle.com\\\/wp-content\\\/uploads\\\/2024\\\/09\\\/49918bfa848dcc1e9f8b509933603ac.png\",\"contentUrl\":\"https:\\\/\\\/www.dillerbottle.com\\\/wp-content\\\/uploads\\\/2024\\\/09\\\/49918bfa848dcc1e9f8b509933603ac.png\",\"width\":988,\"height\":198,\"caption\":\"Diller Water Bottle Manufacturer\"},\"image\":{\"@id\":\"https:\\\/\\\/www.dillerbottle.com\\\/#\\\/schema\\\/logo\\\/image\\\/\"}}]}<\/script>\n<!-- \/ Yoast SEO Premium plugin. -->","yoast_head_json":{"title":"Caneca de caf\u00e9 de a\u00e7o inoxid\u00e1vel - Fabricante de garrafas de \u00e1gua Diller","description":"Como um dos melhores fabricantes e fornecedores de canecas de caf\u00e9 de a\u00e7o inoxid\u00e1vel, estamos engajados na fabrica\u00e7\u00e3o de garrafas de \u00e1gua de boa qualidade. N\u00f3s calorosamente convidamos voc\u00ea a vender no atacado ou comprar canecas de caf\u00e9 de a\u00e7o inoxid\u00e1vel personalizadas a pre\u00e7os competitivos conosco. Al\u00e9m disso, pedidos de pequenas quantidades s\u00e3o aceit\u00e1veis.","robots":{"index":"index","follow":"follow","max-snippet":"max-snippet:-1","max-image-preview":"max-image-preview:large","max-video-preview":"max-video-preview:-1"},"canonical":"https:\/\/www.dillerbottle.com\/pt\/produtos\/caneca-de-cafe-de-aco-inoxidavel","og_locale":"pt_PT","og_type":"article","og_title":"Stainless Steel Coffee Mug","og_description":"As one of the best stainless steel coffee mug manufacturers and suppliers, we are engaged in manufacturing good quality water bottles. We warmly welcome you to wholesale or buy custom made stainless steel coffee mug at competitive price from us. Also, small quantity orders are acceptable.","og_url":"https:\/\/www.dillerbottle.com\/pt\/produtos\/caneca-de-cafe-de-aco-inoxidavel","og_site_name":"Diller Water Bottle Manufacturer","article_modified_time":"2026-02-27T09:01:04+00:00","og_image":[{"width":800,"height":800,"url":"https:\/\/www.dillerbottle.com\/wp-content\/uploads\/2024\/09\/stainless-steel-coffee-mug.jpg","type":"image\/jpeg"}],"twitter_card":"summary_large_image","twitter_misc":{"Tempo estimado de leitura":"3 minutos"},"schema":{"@context":"https:\/\/schema.org","@graph":[{"@type":"WebPage","@id":"https:\/\/www.dillerbottle.com\/products\/stainless-steel-coffee-mug","url":"https:\/\/www.dillerbottle.com\/products\/stainless-steel-coffee-mug","name":"Caneca de caf\u00e9 de a\u00e7o inoxid\u00e1vel - Fabricante de garrafas de \u00e1gua Diller","isPartOf":{"@id":"https:\/\/www.dillerbottle.com\/#website"},"primaryImageOfPage":{"@id":"https:\/\/www.dillerbottle.com\/products\/stainless-steel-coffee-mug#primaryimage"},"image":{"@id":"https:\/\/www.dillerbottle.com\/products\/stainless-steel-coffee-mug#primaryimage"},"thumbnailUrl":"https:\/\/www.dillerbottle.com\/wp-content\/uploads\/2024\/09\/stainless-steel-coffee-mug.jpg","datePublished":"2024-09-24T09:42:42+00:00","dateModified":"2026-02-27T09:01:04+00:00","description":"Como um dos melhores fabricantes e fornecedores de canecas de caf\u00e9 de a\u00e7o inoxid\u00e1vel, estamos engajados na fabrica\u00e7\u00e3o de garrafas de \u00e1gua de boa qualidade. N\u00f3s calorosamente convidamos voc\u00ea a vender no atacado ou comprar canecas de caf\u00e9 de a\u00e7o inoxid\u00e1vel personalizadas a pre\u00e7os competitivos conosco. Al\u00e9m disso, pedidos de pequenas quantidades s\u00e3o aceit\u00e1veis.","breadcrumb":{"@id":"https:\/\/www.dillerbottle.com\/products\/stainless-steel-coffee-mug#breadcrumb"},"inLanguage":"pt-PT","potentialAction":[{"@type":"ReadAction","target":["https:\/\/www.dillerbottle.com\/products\/stainless-steel-coffee-mug"]}]},{"@type":"ImageObject","inLanguage":"pt-PT","@id":"https:\/\/www.dillerbottle.com\/products\/stainless-steel-coffee-mug#primaryimage","url":"https:\/\/www.dillerbottle.com\/wp-content\/uploads\/2024\/09\/stainless-steel-coffee-mug.jpg","contentUrl":"https:\/\/www.dillerbottle.com\/wp-content\/uploads\/2024\/09\/stainless-steel-coffee-mug.jpg","width":800,"height":800},{"@type":"BreadcrumbList","@id":"https:\/\/www.dillerbottle.com\/products\/stainless-steel-coffee-mug#breadcrumb","itemListElement":[{"@type":"ListItem","position":1,"name":"Home","item":"https:\/\/www.dillerbottle.com\/"},{"@type":"ListItem","position":2,"name":"Products","item":"https:\/\/www.dillerbottle.com\/shop"},{"@type":"ListItem","position":3,"name":"Stainless Steel Coffee Mug"}]},{"@type":"WebSite","@id":"https:\/\/www.dillerbottle.com\/#website","url":"https:\/\/www.dillerbottle.com\/","name":"Garrafa de \u00e1gua Diller Fabricante","description":"Garrafa de \u00e1gua Fabricante","publisher":{"@id":"https:\/\/www.dillerbottle.com\/#organization"},"potentialAction":[{"@type":"SearchAction","target":{"@type":"EntryPoint","urlTemplate":"https:\/\/www.dillerbottle.com\/?s={search_term_string}"},"query-input":{"@type":"PropertyValueSpecification","valueRequired":true,"valueName":"search_term_string"}}],"inLanguage":"pt-PT"},{"@type":"Organization","@id":"https:\/\/www.dillerbottle.com\/#organization","name":"Garrafa de \u00e1gua Diller Fabricante","url":"https:\/\/www.dillerbottle.com\/","logo":{"@type":"ImageObject","inLanguage":"pt-PT","@id":"https:\/\/www.dillerbottle.com\/#\/schema\/logo\/image\/","url":"https:\/\/www.dillerbottle.com\/wp-content\/uploads\/2024\/09\/49918bfa848dcc1e9f8b509933603ac.png","contentUrl":"https:\/\/www.dillerbottle.com\/wp-content\/uploads\/2024\/09\/49918bfa848dcc1e9f8b509933603ac.png","width":988,"height":198,"caption":"Diller Water Bottle Manufacturer"},"image":{"@id":"https:\/\/www.dillerbottle.com\/#\/schema\/logo\/image\/"}}]}},"_links":{"self":[{"href":"https:\/\/www.dillerbottle.com\/pt\/wp-json\/wp\/v2\/product\/1818","targetHints":{"allow":["GET"]}}],"collection":[{"href":"https:\/\/www.dillerbottle.com\/pt\/wp-json\/wp\/v2\/product"}],"about":[{"href":"https:\/\/www.dillerbottle.com\/pt\/wp-json\/wp\/v2\/types\/product"}],"replies":[{"embeddable":true,"href":"https:\/\/www.dillerbottle.com\/pt\/wp-json\/wp\/v2\/comments?post=1818"}],"wp:featuredmedia":[{"embeddable":true,"href":"https:\/\/www.dillerbottle.com\/pt\/wp-json\/wp\/v2\/media\/15111"}],"wp:attachment":[{"href":"https:\/\/www.dillerbottle.com\/pt\/wp-json\/wp\/v2\/media?parent=1818"}],"wp:term":[{"taxonomy":"product_brand","embeddable":true,"href":"https:\/\/www.dillerbottle.com\/pt\/wp-json\/wp\/v2\/product_brand?post=1818"},{"taxonomy":"product_cat","embeddable":true,"href":"https:\/\/www.dillerbottle.com\/pt\/wp-json\/wp\/v2\/product_cat?post=1818"},{"taxonomy":"product_tag","embeddable":true,"href":"https:\/\/www.dillerbottle.com\/pt\/wp-json\/wp\/v2\/product_tag?post=1818"}],"curies":[{"name":"wp","href":"https:\/\/api.w.org\/{rel}","templated":true}]}}