{"id":2821,"date":"2024-09-26T09:39:14","date_gmt":"2024-09-26T01:39:14","guid":{"rendered":"https:\/\/demo.dillerbottle.com\/uncategorized\/rabbit-tulip-thermal-food-jar"},"modified":"2025-07-10T15:40:13","modified_gmt":"2025-07-10T07:40:13","slug":"pote-termico-para-comida-tulipa-coelho","status":"publish","type":"product","link":"https:\/\/www.dillerbottle.com\/pt\/products\/rabbit-tulip-thermal-food-jar","title":{"rendered":"Pote t\u00e9rmico para comida de coelho tulipa"},"content":{"rendered":"<p>Caracter\u00edsticas:<br \/>\n1. O pote t\u00e9rmico de comida de tulipa de coelho \u00e9 feito de a\u00e7o inoxid\u00e1vel 316 de grau aliment\u00edcio e materiais de grau aliment\u00edcio, que \u00e9 seguro, n\u00e3o t\u00f3xico, resistente \u00e0 corros\u00e3o e altamente dur\u00e1vel. Pode manter a temperatura e o frescor dos alimentos por muito tempo.<\/p>\n<p>2. A rolha da garrafa \u00e9 equipada com uma colher dobr\u00e1vel de a\u00e7o inoxid\u00e1vel, que \u00e9 f\u00e1cil de transportar e n\u00e3o ocupa espa\u00e7o.; O pote t\u00e9rmico para alimentos em forma de tulipa de coelho \u00e9 leve e f\u00e1cil de transportar, adequado para atividades ao ar livre, viagens, piqueniques e outras ocasi\u00f5es.<\/p>\n<p>3. A tampa de um pote de comida pode ser usada como uma tigela pequena para guardar comida. A boca larga da garrafa facilita colocar e despejar comida, e tamb\u00e9m \u00e9 mais conveniente para limpar ap\u00f3s o uso.<\/p>","protected":false},"excerpt":{"rendered":"<p>Este pote t\u00e9rmico para comida em forma de tulipa de coelho \u00e9 feito de a\u00e7o inoxid\u00e1vel 316 dur\u00e1vel e materiais de qualidade alimentar.<br \/>\nEste recipiente t\u00e9rmico de a\u00e7o inoxid\u00e1vel pode manter os alimentos quentes por at\u00e9 12 horas e gelados por at\u00e9 18 horas.<br \/>\nO pote de comida tem uma colher dobr\u00e1vel, o que \u00e9 pr\u00e1tico e n\u00e3o ocupa espa\u00e7o.<br \/>\nA tampa pode ser usada como uma tigela pequena.<br \/>\nAceite logotipo e padr\u00e3o personalizados.<br \/>\nPodemos personalizar o recipiente para alimentos de acordo com suas necessidades.<\/p>","protected":false},"featured_media":2822,"comment_status":"open","ping_status":"closed","template":"","meta":{"_acf_changed":false},"product_brand":[],"product_cat":[108],"product_tag":[32,36,33,31,124,127,39,38,143,29,37,34,142,35,137,123,28,144,30],"class_list":{"0":"post-2821","1":"product","2":"type-product","3":"status-publish","4":"has-post-thumbnail","6":"product_cat-insulated-food-jar","7":"product_tag-best","8":"product_tag-bulk","9":"product_tag-buy","10":"product_tag-custom","11":"product_tag-food-flask-for-children","12":"product_tag-food-thermal-box","13":"product_tag-for-sale","14":"product_tag-good-quality","15":"product_tag-hot-food-thermal","16":"product_tag-manufacturers","17":"product_tag-manufacturing","18":"product_tag-price","19":"product_tag-rabbit-tulip-thermal-food-jar","20":"product_tag-small","21":"product_tag-stainless-steel-food-container-thermal","22":"product_tag-stainless-steel-food-thermal-storage","23":"product_tag-suppliers","24":"product_tag-thermal-food-container","25":"product_tag-wholesale","27":"first","28":"instock","29":"shipping-taxable","30":"product-type-simple"},"acf":[],"yoast_head":"<!-- This site is optimized with the Yoast SEO Premium plugin v27.5 (Yoast SEO v27.5) - https:\/\/yoast.com\/product\/yoast-seo-premium-wordpress\/ -->\n<title>Rabbit Tulip Thermal Food Jar - Diller Water Bottle Manufacturer<\/title>\n<meta name=\"description\" content=\"As one of the best rabbit tulip thermal food jar manufacturers and suppliers, we are engaged in manufacturing good quality water bottles. We warmly welcome you to wholesale or buy custom made rabbit tulip thermal food jar at competitive price from us. Also, small quantity orders are acceptable.\" \/>\n<meta name=\"robots\" content=\"index, follow, max-snippet:-1, max-image-preview:large, max-video-preview:-1\" \/>\n<link rel=\"canonical\" href=\"https:\/\/www.dillerbottle.com\/pt\/produtos\/pote-termico-para-comida-tulipa-coelho\" \/>\n<meta property=\"og:locale\" content=\"pt_PT\" \/>\n<meta property=\"og:type\" content=\"article\" \/>\n<meta property=\"og:title\" content=\"Rabbit Tulip Thermal Food Jar\" \/>\n<meta property=\"og:description\" content=\"As one of the best rabbit tulip thermal food jar manufacturers and suppliers, we are engaged in manufacturing good quality water bottles. We warmly welcome you to wholesale or buy custom made rabbit tulip thermal food jar at competitive price from us. Also, small quantity orders are acceptable.\" \/>\n<meta property=\"og:url\" content=\"https:\/\/www.dillerbottle.com\/pt\/produtos\/pote-termico-para-comida-tulipa-coelho\" \/>\n<meta property=\"og:site_name\" content=\"Diller Water Bottle Manufacturer\" \/>\n<meta property=\"article:modified_time\" content=\"2025-07-10T07:40:13+00:00\" \/>\n<meta property=\"og:image\" content=\"https:\/\/www.dillerbottle.com\/wp-content\/uploads\/2024\/09\/rabbit-tulip-thermal-food-jar59a77c25-28ee-418a-98ba-2e14dcf3bcd6.jpg\" \/>\n\t<meta property=\"og:image:width\" content=\"730\" \/>\n\t<meta property=\"og:image:height\" content=\"730\" \/>\n\t<meta property=\"og:image:type\" content=\"image\/jpeg\" \/>\n<meta name=\"twitter:card\" content=\"summary_large_image\" \/>\n<meta name=\"twitter:label1\" content=\"Tempo estimado de leitura\" \/>\n\t<meta name=\"twitter:data1\" content=\"6 minutos\" \/>\n<script type=\"application\/ld+json\" class=\"yoast-schema-graph\">{\"@context\":\"https:\\\/\\\/schema.org\",\"@graph\":[{\"@type\":\"WebPage\",\"@id\":\"https:\\\/\\\/www.dillerbottle.com\\\/ru\\\/%d0%bf%d1%80%d0%be%d0%b4%d1%83%d0%ba%d1%82%d1%8b\\\/%d0%ba%d1%80%d0%be%d0%bb%d0%b8%d0%ba-%d1%82%d1%8e%d0%bb%d1%8c%d0%bf%d0%b0%d0%bd-%d1%82%d0%b5%d1%80%d0%bc%d0%be%d0%ba%d0%be%d0%bd%d1%82%d0%b5%d0%b9%d0%bd%d0%b5%d1%80-%d0%b4%d0%bb%d1%8f-%d0%b5%d0%b4\",\"url\":\"https:\\\/\\\/www.dillerbottle.com\\\/ru\\\/%d0%bf%d1%80%d0%be%d0%b4%d1%83%d0%ba%d1%82%d1%8b\\\/%d0%ba%d1%80%d0%be%d0%bb%d0%b8%d0%ba-%d1%82%d1%8e%d0%bb%d1%8c%d0%bf%d0%b0%d0%bd-%d1%82%d0%b5%d1%80%d0%bc%d0%be%d0%ba%d0%be%d0%bd%d1%82%d0%b5%d0%b9%d0%bd%d0%b5%d1%80-%d0%b4%d0%bb%d1%8f-%d0%b5%d0%b4\",\"name\":\"Rabbit Tulip Thermal Food Jar - Diller Water Bottle Manufacturer\",\"isPartOf\":{\"@id\":\"https:\\\/\\\/www.dillerbottle.com\\\/#website\"},\"primaryImageOfPage\":{\"@id\":\"https:\\\/\\\/www.dillerbottle.com\\\/ru\\\/%d0%bf%d1%80%d0%be%d0%b4%d1%83%d0%ba%d1%82%d1%8b\\\/%d0%ba%d1%80%d0%be%d0%bb%d0%b8%d0%ba-%d1%82%d1%8e%d0%bb%d1%8c%d0%bf%d0%b0%d0%bd-%d1%82%d0%b5%d1%80%d0%bc%d0%be%d0%ba%d0%be%d0%bd%d1%82%d0%b5%d0%b9%d0%bd%d0%b5%d1%80-%d0%b4%d0%bb%d1%8f-%d0%b5%d0%b4#primaryimage\"},\"image\":{\"@id\":\"https:\\\/\\\/www.dillerbottle.com\\\/ru\\\/%d0%bf%d1%80%d0%be%d0%b4%d1%83%d0%ba%d1%82%d1%8b\\\/%d0%ba%d1%80%d0%be%d0%bb%d0%b8%d0%ba-%d1%82%d1%8e%d0%bb%d1%8c%d0%bf%d0%b0%d0%bd-%d1%82%d0%b5%d1%80%d0%bc%d0%be%d0%ba%d0%be%d0%bd%d1%82%d0%b5%d0%b9%d0%bd%d0%b5%d1%80-%d0%b4%d0%bb%d1%8f-%d0%b5%d0%b4#primaryimage\"},\"thumbnailUrl\":\"https:\\\/\\\/www.dillerbottle.com\\\/wp-content\\\/uploads\\\/2024\\\/09\\\/rabbit-tulip-thermal-food-jar59a77c25-28ee-418a-98ba-2e14dcf3bcd6.jpg\",\"datePublished\":\"2024-09-26T01:39:14+00:00\",\"dateModified\":\"2025-07-10T07:40:13+00:00\",\"description\":\"As one of the best rabbit tulip thermal food jar manufacturers and suppliers, we are engaged in manufacturing good quality water bottles. We warmly welcome you to wholesale or buy custom made rabbit tulip thermal food jar at competitive price from us. Also, small quantity orders are acceptable.\",\"breadcrumb\":{\"@id\":\"https:\\\/\\\/www.dillerbottle.com\\\/ru\\\/%d0%bf%d1%80%d0%be%d0%b4%d1%83%d0%ba%d1%82%d1%8b\\\/%d0%ba%d1%80%d0%be%d0%bb%d0%b8%d0%ba-%d1%82%d1%8e%d0%bb%d1%8c%d0%bf%d0%b0%d0%bd-%d1%82%d0%b5%d1%80%d0%bc%d0%be%d0%ba%d0%be%d0%bd%d1%82%d0%b5%d0%b9%d0%bd%d0%b5%d1%80-%d0%b4%d0%bb%d1%8f-%d0%b5%d0%b4#breadcrumb\"},\"inLanguage\":\"pt-PT\",\"potentialAction\":[{\"@type\":\"ReadAction\",\"target\":[\"https:\\\/\\\/www.dillerbottle.com\\\/ru\\\/%d0%bf%d1%80%d0%be%d0%b4%d1%83%d0%ba%d1%82%d1%8b\\\/%d0%ba%d1%80%d0%be%d0%bb%d0%b8%d0%ba-%d1%82%d1%8e%d0%bb%d1%8c%d0%bf%d0%b0%d0%bd-%d1%82%d0%b5%d1%80%d0%bc%d0%be%d0%ba%d0%be%d0%bd%d1%82%d0%b5%d0%b9%d0%bd%d0%b5%d1%80-%d0%b4%d0%bb%d1%8f-%d0%b5%d0%b4\"]}]},{\"@type\":\"ImageObject\",\"inLanguage\":\"pt-PT\",\"@id\":\"https:\\\/\\\/www.dillerbottle.com\\\/ru\\\/%d0%bf%d1%80%d0%be%d0%b4%d1%83%d0%ba%d1%82%d1%8b\\\/%d0%ba%d1%80%d0%be%d0%bb%d0%b8%d0%ba-%d1%82%d1%8e%d0%bb%d1%8c%d0%bf%d0%b0%d0%bd-%d1%82%d0%b5%d1%80%d0%bc%d0%be%d0%ba%d0%be%d0%bd%d1%82%d0%b5%d0%b9%d0%bd%d0%b5%d1%80-%d0%b4%d0%bb%d1%8f-%d0%b5%d0%b4#primaryimage\",\"url\":\"https:\\\/\\\/www.dillerbottle.com\\\/wp-content\\\/uploads\\\/2024\\\/09\\\/rabbit-tulip-thermal-food-jar59a77c25-28ee-418a-98ba-2e14dcf3bcd6.jpg\",\"contentUrl\":\"https:\\\/\\\/www.dillerbottle.com\\\/wp-content\\\/uploads\\\/2024\\\/09\\\/rabbit-tulip-thermal-food-jar59a77c25-28ee-418a-98ba-2e14dcf3bcd6.jpg\",\"width\":730,\"height\":730},{\"@type\":\"BreadcrumbList\",\"@id\":\"https:\\\/\\\/www.dillerbottle.com\\\/ru\\\/%d0%bf%d1%80%d0%be%d0%b4%d1%83%d0%ba%d1%82%d1%8b\\\/%d0%ba%d1%80%d0%be%d0%bb%d0%b8%d0%ba-%d1%82%d1%8e%d0%bb%d1%8c%d0%bf%d0%b0%d0%bd-%d1%82%d0%b5%d1%80%d0%bc%d0%be%d0%ba%d0%be%d0%bd%d1%82%d0%b5%d0%b9%d0%bd%d0%b5%d1%80-%d0%b4%d0%bb%d1%8f-%d0%b5%d0%b4#breadcrumb\",\"itemListElement\":[{\"@type\":\"ListItem\",\"position\":1,\"name\":\"Home\",\"item\":\"https:\\\/\\\/www.dillerbottle.com\\\/\"},{\"@type\":\"ListItem\",\"position\":2,\"name\":\"Products\",\"item\":\"https:\\\/\\\/www.dillerbottle.com\\\/shop\"},{\"@type\":\"ListItem\",\"position\":3,\"name\":\"Rabbit Tulip Thermal Food Jar\"}]},{\"@type\":\"WebSite\",\"@id\":\"https:\\\/\\\/www.dillerbottle.com\\\/#website\",\"url\":\"https:\\\/\\\/www.dillerbottle.com\\\/\",\"name\":\"Diller Water Bottle Manufacturer\",\"description\":\"Water Bottle Manufacturer\",\"publisher\":{\"@id\":\"https:\\\/\\\/www.dillerbottle.com\\\/#organization\"},\"potentialAction\":[{\"@type\":\"SearchAction\",\"target\":{\"@type\":\"EntryPoint\",\"urlTemplate\":\"https:\\\/\\\/www.dillerbottle.com\\\/?s={search_term_string}\"},\"query-input\":{\"@type\":\"PropertyValueSpecification\",\"valueRequired\":true,\"valueName\":\"search_term_string\"}}],\"inLanguage\":\"pt-PT\"},{\"@type\":\"Organization\",\"@id\":\"https:\\\/\\\/www.dillerbottle.com\\\/#organization\",\"name\":\"Diller Water Bottle Manufacturer\",\"url\":\"https:\\\/\\\/www.dillerbottle.com\\\/\",\"logo\":{\"@type\":\"ImageObject\",\"inLanguage\":\"pt-PT\",\"@id\":\"https:\\\/\\\/www.dillerbottle.com\\\/#\\\/schema\\\/logo\\\/image\\\/\",\"url\":\"https:\\\/\\\/www.dillerbottle.com\\\/wp-content\\\/uploads\\\/2024\\\/09\\\/49918bfa848dcc1e9f8b509933603ac.png\",\"contentUrl\":\"https:\\\/\\\/www.dillerbottle.com\\\/wp-content\\\/uploads\\\/2024\\\/09\\\/49918bfa848dcc1e9f8b509933603ac.png\",\"width\":988,\"height\":198,\"caption\":\"Diller Water Bottle Manufacturer\"},\"image\":{\"@id\":\"https:\\\/\\\/www.dillerbottle.com\\\/#\\\/schema\\\/logo\\\/image\\\/\"}}]}<\/script>\n<!-- \/ Yoast SEO Premium plugin. -->","yoast_head_json":{"title":"Pote t\u00e9rmico para comida de coelho Tulip - Fabricante de garrafas de \u00e1gua Diller","description":"Como um dos melhores fabricantes e fornecedores de potes t\u00e9rmicos para comida de tulipa de coelho, estamos engajados na fabrica\u00e7\u00e3o de garrafas de \u00e1gua de boa qualidade. N\u00f3s calorosamente convidamos voc\u00ea a vender no atacado ou comprar potes t\u00e9rmicos para comida de tulipa de coelho feitos sob medida a um pre\u00e7o competitivo conosco. Al\u00e9m disso, pedidos de pequenas quantidades s\u00e3o aceit\u00e1veis.","robots":{"index":"index","follow":"follow","max-snippet":"max-snippet:-1","max-image-preview":"max-image-preview:large","max-video-preview":"max-video-preview:-1"},"canonical":"https:\/\/www.dillerbottle.com\/pt\/produtos\/pote-termico-para-comida-tulipa-coelho","og_locale":"pt_PT","og_type":"article","og_title":"Rabbit Tulip Thermal Food Jar","og_description":"As one of the best rabbit tulip thermal food jar manufacturers and suppliers, we are engaged in manufacturing good quality water bottles. We warmly welcome you to wholesale or buy custom made rabbit tulip thermal food jar at competitive price from us. Also, small quantity orders are acceptable.","og_url":"https:\/\/www.dillerbottle.com\/pt\/produtos\/pote-termico-para-comida-tulipa-coelho","og_site_name":"Diller Water Bottle Manufacturer","article_modified_time":"2025-07-10T07:40:13+00:00","og_image":[{"width":730,"height":730,"url":"https:\/\/www.dillerbottle.com\/wp-content\/uploads\/2024\/09\/rabbit-tulip-thermal-food-jar59a77c25-28ee-418a-98ba-2e14dcf3bcd6.jpg","type":"image\/jpeg"}],"twitter_card":"summary_large_image","twitter_misc":{"Tempo estimado de leitura":"6 minutos"},"schema":{"@context":"https:\/\/schema.org","@graph":[{"@type":"WebPage","@id":"https:\/\/www.dillerbottle.com\/ru\/%d0%bf%d1%80%d0%be%d0%b4%d1%83%d0%ba%d1%82%d1%8b\/%d0%ba%d1%80%d0%be%d0%bb%d0%b8%d0%ba-%d1%82%d1%8e%d0%bb%d1%8c%d0%bf%d0%b0%d0%bd-%d1%82%d0%b5%d1%80%d0%bc%d0%be%d0%ba%d0%be%d0%bd%d1%82%d0%b5%d0%b9%d0%bd%d0%b5%d1%80-%d0%b4%d0%bb%d1%8f-%d0%b5%d0%b4","url":"https:\/\/www.dillerbottle.com\/ru\/%d0%bf%d1%80%d0%be%d0%b4%d1%83%d0%ba%d1%82%d1%8b\/%d0%ba%d1%80%d0%be%d0%bb%d0%b8%d0%ba-%d1%82%d1%8e%d0%bb%d1%8c%d0%bf%d0%b0%d0%bd-%d1%82%d0%b5%d1%80%d0%bc%d0%be%d0%ba%d0%be%d0%bd%d1%82%d0%b5%d0%b9%d0%bd%d0%b5%d1%80-%d0%b4%d0%bb%d1%8f-%d0%b5%d0%b4","name":"Pote t\u00e9rmico para comida de coelho Tulip - Fabricante de garrafas de \u00e1gua Diller","isPartOf":{"@id":"https:\/\/www.dillerbottle.com\/#website"},"primaryImageOfPage":{"@id":"https:\/\/www.dillerbottle.com\/ru\/%d0%bf%d1%80%d0%be%d0%b4%d1%83%d0%ba%d1%82%d1%8b\/%d0%ba%d1%80%d0%be%d0%bb%d0%b8%d0%ba-%d1%82%d1%8e%d0%bb%d1%8c%d0%bf%d0%b0%d0%bd-%d1%82%d0%b5%d1%80%d0%bc%d0%be%d0%ba%d0%be%d0%bd%d1%82%d0%b5%d0%b9%d0%bd%d0%b5%d1%80-%d0%b4%d0%bb%d1%8f-%d0%b5%d0%b4#primaryimage"},"image":{"@id":"https:\/\/www.dillerbottle.com\/ru\/%d0%bf%d1%80%d0%be%d0%b4%d1%83%d0%ba%d1%82%d1%8b\/%d0%ba%d1%80%d0%be%d0%bb%d0%b8%d0%ba-%d1%82%d1%8e%d0%bb%d1%8c%d0%bf%d0%b0%d0%bd-%d1%82%d0%b5%d1%80%d0%bc%d0%be%d0%ba%d0%be%d0%bd%d1%82%d0%b5%d0%b9%d0%bd%d0%b5%d1%80-%d0%b4%d0%bb%d1%8f-%d0%b5%d0%b4#primaryimage"},"thumbnailUrl":"https:\/\/www.dillerbottle.com\/wp-content\/uploads\/2024\/09\/rabbit-tulip-thermal-food-jar59a77c25-28ee-418a-98ba-2e14dcf3bcd6.jpg","datePublished":"2024-09-26T01:39:14+00:00","dateModified":"2025-07-10T07:40:13+00:00","description":"Como um dos melhores fabricantes e fornecedores de potes t\u00e9rmicos para comida de tulipa de coelho, estamos engajados na fabrica\u00e7\u00e3o de garrafas de \u00e1gua de boa qualidade. N\u00f3s calorosamente convidamos voc\u00ea a vender no atacado ou comprar potes t\u00e9rmicos para comida de tulipa de coelho feitos sob medida a um pre\u00e7o competitivo conosco. Al\u00e9m disso, pedidos de pequenas quantidades s\u00e3o aceit\u00e1veis.","breadcrumb":{"@id":"https:\/\/www.dillerbottle.com\/ru\/%d0%bf%d1%80%d0%be%d0%b4%d1%83%d0%ba%d1%82%d1%8b\/%d0%ba%d1%80%d0%be%d0%bb%d0%b8%d0%ba-%d1%82%d1%8e%d0%bb%d1%8c%d0%bf%d0%b0%d0%bd-%d1%82%d0%b5%d1%80%d0%bc%d0%be%d0%ba%d0%be%d0%bd%d1%82%d0%b5%d0%b9%d0%bd%d0%b5%d1%80-%d0%b4%d0%bb%d1%8f-%d0%b5%d0%b4#breadcrumb"},"inLanguage":"pt-PT","potentialAction":[{"@type":"ReadAction","target":["https:\/\/www.dillerbottle.com\/ru\/%d0%bf%d1%80%d0%be%d0%b4%d1%83%d0%ba%d1%82%d1%8b\/%d0%ba%d1%80%d0%be%d0%bb%d0%b8%d0%ba-%d1%82%d1%8e%d0%bb%d1%8c%d0%bf%d0%b0%d0%bd-%d1%82%d0%b5%d1%80%d0%bc%d0%be%d0%ba%d0%be%d0%bd%d1%82%d0%b5%d0%b9%d0%bd%d0%b5%d1%80-%d0%b4%d0%bb%d1%8f-%d0%b5%d0%b4"]}]},{"@type":"ImageObject","inLanguage":"pt-PT","@id":"https:\/\/www.dillerbottle.com\/ru\/%d0%bf%d1%80%d0%be%d0%b4%d1%83%d0%ba%d1%82%d1%8b\/%d0%ba%d1%80%d0%be%d0%bb%d0%b8%d0%ba-%d1%82%d1%8e%d0%bb%d1%8c%d0%bf%d0%b0%d0%bd-%d1%82%d0%b5%d1%80%d0%bc%d0%be%d0%ba%d0%be%d0%bd%d1%82%d0%b5%d0%b9%d0%bd%d0%b5%d1%80-%d0%b4%d0%bb%d1%8f-%d0%b5%d0%b4#primaryimage","url":"https:\/\/www.dillerbottle.com\/wp-content\/uploads\/2024\/09\/rabbit-tulip-thermal-food-jar59a77c25-28ee-418a-98ba-2e14dcf3bcd6.jpg","contentUrl":"https:\/\/www.dillerbottle.com\/wp-content\/uploads\/2024\/09\/rabbit-tulip-thermal-food-jar59a77c25-28ee-418a-98ba-2e14dcf3bcd6.jpg","width":730,"height":730},{"@type":"BreadcrumbList","@id":"https:\/\/www.dillerbottle.com\/ru\/%d0%bf%d1%80%d0%be%d0%b4%d1%83%d0%ba%d1%82%d1%8b\/%d0%ba%d1%80%d0%be%d0%bb%d0%b8%d0%ba-%d1%82%d1%8e%d0%bb%d1%8c%d0%bf%d0%b0%d0%bd-%d1%82%d0%b5%d1%80%d0%bc%d0%be%d0%ba%d0%be%d0%bd%d1%82%d0%b5%d0%b9%d0%bd%d0%b5%d1%80-%d0%b4%d0%bb%d1%8f-%d0%b5%d0%b4#breadcrumb","itemListElement":[{"@type":"ListItem","position":1,"name":"Home","item":"https:\/\/www.dillerbottle.com\/"},{"@type":"ListItem","position":2,"name":"Products","item":"https:\/\/www.dillerbottle.com\/shop"},{"@type":"ListItem","position":3,"name":"Rabbit Tulip Thermal Food Jar"}]},{"@type":"WebSite","@id":"https:\/\/www.dillerbottle.com\/#website","url":"https:\/\/www.dillerbottle.com\/","name":"Garrafa de \u00e1gua Diller Fabricante","description":"Garrafa de \u00e1gua Fabricante","publisher":{"@id":"https:\/\/www.dillerbottle.com\/#organization"},"potentialAction":[{"@type":"SearchAction","target":{"@type":"EntryPoint","urlTemplate":"https:\/\/www.dillerbottle.com\/?s={search_term_string}"},"query-input":{"@type":"PropertyValueSpecification","valueRequired":true,"valueName":"search_term_string"}}],"inLanguage":"pt-PT"},{"@type":"Organization","@id":"https:\/\/www.dillerbottle.com\/#organization","name":"Garrafa de \u00e1gua Diller Fabricante","url":"https:\/\/www.dillerbottle.com\/","logo":{"@type":"ImageObject","inLanguage":"pt-PT","@id":"https:\/\/www.dillerbottle.com\/#\/schema\/logo\/image\/","url":"https:\/\/www.dillerbottle.com\/wp-content\/uploads\/2024\/09\/49918bfa848dcc1e9f8b509933603ac.png","contentUrl":"https:\/\/www.dillerbottle.com\/wp-content\/uploads\/2024\/09\/49918bfa848dcc1e9f8b509933603ac.png","width":988,"height":198,"caption":"Diller Water Bottle Manufacturer"},"image":{"@id":"https:\/\/www.dillerbottle.com\/#\/schema\/logo\/image\/"}}]}},"_links":{"self":[{"href":"https:\/\/www.dillerbottle.com\/pt\/wp-json\/wp\/v2\/product\/2821","targetHints":{"allow":["GET"]}}],"collection":[{"href":"https:\/\/www.dillerbottle.com\/pt\/wp-json\/wp\/v2\/product"}],"about":[{"href":"https:\/\/www.dillerbottle.com\/pt\/wp-json\/wp\/v2\/types\/product"}],"replies":[{"embeddable":true,"href":"https:\/\/www.dillerbottle.com\/pt\/wp-json\/wp\/v2\/comments?post=2821"}],"wp:featuredmedia":[{"embeddable":true,"href":"https:\/\/www.dillerbottle.com\/pt\/wp-json\/wp\/v2\/media\/2822"}],"wp:attachment":[{"href":"https:\/\/www.dillerbottle.com\/pt\/wp-json\/wp\/v2\/media?parent=2821"}],"wp:term":[{"taxonomy":"product_brand","embeddable":true,"href":"https:\/\/www.dillerbottle.com\/pt\/wp-json\/wp\/v2\/product_brand?post=2821"},{"taxonomy":"product_cat","embeddable":true,"href":"https:\/\/www.dillerbottle.com\/pt\/wp-json\/wp\/v2\/product_cat?post=2821"},{"taxonomy":"product_tag","embeddable":true,"href":"https:\/\/www.dillerbottle.com\/pt\/wp-json\/wp\/v2\/product_tag?post=2821"}],"curies":[{"name":"wp","href":"https:\/\/api.w.org\/{rel}","templated":true}]}}