{"id":3004,"date":"2024-09-26T09:41:40","date_gmt":"2024-09-26T01:41:40","guid":{"rendered":"https:\/\/demo.dillerbottle.com\/uncategorized\/thermos-food-jar-with-spoon"},"modified":"2025-07-10T15:33:46","modified_gmt":"2025-07-10T07:33:46","slug":"pote-termico-para-comida-com-colher","status":"publish","type":"product","link":"https:\/\/www.dillerbottle.com\/pt\/products\/thermos-food-jar-with-spoon","title":{"rendered":"Pote t\u00e9rmico para alimentos com colher"},"content":{"rendered":"<p>Caracter\u00edsticas:<br \/>\n1. Interior e exterior de a\u00e7o inoxid\u00e1vel dur\u00e1vel, isolamento a v\u00e1cuo de parede dupla ret\u00e9m temperaturas quentes ou frias.<\/p>\n<p>2. A boca larga permite que voc\u00ea coma diretamente do recipiente t\u00e9rmico.<\/p>\n<p>3. Inclui colher dobr\u00e1vel de a\u00e7o inoxid\u00e1vel de tamanho normal, convenientemente armazenada na rolha.<\/p>\n<p>4. A garrafa t\u00e9rmica para alimentos \u00e9 boa para refei\u00e7\u00f5es quentes, sopas, aveia, sobremesas e bebidas frias e muito mais.<\/p>","protected":false},"excerpt":{"rendered":"<p>Se voc\u00ea est\u00e1 procurando uma garrafa t\u00e9rmica para alimentos com colher de alta qualidade que possa ser personalizada, n\u00f3s temos o que voc\u00ea precisa.<br \/>\nCom uma variedade de cores e padr\u00f5es para escolher, bem como a op\u00e7\u00e3o de adicionar seu pr\u00f3prio logotipo ou design, facilitamos a cria\u00e7\u00e3o de um recipiente t\u00e9rmico para alimentos com colher perfeito para voc\u00ea.<br \/>\nE se voc\u00ea precisar de um pedido grande, oferecemos pre\u00e7os de atacado para torn\u00e1-lo mais acess\u00edvel.<br \/>\nA tecnologia de isolamento a v\u00e1cuo ret\u00e9m a temperatura de refei\u00e7\u00f5es quentes ou frias.<br \/>\nEste recipiente t\u00e9rmico para alimentos mant\u00e9m o conte\u00fado quente por at\u00e9 8 horas e frio por at\u00e9 12 horas.<br \/>\nConstru\u00e7\u00e3o em a\u00e7o inoxid\u00e1vel 304 (18\/8) de alta qualidade e dur\u00e1vel<\/p>","protected":false},"featured_media":3005,"comment_status":"open","ping_status":"closed","template":"","meta":{"_acf_changed":false},"product_brand":[],"product_cat":[108],"product_tag":[120,32,36,33,31,172,153,39,38,29,37,34,35,28,160,140,171,146,30],"class_list":{"0":"post-3004","1":"product","2":"type-product","3":"status-publish","4":"has-post-thumbnail","6":"product_cat-insulated-food-jar","7":"product_tag-316-thermal-food-jar","8":"product_tag-best","9":"product_tag-bulk","10":"product_tag-buy","11":"product_tag-custom","12":"product_tag-food-thermal-container","13":"product_tag-food-thermal-jar","14":"product_tag-for-sale","15":"product_tag-good-quality","16":"product_tag-manufacturers","17":"product_tag-manufacturing","18":"product_tag-price","19":"product_tag-small","20":"product_tag-suppliers","21":"product_tag-thermal-food-pot-with-lid","22":"product_tag-thermal-hot-food-container","23":"product_tag-thermos-food-jar-with-spoon","24":"product_tag-vacuum-flask-food-jar","25":"product_tag-wholesale","27":"first","28":"instock","29":"shipping-taxable","30":"product-type-simple"},"acf":[],"yoast_head":"<!-- This site is optimized with the Yoast SEO Premium plugin v27.4 (Yoast SEO v27.4) - https:\/\/yoast.com\/product\/yoast-seo-premium-wordpress\/ -->\n<title>Thermos Food Jar with Spoon - Diller Water Bottle Manufacturer<\/title>\n<meta name=\"description\" content=\"As one of the best thermos food jar with spoon manufacturers and suppliers, we are engaged in manufacturing good quality water bottles. We warmly welcome you to wholesale or buy custom made thermos food jar with spoon at competitive price from us. Also, small quantity orders are acceptable.\" \/>\n<meta name=\"robots\" content=\"index, follow, max-snippet:-1, max-image-preview:large, max-video-preview:-1\" \/>\n<link rel=\"canonical\" href=\"https:\/\/www.dillerbottle.com\/pt\/produtos\/pote-termico-para-comida-com-colher\" \/>\n<meta property=\"og:locale\" content=\"pt_PT\" \/>\n<meta property=\"og:type\" content=\"article\" \/>\n<meta property=\"og:title\" content=\"Thermos Food Jar with Spoon\" \/>\n<meta property=\"og:description\" content=\"As one of the best thermos food jar with spoon manufacturers and suppliers, we are engaged in manufacturing good quality water bottles. We warmly welcome you to wholesale or buy custom made thermos food jar with spoon at competitive price from us. Also, small quantity orders are acceptable.\" \/>\n<meta property=\"og:url\" content=\"https:\/\/www.dillerbottle.com\/pt\/produtos\/pote-termico-para-comida-com-colher\" \/>\n<meta property=\"og:site_name\" content=\"Diller Water Bottle Manufacturer\" \/>\n<meta property=\"article:modified_time\" content=\"2025-07-10T07:33:46+00:00\" \/>\n<meta property=\"og:image\" content=\"https:\/\/www.dillerbottle.com\/wp-content\/uploads\/2024\/09\/thermos-food-jar-with-spoon39486708367.jpg\" \/>\n\t<meta property=\"og:image:width\" content=\"730\" \/>\n\t<meta property=\"og:image:height\" content=\"730\" \/>\n\t<meta property=\"og:image:type\" content=\"image\/jpeg\" \/>\n<meta name=\"twitter:card\" content=\"summary_large_image\" \/>\n<meta name=\"twitter:label1\" content=\"Tempo estimado de leitura\" \/>\n\t<meta name=\"twitter:data1\" content=\"2 minutos\" \/>\n<script type=\"application\/ld+json\" class=\"yoast-schema-graph\">{\"@context\":\"https:\\\/\\\/schema.org\",\"@graph\":[{\"@type\":\"WebPage\",\"@id\":\"https:\\\/\\\/www.dillerbottle.com\\\/ko\\\/%ec%a0%9c%ed%92%88\\\/%ec%88%9f%ea%b0%80%eb%9d%bd%ec%9d%b4-%eb%8b%ac%eb%a6%b0-%eb%b3%b4%ec%98%a8%eb%b3%91-%ec%8b%9d%ed%92%88-%ec%9a%a9%ea%b8%b0\",\"url\":\"https:\\\/\\\/www.dillerbottle.com\\\/ko\\\/%ec%a0%9c%ed%92%88\\\/%ec%88%9f%ea%b0%80%eb%9d%bd%ec%9d%b4-%eb%8b%ac%eb%a6%b0-%eb%b3%b4%ec%98%a8%eb%b3%91-%ec%8b%9d%ed%92%88-%ec%9a%a9%ea%b8%b0\",\"name\":\"Thermos Food Jar with Spoon - Diller Water Bottle Manufacturer\",\"isPartOf\":{\"@id\":\"https:\\\/\\\/www.dillerbottle.com\\\/#website\"},\"primaryImageOfPage\":{\"@id\":\"https:\\\/\\\/www.dillerbottle.com\\\/ko\\\/%ec%a0%9c%ed%92%88\\\/%ec%88%9f%ea%b0%80%eb%9d%bd%ec%9d%b4-%eb%8b%ac%eb%a6%b0-%eb%b3%b4%ec%98%a8%eb%b3%91-%ec%8b%9d%ed%92%88-%ec%9a%a9%ea%b8%b0#primaryimage\"},\"image\":{\"@id\":\"https:\\\/\\\/www.dillerbottle.com\\\/ko\\\/%ec%a0%9c%ed%92%88\\\/%ec%88%9f%ea%b0%80%eb%9d%bd%ec%9d%b4-%eb%8b%ac%eb%a6%b0-%eb%b3%b4%ec%98%a8%eb%b3%91-%ec%8b%9d%ed%92%88-%ec%9a%a9%ea%b8%b0#primaryimage\"},\"thumbnailUrl\":\"https:\\\/\\\/www.dillerbottle.com\\\/wp-content\\\/uploads\\\/2024\\\/09\\\/thermos-food-jar-with-spoon39486708367.jpg\",\"datePublished\":\"2024-09-26T01:41:40+00:00\",\"dateModified\":\"2025-07-10T07:33:46+00:00\",\"description\":\"As one of the best thermos food jar with spoon manufacturers and suppliers, we are engaged in manufacturing good quality water bottles. We warmly welcome you to wholesale or buy custom made thermos food jar with spoon at competitive price from us. Also, small quantity orders are acceptable.\",\"breadcrumb\":{\"@id\":\"https:\\\/\\\/www.dillerbottle.com\\\/ko\\\/%ec%a0%9c%ed%92%88\\\/%ec%88%9f%ea%b0%80%eb%9d%bd%ec%9d%b4-%eb%8b%ac%eb%a6%b0-%eb%b3%b4%ec%98%a8%eb%b3%91-%ec%8b%9d%ed%92%88-%ec%9a%a9%ea%b8%b0#breadcrumb\"},\"inLanguage\":\"pt-PT\",\"potentialAction\":[{\"@type\":\"ReadAction\",\"target\":[\"https:\\\/\\\/www.dillerbottle.com\\\/ko\\\/%ec%a0%9c%ed%92%88\\\/%ec%88%9f%ea%b0%80%eb%9d%bd%ec%9d%b4-%eb%8b%ac%eb%a6%b0-%eb%b3%b4%ec%98%a8%eb%b3%91-%ec%8b%9d%ed%92%88-%ec%9a%a9%ea%b8%b0\"]}]},{\"@type\":\"ImageObject\",\"inLanguage\":\"pt-PT\",\"@id\":\"https:\\\/\\\/www.dillerbottle.com\\\/ko\\\/%ec%a0%9c%ed%92%88\\\/%ec%88%9f%ea%b0%80%eb%9d%bd%ec%9d%b4-%eb%8b%ac%eb%a6%b0-%eb%b3%b4%ec%98%a8%eb%b3%91-%ec%8b%9d%ed%92%88-%ec%9a%a9%ea%b8%b0#primaryimage\",\"url\":\"https:\\\/\\\/www.dillerbottle.com\\\/wp-content\\\/uploads\\\/2024\\\/09\\\/thermos-food-jar-with-spoon39486708367.jpg\",\"contentUrl\":\"https:\\\/\\\/www.dillerbottle.com\\\/wp-content\\\/uploads\\\/2024\\\/09\\\/thermos-food-jar-with-spoon39486708367.jpg\",\"width\":730,\"height\":730},{\"@type\":\"BreadcrumbList\",\"@id\":\"https:\\\/\\\/www.dillerbottle.com\\\/ko\\\/%ec%a0%9c%ed%92%88\\\/%ec%88%9f%ea%b0%80%eb%9d%bd%ec%9d%b4-%eb%8b%ac%eb%a6%b0-%eb%b3%b4%ec%98%a8%eb%b3%91-%ec%8b%9d%ed%92%88-%ec%9a%a9%ea%b8%b0#breadcrumb\",\"itemListElement\":[{\"@type\":\"ListItem\",\"position\":1,\"name\":\"Home\",\"item\":\"https:\\\/\\\/www.dillerbottle.com\\\/\"},{\"@type\":\"ListItem\",\"position\":2,\"name\":\"Products\",\"item\":\"https:\\\/\\\/www.dillerbottle.com\\\/shop\"},{\"@type\":\"ListItem\",\"position\":3,\"name\":\"Thermos Food Jar with Spoon\"}]},{\"@type\":\"WebSite\",\"@id\":\"https:\\\/\\\/www.dillerbottle.com\\\/#website\",\"url\":\"https:\\\/\\\/www.dillerbottle.com\\\/\",\"name\":\"Diller Water Bottle Manufacturer\",\"description\":\"Water Bottle Manufacturer\",\"publisher\":{\"@id\":\"https:\\\/\\\/www.dillerbottle.com\\\/#organization\"},\"potentialAction\":[{\"@type\":\"SearchAction\",\"target\":{\"@type\":\"EntryPoint\",\"urlTemplate\":\"https:\\\/\\\/www.dillerbottle.com\\\/?s={search_term_string}\"},\"query-input\":{\"@type\":\"PropertyValueSpecification\",\"valueRequired\":true,\"valueName\":\"search_term_string\"}}],\"inLanguage\":\"pt-PT\"},{\"@type\":\"Organization\",\"@id\":\"https:\\\/\\\/www.dillerbottle.com\\\/#organization\",\"name\":\"Diller Water Bottle Manufacturer\",\"url\":\"https:\\\/\\\/www.dillerbottle.com\\\/\",\"logo\":{\"@type\":\"ImageObject\",\"inLanguage\":\"pt-PT\",\"@id\":\"https:\\\/\\\/www.dillerbottle.com\\\/#\\\/schema\\\/logo\\\/image\\\/\",\"url\":\"https:\\\/\\\/www.dillerbottle.com\\\/wp-content\\\/uploads\\\/2024\\\/09\\\/49918bfa848dcc1e9f8b509933603ac.png\",\"contentUrl\":\"https:\\\/\\\/www.dillerbottle.com\\\/wp-content\\\/uploads\\\/2024\\\/09\\\/49918bfa848dcc1e9f8b509933603ac.png\",\"width\":988,\"height\":198,\"caption\":\"Diller Water Bottle Manufacturer\"},\"image\":{\"@id\":\"https:\\\/\\\/www.dillerbottle.com\\\/#\\\/schema\\\/logo\\\/image\\\/\"}}]}<\/script>\n<!-- \/ Yoast SEO Premium plugin. -->","yoast_head_json":{"title":"Pote t\u00e9rmico para alimentos com colher - Fabricante de garrafas de \u00e1gua Diller","description":"Como um dos melhores fabricantes e fornecedores de jarras t\u00e9rmicas para alimentos com colher, estamos envolvidos na fabrica\u00e7\u00e3o de garrafas de \u00e1gua de boa qualidade. Damos boas-vindas a voc\u00ea para vender no atacado ou comprar jarras t\u00e9rmicas personalizadas para alimentos com colher a pre\u00e7os competitivos conosco. Al\u00e9m disso, pedidos de pequenas quantidades s\u00e3o aceit\u00e1veis.","robots":{"index":"index","follow":"follow","max-snippet":"max-snippet:-1","max-image-preview":"max-image-preview:large","max-video-preview":"max-video-preview:-1"},"canonical":"https:\/\/www.dillerbottle.com\/pt\/produtos\/pote-termico-para-comida-com-colher","og_locale":"pt_PT","og_type":"article","og_title":"Thermos Food Jar with Spoon","og_description":"As one of the best thermos food jar with spoon manufacturers and suppliers, we are engaged in manufacturing good quality water bottles. We warmly welcome you to wholesale or buy custom made thermos food jar with spoon at competitive price from us. Also, small quantity orders are acceptable.","og_url":"https:\/\/www.dillerbottle.com\/pt\/produtos\/pote-termico-para-comida-com-colher","og_site_name":"Diller Water Bottle Manufacturer","article_modified_time":"2025-07-10T07:33:46+00:00","og_image":[{"width":730,"height":730,"url":"https:\/\/www.dillerbottle.com\/wp-content\/uploads\/2024\/09\/thermos-food-jar-with-spoon39486708367.jpg","type":"image\/jpeg"}],"twitter_card":"summary_large_image","twitter_misc":{"Tempo estimado de leitura":"2 minutos"},"schema":{"@context":"https:\/\/schema.org","@graph":[{"@type":"WebPage","@id":"https:\/\/www.dillerbottle.com\/ko\/%ec%a0%9c%ed%92%88\/%ec%88%9f%ea%b0%80%eb%9d%bd%ec%9d%b4-%eb%8b%ac%eb%a6%b0-%eb%b3%b4%ec%98%a8%eb%b3%91-%ec%8b%9d%ed%92%88-%ec%9a%a9%ea%b8%b0","url":"https:\/\/www.dillerbottle.com\/ko\/%ec%a0%9c%ed%92%88\/%ec%88%9f%ea%b0%80%eb%9d%bd%ec%9d%b4-%eb%8b%ac%eb%a6%b0-%eb%b3%b4%ec%98%a8%eb%b3%91-%ec%8b%9d%ed%92%88-%ec%9a%a9%ea%b8%b0","name":"Pote t\u00e9rmico para alimentos com colher - Fabricante de garrafas de \u00e1gua Diller","isPartOf":{"@id":"https:\/\/www.dillerbottle.com\/#website"},"primaryImageOfPage":{"@id":"https:\/\/www.dillerbottle.com\/ko\/%ec%a0%9c%ed%92%88\/%ec%88%9f%ea%b0%80%eb%9d%bd%ec%9d%b4-%eb%8b%ac%eb%a6%b0-%eb%b3%b4%ec%98%a8%eb%b3%91-%ec%8b%9d%ed%92%88-%ec%9a%a9%ea%b8%b0#primaryimage"},"image":{"@id":"https:\/\/www.dillerbottle.com\/ko\/%ec%a0%9c%ed%92%88\/%ec%88%9f%ea%b0%80%eb%9d%bd%ec%9d%b4-%eb%8b%ac%eb%a6%b0-%eb%b3%b4%ec%98%a8%eb%b3%91-%ec%8b%9d%ed%92%88-%ec%9a%a9%ea%b8%b0#primaryimage"},"thumbnailUrl":"https:\/\/www.dillerbottle.com\/wp-content\/uploads\/2024\/09\/thermos-food-jar-with-spoon39486708367.jpg","datePublished":"2024-09-26T01:41:40+00:00","dateModified":"2025-07-10T07:33:46+00:00","description":"Como um dos melhores fabricantes e fornecedores de jarras t\u00e9rmicas para alimentos com colher, estamos envolvidos na fabrica\u00e7\u00e3o de garrafas de \u00e1gua de boa qualidade. Damos boas-vindas a voc\u00ea para vender no atacado ou comprar jarras t\u00e9rmicas personalizadas para alimentos com colher a pre\u00e7os competitivos conosco. Al\u00e9m disso, pedidos de pequenas quantidades s\u00e3o aceit\u00e1veis.","breadcrumb":{"@id":"https:\/\/www.dillerbottle.com\/ko\/%ec%a0%9c%ed%92%88\/%ec%88%9f%ea%b0%80%eb%9d%bd%ec%9d%b4-%eb%8b%ac%eb%a6%b0-%eb%b3%b4%ec%98%a8%eb%b3%91-%ec%8b%9d%ed%92%88-%ec%9a%a9%ea%b8%b0#breadcrumb"},"inLanguage":"pt-PT","potentialAction":[{"@type":"ReadAction","target":["https:\/\/www.dillerbottle.com\/ko\/%ec%a0%9c%ed%92%88\/%ec%88%9f%ea%b0%80%eb%9d%bd%ec%9d%b4-%eb%8b%ac%eb%a6%b0-%eb%b3%b4%ec%98%a8%eb%b3%91-%ec%8b%9d%ed%92%88-%ec%9a%a9%ea%b8%b0"]}]},{"@type":"ImageObject","inLanguage":"pt-PT","@id":"https:\/\/www.dillerbottle.com\/ko\/%ec%a0%9c%ed%92%88\/%ec%88%9f%ea%b0%80%eb%9d%bd%ec%9d%b4-%eb%8b%ac%eb%a6%b0-%eb%b3%b4%ec%98%a8%eb%b3%91-%ec%8b%9d%ed%92%88-%ec%9a%a9%ea%b8%b0#primaryimage","url":"https:\/\/www.dillerbottle.com\/wp-content\/uploads\/2024\/09\/thermos-food-jar-with-spoon39486708367.jpg","contentUrl":"https:\/\/www.dillerbottle.com\/wp-content\/uploads\/2024\/09\/thermos-food-jar-with-spoon39486708367.jpg","width":730,"height":730},{"@type":"BreadcrumbList","@id":"https:\/\/www.dillerbottle.com\/ko\/%ec%a0%9c%ed%92%88\/%ec%88%9f%ea%b0%80%eb%9d%bd%ec%9d%b4-%eb%8b%ac%eb%a6%b0-%eb%b3%b4%ec%98%a8%eb%b3%91-%ec%8b%9d%ed%92%88-%ec%9a%a9%ea%b8%b0#breadcrumb","itemListElement":[{"@type":"ListItem","position":1,"name":"Home","item":"https:\/\/www.dillerbottle.com\/"},{"@type":"ListItem","position":2,"name":"Products","item":"https:\/\/www.dillerbottle.com\/shop"},{"@type":"ListItem","position":3,"name":"Thermos Food Jar with Spoon"}]},{"@type":"WebSite","@id":"https:\/\/www.dillerbottle.com\/#website","url":"https:\/\/www.dillerbottle.com\/","name":"Garrafa de \u00e1gua Diller Fabricante","description":"Garrafa de \u00e1gua Fabricante","publisher":{"@id":"https:\/\/www.dillerbottle.com\/#organization"},"potentialAction":[{"@type":"SearchAction","target":{"@type":"EntryPoint","urlTemplate":"https:\/\/www.dillerbottle.com\/?s={search_term_string}"},"query-input":{"@type":"PropertyValueSpecification","valueRequired":true,"valueName":"search_term_string"}}],"inLanguage":"pt-PT"},{"@type":"Organization","@id":"https:\/\/www.dillerbottle.com\/#organization","name":"Garrafa de \u00e1gua Diller Fabricante","url":"https:\/\/www.dillerbottle.com\/","logo":{"@type":"ImageObject","inLanguage":"pt-PT","@id":"https:\/\/www.dillerbottle.com\/#\/schema\/logo\/image\/","url":"https:\/\/www.dillerbottle.com\/wp-content\/uploads\/2024\/09\/49918bfa848dcc1e9f8b509933603ac.png","contentUrl":"https:\/\/www.dillerbottle.com\/wp-content\/uploads\/2024\/09\/49918bfa848dcc1e9f8b509933603ac.png","width":988,"height":198,"caption":"Diller Water Bottle Manufacturer"},"image":{"@id":"https:\/\/www.dillerbottle.com\/#\/schema\/logo\/image\/"}}]}},"_links":{"self":[{"href":"https:\/\/www.dillerbottle.com\/pt\/wp-json\/wp\/v2\/product\/3004","targetHints":{"allow":["GET"]}}],"collection":[{"href":"https:\/\/www.dillerbottle.com\/pt\/wp-json\/wp\/v2\/product"}],"about":[{"href":"https:\/\/www.dillerbottle.com\/pt\/wp-json\/wp\/v2\/types\/product"}],"replies":[{"embeddable":true,"href":"https:\/\/www.dillerbottle.com\/pt\/wp-json\/wp\/v2\/comments?post=3004"}],"wp:featuredmedia":[{"embeddable":true,"href":"https:\/\/www.dillerbottle.com\/pt\/wp-json\/wp\/v2\/media\/3005"}],"wp:attachment":[{"href":"https:\/\/www.dillerbottle.com\/pt\/wp-json\/wp\/v2\/media?parent=3004"}],"wp:term":[{"taxonomy":"product_brand","embeddable":true,"href":"https:\/\/www.dillerbottle.com\/pt\/wp-json\/wp\/v2\/product_brand?post=3004"},{"taxonomy":"product_cat","embeddable":true,"href":"https:\/\/www.dillerbottle.com\/pt\/wp-json\/wp\/v2\/product_cat?post=3004"},{"taxonomy":"product_tag","embeddable":true,"href":"https:\/\/www.dillerbottle.com\/pt\/wp-json\/wp\/v2\/product_tag?post=3004"}],"curies":[{"name":"wp","href":"https:\/\/api.w.org\/{rel}","templated":true}]}}