{"id":3064,"date":"2024-09-26T09:42:20","date_gmt":"2024-09-26T01:42:20","guid":{"rendered":"https:\/\/demo.dillerbottle.com\/uncategorized\/wide-mouth-thermos-food-jar"},"modified":"2025-07-10T15:32:39","modified_gmt":"2025-07-10T07:32:39","slug":"garrafa-termica-de-boca-larga-para-alimentos","status":"publish","type":"product","link":"https:\/\/www.dillerbottle.com\/pt\/products\/wide-mouth-thermos-food-jar","title":{"rendered":"Pote t\u00e9rmico de boca larga para alimentos"},"content":{"rendered":"<p>O recipiente t\u00e9rmico de boca larga para alimentos \u00e9 feito de SUS30 de alta qualidade para alimentos<br \/>\n4. Tem paredes duplas com espa\u00e7o de v\u00e1cuo entre elas que proporciona isolamento. O isolamento a v\u00e1cuo de parede dupla pode manter os alimentos quentes e frios durante 12 horas e a temperatura ambiente durante 24 horas, o que lhe permite saborear os alimentos frescos. Este frasco t\u00e9rmico de boca larga vem com uma colher dobr\u00e1vel, a abertura larga acomoda alimentos volumosos e f\u00e1ceis de limpar. A capacidade de 550 ml \u00e9 suficiente para transportar um almo\u00e7o ou jantar completo, adequado para a maioria das pessoas e perfeito para adultos e adolescentes.<br \/>\nCaracter\u00edsticas:1. Isolamento a v\u00e1cuo. Mantenha alimentos quentes ou frios frescos por at\u00e9 24 horas, leve sua comida caseira para onde quer que voc\u00ea v\u00e1!<br \/>\n2. Interior e exterior de a\u00e7o inoxid\u00e1vel. O recipiente t\u00e9rmico de boca larga para alimentos \u00e9 feito de SUS304 de grau aliment\u00edcio de alta qualidade, silicone e pl\u00e1stico de seguran\u00e7a sem BPA.<br \/>\n3.;O frasco t\u00e9rmico para alimentos vem com uma colher dobr\u00e1vel, j\u00e1 n\u00e3o precisa de trazer utens\u00edlios ou usar pl\u00e1sticos no trabalho. E a abertura extra larga acomoda alimentos volumosos, f\u00e1ceis de limpar e \u00f3ptimos para o trabalho, escola, escrit\u00f3rio, viagens e campismo.<\/p>","protected":false},"excerpt":{"rendered":"<p>O recipiente t\u00e9rmico de boca larga para alimentos \u00e9 feito de SUS304 de alta qualidade e grau aliment\u00edcio.<br \/>\nPossui paredes duplas com espa\u00e7o de v\u00e1cuo entre elas, o que proporciona isolamento.<br \/>\nN\u00e3o cont\u00e9m BPA e \u00e9 feito de materiais de qualidade alimentar.<br \/>\nIsolamento a v\u00e1cuo de parede dupla, pode manter alimentos quentes e frios por 12 horas, temperatura ambiente por 24 horas, o que pode\u2026<\/p>","protected":false},"featured_media":3065,"comment_status":"open","ping_status":"closed","template":"","meta":{"_acf_changed":false},"product_brand":[],"product_cat":[108],"product_tag":[120,32,36,33,31,164,39,38,143,152,29,37,34,35,28,141,154,30,181],"class_list":{"0":"post-3064","1":"product","2":"type-product","3":"status-publish","4":"has-post-thumbnail","6":"product_cat-insulated-food-jar","7":"product_tag-316-thermal-food-jar","8":"product_tag-best","9":"product_tag-bulk","10":"product_tag-buy","11":"product_tag-custom","12":"product_tag-food-flask-kids-thermal","13":"product_tag-for-sale","14":"product_tag-good-quality","15":"product_tag-hot-food-thermal","16":"product_tag-keep-food-warm-containers-steel-thermal-food","17":"product_tag-manufacturers","18":"product_tag-manufacturing","19":"product_tag-price","20":"product_tag-small","21":"product_tag-suppliers","22":"product_tag-thermal-container-for-food","23":"product_tag-thermal-food-warmer-container","24":"product_tag-wholesale","25":"product_tag-wide-mouth-thermos-food-jar","27":"first","28":"instock","29":"shipping-taxable","30":"product-type-simple"},"acf":[],"yoast_head":"<!-- This site is optimized with the Yoast SEO Premium plugin v27.4 (Yoast SEO v27.4) - https:\/\/yoast.com\/product\/yoast-seo-premium-wordpress\/ -->\n<title>Wide Mouth Thermos Food Jar - Diller Water Bottle Manufacturer<\/title>\n<meta name=\"description\" content=\"As one of the best wide mouth thermos food jar manufacturers and suppliers, we are engaged in manufacturing good quality water bottles. We warmly welcome you to wholesale or buy custom made wide mouth thermos food jar at competitive price from us. Also, small quantity orders are acceptable.\" \/>\n<meta name=\"robots\" content=\"index, follow, max-snippet:-1, max-image-preview:large, max-video-preview:-1\" \/>\n<link rel=\"canonical\" href=\"https:\/\/www.dillerbottle.com\/pt\/produtos\/garrafa-termica-de-boca-larga-para-alimentos\" \/>\n<meta property=\"og:locale\" content=\"pt_PT\" \/>\n<meta property=\"og:type\" content=\"article\" \/>\n<meta property=\"og:title\" content=\"Wide Mouth Thermos Food Jar\" \/>\n<meta property=\"og:description\" content=\"As one of the best wide mouth thermos food jar manufacturers and suppliers, we are engaged in manufacturing good quality water bottles. We warmly welcome you to wholesale or buy custom made wide mouth thermos food jar at competitive price from us. Also, small quantity orders are acceptable.\" \/>\n<meta property=\"og:url\" content=\"https:\/\/www.dillerbottle.com\/pt\/produtos\/garrafa-termica-de-boca-larga-para-alimentos\" \/>\n<meta property=\"og:site_name\" content=\"Diller Water Bottle Manufacturer\" \/>\n<meta property=\"article:modified_time\" content=\"2025-07-10T07:32:39+00:00\" \/>\n<meta property=\"og:image\" content=\"https:\/\/www.dillerbottle.com\/wp-content\/uploads\/2024\/09\/wide-mouth-thermos-food-jar00599484872.jpg\" \/>\n\t<meta property=\"og:image:width\" content=\"730\" \/>\n\t<meta property=\"og:image:height\" content=\"730\" \/>\n\t<meta property=\"og:image:type\" content=\"image\/jpeg\" \/>\n<meta name=\"twitter:card\" content=\"summary_large_image\" \/>\n<meta name=\"twitter:label1\" content=\"Tempo estimado de leitura\" \/>\n\t<meta name=\"twitter:data1\" content=\"3 minutos\" \/>\n<script type=\"application\/ld+json\" class=\"yoast-schema-graph\">{\"@context\":\"https:\\\/\\\/schema.org\",\"@graph\":[{\"@type\":\"WebPage\",\"@id\":\"https:\\\/\\\/www.dillerbottle.com\\\/products\\\/wide-mouth-thermos-food-jar\",\"url\":\"https:\\\/\\\/www.dillerbottle.com\\\/products\\\/wide-mouth-thermos-food-jar\",\"name\":\"Wide Mouth Thermos Food Jar - Diller Water Bottle Manufacturer\",\"isPartOf\":{\"@id\":\"https:\\\/\\\/www.dillerbottle.com\\\/#website\"},\"primaryImageOfPage\":{\"@id\":\"https:\\\/\\\/www.dillerbottle.com\\\/products\\\/wide-mouth-thermos-food-jar#primaryimage\"},\"image\":{\"@id\":\"https:\\\/\\\/www.dillerbottle.com\\\/products\\\/wide-mouth-thermos-food-jar#primaryimage\"},\"thumbnailUrl\":\"https:\\\/\\\/www.dillerbottle.com\\\/wp-content\\\/uploads\\\/2024\\\/09\\\/wide-mouth-thermos-food-jar00599484872.jpg\",\"datePublished\":\"2024-09-26T01:42:20+00:00\",\"dateModified\":\"2025-07-10T07:32:39+00:00\",\"description\":\"As one of the best wide mouth thermos food jar manufacturers and suppliers, we are engaged in manufacturing good quality water bottles. We warmly welcome you to wholesale or buy custom made wide mouth thermos food jar at competitive price from us. Also, small quantity orders are acceptable.\",\"breadcrumb\":{\"@id\":\"https:\\\/\\\/www.dillerbottle.com\\\/products\\\/wide-mouth-thermos-food-jar#breadcrumb\"},\"inLanguage\":\"pt-PT\",\"potentialAction\":[{\"@type\":\"ReadAction\",\"target\":[\"https:\\\/\\\/www.dillerbottle.com\\\/products\\\/wide-mouth-thermos-food-jar\"]}]},{\"@type\":\"ImageObject\",\"inLanguage\":\"pt-PT\",\"@id\":\"https:\\\/\\\/www.dillerbottle.com\\\/products\\\/wide-mouth-thermos-food-jar#primaryimage\",\"url\":\"https:\\\/\\\/www.dillerbottle.com\\\/wp-content\\\/uploads\\\/2024\\\/09\\\/wide-mouth-thermos-food-jar00599484872.jpg\",\"contentUrl\":\"https:\\\/\\\/www.dillerbottle.com\\\/wp-content\\\/uploads\\\/2024\\\/09\\\/wide-mouth-thermos-food-jar00599484872.jpg\",\"width\":730,\"height\":730},{\"@type\":\"BreadcrumbList\",\"@id\":\"https:\\\/\\\/www.dillerbottle.com\\\/products\\\/wide-mouth-thermos-food-jar#breadcrumb\",\"itemListElement\":[{\"@type\":\"ListItem\",\"position\":1,\"name\":\"Home\",\"item\":\"https:\\\/\\\/www.dillerbottle.com\\\/\"},{\"@type\":\"ListItem\",\"position\":2,\"name\":\"Products\",\"item\":\"https:\\\/\\\/www.dillerbottle.com\\\/shop\"},{\"@type\":\"ListItem\",\"position\":3,\"name\":\"Wide Mouth Thermos Food Jar\"}]},{\"@type\":\"WebSite\",\"@id\":\"https:\\\/\\\/www.dillerbottle.com\\\/#website\",\"url\":\"https:\\\/\\\/www.dillerbottle.com\\\/\",\"name\":\"Diller Water Bottle Manufacturer\",\"description\":\"Water Bottle Manufacturer\",\"publisher\":{\"@id\":\"https:\\\/\\\/www.dillerbottle.com\\\/#organization\"},\"potentialAction\":[{\"@type\":\"SearchAction\",\"target\":{\"@type\":\"EntryPoint\",\"urlTemplate\":\"https:\\\/\\\/www.dillerbottle.com\\\/?s={search_term_string}\"},\"query-input\":{\"@type\":\"PropertyValueSpecification\",\"valueRequired\":true,\"valueName\":\"search_term_string\"}}],\"inLanguage\":\"pt-PT\"},{\"@type\":\"Organization\",\"@id\":\"https:\\\/\\\/www.dillerbottle.com\\\/#organization\",\"name\":\"Diller Water Bottle Manufacturer\",\"url\":\"https:\\\/\\\/www.dillerbottle.com\\\/\",\"logo\":{\"@type\":\"ImageObject\",\"inLanguage\":\"pt-PT\",\"@id\":\"https:\\\/\\\/www.dillerbottle.com\\\/#\\\/schema\\\/logo\\\/image\\\/\",\"url\":\"https:\\\/\\\/www.dillerbottle.com\\\/wp-content\\\/uploads\\\/2024\\\/09\\\/49918bfa848dcc1e9f8b509933603ac.png\",\"contentUrl\":\"https:\\\/\\\/www.dillerbottle.com\\\/wp-content\\\/uploads\\\/2024\\\/09\\\/49918bfa848dcc1e9f8b509933603ac.png\",\"width\":988,\"height\":198,\"caption\":\"Diller Water Bottle Manufacturer\"},\"image\":{\"@id\":\"https:\\\/\\\/www.dillerbottle.com\\\/#\\\/schema\\\/logo\\\/image\\\/\"}}]}<\/script>\n<!-- \/ Yoast SEO Premium plugin. -->","yoast_head_json":{"title":"Garrafa t\u00e9rmica de boca larga para alimentos - Fabricante de garrafas de \u00e1gua Diller","description":"Como um dos melhores fabricantes e fornecedores de jarras t\u00e9rmicas de boca larga para alimentos, estamos engajados na fabrica\u00e7\u00e3o de garrafas de \u00e1gua de boa qualidade. N\u00f3s calorosamente convidamos voc\u00ea a vender no atacado ou comprar jarras t\u00e9rmicas de boca larga personalizadas para alimentos a pre\u00e7os competitivos conosco. Al\u00e9m disso, pedidos de pequenas quantidades s\u00e3o aceit\u00e1veis.","robots":{"index":"index","follow":"follow","max-snippet":"max-snippet:-1","max-image-preview":"max-image-preview:large","max-video-preview":"max-video-preview:-1"},"canonical":"https:\/\/www.dillerbottle.com\/pt\/produtos\/garrafa-termica-de-boca-larga-para-alimentos","og_locale":"pt_PT","og_type":"article","og_title":"Wide Mouth Thermos Food Jar","og_description":"As one of the best wide mouth thermos food jar manufacturers and suppliers, we are engaged in manufacturing good quality water bottles. We warmly welcome you to wholesale or buy custom made wide mouth thermos food jar at competitive price from us. Also, small quantity orders are acceptable.","og_url":"https:\/\/www.dillerbottle.com\/pt\/produtos\/garrafa-termica-de-boca-larga-para-alimentos","og_site_name":"Diller Water Bottle Manufacturer","article_modified_time":"2025-07-10T07:32:39+00:00","og_image":[{"width":730,"height":730,"url":"https:\/\/www.dillerbottle.com\/wp-content\/uploads\/2024\/09\/wide-mouth-thermos-food-jar00599484872.jpg","type":"image\/jpeg"}],"twitter_card":"summary_large_image","twitter_misc":{"Tempo estimado de leitura":"3 minutos"},"schema":{"@context":"https:\/\/schema.org","@graph":[{"@type":"WebPage","@id":"https:\/\/www.dillerbottle.com\/products\/wide-mouth-thermos-food-jar","url":"https:\/\/www.dillerbottle.com\/products\/wide-mouth-thermos-food-jar","name":"Garrafa t\u00e9rmica de boca larga para alimentos - Fabricante de garrafas de \u00e1gua Diller","isPartOf":{"@id":"https:\/\/www.dillerbottle.com\/#website"},"primaryImageOfPage":{"@id":"https:\/\/www.dillerbottle.com\/products\/wide-mouth-thermos-food-jar#primaryimage"},"image":{"@id":"https:\/\/www.dillerbottle.com\/products\/wide-mouth-thermos-food-jar#primaryimage"},"thumbnailUrl":"https:\/\/www.dillerbottle.com\/wp-content\/uploads\/2024\/09\/wide-mouth-thermos-food-jar00599484872.jpg","datePublished":"2024-09-26T01:42:20+00:00","dateModified":"2025-07-10T07:32:39+00:00","description":"Como um dos melhores fabricantes e fornecedores de jarras t\u00e9rmicas de boca larga para alimentos, estamos engajados na fabrica\u00e7\u00e3o de garrafas de \u00e1gua de boa qualidade. N\u00f3s calorosamente convidamos voc\u00ea a vender no atacado ou comprar jarras t\u00e9rmicas de boca larga personalizadas para alimentos a pre\u00e7os competitivos conosco. Al\u00e9m disso, pedidos de pequenas quantidades s\u00e3o aceit\u00e1veis.","breadcrumb":{"@id":"https:\/\/www.dillerbottle.com\/products\/wide-mouth-thermos-food-jar#breadcrumb"},"inLanguage":"pt-PT","potentialAction":[{"@type":"ReadAction","target":["https:\/\/www.dillerbottle.com\/products\/wide-mouth-thermos-food-jar"]}]},{"@type":"ImageObject","inLanguage":"pt-PT","@id":"https:\/\/www.dillerbottle.com\/products\/wide-mouth-thermos-food-jar#primaryimage","url":"https:\/\/www.dillerbottle.com\/wp-content\/uploads\/2024\/09\/wide-mouth-thermos-food-jar00599484872.jpg","contentUrl":"https:\/\/www.dillerbottle.com\/wp-content\/uploads\/2024\/09\/wide-mouth-thermos-food-jar00599484872.jpg","width":730,"height":730},{"@type":"BreadcrumbList","@id":"https:\/\/www.dillerbottle.com\/products\/wide-mouth-thermos-food-jar#breadcrumb","itemListElement":[{"@type":"ListItem","position":1,"name":"Home","item":"https:\/\/www.dillerbottle.com\/"},{"@type":"ListItem","position":2,"name":"Products","item":"https:\/\/www.dillerbottle.com\/shop"},{"@type":"ListItem","position":3,"name":"Wide Mouth Thermos Food Jar"}]},{"@type":"WebSite","@id":"https:\/\/www.dillerbottle.com\/#website","url":"https:\/\/www.dillerbottle.com\/","name":"Garrafa de \u00e1gua Diller Fabricante","description":"Garrafa de \u00e1gua Fabricante","publisher":{"@id":"https:\/\/www.dillerbottle.com\/#organization"},"potentialAction":[{"@type":"SearchAction","target":{"@type":"EntryPoint","urlTemplate":"https:\/\/www.dillerbottle.com\/?s={search_term_string}"},"query-input":{"@type":"PropertyValueSpecification","valueRequired":true,"valueName":"search_term_string"}}],"inLanguage":"pt-PT"},{"@type":"Organization","@id":"https:\/\/www.dillerbottle.com\/#organization","name":"Garrafa de \u00e1gua Diller Fabricante","url":"https:\/\/www.dillerbottle.com\/","logo":{"@type":"ImageObject","inLanguage":"pt-PT","@id":"https:\/\/www.dillerbottle.com\/#\/schema\/logo\/image\/","url":"https:\/\/www.dillerbottle.com\/wp-content\/uploads\/2024\/09\/49918bfa848dcc1e9f8b509933603ac.png","contentUrl":"https:\/\/www.dillerbottle.com\/wp-content\/uploads\/2024\/09\/49918bfa848dcc1e9f8b509933603ac.png","width":988,"height":198,"caption":"Diller Water Bottle Manufacturer"},"image":{"@id":"https:\/\/www.dillerbottle.com\/#\/schema\/logo\/image\/"}}]}},"_links":{"self":[{"href":"https:\/\/www.dillerbottle.com\/pt\/wp-json\/wp\/v2\/product\/3064","targetHints":{"allow":["GET"]}}],"collection":[{"href":"https:\/\/www.dillerbottle.com\/pt\/wp-json\/wp\/v2\/product"}],"about":[{"href":"https:\/\/www.dillerbottle.com\/pt\/wp-json\/wp\/v2\/types\/product"}],"replies":[{"embeddable":true,"href":"https:\/\/www.dillerbottle.com\/pt\/wp-json\/wp\/v2\/comments?post=3064"}],"wp:featuredmedia":[{"embeddable":true,"href":"https:\/\/www.dillerbottle.com\/pt\/wp-json\/wp\/v2\/media\/3065"}],"wp:attachment":[{"href":"https:\/\/www.dillerbottle.com\/pt\/wp-json\/wp\/v2\/media?parent=3064"}],"wp:term":[{"taxonomy":"product_brand","embeddable":true,"href":"https:\/\/www.dillerbottle.com\/pt\/wp-json\/wp\/v2\/product_brand?post=3064"},{"taxonomy":"product_cat","embeddable":true,"href":"https:\/\/www.dillerbottle.com\/pt\/wp-json\/wp\/v2\/product_cat?post=3064"},{"taxonomy":"product_tag","embeddable":true,"href":"https:\/\/www.dillerbottle.com\/pt\/wp-json\/wp\/v2\/product_tag?post=3064"}],"curies":[{"name":"wp","href":"https:\/\/api.w.org\/{rel}","templated":true}]}}