{"id":3119,"date":"2024-09-26T10:01:59","date_gmt":"2024-09-26T02:01:59","guid":{"rendered":"https:\/\/demo.dillerbottle.com\/uncategorized\/portable-household-thermo-jug"},"modified":"2025-07-10T15:24:19","modified_gmt":"2025-07-10T07:24:19","slug":"jarra-termica-domestica-portatil","status":"publish","type":"product","link":"https:\/\/www.dillerbottle.com\/pt\/products\/portable-household-thermo-jug","title":{"rendered":"Jarro t\u00e9rmico dom\u00e9stico port\u00e1til"},"content":{"rendered":"<p>Recurso:<br \/>\n1. O jarro t\u00e9rmico dom\u00e9stico port\u00e1til \u00e9 feito de a\u00e7o inoxid\u00e1vel de alta qualidade com uma estrutura de v\u00e1cuo de parede dupla, que pode manter bebidas frias e quentes por muito tempo.<\/p>\n<p>2. Cada curva, al\u00e7a e bot\u00e3o desta garrafa t\u00e9rmica foi criado com conforto e facilidade em mente. A garrafa t\u00e9rmica \u00e9 \u00e0 prova d&#039;\u00e1gua e \u00e0 prova de vazamentos com um bot\u00e3o de press\u00e3o para libera\u00e7\u00e3o instant\u00e2nea.<\/p>\n<p>3. Design de bot\u00e3o de press\u00e3o, f\u00e1cil de despejar \u2013 Possui al\u00e7a adiab\u00e1tica ergon\u00f4mica de f\u00e1cil manuseio, al\u00e9m de um bot\u00e3o de press\u00e3o simples que torna o vazamento com uma s\u00f3 m\u00e3o mais conveniente.<\/p>","protected":false},"excerpt":{"rendered":"<p>Esta jarra t\u00e9rmica dom\u00e9stica port\u00e1til \u00e9 feita de a\u00e7o inoxid\u00e1vel 304 e materiais de qualidade alimentar.<br \/>\nEsta chaleira isolada pode manter o conte\u00fado quente ou gelado por at\u00e9 12 a 24 horas.<br \/>\nDesign de bot\u00e3o de press\u00e3o, f\u00e1cil de despejar \u2013 Possui al\u00e7a adiab\u00e1tica ergon\u00f4mica de f\u00e1cil manuseio, al\u00e9m de um bot\u00e3o de press\u00e3o simples que torna o vazamento com uma s\u00f3 m\u00e3o mais conveniente.<br \/>\nA chaleira possui um anel de silicone selado e n\u00e3o vaza, mesmo quando invertida 360\u00b0.<br \/>\nOEM e ODM aceit\u00e1veis.<br \/>\nPodemos personalizar a chaleira de acordo com suas necessidades.<br \/>\nBem-vindo \u00e0 compra por atacado, envie sua consulta agora!<\/p>","protected":false},"featured_media":3120,"comment_status":"open","ping_status":"closed","template":"","meta":{"_acf_changed":false},"product_brand":[],"product_cat":[1084],"product_tag":[32,36,33,31,39,38,190,29,37,189,34,35,28,30],"class_list":{"0":"post-3119","1":"product","2":"type-product","3":"status-publish","4":"has-post-thumbnail","6":"product_cat-kettle","7":"product_tag-best","8":"product_tag-bulk","9":"product_tag-buy","10":"product_tag-custom","11":"product_tag-for-sale","12":"product_tag-good-quality","13":"product_tag-kettle","14":"product_tag-manufacturers","15":"product_tag-manufacturing","16":"product_tag-portable-household-thermo-jug","17":"product_tag-price","18":"product_tag-small","19":"product_tag-suppliers","20":"product_tag-wholesale","22":"first","23":"instock","24":"shipping-taxable","25":"product-type-simple"},"acf":[],"yoast_head":"<!-- This site is optimized with the Yoast SEO Premium plugin v27.5 (Yoast SEO v27.5) - https:\/\/yoast.com\/product\/yoast-seo-premium-wordpress\/ -->\n<title>Portable Household Thermo Jug - Diller Water Bottle Manufacturer<\/title>\n<meta name=\"description\" content=\"As one of the best portable household thermo jug manufacturers and suppliers, we are engaged in manufacturing good quality water bottles. We warmly welcome you to wholesale or buy custom made portable household thermo jug at competitive price from us. Also, small quantity orders are acceptable.\" \/>\n<meta name=\"robots\" content=\"index, follow, max-snippet:-1, max-image-preview:large, max-video-preview:-1\" \/>\n<link rel=\"canonical\" href=\"https:\/\/www.dillerbottle.com\/pt\/produtos\/jarra-termica-domestica-portatil\" \/>\n<meta property=\"og:locale\" content=\"pt_PT\" \/>\n<meta property=\"og:type\" content=\"article\" \/>\n<meta property=\"og:title\" content=\"Portable Household Thermo Jug\" \/>\n<meta property=\"og:description\" content=\"As one of the best portable household thermo jug manufacturers and suppliers, we are engaged in manufacturing good quality water bottles. We warmly welcome you to wholesale or buy custom made portable household thermo jug at competitive price from us. Also, small quantity orders are acceptable.\" \/>\n<meta property=\"og:url\" content=\"https:\/\/www.dillerbottle.com\/pt\/produtos\/jarra-termica-domestica-portatil\" \/>\n<meta property=\"og:site_name\" content=\"Diller Water Bottle Manufacturer\" \/>\n<meta property=\"article:modified_time\" content=\"2025-07-10T07:24:19+00:00\" \/>\n<meta property=\"og:image\" content=\"https:\/\/www.dillerbottle.com\/wp-content\/uploads\/2024\/09\/portable-household-thermo-jug77550651-a7a2-44ff-933d-ddc111a1214f.jpg\" \/>\n\t<meta property=\"og:image:width\" content=\"730\" \/>\n\t<meta property=\"og:image:height\" content=\"730\" \/>\n\t<meta property=\"og:image:type\" content=\"image\/jpeg\" \/>\n<meta name=\"twitter:card\" content=\"summary_large_image\" \/>\n<meta name=\"twitter:label1\" content=\"Tempo estimado de leitura\" \/>\n\t<meta name=\"twitter:data1\" content=\"6 minutos\" \/>\n<script type=\"application\/ld+json\" class=\"yoast-schema-graph\">{\"@context\":\"https:\\\/\\\/schema.org\",\"@graph\":[{\"@type\":\"WebPage\",\"@id\":\"https:\\\/\\\/www.dillerbottle.com\\\/ru\\\/%d0%bf%d1%80%d0%be%d0%b4%d1%83%d0%ba%d1%82%d1%8b\\\/%d0%bf%d0%be%d1%80%d1%82%d0%b0%d1%82%d0%b8%d0%b2%d0%bd%d1%8b%d0%b9-%d0%b1%d1%8b%d1%82%d0%be%d0%b2%d0%be%d0%b9-%d1%82%d0%b5%d1%80%d0%bc%d0%be%d0%ba%d1%83%d0%b2%d1%88%d0%b8%d0%bd\",\"url\":\"https:\\\/\\\/www.dillerbottle.com\\\/ru\\\/%d0%bf%d1%80%d0%be%d0%b4%d1%83%d0%ba%d1%82%d1%8b\\\/%d0%bf%d0%be%d1%80%d1%82%d0%b0%d1%82%d0%b8%d0%b2%d0%bd%d1%8b%d0%b9-%d0%b1%d1%8b%d1%82%d0%be%d0%b2%d0%be%d0%b9-%d1%82%d0%b5%d1%80%d0%bc%d0%be%d0%ba%d1%83%d0%b2%d1%88%d0%b8%d0%bd\",\"name\":\"Portable Household Thermo Jug - Diller Water Bottle Manufacturer\",\"isPartOf\":{\"@id\":\"https:\\\/\\\/www.dillerbottle.com\\\/#website\"},\"primaryImageOfPage\":{\"@id\":\"https:\\\/\\\/www.dillerbottle.com\\\/ru\\\/%d0%bf%d1%80%d0%be%d0%b4%d1%83%d0%ba%d1%82%d1%8b\\\/%d0%bf%d0%be%d1%80%d1%82%d0%b0%d1%82%d0%b8%d0%b2%d0%bd%d1%8b%d0%b9-%d0%b1%d1%8b%d1%82%d0%be%d0%b2%d0%be%d0%b9-%d1%82%d0%b5%d1%80%d0%bc%d0%be%d0%ba%d1%83%d0%b2%d1%88%d0%b8%d0%bd#primaryimage\"},\"image\":{\"@id\":\"https:\\\/\\\/www.dillerbottle.com\\\/ru\\\/%d0%bf%d1%80%d0%be%d0%b4%d1%83%d0%ba%d1%82%d1%8b\\\/%d0%bf%d0%be%d1%80%d1%82%d0%b0%d1%82%d0%b8%d0%b2%d0%bd%d1%8b%d0%b9-%d0%b1%d1%8b%d1%82%d0%be%d0%b2%d0%be%d0%b9-%d1%82%d0%b5%d1%80%d0%bc%d0%be%d0%ba%d1%83%d0%b2%d1%88%d0%b8%d0%bd#primaryimage\"},\"thumbnailUrl\":\"https:\\\/\\\/www.dillerbottle.com\\\/wp-content\\\/uploads\\\/2024\\\/09\\\/portable-household-thermo-jug77550651-a7a2-44ff-933d-ddc111a1214f.jpg\",\"datePublished\":\"2024-09-26T02:01:59+00:00\",\"dateModified\":\"2025-07-10T07:24:19+00:00\",\"description\":\"As one of the best portable household thermo jug manufacturers and suppliers, we are engaged in manufacturing good quality water bottles. We warmly welcome you to wholesale or buy custom made portable household thermo jug at competitive price from us. Also, small quantity orders are acceptable.\",\"breadcrumb\":{\"@id\":\"https:\\\/\\\/www.dillerbottle.com\\\/ru\\\/%d0%bf%d1%80%d0%be%d0%b4%d1%83%d0%ba%d1%82%d1%8b\\\/%d0%bf%d0%be%d1%80%d1%82%d0%b0%d1%82%d0%b8%d0%b2%d0%bd%d1%8b%d0%b9-%d0%b1%d1%8b%d1%82%d0%be%d0%b2%d0%be%d0%b9-%d1%82%d0%b5%d1%80%d0%bc%d0%be%d0%ba%d1%83%d0%b2%d1%88%d0%b8%d0%bd#breadcrumb\"},\"inLanguage\":\"pt-PT\",\"potentialAction\":[{\"@type\":\"ReadAction\",\"target\":[\"https:\\\/\\\/www.dillerbottle.com\\\/ru\\\/%d0%bf%d1%80%d0%be%d0%b4%d1%83%d0%ba%d1%82%d1%8b\\\/%d0%bf%d0%be%d1%80%d1%82%d0%b0%d1%82%d0%b8%d0%b2%d0%bd%d1%8b%d0%b9-%d0%b1%d1%8b%d1%82%d0%be%d0%b2%d0%be%d0%b9-%d1%82%d0%b5%d1%80%d0%bc%d0%be%d0%ba%d1%83%d0%b2%d1%88%d0%b8%d0%bd\"]}]},{\"@type\":\"ImageObject\",\"inLanguage\":\"pt-PT\",\"@id\":\"https:\\\/\\\/www.dillerbottle.com\\\/ru\\\/%d0%bf%d1%80%d0%be%d0%b4%d1%83%d0%ba%d1%82%d1%8b\\\/%d0%bf%d0%be%d1%80%d1%82%d0%b0%d1%82%d0%b8%d0%b2%d0%bd%d1%8b%d0%b9-%d0%b1%d1%8b%d1%82%d0%be%d0%b2%d0%be%d0%b9-%d1%82%d0%b5%d1%80%d0%bc%d0%be%d0%ba%d1%83%d0%b2%d1%88%d0%b8%d0%bd#primaryimage\",\"url\":\"https:\\\/\\\/www.dillerbottle.com\\\/wp-content\\\/uploads\\\/2024\\\/09\\\/portable-household-thermo-jug77550651-a7a2-44ff-933d-ddc111a1214f.jpg\",\"contentUrl\":\"https:\\\/\\\/www.dillerbottle.com\\\/wp-content\\\/uploads\\\/2024\\\/09\\\/portable-household-thermo-jug77550651-a7a2-44ff-933d-ddc111a1214f.jpg\",\"width\":730,\"height\":730},{\"@type\":\"BreadcrumbList\",\"@id\":\"https:\\\/\\\/www.dillerbottle.com\\\/ru\\\/%d0%bf%d1%80%d0%be%d0%b4%d1%83%d0%ba%d1%82%d1%8b\\\/%d0%bf%d0%be%d1%80%d1%82%d0%b0%d1%82%d0%b8%d0%b2%d0%bd%d1%8b%d0%b9-%d0%b1%d1%8b%d1%82%d0%be%d0%b2%d0%be%d0%b9-%d1%82%d0%b5%d1%80%d0%bc%d0%be%d0%ba%d1%83%d0%b2%d1%88%d0%b8%d0%bd#breadcrumb\",\"itemListElement\":[{\"@type\":\"ListItem\",\"position\":1,\"name\":\"Home\",\"item\":\"https:\\\/\\\/www.dillerbottle.com\\\/\"},{\"@type\":\"ListItem\",\"position\":2,\"name\":\"Products\",\"item\":\"https:\\\/\\\/www.dillerbottle.com\\\/shop\"},{\"@type\":\"ListItem\",\"position\":3,\"name\":\"Portable Household Thermo Jug\"}]},{\"@type\":\"WebSite\",\"@id\":\"https:\\\/\\\/www.dillerbottle.com\\\/#website\",\"url\":\"https:\\\/\\\/www.dillerbottle.com\\\/\",\"name\":\"Diller Water Bottle Manufacturer\",\"description\":\"Water Bottle Manufacturer\",\"publisher\":{\"@id\":\"https:\\\/\\\/www.dillerbottle.com\\\/#organization\"},\"potentialAction\":[{\"@type\":\"SearchAction\",\"target\":{\"@type\":\"EntryPoint\",\"urlTemplate\":\"https:\\\/\\\/www.dillerbottle.com\\\/?s={search_term_string}\"},\"query-input\":{\"@type\":\"PropertyValueSpecification\",\"valueRequired\":true,\"valueName\":\"search_term_string\"}}],\"inLanguage\":\"pt-PT\"},{\"@type\":\"Organization\",\"@id\":\"https:\\\/\\\/www.dillerbottle.com\\\/#organization\",\"name\":\"Diller Water Bottle Manufacturer\",\"url\":\"https:\\\/\\\/www.dillerbottle.com\\\/\",\"logo\":{\"@type\":\"ImageObject\",\"inLanguage\":\"pt-PT\",\"@id\":\"https:\\\/\\\/www.dillerbottle.com\\\/#\\\/schema\\\/logo\\\/image\\\/\",\"url\":\"https:\\\/\\\/www.dillerbottle.com\\\/wp-content\\\/uploads\\\/2024\\\/09\\\/49918bfa848dcc1e9f8b509933603ac.png\",\"contentUrl\":\"https:\\\/\\\/www.dillerbottle.com\\\/wp-content\\\/uploads\\\/2024\\\/09\\\/49918bfa848dcc1e9f8b509933603ac.png\",\"width\":988,\"height\":198,\"caption\":\"Diller Water Bottle Manufacturer\"},\"image\":{\"@id\":\"https:\\\/\\\/www.dillerbottle.com\\\/#\\\/schema\\\/logo\\\/image\\\/\"}}]}<\/script>\n<!-- \/ Yoast SEO Premium plugin. -->","yoast_head_json":{"title":"Jarro t\u00e9rmico dom\u00e9stico port\u00e1til - Fabricante de garrafas de \u00e1gua Diller","description":"Como um dos melhores fabricantes e fornecedores de jarras t\u00e9rmicas port\u00e1teis para uso dom\u00e9stico, estamos engajados na fabrica\u00e7\u00e3o de garrafas de \u00e1gua de boa qualidade. N\u00f3s calorosamente convidamos voc\u00ea a vender no atacado ou comprar jarras t\u00e9rmicas port\u00e1teis personalizadas para uso dom\u00e9stico a pre\u00e7os competitivos conosco. Al\u00e9m disso, pedidos de pequenas quantidades s\u00e3o aceit\u00e1veis.","robots":{"index":"index","follow":"follow","max-snippet":"max-snippet:-1","max-image-preview":"max-image-preview:large","max-video-preview":"max-video-preview:-1"},"canonical":"https:\/\/www.dillerbottle.com\/pt\/produtos\/jarra-termica-domestica-portatil","og_locale":"pt_PT","og_type":"article","og_title":"Portable Household Thermo Jug","og_description":"As one of the best portable household thermo jug manufacturers and suppliers, we are engaged in manufacturing good quality water bottles. We warmly welcome you to wholesale or buy custom made portable household thermo jug at competitive price from us. Also, small quantity orders are acceptable.","og_url":"https:\/\/www.dillerbottle.com\/pt\/produtos\/jarra-termica-domestica-portatil","og_site_name":"Diller Water Bottle Manufacturer","article_modified_time":"2025-07-10T07:24:19+00:00","og_image":[{"width":730,"height":730,"url":"https:\/\/www.dillerbottle.com\/wp-content\/uploads\/2024\/09\/portable-household-thermo-jug77550651-a7a2-44ff-933d-ddc111a1214f.jpg","type":"image\/jpeg"}],"twitter_card":"summary_large_image","twitter_misc":{"Tempo estimado de leitura":"6 minutos"},"schema":{"@context":"https:\/\/schema.org","@graph":[{"@type":"WebPage","@id":"https:\/\/www.dillerbottle.com\/ru\/%d0%bf%d1%80%d0%be%d0%b4%d1%83%d0%ba%d1%82%d1%8b\/%d0%bf%d0%be%d1%80%d1%82%d0%b0%d1%82%d0%b8%d0%b2%d0%bd%d1%8b%d0%b9-%d0%b1%d1%8b%d1%82%d0%be%d0%b2%d0%be%d0%b9-%d1%82%d0%b5%d1%80%d0%bc%d0%be%d0%ba%d1%83%d0%b2%d1%88%d0%b8%d0%bd","url":"https:\/\/www.dillerbottle.com\/ru\/%d0%bf%d1%80%d0%be%d0%b4%d1%83%d0%ba%d1%82%d1%8b\/%d0%bf%d0%be%d1%80%d1%82%d0%b0%d1%82%d0%b8%d0%b2%d0%bd%d1%8b%d0%b9-%d0%b1%d1%8b%d1%82%d0%be%d0%b2%d0%be%d0%b9-%d1%82%d0%b5%d1%80%d0%bc%d0%be%d0%ba%d1%83%d0%b2%d1%88%d0%b8%d0%bd","name":"Jarro t\u00e9rmico dom\u00e9stico port\u00e1til - Fabricante de garrafas de \u00e1gua Diller","isPartOf":{"@id":"https:\/\/www.dillerbottle.com\/#website"},"primaryImageOfPage":{"@id":"https:\/\/www.dillerbottle.com\/ru\/%d0%bf%d1%80%d0%be%d0%b4%d1%83%d0%ba%d1%82%d1%8b\/%d0%bf%d0%be%d1%80%d1%82%d0%b0%d1%82%d0%b8%d0%b2%d0%bd%d1%8b%d0%b9-%d0%b1%d1%8b%d1%82%d0%be%d0%b2%d0%be%d0%b9-%d1%82%d0%b5%d1%80%d0%bc%d0%be%d0%ba%d1%83%d0%b2%d1%88%d0%b8%d0%bd#primaryimage"},"image":{"@id":"https:\/\/www.dillerbottle.com\/ru\/%d0%bf%d1%80%d0%be%d0%b4%d1%83%d0%ba%d1%82%d1%8b\/%d0%bf%d0%be%d1%80%d1%82%d0%b0%d1%82%d0%b8%d0%b2%d0%bd%d1%8b%d0%b9-%d0%b1%d1%8b%d1%82%d0%be%d0%b2%d0%be%d0%b9-%d1%82%d0%b5%d1%80%d0%bc%d0%be%d0%ba%d1%83%d0%b2%d1%88%d0%b8%d0%bd#primaryimage"},"thumbnailUrl":"https:\/\/www.dillerbottle.com\/wp-content\/uploads\/2024\/09\/portable-household-thermo-jug77550651-a7a2-44ff-933d-ddc111a1214f.jpg","datePublished":"2024-09-26T02:01:59+00:00","dateModified":"2025-07-10T07:24:19+00:00","description":"Como um dos melhores fabricantes e fornecedores de jarras t\u00e9rmicas port\u00e1teis para uso dom\u00e9stico, estamos engajados na fabrica\u00e7\u00e3o de garrafas de \u00e1gua de boa qualidade. N\u00f3s calorosamente convidamos voc\u00ea a vender no atacado ou comprar jarras t\u00e9rmicas port\u00e1teis personalizadas para uso dom\u00e9stico a pre\u00e7os competitivos conosco. Al\u00e9m disso, pedidos de pequenas quantidades s\u00e3o aceit\u00e1veis.","breadcrumb":{"@id":"https:\/\/www.dillerbottle.com\/ru\/%d0%bf%d1%80%d0%be%d0%b4%d1%83%d0%ba%d1%82%d1%8b\/%d0%bf%d0%be%d1%80%d1%82%d0%b0%d1%82%d0%b8%d0%b2%d0%bd%d1%8b%d0%b9-%d0%b1%d1%8b%d1%82%d0%be%d0%b2%d0%be%d0%b9-%d1%82%d0%b5%d1%80%d0%bc%d0%be%d0%ba%d1%83%d0%b2%d1%88%d0%b8%d0%bd#breadcrumb"},"inLanguage":"pt-PT","potentialAction":[{"@type":"ReadAction","target":["https:\/\/www.dillerbottle.com\/ru\/%d0%bf%d1%80%d0%be%d0%b4%d1%83%d0%ba%d1%82%d1%8b\/%d0%bf%d0%be%d1%80%d1%82%d0%b0%d1%82%d0%b8%d0%b2%d0%bd%d1%8b%d0%b9-%d0%b1%d1%8b%d1%82%d0%be%d0%b2%d0%be%d0%b9-%d1%82%d0%b5%d1%80%d0%bc%d0%be%d0%ba%d1%83%d0%b2%d1%88%d0%b8%d0%bd"]}]},{"@type":"ImageObject","inLanguage":"pt-PT","@id":"https:\/\/www.dillerbottle.com\/ru\/%d0%bf%d1%80%d0%be%d0%b4%d1%83%d0%ba%d1%82%d1%8b\/%d0%bf%d0%be%d1%80%d1%82%d0%b0%d1%82%d0%b8%d0%b2%d0%bd%d1%8b%d0%b9-%d0%b1%d1%8b%d1%82%d0%be%d0%b2%d0%be%d0%b9-%d1%82%d0%b5%d1%80%d0%bc%d0%be%d0%ba%d1%83%d0%b2%d1%88%d0%b8%d0%bd#primaryimage","url":"https:\/\/www.dillerbottle.com\/wp-content\/uploads\/2024\/09\/portable-household-thermo-jug77550651-a7a2-44ff-933d-ddc111a1214f.jpg","contentUrl":"https:\/\/www.dillerbottle.com\/wp-content\/uploads\/2024\/09\/portable-household-thermo-jug77550651-a7a2-44ff-933d-ddc111a1214f.jpg","width":730,"height":730},{"@type":"BreadcrumbList","@id":"https:\/\/www.dillerbottle.com\/ru\/%d0%bf%d1%80%d0%be%d0%b4%d1%83%d0%ba%d1%82%d1%8b\/%d0%bf%d0%be%d1%80%d1%82%d0%b0%d1%82%d0%b8%d0%b2%d0%bd%d1%8b%d0%b9-%d0%b1%d1%8b%d1%82%d0%be%d0%b2%d0%be%d0%b9-%d1%82%d0%b5%d1%80%d0%bc%d0%be%d0%ba%d1%83%d0%b2%d1%88%d0%b8%d0%bd#breadcrumb","itemListElement":[{"@type":"ListItem","position":1,"name":"Home","item":"https:\/\/www.dillerbottle.com\/"},{"@type":"ListItem","position":2,"name":"Products","item":"https:\/\/www.dillerbottle.com\/shop"},{"@type":"ListItem","position":3,"name":"Portable Household Thermo Jug"}]},{"@type":"WebSite","@id":"https:\/\/www.dillerbottle.com\/#website","url":"https:\/\/www.dillerbottle.com\/","name":"Garrafa de \u00e1gua Diller Fabricante","description":"Garrafa de \u00e1gua Fabricante","publisher":{"@id":"https:\/\/www.dillerbottle.com\/#organization"},"potentialAction":[{"@type":"SearchAction","target":{"@type":"EntryPoint","urlTemplate":"https:\/\/www.dillerbottle.com\/?s={search_term_string}"},"query-input":{"@type":"PropertyValueSpecification","valueRequired":true,"valueName":"search_term_string"}}],"inLanguage":"pt-PT"},{"@type":"Organization","@id":"https:\/\/www.dillerbottle.com\/#organization","name":"Garrafa de \u00e1gua Diller Fabricante","url":"https:\/\/www.dillerbottle.com\/","logo":{"@type":"ImageObject","inLanguage":"pt-PT","@id":"https:\/\/www.dillerbottle.com\/#\/schema\/logo\/image\/","url":"https:\/\/www.dillerbottle.com\/wp-content\/uploads\/2024\/09\/49918bfa848dcc1e9f8b509933603ac.png","contentUrl":"https:\/\/www.dillerbottle.com\/wp-content\/uploads\/2024\/09\/49918bfa848dcc1e9f8b509933603ac.png","width":988,"height":198,"caption":"Diller Water Bottle Manufacturer"},"image":{"@id":"https:\/\/www.dillerbottle.com\/#\/schema\/logo\/image\/"}}]}},"_links":{"self":[{"href":"https:\/\/www.dillerbottle.com\/pt\/wp-json\/wp\/v2\/product\/3119","targetHints":{"allow":["GET"]}}],"collection":[{"href":"https:\/\/www.dillerbottle.com\/pt\/wp-json\/wp\/v2\/product"}],"about":[{"href":"https:\/\/www.dillerbottle.com\/pt\/wp-json\/wp\/v2\/types\/product"}],"replies":[{"embeddable":true,"href":"https:\/\/www.dillerbottle.com\/pt\/wp-json\/wp\/v2\/comments?post=3119"}],"wp:featuredmedia":[{"embeddable":true,"href":"https:\/\/www.dillerbottle.com\/pt\/wp-json\/wp\/v2\/media\/3120"}],"wp:attachment":[{"href":"https:\/\/www.dillerbottle.com\/pt\/wp-json\/wp\/v2\/media?parent=3119"}],"wp:term":[{"taxonomy":"product_brand","embeddable":true,"href":"https:\/\/www.dillerbottle.com\/pt\/wp-json\/wp\/v2\/product_brand?post=3119"},{"taxonomy":"product_cat","embeddable":true,"href":"https:\/\/www.dillerbottle.com\/pt\/wp-json\/wp\/v2\/product_cat?post=3119"},{"taxonomy":"product_tag","embeddable":true,"href":"https:\/\/www.dillerbottle.com\/pt\/wp-json\/wp\/v2\/product_tag?post=3119"}],"curies":[{"name":"wp","href":"https:\/\/api.w.org\/{rel}","templated":true}]}}