{"id":3210,"date":"2024-09-26T10:03:15","date_gmt":"2024-09-26T02:03:15","guid":{"rendered":"https:\/\/demo.dillerbottle.com\/uncategorized\/kettle-with-tea-infuser"},"modified":"2025-07-10T15:23:55","modified_gmt":"2025-07-10T07:23:55","slug":"chaleira-com-infusor-de-cha","status":"publish","type":"product","link":"https:\/\/www.dillerbottle.com\/pt\/products\/kettle-with-tea-infuser","title":{"rendered":"Chaleira com infusor de ch\u00e1"},"content":{"rendered":"<p>Caracter\u00edsticas:<br \/>\n1. A chaleira com infusor de ch\u00e1 \u00e9 feita de a\u00e7o inoxid\u00e1vel de parede dupla, que pode manter as bebidas na temperatura ideal e tem excelente efeito de isolamento. A al\u00e7a \u00e9 confort\u00e1vel e f\u00e1cil de segurar.<\/p>\n<p>2. Cada curva, al\u00e7a e bot\u00e3o nesta chaleira isolada dom\u00e9stica foi criada com conforto e facilidade em mente. A chaleira isolada dom\u00e9stica \u00e9 estanque e \u00e0 prova de vazamentos com um bot\u00e3o de press\u00e3o para libera\u00e7\u00e3o instant\u00e2nea.<\/p>\n<p>3. Design de bot\u00e3o de press\u00e3o, f\u00e1cil de despejar \u2013 Possui al\u00e7a adiab\u00e1tica ergon\u00f4mica de f\u00e1cil manuseio, al\u00e9m de um bot\u00e3o de press\u00e3o simples que torna o vazamento com uma s\u00f3 m\u00e3o mais conveniente.<\/p>\n<p>4.;H\u00e1 um fino infusor de ch\u00e1 de a\u00e7o inoxid\u00e1vel que permite que voc\u00ea prepare um bule de ch\u00e1 bom em casa e saboreie-o lentamente.<\/p>","protected":false},"excerpt":{"rendered":"<p>Esta chaleira com infusor de ch\u00e1 \u00e9 feita de a\u00e7o inoxid\u00e1vel e materiais de qualidade alimentar.<br \/>\nEsta chaleira isolada pode manter o conte\u00fado quente ou gelado por at\u00e9 6 a 12 horas.<br \/>\nColoque as folhas de ch\u00e1 no infusor e voc\u00ea poder\u00e1 obter um bule de ch\u00e1.<br \/>\nOEM e ODM aceit\u00e1veis.<br \/>\nPodemos personalizar a chaleira de acordo com suas necessidades.<br \/>\nBem-vindo \u00e0 compra por atacado, envie sua consulta agora!<\/p>","protected":false},"featured_media":3211,"comment_status":"open","ping_status":"closed","template":"","meta":{"_acf_changed":false},"product_brand":[],"product_cat":[1084],"product_tag":[32,36,33,31,39,38,190,193,29,37,34,35,28,30],"class_list":{"0":"post-3210","1":"product","2":"type-product","3":"status-publish","4":"has-post-thumbnail","6":"product_cat-kettle","7":"product_tag-best","8":"product_tag-bulk","9":"product_tag-buy","10":"product_tag-custom","11":"product_tag-for-sale","12":"product_tag-good-quality","13":"product_tag-kettle","14":"product_tag-kettle-with-tea-infuser","15":"product_tag-manufacturers","16":"product_tag-manufacturing","17":"product_tag-price","18":"product_tag-small","19":"product_tag-suppliers","20":"product_tag-wholesale","22":"first","23":"instock","24":"shipping-taxable","25":"product-type-simple"},"acf":[],"yoast_head":"<!-- This site is optimized with the Yoast SEO Premium plugin v27.5 (Yoast SEO v27.5) - https:\/\/yoast.com\/product\/yoast-seo-premium-wordpress\/ -->\n<title>Kettle With Tea Infuser - Diller Water Bottle Manufacturer<\/title>\n<meta name=\"description\" content=\"As one of the best kettle with tea infuser manufacturers and suppliers, we are engaged in manufacturing good quality water bottles. We warmly welcome you to wholesale or buy custom made kettle with tea infuser at competitive price from us. Also, small quantity orders are acceptable.\" \/>\n<meta name=\"robots\" content=\"index, follow, max-snippet:-1, max-image-preview:large, max-video-preview:-1\" \/>\n<link rel=\"canonical\" href=\"https:\/\/www.dillerbottle.com\/pt\/produtos\/chaleira-com-infusor-de-cha\" \/>\n<meta property=\"og:locale\" content=\"pt_PT\" \/>\n<meta property=\"og:type\" content=\"article\" \/>\n<meta property=\"og:title\" content=\"Kettle With Tea Infuser\" \/>\n<meta property=\"og:description\" content=\"As one of the best kettle with tea infuser manufacturers and suppliers, we are engaged in manufacturing good quality water bottles. We warmly welcome you to wholesale or buy custom made kettle with tea infuser at competitive price from us. Also, small quantity orders are acceptable.\" \/>\n<meta property=\"og:url\" content=\"https:\/\/www.dillerbottle.com\/pt\/produtos\/chaleira-com-infusor-de-cha\" \/>\n<meta property=\"og:site_name\" content=\"Diller Water Bottle Manufacturer\" \/>\n<meta property=\"article:modified_time\" content=\"2025-07-10T07:23:55+00:00\" \/>\n<meta property=\"og:image\" content=\"https:\/\/www.dillerbottle.com\/wp-content\/uploads\/2024\/09\/kettle-with-tea-infuser7a62913d-6122-472d-8ec3-9d882fbe148d.jpg\" \/>\n\t<meta property=\"og:image:width\" content=\"730\" \/>\n\t<meta property=\"og:image:height\" content=\"730\" \/>\n\t<meta property=\"og:image:type\" content=\"image\/jpeg\" \/>\n<meta name=\"twitter:card\" content=\"summary_large_image\" \/>\n<meta name=\"twitter:label1\" content=\"Tempo estimado de leitura\" \/>\n\t<meta name=\"twitter:data1\" content=\"5 minutos\" \/>\n<script type=\"application\/ld+json\" class=\"yoast-schema-graph\">{\"@context\":\"https:\\\/\\\/schema.org\",\"@graph\":[{\"@type\":\"WebPage\",\"@id\":\"https:\\\/\\\/www.dillerbottle.com\\\/th\\\/%e0%b8%aa%e0%b8%b4%e0%b8%99%e0%b8%84%e0%b9%89%e0%b8%b2\\\/%e0%b8%81%e0%b8%b2%e0%b8%99%e0%b9%89%e0%b8%b3%e0%b8%8a%e0%b8%b2%e0%b8%9e%e0%b8%a3%e0%b9%89%e0%b8%ad%e0%b8%a1%e0%b8%97%e0%b8%b5%e0%b9%88%e0%b8%8a%e0%b8%87%e0%b8%8a%e0%b8%b2\",\"url\":\"https:\\\/\\\/www.dillerbottle.com\\\/th\\\/%e0%b8%aa%e0%b8%b4%e0%b8%99%e0%b8%84%e0%b9%89%e0%b8%b2\\\/%e0%b8%81%e0%b8%b2%e0%b8%99%e0%b9%89%e0%b8%b3%e0%b8%8a%e0%b8%b2%e0%b8%9e%e0%b8%a3%e0%b9%89%e0%b8%ad%e0%b8%a1%e0%b8%97%e0%b8%b5%e0%b9%88%e0%b8%8a%e0%b8%87%e0%b8%8a%e0%b8%b2\",\"name\":\"Kettle With Tea Infuser - Diller Water Bottle Manufacturer\",\"isPartOf\":{\"@id\":\"https:\\\/\\\/www.dillerbottle.com\\\/#website\"},\"primaryImageOfPage\":{\"@id\":\"https:\\\/\\\/www.dillerbottle.com\\\/th\\\/%e0%b8%aa%e0%b8%b4%e0%b8%99%e0%b8%84%e0%b9%89%e0%b8%b2\\\/%e0%b8%81%e0%b8%b2%e0%b8%99%e0%b9%89%e0%b8%b3%e0%b8%8a%e0%b8%b2%e0%b8%9e%e0%b8%a3%e0%b9%89%e0%b8%ad%e0%b8%a1%e0%b8%97%e0%b8%b5%e0%b9%88%e0%b8%8a%e0%b8%87%e0%b8%8a%e0%b8%b2#primaryimage\"},\"image\":{\"@id\":\"https:\\\/\\\/www.dillerbottle.com\\\/th\\\/%e0%b8%aa%e0%b8%b4%e0%b8%99%e0%b8%84%e0%b9%89%e0%b8%b2\\\/%e0%b8%81%e0%b8%b2%e0%b8%99%e0%b9%89%e0%b8%b3%e0%b8%8a%e0%b8%b2%e0%b8%9e%e0%b8%a3%e0%b9%89%e0%b8%ad%e0%b8%a1%e0%b8%97%e0%b8%b5%e0%b9%88%e0%b8%8a%e0%b8%87%e0%b8%8a%e0%b8%b2#primaryimage\"},\"thumbnailUrl\":\"https:\\\/\\\/www.dillerbottle.com\\\/wp-content\\\/uploads\\\/2024\\\/09\\\/kettle-with-tea-infuser7a62913d-6122-472d-8ec3-9d882fbe148d.jpg\",\"datePublished\":\"2024-09-26T02:03:15+00:00\",\"dateModified\":\"2025-07-10T07:23:55+00:00\",\"description\":\"As one of the best kettle with tea infuser manufacturers and suppliers, we are engaged in manufacturing good quality water bottles. We warmly welcome you to wholesale or buy custom made kettle with tea infuser at competitive price from us. Also, small quantity orders are acceptable.\",\"breadcrumb\":{\"@id\":\"https:\\\/\\\/www.dillerbottle.com\\\/th\\\/%e0%b8%aa%e0%b8%b4%e0%b8%99%e0%b8%84%e0%b9%89%e0%b8%b2\\\/%e0%b8%81%e0%b8%b2%e0%b8%99%e0%b9%89%e0%b8%b3%e0%b8%8a%e0%b8%b2%e0%b8%9e%e0%b8%a3%e0%b9%89%e0%b8%ad%e0%b8%a1%e0%b8%97%e0%b8%b5%e0%b9%88%e0%b8%8a%e0%b8%87%e0%b8%8a%e0%b8%b2#breadcrumb\"},\"inLanguage\":\"pt-PT\",\"potentialAction\":[{\"@type\":\"ReadAction\",\"target\":[\"https:\\\/\\\/www.dillerbottle.com\\\/th\\\/%e0%b8%aa%e0%b8%b4%e0%b8%99%e0%b8%84%e0%b9%89%e0%b8%b2\\\/%e0%b8%81%e0%b8%b2%e0%b8%99%e0%b9%89%e0%b8%b3%e0%b8%8a%e0%b8%b2%e0%b8%9e%e0%b8%a3%e0%b9%89%e0%b8%ad%e0%b8%a1%e0%b8%97%e0%b8%b5%e0%b9%88%e0%b8%8a%e0%b8%87%e0%b8%8a%e0%b8%b2\"]}]},{\"@type\":\"ImageObject\",\"inLanguage\":\"pt-PT\",\"@id\":\"https:\\\/\\\/www.dillerbottle.com\\\/th\\\/%e0%b8%aa%e0%b8%b4%e0%b8%99%e0%b8%84%e0%b9%89%e0%b8%b2\\\/%e0%b8%81%e0%b8%b2%e0%b8%99%e0%b9%89%e0%b8%b3%e0%b8%8a%e0%b8%b2%e0%b8%9e%e0%b8%a3%e0%b9%89%e0%b8%ad%e0%b8%a1%e0%b8%97%e0%b8%b5%e0%b9%88%e0%b8%8a%e0%b8%87%e0%b8%8a%e0%b8%b2#primaryimage\",\"url\":\"https:\\\/\\\/www.dillerbottle.com\\\/wp-content\\\/uploads\\\/2024\\\/09\\\/kettle-with-tea-infuser7a62913d-6122-472d-8ec3-9d882fbe148d.jpg\",\"contentUrl\":\"https:\\\/\\\/www.dillerbottle.com\\\/wp-content\\\/uploads\\\/2024\\\/09\\\/kettle-with-tea-infuser7a62913d-6122-472d-8ec3-9d882fbe148d.jpg\",\"width\":730,\"height\":730},{\"@type\":\"BreadcrumbList\",\"@id\":\"https:\\\/\\\/www.dillerbottle.com\\\/th\\\/%e0%b8%aa%e0%b8%b4%e0%b8%99%e0%b8%84%e0%b9%89%e0%b8%b2\\\/%e0%b8%81%e0%b8%b2%e0%b8%99%e0%b9%89%e0%b8%b3%e0%b8%8a%e0%b8%b2%e0%b8%9e%e0%b8%a3%e0%b9%89%e0%b8%ad%e0%b8%a1%e0%b8%97%e0%b8%b5%e0%b9%88%e0%b8%8a%e0%b8%87%e0%b8%8a%e0%b8%b2#breadcrumb\",\"itemListElement\":[{\"@type\":\"ListItem\",\"position\":1,\"name\":\"Home\",\"item\":\"https:\\\/\\\/www.dillerbottle.com\\\/\"},{\"@type\":\"ListItem\",\"position\":2,\"name\":\"Products\",\"item\":\"https:\\\/\\\/www.dillerbottle.com\\\/shop\"},{\"@type\":\"ListItem\",\"position\":3,\"name\":\"Kettle With Tea Infuser\"}]},{\"@type\":\"WebSite\",\"@id\":\"https:\\\/\\\/www.dillerbottle.com\\\/#website\",\"url\":\"https:\\\/\\\/www.dillerbottle.com\\\/\",\"name\":\"Diller Water Bottle Manufacturer\",\"description\":\"Water Bottle Manufacturer\",\"publisher\":{\"@id\":\"https:\\\/\\\/www.dillerbottle.com\\\/#organization\"},\"potentialAction\":[{\"@type\":\"SearchAction\",\"target\":{\"@type\":\"EntryPoint\",\"urlTemplate\":\"https:\\\/\\\/www.dillerbottle.com\\\/?s={search_term_string}\"},\"query-input\":{\"@type\":\"PropertyValueSpecification\",\"valueRequired\":true,\"valueName\":\"search_term_string\"}}],\"inLanguage\":\"pt-PT\"},{\"@type\":\"Organization\",\"@id\":\"https:\\\/\\\/www.dillerbottle.com\\\/#organization\",\"name\":\"Diller Water Bottle Manufacturer\",\"url\":\"https:\\\/\\\/www.dillerbottle.com\\\/\",\"logo\":{\"@type\":\"ImageObject\",\"inLanguage\":\"pt-PT\",\"@id\":\"https:\\\/\\\/www.dillerbottle.com\\\/#\\\/schema\\\/logo\\\/image\\\/\",\"url\":\"https:\\\/\\\/www.dillerbottle.com\\\/wp-content\\\/uploads\\\/2024\\\/09\\\/49918bfa848dcc1e9f8b509933603ac.png\",\"contentUrl\":\"https:\\\/\\\/www.dillerbottle.com\\\/wp-content\\\/uploads\\\/2024\\\/09\\\/49918bfa848dcc1e9f8b509933603ac.png\",\"width\":988,\"height\":198,\"caption\":\"Diller Water Bottle Manufacturer\"},\"image\":{\"@id\":\"https:\\\/\\\/www.dillerbottle.com\\\/#\\\/schema\\\/logo\\\/image\\\/\"}}]}<\/script>\n<!-- \/ Yoast SEO Premium plugin. -->","yoast_head_json":{"title":"Chaleira com infusor de ch\u00e1 - Fabricante de garrafas de \u00e1gua Diller","description":"Como um dos melhores fabricantes e fornecedores de chaleiras com infusor de ch\u00e1, estamos envolvidos na fabrica\u00e7\u00e3o de garrafas de \u00e1gua de boa qualidade. N\u00f3s calorosamente convidamos voc\u00ea a vender no atacado ou comprar chaleiras personalizadas com infusor de ch\u00e1 a pre\u00e7os competitivos conosco. Al\u00e9m disso, pedidos de pequenas quantidades s\u00e3o aceit\u00e1veis.","robots":{"index":"index","follow":"follow","max-snippet":"max-snippet:-1","max-image-preview":"max-image-preview:large","max-video-preview":"max-video-preview:-1"},"canonical":"https:\/\/www.dillerbottle.com\/pt\/produtos\/chaleira-com-infusor-de-cha","og_locale":"pt_PT","og_type":"article","og_title":"Kettle With Tea Infuser","og_description":"As one of the best kettle with tea infuser manufacturers and suppliers, we are engaged in manufacturing good quality water bottles. We warmly welcome you to wholesale or buy custom made kettle with tea infuser at competitive price from us. Also, small quantity orders are acceptable.","og_url":"https:\/\/www.dillerbottle.com\/pt\/produtos\/chaleira-com-infusor-de-cha","og_site_name":"Diller Water Bottle Manufacturer","article_modified_time":"2025-07-10T07:23:55+00:00","og_image":[{"width":730,"height":730,"url":"https:\/\/www.dillerbottle.com\/wp-content\/uploads\/2024\/09\/kettle-with-tea-infuser7a62913d-6122-472d-8ec3-9d882fbe148d.jpg","type":"image\/jpeg"}],"twitter_card":"summary_large_image","twitter_misc":{"Tempo estimado de leitura":"5 minutos"},"schema":{"@context":"https:\/\/schema.org","@graph":[{"@type":"WebPage","@id":"https:\/\/www.dillerbottle.com\/th\/%e0%b8%aa%e0%b8%b4%e0%b8%99%e0%b8%84%e0%b9%89%e0%b8%b2\/%e0%b8%81%e0%b8%b2%e0%b8%99%e0%b9%89%e0%b8%b3%e0%b8%8a%e0%b8%b2%e0%b8%9e%e0%b8%a3%e0%b9%89%e0%b8%ad%e0%b8%a1%e0%b8%97%e0%b8%b5%e0%b9%88%e0%b8%8a%e0%b8%87%e0%b8%8a%e0%b8%b2","url":"https:\/\/www.dillerbottle.com\/th\/%e0%b8%aa%e0%b8%b4%e0%b8%99%e0%b8%84%e0%b9%89%e0%b8%b2\/%e0%b8%81%e0%b8%b2%e0%b8%99%e0%b9%89%e0%b8%b3%e0%b8%8a%e0%b8%b2%e0%b8%9e%e0%b8%a3%e0%b9%89%e0%b8%ad%e0%b8%a1%e0%b8%97%e0%b8%b5%e0%b9%88%e0%b8%8a%e0%b8%87%e0%b8%8a%e0%b8%b2","name":"Chaleira com infusor de ch\u00e1 - Fabricante de garrafas de \u00e1gua Diller","isPartOf":{"@id":"https:\/\/www.dillerbottle.com\/#website"},"primaryImageOfPage":{"@id":"https:\/\/www.dillerbottle.com\/th\/%e0%b8%aa%e0%b8%b4%e0%b8%99%e0%b8%84%e0%b9%89%e0%b8%b2\/%e0%b8%81%e0%b8%b2%e0%b8%99%e0%b9%89%e0%b8%b3%e0%b8%8a%e0%b8%b2%e0%b8%9e%e0%b8%a3%e0%b9%89%e0%b8%ad%e0%b8%a1%e0%b8%97%e0%b8%b5%e0%b9%88%e0%b8%8a%e0%b8%87%e0%b8%8a%e0%b8%b2#primaryimage"},"image":{"@id":"https:\/\/www.dillerbottle.com\/th\/%e0%b8%aa%e0%b8%b4%e0%b8%99%e0%b8%84%e0%b9%89%e0%b8%b2\/%e0%b8%81%e0%b8%b2%e0%b8%99%e0%b9%89%e0%b8%b3%e0%b8%8a%e0%b8%b2%e0%b8%9e%e0%b8%a3%e0%b9%89%e0%b8%ad%e0%b8%a1%e0%b8%97%e0%b8%b5%e0%b9%88%e0%b8%8a%e0%b8%87%e0%b8%8a%e0%b8%b2#primaryimage"},"thumbnailUrl":"https:\/\/www.dillerbottle.com\/wp-content\/uploads\/2024\/09\/kettle-with-tea-infuser7a62913d-6122-472d-8ec3-9d882fbe148d.jpg","datePublished":"2024-09-26T02:03:15+00:00","dateModified":"2025-07-10T07:23:55+00:00","description":"Como um dos melhores fabricantes e fornecedores de chaleiras com infusor de ch\u00e1, estamos envolvidos na fabrica\u00e7\u00e3o de garrafas de \u00e1gua de boa qualidade. N\u00f3s calorosamente convidamos voc\u00ea a vender no atacado ou comprar chaleiras personalizadas com infusor de ch\u00e1 a pre\u00e7os competitivos conosco. Al\u00e9m disso, pedidos de pequenas quantidades s\u00e3o aceit\u00e1veis.","breadcrumb":{"@id":"https:\/\/www.dillerbottle.com\/th\/%e0%b8%aa%e0%b8%b4%e0%b8%99%e0%b8%84%e0%b9%89%e0%b8%b2\/%e0%b8%81%e0%b8%b2%e0%b8%99%e0%b9%89%e0%b8%b3%e0%b8%8a%e0%b8%b2%e0%b8%9e%e0%b8%a3%e0%b9%89%e0%b8%ad%e0%b8%a1%e0%b8%97%e0%b8%b5%e0%b9%88%e0%b8%8a%e0%b8%87%e0%b8%8a%e0%b8%b2#breadcrumb"},"inLanguage":"pt-PT","potentialAction":[{"@type":"ReadAction","target":["https:\/\/www.dillerbottle.com\/th\/%e0%b8%aa%e0%b8%b4%e0%b8%99%e0%b8%84%e0%b9%89%e0%b8%b2\/%e0%b8%81%e0%b8%b2%e0%b8%99%e0%b9%89%e0%b8%b3%e0%b8%8a%e0%b8%b2%e0%b8%9e%e0%b8%a3%e0%b9%89%e0%b8%ad%e0%b8%a1%e0%b8%97%e0%b8%b5%e0%b9%88%e0%b8%8a%e0%b8%87%e0%b8%8a%e0%b8%b2"]}]},{"@type":"ImageObject","inLanguage":"pt-PT","@id":"https:\/\/www.dillerbottle.com\/th\/%e0%b8%aa%e0%b8%b4%e0%b8%99%e0%b8%84%e0%b9%89%e0%b8%b2\/%e0%b8%81%e0%b8%b2%e0%b8%99%e0%b9%89%e0%b8%b3%e0%b8%8a%e0%b8%b2%e0%b8%9e%e0%b8%a3%e0%b9%89%e0%b8%ad%e0%b8%a1%e0%b8%97%e0%b8%b5%e0%b9%88%e0%b8%8a%e0%b8%87%e0%b8%8a%e0%b8%b2#primaryimage","url":"https:\/\/www.dillerbottle.com\/wp-content\/uploads\/2024\/09\/kettle-with-tea-infuser7a62913d-6122-472d-8ec3-9d882fbe148d.jpg","contentUrl":"https:\/\/www.dillerbottle.com\/wp-content\/uploads\/2024\/09\/kettle-with-tea-infuser7a62913d-6122-472d-8ec3-9d882fbe148d.jpg","width":730,"height":730},{"@type":"BreadcrumbList","@id":"https:\/\/www.dillerbottle.com\/th\/%e0%b8%aa%e0%b8%b4%e0%b8%99%e0%b8%84%e0%b9%89%e0%b8%b2\/%e0%b8%81%e0%b8%b2%e0%b8%99%e0%b9%89%e0%b8%b3%e0%b8%8a%e0%b8%b2%e0%b8%9e%e0%b8%a3%e0%b9%89%e0%b8%ad%e0%b8%a1%e0%b8%97%e0%b8%b5%e0%b9%88%e0%b8%8a%e0%b8%87%e0%b8%8a%e0%b8%b2#breadcrumb","itemListElement":[{"@type":"ListItem","position":1,"name":"Home","item":"https:\/\/www.dillerbottle.com\/"},{"@type":"ListItem","position":2,"name":"Products","item":"https:\/\/www.dillerbottle.com\/shop"},{"@type":"ListItem","position":3,"name":"Kettle With Tea Infuser"}]},{"@type":"WebSite","@id":"https:\/\/www.dillerbottle.com\/#website","url":"https:\/\/www.dillerbottle.com\/","name":"Garrafa de \u00e1gua Diller Fabricante","description":"Garrafa de \u00e1gua Fabricante","publisher":{"@id":"https:\/\/www.dillerbottle.com\/#organization"},"potentialAction":[{"@type":"SearchAction","target":{"@type":"EntryPoint","urlTemplate":"https:\/\/www.dillerbottle.com\/?s={search_term_string}"},"query-input":{"@type":"PropertyValueSpecification","valueRequired":true,"valueName":"search_term_string"}}],"inLanguage":"pt-PT"},{"@type":"Organization","@id":"https:\/\/www.dillerbottle.com\/#organization","name":"Garrafa de \u00e1gua Diller Fabricante","url":"https:\/\/www.dillerbottle.com\/","logo":{"@type":"ImageObject","inLanguage":"pt-PT","@id":"https:\/\/www.dillerbottle.com\/#\/schema\/logo\/image\/","url":"https:\/\/www.dillerbottle.com\/wp-content\/uploads\/2024\/09\/49918bfa848dcc1e9f8b509933603ac.png","contentUrl":"https:\/\/www.dillerbottle.com\/wp-content\/uploads\/2024\/09\/49918bfa848dcc1e9f8b509933603ac.png","width":988,"height":198,"caption":"Diller Water Bottle Manufacturer"},"image":{"@id":"https:\/\/www.dillerbottle.com\/#\/schema\/logo\/image\/"}}]}},"_links":{"self":[{"href":"https:\/\/www.dillerbottle.com\/pt\/wp-json\/wp\/v2\/product\/3210","targetHints":{"allow":["GET"]}}],"collection":[{"href":"https:\/\/www.dillerbottle.com\/pt\/wp-json\/wp\/v2\/product"}],"about":[{"href":"https:\/\/www.dillerbottle.com\/pt\/wp-json\/wp\/v2\/types\/product"}],"replies":[{"embeddable":true,"href":"https:\/\/www.dillerbottle.com\/pt\/wp-json\/wp\/v2\/comments?post=3210"}],"wp:featuredmedia":[{"embeddable":true,"href":"https:\/\/www.dillerbottle.com\/pt\/wp-json\/wp\/v2\/media\/3211"}],"wp:attachment":[{"href":"https:\/\/www.dillerbottle.com\/pt\/wp-json\/wp\/v2\/media?parent=3210"}],"wp:term":[{"taxonomy":"product_brand","embeddable":true,"href":"https:\/\/www.dillerbottle.com\/pt\/wp-json\/wp\/v2\/product_brand?post=3210"},{"taxonomy":"product_cat","embeddable":true,"href":"https:\/\/www.dillerbottle.com\/pt\/wp-json\/wp\/v2\/product_cat?post=3210"},{"taxonomy":"product_tag","embeddable":true,"href":"https:\/\/www.dillerbottle.com\/pt\/wp-json\/wp\/v2\/product_tag?post=3210"}],"curies":[{"name":"wp","href":"https:\/\/api.w.org\/{rel}","templated":true}]}}