{"id":3471,"date":"2024-09-26T16:27:18","date_gmt":"2024-09-26T08:27:18","guid":{"rendered":"https:\/\/demo.dillerbottle.com\/uncategorized\/lovely-rabbit-ear-water-bottle-for-kid"},"modified":"2025-07-10T15:15:15","modified_gmt":"2025-07-10T07:15:15","slug":"garrafa-de-agua-com-orelhas-de-coelho-para-crianca","status":"publish","type":"product","link":"https:\/\/www.dillerbottle.com\/pt\/products\/lovely-rabbit-ear-water-bottle-for-kid","title":{"rendered":"Linda garrafa de \u00e1gua de orelha de coelho para crian\u00e7a"},"content":{"rendered":"<p>1. A ador\u00e1vel garrafa de \u00e1gua de orelha de coelho para crian\u00e7a \u00e9 feita de Tritan de alta qualidade e materiais de qualidade alimentar, seguros, n\u00e3o t\u00f3xicos e inodoros, permitindo que adultos e crian\u00e7as a usem com confian\u00e7a.<\/p>\n<p>2. A trava de seguran\u00e7a da tampa do copo previne abertura acidental. Anel de borracha de silicone de veda\u00e7\u00e3o embutido, trava firmemente a \u00e1gua.<\/p>\n<p>3. Al\u00e7as ajust\u00e1veis e remov\u00edveis de cortesia tornam mais conveniente carreg\u00e1-lo ao sair. As orelhas de coelho tridimensionais na tampa do copo s\u00e3o feitas de material de silicone macio, adicionando divers\u00e3o \u00e0 bebida das crian\u00e7as.<\/p>\n<p>4. O corpo da garrafa foi concebido com uma forma retangular plana, o que facilita \u00e0s crian\u00e7as agarrarem-na e beberem \u00e1gua.<\/p>\n<p>OEM e ODM aceit\u00e1veis.<br \/>\nPodemos personalizar a garrafa de \u00e1gua de pl\u00e1stico de acordo com suas necessidades.<br \/>\nBem-vindo \u00e0 compra por atacado, envie sua consulta agora!<\/p>\n<p><iframe title=\"Logotipo personalizado bonito coelho palha transparente \u00e0 prova de vazamento tritan bpa livre garrafa de \u00e1gua de pl\u00e1stico para crian\u00e7a d2305\" width=\"800\" height=\"600\" src=\"https:\/\/www.youtube.com\/embed\/G6Pu9-jWlK4?feature=oembed\" frameborder=\"0\" allow=\"accelerometer; autoplay; clipboard-write; encrypted-media; gyroscope; picture-in-picture; web-share\" referrerpolicy=\"strict-origin-when-cross-origin\" allowfullscreen><\/iframe><\/p>","protected":false},"excerpt":{"rendered":"<p>Esta ador\u00e1vel garrafa de \u00e1gua com orelhas de coelho para crian\u00e7a \u00e9 feita de Tritan dur\u00e1vel e materiais de qualidade alimentar.<br \/>\nA trava de seguran\u00e7a da tampa do copo evita abertura acidental.<br \/>\nAnel de borracha de silicone de veda\u00e7\u00e3o incorporado, bloqueia firmemente a \u00e1gua.<br \/>\nA garrafa tem uma al\u00e7a, o que \u00e9 mais pr\u00e1tico para transportar.<br \/>\nOEM e ODM aceit\u00e1veis.<br \/>\nPodemos personalizar a garrafa esportiva de pl\u00e1stico de acordo com suas necessidades.<br \/>\nBem-vindo \u00e0 compra por atacado, envie sua consulta agora!<\/p>","protected":false},"featured_media":3472,"comment_status":"open","ping_status":"closed","template":"","meta":{"_acf_changed":false},"product_brand":[],"product_cat":[200,309],"product_tag":[96,32,36,33,234,31,39,38,233,232,29,37,34,35,221,28,204,216,30],"class_list":{"0":"post-3471","1":"product","2":"type-product","3":"status-publish","4":"has-post-thumbnail","6":"product_cat-kids-water-bottles","7":"product_cat-plastic-water-bottle","8":"product_tag-baby-water-bottle","9":"product_tag-best","10":"product_tag-bulk","11":"product_tag-buy","12":"product_tag-child-water-bottle","13":"product_tag-custom","14":"product_tag-for-sale","15":"product_tag-good-quality","16":"product_tag-kids-water-bottle-for-school","17":"product_tag-lovely-rabbit-ear-water-bottle-for-kid","18":"product_tag-manufacturers","19":"product_tag-manufacturing","20":"product_tag-price","21":"product_tag-small","22":"product_tag-stainless-steel-water-bottle-kids","23":"product_tag-suppliers","24":"product_tag-water-bottle-for-kids-cartoon","25":"product_tag-water-bottle-glass","26":"product_tag-wholesale","28":"first","29":"instock","30":"shipping-taxable","31":"product-type-simple"},"acf":[],"yoast_head":"<!-- This site is optimized with the Yoast SEO Premium plugin v27.5 (Yoast SEO v27.5) - https:\/\/yoast.com\/product\/yoast-seo-premium-wordpress\/ -->\n<title>Lovely Rabbit Ear Water Bottle For Kid - Diller Water Bottle Manufacturer<\/title>\n<meta name=\"description\" content=\"As one of the best lovely rabbit ear water bottle for kid manufacturers and suppliers, we are engaged in manufacturing good quality water bottles. We warmly welcome you to wholesale or buy custom made lovely rabbit ear water bottle for kid at competitive price from us. Also, small quantity orders are acceptable.\" \/>\n<meta name=\"robots\" content=\"index, follow, max-snippet:-1, max-image-preview:large, max-video-preview:-1\" \/>\n<link rel=\"canonical\" href=\"https:\/\/www.dillerbottle.com\/pt\/produtos\/garrafa-de-agua-com-orelhas-de-coelho-para-crianca\" \/>\n<meta property=\"og:locale\" content=\"pt_PT\" \/>\n<meta property=\"og:type\" content=\"article\" \/>\n<meta property=\"og:title\" content=\"Lovely Rabbit Ear Water Bottle For Kid\" \/>\n<meta property=\"og:description\" content=\"As one of the best lovely rabbit ear water bottle for kid manufacturers and suppliers, we are engaged in manufacturing good quality water bottles. We warmly welcome you to wholesale or buy custom made lovely rabbit ear water bottle for kid at competitive price from us. Also, small quantity orders are acceptable.\" \/>\n<meta property=\"og:url\" content=\"https:\/\/www.dillerbottle.com\/pt\/produtos\/garrafa-de-agua-com-orelhas-de-coelho-para-crianca\" \/>\n<meta property=\"og:site_name\" content=\"Diller Water Bottle Manufacturer\" \/>\n<meta property=\"article:modified_time\" content=\"2025-07-10T07:15:15+00:00\" \/>\n<meta property=\"og:image\" content=\"https:\/\/www.dillerbottle.com\/wp-content\/uploads\/2024\/09\/lovely-rabbit-ear-water-bottle-for-kid80b0e9f7-0d80-49ce-935f-4f0cfbf847a5.jpg\" \/>\n\t<meta property=\"og:image:width\" content=\"730\" \/>\n\t<meta property=\"og:image:height\" content=\"730\" \/>\n\t<meta property=\"og:image:type\" content=\"image\/jpeg\" \/>\n<meta name=\"twitter:card\" content=\"summary_large_image\" \/>\n<meta name=\"twitter:label1\" content=\"Tempo estimado de leitura\" \/>\n\t<meta name=\"twitter:data1\" content=\"6 minutos\" \/>\n<script type=\"application\/ld+json\" class=\"yoast-schema-graph\">{\"@context\":\"https:\\\/\\\/schema.org\",\"@graph\":[{\"@type\":\"WebPage\",\"@id\":\"https:\\\/\\\/www.dillerbottle.com\\\/ru\\\/%d0%bf%d1%80%d0%be%d0%b4%d1%83%d0%ba%d1%82%d1%8b\\\/%d0%bc%d0%b8%d0%bb%d0%b0%d1%8f-%d0%b1%d1%83%d1%82%d1%8b%d0%bb%d0%ba%d0%b0-%d0%b4%d0%bb%d1%8f-%d0%b2%d0%be%d0%b4%d1%8b-%d0%b2-%d1%84%d0%be%d1%80%d0%bc%d0%b5-%d0%ba%d1%80%d0%be%d0%bb%d0%b8%d1%87%d1%8c\",\"url\":\"https:\\\/\\\/www.dillerbottle.com\\\/ru\\\/%d0%bf%d1%80%d0%be%d0%b4%d1%83%d0%ba%d1%82%d1%8b\\\/%d0%bc%d0%b8%d0%bb%d0%b0%d1%8f-%d0%b1%d1%83%d1%82%d1%8b%d0%bb%d0%ba%d0%b0-%d0%b4%d0%bb%d1%8f-%d0%b2%d0%be%d0%b4%d1%8b-%d0%b2-%d1%84%d0%be%d1%80%d0%bc%d0%b5-%d0%ba%d1%80%d0%be%d0%bb%d0%b8%d1%87%d1%8c\",\"name\":\"Lovely Rabbit Ear Water Bottle For Kid - Diller Water Bottle Manufacturer\",\"isPartOf\":{\"@id\":\"https:\\\/\\\/www.dillerbottle.com\\\/#website\"},\"primaryImageOfPage\":{\"@id\":\"https:\\\/\\\/www.dillerbottle.com\\\/ru\\\/%d0%bf%d1%80%d0%be%d0%b4%d1%83%d0%ba%d1%82%d1%8b\\\/%d0%bc%d0%b8%d0%bb%d0%b0%d1%8f-%d0%b1%d1%83%d1%82%d1%8b%d0%bb%d0%ba%d0%b0-%d0%b4%d0%bb%d1%8f-%d0%b2%d0%be%d0%b4%d1%8b-%d0%b2-%d1%84%d0%be%d1%80%d0%bc%d0%b5-%d0%ba%d1%80%d0%be%d0%bb%d0%b8%d1%87%d1%8c#primaryimage\"},\"image\":{\"@id\":\"https:\\\/\\\/www.dillerbottle.com\\\/ru\\\/%d0%bf%d1%80%d0%be%d0%b4%d1%83%d0%ba%d1%82%d1%8b\\\/%d0%bc%d0%b8%d0%bb%d0%b0%d1%8f-%d0%b1%d1%83%d1%82%d1%8b%d0%bb%d0%ba%d0%b0-%d0%b4%d0%bb%d1%8f-%d0%b2%d0%be%d0%b4%d1%8b-%d0%b2-%d1%84%d0%be%d1%80%d0%bc%d0%b5-%d0%ba%d1%80%d0%be%d0%bb%d0%b8%d1%87%d1%8c#primaryimage\"},\"thumbnailUrl\":\"https:\\\/\\\/www.dillerbottle.com\\\/wp-content\\\/uploads\\\/2024\\\/09\\\/lovely-rabbit-ear-water-bottle-for-kid80b0e9f7-0d80-49ce-935f-4f0cfbf847a5.jpg\",\"datePublished\":\"2024-09-26T08:27:18+00:00\",\"dateModified\":\"2025-07-10T07:15:15+00:00\",\"description\":\"As one of the best lovely rabbit ear water bottle for kid manufacturers and suppliers, we are engaged in manufacturing good quality water bottles. We warmly welcome you to wholesale or buy custom made lovely rabbit ear water bottle for kid at competitive price from us. Also, small quantity orders are acceptable.\",\"breadcrumb\":{\"@id\":\"https:\\\/\\\/www.dillerbottle.com\\\/ru\\\/%d0%bf%d1%80%d0%be%d0%b4%d1%83%d0%ba%d1%82%d1%8b\\\/%d0%bc%d0%b8%d0%bb%d0%b0%d1%8f-%d0%b1%d1%83%d1%82%d1%8b%d0%bb%d0%ba%d0%b0-%d0%b4%d0%bb%d1%8f-%d0%b2%d0%be%d0%b4%d1%8b-%d0%b2-%d1%84%d0%be%d1%80%d0%bc%d0%b5-%d0%ba%d1%80%d0%be%d0%bb%d0%b8%d1%87%d1%8c#breadcrumb\"},\"inLanguage\":\"pt-PT\",\"potentialAction\":[{\"@type\":\"ReadAction\",\"target\":[\"https:\\\/\\\/www.dillerbottle.com\\\/ru\\\/%d0%bf%d1%80%d0%be%d0%b4%d1%83%d0%ba%d1%82%d1%8b\\\/%d0%bc%d0%b8%d0%bb%d0%b0%d1%8f-%d0%b1%d1%83%d1%82%d1%8b%d0%bb%d0%ba%d0%b0-%d0%b4%d0%bb%d1%8f-%d0%b2%d0%be%d0%b4%d1%8b-%d0%b2-%d1%84%d0%be%d1%80%d0%bc%d0%b5-%d0%ba%d1%80%d0%be%d0%bb%d0%b8%d1%87%d1%8c\"]}]},{\"@type\":\"ImageObject\",\"inLanguage\":\"pt-PT\",\"@id\":\"https:\\\/\\\/www.dillerbottle.com\\\/ru\\\/%d0%bf%d1%80%d0%be%d0%b4%d1%83%d0%ba%d1%82%d1%8b\\\/%d0%bc%d0%b8%d0%bb%d0%b0%d1%8f-%d0%b1%d1%83%d1%82%d1%8b%d0%bb%d0%ba%d0%b0-%d0%b4%d0%bb%d1%8f-%d0%b2%d0%be%d0%b4%d1%8b-%d0%b2-%d1%84%d0%be%d1%80%d0%bc%d0%b5-%d0%ba%d1%80%d0%be%d0%bb%d0%b8%d1%87%d1%8c#primaryimage\",\"url\":\"https:\\\/\\\/www.dillerbottle.com\\\/wp-content\\\/uploads\\\/2024\\\/09\\\/lovely-rabbit-ear-water-bottle-for-kid80b0e9f7-0d80-49ce-935f-4f0cfbf847a5.jpg\",\"contentUrl\":\"https:\\\/\\\/www.dillerbottle.com\\\/wp-content\\\/uploads\\\/2024\\\/09\\\/lovely-rabbit-ear-water-bottle-for-kid80b0e9f7-0d80-49ce-935f-4f0cfbf847a5.jpg\",\"width\":730,\"height\":730},{\"@type\":\"BreadcrumbList\",\"@id\":\"https:\\\/\\\/www.dillerbottle.com\\\/ru\\\/%d0%bf%d1%80%d0%be%d0%b4%d1%83%d0%ba%d1%82%d1%8b\\\/%d0%bc%d0%b8%d0%bb%d0%b0%d1%8f-%d0%b1%d1%83%d1%82%d1%8b%d0%bb%d0%ba%d0%b0-%d0%b4%d0%bb%d1%8f-%d0%b2%d0%be%d0%b4%d1%8b-%d0%b2-%d1%84%d0%be%d1%80%d0%bc%d0%b5-%d0%ba%d1%80%d0%be%d0%bb%d0%b8%d1%87%d1%8c#breadcrumb\",\"itemListElement\":[{\"@type\":\"ListItem\",\"position\":1,\"name\":\"Home\",\"item\":\"https:\\\/\\\/www.dillerbottle.com\\\/\"},{\"@type\":\"ListItem\",\"position\":2,\"name\":\"Products\",\"item\":\"https:\\\/\\\/www.dillerbottle.com\\\/shop\"},{\"@type\":\"ListItem\",\"position\":3,\"name\":\"Lovely Rabbit Ear Water Bottle For Kid\"}]},{\"@type\":\"WebSite\",\"@id\":\"https:\\\/\\\/www.dillerbottle.com\\\/#website\",\"url\":\"https:\\\/\\\/www.dillerbottle.com\\\/\",\"name\":\"Diller Water Bottle Manufacturer\",\"description\":\"Water Bottle Manufacturer\",\"publisher\":{\"@id\":\"https:\\\/\\\/www.dillerbottle.com\\\/#organization\"},\"potentialAction\":[{\"@type\":\"SearchAction\",\"target\":{\"@type\":\"EntryPoint\",\"urlTemplate\":\"https:\\\/\\\/www.dillerbottle.com\\\/?s={search_term_string}\"},\"query-input\":{\"@type\":\"PropertyValueSpecification\",\"valueRequired\":true,\"valueName\":\"search_term_string\"}}],\"inLanguage\":\"pt-PT\"},{\"@type\":\"Organization\",\"@id\":\"https:\\\/\\\/www.dillerbottle.com\\\/#organization\",\"name\":\"Diller Water Bottle Manufacturer\",\"url\":\"https:\\\/\\\/www.dillerbottle.com\\\/\",\"logo\":{\"@type\":\"ImageObject\",\"inLanguage\":\"pt-PT\",\"@id\":\"https:\\\/\\\/www.dillerbottle.com\\\/#\\\/schema\\\/logo\\\/image\\\/\",\"url\":\"https:\\\/\\\/www.dillerbottle.com\\\/wp-content\\\/uploads\\\/2024\\\/09\\\/49918bfa848dcc1e9f8b509933603ac.png\",\"contentUrl\":\"https:\\\/\\\/www.dillerbottle.com\\\/wp-content\\\/uploads\\\/2024\\\/09\\\/49918bfa848dcc1e9f8b509933603ac.png\",\"width\":988,\"height\":198,\"caption\":\"Diller Water Bottle Manufacturer\"},\"image\":{\"@id\":\"https:\\\/\\\/www.dillerbottle.com\\\/#\\\/schema\\\/logo\\\/image\\\/\"}}]}<\/script>\n<!-- \/ Yoast SEO Premium plugin. -->","yoast_head_json":{"title":"Garrafa de \u00e1gua para crian\u00e7as com orelha de coelho - Diller Fabricante de garrafas de \u00e1gua","description":"Como um dos melhores fabricantes e fornecedores de garrafa de \u00e1gua de orelha de coelho ador\u00e1vel para crian\u00e7as, estamos empenhados em fabricar garrafas de \u00e1gua de boa qualidade. Damos as boas-vindas a voc\u00ea para vender por atacado ou comprar garrafa de \u00e1gua de orelha de coelho ador\u00e1vel feita sob medida para crian\u00e7as a pre\u00e7os competitivos de n\u00f3s. Al\u00e9m disso, pedidos de pequenas quantidades s\u00e3o aceit\u00e1veis.","robots":{"index":"index","follow":"follow","max-snippet":"max-snippet:-1","max-image-preview":"max-image-preview:large","max-video-preview":"max-video-preview:-1"},"canonical":"https:\/\/www.dillerbottle.com\/pt\/produtos\/garrafa-de-agua-com-orelhas-de-coelho-para-crianca","og_locale":"pt_PT","og_type":"article","og_title":"Lovely Rabbit Ear Water Bottle For Kid","og_description":"As one of the best lovely rabbit ear water bottle for kid manufacturers and suppliers, we are engaged in manufacturing good quality water bottles. We warmly welcome you to wholesale or buy custom made lovely rabbit ear water bottle for kid at competitive price from us. Also, small quantity orders are acceptable.","og_url":"https:\/\/www.dillerbottle.com\/pt\/produtos\/garrafa-de-agua-com-orelhas-de-coelho-para-crianca","og_site_name":"Diller Water Bottle Manufacturer","article_modified_time":"2025-07-10T07:15:15+00:00","og_image":[{"width":730,"height":730,"url":"https:\/\/www.dillerbottle.com\/wp-content\/uploads\/2024\/09\/lovely-rabbit-ear-water-bottle-for-kid80b0e9f7-0d80-49ce-935f-4f0cfbf847a5.jpg","type":"image\/jpeg"}],"twitter_card":"summary_large_image","twitter_misc":{"Tempo estimado de leitura":"6 minutos"},"schema":{"@context":"https:\/\/schema.org","@graph":[{"@type":"WebPage","@id":"https:\/\/www.dillerbottle.com\/ru\/%d0%bf%d1%80%d0%be%d0%b4%d1%83%d0%ba%d1%82%d1%8b\/%d0%bc%d0%b8%d0%bb%d0%b0%d1%8f-%d0%b1%d1%83%d1%82%d1%8b%d0%bb%d0%ba%d0%b0-%d0%b4%d0%bb%d1%8f-%d0%b2%d0%be%d0%b4%d1%8b-%d0%b2-%d1%84%d0%be%d1%80%d0%bc%d0%b5-%d0%ba%d1%80%d0%be%d0%bb%d0%b8%d1%87%d1%8c","url":"https:\/\/www.dillerbottle.com\/ru\/%d0%bf%d1%80%d0%be%d0%b4%d1%83%d0%ba%d1%82%d1%8b\/%d0%bc%d0%b8%d0%bb%d0%b0%d1%8f-%d0%b1%d1%83%d1%82%d1%8b%d0%bb%d0%ba%d0%b0-%d0%b4%d0%bb%d1%8f-%d0%b2%d0%be%d0%b4%d1%8b-%d0%b2-%d1%84%d0%be%d1%80%d0%bc%d0%b5-%d0%ba%d1%80%d0%be%d0%bb%d0%b8%d1%87%d1%8c","name":"Garrafa de \u00e1gua para crian\u00e7as com orelha de coelho - Diller Fabricante de garrafas de \u00e1gua","isPartOf":{"@id":"https:\/\/www.dillerbottle.com\/#website"},"primaryImageOfPage":{"@id":"https:\/\/www.dillerbottle.com\/ru\/%d0%bf%d1%80%d0%be%d0%b4%d1%83%d0%ba%d1%82%d1%8b\/%d0%bc%d0%b8%d0%bb%d0%b0%d1%8f-%d0%b1%d1%83%d1%82%d1%8b%d0%bb%d0%ba%d0%b0-%d0%b4%d0%bb%d1%8f-%d0%b2%d0%be%d0%b4%d1%8b-%d0%b2-%d1%84%d0%be%d1%80%d0%bc%d0%b5-%d0%ba%d1%80%d0%be%d0%bb%d0%b8%d1%87%d1%8c#primaryimage"},"image":{"@id":"https:\/\/www.dillerbottle.com\/ru\/%d0%bf%d1%80%d0%be%d0%b4%d1%83%d0%ba%d1%82%d1%8b\/%d0%bc%d0%b8%d0%bb%d0%b0%d1%8f-%d0%b1%d1%83%d1%82%d1%8b%d0%bb%d0%ba%d0%b0-%d0%b4%d0%bb%d1%8f-%d0%b2%d0%be%d0%b4%d1%8b-%d0%b2-%d1%84%d0%be%d1%80%d0%bc%d0%b5-%d0%ba%d1%80%d0%be%d0%bb%d0%b8%d1%87%d1%8c#primaryimage"},"thumbnailUrl":"https:\/\/www.dillerbottle.com\/wp-content\/uploads\/2024\/09\/lovely-rabbit-ear-water-bottle-for-kid80b0e9f7-0d80-49ce-935f-4f0cfbf847a5.jpg","datePublished":"2024-09-26T08:27:18+00:00","dateModified":"2025-07-10T07:15:15+00:00","description":"Como um dos melhores fabricantes e fornecedores de garrafa de \u00e1gua de orelha de coelho ador\u00e1vel para crian\u00e7as, estamos empenhados em fabricar garrafas de \u00e1gua de boa qualidade. Damos as boas-vindas a voc\u00ea para vender por atacado ou comprar garrafa de \u00e1gua de orelha de coelho ador\u00e1vel feita sob medida para crian\u00e7as a pre\u00e7os competitivos de n\u00f3s. Al\u00e9m disso, pedidos de pequenas quantidades s\u00e3o aceit\u00e1veis.","breadcrumb":{"@id":"https:\/\/www.dillerbottle.com\/ru\/%d0%bf%d1%80%d0%be%d0%b4%d1%83%d0%ba%d1%82%d1%8b\/%d0%bc%d0%b8%d0%bb%d0%b0%d1%8f-%d0%b1%d1%83%d1%82%d1%8b%d0%bb%d0%ba%d0%b0-%d0%b4%d0%bb%d1%8f-%d0%b2%d0%be%d0%b4%d1%8b-%d0%b2-%d1%84%d0%be%d1%80%d0%bc%d0%b5-%d0%ba%d1%80%d0%be%d0%bb%d0%b8%d1%87%d1%8c#breadcrumb"},"inLanguage":"pt-PT","potentialAction":[{"@type":"ReadAction","target":["https:\/\/www.dillerbottle.com\/ru\/%d0%bf%d1%80%d0%be%d0%b4%d1%83%d0%ba%d1%82%d1%8b\/%d0%bc%d0%b8%d0%bb%d0%b0%d1%8f-%d0%b1%d1%83%d1%82%d1%8b%d0%bb%d0%ba%d0%b0-%d0%b4%d0%bb%d1%8f-%d0%b2%d0%be%d0%b4%d1%8b-%d0%b2-%d1%84%d0%be%d1%80%d0%bc%d0%b5-%d0%ba%d1%80%d0%be%d0%bb%d0%b8%d1%87%d1%8c"]}]},{"@type":"ImageObject","inLanguage":"pt-PT","@id":"https:\/\/www.dillerbottle.com\/ru\/%d0%bf%d1%80%d0%be%d0%b4%d1%83%d0%ba%d1%82%d1%8b\/%d0%bc%d0%b8%d0%bb%d0%b0%d1%8f-%d0%b1%d1%83%d1%82%d1%8b%d0%bb%d0%ba%d0%b0-%d0%b4%d0%bb%d1%8f-%d0%b2%d0%be%d0%b4%d1%8b-%d0%b2-%d1%84%d0%be%d1%80%d0%bc%d0%b5-%d0%ba%d1%80%d0%be%d0%bb%d0%b8%d1%87%d1%8c#primaryimage","url":"https:\/\/www.dillerbottle.com\/wp-content\/uploads\/2024\/09\/lovely-rabbit-ear-water-bottle-for-kid80b0e9f7-0d80-49ce-935f-4f0cfbf847a5.jpg","contentUrl":"https:\/\/www.dillerbottle.com\/wp-content\/uploads\/2024\/09\/lovely-rabbit-ear-water-bottle-for-kid80b0e9f7-0d80-49ce-935f-4f0cfbf847a5.jpg","width":730,"height":730},{"@type":"BreadcrumbList","@id":"https:\/\/www.dillerbottle.com\/ru\/%d0%bf%d1%80%d0%be%d0%b4%d1%83%d0%ba%d1%82%d1%8b\/%d0%bc%d0%b8%d0%bb%d0%b0%d1%8f-%d0%b1%d1%83%d1%82%d1%8b%d0%bb%d0%ba%d0%b0-%d0%b4%d0%bb%d1%8f-%d0%b2%d0%be%d0%b4%d1%8b-%d0%b2-%d1%84%d0%be%d1%80%d0%bc%d0%b5-%d0%ba%d1%80%d0%be%d0%bb%d0%b8%d1%87%d1%8c#breadcrumb","itemListElement":[{"@type":"ListItem","position":1,"name":"Home","item":"https:\/\/www.dillerbottle.com\/"},{"@type":"ListItem","position":2,"name":"Products","item":"https:\/\/www.dillerbottle.com\/shop"},{"@type":"ListItem","position":3,"name":"Lovely Rabbit Ear Water Bottle For Kid"}]},{"@type":"WebSite","@id":"https:\/\/www.dillerbottle.com\/#website","url":"https:\/\/www.dillerbottle.com\/","name":"Garrafa de \u00e1gua Diller Fabricante","description":"Garrafa de \u00e1gua Fabricante","publisher":{"@id":"https:\/\/www.dillerbottle.com\/#organization"},"potentialAction":[{"@type":"SearchAction","target":{"@type":"EntryPoint","urlTemplate":"https:\/\/www.dillerbottle.com\/?s={search_term_string}"},"query-input":{"@type":"PropertyValueSpecification","valueRequired":true,"valueName":"search_term_string"}}],"inLanguage":"pt-PT"},{"@type":"Organization","@id":"https:\/\/www.dillerbottle.com\/#organization","name":"Garrafa de \u00e1gua Diller Fabricante","url":"https:\/\/www.dillerbottle.com\/","logo":{"@type":"ImageObject","inLanguage":"pt-PT","@id":"https:\/\/www.dillerbottle.com\/#\/schema\/logo\/image\/","url":"https:\/\/www.dillerbottle.com\/wp-content\/uploads\/2024\/09\/49918bfa848dcc1e9f8b509933603ac.png","contentUrl":"https:\/\/www.dillerbottle.com\/wp-content\/uploads\/2024\/09\/49918bfa848dcc1e9f8b509933603ac.png","width":988,"height":198,"caption":"Diller Water Bottle Manufacturer"},"image":{"@id":"https:\/\/www.dillerbottle.com\/#\/schema\/logo\/image\/"}}]}},"_links":{"self":[{"href":"https:\/\/www.dillerbottle.com\/pt\/wp-json\/wp\/v2\/product\/3471","targetHints":{"allow":["GET"]}}],"collection":[{"href":"https:\/\/www.dillerbottle.com\/pt\/wp-json\/wp\/v2\/product"}],"about":[{"href":"https:\/\/www.dillerbottle.com\/pt\/wp-json\/wp\/v2\/types\/product"}],"replies":[{"embeddable":true,"href":"https:\/\/www.dillerbottle.com\/pt\/wp-json\/wp\/v2\/comments?post=3471"}],"wp:featuredmedia":[{"embeddable":true,"href":"https:\/\/www.dillerbottle.com\/pt\/wp-json\/wp\/v2\/media\/3472"}],"wp:attachment":[{"href":"https:\/\/www.dillerbottle.com\/pt\/wp-json\/wp\/v2\/media?parent=3471"}],"wp:term":[{"taxonomy":"product_brand","embeddable":true,"href":"https:\/\/www.dillerbottle.com\/pt\/wp-json\/wp\/v2\/product_brand?post=3471"},{"taxonomy":"product_cat","embeddable":true,"href":"https:\/\/www.dillerbottle.com\/pt\/wp-json\/wp\/v2\/product_cat?post=3471"},{"taxonomy":"product_tag","embeddable":true,"href":"https:\/\/www.dillerbottle.com\/pt\/wp-json\/wp\/v2\/product_tag?post=3471"}],"curies":[{"name":"wp","href":"https:\/\/api.w.org\/{rel}","templated":true}]}}