{"id":3560,"date":"2024-09-26T16:28:41","date_gmt":"2024-09-26T08:28:41","guid":{"rendered":"https:\/\/demo.dillerbottle.com\/uncategorized\/insulated-kids-water-bottle-with-strap"},"modified":"2025-07-10T15:14:51","modified_gmt":"2025-07-10T07:14:51","slug":"garrafa-de-agua-isolada-para-criancas-com-alca","status":"publish","type":"product","link":"https:\/\/www.dillerbottle.com\/pt\/products\/insulated-kids-water-bottle-with-strap","title":{"rendered":"Garrafa de \u00e1gua infantil isolada com al\u00e7a"},"content":{"rendered":"<p>1. Garrafa de \u00e1gua infantil isolada com al\u00e7a \u00e9 feita de a\u00e7o inoxid\u00e1vel 316 de grau m\u00e9dico com excelente resist\u00eancia \u00e0 corros\u00e3o, sem BPA, ecol\u00f3gica, n\u00e3o se quebra facilmente. O design de v\u00e1cuo de parede dupla pode manter as bebidas frias ou quentes durante mais tempo (mais de 12 horas).<\/p>\n<p>2. A garrafa de \u00e1gua isolada para crian\u00e7as vem com uma linda manga de pel\u00facia com al\u00e7a de ombro, f\u00e1cil de transportar para a escola de viagens ao ar livre.<\/p>\n<p>3. Tampa de bot\u00e3o de press\u00e3o f\u00e1cil de abrir com palhinha de silicone de qualidade alimentar. O silicone termossens\u00edvel ao lado da palha pode sentir a temperatura do l\u00edquido. Quando a temperatura est\u00e1 muito alta (acima de 50 \u2103), o silicone termossens\u00edvel fica rosa; Quando a temperatura da \u00e1gua est\u00e1 abaixo de 50 \u2103, a cor do silicone sens\u00edvel \u00e0 temperatura fica roxa, o que \u00e9 adequado para beber.<\/p>","protected":false},"excerpt":{"rendered":"<p>Esta garrafa de \u00e1gua isolada para crian\u00e7as com al\u00e7a \u00e9 feita de a\u00e7o inoxid\u00e1vel 316 de alta qualidade e material de qualidade alimentar.<br \/>\nEsta garrafa pode manter o conte\u00fado quente ou gelado por at\u00e9 6 a 12 horas.<br \/>\nA garrafa de \u00e1gua isolada para crian\u00e7as vem com uma linda capa de pel\u00facia com al\u00e7a de ombro, f\u00e1cil de transportar para a escola de viagem ao ar livre.<br \/>\nOEM e ODM aceit\u00e1veis.<br \/>\nPodemos personalizar a garrafa t\u00e9rmica de metal de acordo com suas necessidades.<br \/>\nBem-vindo \u00e0 compra por atacado, envie sua consulta agora!<\/p>","protected":false},"featured_media":3562,"comment_status":"open","ping_status":"closed","template":"","meta":{"_acf_changed":false},"product_brand":[],"product_cat":[200],"product_tag":[32,36,33,226,31,244,39,38,243,240,231,29,37,34,35,202,28,245,30],"class_list":{"0":"post-3560","1":"product","2":"type-product","3":"status-publish","4":"has-post-thumbnail","6":"product_cat-kids-water-bottles","7":"product_tag-best","8":"product_tag-bulk","9":"product_tag-buy","10":"product_tag-clear-kids-water-bottles","11":"product_tag-custom","12":"product_tag-double-wall-stainless-steel-water-bottle-for-kids","13":"product_tag-for-sale","14":"product_tag-good-quality","15":"product_tag-insulated-kids-water-bottle-with-strap","16":"product_tag-insulated-water-bottles-for-kids","17":"product_tag-kids-water-bottle-bpa-free","18":"product_tag-manufacturers","19":"product_tag-manufacturing","20":"product_tag-price","21":"product_tag-small","22":"product_tag-sport-bottle-water","23":"product_tag-suppliers","24":"product_tag-water-bottles-for-kids-school","25":"product_tag-wholesale","27":"first","28":"instock","29":"shipping-taxable","30":"product-type-simple"},"acf":[],"yoast_head":"<!-- This site is optimized with the Yoast SEO Premium plugin v27.5 (Yoast SEO v27.5) - https:\/\/yoast.com\/product\/yoast-seo-premium-wordpress\/ -->\n<title>Insulated Kids Water Bottle With Strap - Diller Water Bottle Manufacturer<\/title>\n<meta name=\"description\" content=\"As one of the best insulated kids water bottle with strap manufacturers and suppliers, we are engaged in manufacturing good quality water bottles. We warmly welcome you to wholesale or buy custom made insulated kids water bottle with strap at competitive price from us. Also, small quantity orders are acceptable.\" \/>\n<meta name=\"robots\" content=\"index, follow, max-snippet:-1, max-image-preview:large, max-video-preview:-1\" \/>\n<link rel=\"canonical\" href=\"https:\/\/www.dillerbottle.com\/pt\/produtos\/garrafa-de-agua-isolada-para-criancas-com-alca\" \/>\n<meta property=\"og:locale\" content=\"pt_PT\" \/>\n<meta property=\"og:type\" content=\"article\" \/>\n<meta property=\"og:title\" content=\"Insulated Kids Water Bottle With Strap\" \/>\n<meta property=\"og:description\" content=\"As one of the best insulated kids water bottle with strap manufacturers and suppliers, we are engaged in manufacturing good quality water bottles. We warmly welcome you to wholesale or buy custom made insulated kids water bottle with strap at competitive price from us. Also, small quantity orders are acceptable.\" \/>\n<meta property=\"og:url\" content=\"https:\/\/www.dillerbottle.com\/pt\/produtos\/garrafa-de-agua-isolada-para-criancas-com-alca\" \/>\n<meta property=\"og:site_name\" content=\"Diller Water Bottle Manufacturer\" \/>\n<meta property=\"article:modified_time\" content=\"2025-07-10T07:14:51+00:00\" \/>\n<meta property=\"og:image\" content=\"https:\/\/www.dillerbottle.com\/wp-content\/uploads\/2024\/09\/cartoon-insulated-kids-water-bottle30ca15cc-5440-4b85-aa5b-7f9a396f1a69.jpg\" \/>\n\t<meta property=\"og:image:width\" content=\"730\" \/>\n\t<meta property=\"og:image:height\" content=\"730\" \/>\n\t<meta property=\"og:image:type\" content=\"image\/jpeg\" \/>\n<meta name=\"twitter:card\" content=\"summary_large_image\" \/>\n<meta name=\"twitter:label1\" content=\"Tempo estimado de leitura\" \/>\n\t<meta name=\"twitter:data1\" content=\"5 minutos\" \/>\n<script type=\"application\/ld+json\" class=\"yoast-schema-graph\">{\"@context\":\"https:\\\/\\\/schema.org\",\"@graph\":[{\"@type\":\"WebPage\",\"@id\":\"https:\\\/\\\/www.dillerbottle.com\\\/nl\\\/producten\\\/geisoleerde-kinderwaterfles-met-riem\",\"url\":\"https:\\\/\\\/www.dillerbottle.com\\\/nl\\\/producten\\\/geisoleerde-kinderwaterfles-met-riem\",\"name\":\"Insulated Kids Water Bottle With Strap - Diller Water Bottle Manufacturer\",\"isPartOf\":{\"@id\":\"https:\\\/\\\/www.dillerbottle.com\\\/#website\"},\"primaryImageOfPage\":{\"@id\":\"https:\\\/\\\/www.dillerbottle.com\\\/nl\\\/producten\\\/geisoleerde-kinderwaterfles-met-riem#primaryimage\"},\"image\":{\"@id\":\"https:\\\/\\\/www.dillerbottle.com\\\/nl\\\/producten\\\/geisoleerde-kinderwaterfles-met-riem#primaryimage\"},\"thumbnailUrl\":\"https:\\\/\\\/www.dillerbottle.com\\\/wp-content\\\/uploads\\\/2024\\\/09\\\/cartoon-insulated-kids-water-bottle30ca15cc-5440-4b85-aa5b-7f9a396f1a69.jpg\",\"datePublished\":\"2024-09-26T08:28:41+00:00\",\"dateModified\":\"2025-07-10T07:14:51+00:00\",\"description\":\"As one of the best insulated kids water bottle with strap manufacturers and suppliers, we are engaged in manufacturing good quality water bottles. We warmly welcome you to wholesale or buy custom made insulated kids water bottle with strap at competitive price from us. Also, small quantity orders are acceptable.\",\"breadcrumb\":{\"@id\":\"https:\\\/\\\/www.dillerbottle.com\\\/nl\\\/producten\\\/geisoleerde-kinderwaterfles-met-riem#breadcrumb\"},\"inLanguage\":\"pt-PT\",\"potentialAction\":[{\"@type\":\"ReadAction\",\"target\":[\"https:\\\/\\\/www.dillerbottle.com\\\/nl\\\/producten\\\/geisoleerde-kinderwaterfles-met-riem\"]}]},{\"@type\":\"ImageObject\",\"inLanguage\":\"pt-PT\",\"@id\":\"https:\\\/\\\/www.dillerbottle.com\\\/nl\\\/producten\\\/geisoleerde-kinderwaterfles-met-riem#primaryimage\",\"url\":\"https:\\\/\\\/www.dillerbottle.com\\\/wp-content\\\/uploads\\\/2024\\\/09\\\/cartoon-insulated-kids-water-bottle30ca15cc-5440-4b85-aa5b-7f9a396f1a69.jpg\",\"contentUrl\":\"https:\\\/\\\/www.dillerbottle.com\\\/wp-content\\\/uploads\\\/2024\\\/09\\\/cartoon-insulated-kids-water-bottle30ca15cc-5440-4b85-aa5b-7f9a396f1a69.jpg\",\"width\":730,\"height\":730},{\"@type\":\"BreadcrumbList\",\"@id\":\"https:\\\/\\\/www.dillerbottle.com\\\/nl\\\/producten\\\/geisoleerde-kinderwaterfles-met-riem#breadcrumb\",\"itemListElement\":[{\"@type\":\"ListItem\",\"position\":1,\"name\":\"Home\",\"item\":\"https:\\\/\\\/www.dillerbottle.com\\\/\"},{\"@type\":\"ListItem\",\"position\":2,\"name\":\"Products\",\"item\":\"https:\\\/\\\/www.dillerbottle.com\\\/shop\"},{\"@type\":\"ListItem\",\"position\":3,\"name\":\"Insulated Kids Water Bottle With Strap\"}]},{\"@type\":\"WebSite\",\"@id\":\"https:\\\/\\\/www.dillerbottle.com\\\/#website\",\"url\":\"https:\\\/\\\/www.dillerbottle.com\\\/\",\"name\":\"Diller Water Bottle Manufacturer\",\"description\":\"Water Bottle Manufacturer\",\"publisher\":{\"@id\":\"https:\\\/\\\/www.dillerbottle.com\\\/#organization\"},\"potentialAction\":[{\"@type\":\"SearchAction\",\"target\":{\"@type\":\"EntryPoint\",\"urlTemplate\":\"https:\\\/\\\/www.dillerbottle.com\\\/?s={search_term_string}\"},\"query-input\":{\"@type\":\"PropertyValueSpecification\",\"valueRequired\":true,\"valueName\":\"search_term_string\"}}],\"inLanguage\":\"pt-PT\"},{\"@type\":\"Organization\",\"@id\":\"https:\\\/\\\/www.dillerbottle.com\\\/#organization\",\"name\":\"Diller Water Bottle Manufacturer\",\"url\":\"https:\\\/\\\/www.dillerbottle.com\\\/\",\"logo\":{\"@type\":\"ImageObject\",\"inLanguage\":\"pt-PT\",\"@id\":\"https:\\\/\\\/www.dillerbottle.com\\\/#\\\/schema\\\/logo\\\/image\\\/\",\"url\":\"https:\\\/\\\/www.dillerbottle.com\\\/wp-content\\\/uploads\\\/2024\\\/09\\\/49918bfa848dcc1e9f8b509933603ac.png\",\"contentUrl\":\"https:\\\/\\\/www.dillerbottle.com\\\/wp-content\\\/uploads\\\/2024\\\/09\\\/49918bfa848dcc1e9f8b509933603ac.png\",\"width\":988,\"height\":198,\"caption\":\"Diller Water Bottle Manufacturer\"},\"image\":{\"@id\":\"https:\\\/\\\/www.dillerbottle.com\\\/#\\\/schema\\\/logo\\\/image\\\/\"}}]}<\/script>\n<!-- \/ Yoast SEO Premium plugin. -->","yoast_head_json":{"title":"Garrafa de \u00e1gua isolada para crian\u00e7as com al\u00e7a - Garrafa de \u00e1gua Diller Fabricante","description":"Como um dos melhores fabricantes e fornecedores de garrafas de \u00e1gua isoladas para crian\u00e7as com al\u00e7a, estamos empenhados em fabricar garrafas de \u00e1gua de boa qualidade. Damos as boas-vindas a voc\u00ea para vender por atacado ou comprar garrafa de \u00e1gua infantil isolada com al\u00e7a feita sob medida a um pre\u00e7o competitivo de n\u00f3s. Al\u00e9m disso, pedidos de pequenas quantidades s\u00e3o aceit\u00e1veis.","robots":{"index":"index","follow":"follow","max-snippet":"max-snippet:-1","max-image-preview":"max-image-preview:large","max-video-preview":"max-video-preview:-1"},"canonical":"https:\/\/www.dillerbottle.com\/pt\/produtos\/garrafa-de-agua-isolada-para-criancas-com-alca","og_locale":"pt_PT","og_type":"article","og_title":"Insulated Kids Water Bottle With Strap","og_description":"As one of the best insulated kids water bottle with strap manufacturers and suppliers, we are engaged in manufacturing good quality water bottles. We warmly welcome you to wholesale or buy custom made insulated kids water bottle with strap at competitive price from us. Also, small quantity orders are acceptable.","og_url":"https:\/\/www.dillerbottle.com\/pt\/produtos\/garrafa-de-agua-isolada-para-criancas-com-alca","og_site_name":"Diller Water Bottle Manufacturer","article_modified_time":"2025-07-10T07:14:51+00:00","og_image":[{"width":730,"height":730,"url":"https:\/\/www.dillerbottle.com\/wp-content\/uploads\/2024\/09\/cartoon-insulated-kids-water-bottle30ca15cc-5440-4b85-aa5b-7f9a396f1a69.jpg","type":"image\/jpeg"}],"twitter_card":"summary_large_image","twitter_misc":{"Tempo estimado de leitura":"5 minutos"},"schema":{"@context":"https:\/\/schema.org","@graph":[{"@type":"WebPage","@id":"https:\/\/www.dillerbottle.com\/nl\/producten\/geisoleerde-kinderwaterfles-met-riem","url":"https:\/\/www.dillerbottle.com\/nl\/producten\/geisoleerde-kinderwaterfles-met-riem","name":"Garrafa de \u00e1gua isolada para crian\u00e7as com al\u00e7a - Garrafa de \u00e1gua Diller Fabricante","isPartOf":{"@id":"https:\/\/www.dillerbottle.com\/#website"},"primaryImageOfPage":{"@id":"https:\/\/www.dillerbottle.com\/nl\/producten\/geisoleerde-kinderwaterfles-met-riem#primaryimage"},"image":{"@id":"https:\/\/www.dillerbottle.com\/nl\/producten\/geisoleerde-kinderwaterfles-met-riem#primaryimage"},"thumbnailUrl":"https:\/\/www.dillerbottle.com\/wp-content\/uploads\/2024\/09\/cartoon-insulated-kids-water-bottle30ca15cc-5440-4b85-aa5b-7f9a396f1a69.jpg","datePublished":"2024-09-26T08:28:41+00:00","dateModified":"2025-07-10T07:14:51+00:00","description":"Como um dos melhores fabricantes e fornecedores de garrafas de \u00e1gua isoladas para crian\u00e7as com al\u00e7a, estamos empenhados em fabricar garrafas de \u00e1gua de boa qualidade. Damos as boas-vindas a voc\u00ea para vender por atacado ou comprar garrafa de \u00e1gua infantil isolada com al\u00e7a feita sob medida a um pre\u00e7o competitivo de n\u00f3s. Al\u00e9m disso, pedidos de pequenas quantidades s\u00e3o aceit\u00e1veis.","breadcrumb":{"@id":"https:\/\/www.dillerbottle.com\/nl\/producten\/geisoleerde-kinderwaterfles-met-riem#breadcrumb"},"inLanguage":"pt-PT","potentialAction":[{"@type":"ReadAction","target":["https:\/\/www.dillerbottle.com\/nl\/producten\/geisoleerde-kinderwaterfles-met-riem"]}]},{"@type":"ImageObject","inLanguage":"pt-PT","@id":"https:\/\/www.dillerbottle.com\/nl\/producten\/geisoleerde-kinderwaterfles-met-riem#primaryimage","url":"https:\/\/www.dillerbottle.com\/wp-content\/uploads\/2024\/09\/cartoon-insulated-kids-water-bottle30ca15cc-5440-4b85-aa5b-7f9a396f1a69.jpg","contentUrl":"https:\/\/www.dillerbottle.com\/wp-content\/uploads\/2024\/09\/cartoon-insulated-kids-water-bottle30ca15cc-5440-4b85-aa5b-7f9a396f1a69.jpg","width":730,"height":730},{"@type":"BreadcrumbList","@id":"https:\/\/www.dillerbottle.com\/nl\/producten\/geisoleerde-kinderwaterfles-met-riem#breadcrumb","itemListElement":[{"@type":"ListItem","position":1,"name":"Home","item":"https:\/\/www.dillerbottle.com\/"},{"@type":"ListItem","position":2,"name":"Products","item":"https:\/\/www.dillerbottle.com\/shop"},{"@type":"ListItem","position":3,"name":"Insulated Kids Water Bottle With Strap"}]},{"@type":"WebSite","@id":"https:\/\/www.dillerbottle.com\/#website","url":"https:\/\/www.dillerbottle.com\/","name":"Garrafa de \u00e1gua Diller Fabricante","description":"Garrafa de \u00e1gua Fabricante","publisher":{"@id":"https:\/\/www.dillerbottle.com\/#organization"},"potentialAction":[{"@type":"SearchAction","target":{"@type":"EntryPoint","urlTemplate":"https:\/\/www.dillerbottle.com\/?s={search_term_string}"},"query-input":{"@type":"PropertyValueSpecification","valueRequired":true,"valueName":"search_term_string"}}],"inLanguage":"pt-PT"},{"@type":"Organization","@id":"https:\/\/www.dillerbottle.com\/#organization","name":"Garrafa de \u00e1gua Diller Fabricante","url":"https:\/\/www.dillerbottle.com\/","logo":{"@type":"ImageObject","inLanguage":"pt-PT","@id":"https:\/\/www.dillerbottle.com\/#\/schema\/logo\/image\/","url":"https:\/\/www.dillerbottle.com\/wp-content\/uploads\/2024\/09\/49918bfa848dcc1e9f8b509933603ac.png","contentUrl":"https:\/\/www.dillerbottle.com\/wp-content\/uploads\/2024\/09\/49918bfa848dcc1e9f8b509933603ac.png","width":988,"height":198,"caption":"Diller Water Bottle Manufacturer"},"image":{"@id":"https:\/\/www.dillerbottle.com\/#\/schema\/logo\/image\/"}}]}},"_links":{"self":[{"href":"https:\/\/www.dillerbottle.com\/pt\/wp-json\/wp\/v2\/product\/3560","targetHints":{"allow":["GET"]}}],"collection":[{"href":"https:\/\/www.dillerbottle.com\/pt\/wp-json\/wp\/v2\/product"}],"about":[{"href":"https:\/\/www.dillerbottle.com\/pt\/wp-json\/wp\/v2\/types\/product"}],"replies":[{"embeddable":true,"href":"https:\/\/www.dillerbottle.com\/pt\/wp-json\/wp\/v2\/comments?post=3560"}],"wp:featuredmedia":[{"embeddable":true,"href":"https:\/\/www.dillerbottle.com\/pt\/wp-json\/wp\/v2\/media\/3562"}],"wp:attachment":[{"href":"https:\/\/www.dillerbottle.com\/pt\/wp-json\/wp\/v2\/media?parent=3560"}],"wp:term":[{"taxonomy":"product_brand","embeddable":true,"href":"https:\/\/www.dillerbottle.com\/pt\/wp-json\/wp\/v2\/product_brand?post=3560"},{"taxonomy":"product_cat","embeddable":true,"href":"https:\/\/www.dillerbottle.com\/pt\/wp-json\/wp\/v2\/product_cat?post=3560"},{"taxonomy":"product_tag","embeddable":true,"href":"https:\/\/www.dillerbottle.com\/pt\/wp-json\/wp\/v2\/product_tag?post=3560"}],"curies":[{"name":"wp","href":"https:\/\/api.w.org\/{rel}","templated":true}]}}