{"id":3870,"date":"2024-09-26T16:32:38","date_gmt":"2024-09-26T08:32:38","guid":{"rendered":"https:\/\/demo.dillerbottle.com\/uncategorized\/kids-drink-bottles"},"modified":"2025-07-10T15:09:48","modified_gmt":"2025-07-10T07:09:48","slug":"criancas-bebem-garrafas","status":"publish","type":"product","link":"https:\/\/www.dillerbottle.com\/pt\/products\/kids-drink-bottles","title":{"rendered":"Garrafas de bebida para crian\u00e7as"},"content":{"rendered":"<p>Descri\u00e7\u00e3o do produto:<br \/>\n1. 100% Sem BPA e sem ftalatos, feito de material n\u00e3o t\u00f3xico, para que voc\u00ea e seus filhos possam desfrutar de \u00e1gua pot\u00e1vel sem qualquer cheiro ou gosto de pl\u00e1stico. Perfeito para atividades ao ar livre, em sala de aula ou uso em casa, para que voc\u00ea se mantenha hidratado e saud\u00e1vel.<\/p>\n<p>2. Tampa flip de um clipe, f\u00e1cil de abrir e fechar para crian\u00e7as de todas as idades. Tampa \u00e0 prova de vazamentos, garante que voc\u00ea n\u00e3o precise mais se preocupar com derramamentos sujos. A garrafa \u00e9 extremamente leve para que voc\u00ea possa carreg\u00e1-la facilmente pela al\u00e7a ou apenas agarrando-a.<span style=\"font-family: arial, helvetica, sans-serif;\"><br \/>\n3. As garrafas de bebida para crian\u00e7as s\u00e3o f\u00e1ceis de enxaguar para limpar, para que voc\u00ea possa garantir que elas sejam sempre higi\u00eanicas e seguras para seus filhos beberem. Todas as pe\u00e7as podem ser removidas separadamente com facilidade.<\/span><\/p>","protected":false},"excerpt":{"rendered":"<p>Se voc\u00ea est\u00e1 procurando garrafas de bebida infantil de alta qualidade que voc\u00ea pode personalizar, n\u00f3s temos o que voc\u00ea precisa.<br \/>\nCom uma variedade de cores e padr\u00f5es para escolher, al\u00e9m da op\u00e7\u00e3o de adicionar seu pr\u00f3prio logotipo ou design, facilitamos a cria\u00e7\u00e3o de uma garrafa de bebida infantil perfeita para voc\u00ea.<br \/>\nE se voc\u00ea precisar de um pedido grande, oferecemos pre\u00e7os de atacado para torn\u00e1-lo mais acess\u00edvel.<br \/>\nNossas garrafas infantis s\u00e3o 100%, livres de BPA e ftalatos, feitas de material n\u00e3o t\u00f3xico, para que voc\u00ea e seus filhos possam desfrutar de \u00e1gua pot\u00e1vel sem qualquer cheiro ou gosto de pl\u00e1stico.<\/p>","protected":false},"featured_media":3871,"comment_status":"open","ping_status":"closed","template":"","meta":{"_acf_changed":false},"product_brand":[],"product_cat":[200],"product_tag":[258,32,36,33,31,39,38,271,248,255,231,29,37,34,35,202,28,205,30],"class_list":{"0":"post-3870","1":"product","2":"type-product","3":"status-publish","4":"has-post-thumbnail","6":"product_cat-kids-water-bottles","7":"product_tag-5-gallon-water-bottle","8":"product_tag-best","9":"product_tag-bulk","10":"product_tag-buy","11":"product_tag-custom","12":"product_tag-for-sale","13":"product_tag-good-quality","14":"product_tag-kids-drink-bottles","15":"product_tag-kids-insulated-water-bottle","16":"product_tag-kids-sublimation-water-bottle","17":"product_tag-kids-water-bottle-bpa-free","18":"product_tag-manufacturers","19":"product_tag-manufacturing","20":"product_tag-price","21":"product_tag-small","22":"product_tag-sport-bottle-water","23":"product_tag-suppliers","24":"product_tag-vacuum-stainless-steel-water-bottles-with-handle","25":"product_tag-wholesale","27":"first","28":"instock","29":"shipping-taxable","30":"product-type-simple"},"acf":[],"yoast_head":"<!-- This site is optimized with the Yoast SEO Premium plugin v27.5 (Yoast SEO v27.5) - https:\/\/yoast.com\/product\/yoast-seo-premium-wordpress\/ -->\n<title>Kids Drink Bottles - Diller Water Bottle Manufacturer<\/title>\n<meta name=\"description\" content=\"As one of the best kids drink bottles manufacturers and suppliers, we are engaged in manufacturing good quality water bottles. We warmly welcome you to wholesale or buy custom made kids drink bottles at competitive price from us. Also, small quantity orders are acceptable.\" \/>\n<meta name=\"robots\" content=\"index, follow, max-snippet:-1, max-image-preview:large, max-video-preview:-1\" \/>\n<link rel=\"canonical\" href=\"https:\/\/www.dillerbottle.com\/pt\/produtos\/criancas-bebem-garrafas\" \/>\n<meta property=\"og:locale\" content=\"pt_PT\" \/>\n<meta property=\"og:type\" content=\"article\" \/>\n<meta property=\"og:title\" content=\"Kids Drink Bottles\" \/>\n<meta property=\"og:description\" content=\"As one of the best kids drink bottles manufacturers and suppliers, we are engaged in manufacturing good quality water bottles. We warmly welcome you to wholesale or buy custom made kids drink bottles at competitive price from us. Also, small quantity orders are acceptable.\" \/>\n<meta property=\"og:url\" content=\"https:\/\/www.dillerbottle.com\/pt\/produtos\/criancas-bebem-garrafas\" \/>\n<meta property=\"og:site_name\" content=\"Diller Water Bottle Manufacturer\" \/>\n<meta property=\"article:modified_time\" content=\"2025-07-10T07:09:48+00:00\" \/>\n<meta property=\"og:image\" content=\"https:\/\/www.dillerbottle.com\/wp-content\/uploads\/2024\/09\/kids-drink-bottles36214158375.jpg\" \/>\n\t<meta property=\"og:image:width\" content=\"730\" \/>\n\t<meta property=\"og:image:height\" content=\"730\" \/>\n\t<meta property=\"og:image:type\" content=\"image\/jpeg\" \/>\n<meta name=\"twitter:card\" content=\"summary_large_image\" \/>\n<meta name=\"twitter:label1\" content=\"Tempo estimado de leitura\" \/>\n\t<meta name=\"twitter:data1\" content=\"2 minutos\" \/>\n<script type=\"application\/ld+json\" class=\"yoast-schema-graph\">{\"@context\":\"https:\\\/\\\/schema.org\",\"@graph\":[{\"@type\":\"WebPage\",\"@id\":\"https:\\\/\\\/www.dillerbottle.com\\\/ko\\\/%ec%a0%9c%ed%92%88\\\/%ec%95%84%ec%9d%b4%eb%93%a4%ec%9d%80-%eb%b3%91%ec%97%90-%eb%ac%bc%ec%9d%84-%eb%a7%88%ec%8b%a0%eb%8b%a4\",\"url\":\"https:\\\/\\\/www.dillerbottle.com\\\/ko\\\/%ec%a0%9c%ed%92%88\\\/%ec%95%84%ec%9d%b4%eb%93%a4%ec%9d%80-%eb%b3%91%ec%97%90-%eb%ac%bc%ec%9d%84-%eb%a7%88%ec%8b%a0%eb%8b%a4\",\"name\":\"Kids Drink Bottles - Diller Water Bottle Manufacturer\",\"isPartOf\":{\"@id\":\"https:\\\/\\\/www.dillerbottle.com\\\/#website\"},\"primaryImageOfPage\":{\"@id\":\"https:\\\/\\\/www.dillerbottle.com\\\/ko\\\/%ec%a0%9c%ed%92%88\\\/%ec%95%84%ec%9d%b4%eb%93%a4%ec%9d%80-%eb%b3%91%ec%97%90-%eb%ac%bc%ec%9d%84-%eb%a7%88%ec%8b%a0%eb%8b%a4#primaryimage\"},\"image\":{\"@id\":\"https:\\\/\\\/www.dillerbottle.com\\\/ko\\\/%ec%a0%9c%ed%92%88\\\/%ec%95%84%ec%9d%b4%eb%93%a4%ec%9d%80-%eb%b3%91%ec%97%90-%eb%ac%bc%ec%9d%84-%eb%a7%88%ec%8b%a0%eb%8b%a4#primaryimage\"},\"thumbnailUrl\":\"https:\\\/\\\/www.dillerbottle.com\\\/wp-content\\\/uploads\\\/2024\\\/09\\\/kids-drink-bottles36214158375.jpg\",\"datePublished\":\"2024-09-26T08:32:38+00:00\",\"dateModified\":\"2025-07-10T07:09:48+00:00\",\"description\":\"As one of the best kids drink bottles manufacturers and suppliers, we are engaged in manufacturing good quality water bottles. We warmly welcome you to wholesale or buy custom made kids drink bottles at competitive price from us. Also, small quantity orders are acceptable.\",\"breadcrumb\":{\"@id\":\"https:\\\/\\\/www.dillerbottle.com\\\/ko\\\/%ec%a0%9c%ed%92%88\\\/%ec%95%84%ec%9d%b4%eb%93%a4%ec%9d%80-%eb%b3%91%ec%97%90-%eb%ac%bc%ec%9d%84-%eb%a7%88%ec%8b%a0%eb%8b%a4#breadcrumb\"},\"inLanguage\":\"pt-PT\",\"potentialAction\":[{\"@type\":\"ReadAction\",\"target\":[\"https:\\\/\\\/www.dillerbottle.com\\\/ko\\\/%ec%a0%9c%ed%92%88\\\/%ec%95%84%ec%9d%b4%eb%93%a4%ec%9d%80-%eb%b3%91%ec%97%90-%eb%ac%bc%ec%9d%84-%eb%a7%88%ec%8b%a0%eb%8b%a4\"]}]},{\"@type\":\"ImageObject\",\"inLanguage\":\"pt-PT\",\"@id\":\"https:\\\/\\\/www.dillerbottle.com\\\/ko\\\/%ec%a0%9c%ed%92%88\\\/%ec%95%84%ec%9d%b4%eb%93%a4%ec%9d%80-%eb%b3%91%ec%97%90-%eb%ac%bc%ec%9d%84-%eb%a7%88%ec%8b%a0%eb%8b%a4#primaryimage\",\"url\":\"https:\\\/\\\/www.dillerbottle.com\\\/wp-content\\\/uploads\\\/2024\\\/09\\\/kids-drink-bottles36214158375.jpg\",\"contentUrl\":\"https:\\\/\\\/www.dillerbottle.com\\\/wp-content\\\/uploads\\\/2024\\\/09\\\/kids-drink-bottles36214158375.jpg\",\"width\":730,\"height\":730},{\"@type\":\"BreadcrumbList\",\"@id\":\"https:\\\/\\\/www.dillerbottle.com\\\/ko\\\/%ec%a0%9c%ed%92%88\\\/%ec%95%84%ec%9d%b4%eb%93%a4%ec%9d%80-%eb%b3%91%ec%97%90-%eb%ac%bc%ec%9d%84-%eb%a7%88%ec%8b%a0%eb%8b%a4#breadcrumb\",\"itemListElement\":[{\"@type\":\"ListItem\",\"position\":1,\"name\":\"Home\",\"item\":\"https:\\\/\\\/www.dillerbottle.com\\\/\"},{\"@type\":\"ListItem\",\"position\":2,\"name\":\"Products\",\"item\":\"https:\\\/\\\/www.dillerbottle.com\\\/shop\"},{\"@type\":\"ListItem\",\"position\":3,\"name\":\"Kids Drink Bottles\"}]},{\"@type\":\"WebSite\",\"@id\":\"https:\\\/\\\/www.dillerbottle.com\\\/#website\",\"url\":\"https:\\\/\\\/www.dillerbottle.com\\\/\",\"name\":\"Diller Water Bottle Manufacturer\",\"description\":\"Water Bottle Manufacturer\",\"publisher\":{\"@id\":\"https:\\\/\\\/www.dillerbottle.com\\\/#organization\"},\"potentialAction\":[{\"@type\":\"SearchAction\",\"target\":{\"@type\":\"EntryPoint\",\"urlTemplate\":\"https:\\\/\\\/www.dillerbottle.com\\\/?s={search_term_string}\"},\"query-input\":{\"@type\":\"PropertyValueSpecification\",\"valueRequired\":true,\"valueName\":\"search_term_string\"}}],\"inLanguage\":\"pt-PT\"},{\"@type\":\"Organization\",\"@id\":\"https:\\\/\\\/www.dillerbottle.com\\\/#organization\",\"name\":\"Diller Water Bottle Manufacturer\",\"url\":\"https:\\\/\\\/www.dillerbottle.com\\\/\",\"logo\":{\"@type\":\"ImageObject\",\"inLanguage\":\"pt-PT\",\"@id\":\"https:\\\/\\\/www.dillerbottle.com\\\/#\\\/schema\\\/logo\\\/image\\\/\",\"url\":\"https:\\\/\\\/www.dillerbottle.com\\\/wp-content\\\/uploads\\\/2024\\\/09\\\/49918bfa848dcc1e9f8b509933603ac.png\",\"contentUrl\":\"https:\\\/\\\/www.dillerbottle.com\\\/wp-content\\\/uploads\\\/2024\\\/09\\\/49918bfa848dcc1e9f8b509933603ac.png\",\"width\":988,\"height\":198,\"caption\":\"Diller Water Bottle Manufacturer\"},\"image\":{\"@id\":\"https:\\\/\\\/www.dillerbottle.com\\\/#\\\/schema\\\/logo\\\/image\\\/\"}}]}<\/script>\n<!-- \/ Yoast SEO Premium plugin. -->","yoast_head_json":{"title":"Garrafas para bebidas infantis - Fabricante de garrafas de \u00e1gua Diller","description":"Como um dos melhores fabricantes e fornecedores de garrafas de bebida para crian\u00e7as, estamos engajados na fabrica\u00e7\u00e3o de garrafas de \u00e1gua de boa qualidade. N\u00f3s calorosamente convidamos voc\u00ea a vender no atacado ou comprar garrafas de bebida para crian\u00e7as personalizadas a pre\u00e7os competitivos conosco. Al\u00e9m disso, pedidos de pequenas quantidades s\u00e3o aceit\u00e1veis.","robots":{"index":"index","follow":"follow","max-snippet":"max-snippet:-1","max-image-preview":"max-image-preview:large","max-video-preview":"max-video-preview:-1"},"canonical":"https:\/\/www.dillerbottle.com\/pt\/produtos\/criancas-bebem-garrafas","og_locale":"pt_PT","og_type":"article","og_title":"Kids Drink Bottles","og_description":"As one of the best kids drink bottles manufacturers and suppliers, we are engaged in manufacturing good quality water bottles. We warmly welcome you to wholesale or buy custom made kids drink bottles at competitive price from us. Also, small quantity orders are acceptable.","og_url":"https:\/\/www.dillerbottle.com\/pt\/produtos\/criancas-bebem-garrafas","og_site_name":"Diller Water Bottle Manufacturer","article_modified_time":"2025-07-10T07:09:48+00:00","og_image":[{"width":730,"height":730,"url":"https:\/\/www.dillerbottle.com\/wp-content\/uploads\/2024\/09\/kids-drink-bottles36214158375.jpg","type":"image\/jpeg"}],"twitter_card":"summary_large_image","twitter_misc":{"Tempo estimado de leitura":"2 minutos"},"schema":{"@context":"https:\/\/schema.org","@graph":[{"@type":"WebPage","@id":"https:\/\/www.dillerbottle.com\/ko\/%ec%a0%9c%ed%92%88\/%ec%95%84%ec%9d%b4%eb%93%a4%ec%9d%80-%eb%b3%91%ec%97%90-%eb%ac%bc%ec%9d%84-%eb%a7%88%ec%8b%a0%eb%8b%a4","url":"https:\/\/www.dillerbottle.com\/ko\/%ec%a0%9c%ed%92%88\/%ec%95%84%ec%9d%b4%eb%93%a4%ec%9d%80-%eb%b3%91%ec%97%90-%eb%ac%bc%ec%9d%84-%eb%a7%88%ec%8b%a0%eb%8b%a4","name":"Garrafas para bebidas infantis - Fabricante de garrafas de \u00e1gua Diller","isPartOf":{"@id":"https:\/\/www.dillerbottle.com\/#website"},"primaryImageOfPage":{"@id":"https:\/\/www.dillerbottle.com\/ko\/%ec%a0%9c%ed%92%88\/%ec%95%84%ec%9d%b4%eb%93%a4%ec%9d%80-%eb%b3%91%ec%97%90-%eb%ac%bc%ec%9d%84-%eb%a7%88%ec%8b%a0%eb%8b%a4#primaryimage"},"image":{"@id":"https:\/\/www.dillerbottle.com\/ko\/%ec%a0%9c%ed%92%88\/%ec%95%84%ec%9d%b4%eb%93%a4%ec%9d%80-%eb%b3%91%ec%97%90-%eb%ac%bc%ec%9d%84-%eb%a7%88%ec%8b%a0%eb%8b%a4#primaryimage"},"thumbnailUrl":"https:\/\/www.dillerbottle.com\/wp-content\/uploads\/2024\/09\/kids-drink-bottles36214158375.jpg","datePublished":"2024-09-26T08:32:38+00:00","dateModified":"2025-07-10T07:09:48+00:00","description":"Como um dos melhores fabricantes e fornecedores de garrafas de bebida para crian\u00e7as, estamos engajados na fabrica\u00e7\u00e3o de garrafas de \u00e1gua de boa qualidade. N\u00f3s calorosamente convidamos voc\u00ea a vender no atacado ou comprar garrafas de bebida para crian\u00e7as personalizadas a pre\u00e7os competitivos conosco. Al\u00e9m disso, pedidos de pequenas quantidades s\u00e3o aceit\u00e1veis.","breadcrumb":{"@id":"https:\/\/www.dillerbottle.com\/ko\/%ec%a0%9c%ed%92%88\/%ec%95%84%ec%9d%b4%eb%93%a4%ec%9d%80-%eb%b3%91%ec%97%90-%eb%ac%bc%ec%9d%84-%eb%a7%88%ec%8b%a0%eb%8b%a4#breadcrumb"},"inLanguage":"pt-PT","potentialAction":[{"@type":"ReadAction","target":["https:\/\/www.dillerbottle.com\/ko\/%ec%a0%9c%ed%92%88\/%ec%95%84%ec%9d%b4%eb%93%a4%ec%9d%80-%eb%b3%91%ec%97%90-%eb%ac%bc%ec%9d%84-%eb%a7%88%ec%8b%a0%eb%8b%a4"]}]},{"@type":"ImageObject","inLanguage":"pt-PT","@id":"https:\/\/www.dillerbottle.com\/ko\/%ec%a0%9c%ed%92%88\/%ec%95%84%ec%9d%b4%eb%93%a4%ec%9d%80-%eb%b3%91%ec%97%90-%eb%ac%bc%ec%9d%84-%eb%a7%88%ec%8b%a0%eb%8b%a4#primaryimage","url":"https:\/\/www.dillerbottle.com\/wp-content\/uploads\/2024\/09\/kids-drink-bottles36214158375.jpg","contentUrl":"https:\/\/www.dillerbottle.com\/wp-content\/uploads\/2024\/09\/kids-drink-bottles36214158375.jpg","width":730,"height":730},{"@type":"BreadcrumbList","@id":"https:\/\/www.dillerbottle.com\/ko\/%ec%a0%9c%ed%92%88\/%ec%95%84%ec%9d%b4%eb%93%a4%ec%9d%80-%eb%b3%91%ec%97%90-%eb%ac%bc%ec%9d%84-%eb%a7%88%ec%8b%a0%eb%8b%a4#breadcrumb","itemListElement":[{"@type":"ListItem","position":1,"name":"Home","item":"https:\/\/www.dillerbottle.com\/"},{"@type":"ListItem","position":2,"name":"Products","item":"https:\/\/www.dillerbottle.com\/shop"},{"@type":"ListItem","position":3,"name":"Kids Drink Bottles"}]},{"@type":"WebSite","@id":"https:\/\/www.dillerbottle.com\/#website","url":"https:\/\/www.dillerbottle.com\/","name":"Garrafa de \u00e1gua Diller Fabricante","description":"Garrafa de \u00e1gua Fabricante","publisher":{"@id":"https:\/\/www.dillerbottle.com\/#organization"},"potentialAction":[{"@type":"SearchAction","target":{"@type":"EntryPoint","urlTemplate":"https:\/\/www.dillerbottle.com\/?s={search_term_string}"},"query-input":{"@type":"PropertyValueSpecification","valueRequired":true,"valueName":"search_term_string"}}],"inLanguage":"pt-PT"},{"@type":"Organization","@id":"https:\/\/www.dillerbottle.com\/#organization","name":"Garrafa de \u00e1gua Diller Fabricante","url":"https:\/\/www.dillerbottle.com\/","logo":{"@type":"ImageObject","inLanguage":"pt-PT","@id":"https:\/\/www.dillerbottle.com\/#\/schema\/logo\/image\/","url":"https:\/\/www.dillerbottle.com\/wp-content\/uploads\/2024\/09\/49918bfa848dcc1e9f8b509933603ac.png","contentUrl":"https:\/\/www.dillerbottle.com\/wp-content\/uploads\/2024\/09\/49918bfa848dcc1e9f8b509933603ac.png","width":988,"height":198,"caption":"Diller Water Bottle Manufacturer"},"image":{"@id":"https:\/\/www.dillerbottle.com\/#\/schema\/logo\/image\/"}}]}},"_links":{"self":[{"href":"https:\/\/www.dillerbottle.com\/pt\/wp-json\/wp\/v2\/product\/3870","targetHints":{"allow":["GET"]}}],"collection":[{"href":"https:\/\/www.dillerbottle.com\/pt\/wp-json\/wp\/v2\/product"}],"about":[{"href":"https:\/\/www.dillerbottle.com\/pt\/wp-json\/wp\/v2\/types\/product"}],"replies":[{"embeddable":true,"href":"https:\/\/www.dillerbottle.com\/pt\/wp-json\/wp\/v2\/comments?post=3870"}],"wp:featuredmedia":[{"embeddable":true,"href":"https:\/\/www.dillerbottle.com\/pt\/wp-json\/wp\/v2\/media\/3871"}],"wp:attachment":[{"href":"https:\/\/www.dillerbottle.com\/pt\/wp-json\/wp\/v2\/media?parent=3870"}],"wp:term":[{"taxonomy":"product_brand","embeddable":true,"href":"https:\/\/www.dillerbottle.com\/pt\/wp-json\/wp\/v2\/product_brand?post=3870"},{"taxonomy":"product_cat","embeddable":true,"href":"https:\/\/www.dillerbottle.com\/pt\/wp-json\/wp\/v2\/product_cat?post=3870"},{"taxonomy":"product_tag","embeddable":true,"href":"https:\/\/www.dillerbottle.com\/pt\/wp-json\/wp\/v2\/product_tag?post=3870"}],"curies":[{"name":"wp","href":"https:\/\/api.w.org\/{rel}","templated":true}]}}